{"id":24027,"date":"2023-03-27T06:10:06","date_gmt":"2023-03-27T06:10:06","guid":{"rendered":"https:\/\/talenti.si\/uncategorized\/janod-stamps-unicorn\/"},"modified":"2023-06-23T08:48:45","modified_gmt":"2023-06-23T08:48:45","slug":"janod-stamps-unicorn","status":"publish","type":"product","link":"https:\/\/talenti.si\/en\/miscellaneous\/creating-and-exploring\/janod-stamps-unicorn\/","title":{"rendered":"Janod stamps Unicorn"},"content":{"rendered":"<p>For early creativity of your little ones, there are larger foam stamps available, perfectly adapted to small hands with their ergonomic shape. This activity is ideal for developing fine motor skills and imagination from early childhood.<\/p>\n<p><span style=\"line-height: 14px;\"><strong>Features<\/strong>:<\/span><\/p>\n<ul>\n<li>Contains: <strong>5<\/strong> stamps + black ink pad<\/li>\n<li><span style=\"line-height: 14px;\">Dimensions: <strong>20<\/strong> x <strong>6<\/strong> x <strong>14<\/strong> cm<\/span><\/li>\n<li><span style=\"line-height: 14px;\">Materials &#8211; <strong>foam<\/strong><\/span><\/li>\n<li><span style=\"line-height: 14px;\">Recommended age: <b>18+ months<\/b><\/span><\/li>\n<\/ul>\n<p><strong style=\"font-size: 10px;\">WARNING!<\/strong><span style=\"font-size: 10px;\"> Before handing the item to the child, remove all packaging parts. Save this information for future reference.<\/span><\/p>\n<p><span style=\"color: #413a3b; font-family: Futura, Arial, sans-serif; font-size: 0px; background-color: #f8f1f1;\"> <\/span><\/p>\n","protected":false},"excerpt":{"rendered":"<p>For early creativity of your little ones, there are larger foam stamps available, perfectly adapted to small hands with their ergonomic shape. This activity is ideal for developing fine motor skills and imagination from early childhood. Features: Contains: 5 stamps + black ink pad Dimensions: 20 x 6 x 14 cm Materials &#8211; foam Recommended [&hellip;]<\/p>\n","protected":false},"featured_media":22935,"comment_status":"open","ping_status":"closed","template":"","meta":{"_acf_changed":false},"pwb-brand":[2074],"product_brand":[],"product_cat":[1761],"product_tag":[2232,2319,2186,2320],"class_list":{"0":"post-24027","1":"product","2":"type-product","3":"status-publish","4":"has-post-thumbnail","6":"pwb-brand-janod-en","7":"product_cat-creating-and-exploring","8":"product_tag-creation","9":"product_tag-creative-toys","10":"product_tag-janod-en","11":"product_tag-stampino","13":"first","14":"instock","15":"taxable","16":"shipping-taxable","17":"purchasable","18":"product-type-simple"},"acf":[],"yoast_head":"<!-- This site is optimized with the Yoast SEO plugin v25.8 - https:\/\/yoast.com\/wordpress\/plugins\/seo\/ -->\n<title>Janod stamps Unicorn - Talenti.si<\/title>\n<meta name=\"description\" content=\"Wonderful creative stamp set! For early creativity of your little ones, there are larger foam stamps available, perfectly adapted to small hands with their ergonomic shape. This activity is ideal for developing fine motor skills and imagination from early childhood.\" \/>\n<meta name=\"robots\" content=\"index, follow, max-snippet:-1, max-image-preview:large, max-video-preview:-1\" \/>\n<link rel=\"canonical\" href=\"https:\/\/talenti.si\/en\/miscellaneous\/creating-and-exploring\/janod-stamps-unicorn\/\" \/>\n<meta property=\"og:locale\" content=\"en_US\" \/>\n<meta property=\"og:type\" content=\"article\" \/>\n<meta property=\"og:title\" content=\"Janod stamps Unicorn - Talenti.si\" \/>\n<meta property=\"og:description\" content=\"Wonderful creative stamp set! For early creativity of your little ones, there are larger foam stamps available, perfectly adapted to small hands with their ergonomic shape. This activity is ideal for developing fine motor skills and imagination from early childhood.\" \/>\n<meta property=\"og:url\" content=\"https:\/\/talenti.si\/en\/miscellaneous\/creating-and-exploring\/janod-stamps-unicorn\/\" \/>\n<meta property=\"og:site_name\" content=\"Talenti.si\" \/>\n<meta property=\"article:modified_time\" content=\"2023-06-23T08:48:45+00:00\" \/>\n<meta property=\"og:image\" content=\"https:\/\/talenti.si\/wp-content\/uploads\/2023\/03\/J07722-stampiljke.jpg\" \/>\n\t<meta property=\"og:image:width\" content=\"1000\" \/>\n\t<meta property=\"og:image:height\" content=\"1000\" \/>\n\t<meta property=\"og:image:type\" content=\"image\/jpeg\" \/>\n<meta name=\"twitter:card\" content=\"summary_large_image\" \/>\n<script type=\"application\/ld+json\" class=\"yoast-schema-graph\">{\"@context\":\"https:\/\/schema.org\",\"@graph\":[{\"@type\":\"WebPage\",\"@id\":\"https:\/\/talenti.si\/en\/miscellaneous\/creating-and-exploring\/janod-stamps-unicorn\/\",\"url\":\"https:\/\/talenti.si\/en\/miscellaneous\/creating-and-exploring\/janod-stamps-unicorn\/\",\"name\":\"Janod stamps Unicorn - Talenti.si\",\"isPartOf\":{\"@id\":\"https:\/\/talenti.si\/en\/#website\"},\"primaryImageOfPage\":{\"@id\":\"https:\/\/talenti.si\/en\/miscellaneous\/creating-and-exploring\/janod-stamps-unicorn\/#primaryimage\"},\"image\":{\"@id\":\"https:\/\/talenti.si\/en\/miscellaneous\/creating-and-exploring\/janod-stamps-unicorn\/#primaryimage\"},\"thumbnailUrl\":\"https:\/\/talenti.si\/wp-content\/uploads\/2023\/03\/J07722-stampiljke.jpg\",\"datePublished\":\"2023-03-27T06:10:06+00:00\",\"dateModified\":\"2023-06-23T08:48:45+00:00\",\"description\":\"Wonderful creative stamp set! For early creativity of your little ones, there are larger foam stamps available, perfectly adapted to small hands with their ergonomic shape. This activity is ideal for developing fine motor skills and imagination from early childhood.\",\"breadcrumb\":{\"@id\":\"https:\/\/talenti.si\/en\/miscellaneous\/creating-and-exploring\/janod-stamps-unicorn\/#breadcrumb\"},\"inLanguage\":\"en-US\",\"potentialAction\":[{\"@type\":\"ReadAction\",\"target\":[\"https:\/\/talenti.si\/en\/miscellaneous\/creating-and-exploring\/janod-stamps-unicorn\/\"]}]},{\"@type\":\"ImageObject\",\"inLanguage\":\"en-US\",\"@id\":\"https:\/\/talenti.si\/en\/miscellaneous\/creating-and-exploring\/janod-stamps-unicorn\/#primaryimage\",\"url\":\"https:\/\/talenti.si\/wp-content\/uploads\/2023\/03\/J07722-stampiljke.jpg\",\"contentUrl\":\"https:\/\/talenti.si\/wp-content\/uploads\/2023\/03\/J07722-stampiljke.jpg\",\"width\":1000,\"height\":1000},{\"@type\":\"BreadcrumbList\",\"@id\":\"https:\/\/talenti.si\/en\/miscellaneous\/creating-and-exploring\/janod-stamps-unicorn\/#breadcrumb\",\"itemListElement\":[{\"@type\":\"ListItem\",\"position\":1,\"name\":\"Home\",\"item\":\"https:\/\/talenti.si\/en\/\"},{\"@type\":\"ListItem\",\"position\":2,\"name\":\"Shop\",\"item\":\"https:\/\/talenti.si\/en\/shop\/\"},{\"@type\":\"ListItem\",\"position\":3,\"name\":\"Janod stamps Unicorn\"}]},{\"@type\":\"WebSite\",\"@id\":\"https:\/\/talenti.si\/en\/#website\",\"url\":\"https:\/\/talenti.si\/en\/\",\"name\":\"Talenti.si\",\"description\":\"Spletna trgovina za vse \u017eonglerje in podobne talente. Vse za \u017eongliranje, yoyo, frizbi, bumerang, kite... in \u0161e in \u0161e.\",\"publisher\":{\"@id\":\"https:\/\/talenti.si\/en\/#organization\"},\"potentialAction\":[{\"@type\":\"SearchAction\",\"target\":{\"@type\":\"EntryPoint\",\"urlTemplate\":\"https:\/\/talenti.si\/en\/?s={search_term_string}\"},\"query-input\":{\"@type\":\"PropertyValueSpecification\",\"valueRequired\":true,\"valueName\":\"search_term_string\"}}],\"inLanguage\":\"en-US\"},{\"@type\":\"Organization\",\"@id\":\"https:\/\/talenti.si\/en\/#organization\",\"name\":\"Talenti.si\",\"url\":\"https:\/\/talenti.si\/en\/\",\"logo\":{\"@type\":\"ImageObject\",\"inLanguage\":\"en-US\",\"@id\":\"https:\/\/talenti.si\/en\/#\/schema\/logo\/image\/\",\"url\":\"https:\/\/talenti.si\/wp-content\/uploads\/2021\/12\/logo-talent-pravi-dark.png\",\"contentUrl\":\"https:\/\/talenti.si\/wp-content\/uploads\/2021\/12\/logo-talent-pravi-dark.png\",\"width\":145,\"height\":83,\"caption\":\"Talenti.si\"},\"image\":{\"@id\":\"https:\/\/talenti.si\/en\/#\/schema\/logo\/image\/\"}}]}<\/script>\n<!-- \/ Yoast SEO plugin. -->","yoast_head_json":{"title":"Janod stamps Unicorn - Talenti.si","description":"Wonderful creative stamp set! For early creativity of your little ones, there are larger foam stamps available, perfectly adapted to small hands with their ergonomic shape. This activity is ideal for developing fine motor skills and imagination from early childhood.","robots":{"index":"index","follow":"follow","max-snippet":"max-snippet:-1","max-image-preview":"max-image-preview:large","max-video-preview":"max-video-preview:-1"},"canonical":"https:\/\/talenti.si\/en\/miscellaneous\/creating-and-exploring\/janod-stamps-unicorn\/","og_locale":"en_US","og_type":"article","og_title":"Janod stamps Unicorn - Talenti.si","og_description":"Wonderful creative stamp set! For early creativity of your little ones, there are larger foam stamps available, perfectly adapted to small hands with their ergonomic shape. This activity is ideal for developing fine motor skills and imagination from early childhood.","og_url":"https:\/\/talenti.si\/en\/miscellaneous\/creating-and-exploring\/janod-stamps-unicorn\/","og_site_name":"Talenti.si","article_modified_time":"2023-06-23T08:48:45+00:00","og_image":[{"width":1000,"height":1000,"url":"https:\/\/talenti.si\/wp-content\/uploads\/2023\/03\/J07722-stampiljke.jpg","type":"image\/jpeg"}],"twitter_card":"summary_large_image","schema":{"@context":"https:\/\/schema.org","@graph":[{"@type":"WebPage","@id":"https:\/\/talenti.si\/en\/miscellaneous\/creating-and-exploring\/janod-stamps-unicorn\/","url":"https:\/\/talenti.si\/en\/miscellaneous\/creating-and-exploring\/janod-stamps-unicorn\/","name":"Janod stamps Unicorn - Talenti.si","isPartOf":{"@id":"https:\/\/talenti.si\/en\/#website"},"primaryImageOfPage":{"@id":"https:\/\/talenti.si\/en\/miscellaneous\/creating-and-exploring\/janod-stamps-unicorn\/#primaryimage"},"image":{"@id":"https:\/\/talenti.si\/en\/miscellaneous\/creating-and-exploring\/janod-stamps-unicorn\/#primaryimage"},"thumbnailUrl":"https:\/\/talenti.si\/wp-content\/uploads\/2023\/03\/J07722-stampiljke.jpg","datePublished":"2023-03-27T06:10:06+00:00","dateModified":"2023-06-23T08:48:45+00:00","description":"Wonderful creative stamp set! For early creativity of your little ones, there are larger foam stamps available, perfectly adapted to small hands with their ergonomic shape. This activity is ideal for developing fine motor skills and imagination from early childhood.","breadcrumb":{"@id":"https:\/\/talenti.si\/en\/miscellaneous\/creating-and-exploring\/janod-stamps-unicorn\/#breadcrumb"},"inLanguage":"en-US","potentialAction":[{"@type":"ReadAction","target":["https:\/\/talenti.si\/en\/miscellaneous\/creating-and-exploring\/janod-stamps-unicorn\/"]}]},{"@type":"ImageObject","inLanguage":"en-US","@id":"https:\/\/talenti.si\/en\/miscellaneous\/creating-and-exploring\/janod-stamps-unicorn\/#primaryimage","url":"https:\/\/talenti.si\/wp-content\/uploads\/2023\/03\/J07722-stampiljke.jpg","contentUrl":"https:\/\/talenti.si\/wp-content\/uploads\/2023\/03\/J07722-stampiljke.jpg","width":1000,"height":1000},{"@type":"BreadcrumbList","@id":"https:\/\/talenti.si\/en\/miscellaneous\/creating-and-exploring\/janod-stamps-unicorn\/#breadcrumb","itemListElement":[{"@type":"ListItem","position":1,"name":"Home","item":"https:\/\/talenti.si\/en\/"},{"@type":"ListItem","position":2,"name":"Shop","item":"https:\/\/talenti.si\/en\/shop\/"},{"@type":"ListItem","position":3,"name":"Janod stamps Unicorn"}]},{"@type":"WebSite","@id":"https:\/\/talenti.si\/en\/#website","url":"https:\/\/talenti.si\/en\/","name":"Talenti.si","description":"Spletna trgovina za vse \u017eonglerje in podobne talente. Vse za \u017eongliranje, yoyo, frizbi, bumerang, kite... in \u0161e in \u0161e.","publisher":{"@id":"https:\/\/talenti.si\/en\/#organization"},"potentialAction":[{"@type":"SearchAction","target":{"@type":"EntryPoint","urlTemplate":"https:\/\/talenti.si\/en\/?s={search_term_string}"},"query-input":{"@type":"PropertyValueSpecification","valueRequired":true,"valueName":"search_term_string"}}],"inLanguage":"en-US"},{"@type":"Organization","@id":"https:\/\/talenti.si\/en\/#organization","name":"Talenti.si","url":"https:\/\/talenti.si\/en\/","logo":{"@type":"ImageObject","inLanguage":"en-US","@id":"https:\/\/talenti.si\/en\/#\/schema\/logo\/image\/","url":"https:\/\/talenti.si\/wp-content\/uploads\/2021\/12\/logo-talent-pravi-dark.png","contentUrl":"https:\/\/talenti.si\/wp-content\/uploads\/2021\/12\/logo-talent-pravi-dark.png","width":145,"height":83,"caption":"Talenti.si"},"image":{"@id":"https:\/\/talenti.si\/en\/#\/schema\/logo\/image\/"}}]}},"brands":[{"id":2074,"name":"Janod","slug":"janod-en"}],"_links":{"self":[{"href":"https:\/\/talenti.si\/en\/wp-json\/wp\/v2\/product\/24027","targetHints":{"allow":["GET"]}}],"collection":[{"href":"https:\/\/talenti.si\/en\/wp-json\/wp\/v2\/product"}],"about":[{"href":"https:\/\/talenti.si\/en\/wp-json\/wp\/v2\/types\/product"}],"replies":[{"embeddable":true,"href":"https:\/\/talenti.si\/en\/wp-json\/wp\/v2\/comments?post=24027"}],"wp:featuredmedia":[{"embeddable":true,"href":"https:\/\/talenti.si\/en\/wp-json\/wp\/v2\/media\/22935"}],"wp:attachment":[{"href":"https:\/\/talenti.si\/en\/wp-json\/wp\/v2\/media?parent=24027"}],"wp:term":[{"taxonomy":"pwb-brand","embeddable":true,"href":"https:\/\/talenti.si\/en\/wp-json\/wp\/v2\/pwb-brand?post=24027"},{"taxonomy":"product_brand","embeddable":true,"href":"https:\/\/talenti.si\/en\/wp-json\/wp\/v2\/product_brand?post=24027"},{"taxonomy":"product_cat","embeddable":true,"href":"https:\/\/talenti.si\/en\/wp-json\/wp\/v2\/product_cat?post=24027"},{"taxonomy":"product_tag","embeddable":true,"href":"https:\/\/talenti.si\/en\/wp-json\/wp\/v2\/product_tag?post=24027"}],"curies":[{"name":"wp","href":"https:\/\/api.w.org\/{rel}","templated":true}]}}