{"id":24071,"date":"2023-03-10T11:20:35","date_gmt":"2023-03-10T11:20:35","guid":{"rendered":"https:\/\/talenti.si\/uncategorized\/board-game-dragons-stack\/"},"modified":"2023-06-15T08:48:00","modified_gmt":"2023-06-15T08:48:00","slug":"board-game-dragons-stack","status":"publish","type":"product","link":"https:\/\/talenti.si\/en\/miscellaneous\/board-games\/board-game-dragons-stack\/","title":{"rendered":"Board game Dragons Stack"},"content":{"rendered":"<div class=\"wpb-content-wrapper\"><p>[vc_row][vc_column][vc_column_text]Fun board game where children have to correctly assemble their dragon.<\/p>\n<p>The game is suitable for 2 to 4 players who will train their skill and concentration by using swords to place available pieces of various shapes and colors on the dragon&#8217;s body in the correct color sequence shown by the wooden column. It sounds simple, but it&#8217;s quite challenging to stack different shapes on top of each other without them falling down. The player who successfully places the dragon&#8217;s head on the already placed pieces without them falling down, gains a point. The game continues until one of the players earns 3 points and becomes the winner.<\/p>\n<div class=\"video-container responsive-embed widescreen\"><iframe loading=\"lazy\" title=\"BS Toys - GA406 Dragons&#039; Stack\" width=\"900\" height=\"506\" src=\"https:\/\/www.youtube.com\/embed\/X4zjJrmL6ZQ?feature=oembed\" frameborder=\"0\" allow=\"accelerometer; autoplay; clipboard-write; encrypted-media; gyroscope; picture-in-picture; web-share\" allowfullscreen><\/iframe><\/div>\n<p><strong>Features:<\/strong><\/p>\n<ul>\n<li>Contains: <b>20 <\/b>pieces + <strong>4<\/strong> dragon heads + <strong>4<\/strong> dragon bodies + <strong>4<\/strong> swords + tower + instructions<\/li>\n<li>Head dimensions: <strong>5,5<\/strong> x <strong>3<\/strong> cm<\/li>\n<li>Body dimensions: <strong>13<\/strong> x <strong>5,5<\/strong> cm<\/li>\n<li>Sword length: <strong>16 <\/strong>cm<\/li>\n<li>Tower size: <strong>13<\/strong> cm<\/li>\n<li>Materials &#8211; <strong>wood, felt<\/strong><\/li>\n<li>Number of players: <b>from 2 to 4<\/b><\/li>\n<li>Recommended age: <strong>6+<\/strong><\/li>\n<\/ul>\n<p><strong style=\"font-size: 10px;\">WARNING!<\/strong><span style=\"font-size: 10px;\"> <\/span><span style=\"font-size: 10px;\">This product is not suitable for children under 3 years of age. Small parts can be a choking hazard if inhaled or swallowed. Remove packaging before handing it to a child. Save this information for future reference.<\/span>[\/vc_column_text][\/vc_column][\/vc_row][vc_row][vc_column][vc_btn title=&#8221;INSTRUCTIONS&#8221; css_animation=&#8221;bounceIn&#8221; link=&#8221;url:https%3A%2F%2Ftalenti.si%2Fwp-content%2Fuploads%2F2023%2F03%2FDruzabna-igra-Sestavi-svojega-zmaja.pdf|title:Instructions|target:_blank|&#8221;][\/vc_column][\/vc_row]<\/p>\n<\/div>","protected":false},"excerpt":{"rendered":"<p>[vc_row][vc_column][vc_column_text]Fun board game where children have to correctly assemble their dragon. The game is suitable for 2 to 4 players who will train their skill and concentration by using swords to place available pieces of various shapes and colors on the dragon&#8217;s body in the correct color sequence shown by the wooden column. It sounds [&hellip;]<\/p>\n","protected":false},"featured_media":22785,"comment_status":"open","ping_status":"closed","template":"","meta":{"_acf_changed":false},"pwb-brand":[2036],"product_brand":[],"product_cat":[1746,1758],"product_tag":[2386,2388,2387,2187],"class_list":{"0":"post-24071","1":"product","2":"type-product","3":"status-publish","4":"has-post-thumbnail","6":"pwb-brand-buitenspeel-en","7":"product_cat-board-games","8":"product_cat-skill-games","9":"product_tag-buitenspeel-en","10":"product_tag-dragons-en","11":"product_tag-skill","12":"product_tag-social-game","14":"first","15":"instock","16":"taxable","17":"shipping-taxable","18":"purchasable","19":"product-type-simple"},"acf":[],"yoast_head":"<!-- This site is optimized with the Yoast SEO plugin v25.8 - https:\/\/yoast.com\/wordpress\/plugins\/seo\/ -->\n<title>Board game Dragons Stack - Talenti.si<\/title>\n<meta name=\"description\" content=\"The game is suitable for 2 to 4 players who will train their skill and concentration by using swords to place available pieces of various shapes and colors on the dragon&#039;s body in the correct color sequence shown by the wooden column. It sounds simple, but it&#039;s quite challenging to stack different shapes on top of each other without them falling down. The player who successfully places the dragon&#039;s head on the already placed pieces without them falling down, gains a point. The game continues until one of the players earns 3 points and becomes the winner.\" \/>\n<meta name=\"robots\" content=\"index, follow, max-snippet:-1, max-image-preview:large, max-video-preview:-1\" \/>\n<link rel=\"canonical\" href=\"https:\/\/talenti.si\/en\/miscellaneous\/board-games\/board-game-dragons-stack\/\" \/>\n<meta property=\"og:locale\" content=\"en_US\" \/>\n<meta property=\"og:type\" content=\"article\" \/>\n<meta property=\"og:title\" content=\"Board game Dragons Stack - Talenti.si\" \/>\n<meta property=\"og:description\" content=\"The game is suitable for 2 to 4 players who will train their skill and concentration by using swords to place available pieces of various shapes and colors on the dragon&#039;s body in the correct color sequence shown by the wooden column. It sounds simple, but it&#039;s quite challenging to stack different shapes on top of each other without them falling down. The player who successfully places the dragon&#039;s head on the already placed pieces without them falling down, gains a point. The game continues until one of the players earns 3 points and becomes the winner.\" \/>\n<meta property=\"og:url\" content=\"https:\/\/talenti.si\/en\/miscellaneous\/board-games\/board-game-dragons-stack\/\" \/>\n<meta property=\"og:site_name\" content=\"Talenti.si\" \/>\n<meta property=\"article:modified_time\" content=\"2023-06-15T08:48:00+00:00\" \/>\n<meta property=\"og:image\" content=\"https:\/\/talenti.si\/wp-content\/uploads\/2023\/03\/GA406-zmaj-igra.jpg\" \/>\n\t<meta property=\"og:image:width\" content=\"1000\" \/>\n\t<meta property=\"og:image:height\" content=\"667\" \/>\n\t<meta property=\"og:image:type\" content=\"image\/jpeg\" \/>\n<meta name=\"twitter:card\" content=\"summary_large_image\" \/>\n<meta name=\"twitter:label1\" content=\"Est. reading time\" \/>\n\t<meta name=\"twitter:data1\" content=\"1 minute\" \/>\n<script type=\"application\/ld+json\" class=\"yoast-schema-graph\">{\"@context\":\"https:\/\/schema.org\",\"@graph\":[{\"@type\":\"WebPage\",\"@id\":\"https:\/\/talenti.si\/en\/miscellaneous\/board-games\/board-game-dragons-stack\/\",\"url\":\"https:\/\/talenti.si\/en\/miscellaneous\/board-games\/board-game-dragons-stack\/\",\"name\":\"Board game Dragons Stack - Talenti.si\",\"isPartOf\":{\"@id\":\"https:\/\/talenti.si\/en\/#website\"},\"primaryImageOfPage\":{\"@id\":\"https:\/\/talenti.si\/en\/miscellaneous\/board-games\/board-game-dragons-stack\/#primaryimage\"},\"image\":{\"@id\":\"https:\/\/talenti.si\/en\/miscellaneous\/board-games\/board-game-dragons-stack\/#primaryimage\"},\"thumbnailUrl\":\"https:\/\/talenti.si\/wp-content\/uploads\/2023\/03\/GA406-zmaj-igra.jpg\",\"datePublished\":\"2023-03-10T11:20:35+00:00\",\"dateModified\":\"2023-06-15T08:48:00+00:00\",\"description\":\"The game is suitable for 2 to 4 players who will train their skill and concentration by using swords to place available pieces of various shapes and colors on the dragon's body in the correct color sequence shown by the wooden column. It sounds simple, but it's quite challenging to stack different shapes on top of each other without them falling down. The player who successfully places the dragon's head on the already placed pieces without them falling down, gains a point. The game continues until one of the players earns 3 points and becomes the winner.\",\"breadcrumb\":{\"@id\":\"https:\/\/talenti.si\/en\/miscellaneous\/board-games\/board-game-dragons-stack\/#breadcrumb\"},\"inLanguage\":\"en-US\",\"potentialAction\":[{\"@type\":\"ReadAction\",\"target\":[\"https:\/\/talenti.si\/en\/miscellaneous\/board-games\/board-game-dragons-stack\/\"]}]},{\"@type\":\"ImageObject\",\"inLanguage\":\"en-US\",\"@id\":\"https:\/\/talenti.si\/en\/miscellaneous\/board-games\/board-game-dragons-stack\/#primaryimage\",\"url\":\"https:\/\/talenti.si\/wp-content\/uploads\/2023\/03\/GA406-zmaj-igra.jpg\",\"contentUrl\":\"https:\/\/talenti.si\/wp-content\/uploads\/2023\/03\/GA406-zmaj-igra.jpg\",\"width\":1000,\"height\":667},{\"@type\":\"BreadcrumbList\",\"@id\":\"https:\/\/talenti.si\/en\/miscellaneous\/board-games\/board-game-dragons-stack\/#breadcrumb\",\"itemListElement\":[{\"@type\":\"ListItem\",\"position\":1,\"name\":\"Home\",\"item\":\"https:\/\/talenti.si\/en\/\"},{\"@type\":\"ListItem\",\"position\":2,\"name\":\"Shop\",\"item\":\"https:\/\/talenti.si\/en\/shop\/\"},{\"@type\":\"ListItem\",\"position\":3,\"name\":\"Board game Dragons Stack\"}]},{\"@type\":\"WebSite\",\"@id\":\"https:\/\/talenti.si\/en\/#website\",\"url\":\"https:\/\/talenti.si\/en\/\",\"name\":\"Talenti.si\",\"description\":\"Spletna trgovina za vse \u017eonglerje in podobne talente. Vse za \u017eongliranje, yoyo, frizbi, bumerang, kite... in \u0161e in \u0161e.\",\"publisher\":{\"@id\":\"https:\/\/talenti.si\/en\/#organization\"},\"potentialAction\":[{\"@type\":\"SearchAction\",\"target\":{\"@type\":\"EntryPoint\",\"urlTemplate\":\"https:\/\/talenti.si\/en\/?s={search_term_string}\"},\"query-input\":{\"@type\":\"PropertyValueSpecification\",\"valueRequired\":true,\"valueName\":\"search_term_string\"}}],\"inLanguage\":\"en-US\"},{\"@type\":\"Organization\",\"@id\":\"https:\/\/talenti.si\/en\/#organization\",\"name\":\"Talenti.si\",\"url\":\"https:\/\/talenti.si\/en\/\",\"logo\":{\"@type\":\"ImageObject\",\"inLanguage\":\"en-US\",\"@id\":\"https:\/\/talenti.si\/en\/#\/schema\/logo\/image\/\",\"url\":\"https:\/\/talenti.si\/wp-content\/uploads\/2021\/12\/logo-talent-pravi-dark.png\",\"contentUrl\":\"https:\/\/talenti.si\/wp-content\/uploads\/2021\/12\/logo-talent-pravi-dark.png\",\"width\":145,\"height\":83,\"caption\":\"Talenti.si\"},\"image\":{\"@id\":\"https:\/\/talenti.si\/en\/#\/schema\/logo\/image\/\"}}]}<\/script>\n<!-- \/ Yoast SEO plugin. -->","yoast_head_json":{"title":"Board game Dragons Stack - Talenti.si","description":"The game is suitable for 2 to 4 players who will train their skill and concentration by using swords to place available pieces of various shapes and colors on the dragon's body in the correct color sequence shown by the wooden column. It sounds simple, but it's quite challenging to stack different shapes on top of each other without them falling down. The player who successfully places the dragon's head on the already placed pieces without them falling down, gains a point. The game continues until one of the players earns 3 points and becomes the winner.","robots":{"index":"index","follow":"follow","max-snippet":"max-snippet:-1","max-image-preview":"max-image-preview:large","max-video-preview":"max-video-preview:-1"},"canonical":"https:\/\/talenti.si\/en\/miscellaneous\/board-games\/board-game-dragons-stack\/","og_locale":"en_US","og_type":"article","og_title":"Board game Dragons Stack - Talenti.si","og_description":"The game is suitable for 2 to 4 players who will train their skill and concentration by using swords to place available pieces of various shapes and colors on the dragon's body in the correct color sequence shown by the wooden column. It sounds simple, but it's quite challenging to stack different shapes on top of each other without them falling down. The player who successfully places the dragon's head on the already placed pieces without them falling down, gains a point. The game continues until one of the players earns 3 points and becomes the winner.","og_url":"https:\/\/talenti.si\/en\/miscellaneous\/board-games\/board-game-dragons-stack\/","og_site_name":"Talenti.si","article_modified_time":"2023-06-15T08:48:00+00:00","og_image":[{"width":1000,"height":667,"url":"https:\/\/talenti.si\/wp-content\/uploads\/2023\/03\/GA406-zmaj-igra.jpg","type":"image\/jpeg"}],"twitter_card":"summary_large_image","twitter_misc":{"Est. reading time":"1 minute"},"schema":{"@context":"https:\/\/schema.org","@graph":[{"@type":"WebPage","@id":"https:\/\/talenti.si\/en\/miscellaneous\/board-games\/board-game-dragons-stack\/","url":"https:\/\/talenti.si\/en\/miscellaneous\/board-games\/board-game-dragons-stack\/","name":"Board game Dragons Stack - Talenti.si","isPartOf":{"@id":"https:\/\/talenti.si\/en\/#website"},"primaryImageOfPage":{"@id":"https:\/\/talenti.si\/en\/miscellaneous\/board-games\/board-game-dragons-stack\/#primaryimage"},"image":{"@id":"https:\/\/talenti.si\/en\/miscellaneous\/board-games\/board-game-dragons-stack\/#primaryimage"},"thumbnailUrl":"https:\/\/talenti.si\/wp-content\/uploads\/2023\/03\/GA406-zmaj-igra.jpg","datePublished":"2023-03-10T11:20:35+00:00","dateModified":"2023-06-15T08:48:00+00:00","description":"The game is suitable for 2 to 4 players who will train their skill and concentration by using swords to place available pieces of various shapes and colors on the dragon's body in the correct color sequence shown by the wooden column. It sounds simple, but it's quite challenging to stack different shapes on top of each other without them falling down. The player who successfully places the dragon's head on the already placed pieces without them falling down, gains a point. The game continues until one of the players earns 3 points and becomes the winner.","breadcrumb":{"@id":"https:\/\/talenti.si\/en\/miscellaneous\/board-games\/board-game-dragons-stack\/#breadcrumb"},"inLanguage":"en-US","potentialAction":[{"@type":"ReadAction","target":["https:\/\/talenti.si\/en\/miscellaneous\/board-games\/board-game-dragons-stack\/"]}]},{"@type":"ImageObject","inLanguage":"en-US","@id":"https:\/\/talenti.si\/en\/miscellaneous\/board-games\/board-game-dragons-stack\/#primaryimage","url":"https:\/\/talenti.si\/wp-content\/uploads\/2023\/03\/GA406-zmaj-igra.jpg","contentUrl":"https:\/\/talenti.si\/wp-content\/uploads\/2023\/03\/GA406-zmaj-igra.jpg","width":1000,"height":667},{"@type":"BreadcrumbList","@id":"https:\/\/talenti.si\/en\/miscellaneous\/board-games\/board-game-dragons-stack\/#breadcrumb","itemListElement":[{"@type":"ListItem","position":1,"name":"Home","item":"https:\/\/talenti.si\/en\/"},{"@type":"ListItem","position":2,"name":"Shop","item":"https:\/\/talenti.si\/en\/shop\/"},{"@type":"ListItem","position":3,"name":"Board game Dragons Stack"}]},{"@type":"WebSite","@id":"https:\/\/talenti.si\/en\/#website","url":"https:\/\/talenti.si\/en\/","name":"Talenti.si","description":"Spletna trgovina za vse \u017eonglerje in podobne talente. Vse za \u017eongliranje, yoyo, frizbi, bumerang, kite... in \u0161e in \u0161e.","publisher":{"@id":"https:\/\/talenti.si\/en\/#organization"},"potentialAction":[{"@type":"SearchAction","target":{"@type":"EntryPoint","urlTemplate":"https:\/\/talenti.si\/en\/?s={search_term_string}"},"query-input":{"@type":"PropertyValueSpecification","valueRequired":true,"valueName":"search_term_string"}}],"inLanguage":"en-US"},{"@type":"Organization","@id":"https:\/\/talenti.si\/en\/#organization","name":"Talenti.si","url":"https:\/\/talenti.si\/en\/","logo":{"@type":"ImageObject","inLanguage":"en-US","@id":"https:\/\/talenti.si\/en\/#\/schema\/logo\/image\/","url":"https:\/\/talenti.si\/wp-content\/uploads\/2021\/12\/logo-talent-pravi-dark.png","contentUrl":"https:\/\/talenti.si\/wp-content\/uploads\/2021\/12\/logo-talent-pravi-dark.png","width":145,"height":83,"caption":"Talenti.si"},"image":{"@id":"https:\/\/talenti.si\/en\/#\/schema\/logo\/image\/"}}]}},"brands":[{"id":2036,"name":"BuitenSpeel","slug":"buitenspeel-en"}],"_links":{"self":[{"href":"https:\/\/talenti.si\/en\/wp-json\/wp\/v2\/product\/24071","targetHints":{"allow":["GET"]}}],"collection":[{"href":"https:\/\/talenti.si\/en\/wp-json\/wp\/v2\/product"}],"about":[{"href":"https:\/\/talenti.si\/en\/wp-json\/wp\/v2\/types\/product"}],"replies":[{"embeddable":true,"href":"https:\/\/talenti.si\/en\/wp-json\/wp\/v2\/comments?post=24071"}],"wp:featuredmedia":[{"embeddable":true,"href":"https:\/\/talenti.si\/en\/wp-json\/wp\/v2\/media\/22785"}],"wp:attachment":[{"href":"https:\/\/talenti.si\/en\/wp-json\/wp\/v2\/media?parent=24071"}],"wp:term":[{"taxonomy":"pwb-brand","embeddable":true,"href":"https:\/\/talenti.si\/en\/wp-json\/wp\/v2\/pwb-brand?post=24071"},{"taxonomy":"product_brand","embeddable":true,"href":"https:\/\/talenti.si\/en\/wp-json\/wp\/v2\/product_brand?post=24071"},{"taxonomy":"product_cat","embeddable":true,"href":"https:\/\/talenti.si\/en\/wp-json\/wp\/v2\/product_cat?post=24071"},{"taxonomy":"product_tag","embeddable":true,"href":"https:\/\/talenti.si\/en\/wp-json\/wp\/v2\/product_tag?post=24071"}],"curies":[{"name":"wp","href":"https:\/\/api.w.org\/{rel}","templated":true}]}}