{"id":24079,"date":"2023-03-10T09:15:57","date_gmt":"2023-03-10T09:15:57","guid":{"rendered":"https:\/\/talenti.si\/uncategorized\/catch-snatch\/"},"modified":"2023-06-15T09:25:20","modified_gmt":"2023-06-15T09:25:20","slug":"catch-snatch","status":"publish","type":"product","link":"https:\/\/talenti.si\/en\/sport-en\/outdoor-games\/catch-snatch\/","title":{"rendered":"Catch and snatch"},"content":{"rendered":"<div class=\"wpb-content-wrapper\"><p>[vc_row][vc_column][vc_column_text]Cute chasing game where young children have fun while constantly moving.<\/p>\n<p>Each child wears a belt with four tails, and the game can begin. When a child successfully catches a teammate by grabbing one of their tails, they claim it and attach it to their own belt. Whoever runs out of tails is unfortunately eliminated from the game, while the remaining players add up the points written on the tails. The game continues until only two players remain, who then add up the points again. The winner of the game is the player with the higher number of points.<\/p>\n<div class=\"video-container responsive-embed widescreen\"><iframe loading=\"lazy\" title=\"BS Toys - GA426 Catch &amp; Snatch\" width=\"900\" height=\"506\" src=\"https:\/\/www.youtube.com\/embed\/nQIw0WfuZME?feature=oembed\" frameborder=\"0\" allow=\"accelerometer; autoplay; clipboard-write; encrypted-media; gyroscope; picture-in-picture; web-share\" allowfullscreen><\/iframe><\/div>\n<p><strong>Features:<\/strong><\/p>\n<ul>\n<li>Contains: belt with <strong>4<\/strong> tails + instructions<\/li>\n<li>Belt dimensions: <strong>4<\/strong> x <strong>40<\/strong> cm<\/li>\n<li>Belt thickness : <strong>3<\/strong> mm<\/li>\n<li>Tail dimensions: <strong>3<\/strong> x <strong>23<\/strong> cm<\/li>\n<li>Tails thickness: <strong>3<\/strong> mm<\/li>\n<li>Materials &#8211; <strong>velcro<\/strong> (hook and loop fastener), <strong>felt<\/strong> (tails)<\/li>\n<li>Number of players: <b>from 2 to 4<\/b><\/li>\n<li>Recommended age: <strong>4+<\/strong><\/li>\n<\/ul>\n<p><strong style=\"font-size: 10px;\">WARNING!<\/strong><span style=\"font-size: 10px;\"> <\/span><span style=\"font-size: 10px;\">This product is not suitable for children under 3 years of age. Small parts can be a choking hazard if inhaled or swallowed. Remove packaging before handing it to a child. Save this information for future reference.<\/span>[\/vc_column_text][\/vc_column][\/vc_row][vc_row][vc_column][vc_btn title=&#8221;INSTRUCTIONS&#8221; css_animation=&#8221;bounceIn&#8221; link=&#8221;url:https%3A%2F%2Ftalenti.si%2Fwp-content%2Fuploads%2F2023%2F04%2FIgra-Ujemi-in-zgrabi.pdf|title:Instructions|target:_blank|&#8221;][\/vc_column][\/vc_row]<\/p>\n<\/div>","protected":false},"excerpt":{"rendered":"<p>[vc_row][vc_column][vc_column_text]Cute chasing game where young children have fun while constantly moving. Each child wears a belt with four tails, and the game can begin. When a child successfully catches a teammate by grabbing one of their tails, they claim it and attach it to their own belt. Whoever runs out of tails is unfortunately eliminated [&hellip;]<\/p>\n","protected":false},"featured_media":22746,"comment_status":"open","ping_status":"closed","template":"","meta":{"_acf_changed":false},"pwb-brand":[2036],"product_brand":[],"product_cat":[1746,1782],"product_tag":[2386,2196,2395],"class_list":{"0":"post-24079","1":"product","2":"type-product","3":"status-publish","4":"has-post-thumbnail","6":"pwb-brand-buitenspeel-en","7":"product_cat-board-games","8":"product_cat-outdoor-games","9":"product_tag-buitenspeel-en","10":"product_tag-outdoor-en","11":"product_tag-outdoor-play","13":"first","14":"instock","15":"taxable","16":"shipping-taxable","17":"purchasable","18":"product-type-simple"},"acf":[],"yoast_head":"<!-- This site is optimized with the Yoast SEO plugin v25.8 - https:\/\/yoast.com\/wordpress\/plugins\/seo\/ -->\n<title>Catch and snatch - Talenti.si<\/title>\n<meta name=\"description\" content=\"Cute chasing game where young children have fun while constantly moving. Each child wears a belt with four tails, and the game can begin. When a child successfully catches a teammate by grabbing one of their tails, they claim it and attach it to their own belt. Whoever runs out of tails is unfortunately eliminated from the game, while the remaining players add up the points written on the tails. The game continues until only two players remain, who then add up the points again. The winner of the game is the player with the higher number of points.\" \/>\n<meta name=\"robots\" content=\"index, follow, max-snippet:-1, max-image-preview:large, max-video-preview:-1\" \/>\n<link rel=\"canonical\" href=\"https:\/\/talenti.si\/en\/sport-en\/outdoor-games\/catch-snatch\/\" \/>\n<meta property=\"og:locale\" content=\"en_US\" \/>\n<meta property=\"og:type\" content=\"article\" \/>\n<meta property=\"og:title\" content=\"Catch and snatch - Talenti.si\" \/>\n<meta property=\"og:description\" content=\"Cute chasing game where young children have fun while constantly moving. Each child wears a belt with four tails, and the game can begin. When a child successfully catches a teammate by grabbing one of their tails, they claim it and attach it to their own belt. Whoever runs out of tails is unfortunately eliminated from the game, while the remaining players add up the points written on the tails. The game continues until only two players remain, who then add up the points again. The winner of the game is the player with the higher number of points.\" \/>\n<meta property=\"og:url\" content=\"https:\/\/talenti.si\/en\/sport-en\/outdoor-games\/catch-snatch\/\" \/>\n<meta property=\"og:site_name\" content=\"Talenti.si\" \/>\n<meta property=\"article:modified_time\" content=\"2023-06-15T09:25:20+00:00\" \/>\n<meta property=\"og:image\" content=\"https:\/\/talenti.si\/wp-content\/uploads\/2023\/03\/ujami-in-zgrabi.jpg\" \/>\n\t<meta property=\"og:image:width\" content=\"1536\" \/>\n\t<meta property=\"og:image:height\" content=\"1025\" \/>\n\t<meta property=\"og:image:type\" content=\"image\/jpeg\" \/>\n<meta name=\"twitter:card\" content=\"summary_large_image\" \/>\n<meta name=\"twitter:label1\" content=\"Est. reading time\" \/>\n\t<meta name=\"twitter:data1\" content=\"1 minute\" \/>\n<script type=\"application\/ld+json\" class=\"yoast-schema-graph\">{\"@context\":\"https:\/\/schema.org\",\"@graph\":[{\"@type\":\"WebPage\",\"@id\":\"https:\/\/talenti.si\/en\/sport-en\/outdoor-games\/catch-snatch\/\",\"url\":\"https:\/\/talenti.si\/en\/sport-en\/outdoor-games\/catch-snatch\/\",\"name\":\"Catch and snatch - Talenti.si\",\"isPartOf\":{\"@id\":\"https:\/\/talenti.si\/en\/#website\"},\"primaryImageOfPage\":{\"@id\":\"https:\/\/talenti.si\/en\/sport-en\/outdoor-games\/catch-snatch\/#primaryimage\"},\"image\":{\"@id\":\"https:\/\/talenti.si\/en\/sport-en\/outdoor-games\/catch-snatch\/#primaryimage\"},\"thumbnailUrl\":\"https:\/\/talenti.si\/wp-content\/uploads\/2023\/03\/ujami-in-zgrabi.jpg\",\"datePublished\":\"2023-03-10T09:15:57+00:00\",\"dateModified\":\"2023-06-15T09:25:20+00:00\",\"description\":\"Cute chasing game where young children have fun while constantly moving. Each child wears a belt with four tails, and the game can begin. When a child successfully catches a teammate by grabbing one of their tails, they claim it and attach it to their own belt. Whoever runs out of tails is unfortunately eliminated from the game, while the remaining players add up the points written on the tails. The game continues until only two players remain, who then add up the points again. The winner of the game is the player with the higher number of points.\",\"breadcrumb\":{\"@id\":\"https:\/\/talenti.si\/en\/sport-en\/outdoor-games\/catch-snatch\/#breadcrumb\"},\"inLanguage\":\"en-US\",\"potentialAction\":[{\"@type\":\"ReadAction\",\"target\":[\"https:\/\/talenti.si\/en\/sport-en\/outdoor-games\/catch-snatch\/\"]}]},{\"@type\":\"ImageObject\",\"inLanguage\":\"en-US\",\"@id\":\"https:\/\/talenti.si\/en\/sport-en\/outdoor-games\/catch-snatch\/#primaryimage\",\"url\":\"https:\/\/talenti.si\/wp-content\/uploads\/2023\/03\/ujami-in-zgrabi.jpg\",\"contentUrl\":\"https:\/\/talenti.si\/wp-content\/uploads\/2023\/03\/ujami-in-zgrabi.jpg\",\"width\":1536,\"height\":1025},{\"@type\":\"BreadcrumbList\",\"@id\":\"https:\/\/talenti.si\/en\/sport-en\/outdoor-games\/catch-snatch\/#breadcrumb\",\"itemListElement\":[{\"@type\":\"ListItem\",\"position\":1,\"name\":\"Home\",\"item\":\"https:\/\/talenti.si\/en\/\"},{\"@type\":\"ListItem\",\"position\":2,\"name\":\"Shop\",\"item\":\"https:\/\/talenti.si\/en\/shop\/\"},{\"@type\":\"ListItem\",\"position\":3,\"name\":\"Catch and snatch\"}]},{\"@type\":\"WebSite\",\"@id\":\"https:\/\/talenti.si\/en\/#website\",\"url\":\"https:\/\/talenti.si\/en\/\",\"name\":\"Talenti.si\",\"description\":\"Spletna trgovina za vse \u017eonglerje in podobne talente. Vse za \u017eongliranje, yoyo, frizbi, bumerang, kite... in \u0161e in \u0161e.\",\"publisher\":{\"@id\":\"https:\/\/talenti.si\/en\/#organization\"},\"potentialAction\":[{\"@type\":\"SearchAction\",\"target\":{\"@type\":\"EntryPoint\",\"urlTemplate\":\"https:\/\/talenti.si\/en\/?s={search_term_string}\"},\"query-input\":{\"@type\":\"PropertyValueSpecification\",\"valueRequired\":true,\"valueName\":\"search_term_string\"}}],\"inLanguage\":\"en-US\"},{\"@type\":\"Organization\",\"@id\":\"https:\/\/talenti.si\/en\/#organization\",\"name\":\"Talenti.si\",\"url\":\"https:\/\/talenti.si\/en\/\",\"logo\":{\"@type\":\"ImageObject\",\"inLanguage\":\"en-US\",\"@id\":\"https:\/\/talenti.si\/en\/#\/schema\/logo\/image\/\",\"url\":\"https:\/\/talenti.si\/wp-content\/uploads\/2021\/12\/logo-talent-pravi-dark.png\",\"contentUrl\":\"https:\/\/talenti.si\/wp-content\/uploads\/2021\/12\/logo-talent-pravi-dark.png\",\"width\":145,\"height\":83,\"caption\":\"Talenti.si\"},\"image\":{\"@id\":\"https:\/\/talenti.si\/en\/#\/schema\/logo\/image\/\"}}]}<\/script>\n<!-- \/ Yoast SEO plugin. -->","yoast_head_json":{"title":"Catch and snatch - Talenti.si","description":"Cute chasing game where young children have fun while constantly moving. Each child wears a belt with four tails, and the game can begin. When a child successfully catches a teammate by grabbing one of their tails, they claim it and attach it to their own belt. Whoever runs out of tails is unfortunately eliminated from the game, while the remaining players add up the points written on the tails. The game continues until only two players remain, who then add up the points again. The winner of the game is the player with the higher number of points.","robots":{"index":"index","follow":"follow","max-snippet":"max-snippet:-1","max-image-preview":"max-image-preview:large","max-video-preview":"max-video-preview:-1"},"canonical":"https:\/\/talenti.si\/en\/sport-en\/outdoor-games\/catch-snatch\/","og_locale":"en_US","og_type":"article","og_title":"Catch and snatch - Talenti.si","og_description":"Cute chasing game where young children have fun while constantly moving. Each child wears a belt with four tails, and the game can begin. When a child successfully catches a teammate by grabbing one of their tails, they claim it and attach it to their own belt. Whoever runs out of tails is unfortunately eliminated from the game, while the remaining players add up the points written on the tails. The game continues until only two players remain, who then add up the points again. The winner of the game is the player with the higher number of points.","og_url":"https:\/\/talenti.si\/en\/sport-en\/outdoor-games\/catch-snatch\/","og_site_name":"Talenti.si","article_modified_time":"2023-06-15T09:25:20+00:00","og_image":[{"width":1536,"height":1025,"url":"https:\/\/talenti.si\/wp-content\/uploads\/2023\/03\/ujami-in-zgrabi.jpg","type":"image\/jpeg"}],"twitter_card":"summary_large_image","twitter_misc":{"Est. reading time":"1 minute"},"schema":{"@context":"https:\/\/schema.org","@graph":[{"@type":"WebPage","@id":"https:\/\/talenti.si\/en\/sport-en\/outdoor-games\/catch-snatch\/","url":"https:\/\/talenti.si\/en\/sport-en\/outdoor-games\/catch-snatch\/","name":"Catch and snatch - Talenti.si","isPartOf":{"@id":"https:\/\/talenti.si\/en\/#website"},"primaryImageOfPage":{"@id":"https:\/\/talenti.si\/en\/sport-en\/outdoor-games\/catch-snatch\/#primaryimage"},"image":{"@id":"https:\/\/talenti.si\/en\/sport-en\/outdoor-games\/catch-snatch\/#primaryimage"},"thumbnailUrl":"https:\/\/talenti.si\/wp-content\/uploads\/2023\/03\/ujami-in-zgrabi.jpg","datePublished":"2023-03-10T09:15:57+00:00","dateModified":"2023-06-15T09:25:20+00:00","description":"Cute chasing game where young children have fun while constantly moving. Each child wears a belt with four tails, and the game can begin. When a child successfully catches a teammate by grabbing one of their tails, they claim it and attach it to their own belt. Whoever runs out of tails is unfortunately eliminated from the game, while the remaining players add up the points written on the tails. The game continues until only two players remain, who then add up the points again. The winner of the game is the player with the higher number of points.","breadcrumb":{"@id":"https:\/\/talenti.si\/en\/sport-en\/outdoor-games\/catch-snatch\/#breadcrumb"},"inLanguage":"en-US","potentialAction":[{"@type":"ReadAction","target":["https:\/\/talenti.si\/en\/sport-en\/outdoor-games\/catch-snatch\/"]}]},{"@type":"ImageObject","inLanguage":"en-US","@id":"https:\/\/talenti.si\/en\/sport-en\/outdoor-games\/catch-snatch\/#primaryimage","url":"https:\/\/talenti.si\/wp-content\/uploads\/2023\/03\/ujami-in-zgrabi.jpg","contentUrl":"https:\/\/talenti.si\/wp-content\/uploads\/2023\/03\/ujami-in-zgrabi.jpg","width":1536,"height":1025},{"@type":"BreadcrumbList","@id":"https:\/\/talenti.si\/en\/sport-en\/outdoor-games\/catch-snatch\/#breadcrumb","itemListElement":[{"@type":"ListItem","position":1,"name":"Home","item":"https:\/\/talenti.si\/en\/"},{"@type":"ListItem","position":2,"name":"Shop","item":"https:\/\/talenti.si\/en\/shop\/"},{"@type":"ListItem","position":3,"name":"Catch and snatch"}]},{"@type":"WebSite","@id":"https:\/\/talenti.si\/en\/#website","url":"https:\/\/talenti.si\/en\/","name":"Talenti.si","description":"Spletna trgovina za vse \u017eonglerje in podobne talente. Vse za \u017eongliranje, yoyo, frizbi, bumerang, kite... in \u0161e in \u0161e.","publisher":{"@id":"https:\/\/talenti.si\/en\/#organization"},"potentialAction":[{"@type":"SearchAction","target":{"@type":"EntryPoint","urlTemplate":"https:\/\/talenti.si\/en\/?s={search_term_string}"},"query-input":{"@type":"PropertyValueSpecification","valueRequired":true,"valueName":"search_term_string"}}],"inLanguage":"en-US"},{"@type":"Organization","@id":"https:\/\/talenti.si\/en\/#organization","name":"Talenti.si","url":"https:\/\/talenti.si\/en\/","logo":{"@type":"ImageObject","inLanguage":"en-US","@id":"https:\/\/talenti.si\/en\/#\/schema\/logo\/image\/","url":"https:\/\/talenti.si\/wp-content\/uploads\/2021\/12\/logo-talent-pravi-dark.png","contentUrl":"https:\/\/talenti.si\/wp-content\/uploads\/2021\/12\/logo-talent-pravi-dark.png","width":145,"height":83,"caption":"Talenti.si"},"image":{"@id":"https:\/\/talenti.si\/en\/#\/schema\/logo\/image\/"}}]}},"brands":[{"id":2036,"name":"BuitenSpeel","slug":"buitenspeel-en"}],"_links":{"self":[{"href":"https:\/\/talenti.si\/en\/wp-json\/wp\/v2\/product\/24079","targetHints":{"allow":["GET"]}}],"collection":[{"href":"https:\/\/talenti.si\/en\/wp-json\/wp\/v2\/product"}],"about":[{"href":"https:\/\/talenti.si\/en\/wp-json\/wp\/v2\/types\/product"}],"replies":[{"embeddable":true,"href":"https:\/\/talenti.si\/en\/wp-json\/wp\/v2\/comments?post=24079"}],"wp:featuredmedia":[{"embeddable":true,"href":"https:\/\/talenti.si\/en\/wp-json\/wp\/v2\/media\/22746"}],"wp:attachment":[{"href":"https:\/\/talenti.si\/en\/wp-json\/wp\/v2\/media?parent=24079"}],"wp:term":[{"taxonomy":"pwb-brand","embeddable":true,"href":"https:\/\/talenti.si\/en\/wp-json\/wp\/v2\/pwb-brand?post=24079"},{"taxonomy":"product_brand","embeddable":true,"href":"https:\/\/talenti.si\/en\/wp-json\/wp\/v2\/product_brand?post=24079"},{"taxonomy":"product_cat","embeddable":true,"href":"https:\/\/talenti.si\/en\/wp-json\/wp\/v2\/product_cat?post=24079"},{"taxonomy":"product_tag","embeddable":true,"href":"https:\/\/talenti.si\/en\/wp-json\/wp\/v2\/product_tag?post=24079"}],"curies":[{"name":"wp","href":"https:\/\/api.w.org\/{rel}","templated":true}]}}