{"id":24815,"date":"2023-06-20T10:46:10","date_gmt":"2023-06-20T10:46:10","guid":{"rendered":"https:\/\/talenti.si\/uncategorized\/washcloth-fish-conny-small\/"},"modified":"2023-06-20T10:46:10","modified_gmt":"2023-06-20T10:46:10","slug":"washcloth-fish-conny-small","status":"publish","type":"product","link":"https:\/\/talenti.si\/en\/miscellaneous\/bathing-accessories-and-water-games\/washcloth-fish-conny-small\/","title":{"rendered":"Washcloth Fish Conny small"},"content":{"rendered":"<p>The soft baby washcloths are carefully made from high-quality organic cotton and do not contain any skin-unfriendly substances. Their main task is to make bathing fun! When you put on the glove, the animal will immediately come to life and your time in the water will suddenly fly by!<\/p>\n<p><strong>Features:<\/strong><\/p>\n<ul>\n<li>Dimensions: <strong>15<\/strong> x <strong>18<\/strong> cm<\/li>\n<li>Materials &#8211; <strong>organic<\/strong> <strong>cotton<\/strong><\/li>\n<li>Care instructions: wash at 60\u00b0C, no ironing<\/li>\n<li>Recommended age: <strong>0+<\/strong><\/li>\n<li>Made <strong>in Europe<\/strong><\/li>\n<li>Price is for <strong>1<\/strong> piece.<\/li>\n<\/ul>\n<p><strong style=\"font-size: 10px;\">WARNING!<\/strong><span style=\"font-size: 10px;\"> Before handing the item to the child, remove all packaging parts. Save this information for later use. Save this information for later use.<\/span><\/p>\n","protected":false},"excerpt":{"rendered":"<p>The soft baby washcloths are carefully made from high-quality organic cotton and do not contain any skin-unfriendly substances. Their main task is to make bathing fun! When you put on the glove, the animal will immediately come to life and your time in the water will suddenly fly by! Features: Dimensions: 15 x 18 cm [&hellip;]<\/p>\n","protected":false},"featured_media":24629,"comment_status":"open","ping_status":"closed","template":"","meta":{"_acf_changed":false},"pwb-brand":[2427],"product_brand":[],"product_cat":[2421],"product_tag":[2194,2435,2436,2309],"class_list":{"0":"post-24815","1":"product","2":"type-product","3":"status-publish","4":"has-post-thumbnail","6":"pwb-brand-furnis-en","7":"product_cat-bathing-accessories-and-water-games","8":"product_tag-animals-en","9":"product_tag-babies","10":"product_tag-bathing","11":"product_tag-water","13":"first","14":"instock","15":"taxable","16":"shipping-taxable","17":"purchasable","18":"product-type-simple"},"acf":[],"yoast_head":"<!-- This site is optimized with the Yoast SEO plugin v25.8 - https:\/\/yoast.com\/wordpress\/plugins\/seo\/ -->\n<title>Washcloth Fish Conny small - Talenti.si<\/title>\n<meta name=\"description\" content=\"The soft baby washcloths are carefully made from high-quality organic cotton and do not contain any skin-unfriendly substances. Their main task is to make bathing fun! When you put on the glove, the animal will immediately come to life and your time in the water will suddenly fly by!\" \/>\n<meta name=\"robots\" content=\"index, follow, max-snippet:-1, max-image-preview:large, max-video-preview:-1\" \/>\n<link rel=\"canonical\" href=\"https:\/\/talenti.si\/en\/miscellaneous\/bathing-accessories-and-water-games\/washcloth-fish-conny-small\/\" \/>\n<meta property=\"og:locale\" content=\"en_US\" \/>\n<meta property=\"og:type\" content=\"article\" \/>\n<meta property=\"og:title\" content=\"Washcloth Fish Conny small - Talenti.si\" \/>\n<meta property=\"og:description\" content=\"The soft baby washcloths are carefully made from high-quality organic cotton and do not contain any skin-unfriendly substances. Their main task is to make bathing fun! When you put on the glove, the animal will immediately come to life and your time in the water will suddenly fly by!\" \/>\n<meta property=\"og:url\" content=\"https:\/\/talenti.si\/en\/miscellaneous\/bathing-accessories-and-water-games\/washcloth-fish-conny-small\/\" \/>\n<meta property=\"og:site_name\" content=\"Talenti.si\" \/>\n<meta property=\"og:image\" content=\"https:\/\/talenti.si\/wp-content\/uploads\/2023\/06\/ribica-596.jpg\" \/>\n\t<meta property=\"og:image:width\" content=\"1000\" \/>\n\t<meta property=\"og:image:height\" content=\"1000\" \/>\n\t<meta property=\"og:image:type\" content=\"image\/jpeg\" \/>\n<meta name=\"twitter:card\" content=\"summary_large_image\" \/>\n<script type=\"application\/ld+json\" class=\"yoast-schema-graph\">{\"@context\":\"https:\/\/schema.org\",\"@graph\":[{\"@type\":\"WebPage\",\"@id\":\"https:\/\/talenti.si\/en\/miscellaneous\/bathing-accessories-and-water-games\/washcloth-fish-conny-small\/\",\"url\":\"https:\/\/talenti.si\/en\/miscellaneous\/bathing-accessories-and-water-games\/washcloth-fish-conny-small\/\",\"name\":\"Washcloth Fish Conny small - Talenti.si\",\"isPartOf\":{\"@id\":\"https:\/\/talenti.si\/en\/#website\"},\"primaryImageOfPage\":{\"@id\":\"https:\/\/talenti.si\/en\/miscellaneous\/bathing-accessories-and-water-games\/washcloth-fish-conny-small\/#primaryimage\"},\"image\":{\"@id\":\"https:\/\/talenti.si\/en\/miscellaneous\/bathing-accessories-and-water-games\/washcloth-fish-conny-small\/#primaryimage\"},\"thumbnailUrl\":\"https:\/\/talenti.si\/wp-content\/uploads\/2023\/06\/ribica-596.jpg\",\"datePublished\":\"2023-06-20T10:46:10+00:00\",\"description\":\"The soft baby washcloths are carefully made from high-quality organic cotton and do not contain any skin-unfriendly substances. Their main task is to make bathing fun! When you put on the glove, the animal will immediately come to life and your time in the water will suddenly fly by!\",\"breadcrumb\":{\"@id\":\"https:\/\/talenti.si\/en\/miscellaneous\/bathing-accessories-and-water-games\/washcloth-fish-conny-small\/#breadcrumb\"},\"inLanguage\":\"en-US\",\"potentialAction\":[{\"@type\":\"ReadAction\",\"target\":[\"https:\/\/talenti.si\/en\/miscellaneous\/bathing-accessories-and-water-games\/washcloth-fish-conny-small\/\"]}]},{\"@type\":\"ImageObject\",\"inLanguage\":\"en-US\",\"@id\":\"https:\/\/talenti.si\/en\/miscellaneous\/bathing-accessories-and-water-games\/washcloth-fish-conny-small\/#primaryimage\",\"url\":\"https:\/\/talenti.si\/wp-content\/uploads\/2023\/06\/ribica-596.jpg\",\"contentUrl\":\"https:\/\/talenti.si\/wp-content\/uploads\/2023\/06\/ribica-596.jpg\",\"width\":1000,\"height\":1000},{\"@type\":\"BreadcrumbList\",\"@id\":\"https:\/\/talenti.si\/en\/miscellaneous\/bathing-accessories-and-water-games\/washcloth-fish-conny-small\/#breadcrumb\",\"itemListElement\":[{\"@type\":\"ListItem\",\"position\":1,\"name\":\"Home\",\"item\":\"https:\/\/talenti.si\/en\/\"},{\"@type\":\"ListItem\",\"position\":2,\"name\":\"Shop\",\"item\":\"https:\/\/talenti.si\/en\/shop\/\"},{\"@type\":\"ListItem\",\"position\":3,\"name\":\"Washcloth Fish Conny small\"}]},{\"@type\":\"WebSite\",\"@id\":\"https:\/\/talenti.si\/en\/#website\",\"url\":\"https:\/\/talenti.si\/en\/\",\"name\":\"Talenti.si\",\"description\":\"Spletna trgovina za vse \u017eonglerje in podobne talente. Vse za \u017eongliranje, yoyo, frizbi, bumerang, kite... in \u0161e in \u0161e.\",\"publisher\":{\"@id\":\"https:\/\/talenti.si\/en\/#organization\"},\"potentialAction\":[{\"@type\":\"SearchAction\",\"target\":{\"@type\":\"EntryPoint\",\"urlTemplate\":\"https:\/\/talenti.si\/en\/?s={search_term_string}\"},\"query-input\":{\"@type\":\"PropertyValueSpecification\",\"valueRequired\":true,\"valueName\":\"search_term_string\"}}],\"inLanguage\":\"en-US\"},{\"@type\":\"Organization\",\"@id\":\"https:\/\/talenti.si\/en\/#organization\",\"name\":\"Talenti.si\",\"url\":\"https:\/\/talenti.si\/en\/\",\"logo\":{\"@type\":\"ImageObject\",\"inLanguage\":\"en-US\",\"@id\":\"https:\/\/talenti.si\/en\/#\/schema\/logo\/image\/\",\"url\":\"https:\/\/talenti.si\/wp-content\/uploads\/2021\/12\/logo-talent-pravi-dark.png\",\"contentUrl\":\"https:\/\/talenti.si\/wp-content\/uploads\/2021\/12\/logo-talent-pravi-dark.png\",\"width\":145,\"height\":83,\"caption\":\"Talenti.si\"},\"image\":{\"@id\":\"https:\/\/talenti.si\/en\/#\/schema\/logo\/image\/\"}}]}<\/script>\n<!-- \/ Yoast SEO plugin. -->","yoast_head_json":{"title":"Washcloth Fish Conny small - Talenti.si","description":"The soft baby washcloths are carefully made from high-quality organic cotton and do not contain any skin-unfriendly substances. Their main task is to make bathing fun! When you put on the glove, the animal will immediately come to life and your time in the water will suddenly fly by!","robots":{"index":"index","follow":"follow","max-snippet":"max-snippet:-1","max-image-preview":"max-image-preview:large","max-video-preview":"max-video-preview:-1"},"canonical":"https:\/\/talenti.si\/en\/miscellaneous\/bathing-accessories-and-water-games\/washcloth-fish-conny-small\/","og_locale":"en_US","og_type":"article","og_title":"Washcloth Fish Conny small - Talenti.si","og_description":"The soft baby washcloths are carefully made from high-quality organic cotton and do not contain any skin-unfriendly substances. Their main task is to make bathing fun! When you put on the glove, the animal will immediately come to life and your time in the water will suddenly fly by!","og_url":"https:\/\/talenti.si\/en\/miscellaneous\/bathing-accessories-and-water-games\/washcloth-fish-conny-small\/","og_site_name":"Talenti.si","og_image":[{"width":1000,"height":1000,"url":"https:\/\/talenti.si\/wp-content\/uploads\/2023\/06\/ribica-596.jpg","type":"image\/jpeg"}],"twitter_card":"summary_large_image","schema":{"@context":"https:\/\/schema.org","@graph":[{"@type":"WebPage","@id":"https:\/\/talenti.si\/en\/miscellaneous\/bathing-accessories-and-water-games\/washcloth-fish-conny-small\/","url":"https:\/\/talenti.si\/en\/miscellaneous\/bathing-accessories-and-water-games\/washcloth-fish-conny-small\/","name":"Washcloth Fish Conny small - Talenti.si","isPartOf":{"@id":"https:\/\/talenti.si\/en\/#website"},"primaryImageOfPage":{"@id":"https:\/\/talenti.si\/en\/miscellaneous\/bathing-accessories-and-water-games\/washcloth-fish-conny-small\/#primaryimage"},"image":{"@id":"https:\/\/talenti.si\/en\/miscellaneous\/bathing-accessories-and-water-games\/washcloth-fish-conny-small\/#primaryimage"},"thumbnailUrl":"https:\/\/talenti.si\/wp-content\/uploads\/2023\/06\/ribica-596.jpg","datePublished":"2023-06-20T10:46:10+00:00","description":"The soft baby washcloths are carefully made from high-quality organic cotton and do not contain any skin-unfriendly substances. Their main task is to make bathing fun! When you put on the glove, the animal will immediately come to life and your time in the water will suddenly fly by!","breadcrumb":{"@id":"https:\/\/talenti.si\/en\/miscellaneous\/bathing-accessories-and-water-games\/washcloth-fish-conny-small\/#breadcrumb"},"inLanguage":"en-US","potentialAction":[{"@type":"ReadAction","target":["https:\/\/talenti.si\/en\/miscellaneous\/bathing-accessories-and-water-games\/washcloth-fish-conny-small\/"]}]},{"@type":"ImageObject","inLanguage":"en-US","@id":"https:\/\/talenti.si\/en\/miscellaneous\/bathing-accessories-and-water-games\/washcloth-fish-conny-small\/#primaryimage","url":"https:\/\/talenti.si\/wp-content\/uploads\/2023\/06\/ribica-596.jpg","contentUrl":"https:\/\/talenti.si\/wp-content\/uploads\/2023\/06\/ribica-596.jpg","width":1000,"height":1000},{"@type":"BreadcrumbList","@id":"https:\/\/talenti.si\/en\/miscellaneous\/bathing-accessories-and-water-games\/washcloth-fish-conny-small\/#breadcrumb","itemListElement":[{"@type":"ListItem","position":1,"name":"Home","item":"https:\/\/talenti.si\/en\/"},{"@type":"ListItem","position":2,"name":"Shop","item":"https:\/\/talenti.si\/en\/shop\/"},{"@type":"ListItem","position":3,"name":"Washcloth Fish Conny small"}]},{"@type":"WebSite","@id":"https:\/\/talenti.si\/en\/#website","url":"https:\/\/talenti.si\/en\/","name":"Talenti.si","description":"Spletna trgovina za vse \u017eonglerje in podobne talente. Vse za \u017eongliranje, yoyo, frizbi, bumerang, kite... in \u0161e in \u0161e.","publisher":{"@id":"https:\/\/talenti.si\/en\/#organization"},"potentialAction":[{"@type":"SearchAction","target":{"@type":"EntryPoint","urlTemplate":"https:\/\/talenti.si\/en\/?s={search_term_string}"},"query-input":{"@type":"PropertyValueSpecification","valueRequired":true,"valueName":"search_term_string"}}],"inLanguage":"en-US"},{"@type":"Organization","@id":"https:\/\/talenti.si\/en\/#organization","name":"Talenti.si","url":"https:\/\/talenti.si\/en\/","logo":{"@type":"ImageObject","inLanguage":"en-US","@id":"https:\/\/talenti.si\/en\/#\/schema\/logo\/image\/","url":"https:\/\/talenti.si\/wp-content\/uploads\/2021\/12\/logo-talent-pravi-dark.png","contentUrl":"https:\/\/talenti.si\/wp-content\/uploads\/2021\/12\/logo-talent-pravi-dark.png","width":145,"height":83,"caption":"Talenti.si"},"image":{"@id":"https:\/\/talenti.si\/en\/#\/schema\/logo\/image\/"}}]}},"brands":[{"id":2427,"name":"F\u00fcrnis","slug":"furnis-en"}],"_links":{"self":[{"href":"https:\/\/talenti.si\/en\/wp-json\/wp\/v2\/product\/24815","targetHints":{"allow":["GET"]}}],"collection":[{"href":"https:\/\/talenti.si\/en\/wp-json\/wp\/v2\/product"}],"about":[{"href":"https:\/\/talenti.si\/en\/wp-json\/wp\/v2\/types\/product"}],"replies":[{"embeddable":true,"href":"https:\/\/talenti.si\/en\/wp-json\/wp\/v2\/comments?post=24815"}],"wp:featuredmedia":[{"embeddable":true,"href":"https:\/\/talenti.si\/en\/wp-json\/wp\/v2\/media\/24629"}],"wp:attachment":[{"href":"https:\/\/talenti.si\/en\/wp-json\/wp\/v2\/media?parent=24815"}],"wp:term":[{"taxonomy":"pwb-brand","embeddable":true,"href":"https:\/\/talenti.si\/en\/wp-json\/wp\/v2\/pwb-brand?post=24815"},{"taxonomy":"product_brand","embeddable":true,"href":"https:\/\/talenti.si\/en\/wp-json\/wp\/v2\/product_brand?post=24815"},{"taxonomy":"product_cat","embeddable":true,"href":"https:\/\/talenti.si\/en\/wp-json\/wp\/v2\/product_cat?post=24815"},{"taxonomy":"product_tag","embeddable":true,"href":"https:\/\/talenti.si\/en\/wp-json\/wp\/v2\/product_tag?post=24815"}],"curies":[{"name":"wp","href":"https:\/\/api.w.org\/{rel}","templated":true}]}}