{"id":25836,"date":"2012-05-08T10:49:56","date_gmt":"2012-05-08T10:49:56","guid":{"rendered":"https:\/\/talenti.si\/uncategorized\/contact-moon-130\/"},"modified":"2012-05-08T10:49:56","modified_gmt":"2012-05-08T10:49:56","slug":"contact-moon-130","status":"publish","type":"product","link":"https:\/\/talenti.si\/en\/juggling\/moon-and-led-props\/contact-moon-130\/","title":{"rendered":"Contact Moon 130"},"content":{"rendered":"<p>Contact Moon 130 is the ideal ball for beginners of contact juggling due to its size and weight, which make it much easier to perform tricks. It is also suitable for more demanding users, as the &#8220;moon&#8221; surface makes it extremely attractive for evening performances and provides a good visual effect even for distant audiences.<\/p>\n<p><strong>Features:<\/strong><\/p>\n<ul>\n<li>Weight: <strong>400<\/strong> g<\/li>\n<li>Diameter: <strong>130<\/strong> mm<\/li>\n<li>Price is for <strong>1<\/strong> piece.<\/li>\n<\/ul>\n","protected":false},"excerpt":{"rendered":"<p>Contact Moon 130 is the ideal ball for beginners of contact juggling due to its size and weight, which make it much easier to perform tricks. It is also suitable for more demanding users, as the &#8220;moon&#8221; surface makes it extremely attractive for evening performances and provides a good visual effect even for distant audiences. [&hellip;]<\/p>\n","protected":false},"featured_media":13308,"comment_status":"open","ping_status":"closed","template":"","meta":{"_acf_changed":false},"pwb-brand":[2094],"product_brand":[],"product_cat":[1824,1827],"product_tag":[2754,2202,2677],"class_list":{"0":"post-25836","1":"product","2":"type-product","3":"status-publish","4":"has-post-thumbnail","6":"pwb-brand-play-en","7":"product_cat-contact-juggling","8":"product_cat-moon-and-led-props","9":"product_tag-contact-en","10":"product_tag-juggling","11":"product_tag-moon-en","13":"first","14":"instock","15":"taxable","16":"shipping-taxable","17":"purchasable","18":"product-type-simple"},"acf":[],"yoast_head":"<!-- This site is optimized with the Yoast SEO plugin v25.8 - https:\/\/yoast.com\/wordpress\/plugins\/seo\/ -->\n<title>Contact Moon 130<\/title>\n<meta name=\"description\" content=\"Contact Moon 130 is the ideal ball for beginners of contact juggling due to its size and weight, which make it much easier to perform tricks. It is also suitable for more demanding users, as the &quot;moon&quot; surface makes it extremely attractive for evening performances and provides a good visual effect even for distant audiences.\" \/>\n<meta name=\"robots\" content=\"index, follow, max-snippet:-1, max-image-preview:large, max-video-preview:-1\" \/>\n<link rel=\"canonical\" href=\"https:\/\/talenti.si\/en\/juggling\/moon-and-led-props\/contact-moon-130\/\" \/>\n<meta property=\"og:locale\" content=\"en_US\" \/>\n<meta property=\"og:type\" content=\"article\" \/>\n<meta property=\"og:title\" content=\"Contact Moon 130\" \/>\n<meta property=\"og:description\" content=\"Contact Moon 130 is the ideal ball for beginners of contact juggling due to its size and weight, which make it much easier to perform tricks. It is also suitable for more demanding users, as the &quot;moon&quot; surface makes it extremely attractive for evening performances and provides a good visual effect even for distant audiences.\" \/>\n<meta property=\"og:url\" content=\"https:\/\/talenti.si\/en\/juggling\/moon-and-led-props\/contact-moon-130\/\" \/>\n<meta property=\"og:site_name\" content=\"Talenti.si\" \/>\n<meta property=\"og:image\" content=\"https:\/\/talenti.si\/wp-content\/uploads\/2022\/01\/juggling-balls-phospho-0.jpg\" \/>\n\t<meta property=\"og:image:width\" content=\"472\" \/>\n\t<meta property=\"og:image:height\" content=\"472\" \/>\n\t<meta property=\"og:image:type\" content=\"image\/jpeg\" \/>\n<meta name=\"twitter:card\" content=\"summary_large_image\" \/>\n<script type=\"application\/ld+json\" class=\"yoast-schema-graph\">{\"@context\":\"https:\/\/schema.org\",\"@graph\":[{\"@type\":\"WebPage\",\"@id\":\"https:\/\/talenti.si\/en\/juggling\/moon-and-led-props\/contact-moon-130\/\",\"url\":\"https:\/\/talenti.si\/en\/juggling\/moon-and-led-props\/contact-moon-130\/\",\"name\":\"Contact Moon 130\",\"isPartOf\":{\"@id\":\"https:\/\/talenti.si\/en\/#website\"},\"primaryImageOfPage\":{\"@id\":\"https:\/\/talenti.si\/en\/juggling\/moon-and-led-props\/contact-moon-130\/#primaryimage\"},\"image\":{\"@id\":\"https:\/\/talenti.si\/en\/juggling\/moon-and-led-props\/contact-moon-130\/#primaryimage\"},\"thumbnailUrl\":\"https:\/\/talenti.si\/wp-content\/uploads\/2022\/01\/juggling-balls-phospho-0.jpg\",\"datePublished\":\"2012-05-08T10:49:56+00:00\",\"description\":\"Contact Moon 130 is the ideal ball for beginners of contact juggling due to its size and weight, which make it much easier to perform tricks. It is also suitable for more demanding users, as the \\\"moon\\\" surface makes it extremely attractive for evening performances and provides a good visual effect even for distant audiences.\",\"breadcrumb\":{\"@id\":\"https:\/\/talenti.si\/en\/juggling\/moon-and-led-props\/contact-moon-130\/#breadcrumb\"},\"inLanguage\":\"en-US\",\"potentialAction\":[{\"@type\":\"ReadAction\",\"target\":[\"https:\/\/talenti.si\/en\/juggling\/moon-and-led-props\/contact-moon-130\/\"]}]},{\"@type\":\"ImageObject\",\"inLanguage\":\"en-US\",\"@id\":\"https:\/\/talenti.si\/en\/juggling\/moon-and-led-props\/contact-moon-130\/#primaryimage\",\"url\":\"https:\/\/talenti.si\/wp-content\/uploads\/2022\/01\/juggling-balls-phospho-0.jpg\",\"contentUrl\":\"https:\/\/talenti.si\/wp-content\/uploads\/2022\/01\/juggling-balls-phospho-0.jpg\",\"width\":472,\"height\":472},{\"@type\":\"BreadcrumbList\",\"@id\":\"https:\/\/talenti.si\/en\/juggling\/moon-and-led-props\/contact-moon-130\/#breadcrumb\",\"itemListElement\":[{\"@type\":\"ListItem\",\"position\":1,\"name\":\"Home\",\"item\":\"https:\/\/talenti.si\/en\/\"},{\"@type\":\"ListItem\",\"position\":2,\"name\":\"Shop\",\"item\":\"https:\/\/talenti.si\/en\/shop\/\"},{\"@type\":\"ListItem\",\"position\":3,\"name\":\"Contact Moon 130\"}]},{\"@type\":\"WebSite\",\"@id\":\"https:\/\/talenti.si\/en\/#website\",\"url\":\"https:\/\/talenti.si\/en\/\",\"name\":\"Talenti.si\",\"description\":\"Spletna trgovina za vse \u017eonglerje in podobne talente. Vse za \u017eongliranje, yoyo, frizbi, bumerang, kite... in \u0161e in \u0161e.\",\"publisher\":{\"@id\":\"https:\/\/talenti.si\/en\/#organization\"},\"potentialAction\":[{\"@type\":\"SearchAction\",\"target\":{\"@type\":\"EntryPoint\",\"urlTemplate\":\"https:\/\/talenti.si\/en\/?s={search_term_string}\"},\"query-input\":{\"@type\":\"PropertyValueSpecification\",\"valueRequired\":true,\"valueName\":\"search_term_string\"}}],\"inLanguage\":\"en-US\"},{\"@type\":\"Organization\",\"@id\":\"https:\/\/talenti.si\/en\/#organization\",\"name\":\"Talenti.si\",\"url\":\"https:\/\/talenti.si\/en\/\",\"logo\":{\"@type\":\"ImageObject\",\"inLanguage\":\"en-US\",\"@id\":\"https:\/\/talenti.si\/en\/#\/schema\/logo\/image\/\",\"url\":\"https:\/\/talenti.si\/wp-content\/uploads\/2021\/12\/logo-talent-pravi-dark.png\",\"contentUrl\":\"https:\/\/talenti.si\/wp-content\/uploads\/2021\/12\/logo-talent-pravi-dark.png\",\"width\":145,\"height\":83,\"caption\":\"Talenti.si\"},\"image\":{\"@id\":\"https:\/\/talenti.si\/en\/#\/schema\/logo\/image\/\"}}]}<\/script>\n<!-- \/ Yoast SEO plugin. -->","yoast_head_json":{"title":"Contact Moon 130","description":"Contact Moon 130 is the ideal ball for beginners of contact juggling due to its size and weight, which make it much easier to perform tricks. It is also suitable for more demanding users, as the \"moon\" surface makes it extremely attractive for evening performances and provides a good visual effect even for distant audiences.","robots":{"index":"index","follow":"follow","max-snippet":"max-snippet:-1","max-image-preview":"max-image-preview:large","max-video-preview":"max-video-preview:-1"},"canonical":"https:\/\/talenti.si\/en\/juggling\/moon-and-led-props\/contact-moon-130\/","og_locale":"en_US","og_type":"article","og_title":"Contact Moon 130","og_description":"Contact Moon 130 is the ideal ball for beginners of contact juggling due to its size and weight, which make it much easier to perform tricks. It is also suitable for more demanding users, as the \"moon\" surface makes it extremely attractive for evening performances and provides a good visual effect even for distant audiences.","og_url":"https:\/\/talenti.si\/en\/juggling\/moon-and-led-props\/contact-moon-130\/","og_site_name":"Talenti.si","og_image":[{"width":472,"height":472,"url":"https:\/\/talenti.si\/wp-content\/uploads\/2022\/01\/juggling-balls-phospho-0.jpg","type":"image\/jpeg"}],"twitter_card":"summary_large_image","schema":{"@context":"https:\/\/schema.org","@graph":[{"@type":"WebPage","@id":"https:\/\/talenti.si\/en\/juggling\/moon-and-led-props\/contact-moon-130\/","url":"https:\/\/talenti.si\/en\/juggling\/moon-and-led-props\/contact-moon-130\/","name":"Contact Moon 130","isPartOf":{"@id":"https:\/\/talenti.si\/en\/#website"},"primaryImageOfPage":{"@id":"https:\/\/talenti.si\/en\/juggling\/moon-and-led-props\/contact-moon-130\/#primaryimage"},"image":{"@id":"https:\/\/talenti.si\/en\/juggling\/moon-and-led-props\/contact-moon-130\/#primaryimage"},"thumbnailUrl":"https:\/\/talenti.si\/wp-content\/uploads\/2022\/01\/juggling-balls-phospho-0.jpg","datePublished":"2012-05-08T10:49:56+00:00","description":"Contact Moon 130 is the ideal ball for beginners of contact juggling due to its size and weight, which make it much easier to perform tricks. It is also suitable for more demanding users, as the \"moon\" surface makes it extremely attractive for evening performances and provides a good visual effect even for distant audiences.","breadcrumb":{"@id":"https:\/\/talenti.si\/en\/juggling\/moon-and-led-props\/contact-moon-130\/#breadcrumb"},"inLanguage":"en-US","potentialAction":[{"@type":"ReadAction","target":["https:\/\/talenti.si\/en\/juggling\/moon-and-led-props\/contact-moon-130\/"]}]},{"@type":"ImageObject","inLanguage":"en-US","@id":"https:\/\/talenti.si\/en\/juggling\/moon-and-led-props\/contact-moon-130\/#primaryimage","url":"https:\/\/talenti.si\/wp-content\/uploads\/2022\/01\/juggling-balls-phospho-0.jpg","contentUrl":"https:\/\/talenti.si\/wp-content\/uploads\/2022\/01\/juggling-balls-phospho-0.jpg","width":472,"height":472},{"@type":"BreadcrumbList","@id":"https:\/\/talenti.si\/en\/juggling\/moon-and-led-props\/contact-moon-130\/#breadcrumb","itemListElement":[{"@type":"ListItem","position":1,"name":"Home","item":"https:\/\/talenti.si\/en\/"},{"@type":"ListItem","position":2,"name":"Shop","item":"https:\/\/talenti.si\/en\/shop\/"},{"@type":"ListItem","position":3,"name":"Contact Moon 130"}]},{"@type":"WebSite","@id":"https:\/\/talenti.si\/en\/#website","url":"https:\/\/talenti.si\/en\/","name":"Talenti.si","description":"Spletna trgovina za vse \u017eonglerje in podobne talente. Vse za \u017eongliranje, yoyo, frizbi, bumerang, kite... in \u0161e in \u0161e.","publisher":{"@id":"https:\/\/talenti.si\/en\/#organization"},"potentialAction":[{"@type":"SearchAction","target":{"@type":"EntryPoint","urlTemplate":"https:\/\/talenti.si\/en\/?s={search_term_string}"},"query-input":{"@type":"PropertyValueSpecification","valueRequired":true,"valueName":"search_term_string"}}],"inLanguage":"en-US"},{"@type":"Organization","@id":"https:\/\/talenti.si\/en\/#organization","name":"Talenti.si","url":"https:\/\/talenti.si\/en\/","logo":{"@type":"ImageObject","inLanguage":"en-US","@id":"https:\/\/talenti.si\/en\/#\/schema\/logo\/image\/","url":"https:\/\/talenti.si\/wp-content\/uploads\/2021\/12\/logo-talent-pravi-dark.png","contentUrl":"https:\/\/talenti.si\/wp-content\/uploads\/2021\/12\/logo-talent-pravi-dark.png","width":145,"height":83,"caption":"Talenti.si"},"image":{"@id":"https:\/\/talenti.si\/en\/#\/schema\/logo\/image\/"}}]}},"brands":[{"id":2094,"name":"Play","slug":"play-en"}],"_links":{"self":[{"href":"https:\/\/talenti.si\/en\/wp-json\/wp\/v2\/product\/25836","targetHints":{"allow":["GET"]}}],"collection":[{"href":"https:\/\/talenti.si\/en\/wp-json\/wp\/v2\/product"}],"about":[{"href":"https:\/\/talenti.si\/en\/wp-json\/wp\/v2\/types\/product"}],"replies":[{"embeddable":true,"href":"https:\/\/talenti.si\/en\/wp-json\/wp\/v2\/comments?post=25836"}],"wp:featuredmedia":[{"embeddable":true,"href":"https:\/\/talenti.si\/en\/wp-json\/wp\/v2\/media\/13308"}],"wp:attachment":[{"href":"https:\/\/talenti.si\/en\/wp-json\/wp\/v2\/media?parent=25836"}],"wp:term":[{"taxonomy":"pwb-brand","embeddable":true,"href":"https:\/\/talenti.si\/en\/wp-json\/wp\/v2\/pwb-brand?post=25836"},{"taxonomy":"product_brand","embeddable":true,"href":"https:\/\/talenti.si\/en\/wp-json\/wp\/v2\/product_brand?post=25836"},{"taxonomy":"product_cat","embeddable":true,"href":"https:\/\/talenti.si\/en\/wp-json\/wp\/v2\/product_cat?post=25836"},{"taxonomy":"product_tag","embeddable":true,"href":"https:\/\/talenti.si\/en\/wp-json\/wp\/v2\/product_tag?post=25836"}],"curies":[{"name":"wp","href":"https:\/\/api.w.org\/{rel}","templated":true}]}}