{"id":26812,"date":"2018-03-02T11:47:08","date_gmt":"2018-03-02T11:47:08","guid":{"rendered":"https:\/\/talenti.si\/uncategorized\/balance-bike-bikloon\/"},"modified":"2024-05-24T14:44:10","modified_gmt":"2024-05-24T14:44:10","slug":"wooden-balance-bike-bikloon","status":"publish","type":"product","link":"https:\/\/talenti.si\/en\/toys\/childrens-balance-bikes\/wooden-balance-bike-bikloon\/","title":{"rendered":"Wooden balance bike Bikloon"},"content":{"rendered":"<p>A great way for your little one to learn the art of riding a bike at an early age is with a balance bike! It is suitable for children from 2 to 5 years. It has an adjustable seat to a height of 32 to 35 cm. The rubber wheels are quiet and do not leave marks on the floor. The maximum weight it can carry is 25 kg. With balance bikes, children can easily learn to master balance, transition to the right bike, without small additional wheels, and it is completely painless &#8211; both for the child and for the parents.<\/p>\n<p><strong>Features:<\/strong><\/p>\n<ul>\n<li>Dimensions:<strong> 70<\/strong> x <strong>35<\/strong> x <strong>50,5<\/strong> cm<\/li>\n<li>Max. weight load capacity: <strong>25 <\/strong> kg<\/li>\n<li>Materials &#8211; <strong>wood, rubber, PVC<\/strong><\/li>\n<li>Recommended age: <strong>2+<\/strong><\/li>\n<\/ul>\n<p><strong style=\"font-size: 10px;\">WARNING!<\/strong> <span style=\"font-size: 10px;\">Before handing the item to the child, remove all packaging parts. Save this information for future reference.<\/span><\/p>\n","protected":false},"excerpt":{"rendered":"<p>A great way for your little one to learn the art of riding a bike at an early age is with a balance bike! It is suitable for children from 2 to 5 years. It has an adjustable seat to a height of 32 to 35 cm. The rubber wheels are quiet and do not [&hellip;]<\/p>\n","protected":false},"featured_media":15159,"comment_status":"open","ping_status":"closed","template":"","meta":{"_acf_changed":false},"pwb-brand":[2074],"product_brand":[],"product_cat":[1724],"product_tag":[2791,2804,2262,2796],"class_list":{"0":"post-26812","1":"product","2":"type-product","3":"status-publish","4":"has-post-thumbnail","6":"pwb-brand-janod-en","7":"product_cat-childrens-balance-bikes","8":"product_tag-bike-en","9":"product_tag-bikloon-en","10":"product_tag-chidrens","11":"product_tag-wood","13":"first","14":"instock","15":"taxable","16":"shipping-taxable","17":"purchasable","18":"product-type-simple"},"acf":[],"yoast_head":"<!-- This site is optimized with the Yoast SEO plugin v25.8 - https:\/\/yoast.com\/wordpress\/plugins\/seo\/ -->\n<title>Wooden balance bike Bikloon - Talenti.si<\/title>\n<meta name=\"description\" content=\"A great way for your little one to learn the art of riding a bike at an early age is with a balance bike!\" \/>\n<meta name=\"robots\" content=\"index, follow, max-snippet:-1, max-image-preview:large, max-video-preview:-1\" \/>\n<link rel=\"canonical\" href=\"https:\/\/talenti.si\/en\/toys\/childrens-balance-bikes\/wooden-balance-bike-bikloon\/\" \/>\n<meta property=\"og:locale\" content=\"en_US\" \/>\n<meta property=\"og:type\" content=\"article\" \/>\n<meta property=\"og:title\" content=\"Wooden balance bike Bikloon - Talenti.si\" \/>\n<meta property=\"og:description\" content=\"A great way for your little one to learn the art of riding a bike at an early age is with a balance bike!\" \/>\n<meta property=\"og:url\" content=\"https:\/\/talenti.si\/en\/toys\/childrens-balance-bikes\/wooden-balance-bike-bikloon\/\" \/>\n<meta property=\"og:site_name\" content=\"Talenti.si\" \/>\n<meta property=\"article:modified_time\" content=\"2024-05-24T14:44:10+00:00\" \/>\n<meta property=\"og:image\" content=\"https:\/\/talenti.si\/wp-content\/uploads\/2022\/01\/j03263.jpg\" \/>\n\t<meta property=\"og:image:width\" content=\"1410\" \/>\n\t<meta property=\"og:image:height\" content=\"1500\" \/>\n\t<meta property=\"og:image:type\" content=\"image\/jpeg\" \/>\n<meta name=\"twitter:card\" content=\"summary_large_image\" \/>\n<meta name=\"twitter:label1\" content=\"Est. reading time\" \/>\n\t<meta name=\"twitter:data1\" content=\"2 minutes\" \/>\n<script type=\"application\/ld+json\" class=\"yoast-schema-graph\">{\"@context\":\"https:\/\/schema.org\",\"@graph\":[{\"@type\":\"WebPage\",\"@id\":\"https:\/\/talenti.si\/en\/toys\/childrens-balance-bikes\/wooden-balance-bike-bikloon\/\",\"url\":\"https:\/\/talenti.si\/en\/toys\/childrens-balance-bikes\/wooden-balance-bike-bikloon\/\",\"name\":\"Wooden balance bike Bikloon - Talenti.si\",\"isPartOf\":{\"@id\":\"https:\/\/talenti.si\/en\/#website\"},\"primaryImageOfPage\":{\"@id\":\"https:\/\/talenti.si\/en\/toys\/childrens-balance-bikes\/wooden-balance-bike-bikloon\/#primaryimage\"},\"image\":{\"@id\":\"https:\/\/talenti.si\/en\/toys\/childrens-balance-bikes\/wooden-balance-bike-bikloon\/#primaryimage\"},\"thumbnailUrl\":\"https:\/\/talenti.si\/wp-content\/uploads\/2022\/01\/j03263.jpg\",\"datePublished\":\"2018-03-02T11:47:08+00:00\",\"dateModified\":\"2024-05-24T14:44:10+00:00\",\"description\":\"A great way for your little one to learn the art of riding a bike at an early age is with a balance bike!\",\"breadcrumb\":{\"@id\":\"https:\/\/talenti.si\/en\/toys\/childrens-balance-bikes\/wooden-balance-bike-bikloon\/#breadcrumb\"},\"inLanguage\":\"en-US\",\"potentialAction\":[{\"@type\":\"ReadAction\",\"target\":[\"https:\/\/talenti.si\/en\/toys\/childrens-balance-bikes\/wooden-balance-bike-bikloon\/\"]}]},{\"@type\":\"ImageObject\",\"inLanguage\":\"en-US\",\"@id\":\"https:\/\/talenti.si\/en\/toys\/childrens-balance-bikes\/wooden-balance-bike-bikloon\/#primaryimage\",\"url\":\"https:\/\/talenti.si\/wp-content\/uploads\/2022\/01\/j03263.jpg\",\"contentUrl\":\"https:\/\/talenti.si\/wp-content\/uploads\/2022\/01\/j03263.jpg\",\"width\":1410,\"height\":1500},{\"@type\":\"BreadcrumbList\",\"@id\":\"https:\/\/talenti.si\/en\/toys\/childrens-balance-bikes\/wooden-balance-bike-bikloon\/#breadcrumb\",\"itemListElement\":[{\"@type\":\"ListItem\",\"position\":1,\"name\":\"Home\",\"item\":\"https:\/\/talenti.si\/en\/\"},{\"@type\":\"ListItem\",\"position\":2,\"name\":\"Shop\",\"item\":\"https:\/\/talenti.si\/en\/shop\/\"},{\"@type\":\"ListItem\",\"position\":3,\"name\":\"Wooden balance bike Bikloon\"}]},{\"@type\":\"WebSite\",\"@id\":\"https:\/\/talenti.si\/en\/#website\",\"url\":\"https:\/\/talenti.si\/en\/\",\"name\":\"Talenti.si\",\"description\":\"Spletna trgovina za vse \u017eonglerje in podobne talente. Vse za \u017eongliranje, yoyo, frizbi, bumerang, kite... in \u0161e in \u0161e.\",\"publisher\":{\"@id\":\"https:\/\/talenti.si\/en\/#organization\"},\"potentialAction\":[{\"@type\":\"SearchAction\",\"target\":{\"@type\":\"EntryPoint\",\"urlTemplate\":\"https:\/\/talenti.si\/en\/?s={search_term_string}\"},\"query-input\":{\"@type\":\"PropertyValueSpecification\",\"valueRequired\":true,\"valueName\":\"search_term_string\"}}],\"inLanguage\":\"en-US\"},{\"@type\":\"Organization\",\"@id\":\"https:\/\/talenti.si\/en\/#organization\",\"name\":\"Talenti.si\",\"url\":\"https:\/\/talenti.si\/en\/\",\"logo\":{\"@type\":\"ImageObject\",\"inLanguage\":\"en-US\",\"@id\":\"https:\/\/talenti.si\/en\/#\/schema\/logo\/image\/\",\"url\":\"https:\/\/talenti.si\/wp-content\/uploads\/2021\/12\/logo-talent-pravi-dark.png\",\"contentUrl\":\"https:\/\/talenti.si\/wp-content\/uploads\/2021\/12\/logo-talent-pravi-dark.png\",\"width\":145,\"height\":83,\"caption\":\"Talenti.si\"},\"image\":{\"@id\":\"https:\/\/talenti.si\/en\/#\/schema\/logo\/image\/\"}}]}<\/script>\n<!-- \/ Yoast SEO plugin. -->","yoast_head_json":{"title":"Wooden balance bike Bikloon - Talenti.si","description":"A great way for your little one to learn the art of riding a bike at an early age is with a balance bike!","robots":{"index":"index","follow":"follow","max-snippet":"max-snippet:-1","max-image-preview":"max-image-preview:large","max-video-preview":"max-video-preview:-1"},"canonical":"https:\/\/talenti.si\/en\/toys\/childrens-balance-bikes\/wooden-balance-bike-bikloon\/","og_locale":"en_US","og_type":"article","og_title":"Wooden balance bike Bikloon - Talenti.si","og_description":"A great way for your little one to learn the art of riding a bike at an early age is with a balance bike!","og_url":"https:\/\/talenti.si\/en\/toys\/childrens-balance-bikes\/wooden-balance-bike-bikloon\/","og_site_name":"Talenti.si","article_modified_time":"2024-05-24T14:44:10+00:00","og_image":[{"width":1410,"height":1500,"url":"https:\/\/talenti.si\/wp-content\/uploads\/2022\/01\/j03263.jpg","type":"image\/jpeg"}],"twitter_card":"summary_large_image","twitter_misc":{"Est. reading time":"2 minutes"},"schema":{"@context":"https:\/\/schema.org","@graph":[{"@type":"WebPage","@id":"https:\/\/talenti.si\/en\/toys\/childrens-balance-bikes\/wooden-balance-bike-bikloon\/","url":"https:\/\/talenti.si\/en\/toys\/childrens-balance-bikes\/wooden-balance-bike-bikloon\/","name":"Wooden balance bike Bikloon - Talenti.si","isPartOf":{"@id":"https:\/\/talenti.si\/en\/#website"},"primaryImageOfPage":{"@id":"https:\/\/talenti.si\/en\/toys\/childrens-balance-bikes\/wooden-balance-bike-bikloon\/#primaryimage"},"image":{"@id":"https:\/\/talenti.si\/en\/toys\/childrens-balance-bikes\/wooden-balance-bike-bikloon\/#primaryimage"},"thumbnailUrl":"https:\/\/talenti.si\/wp-content\/uploads\/2022\/01\/j03263.jpg","datePublished":"2018-03-02T11:47:08+00:00","dateModified":"2024-05-24T14:44:10+00:00","description":"A great way for your little one to learn the art of riding a bike at an early age is with a balance bike!","breadcrumb":{"@id":"https:\/\/talenti.si\/en\/toys\/childrens-balance-bikes\/wooden-balance-bike-bikloon\/#breadcrumb"},"inLanguage":"en-US","potentialAction":[{"@type":"ReadAction","target":["https:\/\/talenti.si\/en\/toys\/childrens-balance-bikes\/wooden-balance-bike-bikloon\/"]}]},{"@type":"ImageObject","inLanguage":"en-US","@id":"https:\/\/talenti.si\/en\/toys\/childrens-balance-bikes\/wooden-balance-bike-bikloon\/#primaryimage","url":"https:\/\/talenti.si\/wp-content\/uploads\/2022\/01\/j03263.jpg","contentUrl":"https:\/\/talenti.si\/wp-content\/uploads\/2022\/01\/j03263.jpg","width":1410,"height":1500},{"@type":"BreadcrumbList","@id":"https:\/\/talenti.si\/en\/toys\/childrens-balance-bikes\/wooden-balance-bike-bikloon\/#breadcrumb","itemListElement":[{"@type":"ListItem","position":1,"name":"Home","item":"https:\/\/talenti.si\/en\/"},{"@type":"ListItem","position":2,"name":"Shop","item":"https:\/\/talenti.si\/en\/shop\/"},{"@type":"ListItem","position":3,"name":"Wooden balance bike Bikloon"}]},{"@type":"WebSite","@id":"https:\/\/talenti.si\/en\/#website","url":"https:\/\/talenti.si\/en\/","name":"Talenti.si","description":"Spletna trgovina za vse \u017eonglerje in podobne talente. Vse za \u017eongliranje, yoyo, frizbi, bumerang, kite... in \u0161e in \u0161e.","publisher":{"@id":"https:\/\/talenti.si\/en\/#organization"},"potentialAction":[{"@type":"SearchAction","target":{"@type":"EntryPoint","urlTemplate":"https:\/\/talenti.si\/en\/?s={search_term_string}"},"query-input":{"@type":"PropertyValueSpecification","valueRequired":true,"valueName":"search_term_string"}}],"inLanguage":"en-US"},{"@type":"Organization","@id":"https:\/\/talenti.si\/en\/#organization","name":"Talenti.si","url":"https:\/\/talenti.si\/en\/","logo":{"@type":"ImageObject","inLanguage":"en-US","@id":"https:\/\/talenti.si\/en\/#\/schema\/logo\/image\/","url":"https:\/\/talenti.si\/wp-content\/uploads\/2021\/12\/logo-talent-pravi-dark.png","contentUrl":"https:\/\/talenti.si\/wp-content\/uploads\/2021\/12\/logo-talent-pravi-dark.png","width":145,"height":83,"caption":"Talenti.si"},"image":{"@id":"https:\/\/talenti.si\/en\/#\/schema\/logo\/image\/"}}]}},"brands":[{"id":2074,"name":"Janod","slug":"janod-en"}],"_links":{"self":[{"href":"https:\/\/talenti.si\/en\/wp-json\/wp\/v2\/product\/26812","targetHints":{"allow":["GET"]}}],"collection":[{"href":"https:\/\/talenti.si\/en\/wp-json\/wp\/v2\/product"}],"about":[{"href":"https:\/\/talenti.si\/en\/wp-json\/wp\/v2\/types\/product"}],"replies":[{"embeddable":true,"href":"https:\/\/talenti.si\/en\/wp-json\/wp\/v2\/comments?post=26812"}],"wp:featuredmedia":[{"embeddable":true,"href":"https:\/\/talenti.si\/en\/wp-json\/wp\/v2\/media\/15159"}],"wp:attachment":[{"href":"https:\/\/talenti.si\/en\/wp-json\/wp\/v2\/media?parent=26812"}],"wp:term":[{"taxonomy":"pwb-brand","embeddable":true,"href":"https:\/\/talenti.si\/en\/wp-json\/wp\/v2\/pwb-brand?post=26812"},{"taxonomy":"product_brand","embeddable":true,"href":"https:\/\/talenti.si\/en\/wp-json\/wp\/v2\/product_brand?post=26812"},{"taxonomy":"product_cat","embeddable":true,"href":"https:\/\/talenti.si\/en\/wp-json\/wp\/v2\/product_cat?post=26812"},{"taxonomy":"product_tag","embeddable":true,"href":"https:\/\/talenti.si\/en\/wp-json\/wp\/v2\/product_tag?post=26812"}],"curies":[{"name":"wp","href":"https:\/\/api.w.org\/{rel}","templated":true}]}}