{"id":27297,"date":"2022-12-15T12:24:20","date_gmt":"2022-12-15T12:24:20","guid":{"rendered":"https:\/\/talenti.si\/uncategorized\/weekend-bag-chillos-the-sloth\/"},"modified":"2022-12-15T12:24:20","modified_gmt":"2022-12-15T12:24:20","slug":"weekend-bag-chillos-the-sloth","status":"publish","type":"product","link":"https:\/\/talenti.si\/en\/miscellaneous\/childrens-backpacks-and-accessories\/weekend-bag-chillos-the-sloth\/","title":{"rendered":"Weekend bag Chillos the sloth"},"content":{"rendered":"<p><strong>The French brand Les D\u00e9glingos is ideal for accompanying your little one just everywhere!<\/strong><\/p>\n<p>This weekend-size bag is ideal for travel by young, medium and large children!<br \/>\nAnd why not a diaper bag for trendy mums or a sports bag for ramshackle teenagers? With its famous corduroy and an ultra-resistant jute canvas bottom, the Chillos the lazy weekend bag is the essential accessory for carrying all your belongings! Inside, find the pretty Chillos pattern as well as an elasticated pocket.<\/p>\n<div class=\"video-container responsive-embed widescreen\"><iframe loading=\"lazy\" title=\"Des sacs rigolos !\" width=\"900\" height=\"506\" src=\"https:\/\/www.youtube.com\/embed\/EHnAKWw-3eI?feature=oembed\" frameborder=\"0\" allow=\"accelerometer; autoplay; clipboard-write; encrypted-media; gyroscope; picture-in-picture; web-share\" allowfullscreen><\/iframe><\/div>\n<p><strong>Features:<\/strong><\/p>\n<ul>\n<li>Dimensions: <strong>25<\/strong> x <strong>45<\/strong> x <strong>23<\/strong> cm<\/li>\n<li>Materials &#8211; <strong>recycled cotton and polyester, velvet, jute canvas<\/strong>; inner lining &#8211; <strong>recycled polyester<\/strong><\/li>\n<li>Care instructions: do not wash, wipe with a damp cloth and air dry<\/li>\n<li>Recommended age: <strong>3+<\/strong><\/li>\n<li>Made <strong>in France<\/strong><\/li>\n<\/ul>\n<p><strong style=\"font-size: 10px;\">WARNING!<\/strong><span style=\"font-size: 10px;\"> <\/span><span style=\"font-size: 10px;\">This product is not suitable for children under 3 years of age. Small parts can be a choking hazard if inhaled or swallowed. The product contains a long rope that can pose a choking hazard to children. Remove packaging before handing it to a child. Save this information for future reference.<\/span><\/p>\n","protected":false},"excerpt":{"rendered":"<p>The French brand Les D\u00e9glingos is ideal for accompanying your little one just everywhere! This weekend-size bag is ideal for travel by young, medium and large children! And why not a diaper bag for trendy mums or a sports bag for ramshackle teenagers? With its famous corduroy and an ultra-resistant jute canvas bottom, the Chillos [&hellip;]<\/p>\n","protected":false},"featured_media":20655,"comment_status":"open","ping_status":"closed","template":"","meta":{"_acf_changed":false},"pwb-brand":[2082],"product_brand":[],"product_cat":[1755],"product_tag":[3133,2948,3134,3167],"class_list":{"0":"post-27297","1":"product","2":"type-product","3":"status-publish","4":"has-post-thumbnail","6":"pwb-brand-les-deglingos-en","7":"product_cat-childrens-backpacks-and-accessories","8":"product_tag-bag-en-2","9":"product_tag-kids","10":"product_tag-les-deglingos-en","11":"product_tag-velvet-en-2","13":"first","14":"outofstock","15":"taxable","16":"shipping-taxable","17":"purchasable","18":"product-type-simple"},"acf":[],"yoast_head":"<!-- This site is optimized with the Yoast SEO plugin v25.8 - https:\/\/yoast.com\/wordpress\/plugins\/seo\/ -->\n<title>Weekend bag Chillos the sloth - Talenti.si<\/title>\n<meta name=\"robots\" content=\"index, follow, max-snippet:-1, max-image-preview:large, max-video-preview:-1\" \/>\n<link rel=\"canonical\" href=\"https:\/\/talenti.si\/en\/miscellaneous\/childrens-backpacks-and-accessories\/weekend-bag-chillos-the-sloth\/\" \/>\n<meta property=\"og:locale\" content=\"en_US\" \/>\n<meta property=\"og:type\" content=\"article\" \/>\n<meta property=\"og:title\" content=\"Weekend bag Chillos the sloth - Talenti.si\" \/>\n<meta property=\"og:description\" content=\"The French brand Les D\u00e9glingos is ideal for accompanying your little one just everywhere! This weekend-size bag is ideal for travel by young, medium and large children! And why not a diaper bag for trendy mums or a sports bag for ramshackle teenagers? With its famous corduroy and an ultra-resistant jute canvas bottom, the Chillos [&hellip;]\" \/>\n<meta property=\"og:url\" content=\"https:\/\/talenti.si\/en\/miscellaneous\/childrens-backpacks-and-accessories\/weekend-bag-chillos-the-sloth\/\" \/>\n<meta property=\"og:site_name\" content=\"Talenti.si\" \/>\n<meta property=\"og:image\" content=\"https:\/\/talenti.si\/wp-content\/uploads\/2022\/12\/zametna-torba-lenivec.webp\" \/>\n\t<meta property=\"og:image:width\" content=\"540\" \/>\n\t<meta property=\"og:image:height\" content=\"360\" \/>\n\t<meta property=\"og:image:type\" content=\"image\/webp\" \/>\n<meta name=\"twitter:card\" content=\"summary_large_image\" \/>\n<meta name=\"twitter:label1\" content=\"Est. reading time\" \/>\n\t<meta name=\"twitter:data1\" content=\"1 minute\" \/>\n<script type=\"application\/ld+json\" class=\"yoast-schema-graph\">{\"@context\":\"https:\/\/schema.org\",\"@graph\":[{\"@type\":\"WebPage\",\"@id\":\"https:\/\/talenti.si\/en\/miscellaneous\/childrens-backpacks-and-accessories\/weekend-bag-chillos-the-sloth\/\",\"url\":\"https:\/\/talenti.si\/en\/miscellaneous\/childrens-backpacks-and-accessories\/weekend-bag-chillos-the-sloth\/\",\"name\":\"Weekend bag Chillos the sloth - Talenti.si\",\"isPartOf\":{\"@id\":\"https:\/\/talenti.si\/en\/#website\"},\"primaryImageOfPage\":{\"@id\":\"https:\/\/talenti.si\/en\/miscellaneous\/childrens-backpacks-and-accessories\/weekend-bag-chillos-the-sloth\/#primaryimage\"},\"image\":{\"@id\":\"https:\/\/talenti.si\/en\/miscellaneous\/childrens-backpacks-and-accessories\/weekend-bag-chillos-the-sloth\/#primaryimage\"},\"thumbnailUrl\":\"https:\/\/talenti.si\/wp-content\/uploads\/2022\/12\/zametna-torba-lenivec.webp\",\"datePublished\":\"2022-12-15T12:24:20+00:00\",\"breadcrumb\":{\"@id\":\"https:\/\/talenti.si\/en\/miscellaneous\/childrens-backpacks-and-accessories\/weekend-bag-chillos-the-sloth\/#breadcrumb\"},\"inLanguage\":\"en-US\",\"potentialAction\":[{\"@type\":\"ReadAction\",\"target\":[\"https:\/\/talenti.si\/en\/miscellaneous\/childrens-backpacks-and-accessories\/weekend-bag-chillos-the-sloth\/\"]}]},{\"@type\":\"ImageObject\",\"inLanguage\":\"en-US\",\"@id\":\"https:\/\/talenti.si\/en\/miscellaneous\/childrens-backpacks-and-accessories\/weekend-bag-chillos-the-sloth\/#primaryimage\",\"url\":\"https:\/\/talenti.si\/wp-content\/uploads\/2022\/12\/zametna-torba-lenivec.webp\",\"contentUrl\":\"https:\/\/talenti.si\/wp-content\/uploads\/2022\/12\/zametna-torba-lenivec.webp\",\"width\":540,\"height\":360},{\"@type\":\"BreadcrumbList\",\"@id\":\"https:\/\/talenti.si\/en\/miscellaneous\/childrens-backpacks-and-accessories\/weekend-bag-chillos-the-sloth\/#breadcrumb\",\"itemListElement\":[{\"@type\":\"ListItem\",\"position\":1,\"name\":\"Home\",\"item\":\"https:\/\/talenti.si\/en\/\"},{\"@type\":\"ListItem\",\"position\":2,\"name\":\"Shop\",\"item\":\"https:\/\/talenti.si\/en\/shop\/\"},{\"@type\":\"ListItem\",\"position\":3,\"name\":\"Weekend bag Chillos the sloth\"}]},{\"@type\":\"WebSite\",\"@id\":\"https:\/\/talenti.si\/en\/#website\",\"url\":\"https:\/\/talenti.si\/en\/\",\"name\":\"Talenti.si\",\"description\":\"Spletna trgovina za vse \u017eonglerje in podobne talente. Vse za \u017eongliranje, yoyo, frizbi, bumerang, kite... in \u0161e in \u0161e.\",\"publisher\":{\"@id\":\"https:\/\/talenti.si\/en\/#organization\"},\"potentialAction\":[{\"@type\":\"SearchAction\",\"target\":{\"@type\":\"EntryPoint\",\"urlTemplate\":\"https:\/\/talenti.si\/en\/?s={search_term_string}\"},\"query-input\":{\"@type\":\"PropertyValueSpecification\",\"valueRequired\":true,\"valueName\":\"search_term_string\"}}],\"inLanguage\":\"en-US\"},{\"@type\":\"Organization\",\"@id\":\"https:\/\/talenti.si\/en\/#organization\",\"name\":\"Talenti.si\",\"url\":\"https:\/\/talenti.si\/en\/\",\"logo\":{\"@type\":\"ImageObject\",\"inLanguage\":\"en-US\",\"@id\":\"https:\/\/talenti.si\/en\/#\/schema\/logo\/image\/\",\"url\":\"https:\/\/talenti.si\/wp-content\/uploads\/2021\/12\/logo-talent-pravi-dark.png\",\"contentUrl\":\"https:\/\/talenti.si\/wp-content\/uploads\/2021\/12\/logo-talent-pravi-dark.png\",\"width\":145,\"height\":83,\"caption\":\"Talenti.si\"},\"image\":{\"@id\":\"https:\/\/talenti.si\/en\/#\/schema\/logo\/image\/\"}}]}<\/script>\n<!-- \/ Yoast SEO plugin. -->","yoast_head_json":{"title":"Weekend bag Chillos the sloth - Talenti.si","robots":{"index":"index","follow":"follow","max-snippet":"max-snippet:-1","max-image-preview":"max-image-preview:large","max-video-preview":"max-video-preview:-1"},"canonical":"https:\/\/talenti.si\/en\/miscellaneous\/childrens-backpacks-and-accessories\/weekend-bag-chillos-the-sloth\/","og_locale":"en_US","og_type":"article","og_title":"Weekend bag Chillos the sloth - Talenti.si","og_description":"The French brand Les D\u00e9glingos is ideal for accompanying your little one just everywhere! This weekend-size bag is ideal for travel by young, medium and large children! And why not a diaper bag for trendy mums or a sports bag for ramshackle teenagers? With its famous corduroy and an ultra-resistant jute canvas bottom, the Chillos [&hellip;]","og_url":"https:\/\/talenti.si\/en\/miscellaneous\/childrens-backpacks-and-accessories\/weekend-bag-chillos-the-sloth\/","og_site_name":"Talenti.si","og_image":[{"width":540,"height":360,"url":"https:\/\/talenti.si\/wp-content\/uploads\/2022\/12\/zametna-torba-lenivec.webp","type":"image\/webp"}],"twitter_card":"summary_large_image","twitter_misc":{"Est. reading time":"1 minute"},"schema":{"@context":"https:\/\/schema.org","@graph":[{"@type":"WebPage","@id":"https:\/\/talenti.si\/en\/miscellaneous\/childrens-backpacks-and-accessories\/weekend-bag-chillos-the-sloth\/","url":"https:\/\/talenti.si\/en\/miscellaneous\/childrens-backpacks-and-accessories\/weekend-bag-chillos-the-sloth\/","name":"Weekend bag Chillos the sloth - Talenti.si","isPartOf":{"@id":"https:\/\/talenti.si\/en\/#website"},"primaryImageOfPage":{"@id":"https:\/\/talenti.si\/en\/miscellaneous\/childrens-backpacks-and-accessories\/weekend-bag-chillos-the-sloth\/#primaryimage"},"image":{"@id":"https:\/\/talenti.si\/en\/miscellaneous\/childrens-backpacks-and-accessories\/weekend-bag-chillos-the-sloth\/#primaryimage"},"thumbnailUrl":"https:\/\/talenti.si\/wp-content\/uploads\/2022\/12\/zametna-torba-lenivec.webp","datePublished":"2022-12-15T12:24:20+00:00","breadcrumb":{"@id":"https:\/\/talenti.si\/en\/miscellaneous\/childrens-backpacks-and-accessories\/weekend-bag-chillos-the-sloth\/#breadcrumb"},"inLanguage":"en-US","potentialAction":[{"@type":"ReadAction","target":["https:\/\/talenti.si\/en\/miscellaneous\/childrens-backpacks-and-accessories\/weekend-bag-chillos-the-sloth\/"]}]},{"@type":"ImageObject","inLanguage":"en-US","@id":"https:\/\/talenti.si\/en\/miscellaneous\/childrens-backpacks-and-accessories\/weekend-bag-chillos-the-sloth\/#primaryimage","url":"https:\/\/talenti.si\/wp-content\/uploads\/2022\/12\/zametna-torba-lenivec.webp","contentUrl":"https:\/\/talenti.si\/wp-content\/uploads\/2022\/12\/zametna-torba-lenivec.webp","width":540,"height":360},{"@type":"BreadcrumbList","@id":"https:\/\/talenti.si\/en\/miscellaneous\/childrens-backpacks-and-accessories\/weekend-bag-chillos-the-sloth\/#breadcrumb","itemListElement":[{"@type":"ListItem","position":1,"name":"Home","item":"https:\/\/talenti.si\/en\/"},{"@type":"ListItem","position":2,"name":"Shop","item":"https:\/\/talenti.si\/en\/shop\/"},{"@type":"ListItem","position":3,"name":"Weekend bag Chillos the sloth"}]},{"@type":"WebSite","@id":"https:\/\/talenti.si\/en\/#website","url":"https:\/\/talenti.si\/en\/","name":"Talenti.si","description":"Spletna trgovina za vse \u017eonglerje in podobne talente. Vse za \u017eongliranje, yoyo, frizbi, bumerang, kite... in \u0161e in \u0161e.","publisher":{"@id":"https:\/\/talenti.si\/en\/#organization"},"potentialAction":[{"@type":"SearchAction","target":{"@type":"EntryPoint","urlTemplate":"https:\/\/talenti.si\/en\/?s={search_term_string}"},"query-input":{"@type":"PropertyValueSpecification","valueRequired":true,"valueName":"search_term_string"}}],"inLanguage":"en-US"},{"@type":"Organization","@id":"https:\/\/talenti.si\/en\/#organization","name":"Talenti.si","url":"https:\/\/talenti.si\/en\/","logo":{"@type":"ImageObject","inLanguage":"en-US","@id":"https:\/\/talenti.si\/en\/#\/schema\/logo\/image\/","url":"https:\/\/talenti.si\/wp-content\/uploads\/2021\/12\/logo-talent-pravi-dark.png","contentUrl":"https:\/\/talenti.si\/wp-content\/uploads\/2021\/12\/logo-talent-pravi-dark.png","width":145,"height":83,"caption":"Talenti.si"},"image":{"@id":"https:\/\/talenti.si\/en\/#\/schema\/logo\/image\/"}}]}},"brands":[{"id":2082,"name":"Les D\u00e9glingos","slug":"les-deglingos-en"}],"_links":{"self":[{"href":"https:\/\/talenti.si\/en\/wp-json\/wp\/v2\/product\/27297","targetHints":{"allow":["GET"]}}],"collection":[{"href":"https:\/\/talenti.si\/en\/wp-json\/wp\/v2\/product"}],"about":[{"href":"https:\/\/talenti.si\/en\/wp-json\/wp\/v2\/types\/product"}],"replies":[{"embeddable":true,"href":"https:\/\/talenti.si\/en\/wp-json\/wp\/v2\/comments?post=27297"}],"wp:featuredmedia":[{"embeddable":true,"href":"https:\/\/talenti.si\/en\/wp-json\/wp\/v2\/media\/20655"}],"wp:attachment":[{"href":"https:\/\/talenti.si\/en\/wp-json\/wp\/v2\/media?parent=27297"}],"wp:term":[{"taxonomy":"pwb-brand","embeddable":true,"href":"https:\/\/talenti.si\/en\/wp-json\/wp\/v2\/pwb-brand?post=27297"},{"taxonomy":"product_brand","embeddable":true,"href":"https:\/\/talenti.si\/en\/wp-json\/wp\/v2\/product_brand?post=27297"},{"taxonomy":"product_cat","embeddable":true,"href":"https:\/\/talenti.si\/en\/wp-json\/wp\/v2\/product_cat?post=27297"},{"taxonomy":"product_tag","embeddable":true,"href":"https:\/\/talenti.si\/en\/wp-json\/wp\/v2\/product_tag?post=27297"}],"curies":[{"name":"wp","href":"https:\/\/api.w.org\/{rel}","templated":true}]}}