{"id":27477,"date":"2022-11-21T13:32:31","date_gmt":"2022-11-21T13:32:31","guid":{"rendered":"https:\/\/talenti.si\/uncategorized\/janod-pocket-cow-and-donkey\/"},"modified":"2024-06-06T19:17:00","modified_gmt":"2024-06-06T19:17:00","slug":"janod-pocket-cow-and-donkey","status":"publish","type":"product","link":"https:\/\/talenti.si\/en\/uncategorized\/janod-pocket-cow-and-donkey\/","title":{"rendered":"Janod pocket Cow and Donkey"},"content":{"rendered":"<p>Let your child explore Janod&#8217;s wonderful Push Up Puppet.<\/p>\n<div>Push the spring in the base and make the animal move all around! You can choose between a cute co or lovely donkey. Made from sustainably and responsibly sourced wood and soft felt for the ears.<\/div>\n<div>\n<p>Your little ones will have so much fun with this dancing animal, so they will keep it in their pocket all the time!<\/p>\n<\/div>\n<div><strong>Features:<\/strong><\/div>\n<div>\n<ul>\n<li>Dimensions: <strong>4,7<\/strong> x <strong>4,7<\/strong> x <strong>12 <\/strong>cm<\/li>\n<li>Materials &#8211; <strong>wood<\/strong><\/li>\n<li>Recommended age: <strong>3+<\/strong><\/li>\n<\/ul>\n<\/div>\n<p><strong style=\"font-size: 10px;\">WARNING!<\/strong><span style=\"font-size: 10px;\"> <\/span><span style=\"font-size: 10px;\">This product is not suitable for children under 3 years of age. Small parts can be a choking hazard if inhaled or swallowed. Remove packaging before handing it to a child. Save this information for future reference.<\/span><\/p>\n","protected":false},"excerpt":{"rendered":"<p>Let your child explore Janod&#8217;s wonderful Push Up Puppet. Push the spring in the base and make the animal move all around! You can choose between a cute co or lovely donkey. Made from sustainably and responsibly sourced wood and soft felt for the ears. Your little ones will have so much fun with this [&hellip;]<\/p>\n","protected":false},"featured_media":19944,"comment_status":"open","ping_status":"closed","template":"","meta":{"_acf_changed":false},"pwb-brand":[],"product_brand":[],"product_cat":[],"product_tag":[],"class_list":{"0":"post-27477","1":"product","2":"type-product","3":"status-publish","4":"has-post-thumbnail","7":"first","8":"outofstock","9":"taxable","10":"shipping-taxable","11":"purchasable","12":"product-type-simple"},"acf":[],"yoast_head":"<!-- This site is optimized with the Yoast SEO plugin v25.8 - https:\/\/yoast.com\/wordpress\/plugins\/seo\/ -->\n<title>Janod pocket Cow and Donkey - Talenti.si<\/title>\n<meta name=\"description\" content=\"Let your child explore Janod&#039;s wonderful Push Up Puppet.\" \/>\n<meta name=\"robots\" content=\"index, follow, max-snippet:-1, max-image-preview:large, max-video-preview:-1\" \/>\n<link rel=\"canonical\" href=\"https:\/\/talenti.si\/en\/uncategorized\/janod-pocket-cow-and-donkey\/\" \/>\n<meta property=\"og:locale\" content=\"en_US\" \/>\n<meta property=\"og:type\" content=\"article\" \/>\n<meta property=\"og:title\" content=\"Janod pocket Cow and Donkey - Talenti.si\" \/>\n<meta property=\"og:description\" content=\"Let your child explore Janod&#039;s wonderful Push Up Puppet.\" \/>\n<meta property=\"og:url\" content=\"https:\/\/talenti.si\/en\/uncategorized\/janod-pocket-cow-and-donkey\/\" \/>\n<meta property=\"og:site_name\" content=\"Talenti.si\" \/>\n<meta property=\"article:modified_time\" content=\"2024-06-06T19:17:00+00:00\" \/>\n<meta property=\"og:image\" content=\"https:\/\/talenti.si\/wp-content\/uploads\/2022\/11\/zepna-igraca.webp\" \/>\n\t<meta property=\"og:image:width\" content=\"1200\" \/>\n\t<meta property=\"og:image:height\" content=\"1200\" \/>\n\t<meta property=\"og:image:type\" content=\"image\/webp\" \/>\n<meta name=\"twitter:card\" content=\"summary_large_image\" \/>\n<meta name=\"twitter:label1\" content=\"Est. reading time\" \/>\n\t<meta name=\"twitter:data1\" content=\"1 minute\" \/>\n<script type=\"application\/ld+json\" class=\"yoast-schema-graph\">{\"@context\":\"https:\/\/schema.org\",\"@graph\":[{\"@type\":\"WebPage\",\"@id\":\"https:\/\/talenti.si\/en\/uncategorized\/janod-pocket-cow-and-donkey\/\",\"url\":\"https:\/\/talenti.si\/en\/uncategorized\/janod-pocket-cow-and-donkey\/\",\"name\":\"Janod pocket Cow and Donkey - Talenti.si\",\"isPartOf\":{\"@id\":\"https:\/\/talenti.si\/en\/#website\"},\"primaryImageOfPage\":{\"@id\":\"https:\/\/talenti.si\/en\/uncategorized\/janod-pocket-cow-and-donkey\/#primaryimage\"},\"image\":{\"@id\":\"https:\/\/talenti.si\/en\/uncategorized\/janod-pocket-cow-and-donkey\/#primaryimage\"},\"thumbnailUrl\":\"https:\/\/talenti.si\/wp-content\/uploads\/2022\/11\/zepna-igraca.webp\",\"datePublished\":\"2022-11-21T13:32:31+00:00\",\"dateModified\":\"2024-06-06T19:17:00+00:00\",\"description\":\"Let your child explore Janod's wonderful Push Up Puppet.\",\"breadcrumb\":{\"@id\":\"https:\/\/talenti.si\/en\/uncategorized\/janod-pocket-cow-and-donkey\/#breadcrumb\"},\"inLanguage\":\"en-US\",\"potentialAction\":[{\"@type\":\"ReadAction\",\"target\":[\"https:\/\/talenti.si\/en\/uncategorized\/janod-pocket-cow-and-donkey\/\"]}]},{\"@type\":\"ImageObject\",\"inLanguage\":\"en-US\",\"@id\":\"https:\/\/talenti.si\/en\/uncategorized\/janod-pocket-cow-and-donkey\/#primaryimage\",\"url\":\"https:\/\/talenti.si\/wp-content\/uploads\/2022\/11\/zepna-igraca.webp\",\"contentUrl\":\"https:\/\/talenti.si\/wp-content\/uploads\/2022\/11\/zepna-igraca.webp\",\"width\":1200,\"height\":1200},{\"@type\":\"BreadcrumbList\",\"@id\":\"https:\/\/talenti.si\/en\/uncategorized\/janod-pocket-cow-and-donkey\/#breadcrumb\",\"itemListElement\":[{\"@type\":\"ListItem\",\"position\":1,\"name\":\"Home\",\"item\":\"https:\/\/talenti.si\/en\/\"},{\"@type\":\"ListItem\",\"position\":2,\"name\":\"Shop\",\"item\":\"https:\/\/talenti.si\/en\/shop\/\"},{\"@type\":\"ListItem\",\"position\":3,\"name\":\"Janod pocket Cow and Donkey\"}]},{\"@type\":\"WebSite\",\"@id\":\"https:\/\/talenti.si\/en\/#website\",\"url\":\"https:\/\/talenti.si\/en\/\",\"name\":\"Talenti.si\",\"description\":\"Spletna trgovina za vse \u017eonglerje in podobne talente. Vse za \u017eongliranje, yoyo, frizbi, bumerang, kite... in \u0161e in \u0161e.\",\"publisher\":{\"@id\":\"https:\/\/talenti.si\/en\/#organization\"},\"potentialAction\":[{\"@type\":\"SearchAction\",\"target\":{\"@type\":\"EntryPoint\",\"urlTemplate\":\"https:\/\/talenti.si\/en\/?s={search_term_string}\"},\"query-input\":{\"@type\":\"PropertyValueSpecification\",\"valueRequired\":true,\"valueName\":\"search_term_string\"}}],\"inLanguage\":\"en-US\"},{\"@type\":\"Organization\",\"@id\":\"https:\/\/talenti.si\/en\/#organization\",\"name\":\"Talenti.si\",\"url\":\"https:\/\/talenti.si\/en\/\",\"logo\":{\"@type\":\"ImageObject\",\"inLanguage\":\"en-US\",\"@id\":\"https:\/\/talenti.si\/en\/#\/schema\/logo\/image\/\",\"url\":\"https:\/\/talenti.si\/wp-content\/uploads\/2021\/12\/logo-talent-pravi-dark.png\",\"contentUrl\":\"https:\/\/talenti.si\/wp-content\/uploads\/2021\/12\/logo-talent-pravi-dark.png\",\"width\":145,\"height\":83,\"caption\":\"Talenti.si\"},\"image\":{\"@id\":\"https:\/\/talenti.si\/en\/#\/schema\/logo\/image\/\"}}]}<\/script>\n<!-- \/ Yoast SEO plugin. -->","yoast_head_json":{"title":"Janod pocket Cow and Donkey - Talenti.si","description":"Let your child explore Janod's wonderful Push Up Puppet.","robots":{"index":"index","follow":"follow","max-snippet":"max-snippet:-1","max-image-preview":"max-image-preview:large","max-video-preview":"max-video-preview:-1"},"canonical":"https:\/\/talenti.si\/en\/uncategorized\/janod-pocket-cow-and-donkey\/","og_locale":"en_US","og_type":"article","og_title":"Janod pocket Cow and Donkey - Talenti.si","og_description":"Let your child explore Janod's wonderful Push Up Puppet.","og_url":"https:\/\/talenti.si\/en\/uncategorized\/janod-pocket-cow-and-donkey\/","og_site_name":"Talenti.si","article_modified_time":"2024-06-06T19:17:00+00:00","og_image":[{"width":1200,"height":1200,"url":"https:\/\/talenti.si\/wp-content\/uploads\/2022\/11\/zepna-igraca.webp","type":"image\/webp"}],"twitter_card":"summary_large_image","twitter_misc":{"Est. reading time":"1 minute"},"schema":{"@context":"https:\/\/schema.org","@graph":[{"@type":"WebPage","@id":"https:\/\/talenti.si\/en\/uncategorized\/janod-pocket-cow-and-donkey\/","url":"https:\/\/talenti.si\/en\/uncategorized\/janod-pocket-cow-and-donkey\/","name":"Janod pocket Cow and Donkey - Talenti.si","isPartOf":{"@id":"https:\/\/talenti.si\/en\/#website"},"primaryImageOfPage":{"@id":"https:\/\/talenti.si\/en\/uncategorized\/janod-pocket-cow-and-donkey\/#primaryimage"},"image":{"@id":"https:\/\/talenti.si\/en\/uncategorized\/janod-pocket-cow-and-donkey\/#primaryimage"},"thumbnailUrl":"https:\/\/talenti.si\/wp-content\/uploads\/2022\/11\/zepna-igraca.webp","datePublished":"2022-11-21T13:32:31+00:00","dateModified":"2024-06-06T19:17:00+00:00","description":"Let your child explore Janod's wonderful Push Up Puppet.","breadcrumb":{"@id":"https:\/\/talenti.si\/en\/uncategorized\/janod-pocket-cow-and-donkey\/#breadcrumb"},"inLanguage":"en-US","potentialAction":[{"@type":"ReadAction","target":["https:\/\/talenti.si\/en\/uncategorized\/janod-pocket-cow-and-donkey\/"]}]},{"@type":"ImageObject","inLanguage":"en-US","@id":"https:\/\/talenti.si\/en\/uncategorized\/janod-pocket-cow-and-donkey\/#primaryimage","url":"https:\/\/talenti.si\/wp-content\/uploads\/2022\/11\/zepna-igraca.webp","contentUrl":"https:\/\/talenti.si\/wp-content\/uploads\/2022\/11\/zepna-igraca.webp","width":1200,"height":1200},{"@type":"BreadcrumbList","@id":"https:\/\/talenti.si\/en\/uncategorized\/janod-pocket-cow-and-donkey\/#breadcrumb","itemListElement":[{"@type":"ListItem","position":1,"name":"Home","item":"https:\/\/talenti.si\/en\/"},{"@type":"ListItem","position":2,"name":"Shop","item":"https:\/\/talenti.si\/en\/shop\/"},{"@type":"ListItem","position":3,"name":"Janod pocket Cow and Donkey"}]},{"@type":"WebSite","@id":"https:\/\/talenti.si\/en\/#website","url":"https:\/\/talenti.si\/en\/","name":"Talenti.si","description":"Spletna trgovina za vse \u017eonglerje in podobne talente. Vse za \u017eongliranje, yoyo, frizbi, bumerang, kite... in \u0161e in \u0161e.","publisher":{"@id":"https:\/\/talenti.si\/en\/#organization"},"potentialAction":[{"@type":"SearchAction","target":{"@type":"EntryPoint","urlTemplate":"https:\/\/talenti.si\/en\/?s={search_term_string}"},"query-input":{"@type":"PropertyValueSpecification","valueRequired":true,"valueName":"search_term_string"}}],"inLanguage":"en-US"},{"@type":"Organization","@id":"https:\/\/talenti.si\/en\/#organization","name":"Talenti.si","url":"https:\/\/talenti.si\/en\/","logo":{"@type":"ImageObject","inLanguage":"en-US","@id":"https:\/\/talenti.si\/en\/#\/schema\/logo\/image\/","url":"https:\/\/talenti.si\/wp-content\/uploads\/2021\/12\/logo-talent-pravi-dark.png","contentUrl":"https:\/\/talenti.si\/wp-content\/uploads\/2021\/12\/logo-talent-pravi-dark.png","width":145,"height":83,"caption":"Talenti.si"},"image":{"@id":"https:\/\/talenti.si\/en\/#\/schema\/logo\/image\/"}}]}},"brands":[],"_links":{"self":[{"href":"https:\/\/talenti.si\/en\/wp-json\/wp\/v2\/product\/27477","targetHints":{"allow":["GET"]}}],"collection":[{"href":"https:\/\/talenti.si\/en\/wp-json\/wp\/v2\/product"}],"about":[{"href":"https:\/\/talenti.si\/en\/wp-json\/wp\/v2\/types\/product"}],"replies":[{"embeddable":true,"href":"https:\/\/talenti.si\/en\/wp-json\/wp\/v2\/comments?post=27477"}],"wp:featuredmedia":[{"embeddable":true,"href":"https:\/\/talenti.si\/en\/wp-json\/wp\/v2\/media\/19944"}],"wp:attachment":[{"href":"https:\/\/talenti.si\/en\/wp-json\/wp\/v2\/media?parent=27477"}],"wp:term":[{"taxonomy":"pwb-brand","embeddable":true,"href":"https:\/\/talenti.si\/en\/wp-json\/wp\/v2\/pwb-brand?post=27477"},{"taxonomy":"product_brand","embeddable":true,"href":"https:\/\/talenti.si\/en\/wp-json\/wp\/v2\/product_brand?post=27477"},{"taxonomy":"product_cat","embeddable":true,"href":"https:\/\/talenti.si\/en\/wp-json\/wp\/v2\/product_cat?post=27477"},{"taxonomy":"product_tag","embeddable":true,"href":"https:\/\/talenti.si\/en\/wp-json\/wp\/v2\/product_tag?post=27477"}],"curies":[{"name":"wp","href":"https:\/\/api.w.org\/{rel}","templated":true}]}}