{"id":27519,"date":"2022-11-14T12:26:31","date_gmt":"2022-11-14T12:26:31","guid":{"rendered":"https:\/\/talenti.si\/uncategorized\/sentosphere-sablimage-endangered-animals\/"},"modified":"2023-08-03T11:54:52","modified_gmt":"2023-08-03T11:54:52","slug":"sentosphere-sablimage-endangered-animals","status":"publish","type":"product","link":"https:\/\/talenti.si\/en\/miscellaneous\/creating-and-exploring\/sentosphere-sablimage-endangered-animals\/","title":{"rendered":"Sentosphere Sablimage Endangered animals"},"content":{"rendered":"<div class=\"wpb-content-wrapper\"><p>[vc_row][vc_column][vc_column_text]<strong>Awakening the inner artist with Sentosphere!<\/strong><\/p>\n<p>Starting 4 years old, children will enjoy this fun arts &amp; crafts activity to create beautiful sand art of endangered animals! With this kit and its sand pots, add colour and texture to a panda, a tiger, a koala and an Asian duck. These animals are as beautiful as they are endangered. Sablimage is a fun arts &amp; crafts range that was specially designed so that you children can easily and freely create sand art, without making a mess. Just remove the pre-cut protective surface and sprinkle over the different colours of sand. With every added colour, each illustration will come to life and turn into a true masterpiece. A fun, perfect and guaranteed result for artists of all ages!<\/p>\n<div class=\"video-container responsive-embed widescreen\"><iframe loading=\"lazy\" title=\"Sablimage - Sentosphere\" width=\"900\" height=\"506\" src=\"https:\/\/www.youtube.com\/embed\/Fk0BQieuRz8?feature=oembed\" frameborder=\"0\" allow=\"accelerometer; autoplay; clipboard-write; encrypted-media; gyroscope; picture-in-picture; web-share\" allowfullscreen><\/iframe><\/div>\n<p><strong>Features:<\/strong><\/p>\n<ul>\n<li>Contains: more than <strong>15<\/strong> pots of coloured sand + <strong>4<\/strong> highly qualitative, thick and pre-cut adhesive boards with a protective layer + small plastic knife + instructions<\/li>\n<li>Packaging dimensions: \u200e<strong>20<\/strong> x <strong>27<\/strong> x <strong>3<\/strong> cm<\/li>\n<li>Recommended age: <b>4+<\/b><\/li>\n<li>Made <strong>in France<\/strong><\/li>\n<\/ul>\n<p><strong style=\"font-size: 10px;\">WARNING!<\/strong><span style=\"font-size: 10px;\"> <\/span><span style=\"font-size: 10px;\">This product is not suitable for children under 3 years of age. Small parts can be a choking hazard if inhaled or swallowed. Remove packaging before handing it to a child. Save this information for future reference.<\/span>[\/vc_column_text][vc_btn title=&#8221;INSTRUCTIONS&#8221; css_animation=&#8221;bounceIn&#8221; link=&#8221;url:https%3A%2F%2Ftalenti.si%2Fwp-content%2Fuploads%2F2022%2F11%2FUstvarjalni-set-z-barvnim-peskom.pdf|title:Instructions|target:_blank|&#8221;][\/vc_column][\/vc_row]<\/p>\n<\/div>","protected":false},"excerpt":{"rendered":"<p>[vc_row][vc_column][vc_column_text]Awakening the inner artist with Sentosphere! Starting 4 years old, children will enjoy this fun arts &amp; crafts activity to create beautiful sand art of endangered animals! With this kit and its sand pots, add colour and texture to a panda, a tiger, a koala and an Asian duck. These animals are as beautiful as [&hellip;]<\/p>\n","protected":false},"featured_media":19851,"comment_status":"open","ping_status":"closed","template":"","meta":{"_acf_changed":false},"pwb-brand":[2106],"product_brand":[],"product_cat":[1761],"product_tag":[3270,2319,3272,3269],"class_list":{"0":"post-27519","1":"product","2":"type-product","3":"status-publish","4":"has-post-thumbnail","6":"pwb-brand-sentosphere-en","7":"product_cat-creating-and-exploring","8":"product_tag-colorful-sand","9":"product_tag-creative-toys","10":"product_tag-endangered-animals","11":"product_tag-sentosphere-en","13":"first","14":"outofstock","15":"taxable","16":"shipping-taxable","17":"purchasable","18":"product-type-simple"},"acf":[],"yoast_head":"<!-- This site is optimized with the Yoast SEO plugin v25.8 - https:\/\/yoast.com\/wordpress\/plugins\/seo\/ -->\n<title>Sentosphere Sablimage Endangered animals - Talenti.si<\/title>\n<meta name=\"description\" content=\"Children will love this creative activity to add colour and texture to 4 sand art illustrations of wonderful sceneries from our galaxy Use coloured sand to magically add colour and texture to cute astronauts, an alien and La\u00efka, the first dog that went to space! Sablimage is a fun arts &amp; crafts range that was specially designed so that you children can easily and freely create sand art, without making a mess. Just remove the pre-cut protective surface and sprinkle over the different colours of sand. With every added colour, each illustration will come to life and turn into a true masterpiece. A fun, perfect and guaranteed result for artists of all ages!\" \/>\n<meta name=\"robots\" content=\"index, follow, max-snippet:-1, max-image-preview:large, max-video-preview:-1\" \/>\n<link rel=\"canonical\" href=\"https:\/\/talenti.si\/en\/miscellaneous\/creating-and-exploring\/sentosphere-sablimage-endangered-animals\/\" \/>\n<meta property=\"og:locale\" content=\"en_US\" \/>\n<meta property=\"og:type\" content=\"article\" \/>\n<meta property=\"og:title\" content=\"Sentosphere Sablimage Endangered animals - Talenti.si\" \/>\n<meta property=\"og:description\" content=\"Children will love this creative activity to add colour and texture to 4 sand art illustrations of wonderful sceneries from our galaxy Use coloured sand to magically add colour and texture to cute astronauts, an alien and La\u00efka, the first dog that went to space! Sablimage is a fun arts &amp; crafts range that was specially designed so that you children can easily and freely create sand art, without making a mess. Just remove the pre-cut protective surface and sprinkle over the different colours of sand. With every added colour, each illustration will come to life and turn into a true masterpiece. A fun, perfect and guaranteed result for artists of all ages!\" \/>\n<meta property=\"og:url\" content=\"https:\/\/talenti.si\/en\/miscellaneous\/creating-and-exploring\/sentosphere-sablimage-endangered-animals\/\" \/>\n<meta property=\"og:site_name\" content=\"Talenti.si\" \/>\n<meta property=\"article:modified_time\" content=\"2023-08-03T11:54:52+00:00\" \/>\n<meta property=\"og:image\" content=\"https:\/\/talenti.si\/wp-content\/uploads\/2022\/11\/zivali-sento-pesek.jpg\" \/>\n\t<meta property=\"og:image:width\" content=\"800\" \/>\n\t<meta property=\"og:image:height\" content=\"800\" \/>\n\t<meta property=\"og:image:type\" content=\"image\/jpeg\" \/>\n<meta name=\"twitter:card\" content=\"summary_large_image\" \/>\n<meta name=\"twitter:label1\" content=\"Est. reading time\" \/>\n\t<meta name=\"twitter:data1\" content=\"1 minute\" \/>\n<script type=\"application\/ld+json\" class=\"yoast-schema-graph\">{\"@context\":\"https:\/\/schema.org\",\"@graph\":[{\"@type\":\"WebPage\",\"@id\":\"https:\/\/talenti.si\/en\/miscellaneous\/creating-and-exploring\/sentosphere-sablimage-endangered-animals\/\",\"url\":\"https:\/\/talenti.si\/en\/miscellaneous\/creating-and-exploring\/sentosphere-sablimage-endangered-animals\/\",\"name\":\"Sentosphere Sablimage Endangered animals - Talenti.si\",\"isPartOf\":{\"@id\":\"https:\/\/talenti.si\/en\/#website\"},\"primaryImageOfPage\":{\"@id\":\"https:\/\/talenti.si\/en\/miscellaneous\/creating-and-exploring\/sentosphere-sablimage-endangered-animals\/#primaryimage\"},\"image\":{\"@id\":\"https:\/\/talenti.si\/en\/miscellaneous\/creating-and-exploring\/sentosphere-sablimage-endangered-animals\/#primaryimage\"},\"thumbnailUrl\":\"https:\/\/talenti.si\/wp-content\/uploads\/2022\/11\/zivali-sento-pesek.jpg\",\"datePublished\":\"2022-11-14T12:26:31+00:00\",\"dateModified\":\"2023-08-03T11:54:52+00:00\",\"description\":\"Children will love this creative activity to add colour and texture to 4 sand art illustrations of wonderful sceneries from our galaxy Use coloured sand to magically add colour and texture to cute astronauts, an alien and La\u00efka, the first dog that went to space! Sablimage is a fun arts & crafts range that was specially designed so that you children can easily and freely create sand art, without making a mess. Just remove the pre-cut protective surface and sprinkle over the different colours of sand. With every added colour, each illustration will come to life and turn into a true masterpiece. A fun, perfect and guaranteed result for artists of all ages!\",\"breadcrumb\":{\"@id\":\"https:\/\/talenti.si\/en\/miscellaneous\/creating-and-exploring\/sentosphere-sablimage-endangered-animals\/#breadcrumb\"},\"inLanguage\":\"en-US\",\"potentialAction\":[{\"@type\":\"ReadAction\",\"target\":[\"https:\/\/talenti.si\/en\/miscellaneous\/creating-and-exploring\/sentosphere-sablimage-endangered-animals\/\"]}]},{\"@type\":\"ImageObject\",\"inLanguage\":\"en-US\",\"@id\":\"https:\/\/talenti.si\/en\/miscellaneous\/creating-and-exploring\/sentosphere-sablimage-endangered-animals\/#primaryimage\",\"url\":\"https:\/\/talenti.si\/wp-content\/uploads\/2022\/11\/zivali-sento-pesek.jpg\",\"contentUrl\":\"https:\/\/talenti.si\/wp-content\/uploads\/2022\/11\/zivali-sento-pesek.jpg\",\"width\":800,\"height\":800},{\"@type\":\"BreadcrumbList\",\"@id\":\"https:\/\/talenti.si\/en\/miscellaneous\/creating-and-exploring\/sentosphere-sablimage-endangered-animals\/#breadcrumb\",\"itemListElement\":[{\"@type\":\"ListItem\",\"position\":1,\"name\":\"Home\",\"item\":\"https:\/\/talenti.si\/en\/\"},{\"@type\":\"ListItem\",\"position\":2,\"name\":\"Shop\",\"item\":\"https:\/\/talenti.si\/en\/shop\/\"},{\"@type\":\"ListItem\",\"position\":3,\"name\":\"Sentosphere Sablimage Endangered animals\"}]},{\"@type\":\"WebSite\",\"@id\":\"https:\/\/talenti.si\/en\/#website\",\"url\":\"https:\/\/talenti.si\/en\/\",\"name\":\"Talenti.si\",\"description\":\"Spletna trgovina za vse \u017eonglerje in podobne talente. Vse za \u017eongliranje, yoyo, frizbi, bumerang, kite... in \u0161e in \u0161e.\",\"publisher\":{\"@id\":\"https:\/\/talenti.si\/en\/#organization\"},\"potentialAction\":[{\"@type\":\"SearchAction\",\"target\":{\"@type\":\"EntryPoint\",\"urlTemplate\":\"https:\/\/talenti.si\/en\/?s={search_term_string}\"},\"query-input\":{\"@type\":\"PropertyValueSpecification\",\"valueRequired\":true,\"valueName\":\"search_term_string\"}}],\"inLanguage\":\"en-US\"},{\"@type\":\"Organization\",\"@id\":\"https:\/\/talenti.si\/en\/#organization\",\"name\":\"Talenti.si\",\"url\":\"https:\/\/talenti.si\/en\/\",\"logo\":{\"@type\":\"ImageObject\",\"inLanguage\":\"en-US\",\"@id\":\"https:\/\/talenti.si\/en\/#\/schema\/logo\/image\/\",\"url\":\"https:\/\/talenti.si\/wp-content\/uploads\/2021\/12\/logo-talent-pravi-dark.png\",\"contentUrl\":\"https:\/\/talenti.si\/wp-content\/uploads\/2021\/12\/logo-talent-pravi-dark.png\",\"width\":145,\"height\":83,\"caption\":\"Talenti.si\"},\"image\":{\"@id\":\"https:\/\/talenti.si\/en\/#\/schema\/logo\/image\/\"}}]}<\/script>\n<!-- \/ Yoast SEO plugin. -->","yoast_head_json":{"title":"Sentosphere Sablimage Endangered animals - Talenti.si","description":"Children will love this creative activity to add colour and texture to 4 sand art illustrations of wonderful sceneries from our galaxy Use coloured sand to magically add colour and texture to cute astronauts, an alien and La\u00efka, the first dog that went to space! Sablimage is a fun arts & crafts range that was specially designed so that you children can easily and freely create sand art, without making a mess. Just remove the pre-cut protective surface and sprinkle over the different colours of sand. With every added colour, each illustration will come to life and turn into a true masterpiece. A fun, perfect and guaranteed result for artists of all ages!","robots":{"index":"index","follow":"follow","max-snippet":"max-snippet:-1","max-image-preview":"max-image-preview:large","max-video-preview":"max-video-preview:-1"},"canonical":"https:\/\/talenti.si\/en\/miscellaneous\/creating-and-exploring\/sentosphere-sablimage-endangered-animals\/","og_locale":"en_US","og_type":"article","og_title":"Sentosphere Sablimage Endangered animals - Talenti.si","og_description":"Children will love this creative activity to add colour and texture to 4 sand art illustrations of wonderful sceneries from our galaxy Use coloured sand to magically add colour and texture to cute astronauts, an alien and La\u00efka, the first dog that went to space! Sablimage is a fun arts & crafts range that was specially designed so that you children can easily and freely create sand art, without making a mess. Just remove the pre-cut protective surface and sprinkle over the different colours of sand. With every added colour, each illustration will come to life and turn into a true masterpiece. A fun, perfect and guaranteed result for artists of all ages!","og_url":"https:\/\/talenti.si\/en\/miscellaneous\/creating-and-exploring\/sentosphere-sablimage-endangered-animals\/","og_site_name":"Talenti.si","article_modified_time":"2023-08-03T11:54:52+00:00","og_image":[{"width":800,"height":800,"url":"https:\/\/talenti.si\/wp-content\/uploads\/2022\/11\/zivali-sento-pesek.jpg","type":"image\/jpeg"}],"twitter_card":"summary_large_image","twitter_misc":{"Est. reading time":"1 minute"},"schema":{"@context":"https:\/\/schema.org","@graph":[{"@type":"WebPage","@id":"https:\/\/talenti.si\/en\/miscellaneous\/creating-and-exploring\/sentosphere-sablimage-endangered-animals\/","url":"https:\/\/talenti.si\/en\/miscellaneous\/creating-and-exploring\/sentosphere-sablimage-endangered-animals\/","name":"Sentosphere Sablimage Endangered animals - Talenti.si","isPartOf":{"@id":"https:\/\/talenti.si\/en\/#website"},"primaryImageOfPage":{"@id":"https:\/\/talenti.si\/en\/miscellaneous\/creating-and-exploring\/sentosphere-sablimage-endangered-animals\/#primaryimage"},"image":{"@id":"https:\/\/talenti.si\/en\/miscellaneous\/creating-and-exploring\/sentosphere-sablimage-endangered-animals\/#primaryimage"},"thumbnailUrl":"https:\/\/talenti.si\/wp-content\/uploads\/2022\/11\/zivali-sento-pesek.jpg","datePublished":"2022-11-14T12:26:31+00:00","dateModified":"2023-08-03T11:54:52+00:00","description":"Children will love this creative activity to add colour and texture to 4 sand art illustrations of wonderful sceneries from our galaxy Use coloured sand to magically add colour and texture to cute astronauts, an alien and La\u00efka, the first dog that went to space! Sablimage is a fun arts & crafts range that was specially designed so that you children can easily and freely create sand art, without making a mess. Just remove the pre-cut protective surface and sprinkle over the different colours of sand. With every added colour, each illustration will come to life and turn into a true masterpiece. A fun, perfect and guaranteed result for artists of all ages!","breadcrumb":{"@id":"https:\/\/talenti.si\/en\/miscellaneous\/creating-and-exploring\/sentosphere-sablimage-endangered-animals\/#breadcrumb"},"inLanguage":"en-US","potentialAction":[{"@type":"ReadAction","target":["https:\/\/talenti.si\/en\/miscellaneous\/creating-and-exploring\/sentosphere-sablimage-endangered-animals\/"]}]},{"@type":"ImageObject","inLanguage":"en-US","@id":"https:\/\/talenti.si\/en\/miscellaneous\/creating-and-exploring\/sentosphere-sablimage-endangered-animals\/#primaryimage","url":"https:\/\/talenti.si\/wp-content\/uploads\/2022\/11\/zivali-sento-pesek.jpg","contentUrl":"https:\/\/talenti.si\/wp-content\/uploads\/2022\/11\/zivali-sento-pesek.jpg","width":800,"height":800},{"@type":"BreadcrumbList","@id":"https:\/\/talenti.si\/en\/miscellaneous\/creating-and-exploring\/sentosphere-sablimage-endangered-animals\/#breadcrumb","itemListElement":[{"@type":"ListItem","position":1,"name":"Home","item":"https:\/\/talenti.si\/en\/"},{"@type":"ListItem","position":2,"name":"Shop","item":"https:\/\/talenti.si\/en\/shop\/"},{"@type":"ListItem","position":3,"name":"Sentosphere Sablimage Endangered animals"}]},{"@type":"WebSite","@id":"https:\/\/talenti.si\/en\/#website","url":"https:\/\/talenti.si\/en\/","name":"Talenti.si","description":"Spletna trgovina za vse \u017eonglerje in podobne talente. Vse za \u017eongliranje, yoyo, frizbi, bumerang, kite... in \u0161e in \u0161e.","publisher":{"@id":"https:\/\/talenti.si\/en\/#organization"},"potentialAction":[{"@type":"SearchAction","target":{"@type":"EntryPoint","urlTemplate":"https:\/\/talenti.si\/en\/?s={search_term_string}"},"query-input":{"@type":"PropertyValueSpecification","valueRequired":true,"valueName":"search_term_string"}}],"inLanguage":"en-US"},{"@type":"Organization","@id":"https:\/\/talenti.si\/en\/#organization","name":"Talenti.si","url":"https:\/\/talenti.si\/en\/","logo":{"@type":"ImageObject","inLanguage":"en-US","@id":"https:\/\/talenti.si\/en\/#\/schema\/logo\/image\/","url":"https:\/\/talenti.si\/wp-content\/uploads\/2021\/12\/logo-talent-pravi-dark.png","contentUrl":"https:\/\/talenti.si\/wp-content\/uploads\/2021\/12\/logo-talent-pravi-dark.png","width":145,"height":83,"caption":"Talenti.si"},"image":{"@id":"https:\/\/talenti.si\/en\/#\/schema\/logo\/image\/"}}]}},"brands":[{"id":2106,"name":"Sentosphere","slug":"sentosphere-en"}],"_links":{"self":[{"href":"https:\/\/talenti.si\/en\/wp-json\/wp\/v2\/product\/27519","targetHints":{"allow":["GET"]}}],"collection":[{"href":"https:\/\/talenti.si\/en\/wp-json\/wp\/v2\/product"}],"about":[{"href":"https:\/\/talenti.si\/en\/wp-json\/wp\/v2\/types\/product"}],"replies":[{"embeddable":true,"href":"https:\/\/talenti.si\/en\/wp-json\/wp\/v2\/comments?post=27519"}],"wp:featuredmedia":[{"embeddable":true,"href":"https:\/\/talenti.si\/en\/wp-json\/wp\/v2\/media\/19851"}],"wp:attachment":[{"href":"https:\/\/talenti.si\/en\/wp-json\/wp\/v2\/media?parent=27519"}],"wp:term":[{"taxonomy":"pwb-brand","embeddable":true,"href":"https:\/\/talenti.si\/en\/wp-json\/wp\/v2\/pwb-brand?post=27519"},{"taxonomy":"product_brand","embeddable":true,"href":"https:\/\/talenti.si\/en\/wp-json\/wp\/v2\/product_brand?post=27519"},{"taxonomy":"product_cat","embeddable":true,"href":"https:\/\/talenti.si\/en\/wp-json\/wp\/v2\/product_cat?post=27519"},{"taxonomy":"product_tag","embeddable":true,"href":"https:\/\/talenti.si\/en\/wp-json\/wp\/v2\/product_tag?post=27519"}],"curies":[{"name":"wp","href":"https:\/\/api.w.org\/{rel}","templated":true}]}}