{"id":27581,"date":"2022-11-14T08:51:53","date_gmt":"2022-11-14T08:51:53","guid":{"rendered":"https:\/\/talenti.si\/uncategorized\/sentosphere-diamond-canvas-hummingbird\/"},"modified":"2026-02-19T10:44:35","modified_gmt":"2026-02-19T10:44:35","slug":"sentosphere-diamond-canvas-hummingbird","status":"publish","type":"product","link":"https:\/\/talenti.si\/en\/miscellaneous\/creating-and-exploring\/sentosphere-diamond-canvas-hummingbird\/","title":{"rendered":"Sentosphere Diamond canvas Hummingbird"},"content":{"rendered":"<div class=\"wpb-content-wrapper\"><p>[vc_row][vc_column][vc_column_text]During this crafty and stress-free activity, have fun placing thousands of rhinestones to create a cute hummingbird. This arts &amp; crafts technique will allow artists of all ages to create a beautiful, intricate work of art. With each added diamond, the final illustration will reveal itself with vibrating and shimmering colours. The small provided pen will help you pick up each diamond to transfer it onto the adhesive surface. Each square has a letter that corresponds to a diamond colour; it is therefore very easy to follow the canvas instructions in order to create a dashing masterpiece.<\/p>\n<div class=\"video-container responsive-embed widescreen\"><iframe loading=\"lazy\" title=\"DIY | Diamond Art \u2665 Canevas \u00e0 Diamanter\" width=\"900\" height=\"506\" src=\"https:\/\/www.youtube.com\/embed\/fJwhQ2vRR5s?feature=oembed\" frameborder=\"0\" allow=\"accelerometer; autoplay; clipboard-write; encrypted-media; gyroscope; picture-in-picture; web-share\" allowfullscreen><\/iframe><\/div>\n<p><strong>Features:<\/strong><\/p>\n<ul>\n<li>Contains: canvas + pen + rhinestones + small trey + wax + instructions<\/li>\n<li>Packaging dimensions: \u200e\u200e<strong>20,8<\/strong> x <strong>28<\/strong> x <strong>1,8<\/strong> cm<\/li>\n<li>Canvas dimensions: <strong>16<\/strong> x <strong>16<\/strong> cm<\/li>\n<li>Recommended age: <strong>8+<\/strong><\/li>\n<li>Made <strong>in France<\/strong><\/li>\n<\/ul>\n<p><strong style=\"font-size: 10px;\">WARNING!<\/strong><span style=\"font-size: 10px;\"> <\/span><span style=\"font-size: 10px;\">This product is not suitable for children under 3 years of age. Small parts can be a choking hazard if inhaled or swallowed. Remove packaging before handing it to a child. Save this information for future reference.<\/span>[\/vc_column_text][\/vc_column][\/vc_row][vc_row][vc_column][vc_btn title=&#8221;INSTRUCTIONS&#8221; css_animation=&#8221;bounceIn&#8221; css=&#8221;&#8221; link=&#8221;url:https%3A%2F%2Ftalenti.si%2Fwp-content%2Fuploads%2F2022%2F11%2FUstvarjalni-set-z-diamantnimi-kristalcki.pdf|title:Sentosphere%20Diamond%20canvas%20Hummingbird|target:_blank|&#8221;][\/vc_column][\/vc_row]<\/p>\n<\/div>","protected":false},"excerpt":{"rendered":"<p>[vc_row][vc_column][vc_column_text]During this crafty and stress-free activity, have fun placing thousands of rhinestones to create a cute hummingbird. This arts &amp; crafts technique will allow artists of all ages to create a beautiful, intricate work of art. With each added diamond, the final illustration will reveal itself with vibrating and shimmering colours. The small provided pen [&hellip;]<\/p>\n","protected":false},"featured_media":30205,"comment_status":"open","ping_status":"closed","template":"","meta":{"_acf_changed":false},"pwb-brand":[2106],"product_brand":[],"product_cat":[1761],"product_tag":[2232,3288,3289,3269,2959],"class_list":{"0":"post-27581","1":"product","2":"type-product","3":"status-publish","4":"has-post-thumbnail","6":"pwb-brand-sentosphere-en","7":"product_cat-creating-and-exploring","8":"product_tag-creation","9":"product_tag-crystals","10":"product_tag-diamant-en","11":"product_tag-sentosphere-en","12":"product_tag-toys","14":"first","15":"instock","16":"taxable","17":"shipping-taxable","18":"purchasable","19":"product-type-simple"},"acf":[],"yoast_head":"<!-- This site is optimized with the Yoast SEO plugin v25.8 - https:\/\/yoast.com\/wordpress\/plugins\/seo\/ -->\n<title>Sentosphere Diamond canvas Hummingbird - Talenti.si<\/title>\n<meta name=\"description\" content=\"During this crafty and stress-free activity, have fun placing thousands of rhinestones to create a cute hummingbird. This arts &amp; crafts technique will allow artists of all ages to create a beautiful, intricate work of art. With each added diamond, the final illustration will reveal itself with vibrating and shimmering colours. The small provided pen will help you pick up each diamond to transfer it onto the adhesive surface. Each square has a letter that corresponds to a diamond colour; it is therefore very easy to follow the canvas instructions in order to create a dashing masterpiece.\" \/>\n<meta name=\"robots\" content=\"index, follow, max-snippet:-1, max-image-preview:large, max-video-preview:-1\" \/>\n<link rel=\"canonical\" href=\"https:\/\/talenti.si\/en\/miscellaneous\/creating-and-exploring\/sentosphere-diamond-canvas-hummingbird\/\" \/>\n<meta property=\"og:locale\" content=\"en_US\" \/>\n<meta property=\"og:type\" content=\"article\" \/>\n<meta property=\"og:title\" content=\"Sentosphere Diamond canvas Hummingbird - Talenti.si\" \/>\n<meta property=\"og:description\" content=\"During this crafty and stress-free activity, have fun placing thousands of rhinestones to create a cute hummingbird. This arts &amp; crafts technique will allow artists of all ages to create a beautiful, intricate work of art. With each added diamond, the final illustration will reveal itself with vibrating and shimmering colours. The small provided pen will help you pick up each diamond to transfer it onto the adhesive surface. Each square has a letter that corresponds to a diamond colour; it is therefore very easy to follow the canvas instructions in order to create a dashing masterpiece.\" \/>\n<meta property=\"og:url\" content=\"https:\/\/talenti.si\/en\/miscellaneous\/creating-and-exploring\/sentosphere-diamond-canvas-hummingbird\/\" \/>\n<meta property=\"og:site_name\" content=\"Talenti.si\" \/>\n<meta property=\"article:modified_time\" content=\"2026-02-19T10:44:35+00:00\" \/>\n<meta property=\"og:image\" content=\"https:\/\/talenti.si\/wp-content\/uploads\/2022\/11\/F910CA04-EE46-40CE-B499-6EB0921B9940.jpeg\" \/>\n\t<meta property=\"og:image:width\" content=\"2000\" \/>\n\t<meta property=\"og:image:height\" content=\"2000\" \/>\n\t<meta property=\"og:image:type\" content=\"image\/jpeg\" \/>\n<meta name=\"twitter:card\" content=\"summary_large_image\" \/>\n<meta name=\"twitter:label1\" content=\"Est. reading time\" \/>\n\t<meta name=\"twitter:data1\" content=\"1 minute\" \/>\n<script type=\"application\/ld+json\" class=\"yoast-schema-graph\">{\"@context\":\"https:\/\/schema.org\",\"@graph\":[{\"@type\":\"WebPage\",\"@id\":\"https:\/\/talenti.si\/en\/miscellaneous\/creating-and-exploring\/sentosphere-diamond-canvas-hummingbird\/\",\"url\":\"https:\/\/talenti.si\/en\/miscellaneous\/creating-and-exploring\/sentosphere-diamond-canvas-hummingbird\/\",\"name\":\"Sentosphere Diamond canvas Hummingbird - Talenti.si\",\"isPartOf\":{\"@id\":\"https:\/\/talenti.si\/en\/#website\"},\"primaryImageOfPage\":{\"@id\":\"https:\/\/talenti.si\/en\/miscellaneous\/creating-and-exploring\/sentosphere-diamond-canvas-hummingbird\/#primaryimage\"},\"image\":{\"@id\":\"https:\/\/talenti.si\/en\/miscellaneous\/creating-and-exploring\/sentosphere-diamond-canvas-hummingbird\/#primaryimage\"},\"thumbnailUrl\":\"https:\/\/talenti.si\/wp-content\/uploads\/2022\/11\/F910CA04-EE46-40CE-B499-6EB0921B9940.jpeg\",\"datePublished\":\"2022-11-14T08:51:53+00:00\",\"dateModified\":\"2026-02-19T10:44:35+00:00\",\"description\":\"During this crafty and stress-free activity, have fun placing thousands of rhinestones to create a cute hummingbird. This arts & crafts technique will allow artists of all ages to create a beautiful, intricate work of art. With each added diamond, the final illustration will reveal itself with vibrating and shimmering colours. The small provided pen will help you pick up each diamond to transfer it onto the adhesive surface. Each square has a letter that corresponds to a diamond colour; it is therefore very easy to follow the canvas instructions in order to create a dashing masterpiece.\",\"breadcrumb\":{\"@id\":\"https:\/\/talenti.si\/en\/miscellaneous\/creating-and-exploring\/sentosphere-diamond-canvas-hummingbird\/#breadcrumb\"},\"inLanguage\":\"en-US\",\"potentialAction\":[{\"@type\":\"ReadAction\",\"target\":[\"https:\/\/talenti.si\/en\/miscellaneous\/creating-and-exploring\/sentosphere-diamond-canvas-hummingbird\/\"]}]},{\"@type\":\"ImageObject\",\"inLanguage\":\"en-US\",\"@id\":\"https:\/\/talenti.si\/en\/miscellaneous\/creating-and-exploring\/sentosphere-diamond-canvas-hummingbird\/#primaryimage\",\"url\":\"https:\/\/talenti.si\/wp-content\/uploads\/2022\/11\/F910CA04-EE46-40CE-B499-6EB0921B9940.jpeg\",\"contentUrl\":\"https:\/\/talenti.si\/wp-content\/uploads\/2022\/11\/F910CA04-EE46-40CE-B499-6EB0921B9940.jpeg\",\"width\":2000,\"height\":2000},{\"@type\":\"BreadcrumbList\",\"@id\":\"https:\/\/talenti.si\/en\/miscellaneous\/creating-and-exploring\/sentosphere-diamond-canvas-hummingbird\/#breadcrumb\",\"itemListElement\":[{\"@type\":\"ListItem\",\"position\":1,\"name\":\"Home\",\"item\":\"https:\/\/talenti.si\/en\/\"},{\"@type\":\"ListItem\",\"position\":2,\"name\":\"Shop\",\"item\":\"https:\/\/talenti.si\/en\/shop\/\"},{\"@type\":\"ListItem\",\"position\":3,\"name\":\"Sentosphere Diamond canvas Hummingbird\"}]},{\"@type\":\"WebSite\",\"@id\":\"https:\/\/talenti.si\/en\/#website\",\"url\":\"https:\/\/talenti.si\/en\/\",\"name\":\"Talenti.si\",\"description\":\"Spletna trgovina za vse \u017eonglerje in podobne talente. Vse za \u017eongliranje, yoyo, frizbi, bumerang, kite... in \u0161e in \u0161e.\",\"publisher\":{\"@id\":\"https:\/\/talenti.si\/en\/#organization\"},\"potentialAction\":[{\"@type\":\"SearchAction\",\"target\":{\"@type\":\"EntryPoint\",\"urlTemplate\":\"https:\/\/talenti.si\/en\/?s={search_term_string}\"},\"query-input\":{\"@type\":\"PropertyValueSpecification\",\"valueRequired\":true,\"valueName\":\"search_term_string\"}}],\"inLanguage\":\"en-US\"},{\"@type\":\"Organization\",\"@id\":\"https:\/\/talenti.si\/en\/#organization\",\"name\":\"Talenti.si\",\"url\":\"https:\/\/talenti.si\/en\/\",\"logo\":{\"@type\":\"ImageObject\",\"inLanguage\":\"en-US\",\"@id\":\"https:\/\/talenti.si\/en\/#\/schema\/logo\/image\/\",\"url\":\"https:\/\/talenti.si\/wp-content\/uploads\/2021\/12\/logo-talent-pravi-dark.png\",\"contentUrl\":\"https:\/\/talenti.si\/wp-content\/uploads\/2021\/12\/logo-talent-pravi-dark.png\",\"width\":145,\"height\":83,\"caption\":\"Talenti.si\"},\"image\":{\"@id\":\"https:\/\/talenti.si\/en\/#\/schema\/logo\/image\/\"}}]}<\/script>\n<!-- \/ Yoast SEO plugin. -->","yoast_head_json":{"title":"Sentosphere Diamond canvas Hummingbird - Talenti.si","description":"During this crafty and stress-free activity, have fun placing thousands of rhinestones to create a cute hummingbird. This arts & crafts technique will allow artists of all ages to create a beautiful, intricate work of art. With each added diamond, the final illustration will reveal itself with vibrating and shimmering colours. The small provided pen will help you pick up each diamond to transfer it onto the adhesive surface. Each square has a letter that corresponds to a diamond colour; it is therefore very easy to follow the canvas instructions in order to create a dashing masterpiece.","robots":{"index":"index","follow":"follow","max-snippet":"max-snippet:-1","max-image-preview":"max-image-preview:large","max-video-preview":"max-video-preview:-1"},"canonical":"https:\/\/talenti.si\/en\/miscellaneous\/creating-and-exploring\/sentosphere-diamond-canvas-hummingbird\/","og_locale":"en_US","og_type":"article","og_title":"Sentosphere Diamond canvas Hummingbird - Talenti.si","og_description":"During this crafty and stress-free activity, have fun placing thousands of rhinestones to create a cute hummingbird. This arts & crafts technique will allow artists of all ages to create a beautiful, intricate work of art. With each added diamond, the final illustration will reveal itself with vibrating and shimmering colours. The small provided pen will help you pick up each diamond to transfer it onto the adhesive surface. Each square has a letter that corresponds to a diamond colour; it is therefore very easy to follow the canvas instructions in order to create a dashing masterpiece.","og_url":"https:\/\/talenti.si\/en\/miscellaneous\/creating-and-exploring\/sentosphere-diamond-canvas-hummingbird\/","og_site_name":"Talenti.si","article_modified_time":"2026-02-19T10:44:35+00:00","og_image":[{"width":2000,"height":2000,"url":"https:\/\/talenti.si\/wp-content\/uploads\/2022\/11\/F910CA04-EE46-40CE-B499-6EB0921B9940.jpeg","type":"image\/jpeg"}],"twitter_card":"summary_large_image","twitter_misc":{"Est. reading time":"1 minute"},"schema":{"@context":"https:\/\/schema.org","@graph":[{"@type":"WebPage","@id":"https:\/\/talenti.si\/en\/miscellaneous\/creating-and-exploring\/sentosphere-diamond-canvas-hummingbird\/","url":"https:\/\/talenti.si\/en\/miscellaneous\/creating-and-exploring\/sentosphere-diamond-canvas-hummingbird\/","name":"Sentosphere Diamond canvas Hummingbird - Talenti.si","isPartOf":{"@id":"https:\/\/talenti.si\/en\/#website"},"primaryImageOfPage":{"@id":"https:\/\/talenti.si\/en\/miscellaneous\/creating-and-exploring\/sentosphere-diamond-canvas-hummingbird\/#primaryimage"},"image":{"@id":"https:\/\/talenti.si\/en\/miscellaneous\/creating-and-exploring\/sentosphere-diamond-canvas-hummingbird\/#primaryimage"},"thumbnailUrl":"https:\/\/talenti.si\/wp-content\/uploads\/2022\/11\/F910CA04-EE46-40CE-B499-6EB0921B9940.jpeg","datePublished":"2022-11-14T08:51:53+00:00","dateModified":"2026-02-19T10:44:35+00:00","description":"During this crafty and stress-free activity, have fun placing thousands of rhinestones to create a cute hummingbird. This arts & crafts technique will allow artists of all ages to create a beautiful, intricate work of art. With each added diamond, the final illustration will reveal itself with vibrating and shimmering colours. The small provided pen will help you pick up each diamond to transfer it onto the adhesive surface. Each square has a letter that corresponds to a diamond colour; it is therefore very easy to follow the canvas instructions in order to create a dashing masterpiece.","breadcrumb":{"@id":"https:\/\/talenti.si\/en\/miscellaneous\/creating-and-exploring\/sentosphere-diamond-canvas-hummingbird\/#breadcrumb"},"inLanguage":"en-US","potentialAction":[{"@type":"ReadAction","target":["https:\/\/talenti.si\/en\/miscellaneous\/creating-and-exploring\/sentosphere-diamond-canvas-hummingbird\/"]}]},{"@type":"ImageObject","inLanguage":"en-US","@id":"https:\/\/talenti.si\/en\/miscellaneous\/creating-and-exploring\/sentosphere-diamond-canvas-hummingbird\/#primaryimage","url":"https:\/\/talenti.si\/wp-content\/uploads\/2022\/11\/F910CA04-EE46-40CE-B499-6EB0921B9940.jpeg","contentUrl":"https:\/\/talenti.si\/wp-content\/uploads\/2022\/11\/F910CA04-EE46-40CE-B499-6EB0921B9940.jpeg","width":2000,"height":2000},{"@type":"BreadcrumbList","@id":"https:\/\/talenti.si\/en\/miscellaneous\/creating-and-exploring\/sentosphere-diamond-canvas-hummingbird\/#breadcrumb","itemListElement":[{"@type":"ListItem","position":1,"name":"Home","item":"https:\/\/talenti.si\/en\/"},{"@type":"ListItem","position":2,"name":"Shop","item":"https:\/\/talenti.si\/en\/shop\/"},{"@type":"ListItem","position":3,"name":"Sentosphere Diamond canvas Hummingbird"}]},{"@type":"WebSite","@id":"https:\/\/talenti.si\/en\/#website","url":"https:\/\/talenti.si\/en\/","name":"Talenti.si","description":"Spletna trgovina za vse \u017eonglerje in podobne talente. Vse za \u017eongliranje, yoyo, frizbi, bumerang, kite... in \u0161e in \u0161e.","publisher":{"@id":"https:\/\/talenti.si\/en\/#organization"},"potentialAction":[{"@type":"SearchAction","target":{"@type":"EntryPoint","urlTemplate":"https:\/\/talenti.si\/en\/?s={search_term_string}"},"query-input":{"@type":"PropertyValueSpecification","valueRequired":true,"valueName":"search_term_string"}}],"inLanguage":"en-US"},{"@type":"Organization","@id":"https:\/\/talenti.si\/en\/#organization","name":"Talenti.si","url":"https:\/\/talenti.si\/en\/","logo":{"@type":"ImageObject","inLanguage":"en-US","@id":"https:\/\/talenti.si\/en\/#\/schema\/logo\/image\/","url":"https:\/\/talenti.si\/wp-content\/uploads\/2021\/12\/logo-talent-pravi-dark.png","contentUrl":"https:\/\/talenti.si\/wp-content\/uploads\/2021\/12\/logo-talent-pravi-dark.png","width":145,"height":83,"caption":"Talenti.si"},"image":{"@id":"https:\/\/talenti.si\/en\/#\/schema\/logo\/image\/"}}]}},"brands":[{"id":2106,"name":"Sentosphere","slug":"sentosphere-en"}],"_links":{"self":[{"href":"https:\/\/talenti.si\/en\/wp-json\/wp\/v2\/product\/27581","targetHints":{"allow":["GET"]}}],"collection":[{"href":"https:\/\/talenti.si\/en\/wp-json\/wp\/v2\/product"}],"about":[{"href":"https:\/\/talenti.si\/en\/wp-json\/wp\/v2\/types\/product"}],"replies":[{"embeddable":true,"href":"https:\/\/talenti.si\/en\/wp-json\/wp\/v2\/comments?post=27581"}],"wp:featuredmedia":[{"embeddable":true,"href":"https:\/\/talenti.si\/en\/wp-json\/wp\/v2\/media\/30205"}],"wp:attachment":[{"href":"https:\/\/talenti.si\/en\/wp-json\/wp\/v2\/media?parent=27581"}],"wp:term":[{"taxonomy":"pwb-brand","embeddable":true,"href":"https:\/\/talenti.si\/en\/wp-json\/wp\/v2\/pwb-brand?post=27581"},{"taxonomy":"product_brand","embeddable":true,"href":"https:\/\/talenti.si\/en\/wp-json\/wp\/v2\/product_brand?post=27581"},{"taxonomy":"product_cat","embeddable":true,"href":"https:\/\/talenti.si\/en\/wp-json\/wp\/v2\/product_cat?post=27581"},{"taxonomy":"product_tag","embeddable":true,"href":"https:\/\/talenti.si\/en\/wp-json\/wp\/v2\/product_tag?post=27581"}],"curies":[{"name":"wp","href":"https:\/\/api.w.org\/{rel}","templated":true}]}}