{"id":27609,"date":"2022-05-04T07:55:34","date_gmt":"2022-05-04T07:55:34","guid":{"rendered":"https:\/\/talenti.si\/uncategorized\/sentosphere-jewellery-kit-crazy-bracelets\/"},"modified":"2023-08-08T08:17:30","modified_gmt":"2023-08-08T08:17:30","slug":"sentosphere-jewellery-kit-crazy-bracelets","status":"publish","type":"product","link":"https:\/\/talenti.si\/en\/miscellaneous\/creating-and-exploring\/sentosphere-jewellery-kit-crazy-bracelets\/","title":{"rendered":"Sentosphere jewellery kit Crazy bracelets"},"content":{"rendered":"<div class=\"wpb-content-wrapper\"><p>[vc_row][vc_column][vc_column_text]<strong>Awakening the inner artist with Sentosphere!<\/strong><\/p>\n<p>This creative kit contains 3 transparent bracelets that can be painted and repainted using 10 translucent stained-glass colours. Children will love creating their own items of jewellery!<\/p>\n<p>This can also be a perfect activity for a birthday party.<\/p>\n<p><strong>Features:<\/strong><\/p>\n<ul>\n<li>Contains: <strong>3<\/strong> plexiglass bracelets + <strong>10<\/strong> translucent colors for glass + instructions<\/li>\n<li>Packaging dimensions: <strong>30<\/strong> cm x <strong>20<\/strong> cm x <strong>5<\/strong> cm<\/li>\n<li>Recommended age: <strong>7+<\/strong><\/li>\n<li>Made <strong>in France<\/strong><\/li>\n<\/ul>\n<p><strong style=\"font-size: 10px;\">WARNING!<\/strong><span style=\"font-size: 10px;\"> <\/span><span style=\"font-size: 10px;\">This product is not suitable for children under 3 years of age. Small parts can be a choking hazard if inhaled or swallowed. Remove packaging before handing it to a child. Save this information for future reference.<\/span>[\/vc_column_text][\/vc_column][\/vc_row][vc_row][vc_column][vc_btn title=&#8221;INSTRUCTIONS&#8221; css_animation=&#8221;bounceIn&#8221; link=&#8221;url:https%3A%2F%2Ftalenti.si%2Fwp-content%2Fuploads%2F2022%2F05%2FMini-ustvarjalni-set-za-izdelavo-zapestnic-1.pdf|target:_blank|&#8221;][\/vc_column][\/vc_row]<\/p>\n<\/div>","protected":false},"excerpt":{"rendered":"<p>[vc_row][vc_column][vc_column_text]Awakening the inner artist with Sentosphere! This creative kit contains 3 transparent bracelets that can be painted and repainted using 10 translucent stained-glass colours. Children will love creating their own items of jewellery! This can also be a perfect activity for a birthday party. Features: Contains: 3 plexiglass bracelets + 10 translucent colors for glass [&hellip;]<\/p>\n","protected":false},"featured_media":18777,"comment_status":"open","ping_status":"closed","template":"","meta":{"_acf_changed":false},"pwb-brand":[2106],"product_brand":[],"product_cat":[1761],"product_tag":[2319,2191,2197,3269,2193],"class_list":{"0":"post-27609","1":"product","2":"type-product","3":"status-publish","4":"has-post-thumbnail","6":"pwb-brand-sentosphere-en","7":"product_cat-creating-and-exploring","8":"product_tag-creative-toys","9":"product_tag-free-time","10":"product_tag-party","11":"product_tag-sentosphere-en","12":"product_tag-set-en","14":"first","15":"outofstock","16":"taxable","17":"shipping-taxable","18":"purchasable","19":"product-type-simple"},"acf":[],"yoast_head":"<!-- This site is optimized with the Yoast SEO plugin v25.8 - https:\/\/yoast.com\/wordpress\/plugins\/seo\/ -->\n<title>Sentosphere jewellery kit Crazy bracelets - Talenti.si<\/title>\n<meta name=\"description\" content=\"This creative kit contains 3 transparent bracelets that can be painted and repainted using 10 translucent stained-glass colours. Children will love creating their own items of jewellery!\" \/>\n<meta name=\"robots\" content=\"index, follow, max-snippet:-1, max-image-preview:large, max-video-preview:-1\" \/>\n<link rel=\"canonical\" href=\"https:\/\/talenti.si\/en\/miscellaneous\/creating-and-exploring\/sentosphere-jewellery-kit-crazy-bracelets\/\" \/>\n<meta property=\"og:locale\" content=\"en_US\" \/>\n<meta property=\"og:type\" content=\"article\" \/>\n<meta property=\"og:title\" content=\"Sentosphere jewellery kit Crazy bracelets - Talenti.si\" \/>\n<meta property=\"og:description\" content=\"This creative kit contains 3 transparent bracelets that can be painted and repainted using 10 translucent stained-glass colours. Children will love creating their own items of jewellery!\" \/>\n<meta property=\"og:url\" content=\"https:\/\/talenti.si\/en\/miscellaneous\/creating-and-exploring\/sentosphere-jewellery-kit-crazy-bracelets\/\" \/>\n<meta property=\"og:site_name\" content=\"Talenti.si\" \/>\n<meta property=\"article:modified_time\" content=\"2023-08-08T08:17:30+00:00\" \/>\n<meta property=\"og:image\" content=\"https:\/\/talenti.si\/wp-content\/uploads\/2022\/05\/set-za-izdelavo-zapestnnic.jpg\" \/>\n\t<meta property=\"og:image:width\" content=\"800\" \/>\n\t<meta property=\"og:image:height\" content=\"800\" \/>\n\t<meta property=\"og:image:type\" content=\"image\/jpeg\" \/>\n<meta name=\"twitter:card\" content=\"summary_large_image\" \/>\n<meta name=\"twitter:label1\" content=\"Est. reading time\" \/>\n\t<meta name=\"twitter:data1\" content=\"1 minute\" \/>\n<script type=\"application\/ld+json\" class=\"yoast-schema-graph\">{\"@context\":\"https:\/\/schema.org\",\"@graph\":[{\"@type\":\"WebPage\",\"@id\":\"https:\/\/talenti.si\/en\/miscellaneous\/creating-and-exploring\/sentosphere-jewellery-kit-crazy-bracelets\/\",\"url\":\"https:\/\/talenti.si\/en\/miscellaneous\/creating-and-exploring\/sentosphere-jewellery-kit-crazy-bracelets\/\",\"name\":\"Sentosphere jewellery kit Crazy bracelets - Talenti.si\",\"isPartOf\":{\"@id\":\"https:\/\/talenti.si\/en\/#website\"},\"primaryImageOfPage\":{\"@id\":\"https:\/\/talenti.si\/en\/miscellaneous\/creating-and-exploring\/sentosphere-jewellery-kit-crazy-bracelets\/#primaryimage\"},\"image\":{\"@id\":\"https:\/\/talenti.si\/en\/miscellaneous\/creating-and-exploring\/sentosphere-jewellery-kit-crazy-bracelets\/#primaryimage\"},\"thumbnailUrl\":\"https:\/\/talenti.si\/wp-content\/uploads\/2022\/05\/set-za-izdelavo-zapestnnic.jpg\",\"datePublished\":\"2022-05-04T07:55:34+00:00\",\"dateModified\":\"2023-08-08T08:17:30+00:00\",\"description\":\"This creative kit contains 3 transparent bracelets that can be painted and repainted using 10 translucent stained-glass colours. Children will love creating their own items of jewellery!\",\"breadcrumb\":{\"@id\":\"https:\/\/talenti.si\/en\/miscellaneous\/creating-and-exploring\/sentosphere-jewellery-kit-crazy-bracelets\/#breadcrumb\"},\"inLanguage\":\"en-US\",\"potentialAction\":[{\"@type\":\"ReadAction\",\"target\":[\"https:\/\/talenti.si\/en\/miscellaneous\/creating-and-exploring\/sentosphere-jewellery-kit-crazy-bracelets\/\"]}]},{\"@type\":\"ImageObject\",\"inLanguage\":\"en-US\",\"@id\":\"https:\/\/talenti.si\/en\/miscellaneous\/creating-and-exploring\/sentosphere-jewellery-kit-crazy-bracelets\/#primaryimage\",\"url\":\"https:\/\/talenti.si\/wp-content\/uploads\/2022\/05\/set-za-izdelavo-zapestnnic.jpg\",\"contentUrl\":\"https:\/\/talenti.si\/wp-content\/uploads\/2022\/05\/set-za-izdelavo-zapestnnic.jpg\",\"width\":800,\"height\":800},{\"@type\":\"BreadcrumbList\",\"@id\":\"https:\/\/talenti.si\/en\/miscellaneous\/creating-and-exploring\/sentosphere-jewellery-kit-crazy-bracelets\/#breadcrumb\",\"itemListElement\":[{\"@type\":\"ListItem\",\"position\":1,\"name\":\"Home\",\"item\":\"https:\/\/talenti.si\/en\/\"},{\"@type\":\"ListItem\",\"position\":2,\"name\":\"Shop\",\"item\":\"https:\/\/talenti.si\/en\/shop\/\"},{\"@type\":\"ListItem\",\"position\":3,\"name\":\"Sentosphere jewellery kit Crazy bracelets\"}]},{\"@type\":\"WebSite\",\"@id\":\"https:\/\/talenti.si\/en\/#website\",\"url\":\"https:\/\/talenti.si\/en\/\",\"name\":\"Talenti.si\",\"description\":\"Spletna trgovina za vse \u017eonglerje in podobne talente. Vse za \u017eongliranje, yoyo, frizbi, bumerang, kite... in \u0161e in \u0161e.\",\"publisher\":{\"@id\":\"https:\/\/talenti.si\/en\/#organization\"},\"potentialAction\":[{\"@type\":\"SearchAction\",\"target\":{\"@type\":\"EntryPoint\",\"urlTemplate\":\"https:\/\/talenti.si\/en\/?s={search_term_string}\"},\"query-input\":{\"@type\":\"PropertyValueSpecification\",\"valueRequired\":true,\"valueName\":\"search_term_string\"}}],\"inLanguage\":\"en-US\"},{\"@type\":\"Organization\",\"@id\":\"https:\/\/talenti.si\/en\/#organization\",\"name\":\"Talenti.si\",\"url\":\"https:\/\/talenti.si\/en\/\",\"logo\":{\"@type\":\"ImageObject\",\"inLanguage\":\"en-US\",\"@id\":\"https:\/\/talenti.si\/en\/#\/schema\/logo\/image\/\",\"url\":\"https:\/\/talenti.si\/wp-content\/uploads\/2021\/12\/logo-talent-pravi-dark.png\",\"contentUrl\":\"https:\/\/talenti.si\/wp-content\/uploads\/2021\/12\/logo-talent-pravi-dark.png\",\"width\":145,\"height\":83,\"caption\":\"Talenti.si\"},\"image\":{\"@id\":\"https:\/\/talenti.si\/en\/#\/schema\/logo\/image\/\"}}]}<\/script>\n<!-- \/ Yoast SEO plugin. -->","yoast_head_json":{"title":"Sentosphere jewellery kit Crazy bracelets - Talenti.si","description":"This creative kit contains 3 transparent bracelets that can be painted and repainted using 10 translucent stained-glass colours. Children will love creating their own items of jewellery!","robots":{"index":"index","follow":"follow","max-snippet":"max-snippet:-1","max-image-preview":"max-image-preview:large","max-video-preview":"max-video-preview:-1"},"canonical":"https:\/\/talenti.si\/en\/miscellaneous\/creating-and-exploring\/sentosphere-jewellery-kit-crazy-bracelets\/","og_locale":"en_US","og_type":"article","og_title":"Sentosphere jewellery kit Crazy bracelets - Talenti.si","og_description":"This creative kit contains 3 transparent bracelets that can be painted and repainted using 10 translucent stained-glass colours. Children will love creating their own items of jewellery!","og_url":"https:\/\/talenti.si\/en\/miscellaneous\/creating-and-exploring\/sentosphere-jewellery-kit-crazy-bracelets\/","og_site_name":"Talenti.si","article_modified_time":"2023-08-08T08:17:30+00:00","og_image":[{"width":800,"height":800,"url":"https:\/\/talenti.si\/wp-content\/uploads\/2022\/05\/set-za-izdelavo-zapestnnic.jpg","type":"image\/jpeg"}],"twitter_card":"summary_large_image","twitter_misc":{"Est. reading time":"1 minute"},"schema":{"@context":"https:\/\/schema.org","@graph":[{"@type":"WebPage","@id":"https:\/\/talenti.si\/en\/miscellaneous\/creating-and-exploring\/sentosphere-jewellery-kit-crazy-bracelets\/","url":"https:\/\/talenti.si\/en\/miscellaneous\/creating-and-exploring\/sentosphere-jewellery-kit-crazy-bracelets\/","name":"Sentosphere jewellery kit Crazy bracelets - Talenti.si","isPartOf":{"@id":"https:\/\/talenti.si\/en\/#website"},"primaryImageOfPage":{"@id":"https:\/\/talenti.si\/en\/miscellaneous\/creating-and-exploring\/sentosphere-jewellery-kit-crazy-bracelets\/#primaryimage"},"image":{"@id":"https:\/\/talenti.si\/en\/miscellaneous\/creating-and-exploring\/sentosphere-jewellery-kit-crazy-bracelets\/#primaryimage"},"thumbnailUrl":"https:\/\/talenti.si\/wp-content\/uploads\/2022\/05\/set-za-izdelavo-zapestnnic.jpg","datePublished":"2022-05-04T07:55:34+00:00","dateModified":"2023-08-08T08:17:30+00:00","description":"This creative kit contains 3 transparent bracelets that can be painted and repainted using 10 translucent stained-glass colours. Children will love creating their own items of jewellery!","breadcrumb":{"@id":"https:\/\/talenti.si\/en\/miscellaneous\/creating-and-exploring\/sentosphere-jewellery-kit-crazy-bracelets\/#breadcrumb"},"inLanguage":"en-US","potentialAction":[{"@type":"ReadAction","target":["https:\/\/talenti.si\/en\/miscellaneous\/creating-and-exploring\/sentosphere-jewellery-kit-crazy-bracelets\/"]}]},{"@type":"ImageObject","inLanguage":"en-US","@id":"https:\/\/talenti.si\/en\/miscellaneous\/creating-and-exploring\/sentosphere-jewellery-kit-crazy-bracelets\/#primaryimage","url":"https:\/\/talenti.si\/wp-content\/uploads\/2022\/05\/set-za-izdelavo-zapestnnic.jpg","contentUrl":"https:\/\/talenti.si\/wp-content\/uploads\/2022\/05\/set-za-izdelavo-zapestnnic.jpg","width":800,"height":800},{"@type":"BreadcrumbList","@id":"https:\/\/talenti.si\/en\/miscellaneous\/creating-and-exploring\/sentosphere-jewellery-kit-crazy-bracelets\/#breadcrumb","itemListElement":[{"@type":"ListItem","position":1,"name":"Home","item":"https:\/\/talenti.si\/en\/"},{"@type":"ListItem","position":2,"name":"Shop","item":"https:\/\/talenti.si\/en\/shop\/"},{"@type":"ListItem","position":3,"name":"Sentosphere jewellery kit Crazy bracelets"}]},{"@type":"WebSite","@id":"https:\/\/talenti.si\/en\/#website","url":"https:\/\/talenti.si\/en\/","name":"Talenti.si","description":"Spletna trgovina za vse \u017eonglerje in podobne talente. Vse za \u017eongliranje, yoyo, frizbi, bumerang, kite... in \u0161e in \u0161e.","publisher":{"@id":"https:\/\/talenti.si\/en\/#organization"},"potentialAction":[{"@type":"SearchAction","target":{"@type":"EntryPoint","urlTemplate":"https:\/\/talenti.si\/en\/?s={search_term_string}"},"query-input":{"@type":"PropertyValueSpecification","valueRequired":true,"valueName":"search_term_string"}}],"inLanguage":"en-US"},{"@type":"Organization","@id":"https:\/\/talenti.si\/en\/#organization","name":"Talenti.si","url":"https:\/\/talenti.si\/en\/","logo":{"@type":"ImageObject","inLanguage":"en-US","@id":"https:\/\/talenti.si\/en\/#\/schema\/logo\/image\/","url":"https:\/\/talenti.si\/wp-content\/uploads\/2021\/12\/logo-talent-pravi-dark.png","contentUrl":"https:\/\/talenti.si\/wp-content\/uploads\/2021\/12\/logo-talent-pravi-dark.png","width":145,"height":83,"caption":"Talenti.si"},"image":{"@id":"https:\/\/talenti.si\/en\/#\/schema\/logo\/image\/"}}]}},"brands":[{"id":2106,"name":"Sentosphere","slug":"sentosphere-en"}],"_links":{"self":[{"href":"https:\/\/talenti.si\/en\/wp-json\/wp\/v2\/product\/27609","targetHints":{"allow":["GET"]}}],"collection":[{"href":"https:\/\/talenti.si\/en\/wp-json\/wp\/v2\/product"}],"about":[{"href":"https:\/\/talenti.si\/en\/wp-json\/wp\/v2\/types\/product"}],"replies":[{"embeddable":true,"href":"https:\/\/talenti.si\/en\/wp-json\/wp\/v2\/comments?post=27609"}],"wp:featuredmedia":[{"embeddable":true,"href":"https:\/\/talenti.si\/en\/wp-json\/wp\/v2\/media\/18777"}],"wp:attachment":[{"href":"https:\/\/talenti.si\/en\/wp-json\/wp\/v2\/media?parent=27609"}],"wp:term":[{"taxonomy":"pwb-brand","embeddable":true,"href":"https:\/\/talenti.si\/en\/wp-json\/wp\/v2\/pwb-brand?post=27609"},{"taxonomy":"product_brand","embeddable":true,"href":"https:\/\/talenti.si\/en\/wp-json\/wp\/v2\/product_brand?post=27609"},{"taxonomy":"product_cat","embeddable":true,"href":"https:\/\/talenti.si\/en\/wp-json\/wp\/v2\/product_cat?post=27609"},{"taxonomy":"product_tag","embeddable":true,"href":"https:\/\/talenti.si\/en\/wp-json\/wp\/v2\/product_tag?post=27609"}],"curies":[{"name":"wp","href":"https:\/\/api.w.org\/{rel}","templated":true}]}}