{"id":27693,"date":"2023-07-03T12:30:53","date_gmt":"2023-07-03T12:30:53","guid":{"rendered":"https:\/\/talenti.si\/uncategorized\/eitech-speed-racer-model-ii\/"},"modified":"2023-08-09T12:05:38","modified_gmt":"2023-08-09T12:05:38","slug":"eitech-speed-racer-model-ii","status":"publish","type":"product","link":"https:\/\/talenti.si\/en\/toys\/eitech-metal-constructions\/eitech-speed-racer-model-ii\/","title":{"rendered":"Eitech Speed Racer Model II"},"content":{"rendered":"<p>Young aspiring engineers will be delighted with the kit to build a fantastic racing car structure. Real mini-tools such as a screwdriver and pliers, as well as pictorial plans are included, but they allow countless possibilities for assembly, as the components can be combined with each other. The finished product is also suitable for play.<\/p>\n<p>While children will enjoy assembling attractive 3D models, they will also train their patience and precision, learn to plan and at the same time constantly develop their imagination.<\/p>\n<p><iframe loading=\"lazy\" class=\"note-video-clip\" src=\"\/\/www.youtube.com\/embed\/SPZhutKG4Ds\" width=\"640\" height=\"360\" frameborder=\"0\"><\/iframe><\/p>\n<p><strong>Features:<\/strong><\/p>\n<ul>\n<li>Number of pieces: <b>460<\/b><\/li>\n<li>Packaging dimensions: \u200e<strong>35<\/strong> x <strong>29<\/strong> x <strong>4,7<\/strong> cm<\/li>\n<li>Materials &#8211; <strong>metal<\/strong><\/li>\n<li>Recommended age: <strong>8+<\/strong><\/li>\n<\/ul>\n<p><strong style=\"font-size: 10px;\">WARNING!<\/strong><span style=\"font-size: 10px;\"> <\/span><span style=\"font-size: 10px;\">This product is not suitable for children under 3 years of age. Small parts can be a choking hazard if inhaled or swallowed. Remove packaging before handing it to a child. Save this information for future reference.<\/span><\/p>\n","protected":false},"excerpt":{"rendered":"<p>Young aspiring engineers will be delighted with the kit to build a fantastic racing car structure. Real mini-tools such as a screwdriver and pliers, as well as pictorial plans are included, but they allow countless possibilities for assembly, as the components can be combined with each other. The finished product is also suitable for play. [&hellip;]<\/p>\n","protected":false},"featured_media":25985,"comment_status":"open","ping_status":"closed","template":"","meta":{"_acf_changed":false},"pwb-brand":[2048],"product_brand":[],"product_cat":[1709],"product_tag":[3364,3334,3369,3368],"class_list":{"0":"post-27693","1":"product","2":"type-product","3":"status-publish","4":"has-post-thumbnail","6":"pwb-brand-eitech-en","7":"product_cat-eitech-metal-constructions","8":"product_tag-constructions","9":"product_tag-eitech-en","10":"product_tag-racer-en","11":"product_tag-speed-en","13":"first","14":"instock","15":"taxable","16":"shipping-taxable","17":"purchasable","18":"product-type-simple"},"acf":[],"yoast_head":"<!-- This site is optimized with the Yoast SEO plugin v25.8 - https:\/\/yoast.com\/wordpress\/plugins\/seo\/ -->\n<title>Eitech Speed Racer Model II<\/title>\n<meta name=\"description\" content=\"While children will enjoy assembling attractive 3D models, they will also train their patience and precision, learn to plan and at the same time constantly develop their imagination.\" \/>\n<meta name=\"robots\" content=\"index, follow, max-snippet:-1, max-image-preview:large, max-video-preview:-1\" \/>\n<link rel=\"canonical\" href=\"https:\/\/talenti.si\/en\/toys\/eitech-metal-constructions\/eitech-speed-racer-model-ii\/\" \/>\n<meta property=\"og:locale\" content=\"en_US\" \/>\n<meta property=\"og:type\" content=\"article\" \/>\n<meta property=\"og:title\" content=\"Eitech Speed Racer Model II\" \/>\n<meta property=\"og:description\" content=\"While children will enjoy assembling attractive 3D models, they will also train their patience and precision, learn to plan and at the same time constantly develop their imagination.\" \/>\n<meta property=\"og:url\" content=\"https:\/\/talenti.si\/en\/toys\/eitech-metal-constructions\/eitech-speed-racer-model-ii\/\" \/>\n<meta property=\"og:site_name\" content=\"Talenti.si\" \/>\n<meta property=\"article:modified_time\" content=\"2023-08-09T12:05:38+00:00\" \/>\n<meta property=\"og:image\" content=\"https:\/\/talenti.si\/wp-content\/uploads\/2023\/07\/Speed-Racer-Modell-2-talenti.jpg\" \/>\n\t<meta property=\"og:image:width\" content=\"600\" \/>\n\t<meta property=\"og:image:height\" content=\"600\" \/>\n\t<meta property=\"og:image:type\" content=\"image\/jpeg\" \/>\n<meta name=\"twitter:card\" content=\"summary_large_image\" \/>\n<meta name=\"twitter:label1\" content=\"Est. reading time\" \/>\n\t<meta name=\"twitter:data1\" content=\"1 minute\" \/>\n<script type=\"application\/ld+json\" class=\"yoast-schema-graph\">{\"@context\":\"https:\/\/schema.org\",\"@graph\":[{\"@type\":\"WebPage\",\"@id\":\"https:\/\/talenti.si\/en\/toys\/eitech-metal-constructions\/eitech-speed-racer-model-ii\/\",\"url\":\"https:\/\/talenti.si\/en\/toys\/eitech-metal-constructions\/eitech-speed-racer-model-ii\/\",\"name\":\"Eitech Speed Racer Model II\",\"isPartOf\":{\"@id\":\"https:\/\/talenti.si\/en\/#website\"},\"primaryImageOfPage\":{\"@id\":\"https:\/\/talenti.si\/en\/toys\/eitech-metal-constructions\/eitech-speed-racer-model-ii\/#primaryimage\"},\"image\":{\"@id\":\"https:\/\/talenti.si\/en\/toys\/eitech-metal-constructions\/eitech-speed-racer-model-ii\/#primaryimage\"},\"thumbnailUrl\":\"https:\/\/talenti.si\/wp-content\/uploads\/2023\/07\/Speed-Racer-Modell-2-talenti.jpg\",\"datePublished\":\"2023-07-03T12:30:53+00:00\",\"dateModified\":\"2023-08-09T12:05:38+00:00\",\"description\":\"While children will enjoy assembling attractive 3D models, they will also train their patience and precision, learn to plan and at the same time constantly develop their imagination.\",\"breadcrumb\":{\"@id\":\"https:\/\/talenti.si\/en\/toys\/eitech-metal-constructions\/eitech-speed-racer-model-ii\/#breadcrumb\"},\"inLanguage\":\"en-US\",\"potentialAction\":[{\"@type\":\"ReadAction\",\"target\":[\"https:\/\/talenti.si\/en\/toys\/eitech-metal-constructions\/eitech-speed-racer-model-ii\/\"]}]},{\"@type\":\"ImageObject\",\"inLanguage\":\"en-US\",\"@id\":\"https:\/\/talenti.si\/en\/toys\/eitech-metal-constructions\/eitech-speed-racer-model-ii\/#primaryimage\",\"url\":\"https:\/\/talenti.si\/wp-content\/uploads\/2023\/07\/Speed-Racer-Modell-2-talenti.jpg\",\"contentUrl\":\"https:\/\/talenti.si\/wp-content\/uploads\/2023\/07\/Speed-Racer-Modell-2-talenti.jpg\",\"width\":600,\"height\":600},{\"@type\":\"BreadcrumbList\",\"@id\":\"https:\/\/talenti.si\/en\/toys\/eitech-metal-constructions\/eitech-speed-racer-model-ii\/#breadcrumb\",\"itemListElement\":[{\"@type\":\"ListItem\",\"position\":1,\"name\":\"Home\",\"item\":\"https:\/\/talenti.si\/en\/\"},{\"@type\":\"ListItem\",\"position\":2,\"name\":\"Shop\",\"item\":\"https:\/\/talenti.si\/en\/shop\/\"},{\"@type\":\"ListItem\",\"position\":3,\"name\":\"Eitech Speed Racer Model II\"}]},{\"@type\":\"WebSite\",\"@id\":\"https:\/\/talenti.si\/en\/#website\",\"url\":\"https:\/\/talenti.si\/en\/\",\"name\":\"Talenti.si\",\"description\":\"Spletna trgovina za vse \u017eonglerje in podobne talente. Vse za \u017eongliranje, yoyo, frizbi, bumerang, kite... in \u0161e in \u0161e.\",\"publisher\":{\"@id\":\"https:\/\/talenti.si\/en\/#organization\"},\"potentialAction\":[{\"@type\":\"SearchAction\",\"target\":{\"@type\":\"EntryPoint\",\"urlTemplate\":\"https:\/\/talenti.si\/en\/?s={search_term_string}\"},\"query-input\":{\"@type\":\"PropertyValueSpecification\",\"valueRequired\":true,\"valueName\":\"search_term_string\"}}],\"inLanguage\":\"en-US\"},{\"@type\":\"Organization\",\"@id\":\"https:\/\/talenti.si\/en\/#organization\",\"name\":\"Talenti.si\",\"url\":\"https:\/\/talenti.si\/en\/\",\"logo\":{\"@type\":\"ImageObject\",\"inLanguage\":\"en-US\",\"@id\":\"https:\/\/talenti.si\/en\/#\/schema\/logo\/image\/\",\"url\":\"https:\/\/talenti.si\/wp-content\/uploads\/2021\/12\/logo-talent-pravi-dark.png\",\"contentUrl\":\"https:\/\/talenti.si\/wp-content\/uploads\/2021\/12\/logo-talent-pravi-dark.png\",\"width\":145,\"height\":83,\"caption\":\"Talenti.si\"},\"image\":{\"@id\":\"https:\/\/talenti.si\/en\/#\/schema\/logo\/image\/\"}}]}<\/script>\n<!-- \/ Yoast SEO plugin. -->","yoast_head_json":{"title":"Eitech Speed Racer Model II","description":"While children will enjoy assembling attractive 3D models, they will also train their patience and precision, learn to plan and at the same time constantly develop their imagination.","robots":{"index":"index","follow":"follow","max-snippet":"max-snippet:-1","max-image-preview":"max-image-preview:large","max-video-preview":"max-video-preview:-1"},"canonical":"https:\/\/talenti.si\/en\/toys\/eitech-metal-constructions\/eitech-speed-racer-model-ii\/","og_locale":"en_US","og_type":"article","og_title":"Eitech Speed Racer Model II","og_description":"While children will enjoy assembling attractive 3D models, they will also train their patience and precision, learn to plan and at the same time constantly develop their imagination.","og_url":"https:\/\/talenti.si\/en\/toys\/eitech-metal-constructions\/eitech-speed-racer-model-ii\/","og_site_name":"Talenti.si","article_modified_time":"2023-08-09T12:05:38+00:00","og_image":[{"width":600,"height":600,"url":"https:\/\/talenti.si\/wp-content\/uploads\/2023\/07\/Speed-Racer-Modell-2-talenti.jpg","type":"image\/jpeg"}],"twitter_card":"summary_large_image","twitter_misc":{"Est. reading time":"1 minute"},"schema":{"@context":"https:\/\/schema.org","@graph":[{"@type":"WebPage","@id":"https:\/\/talenti.si\/en\/toys\/eitech-metal-constructions\/eitech-speed-racer-model-ii\/","url":"https:\/\/talenti.si\/en\/toys\/eitech-metal-constructions\/eitech-speed-racer-model-ii\/","name":"Eitech Speed Racer Model II","isPartOf":{"@id":"https:\/\/talenti.si\/en\/#website"},"primaryImageOfPage":{"@id":"https:\/\/talenti.si\/en\/toys\/eitech-metal-constructions\/eitech-speed-racer-model-ii\/#primaryimage"},"image":{"@id":"https:\/\/talenti.si\/en\/toys\/eitech-metal-constructions\/eitech-speed-racer-model-ii\/#primaryimage"},"thumbnailUrl":"https:\/\/talenti.si\/wp-content\/uploads\/2023\/07\/Speed-Racer-Modell-2-talenti.jpg","datePublished":"2023-07-03T12:30:53+00:00","dateModified":"2023-08-09T12:05:38+00:00","description":"While children will enjoy assembling attractive 3D models, they will also train their patience and precision, learn to plan and at the same time constantly develop their imagination.","breadcrumb":{"@id":"https:\/\/talenti.si\/en\/toys\/eitech-metal-constructions\/eitech-speed-racer-model-ii\/#breadcrumb"},"inLanguage":"en-US","potentialAction":[{"@type":"ReadAction","target":["https:\/\/talenti.si\/en\/toys\/eitech-metal-constructions\/eitech-speed-racer-model-ii\/"]}]},{"@type":"ImageObject","inLanguage":"en-US","@id":"https:\/\/talenti.si\/en\/toys\/eitech-metal-constructions\/eitech-speed-racer-model-ii\/#primaryimage","url":"https:\/\/talenti.si\/wp-content\/uploads\/2023\/07\/Speed-Racer-Modell-2-talenti.jpg","contentUrl":"https:\/\/talenti.si\/wp-content\/uploads\/2023\/07\/Speed-Racer-Modell-2-talenti.jpg","width":600,"height":600},{"@type":"BreadcrumbList","@id":"https:\/\/talenti.si\/en\/toys\/eitech-metal-constructions\/eitech-speed-racer-model-ii\/#breadcrumb","itemListElement":[{"@type":"ListItem","position":1,"name":"Home","item":"https:\/\/talenti.si\/en\/"},{"@type":"ListItem","position":2,"name":"Shop","item":"https:\/\/talenti.si\/en\/shop\/"},{"@type":"ListItem","position":3,"name":"Eitech Speed Racer Model II"}]},{"@type":"WebSite","@id":"https:\/\/talenti.si\/en\/#website","url":"https:\/\/talenti.si\/en\/","name":"Talenti.si","description":"Spletna trgovina za vse \u017eonglerje in podobne talente. Vse za \u017eongliranje, yoyo, frizbi, bumerang, kite... in \u0161e in \u0161e.","publisher":{"@id":"https:\/\/talenti.si\/en\/#organization"},"potentialAction":[{"@type":"SearchAction","target":{"@type":"EntryPoint","urlTemplate":"https:\/\/talenti.si\/en\/?s={search_term_string}"},"query-input":{"@type":"PropertyValueSpecification","valueRequired":true,"valueName":"search_term_string"}}],"inLanguage":"en-US"},{"@type":"Organization","@id":"https:\/\/talenti.si\/en\/#organization","name":"Talenti.si","url":"https:\/\/talenti.si\/en\/","logo":{"@type":"ImageObject","inLanguage":"en-US","@id":"https:\/\/talenti.si\/en\/#\/schema\/logo\/image\/","url":"https:\/\/talenti.si\/wp-content\/uploads\/2021\/12\/logo-talent-pravi-dark.png","contentUrl":"https:\/\/talenti.si\/wp-content\/uploads\/2021\/12\/logo-talent-pravi-dark.png","width":145,"height":83,"caption":"Talenti.si"},"image":{"@id":"https:\/\/talenti.si\/en\/#\/schema\/logo\/image\/"}}]}},"brands":[{"id":2048,"name":"Eitech","slug":"eitech-en"}],"_links":{"self":[{"href":"https:\/\/talenti.si\/en\/wp-json\/wp\/v2\/product\/27693","targetHints":{"allow":["GET"]}}],"collection":[{"href":"https:\/\/talenti.si\/en\/wp-json\/wp\/v2\/product"}],"about":[{"href":"https:\/\/talenti.si\/en\/wp-json\/wp\/v2\/types\/product"}],"replies":[{"embeddable":true,"href":"https:\/\/talenti.si\/en\/wp-json\/wp\/v2\/comments?post=27693"}],"wp:featuredmedia":[{"embeddable":true,"href":"https:\/\/talenti.si\/en\/wp-json\/wp\/v2\/media\/25985"}],"wp:attachment":[{"href":"https:\/\/talenti.si\/en\/wp-json\/wp\/v2\/media?parent=27693"}],"wp:term":[{"taxonomy":"pwb-brand","embeddable":true,"href":"https:\/\/talenti.si\/en\/wp-json\/wp\/v2\/pwb-brand?post=27693"},{"taxonomy":"product_brand","embeddable":true,"href":"https:\/\/talenti.si\/en\/wp-json\/wp\/v2\/product_brand?post=27693"},{"taxonomy":"product_cat","embeddable":true,"href":"https:\/\/talenti.si\/en\/wp-json\/wp\/v2\/product_cat?post=27693"},{"taxonomy":"product_tag","embeddable":true,"href":"https:\/\/talenti.si\/en\/wp-json\/wp\/v2\/product_tag?post=27693"}],"curies":[{"name":"wp","href":"https:\/\/api.w.org\/{rel}","templated":true}]}}