{"id":28108,"date":"2012-05-15T23:28:15","date_gmt":"2012-05-15T23:28:15","guid":{"rendered":"https:\/\/talenti.si\/uncategorized\/mini-brushes-x-3\/"},"modified":"2024-11-11T14:20:03","modified_gmt":"2024-11-11T14:20:03","slug":"mini-brushes-x-3-2","status":"publish","type":"product","link":"https:\/\/talenti.si\/en\/miscellaneous\/face-painting-colors\/mini-brushes-x-3-2\/","title":{"rendered":"Mini brushes x 3"},"content":{"rendered":"<p>The set contains <strong>3<\/strong> mini brushes of different widths. From the thinnest for precise paint application, to the widest for larger details.<\/p>\n<p>For applying larger areas of paint on the face or body, we recommend our <a href=\"https:\/\/talenti.si\/razno\/barve-za-poslikavo-obraza\/spuzvice\/\">set of sponges<\/a>.<\/p>\n<div class=\"video-container responsive-embed widescreen\"><iframe loading=\"lazy\" title=\"Fantasy Make Up Tutorial Der Biss La Morsure The Bite\" width=\"900\" height=\"506\" src=\"https:\/\/www.youtube.com\/embed\/R32o8pXXn2c?feature=oembed\" frameborder=\"0\" allow=\"accelerometer; autoplay; clipboard-write; encrypted-media; gyroscope; picture-in-picture; web-share\" allowfullscreen><\/iframe><\/div>\n","protected":false},"excerpt":{"rendered":"<p>The set contains 3 mini brushes of different widths. From the thinnest for precise paint application, to the widest for larger details. For applying larger areas of paint on the face or body, we recommend our set of sponges.<\/p>\n","protected":false},"featured_media":14220,"comment_status":"open","ping_status":"closed","template":"","meta":{"_acf_changed":false},"pwb-brand":[2051],"product_brand":[],"product_cat":[1740],"product_tag":[3536],"class_list":{"0":"post-28108","1":"product","2":"type-product","3":"status-publish","4":"has-post-thumbnail","6":"pwb-brand-fantasy-en","7":"product_cat-face-painting-colors","8":"product_tag-brushes","10":"first","11":"instock","12":"taxable","13":"shipping-taxable","14":"purchasable","15":"product-type-simple"},"acf":[],"yoast_head":"<!-- This site is optimized with the Yoast SEO plugin v25.8 - https:\/\/yoast.com\/wordpress\/plugins\/seo\/ -->\n<title>Mini brushes x 3<\/title>\n<meta name=\"description\" content=\"We have 3 different widths of brushes intended for applying paint to the face. From extremely fine (Width 0), which is intended for precise details, to wider ones (Width 6), which are intended for quick application and covering larger surfaces.\" \/>\n<meta name=\"robots\" content=\"index, follow, max-snippet:-1, max-image-preview:large, max-video-preview:-1\" \/>\n<link rel=\"canonical\" href=\"https:\/\/talenti.si\/en\/miscellaneous\/face-painting-colors\/mini-brushes-x-3-2\/\" \/>\n<meta property=\"og:locale\" content=\"en_US\" \/>\n<meta property=\"og:type\" content=\"article\" \/>\n<meta property=\"og:title\" content=\"Mini brushes x 3\" \/>\n<meta property=\"og:description\" content=\"We have 3 different widths of brushes intended for applying paint to the face. From extremely fine (Width 0), which is intended for precise details, to wider ones (Width 6), which are intended for quick application and covering larger surfaces.\" \/>\n<meta property=\"og:url\" content=\"https:\/\/talenti.si\/en\/miscellaneous\/face-painting-colors\/mini-brushes-x-3-2\/\" \/>\n<meta property=\"og:site_name\" content=\"Talenti.si\" \/>\n<meta property=\"article:modified_time\" content=\"2024-11-11T14:20:03+00:00\" \/>\n<meta property=\"og:image\" content=\"https:\/\/talenti.si\/wp-content\/uploads\/2022\/01\/image002.jpg\" \/>\n\t<meta property=\"og:image:width\" content=\"143\" \/>\n\t<meta property=\"og:image:height\" content=\"249\" \/>\n\t<meta property=\"og:image:type\" content=\"image\/jpeg\" \/>\n<meta name=\"twitter:card\" content=\"summary_large_image\" \/>\n<script type=\"application\/ld+json\" class=\"yoast-schema-graph\">{\"@context\":\"https:\/\/schema.org\",\"@graph\":[{\"@type\":\"WebPage\",\"@id\":\"https:\/\/talenti.si\/en\/miscellaneous\/face-painting-colors\/mini-brushes-x-3-2\/\",\"url\":\"https:\/\/talenti.si\/en\/miscellaneous\/face-painting-colors\/mini-brushes-x-3-2\/\",\"name\":\"Mini brushes x 3\",\"isPartOf\":{\"@id\":\"https:\/\/talenti.si\/en\/#website\"},\"primaryImageOfPage\":{\"@id\":\"https:\/\/talenti.si\/en\/miscellaneous\/face-painting-colors\/mini-brushes-x-3-2\/#primaryimage\"},\"image\":{\"@id\":\"https:\/\/talenti.si\/en\/miscellaneous\/face-painting-colors\/mini-brushes-x-3-2\/#primaryimage\"},\"thumbnailUrl\":\"https:\/\/talenti.si\/wp-content\/uploads\/2022\/01\/image002.jpg\",\"datePublished\":\"2012-05-15T23:28:15+00:00\",\"dateModified\":\"2024-11-11T14:20:03+00:00\",\"description\":\"We have 3 different widths of brushes intended for applying paint to the face. From extremely fine (Width 0), which is intended for precise details, to wider ones (Width 6), which are intended for quick application and covering larger surfaces.\",\"breadcrumb\":{\"@id\":\"https:\/\/talenti.si\/en\/miscellaneous\/face-painting-colors\/mini-brushes-x-3-2\/#breadcrumb\"},\"inLanguage\":\"en-US\",\"potentialAction\":[{\"@type\":\"ReadAction\",\"target\":[\"https:\/\/talenti.si\/en\/miscellaneous\/face-painting-colors\/mini-brushes-x-3-2\/\"]}]},{\"@type\":\"ImageObject\",\"inLanguage\":\"en-US\",\"@id\":\"https:\/\/talenti.si\/en\/miscellaneous\/face-painting-colors\/mini-brushes-x-3-2\/#primaryimage\",\"url\":\"https:\/\/talenti.si\/wp-content\/uploads\/2022\/01\/image002.jpg\",\"contentUrl\":\"https:\/\/talenti.si\/wp-content\/uploads\/2022\/01\/image002.jpg\",\"width\":143,\"height\":249},{\"@type\":\"BreadcrumbList\",\"@id\":\"https:\/\/talenti.si\/en\/miscellaneous\/face-painting-colors\/mini-brushes-x-3-2\/#breadcrumb\",\"itemListElement\":[{\"@type\":\"ListItem\",\"position\":1,\"name\":\"Home\",\"item\":\"https:\/\/talenti.si\/en\/\"},{\"@type\":\"ListItem\",\"position\":2,\"name\":\"Shop\",\"item\":\"https:\/\/talenti.si\/en\/shop\/\"},{\"@type\":\"ListItem\",\"position\":3,\"name\":\"Mini brushes x 3\"}]},{\"@type\":\"WebSite\",\"@id\":\"https:\/\/talenti.si\/en\/#website\",\"url\":\"https:\/\/talenti.si\/en\/\",\"name\":\"Talenti.si\",\"description\":\"Spletna trgovina za vse \u017eonglerje in podobne talente. Vse za \u017eongliranje, yoyo, frizbi, bumerang, kite... in \u0161e in \u0161e.\",\"publisher\":{\"@id\":\"https:\/\/talenti.si\/en\/#organization\"},\"potentialAction\":[{\"@type\":\"SearchAction\",\"target\":{\"@type\":\"EntryPoint\",\"urlTemplate\":\"https:\/\/talenti.si\/en\/?s={search_term_string}\"},\"query-input\":{\"@type\":\"PropertyValueSpecification\",\"valueRequired\":true,\"valueName\":\"search_term_string\"}}],\"inLanguage\":\"en-US\"},{\"@type\":\"Organization\",\"@id\":\"https:\/\/talenti.si\/en\/#organization\",\"name\":\"Talenti.si\",\"url\":\"https:\/\/talenti.si\/en\/\",\"logo\":{\"@type\":\"ImageObject\",\"inLanguage\":\"en-US\",\"@id\":\"https:\/\/talenti.si\/en\/#\/schema\/logo\/image\/\",\"url\":\"https:\/\/talenti.si\/wp-content\/uploads\/2021\/12\/logo-talent-pravi-dark.png\",\"contentUrl\":\"https:\/\/talenti.si\/wp-content\/uploads\/2021\/12\/logo-talent-pravi-dark.png\",\"width\":145,\"height\":83,\"caption\":\"Talenti.si\"},\"image\":{\"@id\":\"https:\/\/talenti.si\/en\/#\/schema\/logo\/image\/\"}}]}<\/script>\n<!-- \/ Yoast SEO plugin. -->","yoast_head_json":{"title":"Mini brushes x 3","description":"We have 3 different widths of brushes intended for applying paint to the face. From extremely fine (Width 0), which is intended for precise details, to wider ones (Width 6), which are intended for quick application and covering larger surfaces.","robots":{"index":"index","follow":"follow","max-snippet":"max-snippet:-1","max-image-preview":"max-image-preview:large","max-video-preview":"max-video-preview:-1"},"canonical":"https:\/\/talenti.si\/en\/miscellaneous\/face-painting-colors\/mini-brushes-x-3-2\/","og_locale":"en_US","og_type":"article","og_title":"Mini brushes x 3","og_description":"We have 3 different widths of brushes intended for applying paint to the face. From extremely fine (Width 0), which is intended for precise details, to wider ones (Width 6), which are intended for quick application and covering larger surfaces.","og_url":"https:\/\/talenti.si\/en\/miscellaneous\/face-painting-colors\/mini-brushes-x-3-2\/","og_site_name":"Talenti.si","article_modified_time":"2024-11-11T14:20:03+00:00","og_image":[{"width":143,"height":249,"url":"https:\/\/talenti.si\/wp-content\/uploads\/2022\/01\/image002.jpg","type":"image\/jpeg"}],"twitter_card":"summary_large_image","schema":{"@context":"https:\/\/schema.org","@graph":[{"@type":"WebPage","@id":"https:\/\/talenti.si\/en\/miscellaneous\/face-painting-colors\/mini-brushes-x-3-2\/","url":"https:\/\/talenti.si\/en\/miscellaneous\/face-painting-colors\/mini-brushes-x-3-2\/","name":"Mini brushes x 3","isPartOf":{"@id":"https:\/\/talenti.si\/en\/#website"},"primaryImageOfPage":{"@id":"https:\/\/talenti.si\/en\/miscellaneous\/face-painting-colors\/mini-brushes-x-3-2\/#primaryimage"},"image":{"@id":"https:\/\/talenti.si\/en\/miscellaneous\/face-painting-colors\/mini-brushes-x-3-2\/#primaryimage"},"thumbnailUrl":"https:\/\/talenti.si\/wp-content\/uploads\/2022\/01\/image002.jpg","datePublished":"2012-05-15T23:28:15+00:00","dateModified":"2024-11-11T14:20:03+00:00","description":"We have 3 different widths of brushes intended for applying paint to the face. From extremely fine (Width 0), which is intended for precise details, to wider ones (Width 6), which are intended for quick application and covering larger surfaces.","breadcrumb":{"@id":"https:\/\/talenti.si\/en\/miscellaneous\/face-painting-colors\/mini-brushes-x-3-2\/#breadcrumb"},"inLanguage":"en-US","potentialAction":[{"@type":"ReadAction","target":["https:\/\/talenti.si\/en\/miscellaneous\/face-painting-colors\/mini-brushes-x-3-2\/"]}]},{"@type":"ImageObject","inLanguage":"en-US","@id":"https:\/\/talenti.si\/en\/miscellaneous\/face-painting-colors\/mini-brushes-x-3-2\/#primaryimage","url":"https:\/\/talenti.si\/wp-content\/uploads\/2022\/01\/image002.jpg","contentUrl":"https:\/\/talenti.si\/wp-content\/uploads\/2022\/01\/image002.jpg","width":143,"height":249},{"@type":"BreadcrumbList","@id":"https:\/\/talenti.si\/en\/miscellaneous\/face-painting-colors\/mini-brushes-x-3-2\/#breadcrumb","itemListElement":[{"@type":"ListItem","position":1,"name":"Home","item":"https:\/\/talenti.si\/en\/"},{"@type":"ListItem","position":2,"name":"Shop","item":"https:\/\/talenti.si\/en\/shop\/"},{"@type":"ListItem","position":3,"name":"Mini brushes x 3"}]},{"@type":"WebSite","@id":"https:\/\/talenti.si\/en\/#website","url":"https:\/\/talenti.si\/en\/","name":"Talenti.si","description":"Spletna trgovina za vse \u017eonglerje in podobne talente. Vse za \u017eongliranje, yoyo, frizbi, bumerang, kite... in \u0161e in \u0161e.","publisher":{"@id":"https:\/\/talenti.si\/en\/#organization"},"potentialAction":[{"@type":"SearchAction","target":{"@type":"EntryPoint","urlTemplate":"https:\/\/talenti.si\/en\/?s={search_term_string}"},"query-input":{"@type":"PropertyValueSpecification","valueRequired":true,"valueName":"search_term_string"}}],"inLanguage":"en-US"},{"@type":"Organization","@id":"https:\/\/talenti.si\/en\/#organization","name":"Talenti.si","url":"https:\/\/talenti.si\/en\/","logo":{"@type":"ImageObject","inLanguage":"en-US","@id":"https:\/\/talenti.si\/en\/#\/schema\/logo\/image\/","url":"https:\/\/talenti.si\/wp-content\/uploads\/2021\/12\/logo-talent-pravi-dark.png","contentUrl":"https:\/\/talenti.si\/wp-content\/uploads\/2021\/12\/logo-talent-pravi-dark.png","width":145,"height":83,"caption":"Talenti.si"},"image":{"@id":"https:\/\/talenti.si\/en\/#\/schema\/logo\/image\/"}}]}},"brands":[{"id":2051,"name":"Fantasy","slug":"fantasy-en"}],"_links":{"self":[{"href":"https:\/\/talenti.si\/en\/wp-json\/wp\/v2\/product\/28108","targetHints":{"allow":["GET"]}}],"collection":[{"href":"https:\/\/talenti.si\/en\/wp-json\/wp\/v2\/product"}],"about":[{"href":"https:\/\/talenti.si\/en\/wp-json\/wp\/v2\/types\/product"}],"replies":[{"embeddable":true,"href":"https:\/\/talenti.si\/en\/wp-json\/wp\/v2\/comments?post=28108"}],"wp:featuredmedia":[{"embeddable":true,"href":"https:\/\/talenti.si\/en\/wp-json\/wp\/v2\/media\/14220"}],"wp:attachment":[{"href":"https:\/\/talenti.si\/en\/wp-json\/wp\/v2\/media?parent=28108"}],"wp:term":[{"taxonomy":"pwb-brand","embeddable":true,"href":"https:\/\/talenti.si\/en\/wp-json\/wp\/v2\/pwb-brand?post=28108"},{"taxonomy":"product_brand","embeddable":true,"href":"https:\/\/talenti.si\/en\/wp-json\/wp\/v2\/product_brand?post=28108"},{"taxonomy":"product_cat","embeddable":true,"href":"https:\/\/talenti.si\/en\/wp-json\/wp\/v2\/product_cat?post=28108"},{"taxonomy":"product_tag","embeddable":true,"href":"https:\/\/talenti.si\/en\/wp-json\/wp\/v2\/product_tag?post=28108"}],"curies":[{"name":"wp","href":"https:\/\/api.w.org\/{rel}","templated":true}]}}