{"id":28389,"date":"2023-02-22T07:35:21","date_gmt":"2023-02-22T07:35:21","guid":{"rendered":"https:\/\/talenti.si\/uncategorized\/star-trek-enterprise-ncc-1701-assembled-model\/"},"modified":"2023-08-17T06:41:44","modified_gmt":"2023-08-17T06:41:44","slug":"star-trek-enterprise-ncc-1701-assembled-model","status":"publish","type":"product","link":"https:\/\/talenti.si\/en\/miscellaneous\/metal-miniature-replicas-metal-earth\/star-trek-enterprise-ncc-1701-assembled-model\/","title":{"rendered":"Star Trek Enterprise NCC-1701 &#8211; assembled model"},"content":{"rendered":"<p><strong>Metal Earth &#8211; amazing DIY models with stunning details<\/strong><\/p>\n<p>Metal Earth is made from high quality <strong>steel sheets<\/strong>. Each model features amazing detail with parts cut from one or more 4\u201d square steel sheets. Easy to follow instructions are included with each kit and NO GLUE OR SOLDER REQUIRED! Simply snip out the pieces and bend the tabs through corresponding connection points. <strong>Assembled models<\/strong> are also available. Outstanding and admirable decoration.<\/p>\n<p>The Enterprise NCC-1701 is the most famous spaceship dedicated to space exploration, from the science fiction franchise Star Trek.<\/p>\n<p><iframe loading=\"lazy\" class=\"note-video-clip\" src=\"\/\/www.youtube.com\/embed\/Q-ThMtXqktQ\" width=\"640\" height=\"360\" frameborder=\"0\" data-mce-fragment=\"1\"><\/iframe><\/p>\n<p><strong>Features:<\/strong><\/p>\n<ul>\n<li>Assembled model<\/li>\n<li>Dimensions: <strong>12,7<\/strong> x <strong>6<\/strong> x <strong>6<\/strong> cm<\/li>\n<li>Materials &#8211; <strong>steel<\/strong><\/li>\n<li>Recommended age: <strong>14+<\/strong><\/li>\n<li>This product is not a toy!<\/li>\n<\/ul>\n<p><strong style=\"font-size: 10px;\">WARNING!<\/strong><span style=\"font-size: 10px;\"> <\/span><span style=\"font-size: 10px;\">This product is not suitable for children under 3 years of age. Small parts can be a choking hazard if inhaled or swallowed. Remove packaging before handing it to a child. Save this information for future reference.<\/span><\/p>\n","protected":false},"excerpt":{"rendered":"<p>Metal Earth &#8211; amazing DIY models with stunning details Metal Earth is made from high quality steel sheets. Each model features amazing detail with parts cut from one or more 4\u201d square steel sheets. Easy to follow instructions are included with each kit and NO GLUE OR SOLDER REQUIRED! Simply snip out the pieces and [&hellip;]<\/p>\n","protected":false},"featured_media":21735,"comment_status":"open","ping_status":"closed","template":"","meta":{"_acf_changed":false},"pwb-brand":[2085],"product_brand":[],"product_cat":[1749],"product_tag":[3599,3598,3600,3605],"class_list":{"0":"post-28389","1":"product","2":"type-product","3":"status-publish","4":"has-post-thumbnail","6":"pwb-brand-metal-earth-en","7":"product_cat-metal-miniature-replicas-metal-earth","8":"product_tag-metal","9":"product_tag-metal-earth-en","10":"product_tag-replicas","11":"product_tag-star-trek-en","13":"first","14":"instock","15":"taxable","16":"shipping-taxable","17":"purchasable","18":"product-type-simple"},"acf":[],"yoast_head":"<!-- This site is optimized with the Yoast SEO plugin v25.8 - https:\/\/yoast.com\/wordpress\/plugins\/seo\/ -->\n<title>Star Trek Enterprise NCC-1701 - assembled model - Talenti.si<\/title>\n<meta name=\"description\" content=\"Metal Earth - amazing DIY models with stunning details\" \/>\n<meta name=\"robots\" content=\"index, follow, max-snippet:-1, max-image-preview:large, max-video-preview:-1\" \/>\n<link rel=\"canonical\" href=\"https:\/\/talenti.si\/en\/miscellaneous\/metal-miniature-replicas-metal-earth\/star-trek-enterprise-ncc-1701-assembled-model\/\" \/>\n<meta property=\"og:locale\" content=\"en_US\" \/>\n<meta property=\"og:type\" content=\"article\" \/>\n<meta property=\"og:title\" content=\"Star Trek Enterprise NCC-1701 - assembled model - Talenti.si\" \/>\n<meta property=\"og:description\" content=\"Metal Earth - amazing DIY models with stunning details\" \/>\n<meta property=\"og:url\" content=\"https:\/\/talenti.si\/en\/miscellaneous\/metal-miniature-replicas-metal-earth\/star-trek-enterprise-ncc-1701-assembled-model\/\" \/>\n<meta property=\"og:site_name\" content=\"Talenti.si\" \/>\n<meta property=\"article:modified_time\" content=\"2023-08-17T06:41:44+00:00\" \/>\n<meta property=\"og:image\" content=\"https:\/\/talenti.si\/wp-content\/uploads\/2023\/02\/star-trek-kovinske-replike.jpg\" \/>\n\t<meta property=\"og:image:width\" content=\"1080\" \/>\n\t<meta property=\"og:image:height\" content=\"1080\" \/>\n\t<meta property=\"og:image:type\" content=\"image\/jpeg\" \/>\n<meta name=\"twitter:card\" content=\"summary_large_image\" \/>\n<meta name=\"twitter:label1\" content=\"Est. reading time\" \/>\n\t<meta name=\"twitter:data1\" content=\"1 minute\" \/>\n<script type=\"application\/ld+json\" class=\"yoast-schema-graph\">{\"@context\":\"https:\/\/schema.org\",\"@graph\":[{\"@type\":\"WebPage\",\"@id\":\"https:\/\/talenti.si\/en\/miscellaneous\/metal-miniature-replicas-metal-earth\/star-trek-enterprise-ncc-1701-assembled-model\/\",\"url\":\"https:\/\/talenti.si\/en\/miscellaneous\/metal-miniature-replicas-metal-earth\/star-trek-enterprise-ncc-1701-assembled-model\/\",\"name\":\"Star Trek Enterprise NCC-1701 - assembled model - Talenti.si\",\"isPartOf\":{\"@id\":\"https:\/\/talenti.si\/en\/#website\"},\"primaryImageOfPage\":{\"@id\":\"https:\/\/talenti.si\/en\/miscellaneous\/metal-miniature-replicas-metal-earth\/star-trek-enterprise-ncc-1701-assembled-model\/#primaryimage\"},\"image\":{\"@id\":\"https:\/\/talenti.si\/en\/miscellaneous\/metal-miniature-replicas-metal-earth\/star-trek-enterprise-ncc-1701-assembled-model\/#primaryimage\"},\"thumbnailUrl\":\"https:\/\/talenti.si\/wp-content\/uploads\/2023\/02\/star-trek-kovinske-replike.jpg\",\"datePublished\":\"2023-02-22T07:35:21+00:00\",\"dateModified\":\"2023-08-17T06:41:44+00:00\",\"description\":\"Metal Earth - amazing DIY models with stunning details\",\"breadcrumb\":{\"@id\":\"https:\/\/talenti.si\/en\/miscellaneous\/metal-miniature-replicas-metal-earth\/star-trek-enterprise-ncc-1701-assembled-model\/#breadcrumb\"},\"inLanguage\":\"en-US\",\"potentialAction\":[{\"@type\":\"ReadAction\",\"target\":[\"https:\/\/talenti.si\/en\/miscellaneous\/metal-miniature-replicas-metal-earth\/star-trek-enterprise-ncc-1701-assembled-model\/\"]}]},{\"@type\":\"ImageObject\",\"inLanguage\":\"en-US\",\"@id\":\"https:\/\/talenti.si\/en\/miscellaneous\/metal-miniature-replicas-metal-earth\/star-trek-enterprise-ncc-1701-assembled-model\/#primaryimage\",\"url\":\"https:\/\/talenti.si\/wp-content\/uploads\/2023\/02\/star-trek-kovinske-replike.jpg\",\"contentUrl\":\"https:\/\/talenti.si\/wp-content\/uploads\/2023\/02\/star-trek-kovinske-replike.jpg\",\"width\":1080,\"height\":1080},{\"@type\":\"BreadcrumbList\",\"@id\":\"https:\/\/talenti.si\/en\/miscellaneous\/metal-miniature-replicas-metal-earth\/star-trek-enterprise-ncc-1701-assembled-model\/#breadcrumb\",\"itemListElement\":[{\"@type\":\"ListItem\",\"position\":1,\"name\":\"Home\",\"item\":\"https:\/\/talenti.si\/en\/\"},{\"@type\":\"ListItem\",\"position\":2,\"name\":\"Shop\",\"item\":\"https:\/\/talenti.si\/en\/shop\/\"},{\"@type\":\"ListItem\",\"position\":3,\"name\":\"Star Trek Enterprise NCC-1701 &#8211; assembled model\"}]},{\"@type\":\"WebSite\",\"@id\":\"https:\/\/talenti.si\/en\/#website\",\"url\":\"https:\/\/talenti.si\/en\/\",\"name\":\"Talenti.si\",\"description\":\"Spletna trgovina za vse \u017eonglerje in podobne talente. Vse za \u017eongliranje, yoyo, frizbi, bumerang, kite... in \u0161e in \u0161e.\",\"publisher\":{\"@id\":\"https:\/\/talenti.si\/en\/#organization\"},\"potentialAction\":[{\"@type\":\"SearchAction\",\"target\":{\"@type\":\"EntryPoint\",\"urlTemplate\":\"https:\/\/talenti.si\/en\/?s={search_term_string}\"},\"query-input\":{\"@type\":\"PropertyValueSpecification\",\"valueRequired\":true,\"valueName\":\"search_term_string\"}}],\"inLanguage\":\"en-US\"},{\"@type\":\"Organization\",\"@id\":\"https:\/\/talenti.si\/en\/#organization\",\"name\":\"Talenti.si\",\"url\":\"https:\/\/talenti.si\/en\/\",\"logo\":{\"@type\":\"ImageObject\",\"inLanguage\":\"en-US\",\"@id\":\"https:\/\/talenti.si\/en\/#\/schema\/logo\/image\/\",\"url\":\"https:\/\/talenti.si\/wp-content\/uploads\/2021\/12\/logo-talent-pravi-dark.png\",\"contentUrl\":\"https:\/\/talenti.si\/wp-content\/uploads\/2021\/12\/logo-talent-pravi-dark.png\",\"width\":145,\"height\":83,\"caption\":\"Talenti.si\"},\"image\":{\"@id\":\"https:\/\/talenti.si\/en\/#\/schema\/logo\/image\/\"}}]}<\/script>\n<!-- \/ Yoast SEO plugin. -->","yoast_head_json":{"title":"Star Trek Enterprise NCC-1701 - assembled model - Talenti.si","description":"Metal Earth - amazing DIY models with stunning details","robots":{"index":"index","follow":"follow","max-snippet":"max-snippet:-1","max-image-preview":"max-image-preview:large","max-video-preview":"max-video-preview:-1"},"canonical":"https:\/\/talenti.si\/en\/miscellaneous\/metal-miniature-replicas-metal-earth\/star-trek-enterprise-ncc-1701-assembled-model\/","og_locale":"en_US","og_type":"article","og_title":"Star Trek Enterprise NCC-1701 - assembled model - Talenti.si","og_description":"Metal Earth - amazing DIY models with stunning details","og_url":"https:\/\/talenti.si\/en\/miscellaneous\/metal-miniature-replicas-metal-earth\/star-trek-enterprise-ncc-1701-assembled-model\/","og_site_name":"Talenti.si","article_modified_time":"2023-08-17T06:41:44+00:00","og_image":[{"width":1080,"height":1080,"url":"https:\/\/talenti.si\/wp-content\/uploads\/2023\/02\/star-trek-kovinske-replike.jpg","type":"image\/jpeg"}],"twitter_card":"summary_large_image","twitter_misc":{"Est. reading time":"1 minute"},"schema":{"@context":"https:\/\/schema.org","@graph":[{"@type":"WebPage","@id":"https:\/\/talenti.si\/en\/miscellaneous\/metal-miniature-replicas-metal-earth\/star-trek-enterprise-ncc-1701-assembled-model\/","url":"https:\/\/talenti.si\/en\/miscellaneous\/metal-miniature-replicas-metal-earth\/star-trek-enterprise-ncc-1701-assembled-model\/","name":"Star Trek Enterprise NCC-1701 - assembled model - Talenti.si","isPartOf":{"@id":"https:\/\/talenti.si\/en\/#website"},"primaryImageOfPage":{"@id":"https:\/\/talenti.si\/en\/miscellaneous\/metal-miniature-replicas-metal-earth\/star-trek-enterprise-ncc-1701-assembled-model\/#primaryimage"},"image":{"@id":"https:\/\/talenti.si\/en\/miscellaneous\/metal-miniature-replicas-metal-earth\/star-trek-enterprise-ncc-1701-assembled-model\/#primaryimage"},"thumbnailUrl":"https:\/\/talenti.si\/wp-content\/uploads\/2023\/02\/star-trek-kovinske-replike.jpg","datePublished":"2023-02-22T07:35:21+00:00","dateModified":"2023-08-17T06:41:44+00:00","description":"Metal Earth - amazing DIY models with stunning details","breadcrumb":{"@id":"https:\/\/talenti.si\/en\/miscellaneous\/metal-miniature-replicas-metal-earth\/star-trek-enterprise-ncc-1701-assembled-model\/#breadcrumb"},"inLanguage":"en-US","potentialAction":[{"@type":"ReadAction","target":["https:\/\/talenti.si\/en\/miscellaneous\/metal-miniature-replicas-metal-earth\/star-trek-enterprise-ncc-1701-assembled-model\/"]}]},{"@type":"ImageObject","inLanguage":"en-US","@id":"https:\/\/talenti.si\/en\/miscellaneous\/metal-miniature-replicas-metal-earth\/star-trek-enterprise-ncc-1701-assembled-model\/#primaryimage","url":"https:\/\/talenti.si\/wp-content\/uploads\/2023\/02\/star-trek-kovinske-replike.jpg","contentUrl":"https:\/\/talenti.si\/wp-content\/uploads\/2023\/02\/star-trek-kovinske-replike.jpg","width":1080,"height":1080},{"@type":"BreadcrumbList","@id":"https:\/\/talenti.si\/en\/miscellaneous\/metal-miniature-replicas-metal-earth\/star-trek-enterprise-ncc-1701-assembled-model\/#breadcrumb","itemListElement":[{"@type":"ListItem","position":1,"name":"Home","item":"https:\/\/talenti.si\/en\/"},{"@type":"ListItem","position":2,"name":"Shop","item":"https:\/\/talenti.si\/en\/shop\/"},{"@type":"ListItem","position":3,"name":"Star Trek Enterprise NCC-1701 &#8211; assembled model"}]},{"@type":"WebSite","@id":"https:\/\/talenti.si\/en\/#website","url":"https:\/\/talenti.si\/en\/","name":"Talenti.si","description":"Spletna trgovina za vse \u017eonglerje in podobne talente. Vse za \u017eongliranje, yoyo, frizbi, bumerang, kite... in \u0161e in \u0161e.","publisher":{"@id":"https:\/\/talenti.si\/en\/#organization"},"potentialAction":[{"@type":"SearchAction","target":{"@type":"EntryPoint","urlTemplate":"https:\/\/talenti.si\/en\/?s={search_term_string}"},"query-input":{"@type":"PropertyValueSpecification","valueRequired":true,"valueName":"search_term_string"}}],"inLanguage":"en-US"},{"@type":"Organization","@id":"https:\/\/talenti.si\/en\/#organization","name":"Talenti.si","url":"https:\/\/talenti.si\/en\/","logo":{"@type":"ImageObject","inLanguage":"en-US","@id":"https:\/\/talenti.si\/en\/#\/schema\/logo\/image\/","url":"https:\/\/talenti.si\/wp-content\/uploads\/2021\/12\/logo-talent-pravi-dark.png","contentUrl":"https:\/\/talenti.si\/wp-content\/uploads\/2021\/12\/logo-talent-pravi-dark.png","width":145,"height":83,"caption":"Talenti.si"},"image":{"@id":"https:\/\/talenti.si\/en\/#\/schema\/logo\/image\/"}}]}},"brands":[{"id":2085,"name":"Metal Earth","slug":"metal-earth-en"}],"_links":{"self":[{"href":"https:\/\/talenti.si\/en\/wp-json\/wp\/v2\/product\/28389","targetHints":{"allow":["GET"]}}],"collection":[{"href":"https:\/\/talenti.si\/en\/wp-json\/wp\/v2\/product"}],"about":[{"href":"https:\/\/talenti.si\/en\/wp-json\/wp\/v2\/types\/product"}],"replies":[{"embeddable":true,"href":"https:\/\/talenti.si\/en\/wp-json\/wp\/v2\/comments?post=28389"}],"wp:featuredmedia":[{"embeddable":true,"href":"https:\/\/talenti.si\/en\/wp-json\/wp\/v2\/media\/21735"}],"wp:attachment":[{"href":"https:\/\/talenti.si\/en\/wp-json\/wp\/v2\/media?parent=28389"}],"wp:term":[{"taxonomy":"pwb-brand","embeddable":true,"href":"https:\/\/talenti.si\/en\/wp-json\/wp\/v2\/pwb-brand?post=28389"},{"taxonomy":"product_brand","embeddable":true,"href":"https:\/\/talenti.si\/en\/wp-json\/wp\/v2\/product_brand?post=28389"},{"taxonomy":"product_cat","embeddable":true,"href":"https:\/\/talenti.si\/en\/wp-json\/wp\/v2\/product_cat?post=28389"},{"taxonomy":"product_tag","embeddable":true,"href":"https:\/\/talenti.si\/en\/wp-json\/wp\/v2\/product_tag?post=28389"}],"curies":[{"name":"wp","href":"https:\/\/api.w.org\/{rel}","templated":true}]}}