{"id":28556,"date":"2012-05-15T22:51:49","date_gmt":"2012-05-15T22:51:49","guid":{"rendered":"https:\/\/talenti.si\/uncategorized\/theatre-make-up-25g\/"},"modified":"2023-08-22T08:06:41","modified_gmt":"2023-08-22T08:06:41","slug":"theatre-make-up-25g","status":"publish","type":"product","link":"https:\/\/talenti.si\/en\/miscellaneous\/face-painting-colors\/theatre-make-up-25g\/","title":{"rendered":"Theatre Make Up 25g"},"content":{"rendered":"<p>Intended for use when the color must withstand extreme conditions. Their main advantage is that they last longer in combination with <a href=\"https:\/\/talenti.si\/razno\/barve-za-poslikavo-obraza\/fiksirno-sredstvo\/\">fixing powder<\/a>, and above all, they last even when the body temperature rises. To apply the paint for fine details use our <a href=\"https:\/\/talenti.si\/razno\/barve-za-poslikavo-obraza\/spuzvice\/\">sponge<\/a> or <a href=\"https:\/\/talenti.si\/razno\/barve-za-poslikavo-obraza\/set-treh-copicev\/\">brush<\/a>. Paint is simply removed from the face or body with <a href=\"https:\/\/talenti.si\/razno\/barve-za-poslikavo-obraza\/odstranjevalec-barve\/\">paint remover<\/a>.<\/p>\n<p>Content: <strong>25<\/strong> g<\/p>\n<div class=\"video-container responsive-embed widescreen\"><iframe loading=\"lazy\" title=\"Fantasy Make Up Confetti Clown\" width=\"900\" height=\"506\" src=\"https:\/\/www.youtube.com\/embed\/ZZOmihKZ89A?feature=oembed\" frameborder=\"0\" allow=\"accelerometer; autoplay; clipboard-write; encrypted-media; gyroscope; picture-in-picture; web-share\" allowfullscreen><\/iframe><\/div>\n","protected":false},"excerpt":{"rendered":"<p>Intended for use when the color must withstand extreme conditions. Their main advantage is that they last longer in combination with fixing powder, and above all, they last even when the body temperature rises. To apply the paint for fine details use our sponge or brush. Paint is simply removed from the face or body [&hellip;]<\/p>\n","protected":false},"featured_media":31767,"comment_status":"open","ping_status":"closed","template":"","meta":{"_acf_changed":false},"pwb-brand":[2051],"product_brand":[],"product_cat":[1740],"product_tag":[3651,3225,3510,3650],"class_list":{"0":"post-28556","1":"product","2":"type-product","3":"status-publish","4":"has-post-thumbnail","6":"pwb-brand-fantasy-en","7":"product_cat-face-painting-colors","8":"product_tag-25g-en","9":"product_tag-colours","10":"product_tag-fantasy-en","11":"product_tag-theaters","13":"first","14":"instock","15":"taxable","16":"shipping-taxable","17":"purchasable","18":"product-type-variable"},"acf":[],"yoast_head":"<!-- This site is optimized with the Yoast SEO plugin v25.8 - https:\/\/yoast.com\/wordpress\/plugins\/seo\/ -->\n<title>Theatre Make Up 25g<\/title>\n<meta name=\"description\" content=\"Intended for use when the color must withstand extreme conditions. Their main advantage is that they last longer in combination with a fixative, and above all, they last even when the body temperature rises.\" \/>\n<meta name=\"robots\" content=\"index, follow, max-snippet:-1, max-image-preview:large, max-video-preview:-1\" \/>\n<link rel=\"canonical\" href=\"https:\/\/talenti.si\/en\/miscellaneous\/face-painting-colors\/theatre-make-up-25g\/\" \/>\n<meta property=\"og:locale\" content=\"en_US\" \/>\n<meta property=\"og:type\" content=\"article\" \/>\n<meta property=\"og:title\" content=\"Theatre Make Up 25g\" \/>\n<meta property=\"og:description\" content=\"Intended for use when the color must withstand extreme conditions. Their main advantage is that they last longer in combination with a fixative, and above all, they last even when the body temperature rises.\" \/>\n<meta property=\"og:url\" content=\"https:\/\/talenti.si\/en\/miscellaneous\/face-painting-colors\/theatre-make-up-25g\/\" \/>\n<meta property=\"og:site_name\" content=\"Talenti.si\" \/>\n<meta property=\"article:modified_time\" content=\"2023-08-22T08:06:41+00:00\" \/>\n<meta property=\"og:image\" content=\"https:\/\/talenti.si\/wp-content\/uploads\/2022\/01\/2315tray1_2012.jpg\" \/>\n\t<meta property=\"og:image:width\" content=\"788\" \/>\n\t<meta property=\"og:image:height\" content=\"768\" \/>\n\t<meta property=\"og:image:type\" content=\"image\/jpeg\" \/>\n<meta name=\"twitter:card\" content=\"summary_large_image\" \/>\n<script type=\"application\/ld+json\" class=\"yoast-schema-graph\">{\"@context\":\"https:\/\/schema.org\",\"@graph\":[{\"@type\":\"WebPage\",\"@id\":\"https:\/\/talenti.si\/en\/miscellaneous\/face-painting-colors\/theatre-make-up-25g\/\",\"url\":\"https:\/\/talenti.si\/en\/miscellaneous\/face-painting-colors\/theatre-make-up-25g\/\",\"name\":\"Theatre Make Up 25g\",\"isPartOf\":{\"@id\":\"https:\/\/talenti.si\/en\/#website\"},\"primaryImageOfPage\":{\"@id\":\"https:\/\/talenti.si\/en\/miscellaneous\/face-painting-colors\/theatre-make-up-25g\/#primaryimage\"},\"image\":{\"@id\":\"https:\/\/talenti.si\/en\/miscellaneous\/face-painting-colors\/theatre-make-up-25g\/#primaryimage\"},\"thumbnailUrl\":\"https:\/\/talenti.si\/wp-content\/uploads\/2012\/05\/skupna.jpg\",\"datePublished\":\"2012-05-15T22:51:49+00:00\",\"dateModified\":\"2023-08-22T08:06:41+00:00\",\"description\":\"Intended for use when the color must withstand extreme conditions. Their main advantage is that they last longer in combination with a fixative, and above all, they last even when the body temperature rises.\",\"breadcrumb\":{\"@id\":\"https:\/\/talenti.si\/en\/miscellaneous\/face-painting-colors\/theatre-make-up-25g\/#breadcrumb\"},\"inLanguage\":\"en-US\",\"potentialAction\":[{\"@type\":\"ReadAction\",\"target\":[\"https:\/\/talenti.si\/en\/miscellaneous\/face-painting-colors\/theatre-make-up-25g\/\"]}]},{\"@type\":\"ImageObject\",\"inLanguage\":\"en-US\",\"@id\":\"https:\/\/talenti.si\/en\/miscellaneous\/face-painting-colors\/theatre-make-up-25g\/#primaryimage\",\"url\":\"https:\/\/talenti.si\/wp-content\/uploads\/2012\/05\/skupna.jpg\",\"contentUrl\":\"https:\/\/talenti.si\/wp-content\/uploads\/2012\/05\/skupna.jpg\",\"width\":700,\"height\":551},{\"@type\":\"BreadcrumbList\",\"@id\":\"https:\/\/talenti.si\/en\/miscellaneous\/face-painting-colors\/theatre-make-up-25g\/#breadcrumb\",\"itemListElement\":[{\"@type\":\"ListItem\",\"position\":1,\"name\":\"Home\",\"item\":\"https:\/\/talenti.si\/en\/\"},{\"@type\":\"ListItem\",\"position\":2,\"name\":\"Shop\",\"item\":\"https:\/\/talenti.si\/en\/shop\/\"},{\"@type\":\"ListItem\",\"position\":3,\"name\":\"Theatre Make Up 25g\"}]},{\"@type\":\"WebSite\",\"@id\":\"https:\/\/talenti.si\/en\/#website\",\"url\":\"https:\/\/talenti.si\/en\/\",\"name\":\"Talenti.si\",\"description\":\"Spletna trgovina za vse \u017eonglerje in podobne talente. Vse za \u017eongliranje, yoyo, frizbi, bumerang, kite... in \u0161e in \u0161e.\",\"publisher\":{\"@id\":\"https:\/\/talenti.si\/en\/#organization\"},\"potentialAction\":[{\"@type\":\"SearchAction\",\"target\":{\"@type\":\"EntryPoint\",\"urlTemplate\":\"https:\/\/talenti.si\/en\/?s={search_term_string}\"},\"query-input\":{\"@type\":\"PropertyValueSpecification\",\"valueRequired\":true,\"valueName\":\"search_term_string\"}}],\"inLanguage\":\"en-US\"},{\"@type\":\"Organization\",\"@id\":\"https:\/\/talenti.si\/en\/#organization\",\"name\":\"Talenti.si\",\"url\":\"https:\/\/talenti.si\/en\/\",\"logo\":{\"@type\":\"ImageObject\",\"inLanguage\":\"en-US\",\"@id\":\"https:\/\/talenti.si\/en\/#\/schema\/logo\/image\/\",\"url\":\"https:\/\/talenti.si\/wp-content\/uploads\/2021\/12\/logo-talent-pravi-dark.png\",\"contentUrl\":\"https:\/\/talenti.si\/wp-content\/uploads\/2021\/12\/logo-talent-pravi-dark.png\",\"width\":145,\"height\":83,\"caption\":\"Talenti.si\"},\"image\":{\"@id\":\"https:\/\/talenti.si\/en\/#\/schema\/logo\/image\/\"}}]}<\/script>\n<!-- \/ Yoast SEO plugin. -->","yoast_head_json":{"title":"Theatre Make Up 25g","description":"Intended for use when the color must withstand extreme conditions. Their main advantage is that they last longer in combination with a fixative, and above all, they last even when the body temperature rises.","robots":{"index":"index","follow":"follow","max-snippet":"max-snippet:-1","max-image-preview":"max-image-preview:large","max-video-preview":"max-video-preview:-1"},"canonical":"https:\/\/talenti.si\/en\/miscellaneous\/face-painting-colors\/theatre-make-up-25g\/","og_locale":"en_US","og_type":"article","og_title":"Theatre Make Up 25g","og_description":"Intended for use when the color must withstand extreme conditions. Their main advantage is that they last longer in combination with a fixative, and above all, they last even when the body temperature rises.","og_url":"https:\/\/talenti.si\/en\/miscellaneous\/face-painting-colors\/theatre-make-up-25g\/","og_site_name":"Talenti.si","article_modified_time":"2023-08-22T08:06:41+00:00","og_image":[{"width":788,"height":768,"url":"https:\/\/talenti.si\/wp-content\/uploads\/2022\/01\/2315tray1_2012.jpg","type":"image\/jpeg"}],"twitter_card":"summary_large_image","schema":{"@context":"https:\/\/schema.org","@graph":[{"@type":"WebPage","@id":"https:\/\/talenti.si\/en\/miscellaneous\/face-painting-colors\/theatre-make-up-25g\/","url":"https:\/\/talenti.si\/en\/miscellaneous\/face-painting-colors\/theatre-make-up-25g\/","name":"Theatre Make Up 25g","isPartOf":{"@id":"https:\/\/talenti.si\/en\/#website"},"primaryImageOfPage":{"@id":"https:\/\/talenti.si\/en\/miscellaneous\/face-painting-colors\/theatre-make-up-25g\/#primaryimage"},"image":{"@id":"https:\/\/talenti.si\/en\/miscellaneous\/face-painting-colors\/theatre-make-up-25g\/#primaryimage"},"thumbnailUrl":"https:\/\/talenti.si\/wp-content\/uploads\/2012\/05\/skupna.jpg","datePublished":"2012-05-15T22:51:49+00:00","dateModified":"2023-08-22T08:06:41+00:00","description":"Intended for use when the color must withstand extreme conditions. Their main advantage is that they last longer in combination with a fixative, and above all, they last even when the body temperature rises.","breadcrumb":{"@id":"https:\/\/talenti.si\/en\/miscellaneous\/face-painting-colors\/theatre-make-up-25g\/#breadcrumb"},"inLanguage":"en-US","potentialAction":[{"@type":"ReadAction","target":["https:\/\/talenti.si\/en\/miscellaneous\/face-painting-colors\/theatre-make-up-25g\/"]}]},{"@type":"ImageObject","inLanguage":"en-US","@id":"https:\/\/talenti.si\/en\/miscellaneous\/face-painting-colors\/theatre-make-up-25g\/#primaryimage","url":"https:\/\/talenti.si\/wp-content\/uploads\/2012\/05\/skupna.jpg","contentUrl":"https:\/\/talenti.si\/wp-content\/uploads\/2012\/05\/skupna.jpg","width":700,"height":551},{"@type":"BreadcrumbList","@id":"https:\/\/talenti.si\/en\/miscellaneous\/face-painting-colors\/theatre-make-up-25g\/#breadcrumb","itemListElement":[{"@type":"ListItem","position":1,"name":"Home","item":"https:\/\/talenti.si\/en\/"},{"@type":"ListItem","position":2,"name":"Shop","item":"https:\/\/talenti.si\/en\/shop\/"},{"@type":"ListItem","position":3,"name":"Theatre Make Up 25g"}]},{"@type":"WebSite","@id":"https:\/\/talenti.si\/en\/#website","url":"https:\/\/talenti.si\/en\/","name":"Talenti.si","description":"Spletna trgovina za vse \u017eonglerje in podobne talente. Vse za \u017eongliranje, yoyo, frizbi, bumerang, kite... in \u0161e in \u0161e.","publisher":{"@id":"https:\/\/talenti.si\/en\/#organization"},"potentialAction":[{"@type":"SearchAction","target":{"@type":"EntryPoint","urlTemplate":"https:\/\/talenti.si\/en\/?s={search_term_string}"},"query-input":{"@type":"PropertyValueSpecification","valueRequired":true,"valueName":"search_term_string"}}],"inLanguage":"en-US"},{"@type":"Organization","@id":"https:\/\/talenti.si\/en\/#organization","name":"Talenti.si","url":"https:\/\/talenti.si\/en\/","logo":{"@type":"ImageObject","inLanguage":"en-US","@id":"https:\/\/talenti.si\/en\/#\/schema\/logo\/image\/","url":"https:\/\/talenti.si\/wp-content\/uploads\/2021\/12\/logo-talent-pravi-dark.png","contentUrl":"https:\/\/talenti.si\/wp-content\/uploads\/2021\/12\/logo-talent-pravi-dark.png","width":145,"height":83,"caption":"Talenti.si"},"image":{"@id":"https:\/\/talenti.si\/en\/#\/schema\/logo\/image\/"}}]}},"brands":[{"id":2051,"name":"Fantasy","slug":"fantasy-en"}],"_links":{"self":[{"href":"https:\/\/talenti.si\/en\/wp-json\/wp\/v2\/product\/28556","targetHints":{"allow":["GET"]}}],"collection":[{"href":"https:\/\/talenti.si\/en\/wp-json\/wp\/v2\/product"}],"about":[{"href":"https:\/\/talenti.si\/en\/wp-json\/wp\/v2\/types\/product"}],"replies":[{"embeddable":true,"href":"https:\/\/talenti.si\/en\/wp-json\/wp\/v2\/comments?post=28556"}],"wp:featuredmedia":[{"embeddable":true,"href":"https:\/\/talenti.si\/en\/wp-json\/wp\/v2\/media\/31767"}],"wp:attachment":[{"href":"https:\/\/talenti.si\/en\/wp-json\/wp\/v2\/media?parent=28556"}],"wp:term":[{"taxonomy":"pwb-brand","embeddable":true,"href":"https:\/\/talenti.si\/en\/wp-json\/wp\/v2\/pwb-brand?post=28556"},{"taxonomy":"product_brand","embeddable":true,"href":"https:\/\/talenti.si\/en\/wp-json\/wp\/v2\/product_brand?post=28556"},{"taxonomy":"product_cat","embeddable":true,"href":"https:\/\/talenti.si\/en\/wp-json\/wp\/v2\/product_cat?post=28556"},{"taxonomy":"product_tag","embeddable":true,"href":"https:\/\/talenti.si\/en\/wp-json\/wp\/v2\/product_tag?post=28556"}],"curies":[{"name":"wp","href":"https:\/\/api.w.org\/{rel}","templated":true}]}}