{"id":28663,"date":"2022-01-10T12:44:26","date_gmt":"2022-01-10T12:44:26","guid":{"rendered":"https:\/\/talenti.si\/uncategorized\/bicycle-cards-anne-stokes-steampunk\/"},"modified":"2022-01-10T12:44:26","modified_gmt":"2022-01-10T12:44:26","slug":"bicycle-cards-anne-stokes-steampunk","status":"publish","type":"product","link":"https:\/\/talenti.si\/en\/miscellaneous\/bicycle-playing-cards\/bicycle-cards-anne-stokes-steampunk\/","title":{"rendered":"Bicycle Cards Anne Stokes Steampunk"},"content":{"rendered":"<p>Experience the pleasure of playing with some of the best playing cards in the world. The legendary Bicycle cards (they have been produced since 1885) are extremely popular among professional poker players, and are also used by illusionists to perform demanding tricks.<\/p>\n<div class=\"video-container responsive-embed widescreen\"><iframe loading=\"lazy\" title=\"Anne Stokes Steampunk Angels Deck Review\" width=\"900\" height=\"506\" src=\"https:\/\/www.youtube.com\/embed\/GtCqKunKpbY?start=1&#038;feature=oembed\" frameborder=\"0\" allow=\"accelerometer; autoplay; clipboard-write; encrypted-media; gyroscope; picture-in-picture; web-share\" allowfullscreen><\/iframe><\/div>\n","protected":false},"excerpt":{"rendered":"<p>Experience the pleasure of playing with some of the best playing cards in the world. The legendary Bicycle cards (they have been produced since 1885) are extremely popular among professional poker players, and are also used by illusionists to perform demanding tricks.<\/p>\n","protected":false},"featured_media":20340,"comment_status":"open","ping_status":"closed","template":"","meta":{"_acf_changed":false},"pwb-brand":[2030],"product_brand":[],"product_cat":[1685,1743],"product_tag":[3674,3664,2417,3668,3675],"class_list":{"0":"post-28663","1":"product","2":"type-product","3":"status-publish","4":"has-post-thumbnail","6":"pwb-brand-bicycle-en","7":"product_cat-miscellaneous","8":"product_cat-bicycle-playing-cards","9":"product_tag-anne-en","10":"product_tag-bicycle-en","11":"product_tag-cards","12":"product_tag-steampunk-en","13":"product_tag-stokes-en","15":"first","16":"instock","17":"taxable","18":"shipping-taxable","19":"purchasable","20":"product-type-simple"},"acf":[],"yoast_head":"<!-- This site is optimized with the Yoast SEO plugin v25.8 - https:\/\/yoast.com\/wordpress\/plugins\/seo\/ -->\n<title>Bicycle Cards Anne Stokes Steampunk - Talenti.si<\/title>\n<meta name=\"robots\" content=\"index, follow, max-snippet:-1, max-image-preview:large, max-video-preview:-1\" \/>\n<link rel=\"canonical\" href=\"https:\/\/talenti.si\/en\/miscellaneous\/bicycle-playing-cards\/bicycle-cards-anne-stokes-steampunk\/\" \/>\n<meta property=\"og:locale\" content=\"en_US\" \/>\n<meta property=\"og:type\" content=\"article\" \/>\n<meta property=\"og:title\" content=\"Bicycle Cards Anne Stokes Steampunk - Talenti.si\" \/>\n<meta property=\"og:description\" content=\"Experience the pleasure of playing with some of the best playing cards in the world. The legendary Bicycle cards (they have been produced since 1885) are extremely popular among professional poker players, and are also used by illusionists to perform demanding tricks.\" \/>\n<meta property=\"og:url\" content=\"https:\/\/talenti.si\/en\/miscellaneous\/bicycle-playing-cards\/bicycle-cards-anne-stokes-steampunk\/\" \/>\n<meta property=\"og:site_name\" content=\"Talenti.si\" \/>\n<meta property=\"og:image\" content=\"https:\/\/talenti.si\/wp-content\/uploads\/2022\/01\/stoke.jpg\" \/>\n\t<meta property=\"og:image:width\" content=\"1500\" \/>\n\t<meta property=\"og:image:height\" content=\"1000\" \/>\n\t<meta property=\"og:image:type\" content=\"image\/jpeg\" \/>\n<meta name=\"twitter:card\" content=\"summary_large_image\" \/>\n<script type=\"application\/ld+json\" class=\"yoast-schema-graph\">{\"@context\":\"https:\/\/schema.org\",\"@graph\":[{\"@type\":\"WebPage\",\"@id\":\"https:\/\/talenti.si\/en\/miscellaneous\/bicycle-playing-cards\/bicycle-cards-anne-stokes-steampunk\/\",\"url\":\"https:\/\/talenti.si\/en\/miscellaneous\/bicycle-playing-cards\/bicycle-cards-anne-stokes-steampunk\/\",\"name\":\"Bicycle Cards Anne Stokes Steampunk - Talenti.si\",\"isPartOf\":{\"@id\":\"https:\/\/talenti.si\/en\/#website\"},\"primaryImageOfPage\":{\"@id\":\"https:\/\/talenti.si\/en\/miscellaneous\/bicycle-playing-cards\/bicycle-cards-anne-stokes-steampunk\/#primaryimage\"},\"image\":{\"@id\":\"https:\/\/talenti.si\/en\/miscellaneous\/bicycle-playing-cards\/bicycle-cards-anne-stokes-steampunk\/#primaryimage\"},\"thumbnailUrl\":\"https:\/\/talenti.si\/wp-content\/uploads\/2022\/01\/stoke.jpg\",\"datePublished\":\"2022-01-10T12:44:26+00:00\",\"breadcrumb\":{\"@id\":\"https:\/\/talenti.si\/en\/miscellaneous\/bicycle-playing-cards\/bicycle-cards-anne-stokes-steampunk\/#breadcrumb\"},\"inLanguage\":\"en-US\",\"potentialAction\":[{\"@type\":\"ReadAction\",\"target\":[\"https:\/\/talenti.si\/en\/miscellaneous\/bicycle-playing-cards\/bicycle-cards-anne-stokes-steampunk\/\"]}]},{\"@type\":\"ImageObject\",\"inLanguage\":\"en-US\",\"@id\":\"https:\/\/talenti.si\/en\/miscellaneous\/bicycle-playing-cards\/bicycle-cards-anne-stokes-steampunk\/#primaryimage\",\"url\":\"https:\/\/talenti.si\/wp-content\/uploads\/2022\/01\/stoke.jpg\",\"contentUrl\":\"https:\/\/talenti.si\/wp-content\/uploads\/2022\/01\/stoke.jpg\",\"width\":1500,\"height\":1000},{\"@type\":\"BreadcrumbList\",\"@id\":\"https:\/\/talenti.si\/en\/miscellaneous\/bicycle-playing-cards\/bicycle-cards-anne-stokes-steampunk\/#breadcrumb\",\"itemListElement\":[{\"@type\":\"ListItem\",\"position\":1,\"name\":\"Home\",\"item\":\"https:\/\/talenti.si\/en\/\"},{\"@type\":\"ListItem\",\"position\":2,\"name\":\"Shop\",\"item\":\"https:\/\/talenti.si\/en\/shop\/\"},{\"@type\":\"ListItem\",\"position\":3,\"name\":\"Bicycle Cards Anne Stokes Steampunk\"}]},{\"@type\":\"WebSite\",\"@id\":\"https:\/\/talenti.si\/en\/#website\",\"url\":\"https:\/\/talenti.si\/en\/\",\"name\":\"Talenti.si\",\"description\":\"Spletna trgovina za vse \u017eonglerje in podobne talente. Vse za \u017eongliranje, yoyo, frizbi, bumerang, kite... in \u0161e in \u0161e.\",\"publisher\":{\"@id\":\"https:\/\/talenti.si\/en\/#organization\"},\"potentialAction\":[{\"@type\":\"SearchAction\",\"target\":{\"@type\":\"EntryPoint\",\"urlTemplate\":\"https:\/\/talenti.si\/en\/?s={search_term_string}\"},\"query-input\":{\"@type\":\"PropertyValueSpecification\",\"valueRequired\":true,\"valueName\":\"search_term_string\"}}],\"inLanguage\":\"en-US\"},{\"@type\":\"Organization\",\"@id\":\"https:\/\/talenti.si\/en\/#organization\",\"name\":\"Talenti.si\",\"url\":\"https:\/\/talenti.si\/en\/\",\"logo\":{\"@type\":\"ImageObject\",\"inLanguage\":\"en-US\",\"@id\":\"https:\/\/talenti.si\/en\/#\/schema\/logo\/image\/\",\"url\":\"https:\/\/talenti.si\/wp-content\/uploads\/2021\/12\/logo-talent-pravi-dark.png\",\"contentUrl\":\"https:\/\/talenti.si\/wp-content\/uploads\/2021\/12\/logo-talent-pravi-dark.png\",\"width\":145,\"height\":83,\"caption\":\"Talenti.si\"},\"image\":{\"@id\":\"https:\/\/talenti.si\/en\/#\/schema\/logo\/image\/\"}}]}<\/script>\n<!-- \/ Yoast SEO plugin. -->","yoast_head_json":{"title":"Bicycle Cards Anne Stokes Steampunk - Talenti.si","robots":{"index":"index","follow":"follow","max-snippet":"max-snippet:-1","max-image-preview":"max-image-preview:large","max-video-preview":"max-video-preview:-1"},"canonical":"https:\/\/talenti.si\/en\/miscellaneous\/bicycle-playing-cards\/bicycle-cards-anne-stokes-steampunk\/","og_locale":"en_US","og_type":"article","og_title":"Bicycle Cards Anne Stokes Steampunk - Talenti.si","og_description":"Experience the pleasure of playing with some of the best playing cards in the world. The legendary Bicycle cards (they have been produced since 1885) are extremely popular among professional poker players, and are also used by illusionists to perform demanding tricks.","og_url":"https:\/\/talenti.si\/en\/miscellaneous\/bicycle-playing-cards\/bicycle-cards-anne-stokes-steampunk\/","og_site_name":"Talenti.si","og_image":[{"width":1500,"height":1000,"url":"https:\/\/talenti.si\/wp-content\/uploads\/2022\/01\/stoke.jpg","type":"image\/jpeg"}],"twitter_card":"summary_large_image","schema":{"@context":"https:\/\/schema.org","@graph":[{"@type":"WebPage","@id":"https:\/\/talenti.si\/en\/miscellaneous\/bicycle-playing-cards\/bicycle-cards-anne-stokes-steampunk\/","url":"https:\/\/talenti.si\/en\/miscellaneous\/bicycle-playing-cards\/bicycle-cards-anne-stokes-steampunk\/","name":"Bicycle Cards Anne Stokes Steampunk - Talenti.si","isPartOf":{"@id":"https:\/\/talenti.si\/en\/#website"},"primaryImageOfPage":{"@id":"https:\/\/talenti.si\/en\/miscellaneous\/bicycle-playing-cards\/bicycle-cards-anne-stokes-steampunk\/#primaryimage"},"image":{"@id":"https:\/\/talenti.si\/en\/miscellaneous\/bicycle-playing-cards\/bicycle-cards-anne-stokes-steampunk\/#primaryimage"},"thumbnailUrl":"https:\/\/talenti.si\/wp-content\/uploads\/2022\/01\/stoke.jpg","datePublished":"2022-01-10T12:44:26+00:00","breadcrumb":{"@id":"https:\/\/talenti.si\/en\/miscellaneous\/bicycle-playing-cards\/bicycle-cards-anne-stokes-steampunk\/#breadcrumb"},"inLanguage":"en-US","potentialAction":[{"@type":"ReadAction","target":["https:\/\/talenti.si\/en\/miscellaneous\/bicycle-playing-cards\/bicycle-cards-anne-stokes-steampunk\/"]}]},{"@type":"ImageObject","inLanguage":"en-US","@id":"https:\/\/talenti.si\/en\/miscellaneous\/bicycle-playing-cards\/bicycle-cards-anne-stokes-steampunk\/#primaryimage","url":"https:\/\/talenti.si\/wp-content\/uploads\/2022\/01\/stoke.jpg","contentUrl":"https:\/\/talenti.si\/wp-content\/uploads\/2022\/01\/stoke.jpg","width":1500,"height":1000},{"@type":"BreadcrumbList","@id":"https:\/\/talenti.si\/en\/miscellaneous\/bicycle-playing-cards\/bicycle-cards-anne-stokes-steampunk\/#breadcrumb","itemListElement":[{"@type":"ListItem","position":1,"name":"Home","item":"https:\/\/talenti.si\/en\/"},{"@type":"ListItem","position":2,"name":"Shop","item":"https:\/\/talenti.si\/en\/shop\/"},{"@type":"ListItem","position":3,"name":"Bicycle Cards Anne Stokes Steampunk"}]},{"@type":"WebSite","@id":"https:\/\/talenti.si\/en\/#website","url":"https:\/\/talenti.si\/en\/","name":"Talenti.si","description":"Spletna trgovina za vse \u017eonglerje in podobne talente. Vse za \u017eongliranje, yoyo, frizbi, bumerang, kite... in \u0161e in \u0161e.","publisher":{"@id":"https:\/\/talenti.si\/en\/#organization"},"potentialAction":[{"@type":"SearchAction","target":{"@type":"EntryPoint","urlTemplate":"https:\/\/talenti.si\/en\/?s={search_term_string}"},"query-input":{"@type":"PropertyValueSpecification","valueRequired":true,"valueName":"search_term_string"}}],"inLanguage":"en-US"},{"@type":"Organization","@id":"https:\/\/talenti.si\/en\/#organization","name":"Talenti.si","url":"https:\/\/talenti.si\/en\/","logo":{"@type":"ImageObject","inLanguage":"en-US","@id":"https:\/\/talenti.si\/en\/#\/schema\/logo\/image\/","url":"https:\/\/talenti.si\/wp-content\/uploads\/2021\/12\/logo-talent-pravi-dark.png","contentUrl":"https:\/\/talenti.si\/wp-content\/uploads\/2021\/12\/logo-talent-pravi-dark.png","width":145,"height":83,"caption":"Talenti.si"},"image":{"@id":"https:\/\/talenti.si\/en\/#\/schema\/logo\/image\/"}}]}},"brands":[{"id":2030,"name":"Bicycle","slug":"bicycle-en"}],"_links":{"self":[{"href":"https:\/\/talenti.si\/en\/wp-json\/wp\/v2\/product\/28663","targetHints":{"allow":["GET"]}}],"collection":[{"href":"https:\/\/talenti.si\/en\/wp-json\/wp\/v2\/product"}],"about":[{"href":"https:\/\/talenti.si\/en\/wp-json\/wp\/v2\/types\/product"}],"replies":[{"embeddable":true,"href":"https:\/\/talenti.si\/en\/wp-json\/wp\/v2\/comments?post=28663"}],"wp:featuredmedia":[{"embeddable":true,"href":"https:\/\/talenti.si\/en\/wp-json\/wp\/v2\/media\/20340"}],"wp:attachment":[{"href":"https:\/\/talenti.si\/en\/wp-json\/wp\/v2\/media?parent=28663"}],"wp:term":[{"taxonomy":"pwb-brand","embeddable":true,"href":"https:\/\/talenti.si\/en\/wp-json\/wp\/v2\/pwb-brand?post=28663"},{"taxonomy":"product_brand","embeddable":true,"href":"https:\/\/talenti.si\/en\/wp-json\/wp\/v2\/product_brand?post=28663"},{"taxonomy":"product_cat","embeddable":true,"href":"https:\/\/talenti.si\/en\/wp-json\/wp\/v2\/product_cat?post=28663"},{"taxonomy":"product_tag","embeddable":true,"href":"https:\/\/talenti.si\/en\/wp-json\/wp\/v2\/product_tag?post=28663"}],"curies":[{"name":"wp","href":"https:\/\/api.w.org\/{rel}","templated":true}]}}