{"id":28710,"date":"2021-02-19T10:12:45","date_gmt":"2021-02-19T10:12:45","guid":{"rendered":"https:\/\/talenti.si\/uncategorized\/bicycle-cards-stargazer-new-moon\/"},"modified":"2024-06-05T06:23:12","modified_gmt":"2024-06-05T06:23:12","slug":"bicycle-cards-stargazer-new-moon","status":"publish","type":"product","link":"https:\/\/talenti.si\/en\/miscellaneous\/bicycle-playing-cards\/bicycle-cards-stargazer-new-moon\/","title":{"rendered":"Bicycle Cards Stargazer New Moon"},"content":{"rendered":"<p>Experience the pleasure of playing with some of the best playing cards in the world. The legendary Bicycle cards (they have been produced since 1885) are extremely popular among professional poker players, and are also used by illusionists to perform demanding tricks.<\/p>\n<p><span style=\"font-size: 14px; color: #333333; font-family: Arial, Helvetica, sans-serif; font-style: italic; line-height: 16px;\"> <\/span><iframe loading=\"lazy\" class=\"note-video-clip\" src=\"\/\/www.youtube.com\/embed\/CUGaMGIXG-E\" width=\"640\" height=\"360\" frameborder=\"0\"><\/iframe><\/p>\n","protected":false},"excerpt":{"rendered":"<p>Experience the pleasure of playing with some of the best playing cards in the world. The legendary Bicycle cards (they have been produced since 1885) are extremely popular among professional poker players, and are also used by illusionists to perform demanding tricks.<\/p>\n","protected":false},"featured_media":16338,"comment_status":"open","ping_status":"closed","template":"","meta":{"_acf_changed":false},"pwb-brand":[2030],"product_brand":[],"product_cat":[1743],"product_tag":[3664,2417,2677,3736,3731],"class_list":{"0":"post-28710","1":"product","2":"type-product","3":"status-publish","4":"has-post-thumbnail","6":"pwb-brand-bicycle-en","7":"product_cat-bicycle-playing-cards","8":"product_tag-bicycle-en","9":"product_tag-cards","10":"product_tag-moon-en","11":"product_tag-new-en","12":"product_tag-stargazer-en","14":"first","15":"instock","16":"taxable","17":"shipping-taxable","18":"purchasable","19":"product-type-simple"},"acf":[],"yoast_head":"<!-- This site is optimized with the Yoast SEO plugin v25.8 - https:\/\/yoast.com\/wordpress\/plugins\/seo\/ -->\n<title>Bicycle Cards Stargazer New Moon<\/title>\n<meta name=\"description\" content=\"Experience the pleasure of playing with some of the best playing cards in the world. The legendary Bicycle cards (they have been produced since 1885) are extremely popular among professional poker players, and are also used by illusionists to perform demanding tricks.\" \/>\n<meta name=\"robots\" content=\"index, follow, max-snippet:-1, max-image-preview:large, max-video-preview:-1\" \/>\n<link rel=\"canonical\" href=\"https:\/\/talenti.si\/en\/miscellaneous\/bicycle-playing-cards\/bicycle-cards-stargazer-new-moon\/\" \/>\n<meta property=\"og:locale\" content=\"en_US\" \/>\n<meta property=\"og:type\" content=\"article\" \/>\n<meta property=\"og:title\" content=\"Bicycle Cards Stargazer New Moon\" \/>\n<meta property=\"og:description\" content=\"Experience the pleasure of playing with some of the best playing cards in the world. The legendary Bicycle cards (they have been produced since 1885) are extremely popular among professional poker players, and are also used by illusionists to perform demanding tricks.\" \/>\n<meta property=\"og:url\" content=\"https:\/\/talenti.si\/en\/miscellaneous\/bicycle-playing-cards\/bicycle-cards-stargazer-new-moon\/\" \/>\n<meta property=\"og:site_name\" content=\"Talenti.si\" \/>\n<meta property=\"article:modified_time\" content=\"2024-06-05T06:23:12+00:00\" \/>\n<meta property=\"og:image\" content=\"https:\/\/talenti.si\/wp-content\/uploads\/2022\/01\/karte-bicycle-stargazer-newmoon.jpg\" \/>\n\t<meta property=\"og:image:width\" content=\"864\" \/>\n\t<meta property=\"og:image:height\" content=\"432\" \/>\n\t<meta property=\"og:image:type\" content=\"image\/jpeg\" \/>\n<meta name=\"twitter:card\" content=\"summary_large_image\" \/>\n<script type=\"application\/ld+json\" class=\"yoast-schema-graph\">{\"@context\":\"https:\/\/schema.org\",\"@graph\":[{\"@type\":\"WebPage\",\"@id\":\"https:\/\/talenti.si\/en\/miscellaneous\/bicycle-playing-cards\/bicycle-cards-stargazer-new-moon\/\",\"url\":\"https:\/\/talenti.si\/en\/miscellaneous\/bicycle-playing-cards\/bicycle-cards-stargazer-new-moon\/\",\"name\":\"Bicycle Cards Stargazer New Moon\",\"isPartOf\":{\"@id\":\"https:\/\/talenti.si\/en\/#website\"},\"primaryImageOfPage\":{\"@id\":\"https:\/\/talenti.si\/en\/miscellaneous\/bicycle-playing-cards\/bicycle-cards-stargazer-new-moon\/#primaryimage\"},\"image\":{\"@id\":\"https:\/\/talenti.si\/en\/miscellaneous\/bicycle-playing-cards\/bicycle-cards-stargazer-new-moon\/#primaryimage\"},\"thumbnailUrl\":\"https:\/\/talenti.si\/wp-content\/uploads\/2022\/01\/karte-bicycle-stargazer-newmoon.jpg\",\"datePublished\":\"2021-02-19T10:12:45+00:00\",\"dateModified\":\"2024-06-05T06:23:12+00:00\",\"description\":\"Experience the pleasure of playing with some of the best playing cards in the world. The legendary Bicycle cards (they have been produced since 1885) are extremely popular among professional poker players, and are also used by illusionists to perform demanding tricks.\",\"breadcrumb\":{\"@id\":\"https:\/\/talenti.si\/en\/miscellaneous\/bicycle-playing-cards\/bicycle-cards-stargazer-new-moon\/#breadcrumb\"},\"inLanguage\":\"en-US\",\"potentialAction\":[{\"@type\":\"ReadAction\",\"target\":[\"https:\/\/talenti.si\/en\/miscellaneous\/bicycle-playing-cards\/bicycle-cards-stargazer-new-moon\/\"]}]},{\"@type\":\"ImageObject\",\"inLanguage\":\"en-US\",\"@id\":\"https:\/\/talenti.si\/en\/miscellaneous\/bicycle-playing-cards\/bicycle-cards-stargazer-new-moon\/#primaryimage\",\"url\":\"https:\/\/talenti.si\/wp-content\/uploads\/2022\/01\/karte-bicycle-stargazer-newmoon.jpg\",\"contentUrl\":\"https:\/\/talenti.si\/wp-content\/uploads\/2022\/01\/karte-bicycle-stargazer-newmoon.jpg\",\"width\":864,\"height\":432},{\"@type\":\"BreadcrumbList\",\"@id\":\"https:\/\/talenti.si\/en\/miscellaneous\/bicycle-playing-cards\/bicycle-cards-stargazer-new-moon\/#breadcrumb\",\"itemListElement\":[{\"@type\":\"ListItem\",\"position\":1,\"name\":\"Home\",\"item\":\"https:\/\/talenti.si\/en\/\"},{\"@type\":\"ListItem\",\"position\":2,\"name\":\"Shop\",\"item\":\"https:\/\/talenti.si\/en\/shop\/\"},{\"@type\":\"ListItem\",\"position\":3,\"name\":\"Bicycle Cards Stargazer New Moon\"}]},{\"@type\":\"WebSite\",\"@id\":\"https:\/\/talenti.si\/en\/#website\",\"url\":\"https:\/\/talenti.si\/en\/\",\"name\":\"Talenti.si\",\"description\":\"Spletna trgovina za vse \u017eonglerje in podobne talente. Vse za \u017eongliranje, yoyo, frizbi, bumerang, kite... in \u0161e in \u0161e.\",\"publisher\":{\"@id\":\"https:\/\/talenti.si\/en\/#organization\"},\"potentialAction\":[{\"@type\":\"SearchAction\",\"target\":{\"@type\":\"EntryPoint\",\"urlTemplate\":\"https:\/\/talenti.si\/en\/?s={search_term_string}\"},\"query-input\":{\"@type\":\"PropertyValueSpecification\",\"valueRequired\":true,\"valueName\":\"search_term_string\"}}],\"inLanguage\":\"en-US\"},{\"@type\":\"Organization\",\"@id\":\"https:\/\/talenti.si\/en\/#organization\",\"name\":\"Talenti.si\",\"url\":\"https:\/\/talenti.si\/en\/\",\"logo\":{\"@type\":\"ImageObject\",\"inLanguage\":\"en-US\",\"@id\":\"https:\/\/talenti.si\/en\/#\/schema\/logo\/image\/\",\"url\":\"https:\/\/talenti.si\/wp-content\/uploads\/2021\/12\/logo-talent-pravi-dark.png\",\"contentUrl\":\"https:\/\/talenti.si\/wp-content\/uploads\/2021\/12\/logo-talent-pravi-dark.png\",\"width\":145,\"height\":83,\"caption\":\"Talenti.si\"},\"image\":{\"@id\":\"https:\/\/talenti.si\/en\/#\/schema\/logo\/image\/\"}}]}<\/script>\n<!-- \/ Yoast SEO plugin. -->","yoast_head_json":{"title":"Bicycle Cards Stargazer New Moon","description":"Experience the pleasure of playing with some of the best playing cards in the world. The legendary Bicycle cards (they have been produced since 1885) are extremely popular among professional poker players, and are also used by illusionists to perform demanding tricks.","robots":{"index":"index","follow":"follow","max-snippet":"max-snippet:-1","max-image-preview":"max-image-preview:large","max-video-preview":"max-video-preview:-1"},"canonical":"https:\/\/talenti.si\/en\/miscellaneous\/bicycle-playing-cards\/bicycle-cards-stargazer-new-moon\/","og_locale":"en_US","og_type":"article","og_title":"Bicycle Cards Stargazer New Moon","og_description":"Experience the pleasure of playing with some of the best playing cards in the world. The legendary Bicycle cards (they have been produced since 1885) are extremely popular among professional poker players, and are also used by illusionists to perform demanding tricks.","og_url":"https:\/\/talenti.si\/en\/miscellaneous\/bicycle-playing-cards\/bicycle-cards-stargazer-new-moon\/","og_site_name":"Talenti.si","article_modified_time":"2024-06-05T06:23:12+00:00","og_image":[{"width":864,"height":432,"url":"https:\/\/talenti.si\/wp-content\/uploads\/2022\/01\/karte-bicycle-stargazer-newmoon.jpg","type":"image\/jpeg"}],"twitter_card":"summary_large_image","schema":{"@context":"https:\/\/schema.org","@graph":[{"@type":"WebPage","@id":"https:\/\/talenti.si\/en\/miscellaneous\/bicycle-playing-cards\/bicycle-cards-stargazer-new-moon\/","url":"https:\/\/talenti.si\/en\/miscellaneous\/bicycle-playing-cards\/bicycle-cards-stargazer-new-moon\/","name":"Bicycle Cards Stargazer New Moon","isPartOf":{"@id":"https:\/\/talenti.si\/en\/#website"},"primaryImageOfPage":{"@id":"https:\/\/talenti.si\/en\/miscellaneous\/bicycle-playing-cards\/bicycle-cards-stargazer-new-moon\/#primaryimage"},"image":{"@id":"https:\/\/talenti.si\/en\/miscellaneous\/bicycle-playing-cards\/bicycle-cards-stargazer-new-moon\/#primaryimage"},"thumbnailUrl":"https:\/\/talenti.si\/wp-content\/uploads\/2022\/01\/karte-bicycle-stargazer-newmoon.jpg","datePublished":"2021-02-19T10:12:45+00:00","dateModified":"2024-06-05T06:23:12+00:00","description":"Experience the pleasure of playing with some of the best playing cards in the world. The legendary Bicycle cards (they have been produced since 1885) are extremely popular among professional poker players, and are also used by illusionists to perform demanding tricks.","breadcrumb":{"@id":"https:\/\/talenti.si\/en\/miscellaneous\/bicycle-playing-cards\/bicycle-cards-stargazer-new-moon\/#breadcrumb"},"inLanguage":"en-US","potentialAction":[{"@type":"ReadAction","target":["https:\/\/talenti.si\/en\/miscellaneous\/bicycle-playing-cards\/bicycle-cards-stargazer-new-moon\/"]}]},{"@type":"ImageObject","inLanguage":"en-US","@id":"https:\/\/talenti.si\/en\/miscellaneous\/bicycle-playing-cards\/bicycle-cards-stargazer-new-moon\/#primaryimage","url":"https:\/\/talenti.si\/wp-content\/uploads\/2022\/01\/karte-bicycle-stargazer-newmoon.jpg","contentUrl":"https:\/\/talenti.si\/wp-content\/uploads\/2022\/01\/karte-bicycle-stargazer-newmoon.jpg","width":864,"height":432},{"@type":"BreadcrumbList","@id":"https:\/\/talenti.si\/en\/miscellaneous\/bicycle-playing-cards\/bicycle-cards-stargazer-new-moon\/#breadcrumb","itemListElement":[{"@type":"ListItem","position":1,"name":"Home","item":"https:\/\/talenti.si\/en\/"},{"@type":"ListItem","position":2,"name":"Shop","item":"https:\/\/talenti.si\/en\/shop\/"},{"@type":"ListItem","position":3,"name":"Bicycle Cards Stargazer New Moon"}]},{"@type":"WebSite","@id":"https:\/\/talenti.si\/en\/#website","url":"https:\/\/talenti.si\/en\/","name":"Talenti.si","description":"Spletna trgovina za vse \u017eonglerje in podobne talente. Vse za \u017eongliranje, yoyo, frizbi, bumerang, kite... in \u0161e in \u0161e.","publisher":{"@id":"https:\/\/talenti.si\/en\/#organization"},"potentialAction":[{"@type":"SearchAction","target":{"@type":"EntryPoint","urlTemplate":"https:\/\/talenti.si\/en\/?s={search_term_string}"},"query-input":{"@type":"PropertyValueSpecification","valueRequired":true,"valueName":"search_term_string"}}],"inLanguage":"en-US"},{"@type":"Organization","@id":"https:\/\/talenti.si\/en\/#organization","name":"Talenti.si","url":"https:\/\/talenti.si\/en\/","logo":{"@type":"ImageObject","inLanguage":"en-US","@id":"https:\/\/talenti.si\/en\/#\/schema\/logo\/image\/","url":"https:\/\/talenti.si\/wp-content\/uploads\/2021\/12\/logo-talent-pravi-dark.png","contentUrl":"https:\/\/talenti.si\/wp-content\/uploads\/2021\/12\/logo-talent-pravi-dark.png","width":145,"height":83,"caption":"Talenti.si"},"image":{"@id":"https:\/\/talenti.si\/en\/#\/schema\/logo\/image\/"}}]}},"brands":[{"id":2030,"name":"Bicycle","slug":"bicycle-en"}],"_links":{"self":[{"href":"https:\/\/talenti.si\/en\/wp-json\/wp\/v2\/product\/28710","targetHints":{"allow":["GET"]}}],"collection":[{"href":"https:\/\/talenti.si\/en\/wp-json\/wp\/v2\/product"}],"about":[{"href":"https:\/\/talenti.si\/en\/wp-json\/wp\/v2\/types\/product"}],"replies":[{"embeddable":true,"href":"https:\/\/talenti.si\/en\/wp-json\/wp\/v2\/comments?post=28710"}],"wp:featuredmedia":[{"embeddable":true,"href":"https:\/\/talenti.si\/en\/wp-json\/wp\/v2\/media\/16338"}],"wp:attachment":[{"href":"https:\/\/talenti.si\/en\/wp-json\/wp\/v2\/media?parent=28710"}],"wp:term":[{"taxonomy":"pwb-brand","embeddable":true,"href":"https:\/\/talenti.si\/en\/wp-json\/wp\/v2\/pwb-brand?post=28710"},{"taxonomy":"product_brand","embeddable":true,"href":"https:\/\/talenti.si\/en\/wp-json\/wp\/v2\/product_brand?post=28710"},{"taxonomy":"product_cat","embeddable":true,"href":"https:\/\/talenti.si\/en\/wp-json\/wp\/v2\/product_cat?post=28710"},{"taxonomy":"product_tag","embeddable":true,"href":"https:\/\/talenti.si\/en\/wp-json\/wp\/v2\/product_tag?post=28710"}],"curies":[{"name":"wp","href":"https:\/\/api.w.org\/{rel}","templated":true}]}}