{"id":29091,"date":"2014-04-12T10:30:05","date_gmt":"2014-04-12T10:30:05","guid":{"rendered":"https:\/\/talenti.si\/uncategorized\/comet-ribbon-ball\/"},"modified":"2023-08-25T07:44:49","modified_gmt":"2023-08-25T07:44:49","slug":"comet-ribbon-ball","status":"publish","type":"product","link":"https:\/\/talenti.si\/en\/juggling\/swinging-spinning-and-poi\/comet-ribbon-ball\/","title":{"rendered":"Comet ribbon ball"},"content":{"rendered":"<p>With the right motion, the ball can be swung or thrown. A great sight is the comet ribbon with a dimension of 360 cm.<\/p>\n<p>Price is for <strong>1<\/strong> piece.<\/p>\n<p><strong style=\"font-size: 10px;\">WARNING!<\/strong><span style=\"font-size: 10px;\"> <\/span><span style=\"font-size: 10px;\">This product is not suitable for children under 3 years of age. Small parts can be a choking hazard if inhaled or swallowed. Remove packaging before handing it to a child. Save this information for future reference.<\/span><\/p>\n","protected":false},"excerpt":{"rendered":"<p>With the right motion, the ball can be swung or thrown. A great sight is the comet ribbon with a dimension of 360 cm. Price is for 1 piece. WARNING! This product is not suitable for children under 3 years of age. Small parts can be a choking hazard if inhaled or swallowed. Remove packaging [&hellip;]<\/p>\n","protected":false},"featured_media":14484,"comment_status":"open","ping_status":"closed","template":"","meta":{"_acf_changed":false},"pwb-brand":[2063],"product_brand":[],"product_cat":[1782,1839],"product_tag":[2758,3911,2226,3864],"class_list":{"0":"post-29091","1":"product","2":"type-product","3":"status-publish","4":"has-post-thumbnail","6":"pwb-brand-goki-en","7":"product_cat-outdoor-games","8":"product_cat-swinging-spinning-and-poi","9":"product_tag-ball-en-3","10":"product_tag-comet-en-2","11":"product_tag-goki-en","12":"product_tag-poi-en","14":"first","15":"instock","16":"taxable","17":"shipping-taxable","18":"purchasable","19":"product-type-simple"},"acf":[],"yoast_head":"<!-- This site is optimized with the Yoast SEO plugin v25.8 - https:\/\/yoast.com\/wordpress\/plugins\/seo\/ -->\n<title>Comet ribbon ball<\/title>\n<meta name=\"description\" content=\"With the right motion, the ball can be swung or thrown. A great sight is the comet ribbon with a dimension of 360 cm.\" \/>\n<meta name=\"robots\" content=\"index, follow, max-snippet:-1, max-image-preview:large, max-video-preview:-1\" \/>\n<link rel=\"canonical\" href=\"https:\/\/talenti.si\/en\/juggling\/swinging-spinning-and-poi\/comet-ribbon-ball\/\" \/>\n<meta property=\"og:locale\" content=\"en_US\" \/>\n<meta property=\"og:type\" content=\"article\" \/>\n<meta property=\"og:title\" content=\"Comet ribbon ball\" \/>\n<meta property=\"og:description\" content=\"With the right motion, the ball can be swung or thrown. A great sight is the comet ribbon with a dimension of 360 cm.\" \/>\n<meta property=\"og:url\" content=\"https:\/\/talenti.si\/en\/juggling\/swinging-spinning-and-poi\/comet-ribbon-ball\/\" \/>\n<meta property=\"og:site_name\" content=\"Talenti.si\" \/>\n<meta property=\"article:modified_time\" content=\"2023-08-25T07:44:49+00:00\" \/>\n<meta property=\"og:image\" content=\"https:\/\/talenti.si\/wp-content\/uploads\/2022\/01\/pelota-cometa.jpg\" \/>\n\t<meta property=\"og:image:width\" content=\"600\" \/>\n\t<meta property=\"og:image:height\" content=\"600\" \/>\n\t<meta property=\"og:image:type\" content=\"image\/jpeg\" \/>\n<meta name=\"twitter:card\" content=\"summary_large_image\" \/>\n<script type=\"application\/ld+json\" class=\"yoast-schema-graph\">{\"@context\":\"https:\/\/schema.org\",\"@graph\":[{\"@type\":\"WebPage\",\"@id\":\"https:\/\/talenti.si\/en\/juggling\/swinging-spinning-and-poi\/comet-ribbon-ball\/\",\"url\":\"https:\/\/talenti.si\/en\/juggling\/swinging-spinning-and-poi\/comet-ribbon-ball\/\",\"name\":\"Comet ribbon ball\",\"isPartOf\":{\"@id\":\"https:\/\/talenti.si\/en\/#website\"},\"primaryImageOfPage\":{\"@id\":\"https:\/\/talenti.si\/en\/juggling\/swinging-spinning-and-poi\/comet-ribbon-ball\/#primaryimage\"},\"image\":{\"@id\":\"https:\/\/talenti.si\/en\/juggling\/swinging-spinning-and-poi\/comet-ribbon-ball\/#primaryimage\"},\"thumbnailUrl\":\"https:\/\/talenti.si\/wp-content\/uploads\/2022\/01\/pelota-cometa.jpg\",\"datePublished\":\"2014-04-12T10:30:05+00:00\",\"dateModified\":\"2023-08-25T07:44:49+00:00\",\"description\":\"With the right motion, the ball can be swung or thrown. A great sight is the comet ribbon with a dimension of 360 cm.\",\"breadcrumb\":{\"@id\":\"https:\/\/talenti.si\/en\/juggling\/swinging-spinning-and-poi\/comet-ribbon-ball\/#breadcrumb\"},\"inLanguage\":\"en-US\",\"potentialAction\":[{\"@type\":\"ReadAction\",\"target\":[\"https:\/\/talenti.si\/en\/juggling\/swinging-spinning-and-poi\/comet-ribbon-ball\/\"]}]},{\"@type\":\"ImageObject\",\"inLanguage\":\"en-US\",\"@id\":\"https:\/\/talenti.si\/en\/juggling\/swinging-spinning-and-poi\/comet-ribbon-ball\/#primaryimage\",\"url\":\"https:\/\/talenti.si\/wp-content\/uploads\/2022\/01\/pelota-cometa.jpg\",\"contentUrl\":\"https:\/\/talenti.si\/wp-content\/uploads\/2022\/01\/pelota-cometa.jpg\",\"width\":600,\"height\":600},{\"@type\":\"BreadcrumbList\",\"@id\":\"https:\/\/talenti.si\/en\/juggling\/swinging-spinning-and-poi\/comet-ribbon-ball\/#breadcrumb\",\"itemListElement\":[{\"@type\":\"ListItem\",\"position\":1,\"name\":\"Home\",\"item\":\"https:\/\/talenti.si\/en\/\"},{\"@type\":\"ListItem\",\"position\":2,\"name\":\"Shop\",\"item\":\"https:\/\/talenti.si\/en\/shop\/\"},{\"@type\":\"ListItem\",\"position\":3,\"name\":\"Comet ribbon ball\"}]},{\"@type\":\"WebSite\",\"@id\":\"https:\/\/talenti.si\/en\/#website\",\"url\":\"https:\/\/talenti.si\/en\/\",\"name\":\"Talenti.si\",\"description\":\"Spletna trgovina za vse \u017eonglerje in podobne talente. Vse za \u017eongliranje, yoyo, frizbi, bumerang, kite... in \u0161e in \u0161e.\",\"publisher\":{\"@id\":\"https:\/\/talenti.si\/en\/#organization\"},\"potentialAction\":[{\"@type\":\"SearchAction\",\"target\":{\"@type\":\"EntryPoint\",\"urlTemplate\":\"https:\/\/talenti.si\/en\/?s={search_term_string}\"},\"query-input\":{\"@type\":\"PropertyValueSpecification\",\"valueRequired\":true,\"valueName\":\"search_term_string\"}}],\"inLanguage\":\"en-US\"},{\"@type\":\"Organization\",\"@id\":\"https:\/\/talenti.si\/en\/#organization\",\"name\":\"Talenti.si\",\"url\":\"https:\/\/talenti.si\/en\/\",\"logo\":{\"@type\":\"ImageObject\",\"inLanguage\":\"en-US\",\"@id\":\"https:\/\/talenti.si\/en\/#\/schema\/logo\/image\/\",\"url\":\"https:\/\/talenti.si\/wp-content\/uploads\/2021\/12\/logo-talent-pravi-dark.png\",\"contentUrl\":\"https:\/\/talenti.si\/wp-content\/uploads\/2021\/12\/logo-talent-pravi-dark.png\",\"width\":145,\"height\":83,\"caption\":\"Talenti.si\"},\"image\":{\"@id\":\"https:\/\/talenti.si\/en\/#\/schema\/logo\/image\/\"}}]}<\/script>\n<!-- \/ Yoast SEO plugin. -->","yoast_head_json":{"title":"Comet ribbon ball","description":"With the right motion, the ball can be swung or thrown. A great sight is the comet ribbon with a dimension of 360 cm.","robots":{"index":"index","follow":"follow","max-snippet":"max-snippet:-1","max-image-preview":"max-image-preview:large","max-video-preview":"max-video-preview:-1"},"canonical":"https:\/\/talenti.si\/en\/juggling\/swinging-spinning-and-poi\/comet-ribbon-ball\/","og_locale":"en_US","og_type":"article","og_title":"Comet ribbon ball","og_description":"With the right motion, the ball can be swung or thrown. A great sight is the comet ribbon with a dimension of 360 cm.","og_url":"https:\/\/talenti.si\/en\/juggling\/swinging-spinning-and-poi\/comet-ribbon-ball\/","og_site_name":"Talenti.si","article_modified_time":"2023-08-25T07:44:49+00:00","og_image":[{"width":600,"height":600,"url":"https:\/\/talenti.si\/wp-content\/uploads\/2022\/01\/pelota-cometa.jpg","type":"image\/jpeg"}],"twitter_card":"summary_large_image","schema":{"@context":"https:\/\/schema.org","@graph":[{"@type":"WebPage","@id":"https:\/\/talenti.si\/en\/juggling\/swinging-spinning-and-poi\/comet-ribbon-ball\/","url":"https:\/\/talenti.si\/en\/juggling\/swinging-spinning-and-poi\/comet-ribbon-ball\/","name":"Comet ribbon ball","isPartOf":{"@id":"https:\/\/talenti.si\/en\/#website"},"primaryImageOfPage":{"@id":"https:\/\/talenti.si\/en\/juggling\/swinging-spinning-and-poi\/comet-ribbon-ball\/#primaryimage"},"image":{"@id":"https:\/\/talenti.si\/en\/juggling\/swinging-spinning-and-poi\/comet-ribbon-ball\/#primaryimage"},"thumbnailUrl":"https:\/\/talenti.si\/wp-content\/uploads\/2022\/01\/pelota-cometa.jpg","datePublished":"2014-04-12T10:30:05+00:00","dateModified":"2023-08-25T07:44:49+00:00","description":"With the right motion, the ball can be swung or thrown. A great sight is the comet ribbon with a dimension of 360 cm.","breadcrumb":{"@id":"https:\/\/talenti.si\/en\/juggling\/swinging-spinning-and-poi\/comet-ribbon-ball\/#breadcrumb"},"inLanguage":"en-US","potentialAction":[{"@type":"ReadAction","target":["https:\/\/talenti.si\/en\/juggling\/swinging-spinning-and-poi\/comet-ribbon-ball\/"]}]},{"@type":"ImageObject","inLanguage":"en-US","@id":"https:\/\/talenti.si\/en\/juggling\/swinging-spinning-and-poi\/comet-ribbon-ball\/#primaryimage","url":"https:\/\/talenti.si\/wp-content\/uploads\/2022\/01\/pelota-cometa.jpg","contentUrl":"https:\/\/talenti.si\/wp-content\/uploads\/2022\/01\/pelota-cometa.jpg","width":600,"height":600},{"@type":"BreadcrumbList","@id":"https:\/\/talenti.si\/en\/juggling\/swinging-spinning-and-poi\/comet-ribbon-ball\/#breadcrumb","itemListElement":[{"@type":"ListItem","position":1,"name":"Home","item":"https:\/\/talenti.si\/en\/"},{"@type":"ListItem","position":2,"name":"Shop","item":"https:\/\/talenti.si\/en\/shop\/"},{"@type":"ListItem","position":3,"name":"Comet ribbon ball"}]},{"@type":"WebSite","@id":"https:\/\/talenti.si\/en\/#website","url":"https:\/\/talenti.si\/en\/","name":"Talenti.si","description":"Spletna trgovina za vse \u017eonglerje in podobne talente. Vse za \u017eongliranje, yoyo, frizbi, bumerang, kite... in \u0161e in \u0161e.","publisher":{"@id":"https:\/\/talenti.si\/en\/#organization"},"potentialAction":[{"@type":"SearchAction","target":{"@type":"EntryPoint","urlTemplate":"https:\/\/talenti.si\/en\/?s={search_term_string}"},"query-input":{"@type":"PropertyValueSpecification","valueRequired":true,"valueName":"search_term_string"}}],"inLanguage":"en-US"},{"@type":"Organization","@id":"https:\/\/talenti.si\/en\/#organization","name":"Talenti.si","url":"https:\/\/talenti.si\/en\/","logo":{"@type":"ImageObject","inLanguage":"en-US","@id":"https:\/\/talenti.si\/en\/#\/schema\/logo\/image\/","url":"https:\/\/talenti.si\/wp-content\/uploads\/2021\/12\/logo-talent-pravi-dark.png","contentUrl":"https:\/\/talenti.si\/wp-content\/uploads\/2021\/12\/logo-talent-pravi-dark.png","width":145,"height":83,"caption":"Talenti.si"},"image":{"@id":"https:\/\/talenti.si\/en\/#\/schema\/logo\/image\/"}}]}},"brands":[{"id":2063,"name":"Goki","slug":"goki-en"}],"_links":{"self":[{"href":"https:\/\/talenti.si\/en\/wp-json\/wp\/v2\/product\/29091","targetHints":{"allow":["GET"]}}],"collection":[{"href":"https:\/\/talenti.si\/en\/wp-json\/wp\/v2\/product"}],"about":[{"href":"https:\/\/talenti.si\/en\/wp-json\/wp\/v2\/types\/product"}],"replies":[{"embeddable":true,"href":"https:\/\/talenti.si\/en\/wp-json\/wp\/v2\/comments?post=29091"}],"wp:featuredmedia":[{"embeddable":true,"href":"https:\/\/talenti.si\/en\/wp-json\/wp\/v2\/media\/14484"}],"wp:attachment":[{"href":"https:\/\/talenti.si\/en\/wp-json\/wp\/v2\/media?parent=29091"}],"wp:term":[{"taxonomy":"pwb-brand","embeddable":true,"href":"https:\/\/talenti.si\/en\/wp-json\/wp\/v2\/pwb-brand?post=29091"},{"taxonomy":"product_brand","embeddable":true,"href":"https:\/\/talenti.si\/en\/wp-json\/wp\/v2\/product_brand?post=29091"},{"taxonomy":"product_cat","embeddable":true,"href":"https:\/\/talenti.si\/en\/wp-json\/wp\/v2\/product_cat?post=29091"},{"taxonomy":"product_tag","embeddable":true,"href":"https:\/\/talenti.si\/en\/wp-json\/wp\/v2\/product_tag?post=29091"}],"curies":[{"name":"wp","href":"https:\/\/api.w.org\/{rel}","templated":true}]}}