{"id":29274,"date":"2022-11-30T08:56:41","date_gmt":"2022-11-30T08:56:41","guid":{"rendered":"https:\/\/talenti.si\/uncategorized\/geomag-mechanics-gravity-vertical-motor-183-pcs\/"},"modified":"2023-09-12T10:31:06","modified_gmt":"2023-09-12T10:31:06","slug":"geomag-mechanics-gravity-vertical-motor-183-pcs","status":"publish","type":"product","link":"https:\/\/talenti.si\/en\/toys\/geomag-magnetic-constructions\/geomag-mechanics-gravity-vertical-motor-183-pcs\/","title":{"rendered":"Geomag Mechanics Gravity Vertical Motor 183 pcs"},"content":{"rendered":"<p>Mechanics is the construction platform that combines the forces of magnetism with a world of mechanical construction, to stimulate creativity, inventiveness and ingenuity. In addition to the classic magnetic rods and steel spheres, Geomag Mechanics adds mechanical elements within the constructions, expanding the play possibilities: some parts of the structures are able to rotate, triggering chain reactions from the magnetic attraction and repulsion.<\/p>\n<p>With Geomag toys, you can build endless 3D structures, thanks to the magical forces of magnetism, unleashing creativity and imagination as you play.<em> Made in Switzerland, from recycled materials!<\/em><\/p>\n<div class=\"video-container responsive-embed widescreen\"><iframe loading=\"lazy\" title=\"Geomag mechanics Gravity_764_Tutorial\" width=\"900\" height=\"506\" src=\"https:\/\/www.youtube.com\/embed\/pCwFqxKkaDw?feature=oembed\" frameborder=\"0\" allow=\"accelerometer; autoplay; clipboard-write; encrypted-media; gyroscope; picture-in-picture; web-share\" allowfullscreen><\/iframe><\/div>\n<p><strong>Features:<\/strong><\/p>\n<ul>\n<li>Number of pieces: <strong>183<\/strong> + instructions<\/li>\n<li>Packaging dimensions: <strong>21<\/strong> x <strong>33<\/strong> x <strong>7,5<\/strong> cm<\/li>\n<li>Materials &#8211; <strong>recycled plastic<\/strong><\/li>\n<li>Recommended age: <strong>8+<\/strong><\/li>\n<\/ul>\n<p><strong style=\"font-size: 10px;\">WARNING!<\/strong> <span style=\"font-size: 10px;\">This product is not suitable for children under 3 years of age. Small parts can be a choking hazard if inhaled or swallowed. Remove <\/span><span style=\"font-size: 10px;\">packaging before handing it to a child. Save this information for future reference.<\/span><\/p>\n","protected":false},"excerpt":{"rendered":"<p>Mechanics is the construction platform that combines the forces of magnetism with a world of mechanical construction, to stimulate creativity, inventiveness and ingenuity. In addition to the classic magnetic rods and steel spheres, Geomag Mechanics adds mechanical elements within the constructions, expanding the play possibilities: some parts of the structures are able to rotate, triggering [&hellip;]<\/p>\n","protected":false},"featured_media":20613,"comment_status":"open","ping_status":"closed","template":"","meta":{"_acf_changed":false},"pwb-brand":[],"product_brand":[],"product_cat":[1712],"product_tag":[2828,3971,2302,2193],"class_list":{"0":"post-29274","1":"product","2":"type-product","3":"status-publish","4":"has-post-thumbnail","6":"product_cat-geomag-magnetic-constructions","7":"product_tag-construction","8":"product_tag-geomag-en","9":"product_tag-magnets-en","10":"product_tag-set-en","12":"first","13":"outofstock","14":"taxable","15":"shipping-taxable","16":"purchasable","17":"product-type-simple"},"acf":[],"yoast_head":"<!-- This site is optimized with the Yoast SEO plugin v25.8 - https:\/\/yoast.com\/wordpress\/plugins\/seo\/ -->\n<title>Geomag Mechanics Gravity Vertical Motor 183 pcs - Talenti.si<\/title>\n<meta name=\"description\" content=\"With Geomag toys, you can build endless 3D structures, thanks to the magical forces of magnetism, unleashing creativity and imagination as you play. Made in Switzerland, from recycled materials!\" \/>\n<meta name=\"robots\" content=\"index, follow, max-snippet:-1, max-image-preview:large, max-video-preview:-1\" \/>\n<link rel=\"canonical\" href=\"https:\/\/talenti.si\/en\/toys\/geomag-magnetic-constructions\/geomag-mechanics-gravity-vertical-motor-183-pcs\/\" \/>\n<meta property=\"og:locale\" content=\"en_US\" \/>\n<meta property=\"og:type\" content=\"article\" \/>\n<meta property=\"og:title\" content=\"Geomag Mechanics Gravity Vertical Motor 183 pcs - Talenti.si\" \/>\n<meta property=\"og:description\" content=\"With Geomag toys, you can build endless 3D structures, thanks to the magical forces of magnetism, unleashing creativity and imagination as you play. Made in Switzerland, from recycled materials!\" \/>\n<meta property=\"og:url\" content=\"https:\/\/talenti.si\/en\/toys\/geomag-magnetic-constructions\/geomag-mechanics-gravity-vertical-motor-183-pcs\/\" \/>\n<meta property=\"og:site_name\" content=\"Talenti.si\" \/>\n<meta property=\"article:modified_time\" content=\"2023-09-12T10:31:06+00:00\" \/>\n<meta property=\"og:image\" content=\"https:\/\/talenti.si\/wp-content\/uploads\/2022\/11\/geomag-mechanics-vertical-motor-talenti-si.jpg\" \/>\n\t<meta property=\"og:image:width\" content=\"1024\" \/>\n\t<meta property=\"og:image:height\" content=\"1024\" \/>\n\t<meta property=\"og:image:type\" content=\"image\/jpeg\" \/>\n<meta name=\"twitter:card\" content=\"summary_large_image\" \/>\n<meta name=\"twitter:label1\" content=\"Est. reading time\" \/>\n\t<meta name=\"twitter:data1\" content=\"1 minute\" \/>\n<script type=\"application\/ld+json\" class=\"yoast-schema-graph\">{\"@context\":\"https:\/\/schema.org\",\"@graph\":[{\"@type\":\"WebPage\",\"@id\":\"https:\/\/talenti.si\/en\/toys\/geomag-magnetic-constructions\/geomag-mechanics-gravity-vertical-motor-183-pcs\/\",\"url\":\"https:\/\/talenti.si\/en\/toys\/geomag-magnetic-constructions\/geomag-mechanics-gravity-vertical-motor-183-pcs\/\",\"name\":\"Geomag Mechanics Gravity Vertical Motor 183 pcs - Talenti.si\",\"isPartOf\":{\"@id\":\"https:\/\/talenti.si\/en\/#website\"},\"primaryImageOfPage\":{\"@id\":\"https:\/\/talenti.si\/en\/toys\/geomag-magnetic-constructions\/geomag-mechanics-gravity-vertical-motor-183-pcs\/#primaryimage\"},\"image\":{\"@id\":\"https:\/\/talenti.si\/en\/toys\/geomag-magnetic-constructions\/geomag-mechanics-gravity-vertical-motor-183-pcs\/#primaryimage\"},\"thumbnailUrl\":\"https:\/\/talenti.si\/wp-content\/uploads\/2022\/11\/geomag-mechanics-vertical-motor-talenti-si.jpg\",\"datePublished\":\"2022-11-30T08:56:41+00:00\",\"dateModified\":\"2023-09-12T10:31:06+00:00\",\"description\":\"With Geomag toys, you can build endless 3D structures, thanks to the magical forces of magnetism, unleashing creativity and imagination as you play. Made in Switzerland, from recycled materials!\",\"breadcrumb\":{\"@id\":\"https:\/\/talenti.si\/en\/toys\/geomag-magnetic-constructions\/geomag-mechanics-gravity-vertical-motor-183-pcs\/#breadcrumb\"},\"inLanguage\":\"en-US\",\"potentialAction\":[{\"@type\":\"ReadAction\",\"target\":[\"https:\/\/talenti.si\/en\/toys\/geomag-magnetic-constructions\/geomag-mechanics-gravity-vertical-motor-183-pcs\/\"]}]},{\"@type\":\"ImageObject\",\"inLanguage\":\"en-US\",\"@id\":\"https:\/\/talenti.si\/en\/toys\/geomag-magnetic-constructions\/geomag-mechanics-gravity-vertical-motor-183-pcs\/#primaryimage\",\"url\":\"https:\/\/talenti.si\/wp-content\/uploads\/2022\/11\/geomag-mechanics-vertical-motor-talenti-si.jpg\",\"contentUrl\":\"https:\/\/talenti.si\/wp-content\/uploads\/2022\/11\/geomag-mechanics-vertical-motor-talenti-si.jpg\",\"width\":1024,\"height\":1024},{\"@type\":\"BreadcrumbList\",\"@id\":\"https:\/\/talenti.si\/en\/toys\/geomag-magnetic-constructions\/geomag-mechanics-gravity-vertical-motor-183-pcs\/#breadcrumb\",\"itemListElement\":[{\"@type\":\"ListItem\",\"position\":1,\"name\":\"Home\",\"item\":\"https:\/\/talenti.si\/en\/\"},{\"@type\":\"ListItem\",\"position\":2,\"name\":\"Shop\",\"item\":\"https:\/\/talenti.si\/en\/shop\/\"},{\"@type\":\"ListItem\",\"position\":3,\"name\":\"Geomag Mechanics Gravity Vertical Motor 183 pcs\"}]},{\"@type\":\"WebSite\",\"@id\":\"https:\/\/talenti.si\/en\/#website\",\"url\":\"https:\/\/talenti.si\/en\/\",\"name\":\"Talenti.si\",\"description\":\"Spletna trgovina za vse \u017eonglerje in podobne talente. Vse za \u017eongliranje, yoyo, frizbi, bumerang, kite... in \u0161e in \u0161e.\",\"publisher\":{\"@id\":\"https:\/\/talenti.si\/en\/#organization\"},\"potentialAction\":[{\"@type\":\"SearchAction\",\"target\":{\"@type\":\"EntryPoint\",\"urlTemplate\":\"https:\/\/talenti.si\/en\/?s={search_term_string}\"},\"query-input\":{\"@type\":\"PropertyValueSpecification\",\"valueRequired\":true,\"valueName\":\"search_term_string\"}}],\"inLanguage\":\"en-US\"},{\"@type\":\"Organization\",\"@id\":\"https:\/\/talenti.si\/en\/#organization\",\"name\":\"Talenti.si\",\"url\":\"https:\/\/talenti.si\/en\/\",\"logo\":{\"@type\":\"ImageObject\",\"inLanguage\":\"en-US\",\"@id\":\"https:\/\/talenti.si\/en\/#\/schema\/logo\/image\/\",\"url\":\"https:\/\/talenti.si\/wp-content\/uploads\/2021\/12\/logo-talent-pravi-dark.png\",\"contentUrl\":\"https:\/\/talenti.si\/wp-content\/uploads\/2021\/12\/logo-talent-pravi-dark.png\",\"width\":145,\"height\":83,\"caption\":\"Talenti.si\"},\"image\":{\"@id\":\"https:\/\/talenti.si\/en\/#\/schema\/logo\/image\/\"}}]}<\/script>\n<!-- \/ Yoast SEO plugin. -->","yoast_head_json":{"title":"Geomag Mechanics Gravity Vertical Motor 183 pcs - Talenti.si","description":"With Geomag toys, you can build endless 3D structures, thanks to the magical forces of magnetism, unleashing creativity and imagination as you play. Made in Switzerland, from recycled materials!","robots":{"index":"index","follow":"follow","max-snippet":"max-snippet:-1","max-image-preview":"max-image-preview:large","max-video-preview":"max-video-preview:-1"},"canonical":"https:\/\/talenti.si\/en\/toys\/geomag-magnetic-constructions\/geomag-mechanics-gravity-vertical-motor-183-pcs\/","og_locale":"en_US","og_type":"article","og_title":"Geomag Mechanics Gravity Vertical Motor 183 pcs - Talenti.si","og_description":"With Geomag toys, you can build endless 3D structures, thanks to the magical forces of magnetism, unleashing creativity and imagination as you play. Made in Switzerland, from recycled materials!","og_url":"https:\/\/talenti.si\/en\/toys\/geomag-magnetic-constructions\/geomag-mechanics-gravity-vertical-motor-183-pcs\/","og_site_name":"Talenti.si","article_modified_time":"2023-09-12T10:31:06+00:00","og_image":[{"width":1024,"height":1024,"url":"https:\/\/talenti.si\/wp-content\/uploads\/2022\/11\/geomag-mechanics-vertical-motor-talenti-si.jpg","type":"image\/jpeg"}],"twitter_card":"summary_large_image","twitter_misc":{"Est. reading time":"1 minute"},"schema":{"@context":"https:\/\/schema.org","@graph":[{"@type":"WebPage","@id":"https:\/\/talenti.si\/en\/toys\/geomag-magnetic-constructions\/geomag-mechanics-gravity-vertical-motor-183-pcs\/","url":"https:\/\/talenti.si\/en\/toys\/geomag-magnetic-constructions\/geomag-mechanics-gravity-vertical-motor-183-pcs\/","name":"Geomag Mechanics Gravity Vertical Motor 183 pcs - Talenti.si","isPartOf":{"@id":"https:\/\/talenti.si\/en\/#website"},"primaryImageOfPage":{"@id":"https:\/\/talenti.si\/en\/toys\/geomag-magnetic-constructions\/geomag-mechanics-gravity-vertical-motor-183-pcs\/#primaryimage"},"image":{"@id":"https:\/\/talenti.si\/en\/toys\/geomag-magnetic-constructions\/geomag-mechanics-gravity-vertical-motor-183-pcs\/#primaryimage"},"thumbnailUrl":"https:\/\/talenti.si\/wp-content\/uploads\/2022\/11\/geomag-mechanics-vertical-motor-talenti-si.jpg","datePublished":"2022-11-30T08:56:41+00:00","dateModified":"2023-09-12T10:31:06+00:00","description":"With Geomag toys, you can build endless 3D structures, thanks to the magical forces of magnetism, unleashing creativity and imagination as you play. Made in Switzerland, from recycled materials!","breadcrumb":{"@id":"https:\/\/talenti.si\/en\/toys\/geomag-magnetic-constructions\/geomag-mechanics-gravity-vertical-motor-183-pcs\/#breadcrumb"},"inLanguage":"en-US","potentialAction":[{"@type":"ReadAction","target":["https:\/\/talenti.si\/en\/toys\/geomag-magnetic-constructions\/geomag-mechanics-gravity-vertical-motor-183-pcs\/"]}]},{"@type":"ImageObject","inLanguage":"en-US","@id":"https:\/\/talenti.si\/en\/toys\/geomag-magnetic-constructions\/geomag-mechanics-gravity-vertical-motor-183-pcs\/#primaryimage","url":"https:\/\/talenti.si\/wp-content\/uploads\/2022\/11\/geomag-mechanics-vertical-motor-talenti-si.jpg","contentUrl":"https:\/\/talenti.si\/wp-content\/uploads\/2022\/11\/geomag-mechanics-vertical-motor-talenti-si.jpg","width":1024,"height":1024},{"@type":"BreadcrumbList","@id":"https:\/\/talenti.si\/en\/toys\/geomag-magnetic-constructions\/geomag-mechanics-gravity-vertical-motor-183-pcs\/#breadcrumb","itemListElement":[{"@type":"ListItem","position":1,"name":"Home","item":"https:\/\/talenti.si\/en\/"},{"@type":"ListItem","position":2,"name":"Shop","item":"https:\/\/talenti.si\/en\/shop\/"},{"@type":"ListItem","position":3,"name":"Geomag Mechanics Gravity Vertical Motor 183 pcs"}]},{"@type":"WebSite","@id":"https:\/\/talenti.si\/en\/#website","url":"https:\/\/talenti.si\/en\/","name":"Talenti.si","description":"Spletna trgovina za vse \u017eonglerje in podobne talente. Vse za \u017eongliranje, yoyo, frizbi, bumerang, kite... in \u0161e in \u0161e.","publisher":{"@id":"https:\/\/talenti.si\/en\/#organization"},"potentialAction":[{"@type":"SearchAction","target":{"@type":"EntryPoint","urlTemplate":"https:\/\/talenti.si\/en\/?s={search_term_string}"},"query-input":{"@type":"PropertyValueSpecification","valueRequired":true,"valueName":"search_term_string"}}],"inLanguage":"en-US"},{"@type":"Organization","@id":"https:\/\/talenti.si\/en\/#organization","name":"Talenti.si","url":"https:\/\/talenti.si\/en\/","logo":{"@type":"ImageObject","inLanguage":"en-US","@id":"https:\/\/talenti.si\/en\/#\/schema\/logo\/image\/","url":"https:\/\/talenti.si\/wp-content\/uploads\/2021\/12\/logo-talent-pravi-dark.png","contentUrl":"https:\/\/talenti.si\/wp-content\/uploads\/2021\/12\/logo-talent-pravi-dark.png","width":145,"height":83,"caption":"Talenti.si"},"image":{"@id":"https:\/\/talenti.si\/en\/#\/schema\/logo\/image\/"}}]}},"brands":[],"_links":{"self":[{"href":"https:\/\/talenti.si\/en\/wp-json\/wp\/v2\/product\/29274","targetHints":{"allow":["GET"]}}],"collection":[{"href":"https:\/\/talenti.si\/en\/wp-json\/wp\/v2\/product"}],"about":[{"href":"https:\/\/talenti.si\/en\/wp-json\/wp\/v2\/types\/product"}],"replies":[{"embeddable":true,"href":"https:\/\/talenti.si\/en\/wp-json\/wp\/v2\/comments?post=29274"}],"wp:featuredmedia":[{"embeddable":true,"href":"https:\/\/talenti.si\/en\/wp-json\/wp\/v2\/media\/20613"}],"wp:attachment":[{"href":"https:\/\/talenti.si\/en\/wp-json\/wp\/v2\/media?parent=29274"}],"wp:term":[{"taxonomy":"pwb-brand","embeddable":true,"href":"https:\/\/talenti.si\/en\/wp-json\/wp\/v2\/pwb-brand?post=29274"},{"taxonomy":"product_brand","embeddable":true,"href":"https:\/\/talenti.si\/en\/wp-json\/wp\/v2\/product_brand?post=29274"},{"taxonomy":"product_cat","embeddable":true,"href":"https:\/\/talenti.si\/en\/wp-json\/wp\/v2\/product_cat?post=29274"},{"taxonomy":"product_tag","embeddable":true,"href":"https:\/\/talenti.si\/en\/wp-json\/wp\/v2\/product_tag?post=29274"}],"curies":[{"name":"wp","href":"https:\/\/api.w.org\/{rel}","templated":true}]}}