{"id":29675,"date":"2022-05-03T11:35:02","date_gmt":"2022-05-03T11:35:02","guid":{"rendered":"https:\/\/talenti.si\/uncategorized\/sensory-game-the-taste\/"},"modified":"2023-09-27T07:11:00","modified_gmt":"2023-09-27T07:11:00","slug":"sensory-game-the-taste","status":"publish","type":"product","link":"https:\/\/talenti.si\/en\/miscellaneous\/board-games\/sensory-game-the-taste\/","title":{"rendered":"Sensory game The taste"},"content":{"rendered":"<div class=\"wpb-content-wrapper\"><p>[vc_row][vc_column][vc_column_text][vc_row][vc_column width=&#8221;1\/1&#8243;][vc_column_text]<strong>Sentosphere creates and manufactures made in France games and activities so that all ages can awaken their senses thanks to unique sensory experiences!<\/strong><\/p>\n<p>This sensory game, based on the Montessori method, explores an educative method that believes children should discover their environment through their senses and different experiments from which they can learn on their own.<\/p>\n<p>All players must unite to recognise aromas and help the forest animals stock their food before the last leaf falls from the tree!<\/p>\n<p><em>This game was specially designed to educated young children on their sense of taste to keep them from becoming picky eaters. It is important that children\u2019s first contacts with different foods are done in a safe and positive environment so that they link that taste to that specific atmosphere and eat it later on. We believe there are no better conditions than discovering aromas while playing! A fun, tasty and collaborative game!<\/em><\/p>\n<p><strong>Features:<\/strong><\/p>\n<ul>\n<li>Contains: <strong>12<\/strong> small boxes, each containing <strong>40<\/strong> micro-sweets + <strong>12<\/strong> tokens to place under each taste capsule + <strong>4<\/strong> pawns + <strong>8<\/strong> leaves + game board + cardboard tree + dice + instructions<\/li>\n<li>Packaging dimensions: <strong>23,5<\/strong> x <strong>4<\/strong> x <strong>23,5<\/strong> cm<\/li>\n<li>Materials &#8211; <strong>recycled cardboard<\/strong><\/li>\n<li>Number of players: <strong>from 2 to 4<\/strong><\/li>\n<li>Recommended age: <b>3+<\/b><\/li>\n<li>Made <strong>in France<\/strong><\/li>\n<\/ul>\n<p><strong style=\"font-size: 10px;\">WARNING!<\/strong><span style=\"font-size: 10px;\"> <\/span><span style=\"font-size: 10px;\">This product is not suitable for children under 3 years of age. Small parts can be a choking hazard if inhaled or swallowed. Remove packaging before handing it to a child. Save this information for future reference.<\/span>[\/vc_column_text][\/vc_column][\/vc_row][vc_row][vc_column][vc_btn title=&#8221;INSTRUCTIONS&#8221; css_animation=&#8221;bounceIn&#8221; link=&#8221;url:https%3A%2F%2Ftalenti.si%2Fwp-content%2Fuploads%2F2022%2F05%2FIzobrazevalna-igra-Prepoznavanje-okusov-2.pdf|title:tasting|target:_blank|&#8221;][\/vc_column][\/vc_row]<\/p>\n<\/div>","protected":false},"excerpt":{"rendered":"<p>[vc_row][vc_column][vc_column_text][vc_row][vc_column width=&#8221;1\/1&#8243;][vc_column_text]Sentosphere creates and manufactures made in France games and activities so that all ages can awaken their senses thanks to unique sensory experiences! This sensory game, based on the Montessori method, explores an educative method that believes children should discover their environment through their senses and different experiments from which they can learn on [&hellip;]<\/p>\n","protected":false},"featured_media":18678,"comment_status":"open","ping_status":"closed","template":"","meta":{"_acf_changed":false},"pwb-brand":[2106],"product_brand":[],"product_cat":[1746],"product_tag":[4026,3269,2187],"class_list":{"0":"post-29675","1":"product","2":"type-product","3":"status-publish","4":"has-post-thumbnail","6":"pwb-brand-sentosphere-en","7":"product_cat-board-games","8":"product_tag-sensory-game","9":"product_tag-sentosphere-en","10":"product_tag-social-game","12":"first","13":"instock","14":"taxable","15":"shipping-taxable","16":"purchasable","17":"product-type-simple"},"acf":[],"yoast_head":"<!-- This site is optimized with the Yoast SEO plugin v25.8 - https:\/\/yoast.com\/wordpress\/plugins\/seo\/ -->\n<title>Sensory game The taste - Talenti.si<\/title>\n<meta name=\"description\" content=\"This game was specially designed to educated young children on their sense of taste to keep them from becoming picky eaters. It is important that children\u2019s first contacts with different foods are done in a safe and positive environment so that they link that taste to that specific atmosphere and eat it later on. We believe there are no better conditions than discovering aromas while playing! A fun, tasty and collaborative game!\" \/>\n<meta name=\"robots\" content=\"index, follow, max-snippet:-1, max-image-preview:large, max-video-preview:-1\" \/>\n<link rel=\"canonical\" href=\"https:\/\/talenti.si\/en\/miscellaneous\/board-games\/sensory-game-the-taste\/\" \/>\n<meta property=\"og:locale\" content=\"en_US\" \/>\n<meta property=\"og:type\" content=\"article\" \/>\n<meta property=\"og:title\" content=\"Sensory game The taste - Talenti.si\" \/>\n<meta property=\"og:description\" content=\"This game was specially designed to educated young children on their sense of taste to keep them from becoming picky eaters. It is important that children\u2019s first contacts with different foods are done in a safe and positive environment so that they link that taste to that specific atmosphere and eat it later on. We believe there are no better conditions than discovering aromas while playing! A fun, tasty and collaborative game!\" \/>\n<meta property=\"og:url\" content=\"https:\/\/talenti.si\/en\/miscellaneous\/board-games\/sensory-game-the-taste\/\" \/>\n<meta property=\"og:site_name\" content=\"Talenti.si\" \/>\n<meta property=\"article:modified_time\" content=\"2023-09-27T07:11:00+00:00\" \/>\n<meta property=\"og:image\" content=\"https:\/\/talenti.si\/wp-content\/uploads\/2022\/05\/sentosphere-izobrazevalna-igra-talenti-okusi.jpg\" \/>\n\t<meta property=\"og:image:width\" content=\"800\" \/>\n\t<meta property=\"og:image:height\" content=\"800\" \/>\n\t<meta property=\"og:image:type\" content=\"image\/jpeg\" \/>\n<meta name=\"twitter:card\" content=\"summary_large_image\" \/>\n<meta name=\"twitter:label1\" content=\"Est. reading time\" \/>\n\t<meta name=\"twitter:data1\" content=\"1 minute\" \/>\n<script type=\"application\/ld+json\" class=\"yoast-schema-graph\">{\"@context\":\"https:\/\/schema.org\",\"@graph\":[{\"@type\":\"WebPage\",\"@id\":\"https:\/\/talenti.si\/en\/miscellaneous\/board-games\/sensory-game-the-taste\/\",\"url\":\"https:\/\/talenti.si\/en\/miscellaneous\/board-games\/sensory-game-the-taste\/\",\"name\":\"Sensory game The taste - Talenti.si\",\"isPartOf\":{\"@id\":\"https:\/\/talenti.si\/en\/#website\"},\"primaryImageOfPage\":{\"@id\":\"https:\/\/talenti.si\/en\/miscellaneous\/board-games\/sensory-game-the-taste\/#primaryimage\"},\"image\":{\"@id\":\"https:\/\/talenti.si\/en\/miscellaneous\/board-games\/sensory-game-the-taste\/#primaryimage\"},\"thumbnailUrl\":\"https:\/\/talenti.si\/wp-content\/uploads\/2022\/05\/sentosphere-izobrazevalna-igra-talenti-okusi.jpg\",\"datePublished\":\"2022-05-03T11:35:02+00:00\",\"dateModified\":\"2023-09-27T07:11:00+00:00\",\"description\":\"This game was specially designed to educated young children on their sense of taste to keep them from becoming picky eaters. It is important that children\u2019s first contacts with different foods are done in a safe and positive environment so that they link that taste to that specific atmosphere and eat it later on. We believe there are no better conditions than discovering aromas while playing! A fun, tasty and collaborative game!\",\"breadcrumb\":{\"@id\":\"https:\/\/talenti.si\/en\/miscellaneous\/board-games\/sensory-game-the-taste\/#breadcrumb\"},\"inLanguage\":\"en-US\",\"potentialAction\":[{\"@type\":\"ReadAction\",\"target\":[\"https:\/\/talenti.si\/en\/miscellaneous\/board-games\/sensory-game-the-taste\/\"]}]},{\"@type\":\"ImageObject\",\"inLanguage\":\"en-US\",\"@id\":\"https:\/\/talenti.si\/en\/miscellaneous\/board-games\/sensory-game-the-taste\/#primaryimage\",\"url\":\"https:\/\/talenti.si\/wp-content\/uploads\/2022\/05\/sentosphere-izobrazevalna-igra-talenti-okusi.jpg\",\"contentUrl\":\"https:\/\/talenti.si\/wp-content\/uploads\/2022\/05\/sentosphere-izobrazevalna-igra-talenti-okusi.jpg\",\"width\":800,\"height\":800},{\"@type\":\"BreadcrumbList\",\"@id\":\"https:\/\/talenti.si\/en\/miscellaneous\/board-games\/sensory-game-the-taste\/#breadcrumb\",\"itemListElement\":[{\"@type\":\"ListItem\",\"position\":1,\"name\":\"Home\",\"item\":\"https:\/\/talenti.si\/en\/\"},{\"@type\":\"ListItem\",\"position\":2,\"name\":\"Shop\",\"item\":\"https:\/\/talenti.si\/en\/shop\/\"},{\"@type\":\"ListItem\",\"position\":3,\"name\":\"Sensory game The taste\"}]},{\"@type\":\"WebSite\",\"@id\":\"https:\/\/talenti.si\/en\/#website\",\"url\":\"https:\/\/talenti.si\/en\/\",\"name\":\"Talenti.si\",\"description\":\"Spletna trgovina za vse \u017eonglerje in podobne talente. Vse za \u017eongliranje, yoyo, frizbi, bumerang, kite... in \u0161e in \u0161e.\",\"publisher\":{\"@id\":\"https:\/\/talenti.si\/en\/#organization\"},\"potentialAction\":[{\"@type\":\"SearchAction\",\"target\":{\"@type\":\"EntryPoint\",\"urlTemplate\":\"https:\/\/talenti.si\/en\/?s={search_term_string}\"},\"query-input\":{\"@type\":\"PropertyValueSpecification\",\"valueRequired\":true,\"valueName\":\"search_term_string\"}}],\"inLanguage\":\"en-US\"},{\"@type\":\"Organization\",\"@id\":\"https:\/\/talenti.si\/en\/#organization\",\"name\":\"Talenti.si\",\"url\":\"https:\/\/talenti.si\/en\/\",\"logo\":{\"@type\":\"ImageObject\",\"inLanguage\":\"en-US\",\"@id\":\"https:\/\/talenti.si\/en\/#\/schema\/logo\/image\/\",\"url\":\"https:\/\/talenti.si\/wp-content\/uploads\/2021\/12\/logo-talent-pravi-dark.png\",\"contentUrl\":\"https:\/\/talenti.si\/wp-content\/uploads\/2021\/12\/logo-talent-pravi-dark.png\",\"width\":145,\"height\":83,\"caption\":\"Talenti.si\"},\"image\":{\"@id\":\"https:\/\/talenti.si\/en\/#\/schema\/logo\/image\/\"}}]}<\/script>\n<!-- \/ Yoast SEO plugin. -->","yoast_head_json":{"title":"Sensory game The taste - Talenti.si","description":"This game was specially designed to educated young children on their sense of taste to keep them from becoming picky eaters. It is important that children\u2019s first contacts with different foods are done in a safe and positive environment so that they link that taste to that specific atmosphere and eat it later on. We believe there are no better conditions than discovering aromas while playing! A fun, tasty and collaborative game!","robots":{"index":"index","follow":"follow","max-snippet":"max-snippet:-1","max-image-preview":"max-image-preview:large","max-video-preview":"max-video-preview:-1"},"canonical":"https:\/\/talenti.si\/en\/miscellaneous\/board-games\/sensory-game-the-taste\/","og_locale":"en_US","og_type":"article","og_title":"Sensory game The taste - Talenti.si","og_description":"This game was specially designed to educated young children on their sense of taste to keep them from becoming picky eaters. It is important that children\u2019s first contacts with different foods are done in a safe and positive environment so that they link that taste to that specific atmosphere and eat it later on. We believe there are no better conditions than discovering aromas while playing! A fun, tasty and collaborative game!","og_url":"https:\/\/talenti.si\/en\/miscellaneous\/board-games\/sensory-game-the-taste\/","og_site_name":"Talenti.si","article_modified_time":"2023-09-27T07:11:00+00:00","og_image":[{"width":800,"height":800,"url":"https:\/\/talenti.si\/wp-content\/uploads\/2022\/05\/sentosphere-izobrazevalna-igra-talenti-okusi.jpg","type":"image\/jpeg"}],"twitter_card":"summary_large_image","twitter_misc":{"Est. reading time":"1 minute"},"schema":{"@context":"https:\/\/schema.org","@graph":[{"@type":"WebPage","@id":"https:\/\/talenti.si\/en\/miscellaneous\/board-games\/sensory-game-the-taste\/","url":"https:\/\/talenti.si\/en\/miscellaneous\/board-games\/sensory-game-the-taste\/","name":"Sensory game The taste - Talenti.si","isPartOf":{"@id":"https:\/\/talenti.si\/en\/#website"},"primaryImageOfPage":{"@id":"https:\/\/talenti.si\/en\/miscellaneous\/board-games\/sensory-game-the-taste\/#primaryimage"},"image":{"@id":"https:\/\/talenti.si\/en\/miscellaneous\/board-games\/sensory-game-the-taste\/#primaryimage"},"thumbnailUrl":"https:\/\/talenti.si\/wp-content\/uploads\/2022\/05\/sentosphere-izobrazevalna-igra-talenti-okusi.jpg","datePublished":"2022-05-03T11:35:02+00:00","dateModified":"2023-09-27T07:11:00+00:00","description":"This game was specially designed to educated young children on their sense of taste to keep them from becoming picky eaters. It is important that children\u2019s first contacts with different foods are done in a safe and positive environment so that they link that taste to that specific atmosphere and eat it later on. We believe there are no better conditions than discovering aromas while playing! A fun, tasty and collaborative game!","breadcrumb":{"@id":"https:\/\/talenti.si\/en\/miscellaneous\/board-games\/sensory-game-the-taste\/#breadcrumb"},"inLanguage":"en-US","potentialAction":[{"@type":"ReadAction","target":["https:\/\/talenti.si\/en\/miscellaneous\/board-games\/sensory-game-the-taste\/"]}]},{"@type":"ImageObject","inLanguage":"en-US","@id":"https:\/\/talenti.si\/en\/miscellaneous\/board-games\/sensory-game-the-taste\/#primaryimage","url":"https:\/\/talenti.si\/wp-content\/uploads\/2022\/05\/sentosphere-izobrazevalna-igra-talenti-okusi.jpg","contentUrl":"https:\/\/talenti.si\/wp-content\/uploads\/2022\/05\/sentosphere-izobrazevalna-igra-talenti-okusi.jpg","width":800,"height":800},{"@type":"BreadcrumbList","@id":"https:\/\/talenti.si\/en\/miscellaneous\/board-games\/sensory-game-the-taste\/#breadcrumb","itemListElement":[{"@type":"ListItem","position":1,"name":"Home","item":"https:\/\/talenti.si\/en\/"},{"@type":"ListItem","position":2,"name":"Shop","item":"https:\/\/talenti.si\/en\/shop\/"},{"@type":"ListItem","position":3,"name":"Sensory game The taste"}]},{"@type":"WebSite","@id":"https:\/\/talenti.si\/en\/#website","url":"https:\/\/talenti.si\/en\/","name":"Talenti.si","description":"Spletna trgovina za vse \u017eonglerje in podobne talente. Vse za \u017eongliranje, yoyo, frizbi, bumerang, kite... in \u0161e in \u0161e.","publisher":{"@id":"https:\/\/talenti.si\/en\/#organization"},"potentialAction":[{"@type":"SearchAction","target":{"@type":"EntryPoint","urlTemplate":"https:\/\/talenti.si\/en\/?s={search_term_string}"},"query-input":{"@type":"PropertyValueSpecification","valueRequired":true,"valueName":"search_term_string"}}],"inLanguage":"en-US"},{"@type":"Organization","@id":"https:\/\/talenti.si\/en\/#organization","name":"Talenti.si","url":"https:\/\/talenti.si\/en\/","logo":{"@type":"ImageObject","inLanguage":"en-US","@id":"https:\/\/talenti.si\/en\/#\/schema\/logo\/image\/","url":"https:\/\/talenti.si\/wp-content\/uploads\/2021\/12\/logo-talent-pravi-dark.png","contentUrl":"https:\/\/talenti.si\/wp-content\/uploads\/2021\/12\/logo-talent-pravi-dark.png","width":145,"height":83,"caption":"Talenti.si"},"image":{"@id":"https:\/\/talenti.si\/en\/#\/schema\/logo\/image\/"}}]}},"brands":[{"id":2106,"name":"Sentosphere","slug":"sentosphere-en"}],"_links":{"self":[{"href":"https:\/\/talenti.si\/en\/wp-json\/wp\/v2\/product\/29675","targetHints":{"allow":["GET"]}}],"collection":[{"href":"https:\/\/talenti.si\/en\/wp-json\/wp\/v2\/product"}],"about":[{"href":"https:\/\/talenti.si\/en\/wp-json\/wp\/v2\/types\/product"}],"replies":[{"embeddable":true,"href":"https:\/\/talenti.si\/en\/wp-json\/wp\/v2\/comments?post=29675"}],"wp:featuredmedia":[{"embeddable":true,"href":"https:\/\/talenti.si\/en\/wp-json\/wp\/v2\/media\/18678"}],"wp:attachment":[{"href":"https:\/\/talenti.si\/en\/wp-json\/wp\/v2\/media?parent=29675"}],"wp:term":[{"taxonomy":"pwb-brand","embeddable":true,"href":"https:\/\/talenti.si\/en\/wp-json\/wp\/v2\/pwb-brand?post=29675"},{"taxonomy":"product_brand","embeddable":true,"href":"https:\/\/talenti.si\/en\/wp-json\/wp\/v2\/product_brand?post=29675"},{"taxonomy":"product_cat","embeddable":true,"href":"https:\/\/talenti.si\/en\/wp-json\/wp\/v2\/product_cat?post=29675"},{"taxonomy":"product_tag","embeddable":true,"href":"https:\/\/talenti.si\/en\/wp-json\/wp\/v2\/product_tag?post=29675"}],"curies":[{"name":"wp","href":"https:\/\/api.w.org\/{rel}","templated":true}]}}