{"id":29692,"date":"2021-06-08T13:16:13","date_gmt":"2021-06-08T13:16:13","guid":{"rendered":"https:\/\/talenti.si\/uncategorized\/janod-magnetic-dart-game-garden\/"},"modified":"2021-06-08T13:16:13","modified_gmt":"2021-06-08T13:16:13","slug":"janod-magnetic-dart-game-garden","status":"publish","type":"product","link":"https:\/\/talenti.si\/en\/sport-en\/outdoor-games\/janod-magnetic-dart-game-garden\/","title":{"rendered":"Janod magnetic dart game Garden"},"content":{"rendered":"<p class=\"p1\">Would you like to safely play darts with your whole family? This universal game of skill is very clever!<\/p>\n<p class=\"p1\">Challenge your opponents and get the most points with an accurate aim! Reach the targets using the 6 darts included (3 red and 3 yellow). Thanks to its cord, it is easy to hang and can easily be rolled up to then be stored in its box.<\/p>\n<p class=\"p1\"><iframe loading=\"lazy\" class=\"note-video-clip\" src=\"\/\/www.youtube.com\/embed\/r37biTDpeHI\" width=\"640\" height=\"360\" frameborder=\"0\"><\/iframe><b><\/b><\/p>\n<p><strong>Features<\/strong>:<\/p>\n<ul class=\"ul1\">\n<li>Contains: target + <strong>6<\/strong> magnetic darts<\/li>\n<li>Packaging dimensions: <strong>45<\/strong> x <strong>9<\/strong> x <strong>9<\/strong> cm<\/li>\n<li>Target dimensions: <strong>44<\/strong> x <strong>4<\/strong> x <strong>65<\/strong> cm<\/li>\n<li>Materials &#8211; <strong>magnetic fabric<\/strong>, <strong>plastic<\/strong><\/li>\n<li class=\"li2\">Recommended age: <strong>4+<\/strong><\/li>\n<\/ul>\n<p class=\"p1\"><strong style=\"font-size: 10px;\">WARNING!<\/strong><span style=\"font-size: 10px;\"> <\/span><span style=\"font-size: 10px;\">This product is not suitable for children under 3 years of age. Small parts can be a choking hazard if inhaled or swallowed. Remove packaging before handing it to a child. Save this information for future reference.<\/span><\/p>\n","protected":false},"excerpt":{"rendered":"<p>Would you like to safely play darts with your whole family? This universal game of skill is very clever! Challenge your opponents and get the most points with an accurate aim! Reach the targets using the 6 darts included (3 red and 3 yellow). Thanks to its cord, it is easy to hang and can [&hellip;]<\/p>\n","protected":false},"featured_media":16917,"comment_status":"open","ping_status":"closed","template":"","meta":{"_acf_changed":false},"pwb-brand":[2074],"product_brand":[],"product_cat":[1746,1758,1782],"product_tag":[2396,2189,2186,2302],"class_list":{"0":"post-29692","1":"product","2":"type-product","3":"status-publish","4":"has-post-thumbnail","6":"pwb-brand-janod-en","7":"product_cat-board-games","8":"product_cat-skill-games","9":"product_cat-outdoor-games","10":"product_tag-darts","11":"product_tag-garden","12":"product_tag-janod-en","13":"product_tag-magnets-en","15":"first","16":"instock","17":"taxable","18":"shipping-taxable","19":"purchasable","20":"product-type-simple"},"acf":[],"yoast_head":"<!-- This site is optimized with the Yoast SEO plugin v25.8 - https:\/\/yoast.com\/wordpress\/plugins\/seo\/ -->\n<title>Janod magnetic dart game Garden<\/title>\n<meta name=\"description\" content=\"Challenge your opponents and get the most points with an accurate aim! Reach the targets using the 6 darts included (3 red and 3 yellow). Thanks to its cord, it is easy to hang and can easily be rolled up to then be stored in its box.\" \/>\n<meta name=\"robots\" content=\"index, follow, max-snippet:-1, max-image-preview:large, max-video-preview:-1\" \/>\n<link rel=\"canonical\" href=\"https:\/\/talenti.si\/en\/sport-en\/outdoor-games\/janod-magnetic-dart-game-garden\/\" \/>\n<meta property=\"og:locale\" content=\"en_US\" \/>\n<meta property=\"og:type\" content=\"article\" \/>\n<meta property=\"og:title\" content=\"Janod magnetic dart game Garden\" \/>\n<meta property=\"og:description\" content=\"Challenge your opponents and get the most points with an accurate aim! Reach the targets using the 6 darts included (3 red and 3 yellow). Thanks to its cord, it is easy to hang and can easily be rolled up to then be stored in its box.\" \/>\n<meta property=\"og:url\" content=\"https:\/\/talenti.si\/en\/sport-en\/outdoor-games\/janod-magnetic-dart-game-garden\/\" \/>\n<meta property=\"og:site_name\" content=\"Talenti.si\" \/>\n<meta property=\"og:image\" content=\"https:\/\/talenti.si\/wp-content\/uploads\/2022\/01\/magnetni-pikado.jpg\" \/>\n\t<meta property=\"og:image:width\" content=\"1000\" \/>\n\t<meta property=\"og:image:height\" content=\"1000\" \/>\n\t<meta property=\"og:image:type\" content=\"image\/jpeg\" \/>\n<meta name=\"twitter:card\" content=\"summary_large_image\" \/>\n<meta name=\"twitter:label1\" content=\"Est. reading time\" \/>\n\t<meta name=\"twitter:data1\" content=\"1 minute\" \/>\n<script type=\"application\/ld+json\" class=\"yoast-schema-graph\">{\"@context\":\"https:\/\/schema.org\",\"@graph\":[{\"@type\":\"WebPage\",\"@id\":\"https:\/\/talenti.si\/en\/sport-en\/outdoor-games\/janod-magnetic-dart-game-garden\/\",\"url\":\"https:\/\/talenti.si\/en\/sport-en\/outdoor-games\/janod-magnetic-dart-game-garden\/\",\"name\":\"Janod magnetic dart game Garden\",\"isPartOf\":{\"@id\":\"https:\/\/talenti.si\/en\/#website\"},\"primaryImageOfPage\":{\"@id\":\"https:\/\/talenti.si\/en\/sport-en\/outdoor-games\/janod-magnetic-dart-game-garden\/#primaryimage\"},\"image\":{\"@id\":\"https:\/\/talenti.si\/en\/sport-en\/outdoor-games\/janod-magnetic-dart-game-garden\/#primaryimage\"},\"thumbnailUrl\":\"https:\/\/talenti.si\/wp-content\/uploads\/2022\/01\/magnetni-pikado.jpg\",\"datePublished\":\"2021-06-08T13:16:13+00:00\",\"description\":\"Challenge your opponents and get the most points with an accurate aim! Reach the targets using the 6 darts included (3 red and 3 yellow). Thanks to its cord, it is easy to hang and can easily be rolled up to then be stored in its box.\",\"breadcrumb\":{\"@id\":\"https:\/\/talenti.si\/en\/sport-en\/outdoor-games\/janod-magnetic-dart-game-garden\/#breadcrumb\"},\"inLanguage\":\"en-US\",\"potentialAction\":[{\"@type\":\"ReadAction\",\"target\":[\"https:\/\/talenti.si\/en\/sport-en\/outdoor-games\/janod-magnetic-dart-game-garden\/\"]}]},{\"@type\":\"ImageObject\",\"inLanguage\":\"en-US\",\"@id\":\"https:\/\/talenti.si\/en\/sport-en\/outdoor-games\/janod-magnetic-dart-game-garden\/#primaryimage\",\"url\":\"https:\/\/talenti.si\/wp-content\/uploads\/2022\/01\/magnetni-pikado.jpg\",\"contentUrl\":\"https:\/\/talenti.si\/wp-content\/uploads\/2022\/01\/magnetni-pikado.jpg\",\"width\":1000,\"height\":1000},{\"@type\":\"BreadcrumbList\",\"@id\":\"https:\/\/talenti.si\/en\/sport-en\/outdoor-games\/janod-magnetic-dart-game-garden\/#breadcrumb\",\"itemListElement\":[{\"@type\":\"ListItem\",\"position\":1,\"name\":\"Home\",\"item\":\"https:\/\/talenti.si\/en\/\"},{\"@type\":\"ListItem\",\"position\":2,\"name\":\"Shop\",\"item\":\"https:\/\/talenti.si\/en\/shop\/\"},{\"@type\":\"ListItem\",\"position\":3,\"name\":\"Janod magnetic dart game Garden\"}]},{\"@type\":\"WebSite\",\"@id\":\"https:\/\/talenti.si\/en\/#website\",\"url\":\"https:\/\/talenti.si\/en\/\",\"name\":\"Talenti.si\",\"description\":\"Spletna trgovina za vse \u017eonglerje in podobne talente. Vse za \u017eongliranje, yoyo, frizbi, bumerang, kite... in \u0161e in \u0161e.\",\"publisher\":{\"@id\":\"https:\/\/talenti.si\/en\/#organization\"},\"potentialAction\":[{\"@type\":\"SearchAction\",\"target\":{\"@type\":\"EntryPoint\",\"urlTemplate\":\"https:\/\/talenti.si\/en\/?s={search_term_string}\"},\"query-input\":{\"@type\":\"PropertyValueSpecification\",\"valueRequired\":true,\"valueName\":\"search_term_string\"}}],\"inLanguage\":\"en-US\"},{\"@type\":\"Organization\",\"@id\":\"https:\/\/talenti.si\/en\/#organization\",\"name\":\"Talenti.si\",\"url\":\"https:\/\/talenti.si\/en\/\",\"logo\":{\"@type\":\"ImageObject\",\"inLanguage\":\"en-US\",\"@id\":\"https:\/\/talenti.si\/en\/#\/schema\/logo\/image\/\",\"url\":\"https:\/\/talenti.si\/wp-content\/uploads\/2021\/12\/logo-talent-pravi-dark.png\",\"contentUrl\":\"https:\/\/talenti.si\/wp-content\/uploads\/2021\/12\/logo-talent-pravi-dark.png\",\"width\":145,\"height\":83,\"caption\":\"Talenti.si\"},\"image\":{\"@id\":\"https:\/\/talenti.si\/en\/#\/schema\/logo\/image\/\"}}]}<\/script>\n<!-- \/ Yoast SEO plugin. -->","yoast_head_json":{"title":"Janod magnetic dart game Garden","description":"Challenge your opponents and get the most points with an accurate aim! Reach the targets using the 6 darts included (3 red and 3 yellow). Thanks to its cord, it is easy to hang and can easily be rolled up to then be stored in its box.","robots":{"index":"index","follow":"follow","max-snippet":"max-snippet:-1","max-image-preview":"max-image-preview:large","max-video-preview":"max-video-preview:-1"},"canonical":"https:\/\/talenti.si\/en\/sport-en\/outdoor-games\/janod-magnetic-dart-game-garden\/","og_locale":"en_US","og_type":"article","og_title":"Janod magnetic dart game Garden","og_description":"Challenge your opponents and get the most points with an accurate aim! Reach the targets using the 6 darts included (3 red and 3 yellow). Thanks to its cord, it is easy to hang and can easily be rolled up to then be stored in its box.","og_url":"https:\/\/talenti.si\/en\/sport-en\/outdoor-games\/janod-magnetic-dart-game-garden\/","og_site_name":"Talenti.si","og_image":[{"width":1000,"height":1000,"url":"https:\/\/talenti.si\/wp-content\/uploads\/2022\/01\/magnetni-pikado.jpg","type":"image\/jpeg"}],"twitter_card":"summary_large_image","twitter_misc":{"Est. reading time":"1 minute"},"schema":{"@context":"https:\/\/schema.org","@graph":[{"@type":"WebPage","@id":"https:\/\/talenti.si\/en\/sport-en\/outdoor-games\/janod-magnetic-dart-game-garden\/","url":"https:\/\/talenti.si\/en\/sport-en\/outdoor-games\/janod-magnetic-dart-game-garden\/","name":"Janod magnetic dart game Garden","isPartOf":{"@id":"https:\/\/talenti.si\/en\/#website"},"primaryImageOfPage":{"@id":"https:\/\/talenti.si\/en\/sport-en\/outdoor-games\/janod-magnetic-dart-game-garden\/#primaryimage"},"image":{"@id":"https:\/\/talenti.si\/en\/sport-en\/outdoor-games\/janod-magnetic-dart-game-garden\/#primaryimage"},"thumbnailUrl":"https:\/\/talenti.si\/wp-content\/uploads\/2022\/01\/magnetni-pikado.jpg","datePublished":"2021-06-08T13:16:13+00:00","description":"Challenge your opponents and get the most points with an accurate aim! Reach the targets using the 6 darts included (3 red and 3 yellow). Thanks to its cord, it is easy to hang and can easily be rolled up to then be stored in its box.","breadcrumb":{"@id":"https:\/\/talenti.si\/en\/sport-en\/outdoor-games\/janod-magnetic-dart-game-garden\/#breadcrumb"},"inLanguage":"en-US","potentialAction":[{"@type":"ReadAction","target":["https:\/\/talenti.si\/en\/sport-en\/outdoor-games\/janod-magnetic-dart-game-garden\/"]}]},{"@type":"ImageObject","inLanguage":"en-US","@id":"https:\/\/talenti.si\/en\/sport-en\/outdoor-games\/janod-magnetic-dart-game-garden\/#primaryimage","url":"https:\/\/talenti.si\/wp-content\/uploads\/2022\/01\/magnetni-pikado.jpg","contentUrl":"https:\/\/talenti.si\/wp-content\/uploads\/2022\/01\/magnetni-pikado.jpg","width":1000,"height":1000},{"@type":"BreadcrumbList","@id":"https:\/\/talenti.si\/en\/sport-en\/outdoor-games\/janod-magnetic-dart-game-garden\/#breadcrumb","itemListElement":[{"@type":"ListItem","position":1,"name":"Home","item":"https:\/\/talenti.si\/en\/"},{"@type":"ListItem","position":2,"name":"Shop","item":"https:\/\/talenti.si\/en\/shop\/"},{"@type":"ListItem","position":3,"name":"Janod magnetic dart game Garden"}]},{"@type":"WebSite","@id":"https:\/\/talenti.si\/en\/#website","url":"https:\/\/talenti.si\/en\/","name":"Talenti.si","description":"Spletna trgovina za vse \u017eonglerje in podobne talente. Vse za \u017eongliranje, yoyo, frizbi, bumerang, kite... in \u0161e in \u0161e.","publisher":{"@id":"https:\/\/talenti.si\/en\/#organization"},"potentialAction":[{"@type":"SearchAction","target":{"@type":"EntryPoint","urlTemplate":"https:\/\/talenti.si\/en\/?s={search_term_string}"},"query-input":{"@type":"PropertyValueSpecification","valueRequired":true,"valueName":"search_term_string"}}],"inLanguage":"en-US"},{"@type":"Organization","@id":"https:\/\/talenti.si\/en\/#organization","name":"Talenti.si","url":"https:\/\/talenti.si\/en\/","logo":{"@type":"ImageObject","inLanguage":"en-US","@id":"https:\/\/talenti.si\/en\/#\/schema\/logo\/image\/","url":"https:\/\/talenti.si\/wp-content\/uploads\/2021\/12\/logo-talent-pravi-dark.png","contentUrl":"https:\/\/talenti.si\/wp-content\/uploads\/2021\/12\/logo-talent-pravi-dark.png","width":145,"height":83,"caption":"Talenti.si"},"image":{"@id":"https:\/\/talenti.si\/en\/#\/schema\/logo\/image\/"}}]}},"brands":[{"id":2074,"name":"Janod","slug":"janod-en"}],"_links":{"self":[{"href":"https:\/\/talenti.si\/en\/wp-json\/wp\/v2\/product\/29692","targetHints":{"allow":["GET"]}}],"collection":[{"href":"https:\/\/talenti.si\/en\/wp-json\/wp\/v2\/product"}],"about":[{"href":"https:\/\/talenti.si\/en\/wp-json\/wp\/v2\/types\/product"}],"replies":[{"embeddable":true,"href":"https:\/\/talenti.si\/en\/wp-json\/wp\/v2\/comments?post=29692"}],"wp:featuredmedia":[{"embeddable":true,"href":"https:\/\/talenti.si\/en\/wp-json\/wp\/v2\/media\/16917"}],"wp:attachment":[{"href":"https:\/\/talenti.si\/en\/wp-json\/wp\/v2\/media?parent=29692"}],"wp:term":[{"taxonomy":"pwb-brand","embeddable":true,"href":"https:\/\/talenti.si\/en\/wp-json\/wp\/v2\/pwb-brand?post=29692"},{"taxonomy":"product_brand","embeddable":true,"href":"https:\/\/talenti.si\/en\/wp-json\/wp\/v2\/product_brand?post=29692"},{"taxonomy":"product_cat","embeddable":true,"href":"https:\/\/talenti.si\/en\/wp-json\/wp\/v2\/product_cat?post=29692"},{"taxonomy":"product_tag","embeddable":true,"href":"https:\/\/talenti.si\/en\/wp-json\/wp\/v2\/product_tag?post=29692"}],"curies":[{"name":"wp","href":"https:\/\/api.w.org\/{rel}","templated":true}]}}