{"id":31975,"date":"2024-03-23T23:03:03","date_gmt":"2024-03-23T23:03:03","guid":{"rendered":"https:\/\/talenti.si\/?post_type=product&#038;p=31975"},"modified":"2024-03-27T12:21:38","modified_gmt":"2024-03-27T12:21:38","slug":"vilac-pop-up-iceland","status":"publish","type":"product","link":"https:\/\/talenti.si\/en\/toys\/activity-toys-for-the-youngest\/vilac-pop-up-iceland\/","title":{"rendered":"Vilac &#8216;Pop-up&#8217; Iceland"},"content":{"rendered":"<p>Discover this cute pop-up toy, consisting of a wooden igloo with 3 characters: a smart fox, a naughty bunny and a snowman. Press, release and grab! An ideal wooden toy for developing hand-eye coordination.<\/p>\n<p>Vilac toys are made of wood, produced in an eco-friendly manner. Environmentally friendly and user-friendly.<\/p>\n<p><span style=\"line-height: 14px;\"><strong>Features<\/strong>:<\/span><\/p>\n<ul>\n<li>Contains: igloo + <strong>3<\/strong> figures<\/li>\n<li><span style=\"line-height: 14px;\">Packaging dimensions: <b>15 <\/b>x <b>4 <\/b>x <b>16 <\/b>cm<b><br \/>\n<\/b><\/span><\/li>\n<li>Materials &#8211; <strong>wood<\/strong><\/li>\n<li>Recommended age: <strong>18+ months<\/strong><\/li>\n<\/ul>\n<p><strong style=\"font-size: 10px;\">WARNING!<\/strong><span style=\"font-size: 10px;\"> Before handing the item to the child, remove all packaging parts. Save this information for future reference.<\/span><\/p>\n","protected":false},"excerpt":{"rendered":"<p>Discover this cute pop-up toy, consisting of a wooden igloo with 3 characters: a smart fox, a naughty bunny and a snowman. Press, release and grab! An ideal wooden toy for developing hand-eye coordination. Vilac toys are made of wood, produced in an eco-friendly manner. Environmentally friendly and user-friendly. Features: Contains: igloo + 3 figures [&hellip;]<\/p>\n","protected":false},"featured_media":31979,"comment_status":"open","ping_status":"closed","template":"","meta":{"_acf_changed":false},"pwb-brand":[2118],"product_brand":[],"product_cat":[1694],"product_tag":[2194,2361,2190],"class_list":{"0":"post-31975","1":"product","2":"type-product","3":"status-publish","4":"has-post-thumbnail","6":"pwb-brand-vilac-en","7":"product_cat-activity-toys-for-the-youngest","8":"product_tag-animals-en","9":"product_tag-vilac-en","10":"product_tag-wooden-toy","12":"first","13":"instock","14":"taxable","15":"shipping-taxable","16":"purchasable","17":"product-type-simple"},"acf":[],"yoast_head":"<!-- This site is optimized with the Yoast SEO plugin v25.8 - https:\/\/yoast.com\/wordpress\/plugins\/seo\/ -->\n<title>Vilac &#039;Pop-up&#039; Iceland - Talenti.si<\/title>\n<meta name=\"description\" content=\"Discover this cute pop-up toy, consisting of a wooden igloo with 3 characters: a smart fox, a naughty bunny and a snowman. Press, release and grab! An ideal wooden toy for developing hand-eye coordination.\" \/>\n<meta name=\"robots\" content=\"index, follow, max-snippet:-1, max-image-preview:large, max-video-preview:-1\" \/>\n<link rel=\"canonical\" href=\"https:\/\/talenti.si\/en\/toys\/activity-toys-for-the-youngest\/vilac-pop-up-iceland\/\" \/>\n<meta property=\"og:locale\" content=\"en_US\" \/>\n<meta property=\"og:type\" content=\"article\" \/>\n<meta property=\"og:title\" content=\"Vilac &#039;Pop-up&#039; Iceland - Talenti.si\" \/>\n<meta property=\"og:description\" content=\"Discover this cute pop-up toy, consisting of a wooden igloo with 3 characters: a smart fox, a naughty bunny and a snowman. Press, release and grab! An ideal wooden toy for developing hand-eye coordination.\" \/>\n<meta property=\"og:url\" content=\"https:\/\/talenti.si\/en\/toys\/activity-toys-for-the-youngest\/vilac-pop-up-iceland\/\" \/>\n<meta property=\"og:site_name\" content=\"Talenti.si\" \/>\n<meta property=\"article:modified_time\" content=\"2024-03-27T12:21:38+00:00\" \/>\n<meta property=\"og:image\" content=\"https:\/\/talenti.si\/wp-content\/uploads\/2024\/03\/popup-igraca-islandija.jpg\" \/>\n\t<meta property=\"og:image:width\" content=\"900\" \/>\n\t<meta property=\"og:image:height\" content=\"900\" \/>\n\t<meta property=\"og:image:type\" content=\"image\/jpeg\" \/>\n<meta name=\"twitter:card\" content=\"summary_large_image\" \/>\n<meta name=\"twitter:label1\" content=\"Est. reading time\" \/>\n\t<meta name=\"twitter:data1\" content=\"1 minute\" \/>\n<script type=\"application\/ld+json\" class=\"yoast-schema-graph\">{\"@context\":\"https:\/\/schema.org\",\"@graph\":[{\"@type\":\"WebPage\",\"@id\":\"https:\/\/talenti.si\/en\/toys\/activity-toys-for-the-youngest\/vilac-pop-up-iceland\/\",\"url\":\"https:\/\/talenti.si\/en\/toys\/activity-toys-for-the-youngest\/vilac-pop-up-iceland\/\",\"name\":\"Vilac 'Pop-up' Iceland - Talenti.si\",\"isPartOf\":{\"@id\":\"https:\/\/talenti.si\/en\/#website\"},\"primaryImageOfPage\":{\"@id\":\"https:\/\/talenti.si\/en\/toys\/activity-toys-for-the-youngest\/vilac-pop-up-iceland\/#primaryimage\"},\"image\":{\"@id\":\"https:\/\/talenti.si\/en\/toys\/activity-toys-for-the-youngest\/vilac-pop-up-iceland\/#primaryimage\"},\"thumbnailUrl\":\"https:\/\/talenti.si\/wp-content\/uploads\/2024\/03\/popup-igraca-islandija.jpg\",\"datePublished\":\"2024-03-23T23:03:03+00:00\",\"dateModified\":\"2024-03-27T12:21:38+00:00\",\"description\":\"Discover this cute pop-up toy, consisting of a wooden igloo with 3 characters: a smart fox, a naughty bunny and a snowman. Press, release and grab! An ideal wooden toy for developing hand-eye coordination.\",\"breadcrumb\":{\"@id\":\"https:\/\/talenti.si\/en\/toys\/activity-toys-for-the-youngest\/vilac-pop-up-iceland\/#breadcrumb\"},\"inLanguage\":\"en-US\",\"potentialAction\":[{\"@type\":\"ReadAction\",\"target\":[\"https:\/\/talenti.si\/en\/toys\/activity-toys-for-the-youngest\/vilac-pop-up-iceland\/\"]}]},{\"@type\":\"ImageObject\",\"inLanguage\":\"en-US\",\"@id\":\"https:\/\/talenti.si\/en\/toys\/activity-toys-for-the-youngest\/vilac-pop-up-iceland\/#primaryimage\",\"url\":\"https:\/\/talenti.si\/wp-content\/uploads\/2024\/03\/popup-igraca-islandija.jpg\",\"contentUrl\":\"https:\/\/talenti.si\/wp-content\/uploads\/2024\/03\/popup-igraca-islandija.jpg\",\"width\":900,\"height\":900},{\"@type\":\"BreadcrumbList\",\"@id\":\"https:\/\/talenti.si\/en\/toys\/activity-toys-for-the-youngest\/vilac-pop-up-iceland\/#breadcrumb\",\"itemListElement\":[{\"@type\":\"ListItem\",\"position\":1,\"name\":\"Home\",\"item\":\"https:\/\/talenti.si\/en\/\"},{\"@type\":\"ListItem\",\"position\":2,\"name\":\"Shop\",\"item\":\"https:\/\/talenti.si\/en\/shop\/\"},{\"@type\":\"ListItem\",\"position\":3,\"name\":\"Vilac &#8216;Pop-up&#8217; Iceland\"}]},{\"@type\":\"WebSite\",\"@id\":\"https:\/\/talenti.si\/en\/#website\",\"url\":\"https:\/\/talenti.si\/en\/\",\"name\":\"Talenti.si\",\"description\":\"Spletna trgovina za vse \u017eonglerje in podobne talente. Vse za \u017eongliranje, yoyo, frizbi, bumerang, kite... in \u0161e in \u0161e.\",\"publisher\":{\"@id\":\"https:\/\/talenti.si\/en\/#organization\"},\"potentialAction\":[{\"@type\":\"SearchAction\",\"target\":{\"@type\":\"EntryPoint\",\"urlTemplate\":\"https:\/\/talenti.si\/en\/?s={search_term_string}\"},\"query-input\":{\"@type\":\"PropertyValueSpecification\",\"valueRequired\":true,\"valueName\":\"search_term_string\"}}],\"inLanguage\":\"en-US\"},{\"@type\":\"Organization\",\"@id\":\"https:\/\/talenti.si\/en\/#organization\",\"name\":\"Talenti.si\",\"url\":\"https:\/\/talenti.si\/en\/\",\"logo\":{\"@type\":\"ImageObject\",\"inLanguage\":\"en-US\",\"@id\":\"https:\/\/talenti.si\/en\/#\/schema\/logo\/image\/\",\"url\":\"https:\/\/talenti.si\/wp-content\/uploads\/2021\/12\/logo-talent-pravi-dark.png\",\"contentUrl\":\"https:\/\/talenti.si\/wp-content\/uploads\/2021\/12\/logo-talent-pravi-dark.png\",\"width\":145,\"height\":83,\"caption\":\"Talenti.si\"},\"image\":{\"@id\":\"https:\/\/talenti.si\/en\/#\/schema\/logo\/image\/\"}}]}<\/script>\n<!-- \/ Yoast SEO plugin. -->","yoast_head_json":{"title":"Vilac 'Pop-up' Iceland - Talenti.si","description":"Discover this cute pop-up toy, consisting of a wooden igloo with 3 characters: a smart fox, a naughty bunny and a snowman. Press, release and grab! An ideal wooden toy for developing hand-eye coordination.","robots":{"index":"index","follow":"follow","max-snippet":"max-snippet:-1","max-image-preview":"max-image-preview:large","max-video-preview":"max-video-preview:-1"},"canonical":"https:\/\/talenti.si\/en\/toys\/activity-toys-for-the-youngest\/vilac-pop-up-iceland\/","og_locale":"en_US","og_type":"article","og_title":"Vilac 'Pop-up' Iceland - Talenti.si","og_description":"Discover this cute pop-up toy, consisting of a wooden igloo with 3 characters: a smart fox, a naughty bunny and a snowman. Press, release and grab! An ideal wooden toy for developing hand-eye coordination.","og_url":"https:\/\/talenti.si\/en\/toys\/activity-toys-for-the-youngest\/vilac-pop-up-iceland\/","og_site_name":"Talenti.si","article_modified_time":"2024-03-27T12:21:38+00:00","og_image":[{"width":900,"height":900,"url":"https:\/\/talenti.si\/wp-content\/uploads\/2024\/03\/popup-igraca-islandija.jpg","type":"image\/jpeg"}],"twitter_card":"summary_large_image","twitter_misc":{"Est. reading time":"1 minute"},"schema":{"@context":"https:\/\/schema.org","@graph":[{"@type":"WebPage","@id":"https:\/\/talenti.si\/en\/toys\/activity-toys-for-the-youngest\/vilac-pop-up-iceland\/","url":"https:\/\/talenti.si\/en\/toys\/activity-toys-for-the-youngest\/vilac-pop-up-iceland\/","name":"Vilac 'Pop-up' Iceland - Talenti.si","isPartOf":{"@id":"https:\/\/talenti.si\/en\/#website"},"primaryImageOfPage":{"@id":"https:\/\/talenti.si\/en\/toys\/activity-toys-for-the-youngest\/vilac-pop-up-iceland\/#primaryimage"},"image":{"@id":"https:\/\/talenti.si\/en\/toys\/activity-toys-for-the-youngest\/vilac-pop-up-iceland\/#primaryimage"},"thumbnailUrl":"https:\/\/talenti.si\/wp-content\/uploads\/2024\/03\/popup-igraca-islandija.jpg","datePublished":"2024-03-23T23:03:03+00:00","dateModified":"2024-03-27T12:21:38+00:00","description":"Discover this cute pop-up toy, consisting of a wooden igloo with 3 characters: a smart fox, a naughty bunny and a snowman. Press, release and grab! An ideal wooden toy for developing hand-eye coordination.","breadcrumb":{"@id":"https:\/\/talenti.si\/en\/toys\/activity-toys-for-the-youngest\/vilac-pop-up-iceland\/#breadcrumb"},"inLanguage":"en-US","potentialAction":[{"@type":"ReadAction","target":["https:\/\/talenti.si\/en\/toys\/activity-toys-for-the-youngest\/vilac-pop-up-iceland\/"]}]},{"@type":"ImageObject","inLanguage":"en-US","@id":"https:\/\/talenti.si\/en\/toys\/activity-toys-for-the-youngest\/vilac-pop-up-iceland\/#primaryimage","url":"https:\/\/talenti.si\/wp-content\/uploads\/2024\/03\/popup-igraca-islandija.jpg","contentUrl":"https:\/\/talenti.si\/wp-content\/uploads\/2024\/03\/popup-igraca-islandija.jpg","width":900,"height":900},{"@type":"BreadcrumbList","@id":"https:\/\/talenti.si\/en\/toys\/activity-toys-for-the-youngest\/vilac-pop-up-iceland\/#breadcrumb","itemListElement":[{"@type":"ListItem","position":1,"name":"Home","item":"https:\/\/talenti.si\/en\/"},{"@type":"ListItem","position":2,"name":"Shop","item":"https:\/\/talenti.si\/en\/shop\/"},{"@type":"ListItem","position":3,"name":"Vilac &#8216;Pop-up&#8217; Iceland"}]},{"@type":"WebSite","@id":"https:\/\/talenti.si\/en\/#website","url":"https:\/\/talenti.si\/en\/","name":"Talenti.si","description":"Spletna trgovina za vse \u017eonglerje in podobne talente. Vse za \u017eongliranje, yoyo, frizbi, bumerang, kite... in \u0161e in \u0161e.","publisher":{"@id":"https:\/\/talenti.si\/en\/#organization"},"potentialAction":[{"@type":"SearchAction","target":{"@type":"EntryPoint","urlTemplate":"https:\/\/talenti.si\/en\/?s={search_term_string}"},"query-input":{"@type":"PropertyValueSpecification","valueRequired":true,"valueName":"search_term_string"}}],"inLanguage":"en-US"},{"@type":"Organization","@id":"https:\/\/talenti.si\/en\/#organization","name":"Talenti.si","url":"https:\/\/talenti.si\/en\/","logo":{"@type":"ImageObject","inLanguage":"en-US","@id":"https:\/\/talenti.si\/en\/#\/schema\/logo\/image\/","url":"https:\/\/talenti.si\/wp-content\/uploads\/2021\/12\/logo-talent-pravi-dark.png","contentUrl":"https:\/\/talenti.si\/wp-content\/uploads\/2021\/12\/logo-talent-pravi-dark.png","width":145,"height":83,"caption":"Talenti.si"},"image":{"@id":"https:\/\/talenti.si\/en\/#\/schema\/logo\/image\/"}}]}},"brands":[{"id":2118,"name":"Vilac","slug":"vilac-en"}],"_links":{"self":[{"href":"https:\/\/talenti.si\/en\/wp-json\/wp\/v2\/product\/31975","targetHints":{"allow":["GET"]}}],"collection":[{"href":"https:\/\/talenti.si\/en\/wp-json\/wp\/v2\/product"}],"about":[{"href":"https:\/\/talenti.si\/en\/wp-json\/wp\/v2\/types\/product"}],"replies":[{"embeddable":true,"href":"https:\/\/talenti.si\/en\/wp-json\/wp\/v2\/comments?post=31975"}],"wp:featuredmedia":[{"embeddable":true,"href":"https:\/\/talenti.si\/en\/wp-json\/wp\/v2\/media\/31979"}],"wp:attachment":[{"href":"https:\/\/talenti.si\/en\/wp-json\/wp\/v2\/media?parent=31975"}],"wp:term":[{"taxonomy":"pwb-brand","embeddable":true,"href":"https:\/\/talenti.si\/en\/wp-json\/wp\/v2\/pwb-brand?post=31975"},{"taxonomy":"product_brand","embeddable":true,"href":"https:\/\/talenti.si\/en\/wp-json\/wp\/v2\/product_brand?post=31975"},{"taxonomy":"product_cat","embeddable":true,"href":"https:\/\/talenti.si\/en\/wp-json\/wp\/v2\/product_cat?post=31975"},{"taxonomy":"product_tag","embeddable":true,"href":"https:\/\/talenti.si\/en\/wp-json\/wp\/v2\/product_tag?post=31975"}],"curies":[{"name":"wp","href":"https:\/\/api.w.org\/{rel}","templated":true}]}}