{"id":32656,"date":"2024-05-24T17:33:58","date_gmt":"2024-05-24T17:33:58","guid":{"rendered":"https:\/\/talenti.si\/uncategorized\/wooden-ride-on-tractor\/"},"modified":"2024-05-24T17:33:58","modified_gmt":"2024-05-24T17:33:58","slug":"wooden-ride-on-tractor","status":"publish","type":"product","link":"https:\/\/talenti.si\/en\/toys\/childrens-balance-bikes\/wooden-ride-on-tractor\/","title":{"rendered":"Wooden ride-on tractor"},"content":{"rendered":"<p>The wooden ride-on tractor is suitable for children from 1 year of age. The tractor seat is at a height of 21 cm. The rubber wheels are quiet and do not leave marks on the floor. The maximum weight it can carry is 20 kg.<\/p>\n<p><strong>Features:<\/strong><\/p>\n<ul>\n<li>Dimensions: <strong>\u200e54 <\/strong>x <strong>26,6 <\/strong>x <strong>33,4 <\/strong>cm<strong><br \/>\n<\/strong><\/li>\n<li>Max. weight load capacity: <strong>20 <\/strong> kg<\/li>\n<li>Materials &#8211; <strong>wood, rubber<\/strong><\/li>\n<li>Recommended age: <strong>1+<\/strong><\/li>\n<\/ul>\n<p><strong style=\"font-size: 10px;\">WARNING!<\/strong><span style=\"font-size: 10px;\"> Before handing the item to the child, remove all packaging parts. Save this information for future reference.<\/span><\/p>\n<p>&nbsp;<\/p>\n","protected":false},"excerpt":{"rendered":"<p>The wooden ride-on tractor is suitable for children from 1 year of age. The tractor seat is at a height of 21 cm. The rubber wheels are quiet and do not leave marks on the floor. The maximum weight it can carry is 20 kg. Features: Dimensions: \u200e54 x 26,6 x 33,4 cm Max. weight [&hellip;]<\/p>\n","protected":false},"featured_media":32632,"comment_status":"open","ping_status":"closed","template":"","meta":{"_acf_changed":false},"pwb-brand":[2074],"product_brand":[],"product_cat":[1724],"product_tag":[2791,2186,4174],"class_list":{"0":"post-32656","1":"product","2":"type-product","3":"status-publish","4":"has-post-thumbnail","6":"pwb-brand-janod-en","7":"product_cat-childrens-balance-bikes","8":"product_tag-bike-en","9":"product_tag-janod-en","10":"product_tag-tractor","12":"first","13":"instock","14":"taxable","15":"shipping-taxable","16":"purchasable","17":"product-type-simple"},"acf":[],"yoast_head":"<!-- This site is optimized with the Yoast SEO plugin v25.8 - https:\/\/yoast.com\/wordpress\/plugins\/seo\/ -->\n<title>Wooden ride-on tractor - Talenti.si<\/title>\n<meta name=\"description\" content=\"The wooden ride-on tractor is suitable for children from 1 year of age. The tractor seat is at a height of 21 cm. The rubber wheels are quiet and do not leave marks on the floor. The maximum weight it can carry is 20 kg.\" \/>\n<meta name=\"robots\" content=\"index, follow, max-snippet:-1, max-image-preview:large, max-video-preview:-1\" \/>\n<link rel=\"canonical\" href=\"https:\/\/talenti.si\/en\/toys\/childrens-balance-bikes\/wooden-ride-on-tractor\/\" \/>\n<meta property=\"og:locale\" content=\"en_US\" \/>\n<meta property=\"og:type\" content=\"article\" \/>\n<meta property=\"og:title\" content=\"Wooden ride-on tractor - Talenti.si\" \/>\n<meta property=\"og:description\" content=\"The wooden ride-on tractor is suitable for children from 1 year of age. The tractor seat is at a height of 21 cm. The rubber wheels are quiet and do not leave marks on the floor. The maximum weight it can carry is 20 kg.\" \/>\n<meta property=\"og:url\" content=\"https:\/\/talenti.si\/en\/toys\/childrens-balance-bikes\/wooden-ride-on-tractor\/\" \/>\n<meta property=\"og:site_name\" content=\"Talenti.si\" \/>\n<meta property=\"og:image\" content=\"https:\/\/talenti.si\/wp-content\/uploads\/2024\/05\/poganjalec-traktor.jpg\" \/>\n\t<meta property=\"og:image:width\" content=\"1000\" \/>\n\t<meta property=\"og:image:height\" content=\"1000\" \/>\n\t<meta property=\"og:image:type\" content=\"image\/jpeg\" \/>\n<meta name=\"twitter:card\" content=\"summary_large_image\" \/>\n<script type=\"application\/ld+json\" class=\"yoast-schema-graph\">{\"@context\":\"https:\/\/schema.org\",\"@graph\":[{\"@type\":\"WebPage\",\"@id\":\"https:\/\/talenti.si\/en\/toys\/childrens-balance-bikes\/wooden-ride-on-tractor\/\",\"url\":\"https:\/\/talenti.si\/en\/toys\/childrens-balance-bikes\/wooden-ride-on-tractor\/\",\"name\":\"Wooden ride-on tractor - Talenti.si\",\"isPartOf\":{\"@id\":\"https:\/\/talenti.si\/en\/#website\"},\"primaryImageOfPage\":{\"@id\":\"https:\/\/talenti.si\/en\/toys\/childrens-balance-bikes\/wooden-ride-on-tractor\/#primaryimage\"},\"image\":{\"@id\":\"https:\/\/talenti.si\/en\/toys\/childrens-balance-bikes\/wooden-ride-on-tractor\/#primaryimage\"},\"thumbnailUrl\":\"https:\/\/talenti.si\/wp-content\/uploads\/2024\/05\/poganjalec-traktor.jpg\",\"datePublished\":\"2024-05-24T17:33:58+00:00\",\"description\":\"The wooden ride-on tractor is suitable for children from 1 year of age. The tractor seat is at a height of 21 cm. The rubber wheels are quiet and do not leave marks on the floor. The maximum weight it can carry is 20 kg.\",\"breadcrumb\":{\"@id\":\"https:\/\/talenti.si\/en\/toys\/childrens-balance-bikes\/wooden-ride-on-tractor\/#breadcrumb\"},\"inLanguage\":\"en-US\",\"potentialAction\":[{\"@type\":\"ReadAction\",\"target\":[\"https:\/\/talenti.si\/en\/toys\/childrens-balance-bikes\/wooden-ride-on-tractor\/\"]}]},{\"@type\":\"ImageObject\",\"inLanguage\":\"en-US\",\"@id\":\"https:\/\/talenti.si\/en\/toys\/childrens-balance-bikes\/wooden-ride-on-tractor\/#primaryimage\",\"url\":\"https:\/\/talenti.si\/wp-content\/uploads\/2024\/05\/poganjalec-traktor.jpg\",\"contentUrl\":\"https:\/\/talenti.si\/wp-content\/uploads\/2024\/05\/poganjalec-traktor.jpg\",\"width\":1000,\"height\":1000},{\"@type\":\"BreadcrumbList\",\"@id\":\"https:\/\/talenti.si\/en\/toys\/childrens-balance-bikes\/wooden-ride-on-tractor\/#breadcrumb\",\"itemListElement\":[{\"@type\":\"ListItem\",\"position\":1,\"name\":\"Home\",\"item\":\"https:\/\/talenti.si\/en\/\"},{\"@type\":\"ListItem\",\"position\":2,\"name\":\"Shop\",\"item\":\"https:\/\/talenti.si\/en\/shop\/\"},{\"@type\":\"ListItem\",\"position\":3,\"name\":\"Wooden ride-on tractor\"}]},{\"@type\":\"WebSite\",\"@id\":\"https:\/\/talenti.si\/en\/#website\",\"url\":\"https:\/\/talenti.si\/en\/\",\"name\":\"Talenti.si\",\"description\":\"Spletna trgovina za vse \u017eonglerje in podobne talente. Vse za \u017eongliranje, yoyo, frizbi, bumerang, kite... in \u0161e in \u0161e.\",\"publisher\":{\"@id\":\"https:\/\/talenti.si\/en\/#organization\"},\"potentialAction\":[{\"@type\":\"SearchAction\",\"target\":{\"@type\":\"EntryPoint\",\"urlTemplate\":\"https:\/\/talenti.si\/en\/?s={search_term_string}\"},\"query-input\":{\"@type\":\"PropertyValueSpecification\",\"valueRequired\":true,\"valueName\":\"search_term_string\"}}],\"inLanguage\":\"en-US\"},{\"@type\":\"Organization\",\"@id\":\"https:\/\/talenti.si\/en\/#organization\",\"name\":\"Talenti.si\",\"url\":\"https:\/\/talenti.si\/en\/\",\"logo\":{\"@type\":\"ImageObject\",\"inLanguage\":\"en-US\",\"@id\":\"https:\/\/talenti.si\/en\/#\/schema\/logo\/image\/\",\"url\":\"https:\/\/talenti.si\/wp-content\/uploads\/2021\/12\/logo-talent-pravi-dark.png\",\"contentUrl\":\"https:\/\/talenti.si\/wp-content\/uploads\/2021\/12\/logo-talent-pravi-dark.png\",\"width\":145,\"height\":83,\"caption\":\"Talenti.si\"},\"image\":{\"@id\":\"https:\/\/talenti.si\/en\/#\/schema\/logo\/image\/\"}}]}<\/script>\n<!-- \/ Yoast SEO plugin. -->","yoast_head_json":{"title":"Wooden ride-on tractor - Talenti.si","description":"The wooden ride-on tractor is suitable for children from 1 year of age. The tractor seat is at a height of 21 cm. The rubber wheels are quiet and do not leave marks on the floor. The maximum weight it can carry is 20 kg.","robots":{"index":"index","follow":"follow","max-snippet":"max-snippet:-1","max-image-preview":"max-image-preview:large","max-video-preview":"max-video-preview:-1"},"canonical":"https:\/\/talenti.si\/en\/toys\/childrens-balance-bikes\/wooden-ride-on-tractor\/","og_locale":"en_US","og_type":"article","og_title":"Wooden ride-on tractor - Talenti.si","og_description":"The wooden ride-on tractor is suitable for children from 1 year of age. The tractor seat is at a height of 21 cm. The rubber wheels are quiet and do not leave marks on the floor. The maximum weight it can carry is 20 kg.","og_url":"https:\/\/talenti.si\/en\/toys\/childrens-balance-bikes\/wooden-ride-on-tractor\/","og_site_name":"Talenti.si","og_image":[{"width":1000,"height":1000,"url":"https:\/\/talenti.si\/wp-content\/uploads\/2024\/05\/poganjalec-traktor.jpg","type":"image\/jpeg"}],"twitter_card":"summary_large_image","schema":{"@context":"https:\/\/schema.org","@graph":[{"@type":"WebPage","@id":"https:\/\/talenti.si\/en\/toys\/childrens-balance-bikes\/wooden-ride-on-tractor\/","url":"https:\/\/talenti.si\/en\/toys\/childrens-balance-bikes\/wooden-ride-on-tractor\/","name":"Wooden ride-on tractor - Talenti.si","isPartOf":{"@id":"https:\/\/talenti.si\/en\/#website"},"primaryImageOfPage":{"@id":"https:\/\/talenti.si\/en\/toys\/childrens-balance-bikes\/wooden-ride-on-tractor\/#primaryimage"},"image":{"@id":"https:\/\/talenti.si\/en\/toys\/childrens-balance-bikes\/wooden-ride-on-tractor\/#primaryimage"},"thumbnailUrl":"https:\/\/talenti.si\/wp-content\/uploads\/2024\/05\/poganjalec-traktor.jpg","datePublished":"2024-05-24T17:33:58+00:00","description":"The wooden ride-on tractor is suitable for children from 1 year of age. The tractor seat is at a height of 21 cm. The rubber wheels are quiet and do not leave marks on the floor. The maximum weight it can carry is 20 kg.","breadcrumb":{"@id":"https:\/\/talenti.si\/en\/toys\/childrens-balance-bikes\/wooden-ride-on-tractor\/#breadcrumb"},"inLanguage":"en-US","potentialAction":[{"@type":"ReadAction","target":["https:\/\/talenti.si\/en\/toys\/childrens-balance-bikes\/wooden-ride-on-tractor\/"]}]},{"@type":"ImageObject","inLanguage":"en-US","@id":"https:\/\/talenti.si\/en\/toys\/childrens-balance-bikes\/wooden-ride-on-tractor\/#primaryimage","url":"https:\/\/talenti.si\/wp-content\/uploads\/2024\/05\/poganjalec-traktor.jpg","contentUrl":"https:\/\/talenti.si\/wp-content\/uploads\/2024\/05\/poganjalec-traktor.jpg","width":1000,"height":1000},{"@type":"BreadcrumbList","@id":"https:\/\/talenti.si\/en\/toys\/childrens-balance-bikes\/wooden-ride-on-tractor\/#breadcrumb","itemListElement":[{"@type":"ListItem","position":1,"name":"Home","item":"https:\/\/talenti.si\/en\/"},{"@type":"ListItem","position":2,"name":"Shop","item":"https:\/\/talenti.si\/en\/shop\/"},{"@type":"ListItem","position":3,"name":"Wooden ride-on tractor"}]},{"@type":"WebSite","@id":"https:\/\/talenti.si\/en\/#website","url":"https:\/\/talenti.si\/en\/","name":"Talenti.si","description":"Spletna trgovina za vse \u017eonglerje in podobne talente. Vse za \u017eongliranje, yoyo, frizbi, bumerang, kite... in \u0161e in \u0161e.","publisher":{"@id":"https:\/\/talenti.si\/en\/#organization"},"potentialAction":[{"@type":"SearchAction","target":{"@type":"EntryPoint","urlTemplate":"https:\/\/talenti.si\/en\/?s={search_term_string}"},"query-input":{"@type":"PropertyValueSpecification","valueRequired":true,"valueName":"search_term_string"}}],"inLanguage":"en-US"},{"@type":"Organization","@id":"https:\/\/talenti.si\/en\/#organization","name":"Talenti.si","url":"https:\/\/talenti.si\/en\/","logo":{"@type":"ImageObject","inLanguage":"en-US","@id":"https:\/\/talenti.si\/en\/#\/schema\/logo\/image\/","url":"https:\/\/talenti.si\/wp-content\/uploads\/2021\/12\/logo-talent-pravi-dark.png","contentUrl":"https:\/\/talenti.si\/wp-content\/uploads\/2021\/12\/logo-talent-pravi-dark.png","width":145,"height":83,"caption":"Talenti.si"},"image":{"@id":"https:\/\/talenti.si\/en\/#\/schema\/logo\/image\/"}}]}},"brands":[{"id":2074,"name":"Janod","slug":"janod-en"}],"_links":{"self":[{"href":"https:\/\/talenti.si\/en\/wp-json\/wp\/v2\/product\/32656","targetHints":{"allow":["GET"]}}],"collection":[{"href":"https:\/\/talenti.si\/en\/wp-json\/wp\/v2\/product"}],"about":[{"href":"https:\/\/talenti.si\/en\/wp-json\/wp\/v2\/types\/product"}],"replies":[{"embeddable":true,"href":"https:\/\/talenti.si\/en\/wp-json\/wp\/v2\/comments?post=32656"}],"wp:featuredmedia":[{"embeddable":true,"href":"https:\/\/talenti.si\/en\/wp-json\/wp\/v2\/media\/32632"}],"wp:attachment":[{"href":"https:\/\/talenti.si\/en\/wp-json\/wp\/v2\/media?parent=32656"}],"wp:term":[{"taxonomy":"pwb-brand","embeddable":true,"href":"https:\/\/talenti.si\/en\/wp-json\/wp\/v2\/pwb-brand?post=32656"},{"taxonomy":"product_brand","embeddable":true,"href":"https:\/\/talenti.si\/en\/wp-json\/wp\/v2\/product_brand?post=32656"},{"taxonomy":"product_cat","embeddable":true,"href":"https:\/\/talenti.si\/en\/wp-json\/wp\/v2\/product_cat?post=32656"},{"taxonomy":"product_tag","embeddable":true,"href":"https:\/\/talenti.si\/en\/wp-json\/wp\/v2\/product_tag?post=32656"}],"curies":[{"name":"wp","href":"https:\/\/api.w.org\/{rel}","templated":true}]}}