{"id":32802,"date":"2024-05-27T18:32:53","date_gmt":"2024-05-27T18:32:53","guid":{"rendered":"https:\/\/talenti.si\/uncategorized\/janod-origami-magic-ocean\/"},"modified":"2024-05-27T18:32:53","modified_gmt":"2024-05-27T18:32:53","slug":"janod-origami-magic-ocean","status":"publish","type":"product","link":"https:\/\/talenti.si\/en\/miscellaneous\/creating-and-exploring\/janod-origami-magic-ocean\/","title":{"rendered":"Janod origami Magic ocean"},"content":{"rendered":"<p>Creative set for making 20 beautiful paper origami on the theme of the magic ocean. Little ones will be happy to distract themselves with the wonderful Japanese paper folding technique, which ensures calmness, relaxation, training concentration and hand skills.<\/p>\n<p><strong>Features:<\/strong><\/p>\n<ul>\n<li>Contains: <strong>20 <\/strong> folding sheets + sticker sheet + booklet with instruction<\/li>\n<li>Packaging dimensions: \u200e<strong>22 <\/strong>x <strong>0,2 <\/strong>x <strong>26 <\/strong>cm<\/li>\n<li>Recommended age: <strong>7+<\/strong><\/li>\n<\/ul>\n<p><strong style=\"font-size: 10px;\">WARNING!<\/strong><span style=\"font-size: 10px;\"> <\/span><span style=\"font-size: 10px;\">This product is not suitable for children under 3 years of age. Small parts can be a choking hazard if inhaled or swallowed. Remove packaging before handing it to a child. Save this information for future reference.<\/span><\/p>\n","protected":false},"excerpt":{"rendered":"<p>Creative set for making 20 beautiful paper origami on the theme of the magic ocean. Little ones will be happy to distract themselves with the wonderful Japanese paper folding technique, which ensures calmness, relaxation, training concentration and hand skills. Features: Contains: 20 folding sheets + sticker sheet + booklet with instruction Packaging dimensions: \u200e22 x [&hellip;]<\/p>\n","protected":false},"featured_media":32777,"comment_status":"closed","ping_status":"closed","template":"","meta":{"_acf_changed":false},"pwb-brand":[2074],"product_brand":[],"product_cat":[1761],"product_tag":[2194,2232,3612,4197],"class_list":{"0":"post-32802","1":"product","2":"type-product","3":"status-publish","4":"has-post-thumbnail","6":"pwb-brand-janod-en","7":"product_cat-creating-and-exploring","8":"product_tag-animals-en","9":"product_tag-creation","10":"product_tag-models","11":"product_tag-origami-en","13":"first","14":"instock","15":"taxable","16":"shipping-taxable","17":"purchasable","18":"product-type-simple"},"acf":[],"yoast_head":"<!-- This site is optimized with the Yoast SEO plugin v25.8 - https:\/\/yoast.com\/wordpress\/plugins\/seo\/ -->\n<title>Janod origami Magic ocean - Talenti.si<\/title>\n<meta name=\"description\" content=\"Creative set for making 20 beautiful paper origami on the theme of the magic ocean. Little ones will be happy to distract themselves with the wonderful Japanese paper folding technique, which ensures calmness, relaxation, training concentration and hand skills.\" \/>\n<meta name=\"robots\" content=\"index, follow, max-snippet:-1, max-image-preview:large, max-video-preview:-1\" \/>\n<link rel=\"canonical\" href=\"https:\/\/talenti.si\/en\/miscellaneous\/creating-and-exploring\/janod-origami-magic-ocean\/\" \/>\n<meta property=\"og:locale\" content=\"en_US\" \/>\n<meta property=\"og:type\" content=\"article\" \/>\n<meta property=\"og:title\" content=\"Janod origami Magic ocean - Talenti.si\" \/>\n<meta property=\"og:description\" content=\"Creative set for making 20 beautiful paper origami on the theme of the magic ocean. Little ones will be happy to distract themselves with the wonderful Japanese paper folding technique, which ensures calmness, relaxation, training concentration and hand skills.\" \/>\n<meta property=\"og:url\" content=\"https:\/\/talenti.si\/en\/miscellaneous\/creating-and-exploring\/janod-origami-magic-ocean\/\" \/>\n<meta property=\"og:site_name\" content=\"Talenti.si\" \/>\n<meta property=\"og:image\" content=\"https:\/\/talenti.si\/wp-content\/uploads\/2024\/05\/janod-origami-ocean.jpg\" \/>\n\t<meta property=\"og:image:width\" content=\"1000\" \/>\n\t<meta property=\"og:image:height\" content=\"1000\" \/>\n\t<meta property=\"og:image:type\" content=\"image\/jpeg\" \/>\n<meta name=\"twitter:card\" content=\"summary_large_image\" \/>\n<script type=\"application\/ld+json\" class=\"yoast-schema-graph\">{\"@context\":\"https:\/\/schema.org\",\"@graph\":[{\"@type\":\"WebPage\",\"@id\":\"https:\/\/talenti.si\/en\/miscellaneous\/creating-and-exploring\/janod-origami-magic-ocean\/\",\"url\":\"https:\/\/talenti.si\/en\/miscellaneous\/creating-and-exploring\/janod-origami-magic-ocean\/\",\"name\":\"Janod origami Magic ocean - Talenti.si\",\"isPartOf\":{\"@id\":\"https:\/\/talenti.si\/en\/#website\"},\"primaryImageOfPage\":{\"@id\":\"https:\/\/talenti.si\/en\/miscellaneous\/creating-and-exploring\/janod-origami-magic-ocean\/#primaryimage\"},\"image\":{\"@id\":\"https:\/\/talenti.si\/en\/miscellaneous\/creating-and-exploring\/janod-origami-magic-ocean\/#primaryimage\"},\"thumbnailUrl\":\"https:\/\/talenti.si\/wp-content\/uploads\/2024\/05\/janod-origami-ocean.jpg\",\"datePublished\":\"2024-05-27T18:32:53+00:00\",\"description\":\"Creative set for making 20 beautiful paper origami on the theme of the magic ocean. Little ones will be happy to distract themselves with the wonderful Japanese paper folding technique, which ensures calmness, relaxation, training concentration and hand skills.\",\"breadcrumb\":{\"@id\":\"https:\/\/talenti.si\/en\/miscellaneous\/creating-and-exploring\/janod-origami-magic-ocean\/#breadcrumb\"},\"inLanguage\":\"en-US\",\"potentialAction\":[{\"@type\":\"ReadAction\",\"target\":[\"https:\/\/talenti.si\/en\/miscellaneous\/creating-and-exploring\/janod-origami-magic-ocean\/\"]}]},{\"@type\":\"ImageObject\",\"inLanguage\":\"en-US\",\"@id\":\"https:\/\/talenti.si\/en\/miscellaneous\/creating-and-exploring\/janod-origami-magic-ocean\/#primaryimage\",\"url\":\"https:\/\/talenti.si\/wp-content\/uploads\/2024\/05\/janod-origami-ocean.jpg\",\"contentUrl\":\"https:\/\/talenti.si\/wp-content\/uploads\/2024\/05\/janod-origami-ocean.jpg\",\"width\":1000,\"height\":1000},{\"@type\":\"BreadcrumbList\",\"@id\":\"https:\/\/talenti.si\/en\/miscellaneous\/creating-and-exploring\/janod-origami-magic-ocean\/#breadcrumb\",\"itemListElement\":[{\"@type\":\"ListItem\",\"position\":1,\"name\":\"Home\",\"item\":\"https:\/\/talenti.si\/en\/\"},{\"@type\":\"ListItem\",\"position\":2,\"name\":\"Shop\",\"item\":\"https:\/\/talenti.si\/en\/shop\/\"},{\"@type\":\"ListItem\",\"position\":3,\"name\":\"Janod origami Magic ocean\"}]},{\"@type\":\"WebSite\",\"@id\":\"https:\/\/talenti.si\/en\/#website\",\"url\":\"https:\/\/talenti.si\/en\/\",\"name\":\"Talenti.si\",\"description\":\"Spletna trgovina za vse \u017eonglerje in podobne talente. Vse za \u017eongliranje, yoyo, frizbi, bumerang, kite... in \u0161e in \u0161e.\",\"publisher\":{\"@id\":\"https:\/\/talenti.si\/en\/#organization\"},\"potentialAction\":[{\"@type\":\"SearchAction\",\"target\":{\"@type\":\"EntryPoint\",\"urlTemplate\":\"https:\/\/talenti.si\/en\/?s={search_term_string}\"},\"query-input\":{\"@type\":\"PropertyValueSpecification\",\"valueRequired\":true,\"valueName\":\"search_term_string\"}}],\"inLanguage\":\"en-US\"},{\"@type\":\"Organization\",\"@id\":\"https:\/\/talenti.si\/en\/#organization\",\"name\":\"Talenti.si\",\"url\":\"https:\/\/talenti.si\/en\/\",\"logo\":{\"@type\":\"ImageObject\",\"inLanguage\":\"en-US\",\"@id\":\"https:\/\/talenti.si\/en\/#\/schema\/logo\/image\/\",\"url\":\"https:\/\/talenti.si\/wp-content\/uploads\/2021\/12\/logo-talent-pravi-dark.png\",\"contentUrl\":\"https:\/\/talenti.si\/wp-content\/uploads\/2021\/12\/logo-talent-pravi-dark.png\",\"width\":145,\"height\":83,\"caption\":\"Talenti.si\"},\"image\":{\"@id\":\"https:\/\/talenti.si\/en\/#\/schema\/logo\/image\/\"}}]}<\/script>\n<!-- \/ Yoast SEO plugin. -->","yoast_head_json":{"title":"Janod origami Magic ocean - Talenti.si","description":"Creative set for making 20 beautiful paper origami on the theme of the magic ocean. Little ones will be happy to distract themselves with the wonderful Japanese paper folding technique, which ensures calmness, relaxation, training concentration and hand skills.","robots":{"index":"index","follow":"follow","max-snippet":"max-snippet:-1","max-image-preview":"max-image-preview:large","max-video-preview":"max-video-preview:-1"},"canonical":"https:\/\/talenti.si\/en\/miscellaneous\/creating-and-exploring\/janod-origami-magic-ocean\/","og_locale":"en_US","og_type":"article","og_title":"Janod origami Magic ocean - Talenti.si","og_description":"Creative set for making 20 beautiful paper origami on the theme of the magic ocean. Little ones will be happy to distract themselves with the wonderful Japanese paper folding technique, which ensures calmness, relaxation, training concentration and hand skills.","og_url":"https:\/\/talenti.si\/en\/miscellaneous\/creating-and-exploring\/janod-origami-magic-ocean\/","og_site_name":"Talenti.si","og_image":[{"width":1000,"height":1000,"url":"https:\/\/talenti.si\/wp-content\/uploads\/2024\/05\/janod-origami-ocean.jpg","type":"image\/jpeg"}],"twitter_card":"summary_large_image","schema":{"@context":"https:\/\/schema.org","@graph":[{"@type":"WebPage","@id":"https:\/\/talenti.si\/en\/miscellaneous\/creating-and-exploring\/janod-origami-magic-ocean\/","url":"https:\/\/talenti.si\/en\/miscellaneous\/creating-and-exploring\/janod-origami-magic-ocean\/","name":"Janod origami Magic ocean - Talenti.si","isPartOf":{"@id":"https:\/\/talenti.si\/en\/#website"},"primaryImageOfPage":{"@id":"https:\/\/talenti.si\/en\/miscellaneous\/creating-and-exploring\/janod-origami-magic-ocean\/#primaryimage"},"image":{"@id":"https:\/\/talenti.si\/en\/miscellaneous\/creating-and-exploring\/janod-origami-magic-ocean\/#primaryimage"},"thumbnailUrl":"https:\/\/talenti.si\/wp-content\/uploads\/2024\/05\/janod-origami-ocean.jpg","datePublished":"2024-05-27T18:32:53+00:00","description":"Creative set for making 20 beautiful paper origami on the theme of the magic ocean. Little ones will be happy to distract themselves with the wonderful Japanese paper folding technique, which ensures calmness, relaxation, training concentration and hand skills.","breadcrumb":{"@id":"https:\/\/talenti.si\/en\/miscellaneous\/creating-and-exploring\/janod-origami-magic-ocean\/#breadcrumb"},"inLanguage":"en-US","potentialAction":[{"@type":"ReadAction","target":["https:\/\/talenti.si\/en\/miscellaneous\/creating-and-exploring\/janod-origami-magic-ocean\/"]}]},{"@type":"ImageObject","inLanguage":"en-US","@id":"https:\/\/talenti.si\/en\/miscellaneous\/creating-and-exploring\/janod-origami-magic-ocean\/#primaryimage","url":"https:\/\/talenti.si\/wp-content\/uploads\/2024\/05\/janod-origami-ocean.jpg","contentUrl":"https:\/\/talenti.si\/wp-content\/uploads\/2024\/05\/janod-origami-ocean.jpg","width":1000,"height":1000},{"@type":"BreadcrumbList","@id":"https:\/\/talenti.si\/en\/miscellaneous\/creating-and-exploring\/janod-origami-magic-ocean\/#breadcrumb","itemListElement":[{"@type":"ListItem","position":1,"name":"Home","item":"https:\/\/talenti.si\/en\/"},{"@type":"ListItem","position":2,"name":"Shop","item":"https:\/\/talenti.si\/en\/shop\/"},{"@type":"ListItem","position":3,"name":"Janod origami Magic ocean"}]},{"@type":"WebSite","@id":"https:\/\/talenti.si\/en\/#website","url":"https:\/\/talenti.si\/en\/","name":"Talenti.si","description":"Spletna trgovina za vse \u017eonglerje in podobne talente. Vse za \u017eongliranje, yoyo, frizbi, bumerang, kite... in \u0161e in \u0161e.","publisher":{"@id":"https:\/\/talenti.si\/en\/#organization"},"potentialAction":[{"@type":"SearchAction","target":{"@type":"EntryPoint","urlTemplate":"https:\/\/talenti.si\/en\/?s={search_term_string}"},"query-input":{"@type":"PropertyValueSpecification","valueRequired":true,"valueName":"search_term_string"}}],"inLanguage":"en-US"},{"@type":"Organization","@id":"https:\/\/talenti.si\/en\/#organization","name":"Talenti.si","url":"https:\/\/talenti.si\/en\/","logo":{"@type":"ImageObject","inLanguage":"en-US","@id":"https:\/\/talenti.si\/en\/#\/schema\/logo\/image\/","url":"https:\/\/talenti.si\/wp-content\/uploads\/2021\/12\/logo-talent-pravi-dark.png","contentUrl":"https:\/\/talenti.si\/wp-content\/uploads\/2021\/12\/logo-talent-pravi-dark.png","width":145,"height":83,"caption":"Talenti.si"},"image":{"@id":"https:\/\/talenti.si\/en\/#\/schema\/logo\/image\/"}}]}},"brands":[{"id":2074,"name":"Janod","slug":"janod-en"}],"_links":{"self":[{"href":"https:\/\/talenti.si\/en\/wp-json\/wp\/v2\/product\/32802","targetHints":{"allow":["GET"]}}],"collection":[{"href":"https:\/\/talenti.si\/en\/wp-json\/wp\/v2\/product"}],"about":[{"href":"https:\/\/talenti.si\/en\/wp-json\/wp\/v2\/types\/product"}],"replies":[{"embeddable":true,"href":"https:\/\/talenti.si\/en\/wp-json\/wp\/v2\/comments?post=32802"}],"wp:featuredmedia":[{"embeddable":true,"href":"https:\/\/talenti.si\/en\/wp-json\/wp\/v2\/media\/32777"}],"wp:attachment":[{"href":"https:\/\/talenti.si\/en\/wp-json\/wp\/v2\/media?parent=32802"}],"wp:term":[{"taxonomy":"pwb-brand","embeddable":true,"href":"https:\/\/talenti.si\/en\/wp-json\/wp\/v2\/pwb-brand?post=32802"},{"taxonomy":"product_brand","embeddable":true,"href":"https:\/\/talenti.si\/en\/wp-json\/wp\/v2\/product_brand?post=32802"},{"taxonomy":"product_cat","embeddable":true,"href":"https:\/\/talenti.si\/en\/wp-json\/wp\/v2\/product_cat?post=32802"},{"taxonomy":"product_tag","embeddable":true,"href":"https:\/\/talenti.si\/en\/wp-json\/wp\/v2\/product_tag?post=32802"}],"curies":[{"name":"wp","href":"https:\/\/api.w.org\/{rel}","templated":true}]}}