{"id":32867,"date":"2024-05-28T11:05:26","date_gmt":"2024-05-28T11:05:26","guid":{"rendered":"https:\/\/talenti.si\/uncategorized\/janod-mosaics-magic-school\/"},"modified":"2024-05-28T11:05:26","modified_gmt":"2024-05-28T11:05:26","slug":"janod-mosaics-magic-school","status":"publish","type":"product","link":"https:\/\/talenti.si\/en\/miscellaneous\/creating-and-exploring\/janod-mosaics-magic-school\/","title":{"rendered":"Janod mosaics Magic school"},"content":{"rendered":"<p>This creative kit allows you to create beautiful colorful pictures by simply sticking different mosaics on each card. On the theme of witches and magicians, this manual activity immerses children in dreamlike scenes (the flight of a phoenix, the magic of a crystal ball or the boiling of a mysterious cauldron).<\/p>\n<p><strong>Features:<\/strong><\/p>\n<ul>\n<li>Contains: <b>3 <\/b> boards to decorate + <strong>110 <\/strong> foam mosaics + booklet with instructions<\/li>\n<li>Dimensions:\u200e <strong>22<\/strong> x <strong>4<\/strong> x <strong>13<\/strong> cm<\/li>\n<li>Recommended age: <strong>7+<\/strong><\/li>\n<\/ul>\n<p><strong style=\"font-size: 10px;\">WARNING!<\/strong><span style=\"font-size: 10px;\"> <\/span><span style=\"font-size: 10px;\">This product is not suitable for children under 3 years of age. Small parts can be a choking hazard if inhaled or swallowed. Remove packaging before handing it to a child. Save this information for future reference.<\/span><\/p>\n","protected":false},"excerpt":{"rendered":"<p>This creative kit allows you to create beautiful colorful pictures by simply sticking different mosaics on each card. On the theme of witches and magicians, this manual activity immerses children in dreamlike scenes (the flight of a phoenix, the magic of a crystal ball or the boiling of a mysterious cauldron). Features: Contains: 3 boards [&hellip;]<\/p>\n","protected":false},"featured_media":32848,"comment_status":"closed","ping_status":"closed","template":"","meta":{"_acf_changed":false},"pwb-brand":[2074],"product_brand":[],"product_cat":[1761],"product_tag":[2232,2186,4206,4207,3137],"class_list":{"0":"post-32867","1":"product","2":"type-product","3":"status-publish","4":"has-post-thumbnail","6":"pwb-brand-janod-en","7":"product_cat-creating-and-exploring","8":"product_tag-creation","9":"product_tag-janod-en","10":"product_tag-magic","11":"product_tag-mosaics-en","12":"product_tag-school","14":"first","15":"instock","16":"taxable","17":"shipping-taxable","18":"purchasable","19":"product-type-simple"},"acf":[],"yoast_head":"<!-- This site is optimized with the Yoast SEO plugin v25.8 - https:\/\/yoast.com\/wordpress\/plugins\/seo\/ -->\n<title>Janod mosaics Magic school - Talenti.si<\/title>\n<meta name=\"description\" content=\"This creative kit allows you to create beautiful colorful pictures by simply sticking different mosaics on each card. On the theme of witches and magicians, this manual activity immerses children in dreamlike scenes (the flight of a phoenix, the magic of a crystal ball or the boiling of a mysterious cauldron).\" \/>\n<meta name=\"robots\" content=\"index, follow, max-snippet:-1, max-image-preview:large, max-video-preview:-1\" \/>\n<link rel=\"canonical\" href=\"https:\/\/talenti.si\/en\/miscellaneous\/creating-and-exploring\/janod-mosaics-magic-school\/\" \/>\n<meta property=\"og:locale\" content=\"en_US\" \/>\n<meta property=\"og:type\" content=\"article\" \/>\n<meta property=\"og:title\" content=\"Janod mosaics Magic school - Talenti.si\" \/>\n<meta property=\"og:description\" content=\"This creative kit allows you to create beautiful colorful pictures by simply sticking different mosaics on each card. On the theme of witches and magicians, this manual activity immerses children in dreamlike scenes (the flight of a phoenix, the magic of a crystal ball or the boiling of a mysterious cauldron).\" \/>\n<meta property=\"og:url\" content=\"https:\/\/talenti.si\/en\/miscellaneous\/creating-and-exploring\/janod-mosaics-magic-school\/\" \/>\n<meta property=\"og:site_name\" content=\"Talenti.si\" \/>\n<meta property=\"og:image\" content=\"https:\/\/talenti.si\/wp-content\/uploads\/2024\/05\/carovniska-sola-mozaiki.jpg\" \/>\n\t<meta property=\"og:image:width\" content=\"1000\" \/>\n\t<meta property=\"og:image:height\" content=\"1000\" \/>\n\t<meta property=\"og:image:type\" content=\"image\/jpeg\" \/>\n<meta name=\"twitter:card\" content=\"summary_large_image\" \/>\n<meta name=\"twitter:label1\" content=\"Est. reading time\" \/>\n\t<meta name=\"twitter:data1\" content=\"1 minute\" \/>\n<script type=\"application\/ld+json\" class=\"yoast-schema-graph\">{\"@context\":\"https:\/\/schema.org\",\"@graph\":[{\"@type\":\"WebPage\",\"@id\":\"https:\/\/talenti.si\/en\/miscellaneous\/creating-and-exploring\/janod-mosaics-magic-school\/\",\"url\":\"https:\/\/talenti.si\/en\/miscellaneous\/creating-and-exploring\/janod-mosaics-magic-school\/\",\"name\":\"Janod mosaics Magic school - Talenti.si\",\"isPartOf\":{\"@id\":\"https:\/\/talenti.si\/en\/#website\"},\"primaryImageOfPage\":{\"@id\":\"https:\/\/talenti.si\/en\/miscellaneous\/creating-and-exploring\/janod-mosaics-magic-school\/#primaryimage\"},\"image\":{\"@id\":\"https:\/\/talenti.si\/en\/miscellaneous\/creating-and-exploring\/janod-mosaics-magic-school\/#primaryimage\"},\"thumbnailUrl\":\"https:\/\/talenti.si\/wp-content\/uploads\/2024\/05\/carovniska-sola-mozaiki.jpg\",\"datePublished\":\"2024-05-28T11:05:26+00:00\",\"description\":\"This creative kit allows you to create beautiful colorful pictures by simply sticking different mosaics on each card. On the theme of witches and magicians, this manual activity immerses children in dreamlike scenes (the flight of a phoenix, the magic of a crystal ball or the boiling of a mysterious cauldron).\",\"breadcrumb\":{\"@id\":\"https:\/\/talenti.si\/en\/miscellaneous\/creating-and-exploring\/janod-mosaics-magic-school\/#breadcrumb\"},\"inLanguage\":\"en-US\",\"potentialAction\":[{\"@type\":\"ReadAction\",\"target\":[\"https:\/\/talenti.si\/en\/miscellaneous\/creating-and-exploring\/janod-mosaics-magic-school\/\"]}]},{\"@type\":\"ImageObject\",\"inLanguage\":\"en-US\",\"@id\":\"https:\/\/talenti.si\/en\/miscellaneous\/creating-and-exploring\/janod-mosaics-magic-school\/#primaryimage\",\"url\":\"https:\/\/talenti.si\/wp-content\/uploads\/2024\/05\/carovniska-sola-mozaiki.jpg\",\"contentUrl\":\"https:\/\/talenti.si\/wp-content\/uploads\/2024\/05\/carovniska-sola-mozaiki.jpg\",\"width\":1000,\"height\":1000},{\"@type\":\"BreadcrumbList\",\"@id\":\"https:\/\/talenti.si\/en\/miscellaneous\/creating-and-exploring\/janod-mosaics-magic-school\/#breadcrumb\",\"itemListElement\":[{\"@type\":\"ListItem\",\"position\":1,\"name\":\"Home\",\"item\":\"https:\/\/talenti.si\/en\/\"},{\"@type\":\"ListItem\",\"position\":2,\"name\":\"Shop\",\"item\":\"https:\/\/talenti.si\/en\/shop\/\"},{\"@type\":\"ListItem\",\"position\":3,\"name\":\"Janod mosaics Magic school\"}]},{\"@type\":\"WebSite\",\"@id\":\"https:\/\/talenti.si\/en\/#website\",\"url\":\"https:\/\/talenti.si\/en\/\",\"name\":\"Talenti.si\",\"description\":\"Spletna trgovina za vse \u017eonglerje in podobne talente. Vse za \u017eongliranje, yoyo, frizbi, bumerang, kite... in \u0161e in \u0161e.\",\"publisher\":{\"@id\":\"https:\/\/talenti.si\/en\/#organization\"},\"potentialAction\":[{\"@type\":\"SearchAction\",\"target\":{\"@type\":\"EntryPoint\",\"urlTemplate\":\"https:\/\/talenti.si\/en\/?s={search_term_string}\"},\"query-input\":{\"@type\":\"PropertyValueSpecification\",\"valueRequired\":true,\"valueName\":\"search_term_string\"}}],\"inLanguage\":\"en-US\"},{\"@type\":\"Organization\",\"@id\":\"https:\/\/talenti.si\/en\/#organization\",\"name\":\"Talenti.si\",\"url\":\"https:\/\/talenti.si\/en\/\",\"logo\":{\"@type\":\"ImageObject\",\"inLanguage\":\"en-US\",\"@id\":\"https:\/\/talenti.si\/en\/#\/schema\/logo\/image\/\",\"url\":\"https:\/\/talenti.si\/wp-content\/uploads\/2021\/12\/logo-talent-pravi-dark.png\",\"contentUrl\":\"https:\/\/talenti.si\/wp-content\/uploads\/2021\/12\/logo-talent-pravi-dark.png\",\"width\":145,\"height\":83,\"caption\":\"Talenti.si\"},\"image\":{\"@id\":\"https:\/\/talenti.si\/en\/#\/schema\/logo\/image\/\"}}]}<\/script>\n<!-- \/ Yoast SEO plugin. -->","yoast_head_json":{"title":"Janod mosaics Magic school - Talenti.si","description":"This creative kit allows you to create beautiful colorful pictures by simply sticking different mosaics on each card. On the theme of witches and magicians, this manual activity immerses children in dreamlike scenes (the flight of a phoenix, the magic of a crystal ball or the boiling of a mysterious cauldron).","robots":{"index":"index","follow":"follow","max-snippet":"max-snippet:-1","max-image-preview":"max-image-preview:large","max-video-preview":"max-video-preview:-1"},"canonical":"https:\/\/talenti.si\/en\/miscellaneous\/creating-and-exploring\/janod-mosaics-magic-school\/","og_locale":"en_US","og_type":"article","og_title":"Janod mosaics Magic school - Talenti.si","og_description":"This creative kit allows you to create beautiful colorful pictures by simply sticking different mosaics on each card. On the theme of witches and magicians, this manual activity immerses children in dreamlike scenes (the flight of a phoenix, the magic of a crystal ball or the boiling of a mysterious cauldron).","og_url":"https:\/\/talenti.si\/en\/miscellaneous\/creating-and-exploring\/janod-mosaics-magic-school\/","og_site_name":"Talenti.si","og_image":[{"width":1000,"height":1000,"url":"https:\/\/talenti.si\/wp-content\/uploads\/2024\/05\/carovniska-sola-mozaiki.jpg","type":"image\/jpeg"}],"twitter_card":"summary_large_image","twitter_misc":{"Est. reading time":"1 minute"},"schema":{"@context":"https:\/\/schema.org","@graph":[{"@type":"WebPage","@id":"https:\/\/talenti.si\/en\/miscellaneous\/creating-and-exploring\/janod-mosaics-magic-school\/","url":"https:\/\/talenti.si\/en\/miscellaneous\/creating-and-exploring\/janod-mosaics-magic-school\/","name":"Janod mosaics Magic school - Talenti.si","isPartOf":{"@id":"https:\/\/talenti.si\/en\/#website"},"primaryImageOfPage":{"@id":"https:\/\/talenti.si\/en\/miscellaneous\/creating-and-exploring\/janod-mosaics-magic-school\/#primaryimage"},"image":{"@id":"https:\/\/talenti.si\/en\/miscellaneous\/creating-and-exploring\/janod-mosaics-magic-school\/#primaryimage"},"thumbnailUrl":"https:\/\/talenti.si\/wp-content\/uploads\/2024\/05\/carovniska-sola-mozaiki.jpg","datePublished":"2024-05-28T11:05:26+00:00","description":"This creative kit allows you to create beautiful colorful pictures by simply sticking different mosaics on each card. On the theme of witches and magicians, this manual activity immerses children in dreamlike scenes (the flight of a phoenix, the magic of a crystal ball or the boiling of a mysterious cauldron).","breadcrumb":{"@id":"https:\/\/talenti.si\/en\/miscellaneous\/creating-and-exploring\/janod-mosaics-magic-school\/#breadcrumb"},"inLanguage":"en-US","potentialAction":[{"@type":"ReadAction","target":["https:\/\/talenti.si\/en\/miscellaneous\/creating-and-exploring\/janod-mosaics-magic-school\/"]}]},{"@type":"ImageObject","inLanguage":"en-US","@id":"https:\/\/talenti.si\/en\/miscellaneous\/creating-and-exploring\/janod-mosaics-magic-school\/#primaryimage","url":"https:\/\/talenti.si\/wp-content\/uploads\/2024\/05\/carovniska-sola-mozaiki.jpg","contentUrl":"https:\/\/talenti.si\/wp-content\/uploads\/2024\/05\/carovniska-sola-mozaiki.jpg","width":1000,"height":1000},{"@type":"BreadcrumbList","@id":"https:\/\/talenti.si\/en\/miscellaneous\/creating-and-exploring\/janod-mosaics-magic-school\/#breadcrumb","itemListElement":[{"@type":"ListItem","position":1,"name":"Home","item":"https:\/\/talenti.si\/en\/"},{"@type":"ListItem","position":2,"name":"Shop","item":"https:\/\/talenti.si\/en\/shop\/"},{"@type":"ListItem","position":3,"name":"Janod mosaics Magic school"}]},{"@type":"WebSite","@id":"https:\/\/talenti.si\/en\/#website","url":"https:\/\/talenti.si\/en\/","name":"Talenti.si","description":"Spletna trgovina za vse \u017eonglerje in podobne talente. Vse za \u017eongliranje, yoyo, frizbi, bumerang, kite... in \u0161e in \u0161e.","publisher":{"@id":"https:\/\/talenti.si\/en\/#organization"},"potentialAction":[{"@type":"SearchAction","target":{"@type":"EntryPoint","urlTemplate":"https:\/\/talenti.si\/en\/?s={search_term_string}"},"query-input":{"@type":"PropertyValueSpecification","valueRequired":true,"valueName":"search_term_string"}}],"inLanguage":"en-US"},{"@type":"Organization","@id":"https:\/\/talenti.si\/en\/#organization","name":"Talenti.si","url":"https:\/\/talenti.si\/en\/","logo":{"@type":"ImageObject","inLanguage":"en-US","@id":"https:\/\/talenti.si\/en\/#\/schema\/logo\/image\/","url":"https:\/\/talenti.si\/wp-content\/uploads\/2021\/12\/logo-talent-pravi-dark.png","contentUrl":"https:\/\/talenti.si\/wp-content\/uploads\/2021\/12\/logo-talent-pravi-dark.png","width":145,"height":83,"caption":"Talenti.si"},"image":{"@id":"https:\/\/talenti.si\/en\/#\/schema\/logo\/image\/"}}]}},"brands":[{"id":2074,"name":"Janod","slug":"janod-en"}],"_links":{"self":[{"href":"https:\/\/talenti.si\/en\/wp-json\/wp\/v2\/product\/32867","targetHints":{"allow":["GET"]}}],"collection":[{"href":"https:\/\/talenti.si\/en\/wp-json\/wp\/v2\/product"}],"about":[{"href":"https:\/\/talenti.si\/en\/wp-json\/wp\/v2\/types\/product"}],"replies":[{"embeddable":true,"href":"https:\/\/talenti.si\/en\/wp-json\/wp\/v2\/comments?post=32867"}],"wp:featuredmedia":[{"embeddable":true,"href":"https:\/\/talenti.si\/en\/wp-json\/wp\/v2\/media\/32848"}],"wp:attachment":[{"href":"https:\/\/talenti.si\/en\/wp-json\/wp\/v2\/media?parent=32867"}],"wp:term":[{"taxonomy":"pwb-brand","embeddable":true,"href":"https:\/\/talenti.si\/en\/wp-json\/wp\/v2\/pwb-brand?post=32867"},{"taxonomy":"product_brand","embeddable":true,"href":"https:\/\/talenti.si\/en\/wp-json\/wp\/v2\/product_brand?post=32867"},{"taxonomy":"product_cat","embeddable":true,"href":"https:\/\/talenti.si\/en\/wp-json\/wp\/v2\/product_cat?post=32867"},{"taxonomy":"product_tag","embeddable":true,"href":"https:\/\/talenti.si\/en\/wp-json\/wp\/v2\/product_tag?post=32867"}],"curies":[{"name":"wp","href":"https:\/\/api.w.org\/{rel}","templated":true}]}}