{"id":32973,"date":"2024-06-07T11:52:26","date_gmt":"2024-06-07T11:52:26","guid":{"rendered":"https:\/\/talenti.si\/?post_type=product&#038;p=32973"},"modified":"2024-07-01T19:59:24","modified_gmt":"2024-07-01T19:59:24","slug":"bicycle-cards-disney-villains","status":"publish","type":"product","link":"https:\/\/talenti.si\/en\/miscellaneous\/bicycle-playing-cards\/bicycle-cards-disney-villains\/","title":{"rendered":"Bicycle Cards Disney Villains"},"content":{"rendered":"<p>Experience the pleasure of playing with some of the best playing cards in the world. The legendary Bicycle cards (they have been produced since 1885) are extremely popular among professional poker players, and are also used by illusionists to perform demanding tricks.<\/p>\n<div class=\"video-container responsive-embed widescreen\"><iframe loading=\"lazy\" title=\"Bicycle Disney Villains Playing Cards #disneyvillains #disney #bicyclecards\" width=\"900\" height=\"506\" src=\"https:\/\/www.youtube.com\/embed\/pGYg4-c8I4c?feature=oembed\" frameborder=\"0\" allow=\"accelerometer; autoplay; clipboard-write; encrypted-media; gyroscope; picture-in-picture; web-share\" referrerpolicy=\"strict-origin-when-cross-origin\" allowfullscreen><\/iframe><\/div>\n","protected":false},"excerpt":{"rendered":"<p>Experience the pleasure of playing with some of the best playing cards in the world. The legendary Bicycle cards (they have been produced since 1885) are extremely popular among professional poker players, and are also used by illusionists to perform demanding tricks.<\/p>\n","protected":false},"featured_media":32977,"comment_status":"open","ping_status":"closed","template":"","meta":{"_acf_changed":false},"pwb-brand":[2030],"product_brand":[],"product_cat":[1743],"product_tag":[3664,2417,2195],"class_list":{"0":"post-32973","1":"product","2":"type-product","3":"status-publish","4":"has-post-thumbnail","6":"pwb-brand-bicycle-en","7":"product_cat-bicycle-playing-cards","8":"product_tag-bicycle-en","9":"product_tag-cards","10":"product_tag-game-en","12":"first","13":"instock","14":"taxable","15":"shipping-taxable","16":"purchasable","17":"product-type-variable"},"acf":[],"yoast_head":"<!-- This site is optimized with the Yoast SEO plugin v25.8 - https:\/\/yoast.com\/wordpress\/plugins\/seo\/ -->\n<title>Bicycle Cards Disney Villains - Talenti.si<\/title>\n<meta name=\"description\" content=\"Experience the pleasure of playing with some of the best playing cards in the world. The legendary Bicycle cards (they have been produced since 1885) are extremely popular among professional poker players, and are also used by illusionists to perform demanding tricks.\" \/>\n<meta name=\"robots\" content=\"index, follow, max-snippet:-1, max-image-preview:large, max-video-preview:-1\" \/>\n<link rel=\"canonical\" href=\"https:\/\/talenti.si\/en\/miscellaneous\/bicycle-playing-cards\/bicycle-cards-disney-villains\/\" \/>\n<meta property=\"og:locale\" content=\"en_US\" \/>\n<meta property=\"og:type\" content=\"article\" \/>\n<meta property=\"og:title\" content=\"Bicycle Cards Disney Villains - Talenti.si\" \/>\n<meta property=\"og:description\" content=\"Experience the pleasure of playing with some of the best playing cards in the world. The legendary Bicycle cards (they have been produced since 1885) are extremely popular among professional poker players, and are also used by illusionists to perform demanding tricks.\" \/>\n<meta property=\"og:url\" content=\"https:\/\/talenti.si\/en\/miscellaneous\/bicycle-playing-cards\/bicycle-cards-disney-villains\/\" \/>\n<meta property=\"og:site_name\" content=\"Talenti.si\" \/>\n<meta property=\"article:modified_time\" content=\"2024-07-01T19:59:24+00:00\" \/>\n<meta property=\"og:image\" content=\"https:\/\/talenti.si\/wp-content\/uploads\/2024\/06\/villains-igralne-karte.jpg\" \/>\n\t<meta property=\"og:image:width\" content=\"400\" \/>\n\t<meta property=\"og:image:height\" content=\"400\" \/>\n\t<meta property=\"og:image:type\" content=\"image\/jpeg\" \/>\n<meta name=\"twitter:card\" content=\"summary_large_image\" \/>\n<meta name=\"twitter:label1\" content=\"Est. reading time\" \/>\n\t<meta name=\"twitter:data1\" content=\"1 minute\" \/>\n<script type=\"application\/ld+json\" class=\"yoast-schema-graph\">{\"@context\":\"https:\/\/schema.org\",\"@graph\":[{\"@type\":\"WebPage\",\"@id\":\"https:\/\/talenti.si\/en\/miscellaneous\/bicycle-playing-cards\/bicycle-cards-disney-villains\/\",\"url\":\"https:\/\/talenti.si\/en\/miscellaneous\/bicycle-playing-cards\/bicycle-cards-disney-villains\/\",\"name\":\"Bicycle Cards Disney Villains - Talenti.si\",\"isPartOf\":{\"@id\":\"https:\/\/talenti.si\/en\/#website\"},\"primaryImageOfPage\":{\"@id\":\"https:\/\/talenti.si\/en\/miscellaneous\/bicycle-playing-cards\/bicycle-cards-disney-villains\/#primaryimage\"},\"image\":{\"@id\":\"https:\/\/talenti.si\/en\/miscellaneous\/bicycle-playing-cards\/bicycle-cards-disney-villains\/#primaryimage\"},\"thumbnailUrl\":\"https:\/\/talenti.si\/wp-content\/uploads\/2024\/06\/villains-igralne-karte.jpg\",\"datePublished\":\"2024-06-07T11:52:26+00:00\",\"dateModified\":\"2024-07-01T19:59:24+00:00\",\"description\":\"Experience the pleasure of playing with some of the best playing cards in the world. The legendary Bicycle cards (they have been produced since 1885) are extremely popular among professional poker players, and are also used by illusionists to perform demanding tricks.\",\"breadcrumb\":{\"@id\":\"https:\/\/talenti.si\/en\/miscellaneous\/bicycle-playing-cards\/bicycle-cards-disney-villains\/#breadcrumb\"},\"inLanguage\":\"en-US\",\"potentialAction\":[{\"@type\":\"ReadAction\",\"target\":[\"https:\/\/talenti.si\/en\/miscellaneous\/bicycle-playing-cards\/bicycle-cards-disney-villains\/\"]}]},{\"@type\":\"ImageObject\",\"inLanguage\":\"en-US\",\"@id\":\"https:\/\/talenti.si\/en\/miscellaneous\/bicycle-playing-cards\/bicycle-cards-disney-villains\/#primaryimage\",\"url\":\"https:\/\/talenti.si\/wp-content\/uploads\/2024\/06\/villains-igralne-karte.jpg\",\"contentUrl\":\"https:\/\/talenti.si\/wp-content\/uploads\/2024\/06\/villains-igralne-karte.jpg\",\"width\":400,\"height\":400},{\"@type\":\"BreadcrumbList\",\"@id\":\"https:\/\/talenti.si\/en\/miscellaneous\/bicycle-playing-cards\/bicycle-cards-disney-villains\/#breadcrumb\",\"itemListElement\":[{\"@type\":\"ListItem\",\"position\":1,\"name\":\"Home\",\"item\":\"https:\/\/talenti.si\/en\/\"},{\"@type\":\"ListItem\",\"position\":2,\"name\":\"Shop\",\"item\":\"https:\/\/talenti.si\/en\/shop\/\"},{\"@type\":\"ListItem\",\"position\":3,\"name\":\"Bicycle Cards Disney Villains\"}]},{\"@type\":\"WebSite\",\"@id\":\"https:\/\/talenti.si\/en\/#website\",\"url\":\"https:\/\/talenti.si\/en\/\",\"name\":\"Talenti.si\",\"description\":\"Spletna trgovina za vse \u017eonglerje in podobne talente. Vse za \u017eongliranje, yoyo, frizbi, bumerang, kite... in \u0161e in \u0161e.\",\"publisher\":{\"@id\":\"https:\/\/talenti.si\/en\/#organization\"},\"potentialAction\":[{\"@type\":\"SearchAction\",\"target\":{\"@type\":\"EntryPoint\",\"urlTemplate\":\"https:\/\/talenti.si\/en\/?s={search_term_string}\"},\"query-input\":{\"@type\":\"PropertyValueSpecification\",\"valueRequired\":true,\"valueName\":\"search_term_string\"}}],\"inLanguage\":\"en-US\"},{\"@type\":\"Organization\",\"@id\":\"https:\/\/talenti.si\/en\/#organization\",\"name\":\"Talenti.si\",\"url\":\"https:\/\/talenti.si\/en\/\",\"logo\":{\"@type\":\"ImageObject\",\"inLanguage\":\"en-US\",\"@id\":\"https:\/\/talenti.si\/en\/#\/schema\/logo\/image\/\",\"url\":\"https:\/\/talenti.si\/wp-content\/uploads\/2021\/12\/logo-talent-pravi-dark.png\",\"contentUrl\":\"https:\/\/talenti.si\/wp-content\/uploads\/2021\/12\/logo-talent-pravi-dark.png\",\"width\":145,\"height\":83,\"caption\":\"Talenti.si\"},\"image\":{\"@id\":\"https:\/\/talenti.si\/en\/#\/schema\/logo\/image\/\"}}]}<\/script>\n<!-- \/ Yoast SEO plugin. -->","yoast_head_json":{"title":"Bicycle Cards Disney Villains - Talenti.si","description":"Experience the pleasure of playing with some of the best playing cards in the world. The legendary Bicycle cards (they have been produced since 1885) are extremely popular among professional poker players, and are also used by illusionists to perform demanding tricks.","robots":{"index":"index","follow":"follow","max-snippet":"max-snippet:-1","max-image-preview":"max-image-preview:large","max-video-preview":"max-video-preview:-1"},"canonical":"https:\/\/talenti.si\/en\/miscellaneous\/bicycle-playing-cards\/bicycle-cards-disney-villains\/","og_locale":"en_US","og_type":"article","og_title":"Bicycle Cards Disney Villains - Talenti.si","og_description":"Experience the pleasure of playing with some of the best playing cards in the world. The legendary Bicycle cards (they have been produced since 1885) are extremely popular among professional poker players, and are also used by illusionists to perform demanding tricks.","og_url":"https:\/\/talenti.si\/en\/miscellaneous\/bicycle-playing-cards\/bicycle-cards-disney-villains\/","og_site_name":"Talenti.si","article_modified_time":"2024-07-01T19:59:24+00:00","og_image":[{"width":400,"height":400,"url":"https:\/\/talenti.si\/wp-content\/uploads\/2024\/06\/villains-igralne-karte.jpg","type":"image\/jpeg"}],"twitter_card":"summary_large_image","twitter_misc":{"Est. reading time":"1 minute"},"schema":{"@context":"https:\/\/schema.org","@graph":[{"@type":"WebPage","@id":"https:\/\/talenti.si\/en\/miscellaneous\/bicycle-playing-cards\/bicycle-cards-disney-villains\/","url":"https:\/\/talenti.si\/en\/miscellaneous\/bicycle-playing-cards\/bicycle-cards-disney-villains\/","name":"Bicycle Cards Disney Villains - Talenti.si","isPartOf":{"@id":"https:\/\/talenti.si\/en\/#website"},"primaryImageOfPage":{"@id":"https:\/\/talenti.si\/en\/miscellaneous\/bicycle-playing-cards\/bicycle-cards-disney-villains\/#primaryimage"},"image":{"@id":"https:\/\/talenti.si\/en\/miscellaneous\/bicycle-playing-cards\/bicycle-cards-disney-villains\/#primaryimage"},"thumbnailUrl":"https:\/\/talenti.si\/wp-content\/uploads\/2024\/06\/villains-igralne-karte.jpg","datePublished":"2024-06-07T11:52:26+00:00","dateModified":"2024-07-01T19:59:24+00:00","description":"Experience the pleasure of playing with some of the best playing cards in the world. The legendary Bicycle cards (they have been produced since 1885) are extremely popular among professional poker players, and are also used by illusionists to perform demanding tricks.","breadcrumb":{"@id":"https:\/\/talenti.si\/en\/miscellaneous\/bicycle-playing-cards\/bicycle-cards-disney-villains\/#breadcrumb"},"inLanguage":"en-US","potentialAction":[{"@type":"ReadAction","target":["https:\/\/talenti.si\/en\/miscellaneous\/bicycle-playing-cards\/bicycle-cards-disney-villains\/"]}]},{"@type":"ImageObject","inLanguage":"en-US","@id":"https:\/\/talenti.si\/en\/miscellaneous\/bicycle-playing-cards\/bicycle-cards-disney-villains\/#primaryimage","url":"https:\/\/talenti.si\/wp-content\/uploads\/2024\/06\/villains-igralne-karte.jpg","contentUrl":"https:\/\/talenti.si\/wp-content\/uploads\/2024\/06\/villains-igralne-karte.jpg","width":400,"height":400},{"@type":"BreadcrumbList","@id":"https:\/\/talenti.si\/en\/miscellaneous\/bicycle-playing-cards\/bicycle-cards-disney-villains\/#breadcrumb","itemListElement":[{"@type":"ListItem","position":1,"name":"Home","item":"https:\/\/talenti.si\/en\/"},{"@type":"ListItem","position":2,"name":"Shop","item":"https:\/\/talenti.si\/en\/shop\/"},{"@type":"ListItem","position":3,"name":"Bicycle Cards Disney Villains"}]},{"@type":"WebSite","@id":"https:\/\/talenti.si\/en\/#website","url":"https:\/\/talenti.si\/en\/","name":"Talenti.si","description":"Spletna trgovina za vse \u017eonglerje in podobne talente. Vse za \u017eongliranje, yoyo, frizbi, bumerang, kite... in \u0161e in \u0161e.","publisher":{"@id":"https:\/\/talenti.si\/en\/#organization"},"potentialAction":[{"@type":"SearchAction","target":{"@type":"EntryPoint","urlTemplate":"https:\/\/talenti.si\/en\/?s={search_term_string}"},"query-input":{"@type":"PropertyValueSpecification","valueRequired":true,"valueName":"search_term_string"}}],"inLanguage":"en-US"},{"@type":"Organization","@id":"https:\/\/talenti.si\/en\/#organization","name":"Talenti.si","url":"https:\/\/talenti.si\/en\/","logo":{"@type":"ImageObject","inLanguage":"en-US","@id":"https:\/\/talenti.si\/en\/#\/schema\/logo\/image\/","url":"https:\/\/talenti.si\/wp-content\/uploads\/2021\/12\/logo-talent-pravi-dark.png","contentUrl":"https:\/\/talenti.si\/wp-content\/uploads\/2021\/12\/logo-talent-pravi-dark.png","width":145,"height":83,"caption":"Talenti.si"},"image":{"@id":"https:\/\/talenti.si\/en\/#\/schema\/logo\/image\/"}}]}},"brands":[{"id":2030,"name":"Bicycle","slug":"bicycle-en"}],"_links":{"self":[{"href":"https:\/\/talenti.si\/en\/wp-json\/wp\/v2\/product\/32973","targetHints":{"allow":["GET"]}}],"collection":[{"href":"https:\/\/talenti.si\/en\/wp-json\/wp\/v2\/product"}],"about":[{"href":"https:\/\/talenti.si\/en\/wp-json\/wp\/v2\/types\/product"}],"replies":[{"embeddable":true,"href":"https:\/\/talenti.si\/en\/wp-json\/wp\/v2\/comments?post=32973"}],"wp:featuredmedia":[{"embeddable":true,"href":"https:\/\/talenti.si\/en\/wp-json\/wp\/v2\/media\/32977"}],"wp:attachment":[{"href":"https:\/\/talenti.si\/en\/wp-json\/wp\/v2\/media?parent=32973"}],"wp:term":[{"taxonomy":"pwb-brand","embeddable":true,"href":"https:\/\/talenti.si\/en\/wp-json\/wp\/v2\/pwb-brand?post=32973"},{"taxonomy":"product_brand","embeddable":true,"href":"https:\/\/talenti.si\/en\/wp-json\/wp\/v2\/product_brand?post=32973"},{"taxonomy":"product_cat","embeddable":true,"href":"https:\/\/talenti.si\/en\/wp-json\/wp\/v2\/product_cat?post=32973"},{"taxonomy":"product_tag","embeddable":true,"href":"https:\/\/talenti.si\/en\/wp-json\/wp\/v2\/product_tag?post=32973"}],"curies":[{"name":"wp","href":"https:\/\/api.w.org\/{rel}","templated":true}]}}