{"id":36688,"date":"2025-05-13T11:47:10","date_gmt":"2025-05-13T11:47:10","guid":{"rendered":"https:\/\/talenti.si\/?post_type=product&#038;p=36688"},"modified":"2025-06-05T12:04:19","modified_gmt":"2025-06-05T12:04:19","slug":"janod-wooden-moneybox-unicorn","status":"publish","type":"product","link":"https:\/\/talenti.si\/en\/miscellaneous\/childrens-backpacks-and-accessories\/janod-wooden-moneybox-unicorn\/","title":{"rendered":"Janod Wooden moneybox Unicorn"},"content":{"rendered":"<p>This little unicorn is a pretty wooden moneybox that will help your child keeping his coins and banknotes throughout the year. Your child can then see his savings through the transparent section at the front. And it will be easy to get them back thanks to the magnetic opening located at the back of the animal. It will be a real pleasure to save money!<\/p>\n<p><strong><span style=\"line-height: 14px;\">Features: <\/span><\/strong><\/p>\n<ul>\n<li><span style=\"line-height: 14px;\">Dimensions:<strong> 17,7 <\/strong>x<strong> 12<\/strong> x<strong> 17,5 <\/strong>cm<\/span><\/li>\n<li><span style=\"line-height: 14px;\">Materials &#8211; <strong>wood<\/strong><\/span><\/li>\n<li><span style=\"line-height: 14px;\">Recommended age:<\/span> <span style=\"line-height: 14px;\"><b>3+<\/b><\/span><\/li>\n<\/ul>\n<p><strong style=\"font-size: 10px;\">WARNING!<\/strong> <span style=\"font-size: 10px;\">This product is not suitable for children under 3 years of age. Small parts <\/span><span style=\"font-size: 10px;\">can be a choking hazard if inhaled or swallowed. Remove packaging before handing it to a child. Save this information for future reference.<\/span><\/p>\n","protected":false},"excerpt":{"rendered":"<p>This little unicorn is a pretty wooden moneybox that will help your child keeping his coins and banknotes throughout the year. Your child can then see his savings through the transparent section at the front. And it will be easy to get them back thanks to the magnetic opening located at the back of the [&hellip;]<\/p>\n","protected":false},"featured_media":36848,"comment_status":"open","ping_status":"closed","template":"","meta":{"_acf_changed":false},"pwb-brand":[2074],"product_brand":[],"product_cat":[1755],"product_tag":[2186,2779,4337],"class_list":{"0":"post-36688","1":"product","2":"type-product","3":"status-publish","4":"has-post-thumbnail","6":"pwb-brand-janod-en","7":"product_cat-childrens-backpacks-and-accessories","8":"product_tag-janod-en","9":"product_tag-moneybox","10":"product_tag-unicorn-en-2","12":"first","13":"instock","14":"taxable","15":"shipping-taxable","16":"purchasable","17":"product-type-simple"},"acf":[],"yoast_head":"<!-- This site is optimized with the Yoast SEO plugin v25.8 - https:\/\/yoast.com\/wordpress\/plugins\/seo\/ -->\n<title>Janod Wooden moneybox Unicorn - Talenti.si<\/title>\n<meta name=\"description\" content=\"This cute little moneybox is for anyone who wants to keep their savings safe.\" \/>\n<meta name=\"robots\" content=\"index, follow, max-snippet:-1, max-image-preview:large, max-video-preview:-1\" \/>\n<link rel=\"canonical\" href=\"https:\/\/talenti.si\/en\/miscellaneous\/childrens-backpacks-and-accessories\/janod-wooden-moneybox-unicorn\/\" \/>\n<meta property=\"og:locale\" content=\"en_US\" \/>\n<meta property=\"og:type\" content=\"article\" \/>\n<meta property=\"og:title\" content=\"Janod Wooden moneybox Unicorn - Talenti.si\" \/>\n<meta property=\"og:description\" content=\"This cute little moneybox is for anyone who wants to keep their savings safe.\" \/>\n<meta property=\"og:url\" content=\"https:\/\/talenti.si\/en\/miscellaneous\/childrens-backpacks-and-accessories\/janod-wooden-moneybox-unicorn\/\" \/>\n<meta property=\"og:site_name\" content=\"Talenti.si\" \/>\n<meta property=\"article:modified_time\" content=\"2025-06-05T12:04:19+00:00\" \/>\n<meta property=\"og:image\" content=\"https:\/\/talenti.si\/wp-content\/uploads\/2025\/05\/janod-lesen-hranilnik-samorog.webp\" \/>\n\t<meta property=\"og:image:width\" content=\"1000\" \/>\n\t<meta property=\"og:image:height\" content=\"1000\" \/>\n\t<meta property=\"og:image:type\" content=\"image\/webp\" \/>\n<meta name=\"twitter:card\" content=\"summary_large_image\" \/>\n<meta name=\"twitter:label1\" content=\"Est. reading time\" \/>\n\t<meta name=\"twitter:data1\" content=\"1 minute\" \/>\n<script type=\"application\/ld+json\" class=\"yoast-schema-graph\">{\"@context\":\"https:\/\/schema.org\",\"@graph\":[{\"@type\":\"WebPage\",\"@id\":\"https:\/\/talenti.si\/en\/miscellaneous\/childrens-backpacks-and-accessories\/janod-wooden-moneybox-unicorn\/\",\"url\":\"https:\/\/talenti.si\/en\/miscellaneous\/childrens-backpacks-and-accessories\/janod-wooden-moneybox-unicorn\/\",\"name\":\"Janod Wooden moneybox Unicorn - Talenti.si\",\"isPartOf\":{\"@id\":\"https:\/\/talenti.si\/en\/#website\"},\"primaryImageOfPage\":{\"@id\":\"https:\/\/talenti.si\/en\/miscellaneous\/childrens-backpacks-and-accessories\/janod-wooden-moneybox-unicorn\/#primaryimage\"},\"image\":{\"@id\":\"https:\/\/talenti.si\/en\/miscellaneous\/childrens-backpacks-and-accessories\/janod-wooden-moneybox-unicorn\/#primaryimage\"},\"thumbnailUrl\":\"https:\/\/talenti.si\/wp-content\/uploads\/2025\/05\/janod-lesen-hranilnik-samorog.webp\",\"datePublished\":\"2025-05-13T11:47:10+00:00\",\"dateModified\":\"2025-06-05T12:04:19+00:00\",\"description\":\"This cute little moneybox is for anyone who wants to keep their savings safe.\",\"breadcrumb\":{\"@id\":\"https:\/\/talenti.si\/en\/miscellaneous\/childrens-backpacks-and-accessories\/janod-wooden-moneybox-unicorn\/#breadcrumb\"},\"inLanguage\":\"en-US\",\"potentialAction\":[{\"@type\":\"ReadAction\",\"target\":[\"https:\/\/talenti.si\/en\/miscellaneous\/childrens-backpacks-and-accessories\/janod-wooden-moneybox-unicorn\/\"]}]},{\"@type\":\"ImageObject\",\"inLanguage\":\"en-US\",\"@id\":\"https:\/\/talenti.si\/en\/miscellaneous\/childrens-backpacks-and-accessories\/janod-wooden-moneybox-unicorn\/#primaryimage\",\"url\":\"https:\/\/talenti.si\/wp-content\/uploads\/2025\/05\/janod-lesen-hranilnik-samorog.webp\",\"contentUrl\":\"https:\/\/talenti.si\/wp-content\/uploads\/2025\/05\/janod-lesen-hranilnik-samorog.webp\",\"width\":1000,\"height\":1000},{\"@type\":\"BreadcrumbList\",\"@id\":\"https:\/\/talenti.si\/en\/miscellaneous\/childrens-backpacks-and-accessories\/janod-wooden-moneybox-unicorn\/#breadcrumb\",\"itemListElement\":[{\"@type\":\"ListItem\",\"position\":1,\"name\":\"Home\",\"item\":\"https:\/\/talenti.si\/en\/\"},{\"@type\":\"ListItem\",\"position\":2,\"name\":\"Shop\",\"item\":\"https:\/\/talenti.si\/en\/shop\/\"},{\"@type\":\"ListItem\",\"position\":3,\"name\":\"Janod Wooden moneybox Unicorn\"}]},{\"@type\":\"WebSite\",\"@id\":\"https:\/\/talenti.si\/en\/#website\",\"url\":\"https:\/\/talenti.si\/en\/\",\"name\":\"Talenti.si\",\"description\":\"Spletna trgovina za vse \u017eonglerje in podobne talente. Vse za \u017eongliranje, yoyo, frizbi, bumerang, kite... in \u0161e in \u0161e.\",\"publisher\":{\"@id\":\"https:\/\/talenti.si\/en\/#organization\"},\"potentialAction\":[{\"@type\":\"SearchAction\",\"target\":{\"@type\":\"EntryPoint\",\"urlTemplate\":\"https:\/\/talenti.si\/en\/?s={search_term_string}\"},\"query-input\":{\"@type\":\"PropertyValueSpecification\",\"valueRequired\":true,\"valueName\":\"search_term_string\"}}],\"inLanguage\":\"en-US\"},{\"@type\":\"Organization\",\"@id\":\"https:\/\/talenti.si\/en\/#organization\",\"name\":\"Talenti.si\",\"url\":\"https:\/\/talenti.si\/en\/\",\"logo\":{\"@type\":\"ImageObject\",\"inLanguage\":\"en-US\",\"@id\":\"https:\/\/talenti.si\/en\/#\/schema\/logo\/image\/\",\"url\":\"https:\/\/talenti.si\/wp-content\/uploads\/2021\/12\/logo-talent-pravi-dark.png\",\"contentUrl\":\"https:\/\/talenti.si\/wp-content\/uploads\/2021\/12\/logo-talent-pravi-dark.png\",\"width\":145,\"height\":83,\"caption\":\"Talenti.si\"},\"image\":{\"@id\":\"https:\/\/talenti.si\/en\/#\/schema\/logo\/image\/\"}}]}<\/script>\n<!-- \/ Yoast SEO plugin. -->","yoast_head_json":{"title":"Janod Wooden moneybox Unicorn - Talenti.si","description":"This cute little moneybox is for anyone who wants to keep their savings safe.","robots":{"index":"index","follow":"follow","max-snippet":"max-snippet:-1","max-image-preview":"max-image-preview:large","max-video-preview":"max-video-preview:-1"},"canonical":"https:\/\/talenti.si\/en\/miscellaneous\/childrens-backpacks-and-accessories\/janod-wooden-moneybox-unicorn\/","og_locale":"en_US","og_type":"article","og_title":"Janod Wooden moneybox Unicorn - Talenti.si","og_description":"This cute little moneybox is for anyone who wants to keep their savings safe.","og_url":"https:\/\/talenti.si\/en\/miscellaneous\/childrens-backpacks-and-accessories\/janod-wooden-moneybox-unicorn\/","og_site_name":"Talenti.si","article_modified_time":"2025-06-05T12:04:19+00:00","og_image":[{"width":1000,"height":1000,"url":"https:\/\/talenti.si\/wp-content\/uploads\/2025\/05\/janod-lesen-hranilnik-samorog.webp","type":"image\/webp"}],"twitter_card":"summary_large_image","twitter_misc":{"Est. reading time":"1 minute"},"schema":{"@context":"https:\/\/schema.org","@graph":[{"@type":"WebPage","@id":"https:\/\/talenti.si\/en\/miscellaneous\/childrens-backpacks-and-accessories\/janod-wooden-moneybox-unicorn\/","url":"https:\/\/talenti.si\/en\/miscellaneous\/childrens-backpacks-and-accessories\/janod-wooden-moneybox-unicorn\/","name":"Janod Wooden moneybox Unicorn - Talenti.si","isPartOf":{"@id":"https:\/\/talenti.si\/en\/#website"},"primaryImageOfPage":{"@id":"https:\/\/talenti.si\/en\/miscellaneous\/childrens-backpacks-and-accessories\/janod-wooden-moneybox-unicorn\/#primaryimage"},"image":{"@id":"https:\/\/talenti.si\/en\/miscellaneous\/childrens-backpacks-and-accessories\/janod-wooden-moneybox-unicorn\/#primaryimage"},"thumbnailUrl":"https:\/\/talenti.si\/wp-content\/uploads\/2025\/05\/janod-lesen-hranilnik-samorog.webp","datePublished":"2025-05-13T11:47:10+00:00","dateModified":"2025-06-05T12:04:19+00:00","description":"This cute little moneybox is for anyone who wants to keep their savings safe.","breadcrumb":{"@id":"https:\/\/talenti.si\/en\/miscellaneous\/childrens-backpacks-and-accessories\/janod-wooden-moneybox-unicorn\/#breadcrumb"},"inLanguage":"en-US","potentialAction":[{"@type":"ReadAction","target":["https:\/\/talenti.si\/en\/miscellaneous\/childrens-backpacks-and-accessories\/janod-wooden-moneybox-unicorn\/"]}]},{"@type":"ImageObject","inLanguage":"en-US","@id":"https:\/\/talenti.si\/en\/miscellaneous\/childrens-backpacks-and-accessories\/janod-wooden-moneybox-unicorn\/#primaryimage","url":"https:\/\/talenti.si\/wp-content\/uploads\/2025\/05\/janod-lesen-hranilnik-samorog.webp","contentUrl":"https:\/\/talenti.si\/wp-content\/uploads\/2025\/05\/janod-lesen-hranilnik-samorog.webp","width":1000,"height":1000},{"@type":"BreadcrumbList","@id":"https:\/\/talenti.si\/en\/miscellaneous\/childrens-backpacks-and-accessories\/janod-wooden-moneybox-unicorn\/#breadcrumb","itemListElement":[{"@type":"ListItem","position":1,"name":"Home","item":"https:\/\/talenti.si\/en\/"},{"@type":"ListItem","position":2,"name":"Shop","item":"https:\/\/talenti.si\/en\/shop\/"},{"@type":"ListItem","position":3,"name":"Janod Wooden moneybox Unicorn"}]},{"@type":"WebSite","@id":"https:\/\/talenti.si\/en\/#website","url":"https:\/\/talenti.si\/en\/","name":"Talenti.si","description":"Spletna trgovina za vse \u017eonglerje in podobne talente. Vse za \u017eongliranje, yoyo, frizbi, bumerang, kite... in \u0161e in \u0161e.","publisher":{"@id":"https:\/\/talenti.si\/en\/#organization"},"potentialAction":[{"@type":"SearchAction","target":{"@type":"EntryPoint","urlTemplate":"https:\/\/talenti.si\/en\/?s={search_term_string}"},"query-input":{"@type":"PropertyValueSpecification","valueRequired":true,"valueName":"search_term_string"}}],"inLanguage":"en-US"},{"@type":"Organization","@id":"https:\/\/talenti.si\/en\/#organization","name":"Talenti.si","url":"https:\/\/talenti.si\/en\/","logo":{"@type":"ImageObject","inLanguage":"en-US","@id":"https:\/\/talenti.si\/en\/#\/schema\/logo\/image\/","url":"https:\/\/talenti.si\/wp-content\/uploads\/2021\/12\/logo-talent-pravi-dark.png","contentUrl":"https:\/\/talenti.si\/wp-content\/uploads\/2021\/12\/logo-talent-pravi-dark.png","width":145,"height":83,"caption":"Talenti.si"},"image":{"@id":"https:\/\/talenti.si\/en\/#\/schema\/logo\/image\/"}}]}},"brands":[{"id":2074,"name":"Janod","slug":"janod-en"}],"_links":{"self":[{"href":"https:\/\/talenti.si\/en\/wp-json\/wp\/v2\/product\/36688","targetHints":{"allow":["GET"]}}],"collection":[{"href":"https:\/\/talenti.si\/en\/wp-json\/wp\/v2\/product"}],"about":[{"href":"https:\/\/talenti.si\/en\/wp-json\/wp\/v2\/types\/product"}],"replies":[{"embeddable":true,"href":"https:\/\/talenti.si\/en\/wp-json\/wp\/v2\/comments?post=36688"}],"wp:featuredmedia":[{"embeddable":true,"href":"https:\/\/talenti.si\/en\/wp-json\/wp\/v2\/media\/36848"}],"wp:attachment":[{"href":"https:\/\/talenti.si\/en\/wp-json\/wp\/v2\/media?parent=36688"}],"wp:term":[{"taxonomy":"pwb-brand","embeddable":true,"href":"https:\/\/talenti.si\/en\/wp-json\/wp\/v2\/pwb-brand?post=36688"},{"taxonomy":"product_brand","embeddable":true,"href":"https:\/\/talenti.si\/en\/wp-json\/wp\/v2\/product_brand?post=36688"},{"taxonomy":"product_cat","embeddable":true,"href":"https:\/\/talenti.si\/en\/wp-json\/wp\/v2\/product_cat?post=36688"},{"taxonomy":"product_tag","embeddable":true,"href":"https:\/\/talenti.si\/en\/wp-json\/wp\/v2\/product_tag?post=36688"}],"curies":[{"name":"wp","href":"https:\/\/api.w.org\/{rel}","templated":true}]}}