{"id":37294,"date":"2025-07-26T14:20:58","date_gmt":"2025-07-26T14:20:58","guid":{"rendered":"https:\/\/talenti.si\/?post_type=product&#038;p=37294"},"modified":"2026-03-24T13:10:13","modified_gmt":"2026-03-24T13:10:13","slug":"kaloo-naomie-doll-25-cm","status":"publish","type":"product","link":"https:\/\/talenti.si\/en\/toys\/comfort-soft-toys\/kaloo-naomie-doll-25-cm\/","title":{"rendered":"Kaloo Naomie Doll 25 cm"},"content":{"rendered":"<p>The adorable Kaloo doll, with her friendly smile, will quickly become your little treasure&#8217;s favorite everyday companion. She is dressed in a soft yellow dress with a matching headband and booties, and her arms and legs allow for easy grip by little hands, making her suitable for children from birth onwards. It has a ribbon tied around its neck where you can write the child&#8217;s name. Packaged in beautiful packaging, it can be a wonderful birthday gift that you definitely won&#8217;t go wrong with!<\/p>\n<p><strong>Features:<\/strong><\/p>\n<ul>\n<li>Dimensions: <b>25 <\/b>cm<\/li>\n<li>Materials &#8211; <b>velvet<\/b>, <strong>polyester <\/strong><\/li>\n<li>Care instructions: machine-washable at 30\u00b0C, without softener, stain remover or other additive<\/li>\n<\/ul>\n<ul>\n<li>Recommended age: <strong>0+ months<\/strong><\/li>\n<\/ul>\n<p><strong style=\"font-size: 10px;\">WARNING!<\/strong><span style=\"font-size: 10px;\"> Before handing the item to the child, remove all packaging parts. Save this information for future reference.<\/span><\/p>\n","protected":false},"excerpt":{"rendered":"<p>The adorable Kaloo doll, with her friendly smile, will quickly become your little treasure&#8217;s favorite everyday companion. She is dressed in a soft yellow dress with a matching headband and booties, and her arms and legs allow for easy grip by little hands, making her suitable for children from birth onwards. It has a ribbon [&hellip;]<\/p>\n","protected":false},"featured_media":37583,"comment_status":"open","ping_status":"closed","template":"","meta":{"_acf_changed":false},"pwb-brand":[4082],"product_brand":[],"product_cat":[4092],"product_tag":[2435,2836,4094,2959],"class_list":{"0":"post-37294","1":"product","2":"type-product","3":"status-publish","4":"has-post-thumbnail","6":"pwb-brand-kaloo-en","7":"product_cat-comfort-soft-toys","8":"product_tag-babies","9":"product_tag-doll","10":"product_tag-kaloo-en","11":"product_tag-toys","13":"first","14":"outofstock","15":"taxable","16":"shipping-taxable","17":"purchasable","18":"product-type-simple"},"acf":[],"yoast_head":"<!-- This site is optimized with the Yoast SEO plugin v25.8 - https:\/\/yoast.com\/wordpress\/plugins\/seo\/ -->\n<title>Kaloo Naomie Doll 25 cm - Talenti.si<\/title>\n<meta name=\"description\" content=\"The adorable Kaloo doll, with her friendly smile, will quickly become your little treasure&#039;s favorite everyday companion.\" \/>\n<meta name=\"robots\" content=\"index, follow, max-snippet:-1, max-image-preview:large, max-video-preview:-1\" \/>\n<link rel=\"canonical\" href=\"https:\/\/talenti.si\/en\/toys\/comfort-soft-toys\/kaloo-naomie-doll-25-cm\/\" \/>\n<meta property=\"og:locale\" content=\"en_US\" \/>\n<meta property=\"og:type\" content=\"article\" \/>\n<meta property=\"og:title\" content=\"Kaloo Naomie Doll 25 cm - Talenti.si\" \/>\n<meta property=\"og:description\" content=\"The adorable Kaloo doll, with her friendly smile, will quickly become your little treasure&#039;s favorite everyday companion.\" \/>\n<meta property=\"og:url\" content=\"https:\/\/talenti.si\/en\/toys\/comfort-soft-toys\/kaloo-naomie-doll-25-cm\/\" \/>\n<meta property=\"og:site_name\" content=\"Talenti.si\" \/>\n<meta property=\"article:modified_time\" content=\"2026-03-24T13:10:13+00:00\" \/>\n<meta property=\"og:image\" content=\"https:\/\/talenti.si\/wp-content\/uploads\/2025\/07\/naomie-25-cm.jpg\" \/>\n\t<meta property=\"og:image:width\" content=\"500\" \/>\n\t<meta property=\"og:image:height\" content=\"500\" \/>\n\t<meta property=\"og:image:type\" content=\"image\/jpeg\" \/>\n<meta name=\"twitter:card\" content=\"summary_large_image\" \/>\n<meta name=\"twitter:label1\" content=\"Est. reading time\" \/>\n\t<meta name=\"twitter:data1\" content=\"1 minute\" \/>\n<script type=\"application\/ld+json\" class=\"yoast-schema-graph\">{\"@context\":\"https:\/\/schema.org\",\"@graph\":[{\"@type\":\"WebPage\",\"@id\":\"https:\/\/talenti.si\/en\/toys\/comfort-soft-toys\/kaloo-naomie-doll-25-cm\/\",\"url\":\"https:\/\/talenti.si\/en\/toys\/comfort-soft-toys\/kaloo-naomie-doll-25-cm\/\",\"name\":\"Kaloo Naomie Doll 25 cm - Talenti.si\",\"isPartOf\":{\"@id\":\"https:\/\/talenti.si\/en\/#website\"},\"primaryImageOfPage\":{\"@id\":\"https:\/\/talenti.si\/en\/toys\/comfort-soft-toys\/kaloo-naomie-doll-25-cm\/#primaryimage\"},\"image\":{\"@id\":\"https:\/\/talenti.si\/en\/toys\/comfort-soft-toys\/kaloo-naomie-doll-25-cm\/#primaryimage\"},\"thumbnailUrl\":\"https:\/\/talenti.si\/wp-content\/uploads\/2025\/07\/naomie-25-cm.jpg\",\"datePublished\":\"2025-07-26T14:20:58+00:00\",\"dateModified\":\"2026-03-24T13:10:13+00:00\",\"description\":\"The adorable Kaloo doll, with her friendly smile, will quickly become your little treasure's favorite everyday companion.\",\"breadcrumb\":{\"@id\":\"https:\/\/talenti.si\/en\/toys\/comfort-soft-toys\/kaloo-naomie-doll-25-cm\/#breadcrumb\"},\"inLanguage\":\"en-US\",\"potentialAction\":[{\"@type\":\"ReadAction\",\"target\":[\"https:\/\/talenti.si\/en\/toys\/comfort-soft-toys\/kaloo-naomie-doll-25-cm\/\"]}]},{\"@type\":\"ImageObject\",\"inLanguage\":\"en-US\",\"@id\":\"https:\/\/talenti.si\/en\/toys\/comfort-soft-toys\/kaloo-naomie-doll-25-cm\/#primaryimage\",\"url\":\"https:\/\/talenti.si\/wp-content\/uploads\/2025\/07\/naomie-25-cm.jpg\",\"contentUrl\":\"https:\/\/talenti.si\/wp-content\/uploads\/2025\/07\/naomie-25-cm.jpg\",\"width\":500,\"height\":500},{\"@type\":\"BreadcrumbList\",\"@id\":\"https:\/\/talenti.si\/en\/toys\/comfort-soft-toys\/kaloo-naomie-doll-25-cm\/#breadcrumb\",\"itemListElement\":[{\"@type\":\"ListItem\",\"position\":1,\"name\":\"Home\",\"item\":\"https:\/\/talenti.si\/en\/\"},{\"@type\":\"ListItem\",\"position\":2,\"name\":\"Shop\",\"item\":\"https:\/\/talenti.si\/en\/shop\/\"},{\"@type\":\"ListItem\",\"position\":3,\"name\":\"Kaloo Naomie Doll 25 cm\"}]},{\"@type\":\"WebSite\",\"@id\":\"https:\/\/talenti.si\/en\/#website\",\"url\":\"https:\/\/talenti.si\/en\/\",\"name\":\"Talenti.si\",\"description\":\"Spletna trgovina za vse \u017eonglerje in podobne talente. Vse za \u017eongliranje, yoyo, frizbi, bumerang, kite... in \u0161e in \u0161e.\",\"publisher\":{\"@id\":\"https:\/\/talenti.si\/en\/#organization\"},\"potentialAction\":[{\"@type\":\"SearchAction\",\"target\":{\"@type\":\"EntryPoint\",\"urlTemplate\":\"https:\/\/talenti.si\/en\/?s={search_term_string}\"},\"query-input\":{\"@type\":\"PropertyValueSpecification\",\"valueRequired\":true,\"valueName\":\"search_term_string\"}}],\"inLanguage\":\"en-US\"},{\"@type\":\"Organization\",\"@id\":\"https:\/\/talenti.si\/en\/#organization\",\"name\":\"Talenti.si\",\"url\":\"https:\/\/talenti.si\/en\/\",\"logo\":{\"@type\":\"ImageObject\",\"inLanguage\":\"en-US\",\"@id\":\"https:\/\/talenti.si\/en\/#\/schema\/logo\/image\/\",\"url\":\"https:\/\/talenti.si\/wp-content\/uploads\/2021\/12\/logo-talent-pravi-dark.png\",\"contentUrl\":\"https:\/\/talenti.si\/wp-content\/uploads\/2021\/12\/logo-talent-pravi-dark.png\",\"width\":145,\"height\":83,\"caption\":\"Talenti.si\"},\"image\":{\"@id\":\"https:\/\/talenti.si\/en\/#\/schema\/logo\/image\/\"}}]}<\/script>\n<!-- \/ Yoast SEO plugin. -->","yoast_head_json":{"title":"Kaloo Naomie Doll 25 cm - Talenti.si","description":"The adorable Kaloo doll, with her friendly smile, will quickly become your little treasure's favorite everyday companion.","robots":{"index":"index","follow":"follow","max-snippet":"max-snippet:-1","max-image-preview":"max-image-preview:large","max-video-preview":"max-video-preview:-1"},"canonical":"https:\/\/talenti.si\/en\/toys\/comfort-soft-toys\/kaloo-naomie-doll-25-cm\/","og_locale":"en_US","og_type":"article","og_title":"Kaloo Naomie Doll 25 cm - Talenti.si","og_description":"The adorable Kaloo doll, with her friendly smile, will quickly become your little treasure's favorite everyday companion.","og_url":"https:\/\/talenti.si\/en\/toys\/comfort-soft-toys\/kaloo-naomie-doll-25-cm\/","og_site_name":"Talenti.si","article_modified_time":"2026-03-24T13:10:13+00:00","og_image":[{"width":500,"height":500,"url":"https:\/\/talenti.si\/wp-content\/uploads\/2025\/07\/naomie-25-cm.jpg","type":"image\/jpeg"}],"twitter_card":"summary_large_image","twitter_misc":{"Est. reading time":"1 minute"},"schema":{"@context":"https:\/\/schema.org","@graph":[{"@type":"WebPage","@id":"https:\/\/talenti.si\/en\/toys\/comfort-soft-toys\/kaloo-naomie-doll-25-cm\/","url":"https:\/\/talenti.si\/en\/toys\/comfort-soft-toys\/kaloo-naomie-doll-25-cm\/","name":"Kaloo Naomie Doll 25 cm - Talenti.si","isPartOf":{"@id":"https:\/\/talenti.si\/en\/#website"},"primaryImageOfPage":{"@id":"https:\/\/talenti.si\/en\/toys\/comfort-soft-toys\/kaloo-naomie-doll-25-cm\/#primaryimage"},"image":{"@id":"https:\/\/talenti.si\/en\/toys\/comfort-soft-toys\/kaloo-naomie-doll-25-cm\/#primaryimage"},"thumbnailUrl":"https:\/\/talenti.si\/wp-content\/uploads\/2025\/07\/naomie-25-cm.jpg","datePublished":"2025-07-26T14:20:58+00:00","dateModified":"2026-03-24T13:10:13+00:00","description":"The adorable Kaloo doll, with her friendly smile, will quickly become your little treasure's favorite everyday companion.","breadcrumb":{"@id":"https:\/\/talenti.si\/en\/toys\/comfort-soft-toys\/kaloo-naomie-doll-25-cm\/#breadcrumb"},"inLanguage":"en-US","potentialAction":[{"@type":"ReadAction","target":["https:\/\/talenti.si\/en\/toys\/comfort-soft-toys\/kaloo-naomie-doll-25-cm\/"]}]},{"@type":"ImageObject","inLanguage":"en-US","@id":"https:\/\/talenti.si\/en\/toys\/comfort-soft-toys\/kaloo-naomie-doll-25-cm\/#primaryimage","url":"https:\/\/talenti.si\/wp-content\/uploads\/2025\/07\/naomie-25-cm.jpg","contentUrl":"https:\/\/talenti.si\/wp-content\/uploads\/2025\/07\/naomie-25-cm.jpg","width":500,"height":500},{"@type":"BreadcrumbList","@id":"https:\/\/talenti.si\/en\/toys\/comfort-soft-toys\/kaloo-naomie-doll-25-cm\/#breadcrumb","itemListElement":[{"@type":"ListItem","position":1,"name":"Home","item":"https:\/\/talenti.si\/en\/"},{"@type":"ListItem","position":2,"name":"Shop","item":"https:\/\/talenti.si\/en\/shop\/"},{"@type":"ListItem","position":3,"name":"Kaloo Naomie Doll 25 cm"}]},{"@type":"WebSite","@id":"https:\/\/talenti.si\/en\/#website","url":"https:\/\/talenti.si\/en\/","name":"Talenti.si","description":"Spletna trgovina za vse \u017eonglerje in podobne talente. Vse za \u017eongliranje, yoyo, frizbi, bumerang, kite... in \u0161e in \u0161e.","publisher":{"@id":"https:\/\/talenti.si\/en\/#organization"},"potentialAction":[{"@type":"SearchAction","target":{"@type":"EntryPoint","urlTemplate":"https:\/\/talenti.si\/en\/?s={search_term_string}"},"query-input":{"@type":"PropertyValueSpecification","valueRequired":true,"valueName":"search_term_string"}}],"inLanguage":"en-US"},{"@type":"Organization","@id":"https:\/\/talenti.si\/en\/#organization","name":"Talenti.si","url":"https:\/\/talenti.si\/en\/","logo":{"@type":"ImageObject","inLanguage":"en-US","@id":"https:\/\/talenti.si\/en\/#\/schema\/logo\/image\/","url":"https:\/\/talenti.si\/wp-content\/uploads\/2021\/12\/logo-talent-pravi-dark.png","contentUrl":"https:\/\/talenti.si\/wp-content\/uploads\/2021\/12\/logo-talent-pravi-dark.png","width":145,"height":83,"caption":"Talenti.si"},"image":{"@id":"https:\/\/talenti.si\/en\/#\/schema\/logo\/image\/"}}]}},"brands":[{"id":4082,"name":"Kaloo","slug":"kaloo-en"}],"_links":{"self":[{"href":"https:\/\/talenti.si\/en\/wp-json\/wp\/v2\/product\/37294","targetHints":{"allow":["GET"]}}],"collection":[{"href":"https:\/\/talenti.si\/en\/wp-json\/wp\/v2\/product"}],"about":[{"href":"https:\/\/talenti.si\/en\/wp-json\/wp\/v2\/types\/product"}],"replies":[{"embeddable":true,"href":"https:\/\/talenti.si\/en\/wp-json\/wp\/v2\/comments?post=37294"}],"wp:featuredmedia":[{"embeddable":true,"href":"https:\/\/talenti.si\/en\/wp-json\/wp\/v2\/media\/37583"}],"wp:attachment":[{"href":"https:\/\/talenti.si\/en\/wp-json\/wp\/v2\/media?parent=37294"}],"wp:term":[{"taxonomy":"pwb-brand","embeddable":true,"href":"https:\/\/talenti.si\/en\/wp-json\/wp\/v2\/pwb-brand?post=37294"},{"taxonomy":"product_brand","embeddable":true,"href":"https:\/\/talenti.si\/en\/wp-json\/wp\/v2\/product_brand?post=37294"},{"taxonomy":"product_cat","embeddable":true,"href":"https:\/\/talenti.si\/en\/wp-json\/wp\/v2\/product_cat?post=37294"},{"taxonomy":"product_tag","embeddable":true,"href":"https:\/\/talenti.si\/en\/wp-json\/wp\/v2\/product_tag?post=37294"}],"curies":[{"name":"wp","href":"https:\/\/api.w.org\/{rel}","templated":true}]}}