{"id":40696,"date":"2026-04-13T18:51:46","date_gmt":"2026-04-13T18:51:46","guid":{"rendered":"https:\/\/talenti.si\/uncategorized\/lilliputiens-water-bottle-joe-400-ml\/"},"modified":"2026-04-13T18:51:46","modified_gmt":"2026-04-13T18:51:46","slug":"lilliputiens-water-bottle-joe-400-ml","status":"publish","type":"product","link":"https:\/\/talenti.si\/en\/miscellaneous\/childrens-backpacks-and-accessories\/lilliputiens-water-bottle-joe-400-ml\/","title":{"rendered":"Lilliputiens water bottle Joe 400 ml"},"content":{"rendered":"<p>A cute and practical bottle for children is ideal for everyday use at home, in kindergarten or on trips.<\/p>\n<p>It is made of high-quality stainless steel and does not emit harmful substances into the liquid. The plastic screw-on cap, foldable mouthpiece and straw allow children to easily use and drink independently. The sealing cap effectively prevents spills, so it is suitable for a bag or backpack without worry, while the convenient handle makes it easy to hold and carry even for the smallest children&#8217;s hands.  <\/p>\n<p>The colorful and playful design will delight every child and encourage them to remember to drink regularly and stay properly hydrated throughout the day.<\/p>\n<p><strong>Features:<\/strong><\/p>\n<ul>\n<li>Dimensions: <strong>7<\/strong> cm x <strong>8<\/strong> cm x <b>17 <\/b>cm<\/li>\n<li>Capacity: <strong>400<\/strong> ml<\/li>\n<li>Materials &#8211; <strong>stainless steel, plastic<\/strong><\/li>\n<li>Care instructions: dishwasher safe<\/li>\n<\/ul>\n","protected":false},"excerpt":{"rendered":"<p>A cute and practical bottle for children is ideal for everyday use at home, in kindergarten or on trips. It is made of high-quality stainless steel and does not emit harmful substances into the liquid. The plastic screw-on cap, foldable mouthpiece and straw allow children to easily use and drink independently. The sealing cap effectively [&hellip;]<\/p>\n","protected":false},"featured_media":40659,"comment_status":"open","ping_status":"closed","template":"","meta":{"_acf_changed":false},"pwb-brand":[4384],"product_brand":[],"product_cat":[1755],"product_tag":[4505,4504,2191,4411],"class_list":{"0":"post-40696","1":"product","2":"type-product","3":"status-publish","4":"has-post-thumbnail","6":"pwb-brand-lilliputiens-en","7":"product_cat-childrens-backpacks-and-accessories","8":"product_tag-bottle","9":"product_tag-feeding","10":"product_tag-free-time","11":"product_tag-lilliputiens","13":"first","14":"instock","15":"taxable","16":"shipping-taxable","17":"purchasable","18":"product-type-simple"},"acf":[],"yoast_head":"<!-- This site is optimized with the Yoast SEO plugin v25.8 - https:\/\/yoast.com\/wordpress\/plugins\/seo\/ -->\n<title>Lilliputiens water bottle Joe 400 ml - Talenti.si<\/title>\n<meta name=\"description\" content=\"Cute Lilliputiens Joe bottle (400 ml) with handle for easy use. Leakproof, safe and ideal for kindergarten, outings or everyday use.\" \/>\n<meta name=\"robots\" content=\"index, follow, max-snippet:-1, max-image-preview:large, max-video-preview:-1\" \/>\n<link rel=\"canonical\" href=\"https:\/\/talenti.si\/en\/miscellaneous\/childrens-backpacks-and-accessories\/lilliputiens-water-bottle-joe-400-ml\/\" \/>\n<meta property=\"og:locale\" content=\"en_US\" \/>\n<meta property=\"og:type\" content=\"article\" \/>\n<meta property=\"og:title\" content=\"Lilliputiens water bottle Joe 400 ml - Talenti.si\" \/>\n<meta property=\"og:description\" content=\"Cute Lilliputiens Joe bottle (400 ml) with handle for easy use. Leakproof, safe and ideal for kindergarten, outings or everyday use.\" \/>\n<meta property=\"og:url\" content=\"https:\/\/talenti.si\/en\/miscellaneous\/childrens-backpacks-and-accessories\/lilliputiens-water-bottle-joe-400-ml\/\" \/>\n<meta property=\"og:site_name\" content=\"Talenti.si\" \/>\n<meta property=\"og:image\" content=\"https:\/\/talenti.si\/wp-content\/uploads\/2026\/04\/84497-steklenicka-lilli-joe.jpg\" \/>\n\t<meta property=\"og:image:width\" content=\"1016\" \/>\n\t<meta property=\"og:image:height\" content=\"1024\" \/>\n\t<meta property=\"og:image:type\" content=\"image\/jpeg\" \/>\n<meta name=\"twitter:card\" content=\"summary_large_image\" \/>\n<meta name=\"twitter:label1\" content=\"Est. reading time\" \/>\n\t<meta name=\"twitter:data1\" content=\"1 minute\" \/>\n<script type=\"application\/ld+json\" class=\"yoast-schema-graph\">{\"@context\":\"https:\/\/schema.org\",\"@graph\":[{\"@type\":\"WebPage\",\"@id\":\"https:\/\/talenti.si\/en\/miscellaneous\/childrens-backpacks-and-accessories\/lilliputiens-water-bottle-joe-400-ml\/\",\"url\":\"https:\/\/talenti.si\/en\/miscellaneous\/childrens-backpacks-and-accessories\/lilliputiens-water-bottle-joe-400-ml\/\",\"name\":\"Lilliputiens water bottle Joe 400 ml - Talenti.si\",\"isPartOf\":{\"@id\":\"https:\/\/talenti.si\/en\/#website\"},\"primaryImageOfPage\":{\"@id\":\"https:\/\/talenti.si\/en\/miscellaneous\/childrens-backpacks-and-accessories\/lilliputiens-water-bottle-joe-400-ml\/#primaryimage\"},\"image\":{\"@id\":\"https:\/\/talenti.si\/en\/miscellaneous\/childrens-backpacks-and-accessories\/lilliputiens-water-bottle-joe-400-ml\/#primaryimage\"},\"thumbnailUrl\":\"https:\/\/talenti.si\/wp-content\/uploads\/2026\/04\/84497-steklenicka-lilli-joe.jpg\",\"datePublished\":\"2026-04-13T18:51:46+00:00\",\"description\":\"Cute Lilliputiens Joe bottle (400 ml) with handle for easy use. Leakproof, safe and ideal for kindergarten, outings or everyday use.\",\"breadcrumb\":{\"@id\":\"https:\/\/talenti.si\/en\/miscellaneous\/childrens-backpacks-and-accessories\/lilliputiens-water-bottle-joe-400-ml\/#breadcrumb\"},\"inLanguage\":\"en-US\",\"potentialAction\":[{\"@type\":\"ReadAction\",\"target\":[\"https:\/\/talenti.si\/en\/miscellaneous\/childrens-backpacks-and-accessories\/lilliputiens-water-bottle-joe-400-ml\/\"]}]},{\"@type\":\"ImageObject\",\"inLanguage\":\"en-US\",\"@id\":\"https:\/\/talenti.si\/en\/miscellaneous\/childrens-backpacks-and-accessories\/lilliputiens-water-bottle-joe-400-ml\/#primaryimage\",\"url\":\"https:\/\/talenti.si\/wp-content\/uploads\/2026\/04\/84497-steklenicka-lilli-joe.jpg\",\"contentUrl\":\"https:\/\/talenti.si\/wp-content\/uploads\/2026\/04\/84497-steklenicka-lilli-joe.jpg\",\"width\":1016,\"height\":1024},{\"@type\":\"BreadcrumbList\",\"@id\":\"https:\/\/talenti.si\/en\/miscellaneous\/childrens-backpacks-and-accessories\/lilliputiens-water-bottle-joe-400-ml\/#breadcrumb\",\"itemListElement\":[{\"@type\":\"ListItem\",\"position\":1,\"name\":\"Home\",\"item\":\"https:\/\/talenti.si\/en\/\"},{\"@type\":\"ListItem\",\"position\":2,\"name\":\"Shop\",\"item\":\"https:\/\/talenti.si\/en\/shop\/\"},{\"@type\":\"ListItem\",\"position\":3,\"name\":\"Lilliputiens water bottle Joe 400 ml\"}]},{\"@type\":\"WebSite\",\"@id\":\"https:\/\/talenti.si\/en\/#website\",\"url\":\"https:\/\/talenti.si\/en\/\",\"name\":\"Talenti.si\",\"description\":\"Spletna trgovina za vse \u017eonglerje in podobne talente. Vse za \u017eongliranje, yoyo, frizbi, bumerang, kite... in \u0161e in \u0161e.\",\"publisher\":{\"@id\":\"https:\/\/talenti.si\/en\/#organization\"},\"potentialAction\":[{\"@type\":\"SearchAction\",\"target\":{\"@type\":\"EntryPoint\",\"urlTemplate\":\"https:\/\/talenti.si\/en\/?s={search_term_string}\"},\"query-input\":{\"@type\":\"PropertyValueSpecification\",\"valueRequired\":true,\"valueName\":\"search_term_string\"}}],\"inLanguage\":\"en-US\"},{\"@type\":\"Organization\",\"@id\":\"https:\/\/talenti.si\/en\/#organization\",\"name\":\"Talenti.si\",\"url\":\"https:\/\/talenti.si\/en\/\",\"logo\":{\"@type\":\"ImageObject\",\"inLanguage\":\"en-US\",\"@id\":\"https:\/\/talenti.si\/en\/#\/schema\/logo\/image\/\",\"url\":\"https:\/\/talenti.si\/wp-content\/uploads\/2021\/12\/logo-talent-pravi-dark.png\",\"contentUrl\":\"https:\/\/talenti.si\/wp-content\/uploads\/2021\/12\/logo-talent-pravi-dark.png\",\"width\":145,\"height\":83,\"caption\":\"Talenti.si\"},\"image\":{\"@id\":\"https:\/\/talenti.si\/en\/#\/schema\/logo\/image\/\"}}]}<\/script>\n<!-- \/ Yoast SEO plugin. -->","yoast_head_json":{"title":"Lilliputiens water bottle Joe 400 ml - Talenti.si","description":"Cute Lilliputiens Joe bottle (400 ml) with handle for easy use. Leakproof, safe and ideal for kindergarten, outings or everyday use.","robots":{"index":"index","follow":"follow","max-snippet":"max-snippet:-1","max-image-preview":"max-image-preview:large","max-video-preview":"max-video-preview:-1"},"canonical":"https:\/\/talenti.si\/en\/miscellaneous\/childrens-backpacks-and-accessories\/lilliputiens-water-bottle-joe-400-ml\/","og_locale":"en_US","og_type":"article","og_title":"Lilliputiens water bottle Joe 400 ml - Talenti.si","og_description":"Cute Lilliputiens Joe bottle (400 ml) with handle for easy use. Leakproof, safe and ideal for kindergarten, outings or everyday use.","og_url":"https:\/\/talenti.si\/en\/miscellaneous\/childrens-backpacks-and-accessories\/lilliputiens-water-bottle-joe-400-ml\/","og_site_name":"Talenti.si","og_image":[{"width":1016,"height":1024,"url":"https:\/\/talenti.si\/wp-content\/uploads\/2026\/04\/84497-steklenicka-lilli-joe.jpg","type":"image\/jpeg"}],"twitter_card":"summary_large_image","twitter_misc":{"Est. reading time":"1 minute"},"schema":{"@context":"https:\/\/schema.org","@graph":[{"@type":"WebPage","@id":"https:\/\/talenti.si\/en\/miscellaneous\/childrens-backpacks-and-accessories\/lilliputiens-water-bottle-joe-400-ml\/","url":"https:\/\/talenti.si\/en\/miscellaneous\/childrens-backpacks-and-accessories\/lilliputiens-water-bottle-joe-400-ml\/","name":"Lilliputiens water bottle Joe 400 ml - Talenti.si","isPartOf":{"@id":"https:\/\/talenti.si\/en\/#website"},"primaryImageOfPage":{"@id":"https:\/\/talenti.si\/en\/miscellaneous\/childrens-backpacks-and-accessories\/lilliputiens-water-bottle-joe-400-ml\/#primaryimage"},"image":{"@id":"https:\/\/talenti.si\/en\/miscellaneous\/childrens-backpacks-and-accessories\/lilliputiens-water-bottle-joe-400-ml\/#primaryimage"},"thumbnailUrl":"https:\/\/talenti.si\/wp-content\/uploads\/2026\/04\/84497-steklenicka-lilli-joe.jpg","datePublished":"2026-04-13T18:51:46+00:00","description":"Cute Lilliputiens Joe bottle (400 ml) with handle for easy use. Leakproof, safe and ideal for kindergarten, outings or everyday use.","breadcrumb":{"@id":"https:\/\/talenti.si\/en\/miscellaneous\/childrens-backpacks-and-accessories\/lilliputiens-water-bottle-joe-400-ml\/#breadcrumb"},"inLanguage":"en-US","potentialAction":[{"@type":"ReadAction","target":["https:\/\/talenti.si\/en\/miscellaneous\/childrens-backpacks-and-accessories\/lilliputiens-water-bottle-joe-400-ml\/"]}]},{"@type":"ImageObject","inLanguage":"en-US","@id":"https:\/\/talenti.si\/en\/miscellaneous\/childrens-backpacks-and-accessories\/lilliputiens-water-bottle-joe-400-ml\/#primaryimage","url":"https:\/\/talenti.si\/wp-content\/uploads\/2026\/04\/84497-steklenicka-lilli-joe.jpg","contentUrl":"https:\/\/talenti.si\/wp-content\/uploads\/2026\/04\/84497-steklenicka-lilli-joe.jpg","width":1016,"height":1024},{"@type":"BreadcrumbList","@id":"https:\/\/talenti.si\/en\/miscellaneous\/childrens-backpacks-and-accessories\/lilliputiens-water-bottle-joe-400-ml\/#breadcrumb","itemListElement":[{"@type":"ListItem","position":1,"name":"Home","item":"https:\/\/talenti.si\/en\/"},{"@type":"ListItem","position":2,"name":"Shop","item":"https:\/\/talenti.si\/en\/shop\/"},{"@type":"ListItem","position":3,"name":"Lilliputiens water bottle Joe 400 ml"}]},{"@type":"WebSite","@id":"https:\/\/talenti.si\/en\/#website","url":"https:\/\/talenti.si\/en\/","name":"Talenti.si","description":"Spletna trgovina za vse \u017eonglerje in podobne talente. Vse za \u017eongliranje, yoyo, frizbi, bumerang, kite... in \u0161e in \u0161e.","publisher":{"@id":"https:\/\/talenti.si\/en\/#organization"},"potentialAction":[{"@type":"SearchAction","target":{"@type":"EntryPoint","urlTemplate":"https:\/\/talenti.si\/en\/?s={search_term_string}"},"query-input":{"@type":"PropertyValueSpecification","valueRequired":true,"valueName":"search_term_string"}}],"inLanguage":"en-US"},{"@type":"Organization","@id":"https:\/\/talenti.si\/en\/#organization","name":"Talenti.si","url":"https:\/\/talenti.si\/en\/","logo":{"@type":"ImageObject","inLanguage":"en-US","@id":"https:\/\/talenti.si\/en\/#\/schema\/logo\/image\/","url":"https:\/\/talenti.si\/wp-content\/uploads\/2021\/12\/logo-talent-pravi-dark.png","contentUrl":"https:\/\/talenti.si\/wp-content\/uploads\/2021\/12\/logo-talent-pravi-dark.png","width":145,"height":83,"caption":"Talenti.si"},"image":{"@id":"https:\/\/talenti.si\/en\/#\/schema\/logo\/image\/"}}]}},"brands":[{"id":4384,"name":"Lilliputiens","slug":"lilliputiens-en"}],"_links":{"self":[{"href":"https:\/\/talenti.si\/en\/wp-json\/wp\/v2\/product\/40696","targetHints":{"allow":["GET"]}}],"collection":[{"href":"https:\/\/talenti.si\/en\/wp-json\/wp\/v2\/product"}],"about":[{"href":"https:\/\/talenti.si\/en\/wp-json\/wp\/v2\/types\/product"}],"replies":[{"embeddable":true,"href":"https:\/\/talenti.si\/en\/wp-json\/wp\/v2\/comments?post=40696"}],"wp:featuredmedia":[{"embeddable":true,"href":"https:\/\/talenti.si\/en\/wp-json\/wp\/v2\/media\/40659"}],"wp:attachment":[{"href":"https:\/\/talenti.si\/en\/wp-json\/wp\/v2\/media?parent=40696"}],"wp:term":[{"taxonomy":"pwb-brand","embeddable":true,"href":"https:\/\/talenti.si\/en\/wp-json\/wp\/v2\/pwb-brand?post=40696"},{"taxonomy":"product_brand","embeddable":true,"href":"https:\/\/talenti.si\/en\/wp-json\/wp\/v2\/product_brand?post=40696"},{"taxonomy":"product_cat","embeddable":true,"href":"https:\/\/talenti.si\/en\/wp-json\/wp\/v2\/product_cat?post=40696"},{"taxonomy":"product_tag","embeddable":true,"href":"https:\/\/talenti.si\/en\/wp-json\/wp\/v2\/product_tag?post=40696"}],"curies":[{"name":"wp","href":"https:\/\/api.w.org\/{rel}","templated":true}]}}