{"id":23993,"date":"2023-04-06T12:29:05","date_gmt":"2023-04-06T12:29:05","guid":{"rendered":"https:\/\/talenti.si\/Bez%20kategorije\/iron-spider\/"},"modified":"2023-06-26T06:03:42","modified_gmt":"2023-06-26T06:03:42","slug":"iron-spider","status":"publish","type":"product","link":"https:\/\/talenti.si\/hr\/igracke\/minijaturne-figurice\/iron-spider\/","title":{"rendered":"Iron Spider"},"content":{"rendered":"<p>Precizno izra\u0111ena figurica iz popularnog crti\u0107a Spiderman.<\/p>\n<div class=\"video-container responsive-embed widescreen\"><iframe loading=\"lazy\" title=\"All Iron Spider Leg Scenes 4K IMAX\" width=\"900\" height=\"506\" src=\"https:\/\/www.youtube.com\/embed\/Wzjhz6vEHo8?feature=oembed\" frameborder=\"0\" allow=\"accelerometer; autoplay; clipboard-write; encrypted-media; gyroscope; picture-in-picture; web-share\" allowfullscreen><\/iframe><\/div>\n<p><strong>Karakteristike:<\/strong><\/p>\n<ul>\n<li>Dimenzije: <strong>9 <\/strong>cm<\/li>\n<li>Materijali &#8211; <strong>mje\u0161avina gume (bez PVC)<\/strong><\/li>\n<li>Prikladna dob: <strong>3+<\/strong><\/li>\n<\/ul>\n<p><strong style=\"font-size: 10px;\">UPOZORENJE!<\/strong><span style=\"font-size: 10px;\"> <\/span><span style=\"font-size: 10px;\">Artikel nije prikladan za djecu mla\u0111u od 3 godine. Mali dijelovi su opasni jer ih se mo\u017ee udahnuti ili progutati. Prije nego \u0161to predate proizvod djetetu, uklonite sve dijelove ambala\u017ee. Spremite te informacije za kasniju upotrebu.<\/span><\/p>\n","protected":false},"excerpt":{"rendered":"<p>Precizno izra\u0111ena figurica iz popularnog crti\u0107a Spiderman. Karakteristike: Dimenzije: 9 cm Materijali &#8211; mje\u0161avina gume (bez PVC) Prikladna dob: 3+ UPOZORENJE! Artikel nije prikladan za djecu mla\u0111u od 3 godine. Mali dijelovi su opasni jer ih se mo\u017ee udahnuti ili progutati. Prije nego \u0161to predate proizvod djetetu, uklonite sve dijelove ambala\u017ee. Spremite te informacije za [&hellip;]<\/p>\n","protected":false},"featured_media":23009,"comment_status":"open","ping_status":"closed","template":"","meta":{"_acf_changed":false},"pwb-brand":[2041],"product_brand":[],"product_cat":[1714],"product_tag":[2324,2325,2323,2335,2326],"class_list":{"0":"post-23993","1":"product","2":"type-product","3":"status-publish","4":"has-post-thumbnail","6":"pwb-brand-comansi-hr","7":"product_cat-minijaturne-figurice","8":"product_tag-comansi-hr","9":"product_tag-crtic","10":"product_tag-figurica-hr","11":"product_tag-iron-spider-hr","12":"product_tag-spiderman-hr","14":"first","15":"instock","16":"taxable","17":"shipping-taxable","18":"purchasable","19":"product-type-simple"},"acf":[],"yoast_head":"<!-- This site is optimized with the Yoast SEO plugin v25.8 - https:\/\/yoast.com\/wordpress\/plugins\/seo\/ -->\n<title>Iron Spider - Talenti.si<\/title>\n<meta name=\"description\" content=\"Precizno izra\u0111ena figurica iz popularnog crti\u0107a Spiderman.Veli\u010dina figurice: 7 cm.Materijal: Mje\u0161avina gume (bez PVC-a).\" \/>\n<meta name=\"robots\" content=\"index, follow, max-snippet:-1, max-image-preview:large, max-video-preview:-1\" \/>\n<link rel=\"canonical\" href=\"https:\/\/talenti.si\/hr\/igracke\/minijaturne-figurice\/iron-spider\/\" \/>\n<meta property=\"og:locale\" content=\"hr_HR\" \/>\n<meta property=\"og:type\" content=\"article\" \/>\n<meta property=\"og:title\" content=\"Iron Spider - Talenti.si\" \/>\n<meta property=\"og:description\" content=\"Precizno izra\u0111ena figurica iz popularnog crti\u0107a Spiderman.Veli\u010dina figurice: 7 cm.Materijal: Mje\u0161avina gume (bez PVC-a).\" \/>\n<meta property=\"og:url\" content=\"https:\/\/talenti.si\/hr\/igracke\/minijaturne-figurice\/iron-spider\/\" \/>\n<meta property=\"og:site_name\" content=\"Talenti.si\" \/>\n<meta property=\"article:modified_time\" content=\"2023-06-26T06:03:42+00:00\" \/>\n<meta property=\"og:image\" content=\"https:\/\/talenti.si\/wp-content\/uploads\/2023\/04\/iron-spiderman-figurica.jpg\" \/>\n\t<meta property=\"og:image:width\" content=\"298\" \/>\n\t<meta property=\"og:image:height\" content=\"355\" \/>\n\t<meta property=\"og:image:type\" content=\"image\/jpeg\" \/>\n<meta name=\"twitter:card\" content=\"summary_large_image\" \/>\n<meta name=\"twitter:label1\" content=\"Procijenjeno vrijeme \u010ditanja\" \/>\n\t<meta name=\"twitter:data1\" content=\"1 minuta\" \/>\n<script type=\"application\/ld+json\" class=\"yoast-schema-graph\">{\"@context\":\"https:\/\/schema.org\",\"@graph\":[{\"@type\":\"WebPage\",\"@id\":\"https:\/\/talenti.si\/hr\/igracke\/minijaturne-figurice\/iron-spider\/\",\"url\":\"https:\/\/talenti.si\/hr\/igracke\/minijaturne-figurice\/iron-spider\/\",\"name\":\"Iron Spider - Talenti.si\",\"isPartOf\":{\"@id\":\"https:\/\/talenti.si\/hr\/#website\"},\"primaryImageOfPage\":{\"@id\":\"https:\/\/talenti.si\/hr\/igracke\/minijaturne-figurice\/iron-spider\/#primaryimage\"},\"image\":{\"@id\":\"https:\/\/talenti.si\/hr\/igracke\/minijaturne-figurice\/iron-spider\/#primaryimage\"},\"thumbnailUrl\":\"https:\/\/talenti.si\/wp-content\/uploads\/2023\/04\/iron-spiderman-figurica.jpg\",\"datePublished\":\"2023-04-06T12:29:05+00:00\",\"dateModified\":\"2023-06-26T06:03:42+00:00\",\"description\":\"Precizno izra\u0111ena figurica iz popularnog crti\u0107a Spiderman.Veli\u010dina figurice: 7 cm.Materijal: Mje\u0161avina gume (bez PVC-a).\",\"breadcrumb\":{\"@id\":\"https:\/\/talenti.si\/hr\/igracke\/minijaturne-figurice\/iron-spider\/#breadcrumb\"},\"inLanguage\":\"hr\",\"potentialAction\":[{\"@type\":\"ReadAction\",\"target\":[\"https:\/\/talenti.si\/hr\/igracke\/minijaturne-figurice\/iron-spider\/\"]}]},{\"@type\":\"ImageObject\",\"inLanguage\":\"hr\",\"@id\":\"https:\/\/talenti.si\/hr\/igracke\/minijaturne-figurice\/iron-spider\/#primaryimage\",\"url\":\"https:\/\/talenti.si\/wp-content\/uploads\/2023\/04\/iron-spiderman-figurica.jpg\",\"contentUrl\":\"https:\/\/talenti.si\/wp-content\/uploads\/2023\/04\/iron-spiderman-figurica.jpg\",\"width\":298,\"height\":355},{\"@type\":\"BreadcrumbList\",\"@id\":\"https:\/\/talenti.si\/hr\/igracke\/minijaturne-figurice\/iron-spider\/#breadcrumb\",\"itemListElement\":[{\"@type\":\"ListItem\",\"position\":1,\"name\":\"Home\",\"item\":\"https:\/\/talenti.si\/hr\/\"},{\"@type\":\"ListItem\",\"position\":2,\"name\":\"Trgovina\",\"item\":\"https:\/\/talenti.si\/hr\/shop\/\"},{\"@type\":\"ListItem\",\"position\":3,\"name\":\"Iron Spider\"}]},{\"@type\":\"WebSite\",\"@id\":\"https:\/\/talenti.si\/hr\/#website\",\"url\":\"https:\/\/talenti.si\/hr\/\",\"name\":\"Talenti.si\",\"description\":\"Spletna trgovina za vse \u017eonglerje in podobne talente. Vse za \u017eongliranje, yoyo, frizbi, bumerang, kite... in \u0161e in \u0161e.\",\"publisher\":{\"@id\":\"https:\/\/talenti.si\/hr\/#organization\"},\"potentialAction\":[{\"@type\":\"SearchAction\",\"target\":{\"@type\":\"EntryPoint\",\"urlTemplate\":\"https:\/\/talenti.si\/hr\/?s={search_term_string}\"},\"query-input\":{\"@type\":\"PropertyValueSpecification\",\"valueRequired\":true,\"valueName\":\"search_term_string\"}}],\"inLanguage\":\"hr\"},{\"@type\":\"Organization\",\"@id\":\"https:\/\/talenti.si\/hr\/#organization\",\"name\":\"Talenti.si\",\"url\":\"https:\/\/talenti.si\/hr\/\",\"logo\":{\"@type\":\"ImageObject\",\"inLanguage\":\"hr\",\"@id\":\"https:\/\/talenti.si\/hr\/#\/schema\/logo\/image\/\",\"url\":\"https:\/\/talenti.si\/wp-content\/uploads\/2021\/12\/logo-talent-pravi-dark.png\",\"contentUrl\":\"https:\/\/talenti.si\/wp-content\/uploads\/2021\/12\/logo-talent-pravi-dark.png\",\"width\":145,\"height\":83,\"caption\":\"Talenti.si\"},\"image\":{\"@id\":\"https:\/\/talenti.si\/hr\/#\/schema\/logo\/image\/\"}}]}<\/script>\n<!-- \/ Yoast SEO plugin. -->","yoast_head_json":{"title":"Iron Spider - Talenti.si","description":"Precizno izra\u0111ena figurica iz popularnog crti\u0107a Spiderman.Veli\u010dina figurice: 7 cm.Materijal: Mje\u0161avina gume (bez PVC-a).","robots":{"index":"index","follow":"follow","max-snippet":"max-snippet:-1","max-image-preview":"max-image-preview:large","max-video-preview":"max-video-preview:-1"},"canonical":"https:\/\/talenti.si\/hr\/igracke\/minijaturne-figurice\/iron-spider\/","og_locale":"hr_HR","og_type":"article","og_title":"Iron Spider - Talenti.si","og_description":"Precizno izra\u0111ena figurica iz popularnog crti\u0107a Spiderman.Veli\u010dina figurice: 7 cm.Materijal: Mje\u0161avina gume (bez PVC-a).","og_url":"https:\/\/talenti.si\/hr\/igracke\/minijaturne-figurice\/iron-spider\/","og_site_name":"Talenti.si","article_modified_time":"2023-06-26T06:03:42+00:00","og_image":[{"width":298,"height":355,"url":"https:\/\/talenti.si\/wp-content\/uploads\/2023\/04\/iron-spiderman-figurica.jpg","type":"image\/jpeg"}],"twitter_card":"summary_large_image","twitter_misc":{"Procijenjeno vrijeme \u010ditanja":"1 minuta"},"schema":{"@context":"https:\/\/schema.org","@graph":[{"@type":"WebPage","@id":"https:\/\/talenti.si\/hr\/igracke\/minijaturne-figurice\/iron-spider\/","url":"https:\/\/talenti.si\/hr\/igracke\/minijaturne-figurice\/iron-spider\/","name":"Iron Spider - Talenti.si","isPartOf":{"@id":"https:\/\/talenti.si\/hr\/#website"},"primaryImageOfPage":{"@id":"https:\/\/talenti.si\/hr\/igracke\/minijaturne-figurice\/iron-spider\/#primaryimage"},"image":{"@id":"https:\/\/talenti.si\/hr\/igracke\/minijaturne-figurice\/iron-spider\/#primaryimage"},"thumbnailUrl":"https:\/\/talenti.si\/wp-content\/uploads\/2023\/04\/iron-spiderman-figurica.jpg","datePublished":"2023-04-06T12:29:05+00:00","dateModified":"2023-06-26T06:03:42+00:00","description":"Precizno izra\u0111ena figurica iz popularnog crti\u0107a Spiderman.Veli\u010dina figurice: 7 cm.Materijal: Mje\u0161avina gume (bez PVC-a).","breadcrumb":{"@id":"https:\/\/talenti.si\/hr\/igracke\/minijaturne-figurice\/iron-spider\/#breadcrumb"},"inLanguage":"hr","potentialAction":[{"@type":"ReadAction","target":["https:\/\/talenti.si\/hr\/igracke\/minijaturne-figurice\/iron-spider\/"]}]},{"@type":"ImageObject","inLanguage":"hr","@id":"https:\/\/talenti.si\/hr\/igracke\/minijaturne-figurice\/iron-spider\/#primaryimage","url":"https:\/\/talenti.si\/wp-content\/uploads\/2023\/04\/iron-spiderman-figurica.jpg","contentUrl":"https:\/\/talenti.si\/wp-content\/uploads\/2023\/04\/iron-spiderman-figurica.jpg","width":298,"height":355},{"@type":"BreadcrumbList","@id":"https:\/\/talenti.si\/hr\/igracke\/minijaturne-figurice\/iron-spider\/#breadcrumb","itemListElement":[{"@type":"ListItem","position":1,"name":"Home","item":"https:\/\/talenti.si\/hr\/"},{"@type":"ListItem","position":2,"name":"Trgovina","item":"https:\/\/talenti.si\/hr\/shop\/"},{"@type":"ListItem","position":3,"name":"Iron Spider"}]},{"@type":"WebSite","@id":"https:\/\/talenti.si\/hr\/#website","url":"https:\/\/talenti.si\/hr\/","name":"Talenti.si","description":"Spletna trgovina za vse \u017eonglerje in podobne talente. Vse za \u017eongliranje, yoyo, frizbi, bumerang, kite... in \u0161e in \u0161e.","publisher":{"@id":"https:\/\/talenti.si\/hr\/#organization"},"potentialAction":[{"@type":"SearchAction","target":{"@type":"EntryPoint","urlTemplate":"https:\/\/talenti.si\/hr\/?s={search_term_string}"},"query-input":{"@type":"PropertyValueSpecification","valueRequired":true,"valueName":"search_term_string"}}],"inLanguage":"hr"},{"@type":"Organization","@id":"https:\/\/talenti.si\/hr\/#organization","name":"Talenti.si","url":"https:\/\/talenti.si\/hr\/","logo":{"@type":"ImageObject","inLanguage":"hr","@id":"https:\/\/talenti.si\/hr\/#\/schema\/logo\/image\/","url":"https:\/\/talenti.si\/wp-content\/uploads\/2021\/12\/logo-talent-pravi-dark.png","contentUrl":"https:\/\/talenti.si\/wp-content\/uploads\/2021\/12\/logo-talent-pravi-dark.png","width":145,"height":83,"caption":"Talenti.si"},"image":{"@id":"https:\/\/talenti.si\/hr\/#\/schema\/logo\/image\/"}}]}},"brands":[{"id":2041,"name":"Comansi","slug":"comansi-hr"}],"_links":{"self":[{"href":"https:\/\/talenti.si\/hr\/wp-json\/wp\/v2\/product\/23993","targetHints":{"allow":["GET"]}}],"collection":[{"href":"https:\/\/talenti.si\/hr\/wp-json\/wp\/v2\/product"}],"about":[{"href":"https:\/\/talenti.si\/hr\/wp-json\/wp\/v2\/types\/product"}],"replies":[{"embeddable":true,"href":"https:\/\/talenti.si\/hr\/wp-json\/wp\/v2\/comments?post=23993"}],"wp:featuredmedia":[{"embeddable":true,"href":"https:\/\/talenti.si\/hr\/wp-json\/wp\/v2\/media\/23009"}],"wp:attachment":[{"href":"https:\/\/talenti.si\/hr\/wp-json\/wp\/v2\/media?parent=23993"}],"wp:term":[{"taxonomy":"pwb-brand","embeddable":true,"href":"https:\/\/talenti.si\/hr\/wp-json\/wp\/v2\/pwb-brand?post=23993"},{"taxonomy":"product_brand","embeddable":true,"href":"https:\/\/talenti.si\/hr\/wp-json\/wp\/v2\/product_brand?post=23993"},{"taxonomy":"product_cat","embeddable":true,"href":"https:\/\/talenti.si\/hr\/wp-json\/wp\/v2\/product_cat?post=23993"},{"taxonomy":"product_tag","embeddable":true,"href":"https:\/\/talenti.si\/hr\/wp-json\/wp\/v2\/product_tag?post=23993"}],"curies":[{"name":"wp","href":"https:\/\/api.w.org\/{rel}","templated":true}]}}