{"id":25607,"date":"2015-11-19T11:54:35","date_gmt":"2015-11-19T11:54:35","guid":{"rendered":"https:\/\/talenti.si\/Bez kategorije\/cunjevi-px3-sirius-smooth\/"},"modified":"2015-11-19T11:54:35","modified_gmt":"2015-11-19T11:54:35","slug":"cunjevi-px3-sirius-smooth","status":"publish","type":"product","link":"https:\/\/talenti.si\/hr\/zongliranje-hr\/cunjevi\/cunjevi-px3-sirius-smooth\/","title":{"rendered":"\u010cunjevi PX3 Sirius Smooth"},"content":{"rendered":"<p>\u010cunjevi za vrhunske treninge. Odlikuje ih velika izdr\u017eljivost na udarce. Tanke ru\u010dke omogu\u0107uju izvedbu i najte\u017eih trikova.<\/p>\n<p><strong>Karakteristike:<\/strong><\/p>\n<ul>\n<li>Te\u017eina: <strong>220<\/strong> g<\/li>\n<li>Du\u017eina: <strong>52<\/strong> cm<\/li>\n<li>Cijena vrijedi za <strong>1<\/strong> komad.<\/li>\n<\/ul>\n","protected":false},"excerpt":{"rendered":"<p>\u010cunjevi za vrhunske treninge. Odlikuje ih velika izdr\u017eljivost na udarce. Tanke ru\u010dke omogu\u0107uju izvedbu i najte\u017eih trikova. Karakteristike: Te\u017eina: 220 g Du\u017eina: 52 cm Cijena vrijedi za 1 komad.<\/p>\n","protected":false},"featured_media":14597,"comment_status":"open","ping_status":"closed","template":"","meta":{"_acf_changed":false},"pwb-brand":[2093],"product_brand":[],"product_cat":[1817],"product_tag":[2699,2711,2712],"class_list":{"0":"post-25607","1":"product","2":"type-product","3":"status-publish","4":"has-post-thumbnail","6":"pwb-brand-play-hr","7":"product_cat-cunjevi","8":"product_tag-cunjevi-hr","9":"product_tag-sirius-hr","10":"product_tag-smooth-hr","12":"first","13":"instock","14":"taxable","15":"shipping-taxable","16":"purchasable","17":"product-type-variable"},"acf":[],"yoast_head":"<!-- This site is optimized with the Yoast SEO plugin v25.8 - https:\/\/yoast.com\/wordpress\/plugins\/seo\/ -->\n<title>\u010cunjevi PX3 Sirius Smooth<\/title>\n<meta name=\"description\" content=\"\u010cunjevi za vrhunske treninge. Odlikuje ih velika izdr\u017eljivost na udarce. Tanke ru\u010dke omogu\u0107uju izvedbu i najte\u017eih trikova.\" \/>\n<meta name=\"robots\" content=\"index, follow, max-snippet:-1, max-image-preview:large, max-video-preview:-1\" \/>\n<link rel=\"canonical\" href=\"https:\/\/talenti.si\/hr\/zongliranje-hr\/cunjevi\/cunjevi-px3-sirius-smooth\/\" \/>\n<meta property=\"og:locale\" content=\"hr_HR\" \/>\n<meta property=\"og:type\" content=\"article\" \/>\n<meta property=\"og:title\" content=\"\u010cunjevi PX3 Sirius Smooth\" \/>\n<meta property=\"og:description\" content=\"\u010cunjevi za vrhunske treninge. Odlikuje ih velika izdr\u017eljivost na udarce. Tanke ru\u010dke omogu\u0107uju izvedbu i najte\u017eih trikova.\" \/>\n<meta property=\"og:url\" content=\"https:\/\/talenti.si\/hr\/zongliranje-hr\/cunjevi\/cunjevi-px3-sirius-smooth\/\" \/>\n<meta property=\"og:site_name\" content=\"Talenti.si\" \/>\n<meta property=\"og:image\" content=\"https:\/\/talenti.si\/wp-content\/uploads\/2022\/01\/px3-ss.jpg\" \/>\n\t<meta property=\"og:image:width\" content=\"984\" \/>\n\t<meta property=\"og:image:height\" content=\"968\" \/>\n\t<meta property=\"og:image:type\" content=\"image\/jpeg\" \/>\n<meta name=\"twitter:card\" content=\"summary_large_image\" \/>\n<script type=\"application\/ld+json\" class=\"yoast-schema-graph\">{\"@context\":\"https:\/\/schema.org\",\"@graph\":[{\"@type\":\"WebPage\",\"@id\":\"https:\/\/talenti.si\/hr\/zongliranje-hr\/cunjevi\/cunjevi-px3-sirius-smooth\/\",\"url\":\"https:\/\/talenti.si\/hr\/zongliranje-hr\/cunjevi\/cunjevi-px3-sirius-smooth\/\",\"name\":\"\u010cunjevi PX3 Sirius Smooth\",\"isPartOf\":{\"@id\":\"https:\/\/talenti.si\/hr\/#website\"},\"primaryImageOfPage\":{\"@id\":\"https:\/\/talenti.si\/hr\/zongliranje-hr\/cunjevi\/cunjevi-px3-sirius-smooth\/#primaryimage\"},\"image\":{\"@id\":\"https:\/\/talenti.si\/hr\/zongliranje-hr\/cunjevi\/cunjevi-px3-sirius-smooth\/#primaryimage\"},\"thumbnailUrl\":\"https:\/\/talenti.si\/wp-content\/uploads\/2022\/01\/px3-ss.jpg\",\"datePublished\":\"2015-11-19T11:54:35+00:00\",\"description\":\"\u010cunjevi za vrhunske treninge. Odlikuje ih velika izdr\u017eljivost na udarce. Tanke ru\u010dke omogu\u0107uju izvedbu i najte\u017eih trikova.\",\"breadcrumb\":{\"@id\":\"https:\/\/talenti.si\/hr\/zongliranje-hr\/cunjevi\/cunjevi-px3-sirius-smooth\/#breadcrumb\"},\"inLanguage\":\"hr\",\"potentialAction\":[{\"@type\":\"ReadAction\",\"target\":[\"https:\/\/talenti.si\/hr\/zongliranje-hr\/cunjevi\/cunjevi-px3-sirius-smooth\/\"]}]},{\"@type\":\"ImageObject\",\"inLanguage\":\"hr\",\"@id\":\"https:\/\/talenti.si\/hr\/zongliranje-hr\/cunjevi\/cunjevi-px3-sirius-smooth\/#primaryimage\",\"url\":\"https:\/\/talenti.si\/wp-content\/uploads\/2022\/01\/px3-ss.jpg\",\"contentUrl\":\"https:\/\/talenti.si\/wp-content\/uploads\/2022\/01\/px3-ss.jpg\",\"width\":984,\"height\":968},{\"@type\":\"BreadcrumbList\",\"@id\":\"https:\/\/talenti.si\/hr\/zongliranje-hr\/cunjevi\/cunjevi-px3-sirius-smooth\/#breadcrumb\",\"itemListElement\":[{\"@type\":\"ListItem\",\"position\":1,\"name\":\"Home\",\"item\":\"https:\/\/talenti.si\/hr\/\"},{\"@type\":\"ListItem\",\"position\":2,\"name\":\"Trgovina\",\"item\":\"https:\/\/talenti.si\/hr\/shop\/\"},{\"@type\":\"ListItem\",\"position\":3,\"name\":\"\u010cunjevi PX3 Sirius Smooth\"}]},{\"@type\":\"WebSite\",\"@id\":\"https:\/\/talenti.si\/hr\/#website\",\"url\":\"https:\/\/talenti.si\/hr\/\",\"name\":\"Talenti.si\",\"description\":\"Spletna trgovina za vse \u017eonglerje in podobne talente. Vse za \u017eongliranje, yoyo, frizbi, bumerang, kite... in \u0161e in \u0161e.\",\"publisher\":{\"@id\":\"https:\/\/talenti.si\/hr\/#organization\"},\"potentialAction\":[{\"@type\":\"SearchAction\",\"target\":{\"@type\":\"EntryPoint\",\"urlTemplate\":\"https:\/\/talenti.si\/hr\/?s={search_term_string}\"},\"query-input\":{\"@type\":\"PropertyValueSpecification\",\"valueRequired\":true,\"valueName\":\"search_term_string\"}}],\"inLanguage\":\"hr\"},{\"@type\":\"Organization\",\"@id\":\"https:\/\/talenti.si\/hr\/#organization\",\"name\":\"Talenti.si\",\"url\":\"https:\/\/talenti.si\/hr\/\",\"logo\":{\"@type\":\"ImageObject\",\"inLanguage\":\"hr\",\"@id\":\"https:\/\/talenti.si\/hr\/#\/schema\/logo\/image\/\",\"url\":\"https:\/\/talenti.si\/wp-content\/uploads\/2021\/12\/logo-talent-pravi-dark.png\",\"contentUrl\":\"https:\/\/talenti.si\/wp-content\/uploads\/2021\/12\/logo-talent-pravi-dark.png\",\"width\":145,\"height\":83,\"caption\":\"Talenti.si\"},\"image\":{\"@id\":\"https:\/\/talenti.si\/hr\/#\/schema\/logo\/image\/\"}}]}<\/script>\n<!-- \/ Yoast SEO plugin. -->","yoast_head_json":{"title":"\u010cunjevi PX3 Sirius Smooth","description":"\u010cunjevi za vrhunske treninge. Odlikuje ih velika izdr\u017eljivost na udarce. Tanke ru\u010dke omogu\u0107uju izvedbu i najte\u017eih trikova.","robots":{"index":"index","follow":"follow","max-snippet":"max-snippet:-1","max-image-preview":"max-image-preview:large","max-video-preview":"max-video-preview:-1"},"canonical":"https:\/\/talenti.si\/hr\/zongliranje-hr\/cunjevi\/cunjevi-px3-sirius-smooth\/","og_locale":"hr_HR","og_type":"article","og_title":"\u010cunjevi PX3 Sirius Smooth","og_description":"\u010cunjevi za vrhunske treninge. Odlikuje ih velika izdr\u017eljivost na udarce. Tanke ru\u010dke omogu\u0107uju izvedbu i najte\u017eih trikova.","og_url":"https:\/\/talenti.si\/hr\/zongliranje-hr\/cunjevi\/cunjevi-px3-sirius-smooth\/","og_site_name":"Talenti.si","og_image":[{"width":984,"height":968,"url":"https:\/\/talenti.si\/wp-content\/uploads\/2022\/01\/px3-ss.jpg","type":"image\/jpeg"}],"twitter_card":"summary_large_image","schema":{"@context":"https:\/\/schema.org","@graph":[{"@type":"WebPage","@id":"https:\/\/talenti.si\/hr\/zongliranje-hr\/cunjevi\/cunjevi-px3-sirius-smooth\/","url":"https:\/\/talenti.si\/hr\/zongliranje-hr\/cunjevi\/cunjevi-px3-sirius-smooth\/","name":"\u010cunjevi PX3 Sirius Smooth","isPartOf":{"@id":"https:\/\/talenti.si\/hr\/#website"},"primaryImageOfPage":{"@id":"https:\/\/talenti.si\/hr\/zongliranje-hr\/cunjevi\/cunjevi-px3-sirius-smooth\/#primaryimage"},"image":{"@id":"https:\/\/talenti.si\/hr\/zongliranje-hr\/cunjevi\/cunjevi-px3-sirius-smooth\/#primaryimage"},"thumbnailUrl":"https:\/\/talenti.si\/wp-content\/uploads\/2022\/01\/px3-ss.jpg","datePublished":"2015-11-19T11:54:35+00:00","description":"\u010cunjevi za vrhunske treninge. Odlikuje ih velika izdr\u017eljivost na udarce. Tanke ru\u010dke omogu\u0107uju izvedbu i najte\u017eih trikova.","breadcrumb":{"@id":"https:\/\/talenti.si\/hr\/zongliranje-hr\/cunjevi\/cunjevi-px3-sirius-smooth\/#breadcrumb"},"inLanguage":"hr","potentialAction":[{"@type":"ReadAction","target":["https:\/\/talenti.si\/hr\/zongliranje-hr\/cunjevi\/cunjevi-px3-sirius-smooth\/"]}]},{"@type":"ImageObject","inLanguage":"hr","@id":"https:\/\/talenti.si\/hr\/zongliranje-hr\/cunjevi\/cunjevi-px3-sirius-smooth\/#primaryimage","url":"https:\/\/talenti.si\/wp-content\/uploads\/2022\/01\/px3-ss.jpg","contentUrl":"https:\/\/talenti.si\/wp-content\/uploads\/2022\/01\/px3-ss.jpg","width":984,"height":968},{"@type":"BreadcrumbList","@id":"https:\/\/talenti.si\/hr\/zongliranje-hr\/cunjevi\/cunjevi-px3-sirius-smooth\/#breadcrumb","itemListElement":[{"@type":"ListItem","position":1,"name":"Home","item":"https:\/\/talenti.si\/hr\/"},{"@type":"ListItem","position":2,"name":"Trgovina","item":"https:\/\/talenti.si\/hr\/shop\/"},{"@type":"ListItem","position":3,"name":"\u010cunjevi PX3 Sirius Smooth"}]},{"@type":"WebSite","@id":"https:\/\/talenti.si\/hr\/#website","url":"https:\/\/talenti.si\/hr\/","name":"Talenti.si","description":"Spletna trgovina za vse \u017eonglerje in podobne talente. Vse za \u017eongliranje, yoyo, frizbi, bumerang, kite... in \u0161e in \u0161e.","publisher":{"@id":"https:\/\/talenti.si\/hr\/#organization"},"potentialAction":[{"@type":"SearchAction","target":{"@type":"EntryPoint","urlTemplate":"https:\/\/talenti.si\/hr\/?s={search_term_string}"},"query-input":{"@type":"PropertyValueSpecification","valueRequired":true,"valueName":"search_term_string"}}],"inLanguage":"hr"},{"@type":"Organization","@id":"https:\/\/talenti.si\/hr\/#organization","name":"Talenti.si","url":"https:\/\/talenti.si\/hr\/","logo":{"@type":"ImageObject","inLanguage":"hr","@id":"https:\/\/talenti.si\/hr\/#\/schema\/logo\/image\/","url":"https:\/\/talenti.si\/wp-content\/uploads\/2021\/12\/logo-talent-pravi-dark.png","contentUrl":"https:\/\/talenti.si\/wp-content\/uploads\/2021\/12\/logo-talent-pravi-dark.png","width":145,"height":83,"caption":"Talenti.si"},"image":{"@id":"https:\/\/talenti.si\/hr\/#\/schema\/logo\/image\/"}}]}},"brands":[{"id":2093,"name":"Play","slug":"play-hr"}],"_links":{"self":[{"href":"https:\/\/talenti.si\/hr\/wp-json\/wp\/v2\/product\/25607","targetHints":{"allow":["GET"]}}],"collection":[{"href":"https:\/\/talenti.si\/hr\/wp-json\/wp\/v2\/product"}],"about":[{"href":"https:\/\/talenti.si\/hr\/wp-json\/wp\/v2\/types\/product"}],"replies":[{"embeddable":true,"href":"https:\/\/talenti.si\/hr\/wp-json\/wp\/v2\/comments?post=25607"}],"wp:featuredmedia":[{"embeddable":true,"href":"https:\/\/talenti.si\/hr\/wp-json\/wp\/v2\/media\/14597"}],"wp:attachment":[{"href":"https:\/\/talenti.si\/hr\/wp-json\/wp\/v2\/media?parent=25607"}],"wp:term":[{"taxonomy":"pwb-brand","embeddable":true,"href":"https:\/\/talenti.si\/hr\/wp-json\/wp\/v2\/pwb-brand?post=25607"},{"taxonomy":"product_brand","embeddable":true,"href":"https:\/\/talenti.si\/hr\/wp-json\/wp\/v2\/product_brand?post=25607"},{"taxonomy":"product_cat","embeddable":true,"href":"https:\/\/talenti.si\/hr\/wp-json\/wp\/v2\/product_cat?post=25607"},{"taxonomy":"product_tag","embeddable":true,"href":"https:\/\/talenti.si\/hr\/wp-json\/wp\/v2\/product_tag?post=25607"}],"curies":[{"name":"wp","href":"https:\/\/api.w.org\/{rel}","templated":true}]}}