{"id":26884,"date":"2023-01-11T13:33:04","date_gmt":"2023-01-11T13:33:04","guid":{"rendered":"https:\/\/talenti.si\/Bez kategorije\/vilac-karte-crni-petar\/"},"modified":"2023-01-11T13:33:04","modified_gmt":"2023-01-11T13:33:04","slug":"vilac-karte-crni-petar","status":"publish","type":"product","link":"https:\/\/talenti.si\/hr\/razno-hr\/drustvene-igre\/vilac-karte-crni-petar\/","title":{"rendered":"Vilac karte Crni Petar"},"content":{"rendered":"<p>Dru\u0161tvena igra s prekrasno ilustriranim kartama koju je kreirao francuski brend Vilac.<\/p>\n<p>To je jednostavna dru\u0161tvena igra za najmanje dva igra\u010da, gdje igra\u010di moraju prona\u0107i \u017eivotinje koje im odgovaraju. Igra se nastavlja na ovaj na\u010din sve dok karta Crni Petar ne ostane jedina u ruci jednog od igra\u010da. U ovom slu\u010daju, ta osoba je Crni Petar i na\u017ealost gubi igru.<\/p>\n<p>U na\u0161em slu\u010daju, Crni Petar je elegantna ma\u010dka u crvenoj odje\u0107i sa \u0161e\u0161irom.<\/p>\n<div id=\"tw-container\" class=\"\" data-cp=\"1\" data-is-ver=\"false\" data-nnttsvi=\"1\" data-sm=\"1\" data-sugg-time=\"500\" data-sugg-url=\"https:\/\/clients1.google.com\/complete\/search\" data-uilc=\"sl\">\n<div id=\"tw-ob\" class=\"tw-src-ltr\">\n<p><strong>Karakteristike<\/strong>:<\/p>\n<ul class=\"ul1\">\n<li>Sadr\u017ei: <strong>33<\/strong> karata (<strong>16<\/strong> pari + <strong>1<\/strong> Crni Petar)<\/li>\n<li class=\"li2\">Dimenzije ambala\u017ee: <strong>10<\/strong> x <strong>12<\/strong> x <strong>3<\/strong> cm<\/li>\n<li>Materijali &#8211; <strong>karton<\/strong><\/li>\n<li>Broj igra\u010da: <strong>od 2 do 4<\/strong><\/li>\n<li class=\"li2\">Prikladna dob: <strong>4+<\/strong><\/li>\n<\/ul>\n<\/div>\n<\/div>\n<p><strong style=\"font-size: 10px;\">UPOZORENJE!<\/strong><span style=\"font-size: 10px;\"> <\/span><span style=\"font-size: 10px;\">Artikel nije prikladan za djecu mla\u0111u od 3 godine. Mali dijelovi su opasni jer ih se mo\u017ee udahnuti ili progutati. Prije nego \u0161to predate proizvod djetetu, uklonite sve dijelove ambala\u017ee. Spremite te informacije za kasniju upotrebu.<\/span><\/p>\n","protected":false},"excerpt":{"rendered":"<p>Dru\u0161tvena igra s prekrasno ilustriranim kartama koju je kreirao francuski brend Vilac. To je jednostavna dru\u0161tvena igra za najmanje dva igra\u010da, gdje igra\u010di moraju prona\u0107i \u017eivotinje koje im odgovaraju. Igra se nastavlja na ovaj na\u010din sve dok karta Crni Petar ne ostane jedina u ruci jednog od igra\u010da. U ovom slu\u010daju, ta osoba je Crni [&hellip;]<\/p>\n","protected":false},"featured_media":21044,"comment_status":"open","ping_status":"closed","template":"","meta":{"_acf_changed":false},"pwb-brand":[2117],"product_brand":[],"product_cat":[1745],"product_tag":[2883,2000,2416,2359],"class_list":{"0":"post-26884","1":"product","2":"type-product","3":"status-publish","4":"has-post-thumbnail","6":"pwb-brand-vilac-hr","7":"product_cat-drustvene-igre","8":"product_tag-crni-petar","9":"product_tag-drustvena-igra","10":"product_tag-karte-hr","11":"product_tag-vilac-hr","13":"first","14":"instock","15":"taxable","16":"shipping-taxable","17":"purchasable","18":"product-type-simple"},"acf":[],"yoast_head":"<!-- This site is optimized with the Yoast SEO plugin v25.8 - https:\/\/yoast.com\/wordpress\/plugins\/seo\/ -->\n<title>Vilac karte Crni Petar - Talenti.si<\/title>\n<meta name=\"description\" content=\"Dru\u0161tvena igra s prekrasno ilustriranim kartama koju je kreirao francuski brend Vilac.\" \/>\n<meta name=\"robots\" content=\"index, follow, max-snippet:-1, max-image-preview:large, max-video-preview:-1\" \/>\n<link rel=\"canonical\" href=\"https:\/\/talenti.si\/hr\/razno-hr\/drustvene-igre\/vilac-karte-crni-petar\/\" \/>\n<meta property=\"og:locale\" content=\"hr_HR\" \/>\n<meta property=\"og:type\" content=\"article\" \/>\n<meta property=\"og:title\" content=\"Vilac karte Crni Petar - Talenti.si\" \/>\n<meta property=\"og:description\" content=\"Dru\u0161tvena igra s prekrasno ilustriranim kartama koju je kreirao francuski brend Vilac.\" \/>\n<meta property=\"og:url\" content=\"https:\/\/talenti.si\/hr\/razno-hr\/drustvene-igre\/vilac-karte-crni-petar\/\" \/>\n<meta property=\"og:site_name\" content=\"Talenti.si\" \/>\n<meta property=\"og:image\" content=\"https:\/\/talenti.si\/wp-content\/uploads\/2023\/01\/crni-peter.png\" \/>\n\t<meta property=\"og:image:width\" content=\"1200\" \/>\n\t<meta property=\"og:image:height\" content=\"1200\" \/>\n\t<meta property=\"og:image:type\" content=\"image\/png\" \/>\n<meta name=\"twitter:card\" content=\"summary_large_image\" \/>\n<meta name=\"twitter:label1\" content=\"Procijenjeno vrijeme \u010ditanja\" \/>\n\t<meta name=\"twitter:data1\" content=\"1 minuta\" \/>\n<script type=\"application\/ld+json\" class=\"yoast-schema-graph\">{\"@context\":\"https:\/\/schema.org\",\"@graph\":[{\"@type\":\"WebPage\",\"@id\":\"https:\/\/talenti.si\/hr\/razno-hr\/drustvene-igre\/vilac-karte-crni-petar\/\",\"url\":\"https:\/\/talenti.si\/hr\/razno-hr\/drustvene-igre\/vilac-karte-crni-petar\/\",\"name\":\"Vilac karte Crni Petar - Talenti.si\",\"isPartOf\":{\"@id\":\"https:\/\/talenti.si\/hr\/#website\"},\"primaryImageOfPage\":{\"@id\":\"https:\/\/talenti.si\/hr\/razno-hr\/drustvene-igre\/vilac-karte-crni-petar\/#primaryimage\"},\"image\":{\"@id\":\"https:\/\/talenti.si\/hr\/razno-hr\/drustvene-igre\/vilac-karte-crni-petar\/#primaryimage\"},\"thumbnailUrl\":\"https:\/\/talenti.si\/wp-content\/uploads\/2023\/01\/crni-peter.png\",\"datePublished\":\"2023-01-11T13:33:04+00:00\",\"description\":\"Dru\u0161tvena igra s prekrasno ilustriranim kartama koju je kreirao francuski brend Vilac.\",\"breadcrumb\":{\"@id\":\"https:\/\/talenti.si\/hr\/razno-hr\/drustvene-igre\/vilac-karte-crni-petar\/#breadcrumb\"},\"inLanguage\":\"hr\",\"potentialAction\":[{\"@type\":\"ReadAction\",\"target\":[\"https:\/\/talenti.si\/hr\/razno-hr\/drustvene-igre\/vilac-karte-crni-petar\/\"]}]},{\"@type\":\"ImageObject\",\"inLanguage\":\"hr\",\"@id\":\"https:\/\/talenti.si\/hr\/razno-hr\/drustvene-igre\/vilac-karte-crni-petar\/#primaryimage\",\"url\":\"https:\/\/talenti.si\/wp-content\/uploads\/2023\/01\/crni-peter.png\",\"contentUrl\":\"https:\/\/talenti.si\/wp-content\/uploads\/2023\/01\/crni-peter.png\",\"width\":1200,\"height\":1200},{\"@type\":\"BreadcrumbList\",\"@id\":\"https:\/\/talenti.si\/hr\/razno-hr\/drustvene-igre\/vilac-karte-crni-petar\/#breadcrumb\",\"itemListElement\":[{\"@type\":\"ListItem\",\"position\":1,\"name\":\"Home\",\"item\":\"https:\/\/talenti.si\/hr\/\"},{\"@type\":\"ListItem\",\"position\":2,\"name\":\"Trgovina\",\"item\":\"https:\/\/talenti.si\/hr\/shop\/\"},{\"@type\":\"ListItem\",\"position\":3,\"name\":\"Vilac karte Crni Petar\"}]},{\"@type\":\"WebSite\",\"@id\":\"https:\/\/talenti.si\/hr\/#website\",\"url\":\"https:\/\/talenti.si\/hr\/\",\"name\":\"Talenti.si\",\"description\":\"Spletna trgovina za vse \u017eonglerje in podobne talente. Vse za \u017eongliranje, yoyo, frizbi, bumerang, kite... in \u0161e in \u0161e.\",\"publisher\":{\"@id\":\"https:\/\/talenti.si\/hr\/#organization\"},\"potentialAction\":[{\"@type\":\"SearchAction\",\"target\":{\"@type\":\"EntryPoint\",\"urlTemplate\":\"https:\/\/talenti.si\/hr\/?s={search_term_string}\"},\"query-input\":{\"@type\":\"PropertyValueSpecification\",\"valueRequired\":true,\"valueName\":\"search_term_string\"}}],\"inLanguage\":\"hr\"},{\"@type\":\"Organization\",\"@id\":\"https:\/\/talenti.si\/hr\/#organization\",\"name\":\"Talenti.si\",\"url\":\"https:\/\/talenti.si\/hr\/\",\"logo\":{\"@type\":\"ImageObject\",\"inLanguage\":\"hr\",\"@id\":\"https:\/\/talenti.si\/hr\/#\/schema\/logo\/image\/\",\"url\":\"https:\/\/talenti.si\/wp-content\/uploads\/2021\/12\/logo-talent-pravi-dark.png\",\"contentUrl\":\"https:\/\/talenti.si\/wp-content\/uploads\/2021\/12\/logo-talent-pravi-dark.png\",\"width\":145,\"height\":83,\"caption\":\"Talenti.si\"},\"image\":{\"@id\":\"https:\/\/talenti.si\/hr\/#\/schema\/logo\/image\/\"}}]}<\/script>\n<!-- \/ Yoast SEO plugin. -->","yoast_head_json":{"title":"Vilac karte Crni Petar - Talenti.si","description":"Dru\u0161tvena igra s prekrasno ilustriranim kartama koju je kreirao francuski brend Vilac.","robots":{"index":"index","follow":"follow","max-snippet":"max-snippet:-1","max-image-preview":"max-image-preview:large","max-video-preview":"max-video-preview:-1"},"canonical":"https:\/\/talenti.si\/hr\/razno-hr\/drustvene-igre\/vilac-karte-crni-petar\/","og_locale":"hr_HR","og_type":"article","og_title":"Vilac karte Crni Petar - Talenti.si","og_description":"Dru\u0161tvena igra s prekrasno ilustriranim kartama koju je kreirao francuski brend Vilac.","og_url":"https:\/\/talenti.si\/hr\/razno-hr\/drustvene-igre\/vilac-karte-crni-petar\/","og_site_name":"Talenti.si","og_image":[{"width":1200,"height":1200,"url":"https:\/\/talenti.si\/wp-content\/uploads\/2023\/01\/crni-peter.png","type":"image\/png"}],"twitter_card":"summary_large_image","twitter_misc":{"Procijenjeno vrijeme \u010ditanja":"1 minuta"},"schema":{"@context":"https:\/\/schema.org","@graph":[{"@type":"WebPage","@id":"https:\/\/talenti.si\/hr\/razno-hr\/drustvene-igre\/vilac-karte-crni-petar\/","url":"https:\/\/talenti.si\/hr\/razno-hr\/drustvene-igre\/vilac-karte-crni-petar\/","name":"Vilac karte Crni Petar - Talenti.si","isPartOf":{"@id":"https:\/\/talenti.si\/hr\/#website"},"primaryImageOfPage":{"@id":"https:\/\/talenti.si\/hr\/razno-hr\/drustvene-igre\/vilac-karte-crni-petar\/#primaryimage"},"image":{"@id":"https:\/\/talenti.si\/hr\/razno-hr\/drustvene-igre\/vilac-karte-crni-petar\/#primaryimage"},"thumbnailUrl":"https:\/\/talenti.si\/wp-content\/uploads\/2023\/01\/crni-peter.png","datePublished":"2023-01-11T13:33:04+00:00","description":"Dru\u0161tvena igra s prekrasno ilustriranim kartama koju je kreirao francuski brend Vilac.","breadcrumb":{"@id":"https:\/\/talenti.si\/hr\/razno-hr\/drustvene-igre\/vilac-karte-crni-petar\/#breadcrumb"},"inLanguage":"hr","potentialAction":[{"@type":"ReadAction","target":["https:\/\/talenti.si\/hr\/razno-hr\/drustvene-igre\/vilac-karte-crni-petar\/"]}]},{"@type":"ImageObject","inLanguage":"hr","@id":"https:\/\/talenti.si\/hr\/razno-hr\/drustvene-igre\/vilac-karte-crni-petar\/#primaryimage","url":"https:\/\/talenti.si\/wp-content\/uploads\/2023\/01\/crni-peter.png","contentUrl":"https:\/\/talenti.si\/wp-content\/uploads\/2023\/01\/crni-peter.png","width":1200,"height":1200},{"@type":"BreadcrumbList","@id":"https:\/\/talenti.si\/hr\/razno-hr\/drustvene-igre\/vilac-karte-crni-petar\/#breadcrumb","itemListElement":[{"@type":"ListItem","position":1,"name":"Home","item":"https:\/\/talenti.si\/hr\/"},{"@type":"ListItem","position":2,"name":"Trgovina","item":"https:\/\/talenti.si\/hr\/shop\/"},{"@type":"ListItem","position":3,"name":"Vilac karte Crni Petar"}]},{"@type":"WebSite","@id":"https:\/\/talenti.si\/hr\/#website","url":"https:\/\/talenti.si\/hr\/","name":"Talenti.si","description":"Spletna trgovina za vse \u017eonglerje in podobne talente. Vse za \u017eongliranje, yoyo, frizbi, bumerang, kite... in \u0161e in \u0161e.","publisher":{"@id":"https:\/\/talenti.si\/hr\/#organization"},"potentialAction":[{"@type":"SearchAction","target":{"@type":"EntryPoint","urlTemplate":"https:\/\/talenti.si\/hr\/?s={search_term_string}"},"query-input":{"@type":"PropertyValueSpecification","valueRequired":true,"valueName":"search_term_string"}}],"inLanguage":"hr"},{"@type":"Organization","@id":"https:\/\/talenti.si\/hr\/#organization","name":"Talenti.si","url":"https:\/\/talenti.si\/hr\/","logo":{"@type":"ImageObject","inLanguage":"hr","@id":"https:\/\/talenti.si\/hr\/#\/schema\/logo\/image\/","url":"https:\/\/talenti.si\/wp-content\/uploads\/2021\/12\/logo-talent-pravi-dark.png","contentUrl":"https:\/\/talenti.si\/wp-content\/uploads\/2021\/12\/logo-talent-pravi-dark.png","width":145,"height":83,"caption":"Talenti.si"},"image":{"@id":"https:\/\/talenti.si\/hr\/#\/schema\/logo\/image\/"}}]}},"brands":[{"id":2117,"name":"Vilac","slug":"vilac-hr"}],"_links":{"self":[{"href":"https:\/\/talenti.si\/hr\/wp-json\/wp\/v2\/product\/26884","targetHints":{"allow":["GET"]}}],"collection":[{"href":"https:\/\/talenti.si\/hr\/wp-json\/wp\/v2\/product"}],"about":[{"href":"https:\/\/talenti.si\/hr\/wp-json\/wp\/v2\/types\/product"}],"replies":[{"embeddable":true,"href":"https:\/\/talenti.si\/hr\/wp-json\/wp\/v2\/comments?post=26884"}],"wp:featuredmedia":[{"embeddable":true,"href":"https:\/\/talenti.si\/hr\/wp-json\/wp\/v2\/media\/21044"}],"wp:attachment":[{"href":"https:\/\/talenti.si\/hr\/wp-json\/wp\/v2\/media?parent=26884"}],"wp:term":[{"taxonomy":"pwb-brand","embeddable":true,"href":"https:\/\/talenti.si\/hr\/wp-json\/wp\/v2\/pwb-brand?post=26884"},{"taxonomy":"product_brand","embeddable":true,"href":"https:\/\/talenti.si\/hr\/wp-json\/wp\/v2\/product_brand?post=26884"},{"taxonomy":"product_cat","embeddable":true,"href":"https:\/\/talenti.si\/hr\/wp-json\/wp\/v2\/product_cat?post=26884"},{"taxonomy":"product_tag","embeddable":true,"href":"https:\/\/talenti.si\/hr\/wp-json\/wp\/v2\/product_tag?post=26884"}],"curies":[{"name":"wp","href":"https:\/\/api.w.org\/{rel}","templated":true}]}}