{"id":26926,"date":"2021-05-05T18:50:12","date_gmt":"2021-05-05T18:50:12","guid":{"rendered":"https:\/\/talenti.si\/Bez%20kategorije\/drvena-slagalica-pladanj-za-veceru\/"},"modified":"2023-07-31T08:12:39","modified_gmt":"2023-07-31T08:12:39","slug":"drvena-umetaljka-pladanj-za-veceru","status":"publish","type":"product","link":"https:\/\/talenti.si\/hr\/uncategorized-hr\/drvena-umetaljka-pladanj-za-veceru\/","title":{"rendered":"Drvena umetaljka Pladanj za ve\u010deru"},"content":{"rendered":"<div style=\"text-align: justify;\">\n<p style=\"text-align: left;\">\u010cvrsta drvena umetaljka ima 8 drvenih komada u obliku hrane i pribora. Svaki komad je deblji i vi\u0161i od osnovne plo\u010de. Tako ih djeca lako uhvate i mi\u010du. Mogu i samostalno stajati i bez plo\u010de na ravnoj podlozi pa omogu\u0107uju igru i bez plo\u010de.<\/p>\n<\/div>\n<p style=\"text-align: left;\">Mogu poslu\u017eiti i kao predlo\u017eak za crtanje.<\/p>\n<p style=\"text-align: left;\">Vilac igra\u010dke su izra\u0111ene od drva, proizvedene ekolo\u0161ki. Ekolo\u0161ki i korisnicima prijateljske.<\/p>\n<p><strong>Karakteristike:<\/strong><\/p>\n<ul>\n<li>Vsebuje: bazu +<strong> 8<\/strong> drvenih komada<\/li>\n<li><span style=\"line-height: 14px;\">Dimenzije: <strong>29,4<\/strong> x <strong>20,6<\/strong> x <strong>1,6<\/strong> cm<\/span><\/li>\n<li><span style=\"line-height: 14px;\">Debljina umetaka: <strong>1,5<\/strong> cm<\/span><\/li>\n<li>Materijali &#8211; <strong>drvo<\/strong><\/li>\n<li><span style=\"line-height: 14px;\">Prikladna dob: <strong>1+<\/strong><\/span><\/li>\n<\/ul>\n<p><strong style=\"font-size: 10px;\">UPOZORENJE!<\/strong> <span style=\"font-size: 10px;\"> Prije nego \u0161to predate proizvod djetetu, uklonite sve dijelove ambala\u017ee. Spremite te informacije za kasniju upotrebu.<\/span><\/p>\n","protected":false},"excerpt":{"rendered":"<p>\u010cvrsta drvena umetaljka ima 8 drvenih komada u obliku hrane i pribora. Svaki komad je deblji i vi\u0161i od osnovne plo\u010de. Tako ih djeca lako uhvate i mi\u010du. Mogu i samostalno stajati i bez plo\u010de na ravnoj podlozi pa omogu\u0107uju igru i bez plo\u010de. Mogu poslu\u017eiti i kao predlo\u017eak za crtanje. Vilac igra\u010dke su izra\u0111ene [&hellip;]<\/p>\n","protected":false},"featured_media":16721,"comment_status":"open","ping_status":"closed","template":"","meta":{"_acf_changed":false},"pwb-brand":[],"product_brand":[],"product_cat":[1680],"product_tag":[],"class_list":{"0":"post-26926","1":"product","2":"type-product","3":"status-publish","4":"has-post-thumbnail","6":"product_cat-uncategorized-hr","8":"first","9":"outofstock","10":"taxable","11":"shipping-taxable","12":"purchasable","13":"product-type-simple"},"acf":[],"yoast_head":"<!-- This site is optimized with the Yoast SEO plugin v25.8 - https:\/\/yoast.com\/wordpress\/plugins\/seo\/ -->\n<title>Drvena umetaljka Pladanj za ve\u010deru<\/title>\n<meta name=\"description\" content=\"\u010cvrsta drvena umetaljka ima 5 drvenih figurica sa motivima iz cirkusa. Svaka drvena \u017eivotinjica je deblja i vi\u0161a od osnovne plo\u010de pa ih djeca lako uhvate i mi\u010du, a mogu i samostalno stajati i bez plo\u010de na ravnoj podlozi pa omogu\u0107uju igru i bez plo\u010de. Mogu poslu\u017eiti i kao predlo\u017eak za crtanje. Ispod svakog dijela slagalice nacrtana je odgovaraju\u0107a slika kako bi djeca lak\u0161e prepoznala mjesto gdje dio treba umetnuti.\" \/>\n<meta name=\"robots\" content=\"index, follow, max-snippet:-1, max-image-preview:large, max-video-preview:-1\" \/>\n<link rel=\"canonical\" href=\"https:\/\/talenti.si\/hr\/uncategorized-hr\/drvena-umetaljka-pladanj-za-veceru\/\" \/>\n<meta property=\"og:locale\" content=\"hr_HR\" \/>\n<meta property=\"og:type\" content=\"article\" \/>\n<meta property=\"og:title\" content=\"Drvena umetaljka Pladanj za ve\u010deru\" \/>\n<meta property=\"og:description\" content=\"\u010cvrsta drvena umetaljka ima 5 drvenih figurica sa motivima iz cirkusa. Svaka drvena \u017eivotinjica je deblja i vi\u0161a od osnovne plo\u010de pa ih djeca lako uhvate i mi\u010du, a mogu i samostalno stajati i bez plo\u010de na ravnoj podlozi pa omogu\u0107uju igru i bez plo\u010de. Mogu poslu\u017eiti i kao predlo\u017eak za crtanje. Ispod svakog dijela slagalice nacrtana je odgovaraju\u0107a slika kako bi djeca lak\u0161e prepoznala mjesto gdje dio treba umetnuti.\" \/>\n<meta property=\"og:url\" content=\"https:\/\/talenti.si\/hr\/uncategorized-hr\/drvena-umetaljka-pladanj-za-veceru\/\" \/>\n<meta property=\"og:site_name\" content=\"Talenti.si\" \/>\n<meta property=\"article:modified_time\" content=\"2023-07-31T08:12:39+00:00\" \/>\n<meta property=\"og:image\" content=\"https:\/\/talenti.si\/wp-content\/uploads\/2022\/01\/vilac-pladenj.jpg\" \/>\n\t<meta property=\"og:image:width\" content=\"1500\" \/>\n\t<meta property=\"og:image:height\" content=\"1494\" \/>\n\t<meta property=\"og:image:type\" content=\"image\/jpeg\" \/>\n<meta name=\"twitter:card\" content=\"summary_large_image\" \/>\n<meta name=\"twitter:label1\" content=\"Procijenjeno vrijeme \u010ditanja\" \/>\n\t<meta name=\"twitter:data1\" content=\"1 minuta\" \/>\n<script type=\"application\/ld+json\" class=\"yoast-schema-graph\">{\"@context\":\"https:\/\/schema.org\",\"@graph\":[{\"@type\":\"WebPage\",\"@id\":\"https:\/\/talenti.si\/hr\/uncategorized-hr\/drvena-umetaljka-pladanj-za-veceru\/\",\"url\":\"https:\/\/talenti.si\/hr\/uncategorized-hr\/drvena-umetaljka-pladanj-za-veceru\/\",\"name\":\"Drvena umetaljka Pladanj za ve\u010deru\",\"isPartOf\":{\"@id\":\"https:\/\/talenti.si\/hr\/#website\"},\"primaryImageOfPage\":{\"@id\":\"https:\/\/talenti.si\/hr\/uncategorized-hr\/drvena-umetaljka-pladanj-za-veceru\/#primaryimage\"},\"image\":{\"@id\":\"https:\/\/talenti.si\/hr\/uncategorized-hr\/drvena-umetaljka-pladanj-za-veceru\/#primaryimage\"},\"thumbnailUrl\":\"https:\/\/talenti.si\/wp-content\/uploads\/2022\/01\/vilac-pladenj.jpg\",\"datePublished\":\"2021-05-05T18:50:12+00:00\",\"dateModified\":\"2023-07-31T08:12:39+00:00\",\"description\":\"\u010cvrsta drvena umetaljka ima 5 drvenih figurica sa motivima iz cirkusa. Svaka drvena \u017eivotinjica je deblja i vi\u0161a od osnovne plo\u010de pa ih djeca lako uhvate i mi\u010du, a mogu i samostalno stajati i bez plo\u010de na ravnoj podlozi pa omogu\u0107uju igru i bez plo\u010de. Mogu poslu\u017eiti i kao predlo\u017eak za crtanje. Ispod svakog dijela slagalice nacrtana je odgovaraju\u0107a slika kako bi djeca lak\u0161e prepoznala mjesto gdje dio treba umetnuti.\",\"breadcrumb\":{\"@id\":\"https:\/\/talenti.si\/hr\/uncategorized-hr\/drvena-umetaljka-pladanj-za-veceru\/#breadcrumb\"},\"inLanguage\":\"hr\",\"potentialAction\":[{\"@type\":\"ReadAction\",\"target\":[\"https:\/\/talenti.si\/hr\/uncategorized-hr\/drvena-umetaljka-pladanj-za-veceru\/\"]}]},{\"@type\":\"ImageObject\",\"inLanguage\":\"hr\",\"@id\":\"https:\/\/talenti.si\/hr\/uncategorized-hr\/drvena-umetaljka-pladanj-za-veceru\/#primaryimage\",\"url\":\"https:\/\/talenti.si\/wp-content\/uploads\/2022\/01\/vilac-pladenj.jpg\",\"contentUrl\":\"https:\/\/talenti.si\/wp-content\/uploads\/2022\/01\/vilac-pladenj.jpg\",\"width\":1500,\"height\":1494},{\"@type\":\"BreadcrumbList\",\"@id\":\"https:\/\/talenti.si\/hr\/uncategorized-hr\/drvena-umetaljka-pladanj-za-veceru\/#breadcrumb\",\"itemListElement\":[{\"@type\":\"ListItem\",\"position\":1,\"name\":\"Home\",\"item\":\"https:\/\/talenti.si\/hr\/\"},{\"@type\":\"ListItem\",\"position\":2,\"name\":\"Trgovina\",\"item\":\"https:\/\/talenti.si\/hr\/shop\/\"},{\"@type\":\"ListItem\",\"position\":3,\"name\":\"Drvena umetaljka Pladanj za ve\u010deru\"}]},{\"@type\":\"WebSite\",\"@id\":\"https:\/\/talenti.si\/hr\/#website\",\"url\":\"https:\/\/talenti.si\/hr\/\",\"name\":\"Talenti.si\",\"description\":\"Spletna trgovina za vse \u017eonglerje in podobne talente. Vse za \u017eongliranje, yoyo, frizbi, bumerang, kite... in \u0161e in \u0161e.\",\"publisher\":{\"@id\":\"https:\/\/talenti.si\/hr\/#organization\"},\"potentialAction\":[{\"@type\":\"SearchAction\",\"target\":{\"@type\":\"EntryPoint\",\"urlTemplate\":\"https:\/\/talenti.si\/hr\/?s={search_term_string}\"},\"query-input\":{\"@type\":\"PropertyValueSpecification\",\"valueRequired\":true,\"valueName\":\"search_term_string\"}}],\"inLanguage\":\"hr\"},{\"@type\":\"Organization\",\"@id\":\"https:\/\/talenti.si\/hr\/#organization\",\"name\":\"Talenti.si\",\"url\":\"https:\/\/talenti.si\/hr\/\",\"logo\":{\"@type\":\"ImageObject\",\"inLanguage\":\"hr\",\"@id\":\"https:\/\/talenti.si\/hr\/#\/schema\/logo\/image\/\",\"url\":\"https:\/\/talenti.si\/wp-content\/uploads\/2021\/12\/logo-talent-pravi-dark.png\",\"contentUrl\":\"https:\/\/talenti.si\/wp-content\/uploads\/2021\/12\/logo-talent-pravi-dark.png\",\"width\":145,\"height\":83,\"caption\":\"Talenti.si\"},\"image\":{\"@id\":\"https:\/\/talenti.si\/hr\/#\/schema\/logo\/image\/\"}}]}<\/script>\n<!-- \/ Yoast SEO plugin. -->","yoast_head_json":{"title":"Drvena umetaljka Pladanj za ve\u010deru","description":"\u010cvrsta drvena umetaljka ima 5 drvenih figurica sa motivima iz cirkusa. Svaka drvena \u017eivotinjica je deblja i vi\u0161a od osnovne plo\u010de pa ih djeca lako uhvate i mi\u010du, a mogu i samostalno stajati i bez plo\u010de na ravnoj podlozi pa omogu\u0107uju igru i bez plo\u010de. Mogu poslu\u017eiti i kao predlo\u017eak za crtanje. Ispod svakog dijela slagalice nacrtana je odgovaraju\u0107a slika kako bi djeca lak\u0161e prepoznala mjesto gdje dio treba umetnuti.","robots":{"index":"index","follow":"follow","max-snippet":"max-snippet:-1","max-image-preview":"max-image-preview:large","max-video-preview":"max-video-preview:-1"},"canonical":"https:\/\/talenti.si\/hr\/uncategorized-hr\/drvena-umetaljka-pladanj-za-veceru\/","og_locale":"hr_HR","og_type":"article","og_title":"Drvena umetaljka Pladanj za ve\u010deru","og_description":"\u010cvrsta drvena umetaljka ima 5 drvenih figurica sa motivima iz cirkusa. Svaka drvena \u017eivotinjica je deblja i vi\u0161a od osnovne plo\u010de pa ih djeca lako uhvate i mi\u010du, a mogu i samostalno stajati i bez plo\u010de na ravnoj podlozi pa omogu\u0107uju igru i bez plo\u010de. Mogu poslu\u017eiti i kao predlo\u017eak za crtanje. Ispod svakog dijela slagalice nacrtana je odgovaraju\u0107a slika kako bi djeca lak\u0161e prepoznala mjesto gdje dio treba umetnuti.","og_url":"https:\/\/talenti.si\/hr\/uncategorized-hr\/drvena-umetaljka-pladanj-za-veceru\/","og_site_name":"Talenti.si","article_modified_time":"2023-07-31T08:12:39+00:00","og_image":[{"width":1500,"height":1494,"url":"https:\/\/talenti.si\/wp-content\/uploads\/2022\/01\/vilac-pladenj.jpg","type":"image\/jpeg"}],"twitter_card":"summary_large_image","twitter_misc":{"Procijenjeno vrijeme \u010ditanja":"1 minuta"},"schema":{"@context":"https:\/\/schema.org","@graph":[{"@type":"WebPage","@id":"https:\/\/talenti.si\/hr\/uncategorized-hr\/drvena-umetaljka-pladanj-za-veceru\/","url":"https:\/\/talenti.si\/hr\/uncategorized-hr\/drvena-umetaljka-pladanj-za-veceru\/","name":"Drvena umetaljka Pladanj za ve\u010deru","isPartOf":{"@id":"https:\/\/talenti.si\/hr\/#website"},"primaryImageOfPage":{"@id":"https:\/\/talenti.si\/hr\/uncategorized-hr\/drvena-umetaljka-pladanj-za-veceru\/#primaryimage"},"image":{"@id":"https:\/\/talenti.si\/hr\/uncategorized-hr\/drvena-umetaljka-pladanj-za-veceru\/#primaryimage"},"thumbnailUrl":"https:\/\/talenti.si\/wp-content\/uploads\/2022\/01\/vilac-pladenj.jpg","datePublished":"2021-05-05T18:50:12+00:00","dateModified":"2023-07-31T08:12:39+00:00","description":"\u010cvrsta drvena umetaljka ima 5 drvenih figurica sa motivima iz cirkusa. Svaka drvena \u017eivotinjica je deblja i vi\u0161a od osnovne plo\u010de pa ih djeca lako uhvate i mi\u010du, a mogu i samostalno stajati i bez plo\u010de na ravnoj podlozi pa omogu\u0107uju igru i bez plo\u010de. Mogu poslu\u017eiti i kao predlo\u017eak za crtanje. Ispod svakog dijela slagalice nacrtana je odgovaraju\u0107a slika kako bi djeca lak\u0161e prepoznala mjesto gdje dio treba umetnuti.","breadcrumb":{"@id":"https:\/\/talenti.si\/hr\/uncategorized-hr\/drvena-umetaljka-pladanj-za-veceru\/#breadcrumb"},"inLanguage":"hr","potentialAction":[{"@type":"ReadAction","target":["https:\/\/talenti.si\/hr\/uncategorized-hr\/drvena-umetaljka-pladanj-za-veceru\/"]}]},{"@type":"ImageObject","inLanguage":"hr","@id":"https:\/\/talenti.si\/hr\/uncategorized-hr\/drvena-umetaljka-pladanj-za-veceru\/#primaryimage","url":"https:\/\/talenti.si\/wp-content\/uploads\/2022\/01\/vilac-pladenj.jpg","contentUrl":"https:\/\/talenti.si\/wp-content\/uploads\/2022\/01\/vilac-pladenj.jpg","width":1500,"height":1494},{"@type":"BreadcrumbList","@id":"https:\/\/talenti.si\/hr\/uncategorized-hr\/drvena-umetaljka-pladanj-za-veceru\/#breadcrumb","itemListElement":[{"@type":"ListItem","position":1,"name":"Home","item":"https:\/\/talenti.si\/hr\/"},{"@type":"ListItem","position":2,"name":"Trgovina","item":"https:\/\/talenti.si\/hr\/shop\/"},{"@type":"ListItem","position":3,"name":"Drvena umetaljka Pladanj za ve\u010deru"}]},{"@type":"WebSite","@id":"https:\/\/talenti.si\/hr\/#website","url":"https:\/\/talenti.si\/hr\/","name":"Talenti.si","description":"Spletna trgovina za vse \u017eonglerje in podobne talente. Vse za \u017eongliranje, yoyo, frizbi, bumerang, kite... in \u0161e in \u0161e.","publisher":{"@id":"https:\/\/talenti.si\/hr\/#organization"},"potentialAction":[{"@type":"SearchAction","target":{"@type":"EntryPoint","urlTemplate":"https:\/\/talenti.si\/hr\/?s={search_term_string}"},"query-input":{"@type":"PropertyValueSpecification","valueRequired":true,"valueName":"search_term_string"}}],"inLanguage":"hr"},{"@type":"Organization","@id":"https:\/\/talenti.si\/hr\/#organization","name":"Talenti.si","url":"https:\/\/talenti.si\/hr\/","logo":{"@type":"ImageObject","inLanguage":"hr","@id":"https:\/\/talenti.si\/hr\/#\/schema\/logo\/image\/","url":"https:\/\/talenti.si\/wp-content\/uploads\/2021\/12\/logo-talent-pravi-dark.png","contentUrl":"https:\/\/talenti.si\/wp-content\/uploads\/2021\/12\/logo-talent-pravi-dark.png","width":145,"height":83,"caption":"Talenti.si"},"image":{"@id":"https:\/\/talenti.si\/hr\/#\/schema\/logo\/image\/"}}]}},"brands":[],"_links":{"self":[{"href":"https:\/\/talenti.si\/hr\/wp-json\/wp\/v2\/product\/26926","targetHints":{"allow":["GET"]}}],"collection":[{"href":"https:\/\/talenti.si\/hr\/wp-json\/wp\/v2\/product"}],"about":[{"href":"https:\/\/talenti.si\/hr\/wp-json\/wp\/v2\/types\/product"}],"replies":[{"embeddable":true,"href":"https:\/\/talenti.si\/hr\/wp-json\/wp\/v2\/comments?post=26926"}],"wp:featuredmedia":[{"embeddable":true,"href":"https:\/\/talenti.si\/hr\/wp-json\/wp\/v2\/media\/16721"}],"wp:attachment":[{"href":"https:\/\/talenti.si\/hr\/wp-json\/wp\/v2\/media?parent=26926"}],"wp:term":[{"taxonomy":"pwb-brand","embeddable":true,"href":"https:\/\/talenti.si\/hr\/wp-json\/wp\/v2\/pwb-brand?post=26926"},{"taxonomy":"product_brand","embeddable":true,"href":"https:\/\/talenti.si\/hr\/wp-json\/wp\/v2\/product_brand?post=26926"},{"taxonomy":"product_cat","embeddable":true,"href":"https:\/\/talenti.si\/hr\/wp-json\/wp\/v2\/product_cat?post=26926"},{"taxonomy":"product_tag","embeddable":true,"href":"https:\/\/talenti.si\/hr\/wp-json\/wp\/v2\/product_tag?post=26926"}],"curies":[{"name":"wp","href":"https:\/\/api.w.org\/{rel}","templated":true}]}}