{"id":26967,"date":"2022-02-28T07:34:10","date_gmt":"2022-02-28T07:34:10","guid":{"rendered":"https:\/\/talenti.si\/Bez%20kategorije\/janod-taktilna-slagalica-zivot-na-ledu\/"},"modified":"2023-07-31T07:56:02","modified_gmt":"2023-07-31T07:56:02","slug":"janod-taktilne-puzzle-zivot-na-ledu","status":"publish","type":"product","link":"https:\/\/talenti.si\/hr\/igracke\/djecje-puzzle\/janod-taktilne-puzzle-zivot-na-ledu\/","title":{"rendered":"Janod taktilne puzzle \u017divot na ledu"},"content":{"rendered":"<p>&nbsp;<\/p>\n<p>Velike puzzle od 20 komada s \u200b\u200bilustracijama \u017eivotinja izra\u0111ene su od debelog kartona sa razli\u010ditim teksturama koje odgovaraju krznu odgovaraju\u0107e \u017eivotinje. Tako \u0107e mali\u0161ani upoznati i razviti ne samo svoje motori\u010dke sposobnosti ve\u0107 i osjet dodira.<\/p>\n<div class=\"video-container responsive-embed widescreen\"><iframe loading=\"lazy\" title=\"Janod - Puzzle Tactile &quot;La vie sur la Banquise&quot;\" width=\"900\" height=\"506\" src=\"https:\/\/www.youtube.com\/embed\/M2oot4HbYes?feature=oembed\" frameborder=\"0\" allow=\"accelerometer; autoplay; clipboard-write; encrypted-media; gyroscope; picture-in-picture; web-share\" allowfullscreen><\/iframe><\/div>\n<p><strong>Karakteristike:<\/strong><\/p>\n<ul>\n<li>Broj komada: <strong>20<\/strong><\/li>\n<li>Dimenzije: <strong>65 <\/strong>x<b> 50<\/b><strong> <\/strong>cm<\/li>\n<li>Materijali &#8211; <strong>trdi karton, tekstil<\/strong><\/li>\n<li>Prikladna dob: <strong>2+<\/strong><\/li>\n<\/ul>\n<p><strong style=\"font-size: 10px;\">UPOZORENJE!<\/strong><span style=\"font-size: 10px;\"> Prije nego \u0161to predate proizvod djetetu, uklonite sve dijelove ambala\u017ee. Spremite te informacije za kasniju upotrebu.<\/span><\/p>\n","protected":false},"excerpt":{"rendered":"<p>&nbsp; Velike puzzle od 20 komada s \u200b\u200bilustracijama \u017eivotinja izra\u0111ene su od debelog kartona sa razli\u010ditim teksturama koje odgovaraju krznu odgovaraju\u0107e \u017eivotinje. Tako \u0107e mali\u0161ani upoznati i razviti ne samo svoje motori\u010dke sposobnosti ve\u0107 i osjet dodira. Karakteristike: Broj komada: 20 Dimenzije: 65 x 50 cm Materijali &#8211; trdi karton, tekstil Prikladna dob: 2+ UPOZORENJE! [&hellip;]<\/p>\n","protected":false},"featured_media":18299,"comment_status":"open","ping_status":"closed","template":"","meta":{"_acf_changed":false},"pwb-brand":[2018],"product_brand":[],"product_cat":[1726],"product_tag":[1999,2895],"class_list":{"0":"post-26967","1":"product","2":"type-product","3":"status-publish","4":"has-post-thumbnail","6":"pwb-brand-janod-hr","7":"product_cat-djecje-puzzle","8":"product_tag-janod-hr","9":"product_tag-slagalica","11":"first","12":"instock","13":"taxable","14":"shipping-taxable","15":"purchasable","16":"product-type-simple"},"acf":[],"yoast_head":"<!-- This site is optimized with the Yoast SEO plugin v25.8 - https:\/\/yoast.com\/wordpress\/plugins\/seo\/ -->\n<title>Janod taktilne puzzle \u017divot na ledu - Talenti.si<\/title>\n<meta name=\"description\" content=\"Velike puzzle od 20 komada s \u200b\u200bilustracijama \u017eivotinja izra\u0111ene su od debelog kartona sa razli\u010ditim teksturama koje odgovaraju krznu odgovaraju\u0107e \u017eivotinje. Tako \u0107e mali\u0161ani s aktivnom slagalicom upoznati i razviti ne samo svoje motori\u010dke sposobnosti ve\u0107 i osjet dodira.\" \/>\n<meta name=\"robots\" content=\"index, follow, max-snippet:-1, max-image-preview:large, max-video-preview:-1\" \/>\n<link rel=\"canonical\" href=\"https:\/\/talenti.si\/hr\/igracke\/djecje-puzzle\/janod-taktilne-puzzle-zivot-na-ledu\/\" \/>\n<meta property=\"og:locale\" content=\"hr_HR\" \/>\n<meta property=\"og:type\" content=\"article\" \/>\n<meta property=\"og:title\" content=\"Janod taktilne puzzle \u017divot na ledu - Talenti.si\" \/>\n<meta property=\"og:description\" content=\"Velike puzzle od 20 komada s \u200b\u200bilustracijama \u017eivotinja izra\u0111ene su od debelog kartona sa razli\u010ditim teksturama koje odgovaraju krznu odgovaraju\u0107e \u017eivotinje. Tako \u0107e mali\u0161ani s aktivnom slagalicom upoznati i razviti ne samo svoje motori\u010dke sposobnosti ve\u0107 i osjet dodira.\" \/>\n<meta property=\"og:url\" content=\"https:\/\/talenti.si\/hr\/igracke\/djecje-puzzle\/janod-taktilne-puzzle-zivot-na-ledu\/\" \/>\n<meta property=\"og:site_name\" content=\"Talenti.si\" \/>\n<meta property=\"article:modified_time\" content=\"2023-07-31T07:56:02+00:00\" \/>\n<meta property=\"og:image\" content=\"https:\/\/talenti.si\/wp-content\/uploads\/2022\/02\/zivljenje-na-ledu.jpg\" \/>\n\t<meta property=\"og:image:width\" content=\"1000\" \/>\n\t<meta property=\"og:image:height\" content=\"1000\" \/>\n\t<meta property=\"og:image:type\" content=\"image\/jpeg\" \/>\n<meta name=\"twitter:card\" content=\"summary_large_image\" \/>\n<script type=\"application\/ld+json\" class=\"yoast-schema-graph\">{\"@context\":\"https:\/\/schema.org\",\"@graph\":[{\"@type\":\"WebPage\",\"@id\":\"https:\/\/talenti.si\/hr\/igracke\/djecje-puzzle\/janod-taktilne-puzzle-zivot-na-ledu\/\",\"url\":\"https:\/\/talenti.si\/hr\/igracke\/djecje-puzzle\/janod-taktilne-puzzle-zivot-na-ledu\/\",\"name\":\"Janod taktilne puzzle \u017divot na ledu - Talenti.si\",\"isPartOf\":{\"@id\":\"https:\/\/talenti.si\/hr\/#website\"},\"primaryImageOfPage\":{\"@id\":\"https:\/\/talenti.si\/hr\/igracke\/djecje-puzzle\/janod-taktilne-puzzle-zivot-na-ledu\/#primaryimage\"},\"image\":{\"@id\":\"https:\/\/talenti.si\/hr\/igracke\/djecje-puzzle\/janod-taktilne-puzzle-zivot-na-ledu\/#primaryimage\"},\"thumbnailUrl\":\"https:\/\/talenti.si\/wp-content\/uploads\/2022\/02\/zivljenje-na-ledu.jpg\",\"datePublished\":\"2022-02-28T07:34:10+00:00\",\"dateModified\":\"2023-07-31T07:56:02+00:00\",\"description\":\"Velike puzzle od 20 komada s \u200b\u200bilustracijama \u017eivotinja izra\u0111ene su od debelog kartona sa razli\u010ditim teksturama koje odgovaraju krznu odgovaraju\u0107e \u017eivotinje. Tako \u0107e mali\u0161ani s aktivnom slagalicom upoznati i razviti ne samo svoje motori\u010dke sposobnosti ve\u0107 i osjet dodira.\",\"breadcrumb\":{\"@id\":\"https:\/\/talenti.si\/hr\/igracke\/djecje-puzzle\/janod-taktilne-puzzle-zivot-na-ledu\/#breadcrumb\"},\"inLanguage\":\"hr\",\"potentialAction\":[{\"@type\":\"ReadAction\",\"target\":[\"https:\/\/talenti.si\/hr\/igracke\/djecje-puzzle\/janod-taktilne-puzzle-zivot-na-ledu\/\"]}]},{\"@type\":\"ImageObject\",\"inLanguage\":\"hr\",\"@id\":\"https:\/\/talenti.si\/hr\/igracke\/djecje-puzzle\/janod-taktilne-puzzle-zivot-na-ledu\/#primaryimage\",\"url\":\"https:\/\/talenti.si\/wp-content\/uploads\/2022\/02\/zivljenje-na-ledu.jpg\",\"contentUrl\":\"https:\/\/talenti.si\/wp-content\/uploads\/2022\/02\/zivljenje-na-ledu.jpg\",\"width\":1000,\"height\":1000},{\"@type\":\"BreadcrumbList\",\"@id\":\"https:\/\/talenti.si\/hr\/igracke\/djecje-puzzle\/janod-taktilne-puzzle-zivot-na-ledu\/#breadcrumb\",\"itemListElement\":[{\"@type\":\"ListItem\",\"position\":1,\"name\":\"Home\",\"item\":\"https:\/\/talenti.si\/hr\/\"},{\"@type\":\"ListItem\",\"position\":2,\"name\":\"Trgovina\",\"item\":\"https:\/\/talenti.si\/hr\/shop\/\"},{\"@type\":\"ListItem\",\"position\":3,\"name\":\"Janod taktilne puzzle \u017divot na ledu\"}]},{\"@type\":\"WebSite\",\"@id\":\"https:\/\/talenti.si\/hr\/#website\",\"url\":\"https:\/\/talenti.si\/hr\/\",\"name\":\"Talenti.si\",\"description\":\"Spletna trgovina za vse \u017eonglerje in podobne talente. Vse za \u017eongliranje, yoyo, frizbi, bumerang, kite... in \u0161e in \u0161e.\",\"publisher\":{\"@id\":\"https:\/\/talenti.si\/hr\/#organization\"},\"potentialAction\":[{\"@type\":\"SearchAction\",\"target\":{\"@type\":\"EntryPoint\",\"urlTemplate\":\"https:\/\/talenti.si\/hr\/?s={search_term_string}\"},\"query-input\":{\"@type\":\"PropertyValueSpecification\",\"valueRequired\":true,\"valueName\":\"search_term_string\"}}],\"inLanguage\":\"hr\"},{\"@type\":\"Organization\",\"@id\":\"https:\/\/talenti.si\/hr\/#organization\",\"name\":\"Talenti.si\",\"url\":\"https:\/\/talenti.si\/hr\/\",\"logo\":{\"@type\":\"ImageObject\",\"inLanguage\":\"hr\",\"@id\":\"https:\/\/talenti.si\/hr\/#\/schema\/logo\/image\/\",\"url\":\"https:\/\/talenti.si\/wp-content\/uploads\/2021\/12\/logo-talent-pravi-dark.png\",\"contentUrl\":\"https:\/\/talenti.si\/wp-content\/uploads\/2021\/12\/logo-talent-pravi-dark.png\",\"width\":145,\"height\":83,\"caption\":\"Talenti.si\"},\"image\":{\"@id\":\"https:\/\/talenti.si\/hr\/#\/schema\/logo\/image\/\"}}]}<\/script>\n<!-- \/ Yoast SEO plugin. -->","yoast_head_json":{"title":"Janod taktilne puzzle \u017divot na ledu - Talenti.si","description":"Velike puzzle od 20 komada s \u200b\u200bilustracijama \u017eivotinja izra\u0111ene su od debelog kartona sa razli\u010ditim teksturama koje odgovaraju krznu odgovaraju\u0107e \u017eivotinje. Tako \u0107e mali\u0161ani s aktivnom slagalicom upoznati i razviti ne samo svoje motori\u010dke sposobnosti ve\u0107 i osjet dodira.","robots":{"index":"index","follow":"follow","max-snippet":"max-snippet:-1","max-image-preview":"max-image-preview:large","max-video-preview":"max-video-preview:-1"},"canonical":"https:\/\/talenti.si\/hr\/igracke\/djecje-puzzle\/janod-taktilne-puzzle-zivot-na-ledu\/","og_locale":"hr_HR","og_type":"article","og_title":"Janod taktilne puzzle \u017divot na ledu - Talenti.si","og_description":"Velike puzzle od 20 komada s \u200b\u200bilustracijama \u017eivotinja izra\u0111ene su od debelog kartona sa razli\u010ditim teksturama koje odgovaraju krznu odgovaraju\u0107e \u017eivotinje. Tako \u0107e mali\u0161ani s aktivnom slagalicom upoznati i razviti ne samo svoje motori\u010dke sposobnosti ve\u0107 i osjet dodira.","og_url":"https:\/\/talenti.si\/hr\/igracke\/djecje-puzzle\/janod-taktilne-puzzle-zivot-na-ledu\/","og_site_name":"Talenti.si","article_modified_time":"2023-07-31T07:56:02+00:00","og_image":[{"width":1000,"height":1000,"url":"https:\/\/talenti.si\/wp-content\/uploads\/2022\/02\/zivljenje-na-ledu.jpg","type":"image\/jpeg"}],"twitter_card":"summary_large_image","schema":{"@context":"https:\/\/schema.org","@graph":[{"@type":"WebPage","@id":"https:\/\/talenti.si\/hr\/igracke\/djecje-puzzle\/janod-taktilne-puzzle-zivot-na-ledu\/","url":"https:\/\/talenti.si\/hr\/igracke\/djecje-puzzle\/janod-taktilne-puzzle-zivot-na-ledu\/","name":"Janod taktilne puzzle \u017divot na ledu - Talenti.si","isPartOf":{"@id":"https:\/\/talenti.si\/hr\/#website"},"primaryImageOfPage":{"@id":"https:\/\/talenti.si\/hr\/igracke\/djecje-puzzle\/janod-taktilne-puzzle-zivot-na-ledu\/#primaryimage"},"image":{"@id":"https:\/\/talenti.si\/hr\/igracke\/djecje-puzzle\/janod-taktilne-puzzle-zivot-na-ledu\/#primaryimage"},"thumbnailUrl":"https:\/\/talenti.si\/wp-content\/uploads\/2022\/02\/zivljenje-na-ledu.jpg","datePublished":"2022-02-28T07:34:10+00:00","dateModified":"2023-07-31T07:56:02+00:00","description":"Velike puzzle od 20 komada s \u200b\u200bilustracijama \u017eivotinja izra\u0111ene su od debelog kartona sa razli\u010ditim teksturama koje odgovaraju krznu odgovaraju\u0107e \u017eivotinje. Tako \u0107e mali\u0161ani s aktivnom slagalicom upoznati i razviti ne samo svoje motori\u010dke sposobnosti ve\u0107 i osjet dodira.","breadcrumb":{"@id":"https:\/\/talenti.si\/hr\/igracke\/djecje-puzzle\/janod-taktilne-puzzle-zivot-na-ledu\/#breadcrumb"},"inLanguage":"hr","potentialAction":[{"@type":"ReadAction","target":["https:\/\/talenti.si\/hr\/igracke\/djecje-puzzle\/janod-taktilne-puzzle-zivot-na-ledu\/"]}]},{"@type":"ImageObject","inLanguage":"hr","@id":"https:\/\/talenti.si\/hr\/igracke\/djecje-puzzle\/janod-taktilne-puzzle-zivot-na-ledu\/#primaryimage","url":"https:\/\/talenti.si\/wp-content\/uploads\/2022\/02\/zivljenje-na-ledu.jpg","contentUrl":"https:\/\/talenti.si\/wp-content\/uploads\/2022\/02\/zivljenje-na-ledu.jpg","width":1000,"height":1000},{"@type":"BreadcrumbList","@id":"https:\/\/talenti.si\/hr\/igracke\/djecje-puzzle\/janod-taktilne-puzzle-zivot-na-ledu\/#breadcrumb","itemListElement":[{"@type":"ListItem","position":1,"name":"Home","item":"https:\/\/talenti.si\/hr\/"},{"@type":"ListItem","position":2,"name":"Trgovina","item":"https:\/\/talenti.si\/hr\/shop\/"},{"@type":"ListItem","position":3,"name":"Janod taktilne puzzle \u017divot na ledu"}]},{"@type":"WebSite","@id":"https:\/\/talenti.si\/hr\/#website","url":"https:\/\/talenti.si\/hr\/","name":"Talenti.si","description":"Spletna trgovina za vse \u017eonglerje in podobne talente. Vse za \u017eongliranje, yoyo, frizbi, bumerang, kite... in \u0161e in \u0161e.","publisher":{"@id":"https:\/\/talenti.si\/hr\/#organization"},"potentialAction":[{"@type":"SearchAction","target":{"@type":"EntryPoint","urlTemplate":"https:\/\/talenti.si\/hr\/?s={search_term_string}"},"query-input":{"@type":"PropertyValueSpecification","valueRequired":true,"valueName":"search_term_string"}}],"inLanguage":"hr"},{"@type":"Organization","@id":"https:\/\/talenti.si\/hr\/#organization","name":"Talenti.si","url":"https:\/\/talenti.si\/hr\/","logo":{"@type":"ImageObject","inLanguage":"hr","@id":"https:\/\/talenti.si\/hr\/#\/schema\/logo\/image\/","url":"https:\/\/talenti.si\/wp-content\/uploads\/2021\/12\/logo-talent-pravi-dark.png","contentUrl":"https:\/\/talenti.si\/wp-content\/uploads\/2021\/12\/logo-talent-pravi-dark.png","width":145,"height":83,"caption":"Talenti.si"},"image":{"@id":"https:\/\/talenti.si\/hr\/#\/schema\/logo\/image\/"}}]}},"brands":[{"id":2018,"name":"Janod","slug":"janod-hr"}],"_links":{"self":[{"href":"https:\/\/talenti.si\/hr\/wp-json\/wp\/v2\/product\/26967","targetHints":{"allow":["GET"]}}],"collection":[{"href":"https:\/\/talenti.si\/hr\/wp-json\/wp\/v2\/product"}],"about":[{"href":"https:\/\/talenti.si\/hr\/wp-json\/wp\/v2\/types\/product"}],"replies":[{"embeddable":true,"href":"https:\/\/talenti.si\/hr\/wp-json\/wp\/v2\/comments?post=26967"}],"wp:featuredmedia":[{"embeddable":true,"href":"https:\/\/talenti.si\/hr\/wp-json\/wp\/v2\/media\/18299"}],"wp:attachment":[{"href":"https:\/\/talenti.si\/hr\/wp-json\/wp\/v2\/media?parent=26967"}],"wp:term":[{"taxonomy":"pwb-brand","embeddable":true,"href":"https:\/\/talenti.si\/hr\/wp-json\/wp\/v2\/pwb-brand?post=26967"},{"taxonomy":"product_brand","embeddable":true,"href":"https:\/\/talenti.si\/hr\/wp-json\/wp\/v2\/product_brand?post=26967"},{"taxonomy":"product_cat","embeddable":true,"href":"https:\/\/talenti.si\/hr\/wp-json\/wp\/v2\/product_cat?post=26967"},{"taxonomy":"product_tag","embeddable":true,"href":"https:\/\/talenti.si\/hr\/wp-json\/wp\/v2\/product_tag?post=26967"}],"curies":[{"name":"wp","href":"https:\/\/api.w.org\/{rel}","templated":true}]}}