{"id":27062,"date":"2021-06-08T12:14:17","date_gmt":"2021-06-08T12:14:17","guid":{"rendered":"https:\/\/talenti.si\/Bez%20kategorije\/janod-kutija-s-magnetima-mix-match\/"},"modified":"2023-07-28T10:11:00","modified_gmt":"2023-07-28T10:11:00","slug":"janod-kutija-s-magnetima-mix-match","status":"publish","type":"product","link":"https:\/\/talenti.si\/hr\/igracke\/didakticke-igracke\/janod-kutija-s-magnetima-mix-match\/","title":{"rendered":"Janod kutija s magnetima Mix &amp; Match"},"content":{"rendered":"<p><span style=\"font-size: 16px;\">Jeste li ve\u0107 otkrili kutije s magnetima? Ova straaa\u0161no dobra kutija s magnetima sastoji se od 72 magneta i 8 kartica s ilustracijama koje treba spretno slo\u017eiti. Djeca vole stvarati likove i izmi\u0161ljati pri\u010de. Kada izvu\u010dete karticu koju \u017eelite slagati, postavite ju na unutarnju stranu kutije koja je magnetizirana i slo\u017eite istu takvu sliku od magneta iz kutije. Sve je pakirano u prakti\u010dnu kutiju u obliku knjige, pa ju lako mo\u017eete ponijeti sa sobom i slagati dinosaure sa svojim prijateljima iz vrti\u0107a.<\/span><\/p>\n<div class=\"video-container responsive-embed widescreen\"><iframe loading=\"lazy\" title=\"Janod - Magn\u00e9ti&#039;Book Mix &amp; Match\" width=\"900\" height=\"506\" src=\"https:\/\/www.youtube.com\/embed\/OSbH6r-zcuI?feature=oembed\" frameborder=\"0\" allow=\"accelerometer; autoplay; clipboard-write; encrypted-media; gyroscope; picture-in-picture; web-share\" allowfullscreen><\/iframe><\/div>\n<p><strong>Karakteristike<\/strong>:<\/p>\n<ul>\n<li><span style=\"line-height: 14px;\">Broj komada:<b> 72 <\/b>magneta + <b>8 <\/b>kartica<\/span><\/li>\n<li><span style=\"line-height: 14px;\">Dimenzije: <b>19<\/b><b> <\/b>x <b>4<\/b><b> <\/b>x <b>26 <\/b>cm<\/span><\/li>\n<li>Materijali &#8211; <strong>karton<\/strong><\/li>\n<li>Prikladna dob: <strong>3+<\/strong><\/li>\n<\/ul>\n<p><strong style=\"font-size: 10px;\">UPOZORENJE!<\/strong><span style=\"font-size: 10px;\"> <\/span><span style=\"font-size: 10px;\">Artikel nije prikladan za djecu mla\u0111u od 3 godine. Mali dijelovi su opasni jer ih se mo\u017ee udahnuti ili progutati. Prije nego \u0161to predate proizvod djetetu, uklonite sve dijelove ambala\u017ee. Spremite te informacije za kasniju upotrebu.<\/span><\/p>\n","protected":false},"excerpt":{"rendered":"<p>Jeste li ve\u0107 otkrili kutije s magnetima? Ova straaa\u0161no dobra kutija s magnetima sastoji se od 72 magneta i 8 kartica s ilustracijama koje treba spretno slo\u017eiti. Djeca vole stvarati likove i izmi\u0161ljati pri\u010de. Kada izvu\u010dete karticu koju \u017eelite slagati, postavite ju na unutarnju stranu kutije koja je magnetizirana i slo\u017eite istu takvu sliku od [&hellip;]<\/p>\n","protected":false},"featured_media":16883,"comment_status":"open","ping_status":"closed","template":"","meta":{"_acf_changed":false},"pwb-brand":[2018],"product_brand":[],"product_cat":[1696],"product_tag":[1999,2994,3003],"class_list":{"0":"post-27062","1":"product","2":"type-product","3":"status-publish","4":"has-post-thumbnail","6":"pwb-brand-janod-hr","7":"product_cat-didakticke-igracke","8":"product_tag-janod-hr","9":"product_tag-magneti-hr-2","10":"product_tag-slikovnica","12":"first","13":"instock","14":"taxable","15":"shipping-taxable","16":"purchasable","17":"product-type-simple"},"acf":[],"yoast_head":"<!-- This site is optimized with the Yoast SEO plugin v25.8 - https:\/\/yoast.com\/wordpress\/plugins\/seo\/ -->\n<title>Janod kutija s magnetima Mix &amp; Match<\/title>\n<meta name=\"description\" content=\"Jeste li ve\u0107 otkrili kutije s magnetima?\" \/>\n<meta name=\"robots\" content=\"index, follow, max-snippet:-1, max-image-preview:large, max-video-preview:-1\" \/>\n<link rel=\"canonical\" href=\"https:\/\/talenti.si\/hr\/igracke\/didakticke-igracke\/janod-kutija-s-magnetima-mix-match\/\" \/>\n<meta property=\"og:locale\" content=\"hr_HR\" \/>\n<meta property=\"og:type\" content=\"article\" \/>\n<meta property=\"og:title\" content=\"Janod kutija s magnetima Mix &amp; Match\" \/>\n<meta property=\"og:description\" content=\"Jeste li ve\u0107 otkrili kutije s magnetima?\" \/>\n<meta property=\"og:url\" content=\"https:\/\/talenti.si\/hr\/igracke\/didakticke-igracke\/janod-kutija-s-magnetima-mix-match\/\" \/>\n<meta property=\"og:site_name\" content=\"Talenti.si\" \/>\n<meta property=\"article:modified_time\" content=\"2023-07-28T10:11:00+00:00\" \/>\n<meta property=\"og:image\" content=\"https:\/\/talenti.si\/wp-content\/uploads\/2022\/01\/magnetna-knjiga-janod-mix-match.jpg\" \/>\n\t<meta property=\"og:image:width\" content=\"1000\" \/>\n\t<meta property=\"og:image:height\" content=\"1000\" \/>\n\t<meta property=\"og:image:type\" content=\"image\/jpeg\" \/>\n<meta name=\"twitter:card\" content=\"summary_large_image\" \/>\n<meta name=\"twitter:label1\" content=\"Procijenjeno vrijeme \u010ditanja\" \/>\n\t<meta name=\"twitter:data1\" content=\"1 minuta\" \/>\n<script type=\"application\/ld+json\" class=\"yoast-schema-graph\">{\"@context\":\"https:\/\/schema.org\",\"@graph\":[{\"@type\":\"WebPage\",\"@id\":\"https:\/\/talenti.si\/hr\/igracke\/didakticke-igracke\/janod-kutija-s-magnetima-mix-match\/\",\"url\":\"https:\/\/talenti.si\/hr\/igracke\/didakticke-igracke\/janod-kutija-s-magnetima-mix-match\/\",\"name\":\"Janod kutija s magnetima Mix & Match\",\"isPartOf\":{\"@id\":\"https:\/\/talenti.si\/hr\/#website\"},\"primaryImageOfPage\":{\"@id\":\"https:\/\/talenti.si\/hr\/igracke\/didakticke-igracke\/janod-kutija-s-magnetima-mix-match\/#primaryimage\"},\"image\":{\"@id\":\"https:\/\/talenti.si\/hr\/igracke\/didakticke-igracke\/janod-kutija-s-magnetima-mix-match\/#primaryimage\"},\"thumbnailUrl\":\"https:\/\/talenti.si\/wp-content\/uploads\/2022\/01\/magnetna-knjiga-janod-mix-match.jpg\",\"datePublished\":\"2021-06-08T12:14:17+00:00\",\"dateModified\":\"2023-07-28T10:11:00+00:00\",\"description\":\"Jeste li ve\u0107 otkrili kutije s magnetima?\",\"breadcrumb\":{\"@id\":\"https:\/\/talenti.si\/hr\/igracke\/didakticke-igracke\/janod-kutija-s-magnetima-mix-match\/#breadcrumb\"},\"inLanguage\":\"hr\",\"potentialAction\":[{\"@type\":\"ReadAction\",\"target\":[\"https:\/\/talenti.si\/hr\/igracke\/didakticke-igracke\/janod-kutija-s-magnetima-mix-match\/\"]}]},{\"@type\":\"ImageObject\",\"inLanguage\":\"hr\",\"@id\":\"https:\/\/talenti.si\/hr\/igracke\/didakticke-igracke\/janod-kutija-s-magnetima-mix-match\/#primaryimage\",\"url\":\"https:\/\/talenti.si\/wp-content\/uploads\/2022\/01\/magnetna-knjiga-janod-mix-match.jpg\",\"contentUrl\":\"https:\/\/talenti.si\/wp-content\/uploads\/2022\/01\/magnetna-knjiga-janod-mix-match.jpg\",\"width\":1000,\"height\":1000},{\"@type\":\"BreadcrumbList\",\"@id\":\"https:\/\/talenti.si\/hr\/igracke\/didakticke-igracke\/janod-kutija-s-magnetima-mix-match\/#breadcrumb\",\"itemListElement\":[{\"@type\":\"ListItem\",\"position\":1,\"name\":\"Home\",\"item\":\"https:\/\/talenti.si\/hr\/\"},{\"@type\":\"ListItem\",\"position\":2,\"name\":\"Trgovina\",\"item\":\"https:\/\/talenti.si\/hr\/shop\/\"},{\"@type\":\"ListItem\",\"position\":3,\"name\":\"Janod kutija s magnetima Mix &amp; Match\"}]},{\"@type\":\"WebSite\",\"@id\":\"https:\/\/talenti.si\/hr\/#website\",\"url\":\"https:\/\/talenti.si\/hr\/\",\"name\":\"Talenti.si\",\"description\":\"Spletna trgovina za vse \u017eonglerje in podobne talente. Vse za \u017eongliranje, yoyo, frizbi, bumerang, kite... in \u0161e in \u0161e.\",\"publisher\":{\"@id\":\"https:\/\/talenti.si\/hr\/#organization\"},\"potentialAction\":[{\"@type\":\"SearchAction\",\"target\":{\"@type\":\"EntryPoint\",\"urlTemplate\":\"https:\/\/talenti.si\/hr\/?s={search_term_string}\"},\"query-input\":{\"@type\":\"PropertyValueSpecification\",\"valueRequired\":true,\"valueName\":\"search_term_string\"}}],\"inLanguage\":\"hr\"},{\"@type\":\"Organization\",\"@id\":\"https:\/\/talenti.si\/hr\/#organization\",\"name\":\"Talenti.si\",\"url\":\"https:\/\/talenti.si\/hr\/\",\"logo\":{\"@type\":\"ImageObject\",\"inLanguage\":\"hr\",\"@id\":\"https:\/\/talenti.si\/hr\/#\/schema\/logo\/image\/\",\"url\":\"https:\/\/talenti.si\/wp-content\/uploads\/2021\/12\/logo-talent-pravi-dark.png\",\"contentUrl\":\"https:\/\/talenti.si\/wp-content\/uploads\/2021\/12\/logo-talent-pravi-dark.png\",\"width\":145,\"height\":83,\"caption\":\"Talenti.si\"},\"image\":{\"@id\":\"https:\/\/talenti.si\/hr\/#\/schema\/logo\/image\/\"}}]}<\/script>\n<!-- \/ Yoast SEO plugin. -->","yoast_head_json":{"title":"Janod kutija s magnetima Mix & Match","description":"Jeste li ve\u0107 otkrili kutije s magnetima?","robots":{"index":"index","follow":"follow","max-snippet":"max-snippet:-1","max-image-preview":"max-image-preview:large","max-video-preview":"max-video-preview:-1"},"canonical":"https:\/\/talenti.si\/hr\/igracke\/didakticke-igracke\/janod-kutija-s-magnetima-mix-match\/","og_locale":"hr_HR","og_type":"article","og_title":"Janod kutija s magnetima Mix & Match","og_description":"Jeste li ve\u0107 otkrili kutije s magnetima?","og_url":"https:\/\/talenti.si\/hr\/igracke\/didakticke-igracke\/janod-kutija-s-magnetima-mix-match\/","og_site_name":"Talenti.si","article_modified_time":"2023-07-28T10:11:00+00:00","og_image":[{"width":1000,"height":1000,"url":"https:\/\/talenti.si\/wp-content\/uploads\/2022\/01\/magnetna-knjiga-janod-mix-match.jpg","type":"image\/jpeg"}],"twitter_card":"summary_large_image","twitter_misc":{"Procijenjeno vrijeme \u010ditanja":"1 minuta"},"schema":{"@context":"https:\/\/schema.org","@graph":[{"@type":"WebPage","@id":"https:\/\/talenti.si\/hr\/igracke\/didakticke-igracke\/janod-kutija-s-magnetima-mix-match\/","url":"https:\/\/talenti.si\/hr\/igracke\/didakticke-igracke\/janod-kutija-s-magnetima-mix-match\/","name":"Janod kutija s magnetima Mix & Match","isPartOf":{"@id":"https:\/\/talenti.si\/hr\/#website"},"primaryImageOfPage":{"@id":"https:\/\/talenti.si\/hr\/igracke\/didakticke-igracke\/janod-kutija-s-magnetima-mix-match\/#primaryimage"},"image":{"@id":"https:\/\/talenti.si\/hr\/igracke\/didakticke-igracke\/janod-kutija-s-magnetima-mix-match\/#primaryimage"},"thumbnailUrl":"https:\/\/talenti.si\/wp-content\/uploads\/2022\/01\/magnetna-knjiga-janod-mix-match.jpg","datePublished":"2021-06-08T12:14:17+00:00","dateModified":"2023-07-28T10:11:00+00:00","description":"Jeste li ve\u0107 otkrili kutije s magnetima?","breadcrumb":{"@id":"https:\/\/talenti.si\/hr\/igracke\/didakticke-igracke\/janod-kutija-s-magnetima-mix-match\/#breadcrumb"},"inLanguage":"hr","potentialAction":[{"@type":"ReadAction","target":["https:\/\/talenti.si\/hr\/igracke\/didakticke-igracke\/janod-kutija-s-magnetima-mix-match\/"]}]},{"@type":"ImageObject","inLanguage":"hr","@id":"https:\/\/talenti.si\/hr\/igracke\/didakticke-igracke\/janod-kutija-s-magnetima-mix-match\/#primaryimage","url":"https:\/\/talenti.si\/wp-content\/uploads\/2022\/01\/magnetna-knjiga-janod-mix-match.jpg","contentUrl":"https:\/\/talenti.si\/wp-content\/uploads\/2022\/01\/magnetna-knjiga-janod-mix-match.jpg","width":1000,"height":1000},{"@type":"BreadcrumbList","@id":"https:\/\/talenti.si\/hr\/igracke\/didakticke-igracke\/janod-kutija-s-magnetima-mix-match\/#breadcrumb","itemListElement":[{"@type":"ListItem","position":1,"name":"Home","item":"https:\/\/talenti.si\/hr\/"},{"@type":"ListItem","position":2,"name":"Trgovina","item":"https:\/\/talenti.si\/hr\/shop\/"},{"@type":"ListItem","position":3,"name":"Janod kutija s magnetima Mix &amp; Match"}]},{"@type":"WebSite","@id":"https:\/\/talenti.si\/hr\/#website","url":"https:\/\/talenti.si\/hr\/","name":"Talenti.si","description":"Spletna trgovina za vse \u017eonglerje in podobne talente. Vse za \u017eongliranje, yoyo, frizbi, bumerang, kite... in \u0161e in \u0161e.","publisher":{"@id":"https:\/\/talenti.si\/hr\/#organization"},"potentialAction":[{"@type":"SearchAction","target":{"@type":"EntryPoint","urlTemplate":"https:\/\/talenti.si\/hr\/?s={search_term_string}"},"query-input":{"@type":"PropertyValueSpecification","valueRequired":true,"valueName":"search_term_string"}}],"inLanguage":"hr"},{"@type":"Organization","@id":"https:\/\/talenti.si\/hr\/#organization","name":"Talenti.si","url":"https:\/\/talenti.si\/hr\/","logo":{"@type":"ImageObject","inLanguage":"hr","@id":"https:\/\/talenti.si\/hr\/#\/schema\/logo\/image\/","url":"https:\/\/talenti.si\/wp-content\/uploads\/2021\/12\/logo-talent-pravi-dark.png","contentUrl":"https:\/\/talenti.si\/wp-content\/uploads\/2021\/12\/logo-talent-pravi-dark.png","width":145,"height":83,"caption":"Talenti.si"},"image":{"@id":"https:\/\/talenti.si\/hr\/#\/schema\/logo\/image\/"}}]}},"brands":[{"id":2018,"name":"Janod","slug":"janod-hr"}],"_links":{"self":[{"href":"https:\/\/talenti.si\/hr\/wp-json\/wp\/v2\/product\/27062","targetHints":{"allow":["GET"]}}],"collection":[{"href":"https:\/\/talenti.si\/hr\/wp-json\/wp\/v2\/product"}],"about":[{"href":"https:\/\/talenti.si\/hr\/wp-json\/wp\/v2\/types\/product"}],"replies":[{"embeddable":true,"href":"https:\/\/talenti.si\/hr\/wp-json\/wp\/v2\/comments?post=27062"}],"wp:featuredmedia":[{"embeddable":true,"href":"https:\/\/talenti.si\/hr\/wp-json\/wp\/v2\/media\/16883"}],"wp:attachment":[{"href":"https:\/\/talenti.si\/hr\/wp-json\/wp\/v2\/media?parent=27062"}],"wp:term":[{"taxonomy":"pwb-brand","embeddable":true,"href":"https:\/\/talenti.si\/hr\/wp-json\/wp\/v2\/pwb-brand?post=27062"},{"taxonomy":"product_brand","embeddable":true,"href":"https:\/\/talenti.si\/hr\/wp-json\/wp\/v2\/product_brand?post=27062"},{"taxonomy":"product_cat","embeddable":true,"href":"https:\/\/talenti.si\/hr\/wp-json\/wp\/v2\/product_cat?post=27062"},{"taxonomy":"product_tag","embeddable":true,"href":"https:\/\/talenti.si\/hr\/wp-json\/wp\/v2\/product_tag?post=27062"}],"curies":[{"name":"wp","href":"https:\/\/api.w.org\/{rel}","templated":true}]}}