{"id":27630,"date":"2022-05-03T19:34:00","date_gmt":"2022-05-03T19:34:00","guid":{"rendered":"https:\/\/talenti.si\/Bez%20kategorije\/kreativni-set-slime\/"},"modified":"2023-11-23T10:15:23","modified_gmt":"2023-11-23T10:15:23","slug":"kreativni-set-slime","status":"publish","type":"product","link":"https:\/\/talenti.si\/hr\/razno-hr\/stvaranje-i-istrazivanje\/kreativni-set-slime\/","title":{"rendered":"Kreativni set Slime"},"content":{"rendered":"<div class=\"wpb-content-wrapper\"><p>[vc_row][vc_column][vc_column_text]<strong>Probudite umjetnika u sebi uz Sentosphere!<\/strong><\/p>\n<p>Sada se uz pomo\u0107 ovog seta mo\u017eete pretvoriti u znanstvenika i stvoriti svoju sluz od potpuno bezopasnih tvari. Priprema je brza i jednostavna, potrebno je pomije\u0161ati samo nekoliko sastojaka! Sluz mo\u017eete \u010duvati nekoliko tjedana u prilo\u017eenoj kutiji. Upute pru\u017eaju ilustrirano znanstveno obja\u0161njenje s detaljima kako se tvar prevodi u sluz.<\/p>\n<p><em>Sluz je napravljena od netoksi\u010dnog praha prirodne gume i kozmeti\u010dkih boja i testirana je pod strogim medicinskim nadzorom<\/em> <em>u skladu s kombiniranim standardima za igra\u010dke i kozmetiku. Sadr\u017ei sastojke i formule sigurne za dje\u010dju ko\u017eu.<\/em><\/p>\n<div class=\"video-container responsive-embed widescreen\"><iframe loading=\"lazy\" title=\"DIY | La Chimie du SLIME : l&#039;atelier pour faire des Slimes \u00e0 base de gommes NATURELLES\" width=\"900\" height=\"506\" src=\"https:\/\/www.youtube.com\/embed\/2CoqE42XJN0?feature=oembed\" frameborder=\"0\" allow=\"accelerometer; autoplay; clipboard-write; encrypted-media; gyroscope; picture-in-picture; web-share\" allowfullscreen><\/iframe><\/div>\n<p><strong>Karakteristike:<\/strong><\/p>\n<ul>\n<li>Sadr\u017ei: posudicu sluzi u prahu (gumu) + <strong>3<\/strong> boje + <strong>3<\/strong> \u010da\u0161e + <strong>3<\/strong> kapaljke + \u017eli\u010dicu za mjerenje + lopaticu + laboratorijsko \u010da\u0161u za mjerenje + upute<\/li>\n<li>Dimenzije ambala\u017ee: <strong>20,5<\/strong> cm x <strong>25<\/strong> cm x <strong>6,3<\/strong> cm<\/li>\n<li>Prikladna dob: <b>8+<\/b><\/li>\n<li>Proizvedeno <strong>u Francuskoj<\/strong><\/li>\n<\/ul>\n<p><strong style=\"font-size: 10px;\">UPOZORENJE!<\/strong><span style=\"font-size: 10px;\"> <\/span><span style=\"font-size: 10px;\">Artikel nije prikladan za djecu mla\u0111u od 3 godine. Mali dijelovi su opasni jer ih se mo\u017ee udahnuti ili progutati. Prije nego \u0161to predate proizvod djetetu, uklonite sve dijelove ambala\u017ee. Spremite te informacije za kasniju upotrebu.<\/span>[\/vc_column_text][\/vc_column][\/vc_row][vc_row][vc_column][vc_btn title=&#8221;UPUTE&#8221; css_animation=&#8221;bounceIn&#8221; link=&#8221;url:https%3A%2F%2Ftalenti.si%2Fwp-content%2Fuploads%2F2022%2F05%2FUstvarjalni-set-za-izdelavo-sluzi-2.pdf|title:upute-slime|target:_blank|&#8221;][\/vc_column][\/vc_row]<\/p>\n<\/div>","protected":false},"excerpt":{"rendered":"<p>[vc_row][vc_column][vc_column_text]Probudite umjetnika u sebi uz Sentosphere! Sada se uz pomo\u0107 ovog seta mo\u017eete pretvoriti u znanstvenika i stvoriti svoju sluz od potpuno bezopasnih tvari. Priprema je brza i jednostavna, potrebno je pomije\u0161ati samo nekoliko sastojaka! Sluz mo\u017eete \u010duvati nekoliko tjedana u prilo\u017eenoj kutiji. Upute pru\u017eaju ilustrirano znanstveno obja\u0161njenje s detaljima kako se tvar prevodi u [&hellip;]<\/p>\n","protected":false},"featured_media":39213,"comment_status":"open","ping_status":"closed","template":"","meta":{"_acf_changed":false},"pwb-brand":[2105],"product_brand":[],"product_cat":[1760],"product_tag":[2946,2415,3273,2004,2010],"class_list":{"0":"post-27630","1":"product","2":"type-product","3":"status-publish","4":"has-post-thumbnail","6":"pwb-brand-sentosphere-hr","7":"product_cat-stvaranje-i-istrazivanje","8":"product_tag-djeca","9":"product_tag-kreativne-igre","10":"product_tag-sentosphere-hr","11":"product_tag-slobodno-vrijeme","12":"product_tag-zabava-hr","14":"first","15":"instock","16":"taxable","17":"shipping-taxable","18":"purchasable","19":"product-type-simple"},"acf":[],"yoast_head":"<!-- This site is optimized with the Yoast SEO plugin v25.8 - https:\/\/yoast.com\/wordpress\/plugins\/seo\/ -->\n<title>Kreativni set Slime - Talenti.si<\/title>\n<meta name=\"description\" content=\"Sada se uz pomo\u0107 ovog seta mo\u017eete pretvoriti u znanstvenika i stvoriti svoju sluz od potpuno bezopasnih tvari.\" \/>\n<meta name=\"robots\" content=\"index, follow, max-snippet:-1, max-image-preview:large, max-video-preview:-1\" \/>\n<link rel=\"canonical\" href=\"https:\/\/talenti.si\/hr\/razno-hr\/stvaranje-i-istrazivanje\/kreativni-set-slime\/\" \/>\n<meta property=\"og:locale\" content=\"hr_HR\" \/>\n<meta property=\"og:type\" content=\"article\" \/>\n<meta property=\"og:title\" content=\"Kreativni set Slime - Talenti.si\" \/>\n<meta property=\"og:description\" content=\"Sada se uz pomo\u0107 ovog seta mo\u017eete pretvoriti u znanstvenika i stvoriti svoju sluz od potpuno bezopasnih tvari.\" \/>\n<meta property=\"og:url\" content=\"https:\/\/talenti.si\/hr\/razno-hr\/stvaranje-i-istrazivanje\/kreativni-set-slime\/\" \/>\n<meta property=\"og:site_name\" content=\"Talenti.si\" \/>\n<meta property=\"article:modified_time\" content=\"2023-11-23T10:15:23+00:00\" \/>\n<meta property=\"og:image\" content=\"https:\/\/talenti.si\/wp-content\/uploads\/2022\/05\/ustvarjalni-set-za-izdelavo-sluzi.jpg\" \/>\n\t<meta property=\"og:image:width\" content=\"800\" \/>\n\t<meta property=\"og:image:height\" content=\"800\" \/>\n\t<meta property=\"og:image:type\" content=\"image\/jpeg\" \/>\n<meta name=\"twitter:card\" content=\"summary_large_image\" \/>\n<meta name=\"twitter:label1\" content=\"Procijenjeno vrijeme \u010ditanja\" \/>\n\t<meta name=\"twitter:data1\" content=\"1 minuta\" \/>\n<script type=\"application\/ld+json\" class=\"yoast-schema-graph\">{\"@context\":\"https:\/\/schema.org\",\"@graph\":[{\"@type\":\"WebPage\",\"@id\":\"https:\/\/talenti.si\/hr\/razno-hr\/stvaranje-i-istrazivanje\/kreativni-set-slime\/\",\"url\":\"https:\/\/talenti.si\/hr\/razno-hr\/stvaranje-i-istrazivanje\/kreativni-set-slime\/\",\"name\":\"Kreativni set Slime - Talenti.si\",\"isPartOf\":{\"@id\":\"https:\/\/talenti.si\/hr\/#website\"},\"primaryImageOfPage\":{\"@id\":\"https:\/\/talenti.si\/hr\/razno-hr\/stvaranje-i-istrazivanje\/kreativni-set-slime\/#primaryimage\"},\"image\":{\"@id\":\"https:\/\/talenti.si\/hr\/razno-hr\/stvaranje-i-istrazivanje\/kreativni-set-slime\/#primaryimage\"},\"thumbnailUrl\":\"https:\/\/talenti.si\/wp-content\/uploads\/2022\/05\/izdelava-sluzi-sentosphere.jpg\",\"datePublished\":\"2022-05-03T19:34:00+00:00\",\"dateModified\":\"2023-11-23T10:15:23+00:00\",\"description\":\"Sada se uz pomo\u0107 ovog seta mo\u017eete pretvoriti u znanstvenika i stvoriti svoju sluz od potpuno bezopasnih tvari.\",\"breadcrumb\":{\"@id\":\"https:\/\/talenti.si\/hr\/razno-hr\/stvaranje-i-istrazivanje\/kreativni-set-slime\/#breadcrumb\"},\"inLanguage\":\"hr\",\"potentialAction\":[{\"@type\":\"ReadAction\",\"target\":[\"https:\/\/talenti.si\/hr\/razno-hr\/stvaranje-i-istrazivanje\/kreativni-set-slime\/\"]}]},{\"@type\":\"ImageObject\",\"inLanguage\":\"hr\",\"@id\":\"https:\/\/talenti.si\/hr\/razno-hr\/stvaranje-i-istrazivanje\/kreativni-set-slime\/#primaryimage\",\"url\":\"https:\/\/talenti.si\/wp-content\/uploads\/2022\/05\/izdelava-sluzi-sentosphere.jpg\",\"contentUrl\":\"https:\/\/talenti.si\/wp-content\/uploads\/2022\/05\/izdelava-sluzi-sentosphere.jpg\",\"width\":800,\"height\":800},{\"@type\":\"BreadcrumbList\",\"@id\":\"https:\/\/talenti.si\/hr\/razno-hr\/stvaranje-i-istrazivanje\/kreativni-set-slime\/#breadcrumb\",\"itemListElement\":[{\"@type\":\"ListItem\",\"position\":1,\"name\":\"Home\",\"item\":\"https:\/\/talenti.si\/hr\/\"},{\"@type\":\"ListItem\",\"position\":2,\"name\":\"Trgovina\",\"item\":\"https:\/\/talenti.si\/hr\/shop\/\"},{\"@type\":\"ListItem\",\"position\":3,\"name\":\"Kreativni set Slime\"}]},{\"@type\":\"WebSite\",\"@id\":\"https:\/\/talenti.si\/hr\/#website\",\"url\":\"https:\/\/talenti.si\/hr\/\",\"name\":\"Talenti.si\",\"description\":\"Spletna trgovina za vse \u017eonglerje in podobne talente. Vse za \u017eongliranje, yoyo, frizbi, bumerang, kite... in \u0161e in \u0161e.\",\"publisher\":{\"@id\":\"https:\/\/talenti.si\/hr\/#organization\"},\"potentialAction\":[{\"@type\":\"SearchAction\",\"target\":{\"@type\":\"EntryPoint\",\"urlTemplate\":\"https:\/\/talenti.si\/hr\/?s={search_term_string}\"},\"query-input\":{\"@type\":\"PropertyValueSpecification\",\"valueRequired\":true,\"valueName\":\"search_term_string\"}}],\"inLanguage\":\"hr\"},{\"@type\":\"Organization\",\"@id\":\"https:\/\/talenti.si\/hr\/#organization\",\"name\":\"Talenti.si\",\"url\":\"https:\/\/talenti.si\/hr\/\",\"logo\":{\"@type\":\"ImageObject\",\"inLanguage\":\"hr\",\"@id\":\"https:\/\/talenti.si\/hr\/#\/schema\/logo\/image\/\",\"url\":\"https:\/\/talenti.si\/wp-content\/uploads\/2021\/12\/logo-talent-pravi-dark.png\",\"contentUrl\":\"https:\/\/talenti.si\/wp-content\/uploads\/2021\/12\/logo-talent-pravi-dark.png\",\"width\":145,\"height\":83,\"caption\":\"Talenti.si\"},\"image\":{\"@id\":\"https:\/\/talenti.si\/hr\/#\/schema\/logo\/image\/\"}}]}<\/script>\n<!-- \/ Yoast SEO plugin. -->","yoast_head_json":{"title":"Kreativni set Slime - Talenti.si","description":"Sada se uz pomo\u0107 ovog seta mo\u017eete pretvoriti u znanstvenika i stvoriti svoju sluz od potpuno bezopasnih tvari.","robots":{"index":"index","follow":"follow","max-snippet":"max-snippet:-1","max-image-preview":"max-image-preview:large","max-video-preview":"max-video-preview:-1"},"canonical":"https:\/\/talenti.si\/hr\/razno-hr\/stvaranje-i-istrazivanje\/kreativni-set-slime\/","og_locale":"hr_HR","og_type":"article","og_title":"Kreativni set Slime - Talenti.si","og_description":"Sada se uz pomo\u0107 ovog seta mo\u017eete pretvoriti u znanstvenika i stvoriti svoju sluz od potpuno bezopasnih tvari.","og_url":"https:\/\/talenti.si\/hr\/razno-hr\/stvaranje-i-istrazivanje\/kreativni-set-slime\/","og_site_name":"Talenti.si","article_modified_time":"2023-11-23T10:15:23+00:00","og_image":[{"width":800,"height":800,"url":"https:\/\/talenti.si\/wp-content\/uploads\/2022\/05\/ustvarjalni-set-za-izdelavo-sluzi.jpg","type":"image\/jpeg"}],"twitter_card":"summary_large_image","twitter_misc":{"Procijenjeno vrijeme \u010ditanja":"1 minuta"},"schema":{"@context":"https:\/\/schema.org","@graph":[{"@type":"WebPage","@id":"https:\/\/talenti.si\/hr\/razno-hr\/stvaranje-i-istrazivanje\/kreativni-set-slime\/","url":"https:\/\/talenti.si\/hr\/razno-hr\/stvaranje-i-istrazivanje\/kreativni-set-slime\/","name":"Kreativni set Slime - Talenti.si","isPartOf":{"@id":"https:\/\/talenti.si\/hr\/#website"},"primaryImageOfPage":{"@id":"https:\/\/talenti.si\/hr\/razno-hr\/stvaranje-i-istrazivanje\/kreativni-set-slime\/#primaryimage"},"image":{"@id":"https:\/\/talenti.si\/hr\/razno-hr\/stvaranje-i-istrazivanje\/kreativni-set-slime\/#primaryimage"},"thumbnailUrl":"https:\/\/talenti.si\/wp-content\/uploads\/2022\/05\/izdelava-sluzi-sentosphere.jpg","datePublished":"2022-05-03T19:34:00+00:00","dateModified":"2023-11-23T10:15:23+00:00","description":"Sada se uz pomo\u0107 ovog seta mo\u017eete pretvoriti u znanstvenika i stvoriti svoju sluz od potpuno bezopasnih tvari.","breadcrumb":{"@id":"https:\/\/talenti.si\/hr\/razno-hr\/stvaranje-i-istrazivanje\/kreativni-set-slime\/#breadcrumb"},"inLanguage":"hr","potentialAction":[{"@type":"ReadAction","target":["https:\/\/talenti.si\/hr\/razno-hr\/stvaranje-i-istrazivanje\/kreativni-set-slime\/"]}]},{"@type":"ImageObject","inLanguage":"hr","@id":"https:\/\/talenti.si\/hr\/razno-hr\/stvaranje-i-istrazivanje\/kreativni-set-slime\/#primaryimage","url":"https:\/\/talenti.si\/wp-content\/uploads\/2022\/05\/izdelava-sluzi-sentosphere.jpg","contentUrl":"https:\/\/talenti.si\/wp-content\/uploads\/2022\/05\/izdelava-sluzi-sentosphere.jpg","width":800,"height":800},{"@type":"BreadcrumbList","@id":"https:\/\/talenti.si\/hr\/razno-hr\/stvaranje-i-istrazivanje\/kreativni-set-slime\/#breadcrumb","itemListElement":[{"@type":"ListItem","position":1,"name":"Home","item":"https:\/\/talenti.si\/hr\/"},{"@type":"ListItem","position":2,"name":"Trgovina","item":"https:\/\/talenti.si\/hr\/shop\/"},{"@type":"ListItem","position":3,"name":"Kreativni set Slime"}]},{"@type":"WebSite","@id":"https:\/\/talenti.si\/hr\/#website","url":"https:\/\/talenti.si\/hr\/","name":"Talenti.si","description":"Spletna trgovina za vse \u017eonglerje in podobne talente. Vse za \u017eongliranje, yoyo, frizbi, bumerang, kite... in \u0161e in \u0161e.","publisher":{"@id":"https:\/\/talenti.si\/hr\/#organization"},"potentialAction":[{"@type":"SearchAction","target":{"@type":"EntryPoint","urlTemplate":"https:\/\/talenti.si\/hr\/?s={search_term_string}"},"query-input":{"@type":"PropertyValueSpecification","valueRequired":true,"valueName":"search_term_string"}}],"inLanguage":"hr"},{"@type":"Organization","@id":"https:\/\/talenti.si\/hr\/#organization","name":"Talenti.si","url":"https:\/\/talenti.si\/hr\/","logo":{"@type":"ImageObject","inLanguage":"hr","@id":"https:\/\/talenti.si\/hr\/#\/schema\/logo\/image\/","url":"https:\/\/talenti.si\/wp-content\/uploads\/2021\/12\/logo-talent-pravi-dark.png","contentUrl":"https:\/\/talenti.si\/wp-content\/uploads\/2021\/12\/logo-talent-pravi-dark.png","width":145,"height":83,"caption":"Talenti.si"},"image":{"@id":"https:\/\/talenti.si\/hr\/#\/schema\/logo\/image\/"}}]}},"brands":[{"id":2105,"name":"Sentosphere","slug":"sentosphere-hr"}],"_links":{"self":[{"href":"https:\/\/talenti.si\/hr\/wp-json\/wp\/v2\/product\/27630","targetHints":{"allow":["GET"]}}],"collection":[{"href":"https:\/\/talenti.si\/hr\/wp-json\/wp\/v2\/product"}],"about":[{"href":"https:\/\/talenti.si\/hr\/wp-json\/wp\/v2\/types\/product"}],"replies":[{"embeddable":true,"href":"https:\/\/talenti.si\/hr\/wp-json\/wp\/v2\/comments?post=27630"}],"wp:featuredmedia":[{"embeddable":true,"href":"https:\/\/talenti.si\/hr\/wp-json\/wp\/v2\/media\/39213"}],"wp:attachment":[{"href":"https:\/\/talenti.si\/hr\/wp-json\/wp\/v2\/media?parent=27630"}],"wp:term":[{"taxonomy":"pwb-brand","embeddable":true,"href":"https:\/\/talenti.si\/hr\/wp-json\/wp\/v2\/pwb-brand?post=27630"},{"taxonomy":"product_brand","embeddable":true,"href":"https:\/\/talenti.si\/hr\/wp-json\/wp\/v2\/product_brand?post=27630"},{"taxonomy":"product_cat","embeddable":true,"href":"https:\/\/talenti.si\/hr\/wp-json\/wp\/v2\/product_cat?post=27630"},{"taxonomy":"product_tag","embeddable":true,"href":"https:\/\/talenti.si\/hr\/wp-json\/wp\/v2\/product_tag?post=27630"}],"curies":[{"name":"wp","href":"https:\/\/api.w.org\/{rel}","templated":true}]}}