{"id":27668,"date":"2020-03-04T13:06:20","date_gmt":"2020-03-04T13:06:20","guid":{"rendered":"https:\/\/talenti.si\/Bez%20kategorije\/teifoc-mort-1-kg\/"},"modified":"2025-09-04T07:00:20","modified_gmt":"2025-09-04T07:00:20","slug":"teifoc-mort-1-kg","status":"publish","type":"product","link":"https:\/\/talenti.si\/hr\/igracke\/konstrukcije-od-pravih-opeka-teifoc\/teifoc-mort-1-kg\/","title":{"rendered":"Teifoc Mort 1 kg"},"content":{"rendered":"<p class=\"MsoNormal\">Predani i vrijedni graditelji mogu ostati bez morta koji pouzdano dr\u017ei na\u0161e gra\u0111evinske pothvate na okupu. Ali ne brinite, ova kutija sadr\u017ei kilogram morta &#8211; za sve novogradnje!<\/p>\n<p>Ovaj zabavni set za gradnju izvrstan je za poticanje kreativnosti i vje\u0161tina mladih i starih graditelja. Mort se sastoji od pijeska i ekstrakta kukuruza.<\/p>\n<p class=\"MsoNormal\"><strong><em>Kako gradimo Teifoc konstrukcije?<br \/>\n<\/em><\/strong>Pomije\u0161ajte 6 \u017eli\u010dica cementnog praha s 2 \u017elice vode dok ne dobijete homogenu smjesu. Uzimamo ciglu i na nju nanosimo dovoljnu koli\u010dinu cementa. Stavite ciglu na bazu i \u010dvrsto pritisnite. \u017dlicom uklonite vi\u0161ak cementa koji se pojavi prilikom guranja. Polo\u017eite cigle ispravno paralelno i okomito kako bi zidovi ostali ravni. Drvene i plasti\u010dne dijelove tako\u0111er mo\u017eete pri\u010dvrstiti cementom. Ako \u017eelite sru\u0161iti konstrukciju, ostavite je u vodi 4 do 5 sati, zatim operite cigle i osu\u0161ite ih. Prilo\u017eeni cement dovoljan je za vi\u0161e konstrukcija, ali kada ga potro\u0161ite, jednostavno kupite kutiju cementa. Mo\u017eete graditi prema na\u0161im planovima ili upotrijebiti svoju ma\u0161tu. SAVJET: Kad konstrukcija ve\u0107 odstoji, istresite jednu \u017elicu cementa u posudu s vodom i istro\u0161enom \u010detkicom za zube i\u0161\u010detkajte fuge, a zatim ih o\u010distite suhom krpom.<\/p>\n<p class=\"MsoNormal\"><iframe loading=\"lazy\" class=\"note-video-clip\" src=\"\/\/www.youtube.com\/embed\/Ujwa7pr48Zo\" width=\"640\" height=\"360\" frameborder=\"0\"><\/iframe><\/p>\n<p><strong>Karakteristike:<\/strong><\/p>\n<ul>\n<li>Dimenzije: <strong>17,8<\/strong> x <strong>14,7<\/strong> x <strong>8<\/strong> cm<\/li>\n<li>Prikladna dob: <strong>6+<\/strong><\/li>\n<\/ul>\n<p><strong style=\"font-size: 10px;\">UPOZORENJE!<\/strong><span style=\"font-size: 10px;\"> <\/span><span style=\"font-size: 10px;\">Artikel nije prikladan za djecu mla\u0111u od 3 godine. Mali dijelovi su opasni jer ih se mo\u017ee udahnuti ili progutati. Prije nego \u0161to predate proizvod djetetu, uklonite sve dijelove ambala\u017ee. Spremite te informacije za kasniju upotrebu.<\/span><\/p>\n<p>&nbsp;<\/p>\n","protected":false},"excerpt":{"rendered":"<p>Predani i vrijedni graditelji mogu ostati bez morta koji pouzdano dr\u017ei na\u0161e gra\u0111evinske pothvate na okupu. Ali ne brinite, ova kutija sadr\u017ei kilogram morta &#8211; za sve novogradnje! Ovaj zabavni set za gradnju izvrstan je za poticanje kreativnosti i vje\u0161tina mladih i starih graditelja. Mort se sastoji od pijeska i ekstrakta kukuruza. Kako gradimo Teifoc [&hellip;]<\/p>\n","protected":false},"featured_media":15614,"comment_status":"open","ping_status":"closed","template":"","meta":{"_acf_changed":false},"pwb-brand":[2111],"product_brand":[],"product_cat":[1702],"product_tag":[3348,3309],"class_list":{"0":"post-27668","1":"product","2":"type-product","3":"status-publish","4":"has-post-thumbnail","6":"pwb-brand-teifoc-hr","7":"product_cat-konstrukcije-od-pravih-opeka-teifoc","8":"product_tag-mort","9":"product_tag-teifoc-hr","11":"first","12":"outofstock","13":"taxable","14":"shipping-taxable","15":"purchasable","16":"product-type-simple"},"acf":[],"yoast_head":"<!-- This site is optimized with the Yoast SEO plugin v25.8 - https:\/\/yoast.com\/wordpress\/plugins\/seo\/ -->\n<title>Teifoc mort 1 kg<\/title>\n<meta name=\"description\" content=\"Predani i vrijedni graditelji mogu ostati bez morta koji pouzdano dr\u017ei na\u0161e gra\u0111evinske pothvate na okupu. Ali ne brinite, ova kutija sadr\u017ei kilogram morta - za sve novogradnje!\" \/>\n<meta name=\"robots\" content=\"index, follow, max-snippet:-1, max-image-preview:large, max-video-preview:-1\" \/>\n<link rel=\"canonical\" href=\"https:\/\/talenti.si\/hr\/igracke\/konstrukcije-od-pravih-opeka-teifoc\/teifoc-mort-1-kg\/\" \/>\n<meta property=\"og:locale\" content=\"hr_HR\" \/>\n<meta property=\"og:type\" content=\"article\" \/>\n<meta property=\"og:title\" content=\"Teifoc mort 1 kg\" \/>\n<meta property=\"og:description\" content=\"Predani i vrijedni graditelji mogu ostati bez morta koji pouzdano dr\u017ei na\u0161e gra\u0111evinske pothvate na okupu. Ali ne brinite, ova kutija sadr\u017ei kilogram morta - za sve novogradnje!\" \/>\n<meta property=\"og:url\" content=\"https:\/\/talenti.si\/hr\/igracke\/konstrukcije-od-pravih-opeka-teifoc\/teifoc-mort-1-kg\/\" \/>\n<meta property=\"og:site_name\" content=\"Talenti.si\" \/>\n<meta property=\"article:modified_time\" content=\"2025-09-04T07:00:20+00:00\" \/>\n<meta property=\"og:image\" content=\"https:\/\/talenti.si\/wp-content\/uploads\/2022\/01\/tei_902.jpg\" \/>\n\t<meta property=\"og:image:width\" content=\"600\" \/>\n\t<meta property=\"og:image:height\" content=\"600\" \/>\n\t<meta property=\"og:image:type\" content=\"image\/jpeg\" \/>\n<meta name=\"twitter:card\" content=\"summary_large_image\" \/>\n<meta name=\"twitter:label1\" content=\"Procijenjeno vrijeme \u010ditanja\" \/>\n\t<meta name=\"twitter:data1\" content=\"1 minuta\" \/>\n<script type=\"application\/ld+json\" class=\"yoast-schema-graph\">{\"@context\":\"https:\/\/schema.org\",\"@graph\":[{\"@type\":\"WebPage\",\"@id\":\"https:\/\/talenti.si\/hr\/igracke\/konstrukcije-od-pravih-opeka-teifoc\/teifoc-mort-1-kg\/\",\"url\":\"https:\/\/talenti.si\/hr\/igracke\/konstrukcije-od-pravih-opeka-teifoc\/teifoc-mort-1-kg\/\",\"name\":\"Teifoc mort 1 kg\",\"isPartOf\":{\"@id\":\"https:\/\/talenti.si\/hr\/#website\"},\"primaryImageOfPage\":{\"@id\":\"https:\/\/talenti.si\/hr\/igracke\/konstrukcije-od-pravih-opeka-teifoc\/teifoc-mort-1-kg\/#primaryimage\"},\"image\":{\"@id\":\"https:\/\/talenti.si\/hr\/igracke\/konstrukcije-od-pravih-opeka-teifoc\/teifoc-mort-1-kg\/#primaryimage\"},\"thumbnailUrl\":\"https:\/\/talenti.si\/wp-content\/uploads\/2022\/01\/tei_902.jpg\",\"datePublished\":\"2020-03-04T13:06:20+00:00\",\"dateModified\":\"2025-09-04T07:00:20+00:00\",\"description\":\"Predani i vrijedni graditelji mogu ostati bez morta koji pouzdano dr\u017ei na\u0161e gra\u0111evinske pothvate na okupu. Ali ne brinite, ova kutija sadr\u017ei kilogram morta - za sve novogradnje!\",\"breadcrumb\":{\"@id\":\"https:\/\/talenti.si\/hr\/igracke\/konstrukcije-od-pravih-opeka-teifoc\/teifoc-mort-1-kg\/#breadcrumb\"},\"inLanguage\":\"hr\",\"potentialAction\":[{\"@type\":\"ReadAction\",\"target\":[\"https:\/\/talenti.si\/hr\/igracke\/konstrukcije-od-pravih-opeka-teifoc\/teifoc-mort-1-kg\/\"]}]},{\"@type\":\"ImageObject\",\"inLanguage\":\"hr\",\"@id\":\"https:\/\/talenti.si\/hr\/igracke\/konstrukcije-od-pravih-opeka-teifoc\/teifoc-mort-1-kg\/#primaryimage\",\"url\":\"https:\/\/talenti.si\/wp-content\/uploads\/2022\/01\/tei_902.jpg\",\"contentUrl\":\"https:\/\/talenti.si\/wp-content\/uploads\/2022\/01\/tei_902.jpg\",\"width\":600,\"height\":600},{\"@type\":\"BreadcrumbList\",\"@id\":\"https:\/\/talenti.si\/hr\/igracke\/konstrukcije-od-pravih-opeka-teifoc\/teifoc-mort-1-kg\/#breadcrumb\",\"itemListElement\":[{\"@type\":\"ListItem\",\"position\":1,\"name\":\"Home\",\"item\":\"https:\/\/talenti.si\/hr\/\"},{\"@type\":\"ListItem\",\"position\":2,\"name\":\"Trgovina\",\"item\":\"https:\/\/talenti.si\/hr\/shop\/\"},{\"@type\":\"ListItem\",\"position\":3,\"name\":\"Teifoc Mort 1 kg\"}]},{\"@type\":\"WebSite\",\"@id\":\"https:\/\/talenti.si\/hr\/#website\",\"url\":\"https:\/\/talenti.si\/hr\/\",\"name\":\"Talenti.si\",\"description\":\"Spletna trgovina za vse \u017eonglerje in podobne talente. Vse za \u017eongliranje, yoyo, frizbi, bumerang, kite... in \u0161e in \u0161e.\",\"publisher\":{\"@id\":\"https:\/\/talenti.si\/hr\/#organization\"},\"potentialAction\":[{\"@type\":\"SearchAction\",\"target\":{\"@type\":\"EntryPoint\",\"urlTemplate\":\"https:\/\/talenti.si\/hr\/?s={search_term_string}\"},\"query-input\":{\"@type\":\"PropertyValueSpecification\",\"valueRequired\":true,\"valueName\":\"search_term_string\"}}],\"inLanguage\":\"hr\"},{\"@type\":\"Organization\",\"@id\":\"https:\/\/talenti.si\/hr\/#organization\",\"name\":\"Talenti.si\",\"url\":\"https:\/\/talenti.si\/hr\/\",\"logo\":{\"@type\":\"ImageObject\",\"inLanguage\":\"hr\",\"@id\":\"https:\/\/talenti.si\/hr\/#\/schema\/logo\/image\/\",\"url\":\"https:\/\/talenti.si\/wp-content\/uploads\/2021\/12\/logo-talent-pravi-dark.png\",\"contentUrl\":\"https:\/\/talenti.si\/wp-content\/uploads\/2021\/12\/logo-talent-pravi-dark.png\",\"width\":145,\"height\":83,\"caption\":\"Talenti.si\"},\"image\":{\"@id\":\"https:\/\/talenti.si\/hr\/#\/schema\/logo\/image\/\"}}]}<\/script>\n<!-- \/ Yoast SEO plugin. -->","yoast_head_json":{"title":"Teifoc mort 1 kg","description":"Predani i vrijedni graditelji mogu ostati bez morta koji pouzdano dr\u017ei na\u0161e gra\u0111evinske pothvate na okupu. Ali ne brinite, ova kutija sadr\u017ei kilogram morta - za sve novogradnje!","robots":{"index":"index","follow":"follow","max-snippet":"max-snippet:-1","max-image-preview":"max-image-preview:large","max-video-preview":"max-video-preview:-1"},"canonical":"https:\/\/talenti.si\/hr\/igracke\/konstrukcije-od-pravih-opeka-teifoc\/teifoc-mort-1-kg\/","og_locale":"hr_HR","og_type":"article","og_title":"Teifoc mort 1 kg","og_description":"Predani i vrijedni graditelji mogu ostati bez morta koji pouzdano dr\u017ei na\u0161e gra\u0111evinske pothvate na okupu. Ali ne brinite, ova kutija sadr\u017ei kilogram morta - za sve novogradnje!","og_url":"https:\/\/talenti.si\/hr\/igracke\/konstrukcije-od-pravih-opeka-teifoc\/teifoc-mort-1-kg\/","og_site_name":"Talenti.si","article_modified_time":"2025-09-04T07:00:20+00:00","og_image":[{"width":600,"height":600,"url":"https:\/\/talenti.si\/wp-content\/uploads\/2022\/01\/tei_902.jpg","type":"image\/jpeg"}],"twitter_card":"summary_large_image","twitter_misc":{"Procijenjeno vrijeme \u010ditanja":"1 minuta"},"schema":{"@context":"https:\/\/schema.org","@graph":[{"@type":"WebPage","@id":"https:\/\/talenti.si\/hr\/igracke\/konstrukcije-od-pravih-opeka-teifoc\/teifoc-mort-1-kg\/","url":"https:\/\/talenti.si\/hr\/igracke\/konstrukcije-od-pravih-opeka-teifoc\/teifoc-mort-1-kg\/","name":"Teifoc mort 1 kg","isPartOf":{"@id":"https:\/\/talenti.si\/hr\/#website"},"primaryImageOfPage":{"@id":"https:\/\/talenti.si\/hr\/igracke\/konstrukcije-od-pravih-opeka-teifoc\/teifoc-mort-1-kg\/#primaryimage"},"image":{"@id":"https:\/\/talenti.si\/hr\/igracke\/konstrukcije-od-pravih-opeka-teifoc\/teifoc-mort-1-kg\/#primaryimage"},"thumbnailUrl":"https:\/\/talenti.si\/wp-content\/uploads\/2022\/01\/tei_902.jpg","datePublished":"2020-03-04T13:06:20+00:00","dateModified":"2025-09-04T07:00:20+00:00","description":"Predani i vrijedni graditelji mogu ostati bez morta koji pouzdano dr\u017ei na\u0161e gra\u0111evinske pothvate na okupu. Ali ne brinite, ova kutija sadr\u017ei kilogram morta - za sve novogradnje!","breadcrumb":{"@id":"https:\/\/talenti.si\/hr\/igracke\/konstrukcije-od-pravih-opeka-teifoc\/teifoc-mort-1-kg\/#breadcrumb"},"inLanguage":"hr","potentialAction":[{"@type":"ReadAction","target":["https:\/\/talenti.si\/hr\/igracke\/konstrukcije-od-pravih-opeka-teifoc\/teifoc-mort-1-kg\/"]}]},{"@type":"ImageObject","inLanguage":"hr","@id":"https:\/\/talenti.si\/hr\/igracke\/konstrukcije-od-pravih-opeka-teifoc\/teifoc-mort-1-kg\/#primaryimage","url":"https:\/\/talenti.si\/wp-content\/uploads\/2022\/01\/tei_902.jpg","contentUrl":"https:\/\/talenti.si\/wp-content\/uploads\/2022\/01\/tei_902.jpg","width":600,"height":600},{"@type":"BreadcrumbList","@id":"https:\/\/talenti.si\/hr\/igracke\/konstrukcije-od-pravih-opeka-teifoc\/teifoc-mort-1-kg\/#breadcrumb","itemListElement":[{"@type":"ListItem","position":1,"name":"Home","item":"https:\/\/talenti.si\/hr\/"},{"@type":"ListItem","position":2,"name":"Trgovina","item":"https:\/\/talenti.si\/hr\/shop\/"},{"@type":"ListItem","position":3,"name":"Teifoc Mort 1 kg"}]},{"@type":"WebSite","@id":"https:\/\/talenti.si\/hr\/#website","url":"https:\/\/talenti.si\/hr\/","name":"Talenti.si","description":"Spletna trgovina za vse \u017eonglerje in podobne talente. Vse za \u017eongliranje, yoyo, frizbi, bumerang, kite... in \u0161e in \u0161e.","publisher":{"@id":"https:\/\/talenti.si\/hr\/#organization"},"potentialAction":[{"@type":"SearchAction","target":{"@type":"EntryPoint","urlTemplate":"https:\/\/talenti.si\/hr\/?s={search_term_string}"},"query-input":{"@type":"PropertyValueSpecification","valueRequired":true,"valueName":"search_term_string"}}],"inLanguage":"hr"},{"@type":"Organization","@id":"https:\/\/talenti.si\/hr\/#organization","name":"Talenti.si","url":"https:\/\/talenti.si\/hr\/","logo":{"@type":"ImageObject","inLanguage":"hr","@id":"https:\/\/talenti.si\/hr\/#\/schema\/logo\/image\/","url":"https:\/\/talenti.si\/wp-content\/uploads\/2021\/12\/logo-talent-pravi-dark.png","contentUrl":"https:\/\/talenti.si\/wp-content\/uploads\/2021\/12\/logo-talent-pravi-dark.png","width":145,"height":83,"caption":"Talenti.si"},"image":{"@id":"https:\/\/talenti.si\/hr\/#\/schema\/logo\/image\/"}}]}},"brands":[{"id":2111,"name":"Teifoc","slug":"teifoc-hr"}],"_links":{"self":[{"href":"https:\/\/talenti.si\/hr\/wp-json\/wp\/v2\/product\/27668","targetHints":{"allow":["GET"]}}],"collection":[{"href":"https:\/\/talenti.si\/hr\/wp-json\/wp\/v2\/product"}],"about":[{"href":"https:\/\/talenti.si\/hr\/wp-json\/wp\/v2\/types\/product"}],"replies":[{"embeddable":true,"href":"https:\/\/talenti.si\/hr\/wp-json\/wp\/v2\/comments?post=27668"}],"wp:featuredmedia":[{"embeddable":true,"href":"https:\/\/talenti.si\/hr\/wp-json\/wp\/v2\/media\/15614"}],"wp:attachment":[{"href":"https:\/\/talenti.si\/hr\/wp-json\/wp\/v2\/media?parent=27668"}],"wp:term":[{"taxonomy":"pwb-brand","embeddable":true,"href":"https:\/\/talenti.si\/hr\/wp-json\/wp\/v2\/pwb-brand?post=27668"},{"taxonomy":"product_brand","embeddable":true,"href":"https:\/\/talenti.si\/hr\/wp-json\/wp\/v2\/product_brand?post=27668"},{"taxonomy":"product_cat","embeddable":true,"href":"https:\/\/talenti.si\/hr\/wp-json\/wp\/v2\/product_cat?post=27668"},{"taxonomy":"product_tag","embeddable":true,"href":"https:\/\/talenti.si\/hr\/wp-json\/wp\/v2\/product_tag?post=27668"}],"curies":[{"name":"wp","href":"https:\/\/api.w.org\/{rel}","templated":true}]}}