{"id":27770,"date":"2017-07-21T11:19:33","date_gmt":"2017-07-21T11:19:33","guid":{"rendered":"https:\/\/talenti.si\/Bez kategorije\/sakol-5\/"},"modified":"2017-07-21T11:19:33","modified_gmt":"2017-07-21T11:19:33","slug":"sakol-5","status":"publish","type":"product","link":"https:\/\/talenti.si\/hr\/igracke\/didakticke-igracke\/sakol-5\/","title":{"rendered":"Sakol 5"},"content":{"rendered":"<p>Izrazite svu snagu svoje ma\u0161te s 5-dijelnim setom blokova presvu\u010denih s velcro \u010di\u010dak trakom!<\/p>\n<p>Sakol je zna\u010dajno ve\u0107i od klasi\u010dnih gra\u0111evinskih igra\u010daka, pogotovo ako dijete pri prvom kontaktu s ovom igra\u010dkom stimulira odrasla osoba. Jednostavni zadaci pokre\u0107u kreativni proces. Ova igra nudi nove na\u010dine i oblike izgradnje najrazli\u010ditijih figura. Stimulira osjetila i pokre\u0107e kreativnost!<\/p>\n<div class=\"video-container responsive-embed widescreen\"><iframe loading=\"lazy\" title=\"SAKOL - Just imagine!\" width=\"900\" height=\"506\" src=\"https:\/\/www.youtube.com\/embed\/51tw7i0jo7Q?feature=oembed\" frameborder=\"0\" allow=\"accelerometer; autoplay; clipboard-write; encrypted-media; gyroscope; picture-in-picture; web-share\" allowfullscreen><\/iframe><\/div>\n<p><strong style=\"font-size: 10px;\">UPOZORENJE!<\/strong><span style=\"font-size: 10px;\"> <\/span><span style=\"font-size: 10px;\">Artikel nije prikladan za djecu mla\u0111u od 3 godine. Mali dijelovi su opasni jer ih se mo\u017ee udahnuti ili progutati. Prije nego \u0161to predate proizvod djetetu, uklonite sve dijelove ambala\u017ee. Spremite te informacije za kasniju upotrebu.<\/span><\/p>\n","protected":false},"excerpt":{"rendered":"<p>Izrazite svu snagu svoje ma\u0161te s 5-dijelnim setom blokova presvu\u010denih s velcro \u010di\u010dak trakom! Sakol je zna\u010dajno ve\u0107i od klasi\u010dnih gra\u0111evinskih igra\u010daka, pogotovo ako dijete pri prvom kontaktu s ovom igra\u010dkom stimulira odrasla osoba. Jednostavni zadaci pokre\u0107u kreativni proces. Ova igra nudi nove na\u010dine i oblike izgradnje najrazli\u010ditijih figura. Stimulira osjetila i pokre\u0107e kreativnost! UPOZORENJE! [&hellip;]<\/p>\n","protected":false},"featured_media":14894,"comment_status":"open","ping_status":"closed","template":"","meta":{"_acf_changed":false},"pwb-brand":[2022],"product_brand":[],"product_cat":[1696],"product_tag":[3417,3418],"class_list":{"0":"post-27770","1":"product","2":"type-product","3":"status-publish","4":"has-post-thumbnail","6":"pwb-brand-active-people-hr","7":"product_cat-didakticke-igracke","8":"product_tag-active-people-hr","9":"product_tag-sakol-hr","11":"first","12":"instock","13":"taxable","14":"shipping-taxable","15":"purchasable","16":"product-type-simple"},"acf":[],"yoast_head":"<!-- This site is optimized with the Yoast SEO plugin v25.8 - https:\/\/yoast.com\/wordpress\/plugins\/seo\/ -->\n<title>Sakol<\/title>\n<meta name=\"description\" content=\"Izrazite svu snagu svoje ma\u0161te s 5-dijelnim setom blokova presvu\u010denih s velcro \u010di\u010dak trakom! Ogradica je zna\u010dajno ve\u0107a od konvencionalnih gra\u0111evinskih igra\u010daka, pogotovo ako dijete stimulira odrasla osoba prilikom prvog kontakta s ovom igra\u010dkom. Jednostavni zadaci vo\u0111eni su kreativnim\" \/>\n<meta name=\"robots\" content=\"index, follow, max-snippet:-1, max-image-preview:large, max-video-preview:-1\" \/>\n<link rel=\"canonical\" href=\"https:\/\/talenti.si\/hr\/igracke\/didakticke-igracke\/sakol-5\/\" \/>\n<meta property=\"og:locale\" content=\"hr_HR\" \/>\n<meta property=\"og:type\" content=\"article\" \/>\n<meta property=\"og:title\" content=\"Sakol\" \/>\n<meta property=\"og:description\" content=\"Izrazite svu snagu svoje ma\u0161te s 5-dijelnim setom blokova presvu\u010denih s velcro \u010di\u010dak trakom! Ogradica je zna\u010dajno ve\u0107a od konvencionalnih gra\u0111evinskih igra\u010daka, pogotovo ako dijete stimulira odrasla osoba prilikom prvog kontakta s ovom igra\u010dkom. Jednostavni zadaci vo\u0111eni su kreativnim\" \/>\n<meta property=\"og:url\" content=\"https:\/\/talenti.si\/hr\/igracke\/didakticke-igracke\/sakol-5\/\" \/>\n<meta property=\"og:site_name\" content=\"Talenti.si\" \/>\n<meta property=\"og:image\" content=\"https:\/\/talenti.si\/wp-content\/uploads\/2022\/01\/Sakol.jpg\" \/>\n\t<meta property=\"og:image:width\" content=\"295\" \/>\n\t<meta property=\"og:image:height\" content=\"295\" \/>\n\t<meta property=\"og:image:type\" content=\"image\/jpeg\" \/>\n<meta name=\"twitter:card\" content=\"summary_large_image\" \/>\n<meta name=\"twitter:label1\" content=\"Procijenjeno vrijeme \u010ditanja\" \/>\n\t<meta name=\"twitter:data1\" content=\"1 minuta\" \/>\n<script type=\"application\/ld+json\" class=\"yoast-schema-graph\">{\"@context\":\"https:\/\/schema.org\",\"@graph\":[{\"@type\":\"WebPage\",\"@id\":\"https:\/\/talenti.si\/hr\/igracke\/didakticke-igracke\/sakol-5\/\",\"url\":\"https:\/\/talenti.si\/hr\/igracke\/didakticke-igracke\/sakol-5\/\",\"name\":\"Sakol\",\"isPartOf\":{\"@id\":\"https:\/\/talenti.si\/hr\/#website\"},\"primaryImageOfPage\":{\"@id\":\"https:\/\/talenti.si\/hr\/igracke\/didakticke-igracke\/sakol-5\/#primaryimage\"},\"image\":{\"@id\":\"https:\/\/talenti.si\/hr\/igracke\/didakticke-igracke\/sakol-5\/#primaryimage\"},\"thumbnailUrl\":\"https:\/\/talenti.si\/wp-content\/uploads\/2022\/01\/Sakol.jpg\",\"datePublished\":\"2017-07-21T11:19:33+00:00\",\"description\":\"Izrazite svu snagu svoje ma\u0161te s 5-dijelnim setom blokova presvu\u010denih s velcro \u010di\u010dak trakom! Ogradica je zna\u010dajno ve\u0107a od konvencionalnih gra\u0111evinskih igra\u010daka, pogotovo ako dijete stimulira odrasla osoba prilikom prvog kontakta s ovom igra\u010dkom. Jednostavni zadaci vo\u0111eni su kreativnim\",\"breadcrumb\":{\"@id\":\"https:\/\/talenti.si\/hr\/igracke\/didakticke-igracke\/sakol-5\/#breadcrumb\"},\"inLanguage\":\"hr\",\"potentialAction\":[{\"@type\":\"ReadAction\",\"target\":[\"https:\/\/talenti.si\/hr\/igracke\/didakticke-igracke\/sakol-5\/\"]}]},{\"@type\":\"ImageObject\",\"inLanguage\":\"hr\",\"@id\":\"https:\/\/talenti.si\/hr\/igracke\/didakticke-igracke\/sakol-5\/#primaryimage\",\"url\":\"https:\/\/talenti.si\/wp-content\/uploads\/2022\/01\/Sakol.jpg\",\"contentUrl\":\"https:\/\/talenti.si\/wp-content\/uploads\/2022\/01\/Sakol.jpg\",\"width\":295,\"height\":295},{\"@type\":\"BreadcrumbList\",\"@id\":\"https:\/\/talenti.si\/hr\/igracke\/didakticke-igracke\/sakol-5\/#breadcrumb\",\"itemListElement\":[{\"@type\":\"ListItem\",\"position\":1,\"name\":\"Home\",\"item\":\"https:\/\/talenti.si\/hr\/\"},{\"@type\":\"ListItem\",\"position\":2,\"name\":\"Trgovina\",\"item\":\"https:\/\/talenti.si\/hr\/shop\/\"},{\"@type\":\"ListItem\",\"position\":3,\"name\":\"Sakol 5\"}]},{\"@type\":\"WebSite\",\"@id\":\"https:\/\/talenti.si\/hr\/#website\",\"url\":\"https:\/\/talenti.si\/hr\/\",\"name\":\"Talenti.si\",\"description\":\"Spletna trgovina za vse \u017eonglerje in podobne talente. Vse za \u017eongliranje, yoyo, frizbi, bumerang, kite... in \u0161e in \u0161e.\",\"publisher\":{\"@id\":\"https:\/\/talenti.si\/hr\/#organization\"},\"potentialAction\":[{\"@type\":\"SearchAction\",\"target\":{\"@type\":\"EntryPoint\",\"urlTemplate\":\"https:\/\/talenti.si\/hr\/?s={search_term_string}\"},\"query-input\":{\"@type\":\"PropertyValueSpecification\",\"valueRequired\":true,\"valueName\":\"search_term_string\"}}],\"inLanguage\":\"hr\"},{\"@type\":\"Organization\",\"@id\":\"https:\/\/talenti.si\/hr\/#organization\",\"name\":\"Talenti.si\",\"url\":\"https:\/\/talenti.si\/hr\/\",\"logo\":{\"@type\":\"ImageObject\",\"inLanguage\":\"hr\",\"@id\":\"https:\/\/talenti.si\/hr\/#\/schema\/logo\/image\/\",\"url\":\"https:\/\/talenti.si\/wp-content\/uploads\/2021\/12\/logo-talent-pravi-dark.png\",\"contentUrl\":\"https:\/\/talenti.si\/wp-content\/uploads\/2021\/12\/logo-talent-pravi-dark.png\",\"width\":145,\"height\":83,\"caption\":\"Talenti.si\"},\"image\":{\"@id\":\"https:\/\/talenti.si\/hr\/#\/schema\/logo\/image\/\"}}]}<\/script>\n<!-- \/ Yoast SEO plugin. -->","yoast_head_json":{"title":"Sakol","description":"Izrazite svu snagu svoje ma\u0161te s 5-dijelnim setom blokova presvu\u010denih s velcro \u010di\u010dak trakom! Ogradica je zna\u010dajno ve\u0107a od konvencionalnih gra\u0111evinskih igra\u010daka, pogotovo ako dijete stimulira odrasla osoba prilikom prvog kontakta s ovom igra\u010dkom. Jednostavni zadaci vo\u0111eni su kreativnim","robots":{"index":"index","follow":"follow","max-snippet":"max-snippet:-1","max-image-preview":"max-image-preview:large","max-video-preview":"max-video-preview:-1"},"canonical":"https:\/\/talenti.si\/hr\/igracke\/didakticke-igracke\/sakol-5\/","og_locale":"hr_HR","og_type":"article","og_title":"Sakol","og_description":"Izrazite svu snagu svoje ma\u0161te s 5-dijelnim setom blokova presvu\u010denih s velcro \u010di\u010dak trakom! Ogradica je zna\u010dajno ve\u0107a od konvencionalnih gra\u0111evinskih igra\u010daka, pogotovo ako dijete stimulira odrasla osoba prilikom prvog kontakta s ovom igra\u010dkom. Jednostavni zadaci vo\u0111eni su kreativnim","og_url":"https:\/\/talenti.si\/hr\/igracke\/didakticke-igracke\/sakol-5\/","og_site_name":"Talenti.si","og_image":[{"width":295,"height":295,"url":"https:\/\/talenti.si\/wp-content\/uploads\/2022\/01\/Sakol.jpg","type":"image\/jpeg"}],"twitter_card":"summary_large_image","twitter_misc":{"Procijenjeno vrijeme \u010ditanja":"1 minuta"},"schema":{"@context":"https:\/\/schema.org","@graph":[{"@type":"WebPage","@id":"https:\/\/talenti.si\/hr\/igracke\/didakticke-igracke\/sakol-5\/","url":"https:\/\/talenti.si\/hr\/igracke\/didakticke-igracke\/sakol-5\/","name":"Sakol","isPartOf":{"@id":"https:\/\/talenti.si\/hr\/#website"},"primaryImageOfPage":{"@id":"https:\/\/talenti.si\/hr\/igracke\/didakticke-igracke\/sakol-5\/#primaryimage"},"image":{"@id":"https:\/\/talenti.si\/hr\/igracke\/didakticke-igracke\/sakol-5\/#primaryimage"},"thumbnailUrl":"https:\/\/talenti.si\/wp-content\/uploads\/2022\/01\/Sakol.jpg","datePublished":"2017-07-21T11:19:33+00:00","description":"Izrazite svu snagu svoje ma\u0161te s 5-dijelnim setom blokova presvu\u010denih s velcro \u010di\u010dak trakom! Ogradica je zna\u010dajno ve\u0107a od konvencionalnih gra\u0111evinskih igra\u010daka, pogotovo ako dijete stimulira odrasla osoba prilikom prvog kontakta s ovom igra\u010dkom. Jednostavni zadaci vo\u0111eni su kreativnim","breadcrumb":{"@id":"https:\/\/talenti.si\/hr\/igracke\/didakticke-igracke\/sakol-5\/#breadcrumb"},"inLanguage":"hr","potentialAction":[{"@type":"ReadAction","target":["https:\/\/talenti.si\/hr\/igracke\/didakticke-igracke\/sakol-5\/"]}]},{"@type":"ImageObject","inLanguage":"hr","@id":"https:\/\/talenti.si\/hr\/igracke\/didakticke-igracke\/sakol-5\/#primaryimage","url":"https:\/\/talenti.si\/wp-content\/uploads\/2022\/01\/Sakol.jpg","contentUrl":"https:\/\/talenti.si\/wp-content\/uploads\/2022\/01\/Sakol.jpg","width":295,"height":295},{"@type":"BreadcrumbList","@id":"https:\/\/talenti.si\/hr\/igracke\/didakticke-igracke\/sakol-5\/#breadcrumb","itemListElement":[{"@type":"ListItem","position":1,"name":"Home","item":"https:\/\/talenti.si\/hr\/"},{"@type":"ListItem","position":2,"name":"Trgovina","item":"https:\/\/talenti.si\/hr\/shop\/"},{"@type":"ListItem","position":3,"name":"Sakol 5"}]},{"@type":"WebSite","@id":"https:\/\/talenti.si\/hr\/#website","url":"https:\/\/talenti.si\/hr\/","name":"Talenti.si","description":"Spletna trgovina za vse \u017eonglerje in podobne talente. Vse za \u017eongliranje, yoyo, frizbi, bumerang, kite... in \u0161e in \u0161e.","publisher":{"@id":"https:\/\/talenti.si\/hr\/#organization"},"potentialAction":[{"@type":"SearchAction","target":{"@type":"EntryPoint","urlTemplate":"https:\/\/talenti.si\/hr\/?s={search_term_string}"},"query-input":{"@type":"PropertyValueSpecification","valueRequired":true,"valueName":"search_term_string"}}],"inLanguage":"hr"},{"@type":"Organization","@id":"https:\/\/talenti.si\/hr\/#organization","name":"Talenti.si","url":"https:\/\/talenti.si\/hr\/","logo":{"@type":"ImageObject","inLanguage":"hr","@id":"https:\/\/talenti.si\/hr\/#\/schema\/logo\/image\/","url":"https:\/\/talenti.si\/wp-content\/uploads\/2021\/12\/logo-talent-pravi-dark.png","contentUrl":"https:\/\/talenti.si\/wp-content\/uploads\/2021\/12\/logo-talent-pravi-dark.png","width":145,"height":83,"caption":"Talenti.si"},"image":{"@id":"https:\/\/talenti.si\/hr\/#\/schema\/logo\/image\/"}}]}},"brands":[{"id":2022,"name":"Active People","slug":"active-people-hr"}],"_links":{"self":[{"href":"https:\/\/talenti.si\/hr\/wp-json\/wp\/v2\/product\/27770","targetHints":{"allow":["GET"]}}],"collection":[{"href":"https:\/\/talenti.si\/hr\/wp-json\/wp\/v2\/product"}],"about":[{"href":"https:\/\/talenti.si\/hr\/wp-json\/wp\/v2\/types\/product"}],"replies":[{"embeddable":true,"href":"https:\/\/talenti.si\/hr\/wp-json\/wp\/v2\/comments?post=27770"}],"wp:featuredmedia":[{"embeddable":true,"href":"https:\/\/talenti.si\/hr\/wp-json\/wp\/v2\/media\/14894"}],"wp:attachment":[{"href":"https:\/\/talenti.si\/hr\/wp-json\/wp\/v2\/media?parent=27770"}],"wp:term":[{"taxonomy":"pwb-brand","embeddable":true,"href":"https:\/\/talenti.si\/hr\/wp-json\/wp\/v2\/pwb-brand?post=27770"},{"taxonomy":"product_brand","embeddable":true,"href":"https:\/\/talenti.si\/hr\/wp-json\/wp\/v2\/product_brand?post=27770"},{"taxonomy":"product_cat","embeddable":true,"href":"https:\/\/talenti.si\/hr\/wp-json\/wp\/v2\/product_cat?post=27770"},{"taxonomy":"product_tag","embeddable":true,"href":"https:\/\/talenti.si\/hr\/wp-json\/wp\/v2\/product_tag?post=27770"}],"curies":[{"name":"wp","href":"https:\/\/api.w.org\/{rel}","templated":true}]}}