{"id":27867,"date":"2021-02-05T12:51:35","date_gmt":"2021-02-05T12:51:35","guid":{"rendered":"https:\/\/talenti.si\/Bez%20kategorije\/leonardo\/"},"modified":"2024-11-29T09:16:44","modified_gmt":"2024-11-29T09:16:44","slug":"leonardo","status":"publish","type":"product","link":"https:\/\/talenti.si\/hr\/igracke\/minijaturne-figurice\/leonardo\/","title":{"rendered":"Leonardo"},"content":{"rendered":"<p>Precizno izra\u0111ena figurica iz popularnog crti\u0107a Nind\u017ea kornja\u010de.<br \/>\n<iframe loading=\"lazy\" class=\"note-video-clip\" src=\"\/\/www.youtube.com\/embed\/PuKzGYxh_mU\" width=\"640\" height=\"360\" frameborder=\"0\"><\/iframe><\/p>\n<p><strong>Karakteristike:<\/strong><\/p>\n<ul>\n<li>Dimenzije:<strong> 8,5 <\/strong>cm<\/li>\n<li>Materijali &#8211; <strong>mje\u0161avina gume (bez PVC)<\/strong><\/li>\n<li>Prikladna dob: <strong>3+<\/strong><\/li>\n<\/ul>\n<p><strong style=\"font-size: 10px;\">UPOZORENJE!<\/strong><span style=\"font-size: 10px;\"> <\/span><span style=\"font-size: 10px;\">Artikel nije prikladan za djecu mla\u0111u od 3 godine. Mali dijelovi su opasni jer ih se mo\u017ee udahnuti ili progutati. Prije nego \u0161to predate proizvod djetetu, uklonite sve dijelove ambala\u017ee. Spremite te informacije za kasniju upotrebu.<\/span><\/p>\n","protected":false},"excerpt":{"rendered":"<p>Precizno izra\u0111ena figurica iz popularnog crti\u0107a Nind\u017ea kornja\u010de. Karakteristike: Dimenzije: 8,5 cm Materijali &#8211; mje\u0161avina gume (bez PVC) Prikladna dob: 3+ UPOZORENJE! Artikel nije prikladan za djecu mla\u0111u od 3 godine. Mali dijelovi su opasni jer ih se mo\u017ee udahnuti ili progutati. Prije nego \u0161to predate proizvod djetetu, uklonite sve dijelove ambala\u017ee. Spremite te informacije [&hellip;]<\/p>\n","protected":false},"featured_media":34799,"comment_status":"open","ping_status":"closed","template":"","meta":{"_acf_changed":false},"pwb-brand":[2041],"product_brand":[],"product_cat":[1714],"product_tag":[2324,2323,3187],"class_list":{"0":"post-27867","1":"product","2":"type-product","3":"status-publish","4":"has-post-thumbnail","6":"pwb-brand-comansi-hr","7":"product_cat-minijaturne-figurice","8":"product_tag-comansi-hr","9":"product_tag-figurica-hr","10":"product_tag-mini-hr","12":"first","13":"instock","14":"taxable","15":"shipping-taxable","16":"purchasable","17":"product-type-simple"},"acf":[],"yoast_head":"<!-- This site is optimized with the Yoast SEO plugin v25.8 - https:\/\/yoast.com\/wordpress\/plugins\/seo\/ -->\n<title>Leonardo<\/title>\n<meta name=\"description\" content=\"Precizno izra\u0111ena figurica iz popularnog crti\u0107a Nind\u017ea kornja\u010de.\" \/>\n<meta name=\"robots\" content=\"index, follow, max-snippet:-1, max-image-preview:large, max-video-preview:-1\" \/>\n<link rel=\"canonical\" href=\"https:\/\/talenti.si\/hr\/igracke\/minijaturne-figurice\/leonardo\/\" \/>\n<meta property=\"og:locale\" content=\"hr_HR\" \/>\n<meta property=\"og:type\" content=\"article\" \/>\n<meta property=\"og:title\" content=\"Leonardo\" \/>\n<meta property=\"og:description\" content=\"Precizno izra\u0111ena figurica iz popularnog crti\u0107a Nind\u017ea kornja\u010de.\" \/>\n<meta property=\"og:url\" content=\"https:\/\/talenti.si\/hr\/igracke\/minijaturne-figurice\/leonardo\/\" \/>\n<meta property=\"og:site_name\" content=\"Talenti.si\" \/>\n<meta property=\"article:modified_time\" content=\"2024-11-29T09:16:44+00:00\" \/>\n<meta property=\"og:image\" content=\"https:\/\/talenti.si\/wp-content\/uploads\/2021\/02\/comansi-leonardo-figurica-1.webp\" \/>\n\t<meta property=\"og:image:width\" content=\"1000\" \/>\n\t<meta property=\"og:image:height\" content=\"1000\" \/>\n\t<meta property=\"og:image:type\" content=\"image\/webp\" \/>\n<meta name=\"twitter:card\" content=\"summary_large_image\" \/>\n<script type=\"application\/ld+json\" class=\"yoast-schema-graph\">{\"@context\":\"https:\/\/schema.org\",\"@graph\":[{\"@type\":\"WebPage\",\"@id\":\"https:\/\/talenti.si\/hr\/igracke\/minijaturne-figurice\/leonardo\/\",\"url\":\"https:\/\/talenti.si\/hr\/igracke\/minijaturne-figurice\/leonardo\/\",\"name\":\"Leonardo\",\"isPartOf\":{\"@id\":\"https:\/\/talenti.si\/hr\/#website\"},\"primaryImageOfPage\":{\"@id\":\"https:\/\/talenti.si\/hr\/igracke\/minijaturne-figurice\/leonardo\/#primaryimage\"},\"image\":{\"@id\":\"https:\/\/talenti.si\/hr\/igracke\/minijaturne-figurice\/leonardo\/#primaryimage\"},\"thumbnailUrl\":\"https:\/\/talenti.si\/wp-content\/uploads\/2021\/02\/comansi-leonardo-figurica-1.webp\",\"datePublished\":\"2021-02-05T12:51:35+00:00\",\"dateModified\":\"2024-11-29T09:16:44+00:00\",\"description\":\"Precizno izra\u0111ena figurica iz popularnog crti\u0107a Nind\u017ea kornja\u010de.\",\"breadcrumb\":{\"@id\":\"https:\/\/talenti.si\/hr\/igracke\/minijaturne-figurice\/leonardo\/#breadcrumb\"},\"inLanguage\":\"hr\",\"potentialAction\":[{\"@type\":\"ReadAction\",\"target\":[\"https:\/\/talenti.si\/hr\/igracke\/minijaturne-figurice\/leonardo\/\"]}]},{\"@type\":\"ImageObject\",\"inLanguage\":\"hr\",\"@id\":\"https:\/\/talenti.si\/hr\/igracke\/minijaturne-figurice\/leonardo\/#primaryimage\",\"url\":\"https:\/\/talenti.si\/wp-content\/uploads\/2021\/02\/comansi-leonardo-figurica-1.webp\",\"contentUrl\":\"https:\/\/talenti.si\/wp-content\/uploads\/2021\/02\/comansi-leonardo-figurica-1.webp\",\"width\":1000,\"height\":1000},{\"@type\":\"BreadcrumbList\",\"@id\":\"https:\/\/talenti.si\/hr\/igracke\/minijaturne-figurice\/leonardo\/#breadcrumb\",\"itemListElement\":[{\"@type\":\"ListItem\",\"position\":1,\"name\":\"Home\",\"item\":\"https:\/\/talenti.si\/hr\/\"},{\"@type\":\"ListItem\",\"position\":2,\"name\":\"Trgovina\",\"item\":\"https:\/\/talenti.si\/hr\/shop\/\"},{\"@type\":\"ListItem\",\"position\":3,\"name\":\"Leonardo\"}]},{\"@type\":\"WebSite\",\"@id\":\"https:\/\/talenti.si\/hr\/#website\",\"url\":\"https:\/\/talenti.si\/hr\/\",\"name\":\"Talenti.si\",\"description\":\"Spletna trgovina za vse \u017eonglerje in podobne talente. Vse za \u017eongliranje, yoyo, frizbi, bumerang, kite... in \u0161e in \u0161e.\",\"publisher\":{\"@id\":\"https:\/\/talenti.si\/hr\/#organization\"},\"potentialAction\":[{\"@type\":\"SearchAction\",\"target\":{\"@type\":\"EntryPoint\",\"urlTemplate\":\"https:\/\/talenti.si\/hr\/?s={search_term_string}\"},\"query-input\":{\"@type\":\"PropertyValueSpecification\",\"valueRequired\":true,\"valueName\":\"search_term_string\"}}],\"inLanguage\":\"hr\"},{\"@type\":\"Organization\",\"@id\":\"https:\/\/talenti.si\/hr\/#organization\",\"name\":\"Talenti.si\",\"url\":\"https:\/\/talenti.si\/hr\/\",\"logo\":{\"@type\":\"ImageObject\",\"inLanguage\":\"hr\",\"@id\":\"https:\/\/talenti.si\/hr\/#\/schema\/logo\/image\/\",\"url\":\"https:\/\/talenti.si\/wp-content\/uploads\/2021\/12\/logo-talent-pravi-dark.png\",\"contentUrl\":\"https:\/\/talenti.si\/wp-content\/uploads\/2021\/12\/logo-talent-pravi-dark.png\",\"width\":145,\"height\":83,\"caption\":\"Talenti.si\"},\"image\":{\"@id\":\"https:\/\/talenti.si\/hr\/#\/schema\/logo\/image\/\"}}]}<\/script>\n<!-- \/ Yoast SEO plugin. -->","yoast_head_json":{"title":"Leonardo","description":"Precizno izra\u0111ena figurica iz popularnog crti\u0107a Nind\u017ea kornja\u010de.","robots":{"index":"index","follow":"follow","max-snippet":"max-snippet:-1","max-image-preview":"max-image-preview:large","max-video-preview":"max-video-preview:-1"},"canonical":"https:\/\/talenti.si\/hr\/igracke\/minijaturne-figurice\/leonardo\/","og_locale":"hr_HR","og_type":"article","og_title":"Leonardo","og_description":"Precizno izra\u0111ena figurica iz popularnog crti\u0107a Nind\u017ea kornja\u010de.","og_url":"https:\/\/talenti.si\/hr\/igracke\/minijaturne-figurice\/leonardo\/","og_site_name":"Talenti.si","article_modified_time":"2024-11-29T09:16:44+00:00","og_image":[{"width":1000,"height":1000,"url":"https:\/\/talenti.si\/wp-content\/uploads\/2021\/02\/comansi-leonardo-figurica-1.webp","type":"image\/webp"}],"twitter_card":"summary_large_image","schema":{"@context":"https:\/\/schema.org","@graph":[{"@type":"WebPage","@id":"https:\/\/talenti.si\/hr\/igracke\/minijaturne-figurice\/leonardo\/","url":"https:\/\/talenti.si\/hr\/igracke\/minijaturne-figurice\/leonardo\/","name":"Leonardo","isPartOf":{"@id":"https:\/\/talenti.si\/hr\/#website"},"primaryImageOfPage":{"@id":"https:\/\/talenti.si\/hr\/igracke\/minijaturne-figurice\/leonardo\/#primaryimage"},"image":{"@id":"https:\/\/talenti.si\/hr\/igracke\/minijaturne-figurice\/leonardo\/#primaryimage"},"thumbnailUrl":"https:\/\/talenti.si\/wp-content\/uploads\/2021\/02\/comansi-leonardo-figurica-1.webp","datePublished":"2021-02-05T12:51:35+00:00","dateModified":"2024-11-29T09:16:44+00:00","description":"Precizno izra\u0111ena figurica iz popularnog crti\u0107a Nind\u017ea kornja\u010de.","breadcrumb":{"@id":"https:\/\/talenti.si\/hr\/igracke\/minijaturne-figurice\/leonardo\/#breadcrumb"},"inLanguage":"hr","potentialAction":[{"@type":"ReadAction","target":["https:\/\/talenti.si\/hr\/igracke\/minijaturne-figurice\/leonardo\/"]}]},{"@type":"ImageObject","inLanguage":"hr","@id":"https:\/\/talenti.si\/hr\/igracke\/minijaturne-figurice\/leonardo\/#primaryimage","url":"https:\/\/talenti.si\/wp-content\/uploads\/2021\/02\/comansi-leonardo-figurica-1.webp","contentUrl":"https:\/\/talenti.si\/wp-content\/uploads\/2021\/02\/comansi-leonardo-figurica-1.webp","width":1000,"height":1000},{"@type":"BreadcrumbList","@id":"https:\/\/talenti.si\/hr\/igracke\/minijaturne-figurice\/leonardo\/#breadcrumb","itemListElement":[{"@type":"ListItem","position":1,"name":"Home","item":"https:\/\/talenti.si\/hr\/"},{"@type":"ListItem","position":2,"name":"Trgovina","item":"https:\/\/talenti.si\/hr\/shop\/"},{"@type":"ListItem","position":3,"name":"Leonardo"}]},{"@type":"WebSite","@id":"https:\/\/talenti.si\/hr\/#website","url":"https:\/\/talenti.si\/hr\/","name":"Talenti.si","description":"Spletna trgovina za vse \u017eonglerje in podobne talente. Vse za \u017eongliranje, yoyo, frizbi, bumerang, kite... in \u0161e in \u0161e.","publisher":{"@id":"https:\/\/talenti.si\/hr\/#organization"},"potentialAction":[{"@type":"SearchAction","target":{"@type":"EntryPoint","urlTemplate":"https:\/\/talenti.si\/hr\/?s={search_term_string}"},"query-input":{"@type":"PropertyValueSpecification","valueRequired":true,"valueName":"search_term_string"}}],"inLanguage":"hr"},{"@type":"Organization","@id":"https:\/\/talenti.si\/hr\/#organization","name":"Talenti.si","url":"https:\/\/talenti.si\/hr\/","logo":{"@type":"ImageObject","inLanguage":"hr","@id":"https:\/\/talenti.si\/hr\/#\/schema\/logo\/image\/","url":"https:\/\/talenti.si\/wp-content\/uploads\/2021\/12\/logo-talent-pravi-dark.png","contentUrl":"https:\/\/talenti.si\/wp-content\/uploads\/2021\/12\/logo-talent-pravi-dark.png","width":145,"height":83,"caption":"Talenti.si"},"image":{"@id":"https:\/\/talenti.si\/hr\/#\/schema\/logo\/image\/"}}]}},"brands":[{"id":2041,"name":"Comansi","slug":"comansi-hr"}],"_links":{"self":[{"href":"https:\/\/talenti.si\/hr\/wp-json\/wp\/v2\/product\/27867","targetHints":{"allow":["GET"]}}],"collection":[{"href":"https:\/\/talenti.si\/hr\/wp-json\/wp\/v2\/product"}],"about":[{"href":"https:\/\/talenti.si\/hr\/wp-json\/wp\/v2\/types\/product"}],"replies":[{"embeddable":true,"href":"https:\/\/talenti.si\/hr\/wp-json\/wp\/v2\/comments?post=27867"}],"wp:featuredmedia":[{"embeddable":true,"href":"https:\/\/talenti.si\/hr\/wp-json\/wp\/v2\/media\/34799"}],"wp:attachment":[{"href":"https:\/\/talenti.si\/hr\/wp-json\/wp\/v2\/media?parent=27867"}],"wp:term":[{"taxonomy":"pwb-brand","embeddable":true,"href":"https:\/\/talenti.si\/hr\/wp-json\/wp\/v2\/pwb-brand?post=27867"},{"taxonomy":"product_brand","embeddable":true,"href":"https:\/\/talenti.si\/hr\/wp-json\/wp\/v2\/product_brand?post=27867"},{"taxonomy":"product_cat","embeddable":true,"href":"https:\/\/talenti.si\/hr\/wp-json\/wp\/v2\/product_cat?post=27867"},{"taxonomy":"product_tag","embeddable":true,"href":"https:\/\/talenti.si\/hr\/wp-json\/wp\/v2\/product_tag?post=27867"}],"curies":[{"name":"wp","href":"https:\/\/api.w.org\/{rel}","templated":true}]}}