{"id":28106,"date":"2012-05-15T23:28:15","date_gmt":"2012-05-15T23:28:15","guid":{"rendered":"https:\/\/talenti.si\/Bez kategorije\/mini-kistovi-za-boje-x-3\/"},"modified":"2024-11-11T14:20:03","modified_gmt":"2024-11-11T14:20:03","slug":"mini-kistovi-za-boje-x-3","status":"publish","type":"product","link":"https:\/\/talenti.si\/hr\/razno-hr\/boje-za-oslikavanje-lica\/mini-kistovi-za-boje-x-3\/","title":{"rendered":"Mini kistovi za boje x 3"},"content":{"rendered":"<p>Set sadr\u017ei <strong>3<\/strong> mini kisti\u0107a razli\u010ditih \u0161irina. Od najtanjeg za precizno nano\u0161enje boje do naj\u0161irega za ve\u0107e detalje.<\/p>\n<p>Za nano\u0161enje ve\u0107ih povr\u0161ina boje preporu\u010dujemo <a href=\"https:\/\/talenti.si\/razno\/barve-za-poslikavo-obraza\/spuzvice\/\">set spu\u017evica<\/a>.<\/p>\n<div class=\"video-container responsive-embed widescreen\"><iframe loading=\"lazy\" title=\"Fantasy Make Up Tutorial Der Biss La Morsure The Bite\" width=\"900\" height=\"506\" src=\"https:\/\/www.youtube.com\/embed\/R32o8pXXn2c?feature=oembed\" frameborder=\"0\" allow=\"accelerometer; autoplay; clipboard-write; encrypted-media; gyroscope; picture-in-picture; web-share\" allowfullscreen><\/iframe><\/div>\n","protected":false},"excerpt":{"rendered":"<p>Set sadr\u017ei 3 mini kisti\u0107a razli\u010ditih \u0161irina. Od najtanjeg za precizno nano\u0161enje boje do naj\u0161irega za ve\u0107e detalje. Za nano\u0161enje ve\u0107ih povr\u0161ina boje preporu\u010dujemo set spu\u017evica.<\/p>\n","protected":false},"featured_media":14219,"comment_status":"open","ping_status":"closed","template":"","meta":{"_acf_changed":false},"pwb-brand":[2050],"product_brand":[],"product_cat":[1739],"product_tag":[3535],"class_list":{"0":"post-28106","1":"product","2":"type-product","3":"status-publish","4":"has-post-thumbnail","6":"pwb-brand-fantasy-hr","7":"product_cat-boje-za-oslikavanje-lica","8":"product_tag-kistovi","10":"first","11":"instock","12":"taxable","13":"shipping-taxable","14":"purchasable","15":"product-type-simple"},"acf":[],"yoast_head":"<!-- This site is optimized with the Yoast SEO plugin v25.8 - https:\/\/yoast.com\/wordpress\/plugins\/seo\/ -->\n<title>Mini kistovi za boje x 3<\/title>\n<meta name=\"description\" content=\"Set sadr\u017ei 3 mini kisti\u0107a razli\u010ditih \u0161irina od najtanjeg za precizno nano\u0161enje boje do naj\u0161irega za ve\u0107e detalje. Za nano\u0161enje ve\u0107ih povr\u0161ina boje preporu\u010dujemo set spu\u017evica.\" \/>\n<meta name=\"robots\" content=\"index, follow, max-snippet:-1, max-image-preview:large, max-video-preview:-1\" \/>\n<link rel=\"canonical\" href=\"https:\/\/talenti.si\/hr\/razno-hr\/boje-za-oslikavanje-lica\/mini-kistovi-za-boje-x-3\/\" \/>\n<meta property=\"og:locale\" content=\"hr_HR\" \/>\n<meta property=\"og:type\" content=\"article\" \/>\n<meta property=\"og:title\" content=\"Mini kistovi za boje x 3\" \/>\n<meta property=\"og:description\" content=\"Set sadr\u017ei 3 mini kisti\u0107a razli\u010ditih \u0161irina od najtanjeg za precizno nano\u0161enje boje do naj\u0161irega za ve\u0107e detalje. Za nano\u0161enje ve\u0107ih povr\u0161ina boje preporu\u010dujemo set spu\u017evica.\" \/>\n<meta property=\"og:url\" content=\"https:\/\/talenti.si\/hr\/razno-hr\/boje-za-oslikavanje-lica\/mini-kistovi-za-boje-x-3\/\" \/>\n<meta property=\"og:site_name\" content=\"Talenti.si\" \/>\n<meta property=\"article:modified_time\" content=\"2024-11-11T14:20:03+00:00\" \/>\n<meta property=\"og:image\" content=\"https:\/\/talenti.si\/wp-content\/uploads\/2022\/01\/image002.jpg\" \/>\n\t<meta property=\"og:image:width\" content=\"143\" \/>\n\t<meta property=\"og:image:height\" content=\"249\" \/>\n\t<meta property=\"og:image:type\" content=\"image\/jpeg\" \/>\n<meta name=\"twitter:card\" content=\"summary_large_image\" \/>\n<script type=\"application\/ld+json\" class=\"yoast-schema-graph\">{\"@context\":\"https:\/\/schema.org\",\"@graph\":[{\"@type\":\"WebPage\",\"@id\":\"https:\/\/talenti.si\/hr\/razno-hr\/boje-za-oslikavanje-lica\/mini-kistovi-za-boje-x-3\/\",\"url\":\"https:\/\/talenti.si\/hr\/razno-hr\/boje-za-oslikavanje-lica\/mini-kistovi-za-boje-x-3\/\",\"name\":\"Mini kistovi za boje x 3\",\"isPartOf\":{\"@id\":\"https:\/\/talenti.si\/hr\/#website\"},\"primaryImageOfPage\":{\"@id\":\"https:\/\/talenti.si\/hr\/razno-hr\/boje-za-oslikavanje-lica\/mini-kistovi-za-boje-x-3\/#primaryimage\"},\"image\":{\"@id\":\"https:\/\/talenti.si\/hr\/razno-hr\/boje-za-oslikavanje-lica\/mini-kistovi-za-boje-x-3\/#primaryimage\"},\"thumbnailUrl\":\"https:\/\/talenti.si\/wp-content\/uploads\/2022\/01\/image002.jpg\",\"datePublished\":\"2012-05-15T23:28:15+00:00\",\"dateModified\":\"2024-11-11T14:20:03+00:00\",\"description\":\"Set sadr\u017ei 3 mini kisti\u0107a razli\u010ditih \u0161irina od najtanjeg za precizno nano\u0161enje boje do naj\u0161irega za ve\u0107e detalje. Za nano\u0161enje ve\u0107ih povr\u0161ina boje preporu\u010dujemo set spu\u017evica.\",\"breadcrumb\":{\"@id\":\"https:\/\/talenti.si\/hr\/razno-hr\/boje-za-oslikavanje-lica\/mini-kistovi-za-boje-x-3\/#breadcrumb\"},\"inLanguage\":\"hr\",\"potentialAction\":[{\"@type\":\"ReadAction\",\"target\":[\"https:\/\/talenti.si\/hr\/razno-hr\/boje-za-oslikavanje-lica\/mini-kistovi-za-boje-x-3\/\"]}]},{\"@type\":\"ImageObject\",\"inLanguage\":\"hr\",\"@id\":\"https:\/\/talenti.si\/hr\/razno-hr\/boje-za-oslikavanje-lica\/mini-kistovi-za-boje-x-3\/#primaryimage\",\"url\":\"https:\/\/talenti.si\/wp-content\/uploads\/2022\/01\/image002.jpg\",\"contentUrl\":\"https:\/\/talenti.si\/wp-content\/uploads\/2022\/01\/image002.jpg\",\"width\":143,\"height\":249},{\"@type\":\"BreadcrumbList\",\"@id\":\"https:\/\/talenti.si\/hr\/razno-hr\/boje-za-oslikavanje-lica\/mini-kistovi-za-boje-x-3\/#breadcrumb\",\"itemListElement\":[{\"@type\":\"ListItem\",\"position\":1,\"name\":\"Home\",\"item\":\"https:\/\/talenti.si\/hr\/\"},{\"@type\":\"ListItem\",\"position\":2,\"name\":\"Trgovina\",\"item\":\"https:\/\/talenti.si\/hr\/shop\/\"},{\"@type\":\"ListItem\",\"position\":3,\"name\":\"Mini kistovi za boje x 3\"}]},{\"@type\":\"WebSite\",\"@id\":\"https:\/\/talenti.si\/hr\/#website\",\"url\":\"https:\/\/talenti.si\/hr\/\",\"name\":\"Talenti.si\",\"description\":\"Spletna trgovina za vse \u017eonglerje in podobne talente. Vse za \u017eongliranje, yoyo, frizbi, bumerang, kite... in \u0161e in \u0161e.\",\"publisher\":{\"@id\":\"https:\/\/talenti.si\/hr\/#organization\"},\"potentialAction\":[{\"@type\":\"SearchAction\",\"target\":{\"@type\":\"EntryPoint\",\"urlTemplate\":\"https:\/\/talenti.si\/hr\/?s={search_term_string}\"},\"query-input\":{\"@type\":\"PropertyValueSpecification\",\"valueRequired\":true,\"valueName\":\"search_term_string\"}}],\"inLanguage\":\"hr\"},{\"@type\":\"Organization\",\"@id\":\"https:\/\/talenti.si\/hr\/#organization\",\"name\":\"Talenti.si\",\"url\":\"https:\/\/talenti.si\/hr\/\",\"logo\":{\"@type\":\"ImageObject\",\"inLanguage\":\"hr\",\"@id\":\"https:\/\/talenti.si\/hr\/#\/schema\/logo\/image\/\",\"url\":\"https:\/\/talenti.si\/wp-content\/uploads\/2021\/12\/logo-talent-pravi-dark.png\",\"contentUrl\":\"https:\/\/talenti.si\/wp-content\/uploads\/2021\/12\/logo-talent-pravi-dark.png\",\"width\":145,\"height\":83,\"caption\":\"Talenti.si\"},\"image\":{\"@id\":\"https:\/\/talenti.si\/hr\/#\/schema\/logo\/image\/\"}}]}<\/script>\n<!-- \/ Yoast SEO plugin. -->","yoast_head_json":{"title":"Mini kistovi za boje x 3","description":"Set sadr\u017ei 3 mini kisti\u0107a razli\u010ditih \u0161irina od najtanjeg za precizno nano\u0161enje boje do naj\u0161irega za ve\u0107e detalje. Za nano\u0161enje ve\u0107ih povr\u0161ina boje preporu\u010dujemo set spu\u017evica.","robots":{"index":"index","follow":"follow","max-snippet":"max-snippet:-1","max-image-preview":"max-image-preview:large","max-video-preview":"max-video-preview:-1"},"canonical":"https:\/\/talenti.si\/hr\/razno-hr\/boje-za-oslikavanje-lica\/mini-kistovi-za-boje-x-3\/","og_locale":"hr_HR","og_type":"article","og_title":"Mini kistovi za boje x 3","og_description":"Set sadr\u017ei 3 mini kisti\u0107a razli\u010ditih \u0161irina od najtanjeg za precizno nano\u0161enje boje do naj\u0161irega za ve\u0107e detalje. Za nano\u0161enje ve\u0107ih povr\u0161ina boje preporu\u010dujemo set spu\u017evica.","og_url":"https:\/\/talenti.si\/hr\/razno-hr\/boje-za-oslikavanje-lica\/mini-kistovi-za-boje-x-3\/","og_site_name":"Talenti.si","article_modified_time":"2024-11-11T14:20:03+00:00","og_image":[{"width":143,"height":249,"url":"https:\/\/talenti.si\/wp-content\/uploads\/2022\/01\/image002.jpg","type":"image\/jpeg"}],"twitter_card":"summary_large_image","schema":{"@context":"https:\/\/schema.org","@graph":[{"@type":"WebPage","@id":"https:\/\/talenti.si\/hr\/razno-hr\/boje-za-oslikavanje-lica\/mini-kistovi-za-boje-x-3\/","url":"https:\/\/talenti.si\/hr\/razno-hr\/boje-za-oslikavanje-lica\/mini-kistovi-za-boje-x-3\/","name":"Mini kistovi za boje x 3","isPartOf":{"@id":"https:\/\/talenti.si\/hr\/#website"},"primaryImageOfPage":{"@id":"https:\/\/talenti.si\/hr\/razno-hr\/boje-za-oslikavanje-lica\/mini-kistovi-za-boje-x-3\/#primaryimage"},"image":{"@id":"https:\/\/talenti.si\/hr\/razno-hr\/boje-za-oslikavanje-lica\/mini-kistovi-za-boje-x-3\/#primaryimage"},"thumbnailUrl":"https:\/\/talenti.si\/wp-content\/uploads\/2022\/01\/image002.jpg","datePublished":"2012-05-15T23:28:15+00:00","dateModified":"2024-11-11T14:20:03+00:00","description":"Set sadr\u017ei 3 mini kisti\u0107a razli\u010ditih \u0161irina od najtanjeg za precizno nano\u0161enje boje do naj\u0161irega za ve\u0107e detalje. Za nano\u0161enje ve\u0107ih povr\u0161ina boje preporu\u010dujemo set spu\u017evica.","breadcrumb":{"@id":"https:\/\/talenti.si\/hr\/razno-hr\/boje-za-oslikavanje-lica\/mini-kistovi-za-boje-x-3\/#breadcrumb"},"inLanguage":"hr","potentialAction":[{"@type":"ReadAction","target":["https:\/\/talenti.si\/hr\/razno-hr\/boje-za-oslikavanje-lica\/mini-kistovi-za-boje-x-3\/"]}]},{"@type":"ImageObject","inLanguage":"hr","@id":"https:\/\/talenti.si\/hr\/razno-hr\/boje-za-oslikavanje-lica\/mini-kistovi-za-boje-x-3\/#primaryimage","url":"https:\/\/talenti.si\/wp-content\/uploads\/2022\/01\/image002.jpg","contentUrl":"https:\/\/talenti.si\/wp-content\/uploads\/2022\/01\/image002.jpg","width":143,"height":249},{"@type":"BreadcrumbList","@id":"https:\/\/talenti.si\/hr\/razno-hr\/boje-za-oslikavanje-lica\/mini-kistovi-za-boje-x-3\/#breadcrumb","itemListElement":[{"@type":"ListItem","position":1,"name":"Home","item":"https:\/\/talenti.si\/hr\/"},{"@type":"ListItem","position":2,"name":"Trgovina","item":"https:\/\/talenti.si\/hr\/shop\/"},{"@type":"ListItem","position":3,"name":"Mini kistovi za boje x 3"}]},{"@type":"WebSite","@id":"https:\/\/talenti.si\/hr\/#website","url":"https:\/\/talenti.si\/hr\/","name":"Talenti.si","description":"Spletna trgovina za vse \u017eonglerje in podobne talente. Vse za \u017eongliranje, yoyo, frizbi, bumerang, kite... in \u0161e in \u0161e.","publisher":{"@id":"https:\/\/talenti.si\/hr\/#organization"},"potentialAction":[{"@type":"SearchAction","target":{"@type":"EntryPoint","urlTemplate":"https:\/\/talenti.si\/hr\/?s={search_term_string}"},"query-input":{"@type":"PropertyValueSpecification","valueRequired":true,"valueName":"search_term_string"}}],"inLanguage":"hr"},{"@type":"Organization","@id":"https:\/\/talenti.si\/hr\/#organization","name":"Talenti.si","url":"https:\/\/talenti.si\/hr\/","logo":{"@type":"ImageObject","inLanguage":"hr","@id":"https:\/\/talenti.si\/hr\/#\/schema\/logo\/image\/","url":"https:\/\/talenti.si\/wp-content\/uploads\/2021\/12\/logo-talent-pravi-dark.png","contentUrl":"https:\/\/talenti.si\/wp-content\/uploads\/2021\/12\/logo-talent-pravi-dark.png","width":145,"height":83,"caption":"Talenti.si"},"image":{"@id":"https:\/\/talenti.si\/hr\/#\/schema\/logo\/image\/"}}]}},"brands":[{"id":2050,"name":"Fantasy","slug":"fantasy-hr"}],"_links":{"self":[{"href":"https:\/\/talenti.si\/hr\/wp-json\/wp\/v2\/product\/28106","targetHints":{"allow":["GET"]}}],"collection":[{"href":"https:\/\/talenti.si\/hr\/wp-json\/wp\/v2\/product"}],"about":[{"href":"https:\/\/talenti.si\/hr\/wp-json\/wp\/v2\/types\/product"}],"replies":[{"embeddable":true,"href":"https:\/\/talenti.si\/hr\/wp-json\/wp\/v2\/comments?post=28106"}],"wp:featuredmedia":[{"embeddable":true,"href":"https:\/\/talenti.si\/hr\/wp-json\/wp\/v2\/media\/14219"}],"wp:attachment":[{"href":"https:\/\/talenti.si\/hr\/wp-json\/wp\/v2\/media?parent=28106"}],"wp:term":[{"taxonomy":"pwb-brand","embeddable":true,"href":"https:\/\/talenti.si\/hr\/wp-json\/wp\/v2\/pwb-brand?post=28106"},{"taxonomy":"product_brand","embeddable":true,"href":"https:\/\/talenti.si\/hr\/wp-json\/wp\/v2\/product_brand?post=28106"},{"taxonomy":"product_cat","embeddable":true,"href":"https:\/\/talenti.si\/hr\/wp-json\/wp\/v2\/product_cat?post=28106"},{"taxonomy":"product_tag","embeddable":true,"href":"https:\/\/talenti.si\/hr\/wp-json\/wp\/v2\/product_tag?post=28106"}],"curies":[{"name":"wp","href":"https:\/\/api.w.org\/{rel}","templated":true}]}}