{"id":28401,"date":"2023-02-22T08:34:54","date_gmt":"2023-02-22T08:34:54","guid":{"rendered":"https:\/\/talenti.si\/Bez kategorije\/star-wars-kaciga-darth-vader-sastavljen-model\/"},"modified":"2023-02-22T08:34:54","modified_gmt":"2023-02-22T08:34:54","slug":"star-wars-kaciga-darth-vader-sastavljen-model","status":"publish","type":"product","link":"https:\/\/talenti.si\/hr\/razno-hr\/metalne-minijaturne-replike-metal-earth\/star-wars-kaciga-darth-vader-sastavljen-model\/","title":{"rendered":"Star Wars kaciga Darth Vader &#8211; sastavljen model"},"content":{"rendered":"<p><strong>Metal Earth &#8211; nevjerojatni DIY modeli<\/strong><\/p>\n<p>3D funkcionalni modeli izra\u0111eni od nehr\u0111aju\u0107eg <strong>\u010delika<\/strong> visokog sjaja. Metalne dijelove koji su izrezani laserom jednostavno istisnite s metalne plo\u010de i spojite ih <strong>bez ljepljenja<\/strong>. Svaki model prikazuje nevjerojatnu vjernost detaljima. Elegantne kolekcionarske stvari &#8211; savr\u0161en ukras za dnevni boravak i ured.<\/p>\n<p>Darth Vader vjerojatno je jedan od najpoznatijih negativaca iz popularne znanstvenofantasti\u010dne trilogije Ratovi zvijezda. Njegovo pravo ime je Anakin, ali kada se okrene na mra\u010dnu stranu, njegov prepoznatljivi znak postaje crno odijelo, \u010diji je najva\u017eniji dio kaciga koja mu poma\u017ee pri disanju, a sastoji se od za\u0161titne vratne nau\u0161nice, primarne maske i vanjska ljuska.<\/p>\n<p><iframe loading=\"lazy\" class=\"note-video-clip\" src=\"\/\/www.youtube.com\/embed\/Q-ThMtXqktQ\" width=\"640\" height=\"360\" frameborder=\"0\" data-mce-fragment=\"1\"><\/iframe><\/p>\n<p><strong>Karakteristike:<\/strong><\/p>\n<ul>\n<li>Sastavljen model<\/li>\n<li>Dimenzije: <strong>5,7<\/strong> x <strong>5,3<\/strong> x <strong>6,7<\/strong> cm<\/li>\n<li>Materijali &#8211; <strong>\u010delik<\/strong><\/li>\n<li>Prikladna dob: <strong>14+<\/strong><\/li>\n<li>Proizvod nije igra\u010dka!<\/li>\n<\/ul>\n<p><strong style=\"font-size: 10px;\">UPOZORENJE!<\/strong><span style=\"font-size: 10px;\"> <\/span><span style=\"font-size: 10px;\">Artikel nije prikladan za djecu mla\u0111u od 3 godine. Mali dijelovi su opasni jer ih se mo\u017ee udahnuti ili progutati. Prije nego \u0161to predate proizvod djetetu, uklonite sve dijelove ambala\u017ee. Spremite te informacije za kasniju upotrebu.<\/span><\/p>\n","protected":false},"excerpt":{"rendered":"<p>Metal Earth &#8211; nevjerojatni DIY modeli 3D funkcionalni modeli izra\u0111eni od nehr\u0111aju\u0107eg \u010delika visokog sjaja. Metalne dijelove koji su izrezani laserom jednostavno istisnite s metalne plo\u010de i spojite ih bez ljepljenja. Svaki model prikazuje nevjerojatnu vjernost detaljima. Elegantne kolekcionarske stvari &#8211; savr\u0161en ukras za dnevni boravak i ured. Darth Vader vjerojatno je jedan od najpoznatijih [&hellip;]<\/p>\n","protected":false},"featured_media":21755,"comment_status":"open","ping_status":"closed","template":"","meta":{"_acf_changed":false},"pwb-brand":[2084],"product_brand":[],"product_cat":[1748],"product_tag":[3615,3616,3617,3618],"class_list":{"0":"post-28401","1":"product","2":"type-product","3":"status-publish","4":"has-post-thumbnail","6":"pwb-brand-metal-earth-hr","7":"product_cat-metalne-minijaturne-replike-metal-earth","8":"product_tag-metal-earth-hr","9":"product_tag-metalne","10":"product_tag-replike-hr","11":"product_tag-star-wars-hr","13":"first","14":"instock","15":"taxable","16":"shipping-taxable","17":"purchasable","18":"product-type-simple"},"acf":[],"yoast_head":"<!-- This site is optimized with the Yoast SEO plugin v25.8 - https:\/\/yoast.com\/wordpress\/plugins\/seo\/ -->\n<title>Star Wars kaciga Darth Vader - sastavljen model - Talenti.si<\/title>\n<meta name=\"description\" content=\"Metal Earth - nevjerojatni DIY modeli\" \/>\n<meta name=\"robots\" content=\"index, follow, max-snippet:-1, max-image-preview:large, max-video-preview:-1\" \/>\n<link rel=\"canonical\" href=\"https:\/\/talenti.si\/hr\/razno-hr\/metalne-minijaturne-replike-metal-earth\/star-wars-kaciga-darth-vader-sastavljen-model\/\" \/>\n<meta property=\"og:locale\" content=\"hr_HR\" \/>\n<meta property=\"og:type\" content=\"article\" \/>\n<meta property=\"og:title\" content=\"Star Wars kaciga Darth Vader - sastavljen model - Talenti.si\" \/>\n<meta property=\"og:description\" content=\"Metal Earth - nevjerojatni DIY modeli\" \/>\n<meta property=\"og:url\" content=\"https:\/\/talenti.si\/hr\/razno-hr\/metalne-minijaturne-replike-metal-earth\/star-wars-kaciga-darth-vader-sastavljen-model\/\" \/>\n<meta property=\"og:site_name\" content=\"Talenti.si\" \/>\n<meta property=\"og:image\" content=\"https:\/\/talenti.si\/wp-content\/uploads\/2023\/02\/vojna-zvezd-darth-varder.jpg\" \/>\n\t<meta property=\"og:image:width\" content=\"1080\" \/>\n\t<meta property=\"og:image:height\" content=\"1080\" \/>\n\t<meta property=\"og:image:type\" content=\"image\/jpeg\" \/>\n<meta name=\"twitter:card\" content=\"summary_large_image\" \/>\n<meta name=\"twitter:label1\" content=\"Procijenjeno vrijeme \u010ditanja\" \/>\n\t<meta name=\"twitter:data1\" content=\"1 minuta\" \/>\n<script type=\"application\/ld+json\" class=\"yoast-schema-graph\">{\"@context\":\"https:\/\/schema.org\",\"@graph\":[{\"@type\":\"WebPage\",\"@id\":\"https:\/\/talenti.si\/hr\/razno-hr\/metalne-minijaturne-replike-metal-earth\/star-wars-kaciga-darth-vader-sastavljen-model\/\",\"url\":\"https:\/\/talenti.si\/hr\/razno-hr\/metalne-minijaturne-replike-metal-earth\/star-wars-kaciga-darth-vader-sastavljen-model\/\",\"name\":\"Star Wars kaciga Darth Vader - sastavljen model - Talenti.si\",\"isPartOf\":{\"@id\":\"https:\/\/talenti.si\/hr\/#website\"},\"primaryImageOfPage\":{\"@id\":\"https:\/\/talenti.si\/hr\/razno-hr\/metalne-minijaturne-replike-metal-earth\/star-wars-kaciga-darth-vader-sastavljen-model\/#primaryimage\"},\"image\":{\"@id\":\"https:\/\/talenti.si\/hr\/razno-hr\/metalne-minijaturne-replike-metal-earth\/star-wars-kaciga-darth-vader-sastavljen-model\/#primaryimage\"},\"thumbnailUrl\":\"https:\/\/talenti.si\/wp-content\/uploads\/2023\/02\/vojna-zvezd-darth-varder.jpg\",\"datePublished\":\"2023-02-22T08:34:54+00:00\",\"description\":\"Metal Earth - nevjerojatni DIY modeli\",\"breadcrumb\":{\"@id\":\"https:\/\/talenti.si\/hr\/razno-hr\/metalne-minijaturne-replike-metal-earth\/star-wars-kaciga-darth-vader-sastavljen-model\/#breadcrumb\"},\"inLanguage\":\"hr\",\"potentialAction\":[{\"@type\":\"ReadAction\",\"target\":[\"https:\/\/talenti.si\/hr\/razno-hr\/metalne-minijaturne-replike-metal-earth\/star-wars-kaciga-darth-vader-sastavljen-model\/\"]}]},{\"@type\":\"ImageObject\",\"inLanguage\":\"hr\",\"@id\":\"https:\/\/talenti.si\/hr\/razno-hr\/metalne-minijaturne-replike-metal-earth\/star-wars-kaciga-darth-vader-sastavljen-model\/#primaryimage\",\"url\":\"https:\/\/talenti.si\/wp-content\/uploads\/2023\/02\/vojna-zvezd-darth-varder.jpg\",\"contentUrl\":\"https:\/\/talenti.si\/wp-content\/uploads\/2023\/02\/vojna-zvezd-darth-varder.jpg\",\"width\":1080,\"height\":1080},{\"@type\":\"BreadcrumbList\",\"@id\":\"https:\/\/talenti.si\/hr\/razno-hr\/metalne-minijaturne-replike-metal-earth\/star-wars-kaciga-darth-vader-sastavljen-model\/#breadcrumb\",\"itemListElement\":[{\"@type\":\"ListItem\",\"position\":1,\"name\":\"Home\",\"item\":\"https:\/\/talenti.si\/hr\/\"},{\"@type\":\"ListItem\",\"position\":2,\"name\":\"Trgovina\",\"item\":\"https:\/\/talenti.si\/hr\/shop\/\"},{\"@type\":\"ListItem\",\"position\":3,\"name\":\"Star Wars kaciga Darth Vader &#8211; sastavljen model\"}]},{\"@type\":\"WebSite\",\"@id\":\"https:\/\/talenti.si\/hr\/#website\",\"url\":\"https:\/\/talenti.si\/hr\/\",\"name\":\"Talenti.si\",\"description\":\"Spletna trgovina za vse \u017eonglerje in podobne talente. Vse za \u017eongliranje, yoyo, frizbi, bumerang, kite... in \u0161e in \u0161e.\",\"publisher\":{\"@id\":\"https:\/\/talenti.si\/hr\/#organization\"},\"potentialAction\":[{\"@type\":\"SearchAction\",\"target\":{\"@type\":\"EntryPoint\",\"urlTemplate\":\"https:\/\/talenti.si\/hr\/?s={search_term_string}\"},\"query-input\":{\"@type\":\"PropertyValueSpecification\",\"valueRequired\":true,\"valueName\":\"search_term_string\"}}],\"inLanguage\":\"hr\"},{\"@type\":\"Organization\",\"@id\":\"https:\/\/talenti.si\/hr\/#organization\",\"name\":\"Talenti.si\",\"url\":\"https:\/\/talenti.si\/hr\/\",\"logo\":{\"@type\":\"ImageObject\",\"inLanguage\":\"hr\",\"@id\":\"https:\/\/talenti.si\/hr\/#\/schema\/logo\/image\/\",\"url\":\"https:\/\/talenti.si\/wp-content\/uploads\/2021\/12\/logo-talent-pravi-dark.png\",\"contentUrl\":\"https:\/\/talenti.si\/wp-content\/uploads\/2021\/12\/logo-talent-pravi-dark.png\",\"width\":145,\"height\":83,\"caption\":\"Talenti.si\"},\"image\":{\"@id\":\"https:\/\/talenti.si\/hr\/#\/schema\/logo\/image\/\"}}]}<\/script>\n<!-- \/ Yoast SEO plugin. -->","yoast_head_json":{"title":"Star Wars kaciga Darth Vader - sastavljen model - Talenti.si","description":"Metal Earth - nevjerojatni DIY modeli","robots":{"index":"index","follow":"follow","max-snippet":"max-snippet:-1","max-image-preview":"max-image-preview:large","max-video-preview":"max-video-preview:-1"},"canonical":"https:\/\/talenti.si\/hr\/razno-hr\/metalne-minijaturne-replike-metal-earth\/star-wars-kaciga-darth-vader-sastavljen-model\/","og_locale":"hr_HR","og_type":"article","og_title":"Star Wars kaciga Darth Vader - sastavljen model - Talenti.si","og_description":"Metal Earth - nevjerojatni DIY modeli","og_url":"https:\/\/talenti.si\/hr\/razno-hr\/metalne-minijaturne-replike-metal-earth\/star-wars-kaciga-darth-vader-sastavljen-model\/","og_site_name":"Talenti.si","og_image":[{"width":1080,"height":1080,"url":"https:\/\/talenti.si\/wp-content\/uploads\/2023\/02\/vojna-zvezd-darth-varder.jpg","type":"image\/jpeg"}],"twitter_card":"summary_large_image","twitter_misc":{"Procijenjeno vrijeme \u010ditanja":"1 minuta"},"schema":{"@context":"https:\/\/schema.org","@graph":[{"@type":"WebPage","@id":"https:\/\/talenti.si\/hr\/razno-hr\/metalne-minijaturne-replike-metal-earth\/star-wars-kaciga-darth-vader-sastavljen-model\/","url":"https:\/\/talenti.si\/hr\/razno-hr\/metalne-minijaturne-replike-metal-earth\/star-wars-kaciga-darth-vader-sastavljen-model\/","name":"Star Wars kaciga Darth Vader - sastavljen model - Talenti.si","isPartOf":{"@id":"https:\/\/talenti.si\/hr\/#website"},"primaryImageOfPage":{"@id":"https:\/\/talenti.si\/hr\/razno-hr\/metalne-minijaturne-replike-metal-earth\/star-wars-kaciga-darth-vader-sastavljen-model\/#primaryimage"},"image":{"@id":"https:\/\/talenti.si\/hr\/razno-hr\/metalne-minijaturne-replike-metal-earth\/star-wars-kaciga-darth-vader-sastavljen-model\/#primaryimage"},"thumbnailUrl":"https:\/\/talenti.si\/wp-content\/uploads\/2023\/02\/vojna-zvezd-darth-varder.jpg","datePublished":"2023-02-22T08:34:54+00:00","description":"Metal Earth - nevjerojatni DIY modeli","breadcrumb":{"@id":"https:\/\/talenti.si\/hr\/razno-hr\/metalne-minijaturne-replike-metal-earth\/star-wars-kaciga-darth-vader-sastavljen-model\/#breadcrumb"},"inLanguage":"hr","potentialAction":[{"@type":"ReadAction","target":["https:\/\/talenti.si\/hr\/razno-hr\/metalne-minijaturne-replike-metal-earth\/star-wars-kaciga-darth-vader-sastavljen-model\/"]}]},{"@type":"ImageObject","inLanguage":"hr","@id":"https:\/\/talenti.si\/hr\/razno-hr\/metalne-minijaturne-replike-metal-earth\/star-wars-kaciga-darth-vader-sastavljen-model\/#primaryimage","url":"https:\/\/talenti.si\/wp-content\/uploads\/2023\/02\/vojna-zvezd-darth-varder.jpg","contentUrl":"https:\/\/talenti.si\/wp-content\/uploads\/2023\/02\/vojna-zvezd-darth-varder.jpg","width":1080,"height":1080},{"@type":"BreadcrumbList","@id":"https:\/\/talenti.si\/hr\/razno-hr\/metalne-minijaturne-replike-metal-earth\/star-wars-kaciga-darth-vader-sastavljen-model\/#breadcrumb","itemListElement":[{"@type":"ListItem","position":1,"name":"Home","item":"https:\/\/talenti.si\/hr\/"},{"@type":"ListItem","position":2,"name":"Trgovina","item":"https:\/\/talenti.si\/hr\/shop\/"},{"@type":"ListItem","position":3,"name":"Star Wars kaciga Darth Vader &#8211; sastavljen model"}]},{"@type":"WebSite","@id":"https:\/\/talenti.si\/hr\/#website","url":"https:\/\/talenti.si\/hr\/","name":"Talenti.si","description":"Spletna trgovina za vse \u017eonglerje in podobne talente. Vse za \u017eongliranje, yoyo, frizbi, bumerang, kite... in \u0161e in \u0161e.","publisher":{"@id":"https:\/\/talenti.si\/hr\/#organization"},"potentialAction":[{"@type":"SearchAction","target":{"@type":"EntryPoint","urlTemplate":"https:\/\/talenti.si\/hr\/?s={search_term_string}"},"query-input":{"@type":"PropertyValueSpecification","valueRequired":true,"valueName":"search_term_string"}}],"inLanguage":"hr"},{"@type":"Organization","@id":"https:\/\/talenti.si\/hr\/#organization","name":"Talenti.si","url":"https:\/\/talenti.si\/hr\/","logo":{"@type":"ImageObject","inLanguage":"hr","@id":"https:\/\/talenti.si\/hr\/#\/schema\/logo\/image\/","url":"https:\/\/talenti.si\/wp-content\/uploads\/2021\/12\/logo-talent-pravi-dark.png","contentUrl":"https:\/\/talenti.si\/wp-content\/uploads\/2021\/12\/logo-talent-pravi-dark.png","width":145,"height":83,"caption":"Talenti.si"},"image":{"@id":"https:\/\/talenti.si\/hr\/#\/schema\/logo\/image\/"}}]}},"brands":[{"id":2084,"name":"Metal Earth","slug":"metal-earth-hr"}],"_links":{"self":[{"href":"https:\/\/talenti.si\/hr\/wp-json\/wp\/v2\/product\/28401","targetHints":{"allow":["GET"]}}],"collection":[{"href":"https:\/\/talenti.si\/hr\/wp-json\/wp\/v2\/product"}],"about":[{"href":"https:\/\/talenti.si\/hr\/wp-json\/wp\/v2\/types\/product"}],"replies":[{"embeddable":true,"href":"https:\/\/talenti.si\/hr\/wp-json\/wp\/v2\/comments?post=28401"}],"wp:featuredmedia":[{"embeddable":true,"href":"https:\/\/talenti.si\/hr\/wp-json\/wp\/v2\/media\/21755"}],"wp:attachment":[{"href":"https:\/\/talenti.si\/hr\/wp-json\/wp\/v2\/media?parent=28401"}],"wp:term":[{"taxonomy":"pwb-brand","embeddable":true,"href":"https:\/\/talenti.si\/hr\/wp-json\/wp\/v2\/pwb-brand?post=28401"},{"taxonomy":"product_brand","embeddable":true,"href":"https:\/\/talenti.si\/hr\/wp-json\/wp\/v2\/product_brand?post=28401"},{"taxonomy":"product_cat","embeddable":true,"href":"https:\/\/talenti.si\/hr\/wp-json\/wp\/v2\/product_cat?post=28401"},{"taxonomy":"product_tag","embeddable":true,"href":"https:\/\/talenti.si\/hr\/wp-json\/wp\/v2\/product_tag?post=28401"}],"curies":[{"name":"wp","href":"https:\/\/api.w.org\/{rel}","templated":true}]}}