{"id":28879,"date":"2016-07-23T12:43:47","date_gmt":"2016-07-23T12:43:47","guid":{"rendered":"https:\/\/talenti.si\/Bez kategorije\/v-cube-7-zaobljena\/"},"modified":"2016-07-23T12:43:47","modified_gmt":"2016-07-23T12:43:47","slug":"v-cube-7-zaobljena","status":"publish","type":"product","link":"https:\/\/talenti.si\/hr\/razno-hr\/rubikove-i-slicne-kocke\/v-cube-7-zaobljena\/","title":{"rendered":"V-Cube 7 Zaobljena"},"content":{"rendered":"<p>V-CUBE 7 ima 1,95*10160 mogu\u0107ih permutacija i te\u017ei 320g! Sastoji se od 218 kockica i \u010dvrstog kri\u017ea za podupiranje njihove neovisne rotacije na temeljnim osima.<\/p>\n<p>Odli\u010dan mehanizam omogu\u0107uje lagano okretanje bez zaglavljivanja. Ova kocka ima jedinstven oblik sa zaobljenim rubovima.<\/p>\n<p><iframe loading=\"lazy\" class=\"note-video-clip\" src=\"\/\/www.youtube.com\/embed\/fk6tIQDj2tM\" width=\"640\" height=\"360\" frameborder=\"0\"><\/iframe><\/p>\n<p><strong style=\"font-size: 10px;\">UPOZORENJE!<\/strong><span style=\"font-size: 10px;\"> <\/span><span style=\"font-size: 10px;\">Artikel nije prikladan za djecu mla\u0111u od 3 godine. Mali dijelovi su opasni jer ih se mo\u017ee udahnuti ili progutati. Prije nego \u0161to predate proizvod djetetu, uklonite sve dijelove ambala\u017ee. Spremite te informacije za kasniju upotrebu.<\/span><\/p>\n","protected":false},"excerpt":{"rendered":"<p>V-CUBE 7 ima 1,95*10160 mogu\u0107ih permutacija i te\u017ei 320g! Sastoji se od 218 kockica i \u010dvrstog kri\u017ea za podupiranje njihove neovisne rotacije na temeljnim osima. Odli\u010dan mehanizam omogu\u0107uje lagano okretanje bez zaglavljivanja. Ova kocka ima jedinstven oblik sa zaobljenim rubovima. UPOZORENJE! Artikel nije prikladan za djecu mla\u0111u od 3 godine. Mali dijelovi su opasni jer [&hellip;]<\/p>\n","protected":false},"featured_media":14690,"comment_status":"open","ping_status":"closed","template":"","meta":{"_acf_changed":false},"pwb-brand":[2114],"product_brand":[],"product_cat":[1763],"product_tag":[3055,3843],"class_list":{"0":"post-28879","1":"product","2":"type-product","3":"status-publish","4":"has-post-thumbnail","6":"pwb-brand-v-cubes-hr","7":"product_cat-rubikove-i-slicne-kocke","8":"product_tag-kocka-hr","9":"product_tag-v-cubes-hr","11":"first","12":"instock","13":"taxable","14":"shipping-taxable","15":"purchasable","16":"product-type-variable"},"acf":[],"yoast_head":"<!-- This site is optimized with the Yoast SEO plugin v25.8 - https:\/\/yoast.com\/wordpress\/plugins\/seo\/ -->\n<title>V-Cube 7x7x7<\/title>\n<meta name=\"description\" content=\"V-CUBE 7 ima 1,95*10160 mogu\u0107ih permutacija i te\u017ei 320g! Sastoji se od 218 kockica i \u010dvrstog kri\u017ea za podupiranje njihove neovisne rotacije na temeljnim osima. Odli\u010dan mehanizam omogu\u0107uje lagano okretanje bez zaglavljivanja.\" \/>\n<meta name=\"robots\" content=\"index, follow, max-snippet:-1, max-image-preview:large, max-video-preview:-1\" \/>\n<link rel=\"canonical\" href=\"https:\/\/talenti.si\/hr\/razno-hr\/rubikove-i-slicne-kocke\/v-cube-7-zaobljena\/\" \/>\n<meta property=\"og:locale\" content=\"hr_HR\" \/>\n<meta property=\"og:type\" content=\"article\" \/>\n<meta property=\"og:title\" content=\"V-Cube 7x7x7\" \/>\n<meta property=\"og:description\" content=\"V-CUBE 7 ima 1,95*10160 mogu\u0107ih permutacija i te\u017ei 320g! Sastoji se od 218 kockica i \u010dvrstog kri\u017ea za podupiranje njihove neovisne rotacije na temeljnim osima. Odli\u010dan mehanizam omogu\u0107uje lagano okretanje bez zaglavljivanja.\" \/>\n<meta property=\"og:url\" content=\"https:\/\/talenti.si\/hr\/razno-hr\/rubikove-i-slicne-kocke\/v-cube-7-zaobljena\/\" \/>\n<meta property=\"og:site_name\" content=\"Talenti.si\" \/>\n<meta property=\"og:image\" content=\"https:\/\/talenti.si\/wp-content\/uploads\/2022\/01\/7x7-zaoblena-bela.jpg\" \/>\n\t<meta property=\"og:image:width\" content=\"760\" \/>\n\t<meta property=\"og:image:height\" content=\"820\" \/>\n\t<meta property=\"og:image:type\" content=\"image\/jpeg\" \/>\n<meta name=\"twitter:card\" content=\"summary_large_image\" \/>\n<script type=\"application\/ld+json\" class=\"yoast-schema-graph\">{\"@context\":\"https:\/\/schema.org\",\"@graph\":[{\"@type\":\"WebPage\",\"@id\":\"https:\/\/talenti.si\/hr\/razno-hr\/rubikove-i-slicne-kocke\/v-cube-7-zaobljena\/\",\"url\":\"https:\/\/talenti.si\/hr\/razno-hr\/rubikove-i-slicne-kocke\/v-cube-7-zaobljena\/\",\"name\":\"V-Cube 7x7x7\",\"isPartOf\":{\"@id\":\"https:\/\/talenti.si\/hr\/#website\"},\"primaryImageOfPage\":{\"@id\":\"https:\/\/talenti.si\/hr\/razno-hr\/rubikove-i-slicne-kocke\/v-cube-7-zaobljena\/#primaryimage\"},\"image\":{\"@id\":\"https:\/\/talenti.si\/hr\/razno-hr\/rubikove-i-slicne-kocke\/v-cube-7-zaobljena\/#primaryimage\"},\"thumbnailUrl\":\"https:\/\/talenti.si\/wp-content\/uploads\/2022\/01\/7x7-zaoblena-bela.jpg\",\"datePublished\":\"2016-07-23T12:43:47+00:00\",\"description\":\"V-CUBE 7 ima 1,95*10160 mogu\u0107ih permutacija i te\u017ei 320g! Sastoji se od 218 kockica i \u010dvrstog kri\u017ea za podupiranje njihove neovisne rotacije na temeljnim osima. Odli\u010dan mehanizam omogu\u0107uje lagano okretanje bez zaglavljivanja.\",\"breadcrumb\":{\"@id\":\"https:\/\/talenti.si\/hr\/razno-hr\/rubikove-i-slicne-kocke\/v-cube-7-zaobljena\/#breadcrumb\"},\"inLanguage\":\"hr\",\"potentialAction\":[{\"@type\":\"ReadAction\",\"target\":[\"https:\/\/talenti.si\/hr\/razno-hr\/rubikove-i-slicne-kocke\/v-cube-7-zaobljena\/\"]}]},{\"@type\":\"ImageObject\",\"inLanguage\":\"hr\",\"@id\":\"https:\/\/talenti.si\/hr\/razno-hr\/rubikove-i-slicne-kocke\/v-cube-7-zaobljena\/#primaryimage\",\"url\":\"https:\/\/talenti.si\/wp-content\/uploads\/2022\/01\/7x7-zaoblena-bela.jpg\",\"contentUrl\":\"https:\/\/talenti.si\/wp-content\/uploads\/2022\/01\/7x7-zaoblena-bela.jpg\",\"width\":760,\"height\":820},{\"@type\":\"BreadcrumbList\",\"@id\":\"https:\/\/talenti.si\/hr\/razno-hr\/rubikove-i-slicne-kocke\/v-cube-7-zaobljena\/#breadcrumb\",\"itemListElement\":[{\"@type\":\"ListItem\",\"position\":1,\"name\":\"Home\",\"item\":\"https:\/\/talenti.si\/hr\/\"},{\"@type\":\"ListItem\",\"position\":2,\"name\":\"Trgovina\",\"item\":\"https:\/\/talenti.si\/hr\/shop\/\"},{\"@type\":\"ListItem\",\"position\":3,\"name\":\"V-Cube 7 Zaobljena\"}]},{\"@type\":\"WebSite\",\"@id\":\"https:\/\/talenti.si\/hr\/#website\",\"url\":\"https:\/\/talenti.si\/hr\/\",\"name\":\"Talenti.si\",\"description\":\"Spletna trgovina za vse \u017eonglerje in podobne talente. Vse za \u017eongliranje, yoyo, frizbi, bumerang, kite... in \u0161e in \u0161e.\",\"publisher\":{\"@id\":\"https:\/\/talenti.si\/hr\/#organization\"},\"potentialAction\":[{\"@type\":\"SearchAction\",\"target\":{\"@type\":\"EntryPoint\",\"urlTemplate\":\"https:\/\/talenti.si\/hr\/?s={search_term_string}\"},\"query-input\":{\"@type\":\"PropertyValueSpecification\",\"valueRequired\":true,\"valueName\":\"search_term_string\"}}],\"inLanguage\":\"hr\"},{\"@type\":\"Organization\",\"@id\":\"https:\/\/talenti.si\/hr\/#organization\",\"name\":\"Talenti.si\",\"url\":\"https:\/\/talenti.si\/hr\/\",\"logo\":{\"@type\":\"ImageObject\",\"inLanguage\":\"hr\",\"@id\":\"https:\/\/talenti.si\/hr\/#\/schema\/logo\/image\/\",\"url\":\"https:\/\/talenti.si\/wp-content\/uploads\/2021\/12\/logo-talent-pravi-dark.png\",\"contentUrl\":\"https:\/\/talenti.si\/wp-content\/uploads\/2021\/12\/logo-talent-pravi-dark.png\",\"width\":145,\"height\":83,\"caption\":\"Talenti.si\"},\"image\":{\"@id\":\"https:\/\/talenti.si\/hr\/#\/schema\/logo\/image\/\"}}]}<\/script>\n<!-- \/ Yoast SEO plugin. -->","yoast_head_json":{"title":"V-Cube 7x7x7","description":"V-CUBE 7 ima 1,95*10160 mogu\u0107ih permutacija i te\u017ei 320g! Sastoji se od 218 kockica i \u010dvrstog kri\u017ea za podupiranje njihove neovisne rotacije na temeljnim osima. Odli\u010dan mehanizam omogu\u0107uje lagano okretanje bez zaglavljivanja.","robots":{"index":"index","follow":"follow","max-snippet":"max-snippet:-1","max-image-preview":"max-image-preview:large","max-video-preview":"max-video-preview:-1"},"canonical":"https:\/\/talenti.si\/hr\/razno-hr\/rubikove-i-slicne-kocke\/v-cube-7-zaobljena\/","og_locale":"hr_HR","og_type":"article","og_title":"V-Cube 7x7x7","og_description":"V-CUBE 7 ima 1,95*10160 mogu\u0107ih permutacija i te\u017ei 320g! Sastoji se od 218 kockica i \u010dvrstog kri\u017ea za podupiranje njihove neovisne rotacije na temeljnim osima. Odli\u010dan mehanizam omogu\u0107uje lagano okretanje bez zaglavljivanja.","og_url":"https:\/\/talenti.si\/hr\/razno-hr\/rubikove-i-slicne-kocke\/v-cube-7-zaobljena\/","og_site_name":"Talenti.si","og_image":[{"width":760,"height":820,"url":"https:\/\/talenti.si\/wp-content\/uploads\/2022\/01\/7x7-zaoblena-bela.jpg","type":"image\/jpeg"}],"twitter_card":"summary_large_image","schema":{"@context":"https:\/\/schema.org","@graph":[{"@type":"WebPage","@id":"https:\/\/talenti.si\/hr\/razno-hr\/rubikove-i-slicne-kocke\/v-cube-7-zaobljena\/","url":"https:\/\/talenti.si\/hr\/razno-hr\/rubikove-i-slicne-kocke\/v-cube-7-zaobljena\/","name":"V-Cube 7x7x7","isPartOf":{"@id":"https:\/\/talenti.si\/hr\/#website"},"primaryImageOfPage":{"@id":"https:\/\/talenti.si\/hr\/razno-hr\/rubikove-i-slicne-kocke\/v-cube-7-zaobljena\/#primaryimage"},"image":{"@id":"https:\/\/talenti.si\/hr\/razno-hr\/rubikove-i-slicne-kocke\/v-cube-7-zaobljena\/#primaryimage"},"thumbnailUrl":"https:\/\/talenti.si\/wp-content\/uploads\/2022\/01\/7x7-zaoblena-bela.jpg","datePublished":"2016-07-23T12:43:47+00:00","description":"V-CUBE 7 ima 1,95*10160 mogu\u0107ih permutacija i te\u017ei 320g! Sastoji se od 218 kockica i \u010dvrstog kri\u017ea za podupiranje njihove neovisne rotacije na temeljnim osima. Odli\u010dan mehanizam omogu\u0107uje lagano okretanje bez zaglavljivanja.","breadcrumb":{"@id":"https:\/\/talenti.si\/hr\/razno-hr\/rubikove-i-slicne-kocke\/v-cube-7-zaobljena\/#breadcrumb"},"inLanguage":"hr","potentialAction":[{"@type":"ReadAction","target":["https:\/\/talenti.si\/hr\/razno-hr\/rubikove-i-slicne-kocke\/v-cube-7-zaobljena\/"]}]},{"@type":"ImageObject","inLanguage":"hr","@id":"https:\/\/talenti.si\/hr\/razno-hr\/rubikove-i-slicne-kocke\/v-cube-7-zaobljena\/#primaryimage","url":"https:\/\/talenti.si\/wp-content\/uploads\/2022\/01\/7x7-zaoblena-bela.jpg","contentUrl":"https:\/\/talenti.si\/wp-content\/uploads\/2022\/01\/7x7-zaoblena-bela.jpg","width":760,"height":820},{"@type":"BreadcrumbList","@id":"https:\/\/talenti.si\/hr\/razno-hr\/rubikove-i-slicne-kocke\/v-cube-7-zaobljena\/#breadcrumb","itemListElement":[{"@type":"ListItem","position":1,"name":"Home","item":"https:\/\/talenti.si\/hr\/"},{"@type":"ListItem","position":2,"name":"Trgovina","item":"https:\/\/talenti.si\/hr\/shop\/"},{"@type":"ListItem","position":3,"name":"V-Cube 7 Zaobljena"}]},{"@type":"WebSite","@id":"https:\/\/talenti.si\/hr\/#website","url":"https:\/\/talenti.si\/hr\/","name":"Talenti.si","description":"Spletna trgovina za vse \u017eonglerje in podobne talente. Vse za \u017eongliranje, yoyo, frizbi, bumerang, kite... in \u0161e in \u0161e.","publisher":{"@id":"https:\/\/talenti.si\/hr\/#organization"},"potentialAction":[{"@type":"SearchAction","target":{"@type":"EntryPoint","urlTemplate":"https:\/\/talenti.si\/hr\/?s={search_term_string}"},"query-input":{"@type":"PropertyValueSpecification","valueRequired":true,"valueName":"search_term_string"}}],"inLanguage":"hr"},{"@type":"Organization","@id":"https:\/\/talenti.si\/hr\/#organization","name":"Talenti.si","url":"https:\/\/talenti.si\/hr\/","logo":{"@type":"ImageObject","inLanguage":"hr","@id":"https:\/\/talenti.si\/hr\/#\/schema\/logo\/image\/","url":"https:\/\/talenti.si\/wp-content\/uploads\/2021\/12\/logo-talent-pravi-dark.png","contentUrl":"https:\/\/talenti.si\/wp-content\/uploads\/2021\/12\/logo-talent-pravi-dark.png","width":145,"height":83,"caption":"Talenti.si"},"image":{"@id":"https:\/\/talenti.si\/hr\/#\/schema\/logo\/image\/"}}]}},"brands":[{"id":2114,"name":"V-Cubes","slug":"v-cubes-hr"}],"_links":{"self":[{"href":"https:\/\/talenti.si\/hr\/wp-json\/wp\/v2\/product\/28879","targetHints":{"allow":["GET"]}}],"collection":[{"href":"https:\/\/talenti.si\/hr\/wp-json\/wp\/v2\/product"}],"about":[{"href":"https:\/\/talenti.si\/hr\/wp-json\/wp\/v2\/types\/product"}],"replies":[{"embeddable":true,"href":"https:\/\/talenti.si\/hr\/wp-json\/wp\/v2\/comments?post=28879"}],"wp:featuredmedia":[{"embeddable":true,"href":"https:\/\/talenti.si\/hr\/wp-json\/wp\/v2\/media\/14690"}],"wp:attachment":[{"href":"https:\/\/talenti.si\/hr\/wp-json\/wp\/v2\/media?parent=28879"}],"wp:term":[{"taxonomy":"pwb-brand","embeddable":true,"href":"https:\/\/talenti.si\/hr\/wp-json\/wp\/v2\/pwb-brand?post=28879"},{"taxonomy":"product_brand","embeddable":true,"href":"https:\/\/talenti.si\/hr\/wp-json\/wp\/v2\/product_brand?post=28879"},{"taxonomy":"product_cat","embeddable":true,"href":"https:\/\/talenti.si\/hr\/wp-json\/wp\/v2\/product_cat?post=28879"},{"taxonomy":"product_tag","embeddable":true,"href":"https:\/\/talenti.si\/hr\/wp-json\/wp\/v2\/product_tag?post=28879"}],"curies":[{"name":"wp","href":"https:\/\/api.w.org\/{rel}","templated":true}]}}