{"id":29562,"date":"2023-09-25T08:52:27","date_gmt":"2023-09-25T08:52:27","guid":{"rendered":"https:\/\/talenti.si\/?post_type=product&#038;p=29562"},"modified":"2023-12-15T17:13:23","modified_gmt":"2023-12-15T17:13:23","slug":"djecja-toaletna-torbica-melimelos","status":"publish","type":"product","link":"https:\/\/talenti.si\/hr\/razno-hr\/djecji-ruksaci-i-dodaci\/djecja-toaletna-torbica-melimelos\/","title":{"rendered":"Dje\u010dja toaletna torbica M\u00e9lim\u00e9los"},"content":{"rendered":"<p><strong>Francuski brend Les D\u00e9glingos idealan je za pratnju va\u0161eg mali\u0161ana u svakodnevnim avanturama!<\/strong><\/p>\n<p>Les D\u00e9glingos toaletna torbicom \u0107e pratiti va\u0161eg mali\u0161ana na svakom putovanju. Sastoji se od jednog velikog pretinca s patentnim zatvara\u010dem, a unutra, osim ogledala koje se mo\u017ee skinuti i kukice za vje\u0161anje, prona\u0107i \u0107ete mnogo malih d\u017eepova s \u200b\u200bpatentnim zatvara\u010dem ili mre\u017eicom, tako da mo\u017eete uredno pospremiti sve \u0161to vam treba. Na stra\u017enjoj strani nalazi se i poseban d\u017eep s patentnim zatvara\u010dem. Zahvaljuju\u0107i 600D poliesteru koji odbija vodu i prljav\u0161tinu, torba se lako \u010disti. Mo\u017ee poslu\u017eiti i kao izvrstan organizator u sobi, ali kada trebate i\u0107i, samo uhvatite ru\u010dku i spremni ste.<\/p>\n<div class=\"video-container responsive-embed widescreen\"><iframe loading=\"lazy\" title=\"Des sacs rigolos !\" width=\"900\" height=\"506\" src=\"https:\/\/www.youtube.com\/embed\/EHnAKWw-3eI?feature=oembed\" frameborder=\"0\" allow=\"accelerometer; autoplay; clipboard-write; encrypted-media; gyroscope; picture-in-picture; web-share\" allowfullscreen><\/iframe><\/div>\n<p><strong>Karakteristike:<\/strong><\/p>\n<ul>\n<li>Dimenzije: <b>28 <\/b>x <b>3 <\/b>x <b>21 <\/b>cm<\/li>\n<li>Materijali &#8211; <strong>reciklirani<\/strong> <strong>poliester<\/strong><\/li>\n<li>Upute za odr\u017eavanje: Ne prati, brisati vla\u017enom krpom i su\u0161iti na zraku<\/li>\n<li>Prikladna dob: <strong>2+<\/strong><\/li>\n<li>Proizvedeno <strong>u Francuskoj<\/strong><\/li>\n<\/ul>\n","protected":false},"excerpt":{"rendered":"<p>Francuski brend Les D\u00e9glingos idealan je za pratnju va\u0161eg mali\u0161ana u svakodnevnim avanturama! Les D\u00e9glingos toaletna torbicom \u0107e pratiti va\u0161eg mali\u0161ana na svakom putovanju. Sastoji se od jednog velikog pretinca s patentnim zatvara\u010dem, a unutra, osim ogledala koje se mo\u017ee skinuti i kukice za vje\u0161anje, prona\u0107i \u0107ete mnogo malih d\u017eepova s \u200b\u200bpatentnim zatvara\u010dem ili mre\u017eicom, [&hellip;]<\/p>\n","protected":false},"featured_media":29549,"comment_status":"open","ping_status":"closed","template":"","meta":{"_acf_changed":false},"pwb-brand":[2081],"product_brand":[],"product_cat":[1754],"product_tag":[3128,4022,3196,4023,3127,4024],"class_list":{"0":"post-29562","1":"product","2":"type-product","3":"status-publish","4":"has-post-thumbnail","6":"pwb-brand-les-deglingos-hr","7":"product_cat-djecji-ruksaci-i-dodaci","8":"product_tag-les-deglingos-hr","9":"product_tag-njega","10":"product_tag-setnja","11":"product_tag-toaletna-hr","12":"product_tag-torba-hr","13":"product_tag-torbica-hr","15":"first","16":"outofstock","17":"taxable","18":"shipping-taxable","19":"purchasable","20":"product-type-simple"},"acf":[],"yoast_head":"<!-- This site is optimized with the Yoast SEO plugin v25.8 - https:\/\/yoast.com\/wordpress\/plugins\/seo\/ -->\n<title>Dje\u010dja toaletna torbica M\u00e9lim\u00e9los - Talenti.si<\/title>\n<meta name=\"description\" content=\"Les D\u00e9glingos toaletna torbicom \u0107e pratiti va\u0161eg mali\u0161ana na svakom putovanju. Sastoji se od jednog velikog pretinca s patentnim zatvara\u010dem, a unutra, osim ogledala koje se mo\u017ee skinuti i kukice za vje\u0161anje, prona\u0107i \u0107ete mnogo malih d\u017eepova s \u200b\u200bpatentnim zatvara\u010dem ili mre\u017eicom, tako da mo\u017eete uredno pospremiti sve \u0161to vam treba. Na stra\u017enjoj strani nalazi se i poseban d\u017eep s patentnim zatvara\u010dem. Zahvaljuju\u0107i 600D poliesteru koji odbija vodu i prljav\u0161tinu, torba se lako \u010disti. Mo\u017ee poslu\u017eiti i kao izvrstan organizator u sobi, ali kada trebate i\u0107i, samo uhvatite ru\u010dku i spremni ste.\" \/>\n<meta name=\"robots\" content=\"index, follow, max-snippet:-1, max-image-preview:large, max-video-preview:-1\" \/>\n<link rel=\"canonical\" href=\"https:\/\/talenti.si\/hr\/razno-hr\/djecji-ruksaci-i-dodaci\/djecja-toaletna-torbica-melimelos\/\" \/>\n<meta property=\"og:locale\" content=\"hr_HR\" \/>\n<meta property=\"og:type\" content=\"article\" \/>\n<meta property=\"og:title\" content=\"Dje\u010dja toaletna torbica M\u00e9lim\u00e9los - Talenti.si\" \/>\n<meta property=\"og:description\" content=\"Les D\u00e9glingos toaletna torbicom \u0107e pratiti va\u0161eg mali\u0161ana na svakom putovanju. Sastoji se od jednog velikog pretinca s patentnim zatvara\u010dem, a unutra, osim ogledala koje se mo\u017ee skinuti i kukice za vje\u0161anje, prona\u0107i \u0107ete mnogo malih d\u017eepova s \u200b\u200bpatentnim zatvara\u010dem ili mre\u017eicom, tako da mo\u017eete uredno pospremiti sve \u0161to vam treba. Na stra\u017enjoj strani nalazi se i poseban d\u017eep s patentnim zatvara\u010dem. Zahvaljuju\u0107i 600D poliesteru koji odbija vodu i prljav\u0161tinu, torba se lako \u010disti. Mo\u017ee poslu\u017eiti i kao izvrstan organizator u sobi, ali kada trebate i\u0107i, samo uhvatite ru\u010dku i spremni ste.\" \/>\n<meta property=\"og:url\" content=\"https:\/\/talenti.si\/hr\/razno-hr\/djecji-ruksaci-i-dodaci\/djecja-toaletna-torbica-melimelos\/\" \/>\n<meta property=\"og:site_name\" content=\"Talenti.si\" \/>\n<meta property=\"article:modified_time\" content=\"2023-12-15T17:13:23+00:00\" \/>\n<meta property=\"og:image\" content=\"https:\/\/talenti.si\/wp-content\/uploads\/2023\/09\/toaletna-torbica-jelencek.webp\" \/>\n\t<meta property=\"og:image:width\" content=\"800\" \/>\n\t<meta property=\"og:image:height\" content=\"800\" \/>\n\t<meta property=\"og:image:type\" content=\"image\/webp\" \/>\n<meta name=\"twitter:card\" content=\"summary_large_image\" \/>\n<meta name=\"twitter:label1\" content=\"Procijenjeno vrijeme \u010ditanja\" \/>\n\t<meta name=\"twitter:data1\" content=\"1 minuta\" \/>\n<script type=\"application\/ld+json\" class=\"yoast-schema-graph\">{\"@context\":\"https:\/\/schema.org\",\"@graph\":[{\"@type\":\"WebPage\",\"@id\":\"https:\/\/talenti.si\/hr\/razno-hr\/djecji-ruksaci-i-dodaci\/djecja-toaletna-torbica-melimelos\/\",\"url\":\"https:\/\/talenti.si\/hr\/razno-hr\/djecji-ruksaci-i-dodaci\/djecja-toaletna-torbica-melimelos\/\",\"name\":\"Dje\u010dja toaletna torbica M\u00e9lim\u00e9los - Talenti.si\",\"isPartOf\":{\"@id\":\"https:\/\/talenti.si\/hr\/#website\"},\"primaryImageOfPage\":{\"@id\":\"https:\/\/talenti.si\/hr\/razno-hr\/djecji-ruksaci-i-dodaci\/djecja-toaletna-torbica-melimelos\/#primaryimage\"},\"image\":{\"@id\":\"https:\/\/talenti.si\/hr\/razno-hr\/djecji-ruksaci-i-dodaci\/djecja-toaletna-torbica-melimelos\/#primaryimage\"},\"thumbnailUrl\":\"https:\/\/talenti.si\/wp-content\/uploads\/2023\/09\/toaletna-torbica-jelencek.webp\",\"datePublished\":\"2023-09-25T08:52:27+00:00\",\"dateModified\":\"2023-12-15T17:13:23+00:00\",\"description\":\"Les D\u00e9glingos toaletna torbicom \u0107e pratiti va\u0161eg mali\u0161ana na svakom putovanju. Sastoji se od jednog velikog pretinca s patentnim zatvara\u010dem, a unutra, osim ogledala koje se mo\u017ee skinuti i kukice za vje\u0161anje, prona\u0107i \u0107ete mnogo malih d\u017eepova s \u200b\u200bpatentnim zatvara\u010dem ili mre\u017eicom, tako da mo\u017eete uredno pospremiti sve \u0161to vam treba. Na stra\u017enjoj strani nalazi se i poseban d\u017eep s patentnim zatvara\u010dem. Zahvaljuju\u0107i 600D poliesteru koji odbija vodu i prljav\u0161tinu, torba se lako \u010disti. Mo\u017ee poslu\u017eiti i kao izvrstan organizator u sobi, ali kada trebate i\u0107i, samo uhvatite ru\u010dku i spremni ste.\",\"breadcrumb\":{\"@id\":\"https:\/\/talenti.si\/hr\/razno-hr\/djecji-ruksaci-i-dodaci\/djecja-toaletna-torbica-melimelos\/#breadcrumb\"},\"inLanguage\":\"hr\",\"potentialAction\":[{\"@type\":\"ReadAction\",\"target\":[\"https:\/\/talenti.si\/hr\/razno-hr\/djecji-ruksaci-i-dodaci\/djecja-toaletna-torbica-melimelos\/\"]}]},{\"@type\":\"ImageObject\",\"inLanguage\":\"hr\",\"@id\":\"https:\/\/talenti.si\/hr\/razno-hr\/djecji-ruksaci-i-dodaci\/djecja-toaletna-torbica-melimelos\/#primaryimage\",\"url\":\"https:\/\/talenti.si\/wp-content\/uploads\/2023\/09\/toaletna-torbica-jelencek.webp\",\"contentUrl\":\"https:\/\/talenti.si\/wp-content\/uploads\/2023\/09\/toaletna-torbica-jelencek.webp\",\"width\":800,\"height\":800},{\"@type\":\"BreadcrumbList\",\"@id\":\"https:\/\/talenti.si\/hr\/razno-hr\/djecji-ruksaci-i-dodaci\/djecja-toaletna-torbica-melimelos\/#breadcrumb\",\"itemListElement\":[{\"@type\":\"ListItem\",\"position\":1,\"name\":\"Home\",\"item\":\"https:\/\/talenti.si\/hr\/\"},{\"@type\":\"ListItem\",\"position\":2,\"name\":\"Trgovina\",\"item\":\"https:\/\/talenti.si\/hr\/shop\/\"},{\"@type\":\"ListItem\",\"position\":3,\"name\":\"Dje\u010dja toaletna torbica M\u00e9lim\u00e9los\"}]},{\"@type\":\"WebSite\",\"@id\":\"https:\/\/talenti.si\/hr\/#website\",\"url\":\"https:\/\/talenti.si\/hr\/\",\"name\":\"Talenti.si\",\"description\":\"Spletna trgovina za vse \u017eonglerje in podobne talente. Vse za \u017eongliranje, yoyo, frizbi, bumerang, kite... in \u0161e in \u0161e.\",\"publisher\":{\"@id\":\"https:\/\/talenti.si\/hr\/#organization\"},\"potentialAction\":[{\"@type\":\"SearchAction\",\"target\":{\"@type\":\"EntryPoint\",\"urlTemplate\":\"https:\/\/talenti.si\/hr\/?s={search_term_string}\"},\"query-input\":{\"@type\":\"PropertyValueSpecification\",\"valueRequired\":true,\"valueName\":\"search_term_string\"}}],\"inLanguage\":\"hr\"},{\"@type\":\"Organization\",\"@id\":\"https:\/\/talenti.si\/hr\/#organization\",\"name\":\"Talenti.si\",\"url\":\"https:\/\/talenti.si\/hr\/\",\"logo\":{\"@type\":\"ImageObject\",\"inLanguage\":\"hr\",\"@id\":\"https:\/\/talenti.si\/hr\/#\/schema\/logo\/image\/\",\"url\":\"https:\/\/talenti.si\/wp-content\/uploads\/2021\/12\/logo-talent-pravi-dark.png\",\"contentUrl\":\"https:\/\/talenti.si\/wp-content\/uploads\/2021\/12\/logo-talent-pravi-dark.png\",\"width\":145,\"height\":83,\"caption\":\"Talenti.si\"},\"image\":{\"@id\":\"https:\/\/talenti.si\/hr\/#\/schema\/logo\/image\/\"}}]}<\/script>\n<!-- \/ Yoast SEO plugin. -->","yoast_head_json":{"title":"Dje\u010dja toaletna torbica M\u00e9lim\u00e9los - Talenti.si","description":"Les D\u00e9glingos toaletna torbicom \u0107e pratiti va\u0161eg mali\u0161ana na svakom putovanju. Sastoji se od jednog velikog pretinca s patentnim zatvara\u010dem, a unutra, osim ogledala koje se mo\u017ee skinuti i kukice za vje\u0161anje, prona\u0107i \u0107ete mnogo malih d\u017eepova s \u200b\u200bpatentnim zatvara\u010dem ili mre\u017eicom, tako da mo\u017eete uredno pospremiti sve \u0161to vam treba. Na stra\u017enjoj strani nalazi se i poseban d\u017eep s patentnim zatvara\u010dem. Zahvaljuju\u0107i 600D poliesteru koji odbija vodu i prljav\u0161tinu, torba se lako \u010disti. Mo\u017ee poslu\u017eiti i kao izvrstan organizator u sobi, ali kada trebate i\u0107i, samo uhvatite ru\u010dku i spremni ste.","robots":{"index":"index","follow":"follow","max-snippet":"max-snippet:-1","max-image-preview":"max-image-preview:large","max-video-preview":"max-video-preview:-1"},"canonical":"https:\/\/talenti.si\/hr\/razno-hr\/djecji-ruksaci-i-dodaci\/djecja-toaletna-torbica-melimelos\/","og_locale":"hr_HR","og_type":"article","og_title":"Dje\u010dja toaletna torbica M\u00e9lim\u00e9los - Talenti.si","og_description":"Les D\u00e9glingos toaletna torbicom \u0107e pratiti va\u0161eg mali\u0161ana na svakom putovanju. Sastoji se od jednog velikog pretinca s patentnim zatvara\u010dem, a unutra, osim ogledala koje se mo\u017ee skinuti i kukice za vje\u0161anje, prona\u0107i \u0107ete mnogo malih d\u017eepova s \u200b\u200bpatentnim zatvara\u010dem ili mre\u017eicom, tako da mo\u017eete uredno pospremiti sve \u0161to vam treba. Na stra\u017enjoj strani nalazi se i poseban d\u017eep s patentnim zatvara\u010dem. Zahvaljuju\u0107i 600D poliesteru koji odbija vodu i prljav\u0161tinu, torba se lako \u010disti. Mo\u017ee poslu\u017eiti i kao izvrstan organizator u sobi, ali kada trebate i\u0107i, samo uhvatite ru\u010dku i spremni ste.","og_url":"https:\/\/talenti.si\/hr\/razno-hr\/djecji-ruksaci-i-dodaci\/djecja-toaletna-torbica-melimelos\/","og_site_name":"Talenti.si","article_modified_time":"2023-12-15T17:13:23+00:00","og_image":[{"width":800,"height":800,"url":"https:\/\/talenti.si\/wp-content\/uploads\/2023\/09\/toaletna-torbica-jelencek.webp","type":"image\/webp"}],"twitter_card":"summary_large_image","twitter_misc":{"Procijenjeno vrijeme \u010ditanja":"1 minuta"},"schema":{"@context":"https:\/\/schema.org","@graph":[{"@type":"WebPage","@id":"https:\/\/talenti.si\/hr\/razno-hr\/djecji-ruksaci-i-dodaci\/djecja-toaletna-torbica-melimelos\/","url":"https:\/\/talenti.si\/hr\/razno-hr\/djecji-ruksaci-i-dodaci\/djecja-toaletna-torbica-melimelos\/","name":"Dje\u010dja toaletna torbica M\u00e9lim\u00e9los - Talenti.si","isPartOf":{"@id":"https:\/\/talenti.si\/hr\/#website"},"primaryImageOfPage":{"@id":"https:\/\/talenti.si\/hr\/razno-hr\/djecji-ruksaci-i-dodaci\/djecja-toaletna-torbica-melimelos\/#primaryimage"},"image":{"@id":"https:\/\/talenti.si\/hr\/razno-hr\/djecji-ruksaci-i-dodaci\/djecja-toaletna-torbica-melimelos\/#primaryimage"},"thumbnailUrl":"https:\/\/talenti.si\/wp-content\/uploads\/2023\/09\/toaletna-torbica-jelencek.webp","datePublished":"2023-09-25T08:52:27+00:00","dateModified":"2023-12-15T17:13:23+00:00","description":"Les D\u00e9glingos toaletna torbicom \u0107e pratiti va\u0161eg mali\u0161ana na svakom putovanju. Sastoji se od jednog velikog pretinca s patentnim zatvara\u010dem, a unutra, osim ogledala koje se mo\u017ee skinuti i kukice za vje\u0161anje, prona\u0107i \u0107ete mnogo malih d\u017eepova s \u200b\u200bpatentnim zatvara\u010dem ili mre\u017eicom, tako da mo\u017eete uredno pospremiti sve \u0161to vam treba. Na stra\u017enjoj strani nalazi se i poseban d\u017eep s patentnim zatvara\u010dem. Zahvaljuju\u0107i 600D poliesteru koji odbija vodu i prljav\u0161tinu, torba se lako \u010disti. Mo\u017ee poslu\u017eiti i kao izvrstan organizator u sobi, ali kada trebate i\u0107i, samo uhvatite ru\u010dku i spremni ste.","breadcrumb":{"@id":"https:\/\/talenti.si\/hr\/razno-hr\/djecji-ruksaci-i-dodaci\/djecja-toaletna-torbica-melimelos\/#breadcrumb"},"inLanguage":"hr","potentialAction":[{"@type":"ReadAction","target":["https:\/\/talenti.si\/hr\/razno-hr\/djecji-ruksaci-i-dodaci\/djecja-toaletna-torbica-melimelos\/"]}]},{"@type":"ImageObject","inLanguage":"hr","@id":"https:\/\/talenti.si\/hr\/razno-hr\/djecji-ruksaci-i-dodaci\/djecja-toaletna-torbica-melimelos\/#primaryimage","url":"https:\/\/talenti.si\/wp-content\/uploads\/2023\/09\/toaletna-torbica-jelencek.webp","contentUrl":"https:\/\/talenti.si\/wp-content\/uploads\/2023\/09\/toaletna-torbica-jelencek.webp","width":800,"height":800},{"@type":"BreadcrumbList","@id":"https:\/\/talenti.si\/hr\/razno-hr\/djecji-ruksaci-i-dodaci\/djecja-toaletna-torbica-melimelos\/#breadcrumb","itemListElement":[{"@type":"ListItem","position":1,"name":"Home","item":"https:\/\/talenti.si\/hr\/"},{"@type":"ListItem","position":2,"name":"Trgovina","item":"https:\/\/talenti.si\/hr\/shop\/"},{"@type":"ListItem","position":3,"name":"Dje\u010dja toaletna torbica M\u00e9lim\u00e9los"}]},{"@type":"WebSite","@id":"https:\/\/talenti.si\/hr\/#website","url":"https:\/\/talenti.si\/hr\/","name":"Talenti.si","description":"Spletna trgovina za vse \u017eonglerje in podobne talente. Vse za \u017eongliranje, yoyo, frizbi, bumerang, kite... in \u0161e in \u0161e.","publisher":{"@id":"https:\/\/talenti.si\/hr\/#organization"},"potentialAction":[{"@type":"SearchAction","target":{"@type":"EntryPoint","urlTemplate":"https:\/\/talenti.si\/hr\/?s={search_term_string}"},"query-input":{"@type":"PropertyValueSpecification","valueRequired":true,"valueName":"search_term_string"}}],"inLanguage":"hr"},{"@type":"Organization","@id":"https:\/\/talenti.si\/hr\/#organization","name":"Talenti.si","url":"https:\/\/talenti.si\/hr\/","logo":{"@type":"ImageObject","inLanguage":"hr","@id":"https:\/\/talenti.si\/hr\/#\/schema\/logo\/image\/","url":"https:\/\/talenti.si\/wp-content\/uploads\/2021\/12\/logo-talent-pravi-dark.png","contentUrl":"https:\/\/talenti.si\/wp-content\/uploads\/2021\/12\/logo-talent-pravi-dark.png","width":145,"height":83,"caption":"Talenti.si"},"image":{"@id":"https:\/\/talenti.si\/hr\/#\/schema\/logo\/image\/"}}]}},"brands":[{"id":2081,"name":"Les D\u00e9glingos","slug":"les-deglingos-hr"}],"_links":{"self":[{"href":"https:\/\/talenti.si\/hr\/wp-json\/wp\/v2\/product\/29562","targetHints":{"allow":["GET"]}}],"collection":[{"href":"https:\/\/talenti.si\/hr\/wp-json\/wp\/v2\/product"}],"about":[{"href":"https:\/\/talenti.si\/hr\/wp-json\/wp\/v2\/types\/product"}],"replies":[{"embeddable":true,"href":"https:\/\/talenti.si\/hr\/wp-json\/wp\/v2\/comments?post=29562"}],"wp:featuredmedia":[{"embeddable":true,"href":"https:\/\/talenti.si\/hr\/wp-json\/wp\/v2\/media\/29549"}],"wp:attachment":[{"href":"https:\/\/talenti.si\/hr\/wp-json\/wp\/v2\/media?parent=29562"}],"wp:term":[{"taxonomy":"pwb-brand","embeddable":true,"href":"https:\/\/talenti.si\/hr\/wp-json\/wp\/v2\/pwb-brand?post=29562"},{"taxonomy":"product_brand","embeddable":true,"href":"https:\/\/talenti.si\/hr\/wp-json\/wp\/v2\/product_brand?post=29562"},{"taxonomy":"product_cat","embeddable":true,"href":"https:\/\/talenti.si\/hr\/wp-json\/wp\/v2\/product_cat?post=29562"},{"taxonomy":"product_tag","embeddable":true,"href":"https:\/\/talenti.si\/hr\/wp-json\/wp\/v2\/product_tag?post=29562"}],"curies":[{"name":"wp","href":"https:\/\/api.w.org\/{rel}","templated":true}]}}