{"id":37337,"date":"2025-07-26T16:05:05","date_gmt":"2025-07-26T16:05:05","guid":{"rendered":"https:\/\/talenti.si\/?post_type=product&#038;p=37337"},"modified":"2026-02-05T14:05:19","modified_gmt":"2026-02-05T14:05:19","slug":"kaloo-lutka-chloe-32-cm","status":"publish","type":"product","link":"https:\/\/talenti.si\/hr\/igracke\/mekane-igracke-i-tjesilice\/kaloo-lutka-chloe-32-cm\/","title":{"rendered":"Kaloo lutka Chloe 32 cm"},"content":{"rendered":"<p>Preslatka lutka Kaloo, sa svojim prijateljskim osmijehom, brzo \u0107e postati omiljeni svakodnevni pratitelj va\u0161eg malog dragocjenosti. Odjevena je u nje\u017eno ru\u017ei\u010dastu haljinu s odgovaraju\u0107im ukrasom za glavu i trendi traper jaknu, a ruke i noge omogu\u0107uju joj jednostavan hvat malim ru\u010dicama, pa je prikladna za djecu od ro\u0111enja nadalje. Oko vrata ima vezanu vrpcu na koju se mo\u017ee napisati ime djeteta. Pakirana u prekrasnu ambala\u017eu, mo\u017ee biti prekrasan poklon za ro\u0111endan ili bilo koju drugu prigodu, s kojim sigurno ne\u0107ete pogrije\u0161iti!<\/p>\n<p><strong>Karakteristike:<\/strong><\/p>\n<ul>\n<li>Dimenzije: <b>32 <\/b>cm<\/li>\n<li>Materijali &#8211; <b>bar\u0161un<\/b>, <strong>poliester<\/strong><\/li>\n<li>Upute za odr\u017eavanje: prati na 30\u00b0C, bez omek\u0161iva\u010da, sredstva za uklanjanje mrlja i drugih dodataka<\/li>\n<li>Prikladna dob: <strong>0+ mjeseci <\/strong><\/li>\n<\/ul>\n<p><strong style=\"font-size: 10px;\">UPOZORENJE!<\/strong><span style=\"font-size: 10px;\"> Prije nego \u0161to predate proizvod djetetu, uklonite sve dijelove ambala\u017ee. Spremite te informacije za kasniju upotrebu.<\/span><\/p>\n","protected":false},"excerpt":{"rendered":"<p>Preslatka lutka Kaloo, sa svojim prijateljskim osmijehom, brzo \u0107e postati omiljeni svakodnevni pratitelj va\u0161eg malog dragocjenosti. Odjevena je u nje\u017eno ru\u017ei\u010dastu haljinu s odgovaraju\u0107im ukrasom za glavu i trendi traper jaknu, a ruke i noge omogu\u0107uju joj jednostavan hvat malim ru\u010dicama, pa je prikladna za djecu od ro\u0111enja nadalje. Oko vrata ima vezanu vrpcu na [&hellip;]<\/p>\n","protected":false},"featured_media":37635,"comment_status":"open","ping_status":"closed","template":"","meta":{"_acf_changed":false},"pwb-brand":[4081],"product_brand":[],"product_cat":[4091],"product_tag":[2433,2958,4085,2832],"class_list":{"0":"post-37337","1":"product","2":"type-product","3":"status-publish","4":"has-post-thumbnail","6":"pwb-brand-kaloo-hr","7":"product_cat-mekane-igracke-i-tjesilice","8":"product_tag-beba","9":"product_tag-igracke","10":"product_tag-kaloo-hr","11":"product_tag-lutka","13":"first","14":"instock","15":"taxable","16":"shipping-taxable","17":"purchasable","18":"product-type-simple"},"acf":[],"yoast_head":"<!-- This site is optimized with the Yoast SEO plugin v25.8 - https:\/\/yoast.com\/wordpress\/plugins\/seo\/ -->\n<title>Kaloo lutka Chloe 32 cm - Talenti.si<\/title>\n<meta name=\"description\" content=\"Preslatka lutka Kaloo, sa svojim prijateljskim osmijehom, brzo \u0107e postati omiljeni svakodnevni pratitelj va\u0161eg malog dragocjenosti.\" \/>\n<meta name=\"robots\" content=\"index, follow, max-snippet:-1, max-image-preview:large, max-video-preview:-1\" \/>\n<link rel=\"canonical\" href=\"https:\/\/talenti.si\/hr\/igracke\/mekane-igracke-i-tjesilice\/kaloo-lutka-chloe-32-cm\/\" \/>\n<meta property=\"og:locale\" content=\"hr_HR\" \/>\n<meta property=\"og:type\" content=\"article\" \/>\n<meta property=\"og:title\" content=\"Kaloo lutka Chloe 32 cm - Talenti.si\" \/>\n<meta property=\"og:description\" content=\"Preslatka lutka Kaloo, sa svojim prijateljskim osmijehom, brzo \u0107e postati omiljeni svakodnevni pratitelj va\u0161eg malog dragocjenosti.\" \/>\n<meta property=\"og:url\" content=\"https:\/\/talenti.si\/hr\/igracke\/mekane-igracke-i-tjesilice\/kaloo-lutka-chloe-32-cm\/\" \/>\n<meta property=\"og:site_name\" content=\"Talenti.si\" \/>\n<meta property=\"article:modified_time\" content=\"2026-02-05T14:05:19+00:00\" \/>\n<meta property=\"og:image\" content=\"https:\/\/talenti.si\/wp-content\/uploads\/2025\/07\/chloe-32-cm.jpg\" \/>\n\t<meta property=\"og:image:width\" content=\"500\" \/>\n\t<meta property=\"og:image:height\" content=\"500\" \/>\n\t<meta property=\"og:image:type\" content=\"image\/jpeg\" \/>\n<meta name=\"twitter:card\" content=\"summary_large_image\" \/>\n<meta name=\"twitter:label1\" content=\"Procijenjeno vrijeme \u010ditanja\" \/>\n\t<meta name=\"twitter:data1\" content=\"1 minuta\" \/>\n<script type=\"application\/ld+json\" class=\"yoast-schema-graph\">{\"@context\":\"https:\/\/schema.org\",\"@graph\":[{\"@type\":\"WebPage\",\"@id\":\"https:\/\/talenti.si\/hr\/igracke\/mekane-igracke-i-tjesilice\/kaloo-lutka-chloe-32-cm\/\",\"url\":\"https:\/\/talenti.si\/hr\/igracke\/mekane-igracke-i-tjesilice\/kaloo-lutka-chloe-32-cm\/\",\"name\":\"Kaloo lutka Chloe 32 cm - Talenti.si\",\"isPartOf\":{\"@id\":\"https:\/\/talenti.si\/hr\/#website\"},\"primaryImageOfPage\":{\"@id\":\"https:\/\/talenti.si\/hr\/igracke\/mekane-igracke-i-tjesilice\/kaloo-lutka-chloe-32-cm\/#primaryimage\"},\"image\":{\"@id\":\"https:\/\/talenti.si\/hr\/igracke\/mekane-igracke-i-tjesilice\/kaloo-lutka-chloe-32-cm\/#primaryimage\"},\"thumbnailUrl\":\"https:\/\/talenti.si\/wp-content\/uploads\/2025\/07\/chloe-32-cm.jpg\",\"datePublished\":\"2025-07-26T16:05:05+00:00\",\"dateModified\":\"2026-02-05T14:05:19+00:00\",\"description\":\"Preslatka lutka Kaloo, sa svojim prijateljskim osmijehom, brzo \u0107e postati omiljeni svakodnevni pratitelj va\u0161eg malog dragocjenosti.\",\"breadcrumb\":{\"@id\":\"https:\/\/talenti.si\/hr\/igracke\/mekane-igracke-i-tjesilice\/kaloo-lutka-chloe-32-cm\/#breadcrumb\"},\"inLanguage\":\"hr\",\"potentialAction\":[{\"@type\":\"ReadAction\",\"target\":[\"https:\/\/talenti.si\/hr\/igracke\/mekane-igracke-i-tjesilice\/kaloo-lutka-chloe-32-cm\/\"]}]},{\"@type\":\"ImageObject\",\"inLanguage\":\"hr\",\"@id\":\"https:\/\/talenti.si\/hr\/igracke\/mekane-igracke-i-tjesilice\/kaloo-lutka-chloe-32-cm\/#primaryimage\",\"url\":\"https:\/\/talenti.si\/wp-content\/uploads\/2025\/07\/chloe-32-cm.jpg\",\"contentUrl\":\"https:\/\/talenti.si\/wp-content\/uploads\/2025\/07\/chloe-32-cm.jpg\",\"width\":500,\"height\":500},{\"@type\":\"BreadcrumbList\",\"@id\":\"https:\/\/talenti.si\/hr\/igracke\/mekane-igracke-i-tjesilice\/kaloo-lutka-chloe-32-cm\/#breadcrumb\",\"itemListElement\":[{\"@type\":\"ListItem\",\"position\":1,\"name\":\"Home\",\"item\":\"https:\/\/talenti.si\/hr\/\"},{\"@type\":\"ListItem\",\"position\":2,\"name\":\"Trgovina\",\"item\":\"https:\/\/talenti.si\/hr\/shop\/\"},{\"@type\":\"ListItem\",\"position\":3,\"name\":\"Kaloo lutka Chloe 32 cm\"}]},{\"@type\":\"WebSite\",\"@id\":\"https:\/\/talenti.si\/hr\/#website\",\"url\":\"https:\/\/talenti.si\/hr\/\",\"name\":\"Talenti.si\",\"description\":\"Spletna trgovina za vse \u017eonglerje in podobne talente. Vse za \u017eongliranje, yoyo, frizbi, bumerang, kite... in \u0161e in \u0161e.\",\"publisher\":{\"@id\":\"https:\/\/talenti.si\/hr\/#organization\"},\"potentialAction\":[{\"@type\":\"SearchAction\",\"target\":{\"@type\":\"EntryPoint\",\"urlTemplate\":\"https:\/\/talenti.si\/hr\/?s={search_term_string}\"},\"query-input\":{\"@type\":\"PropertyValueSpecification\",\"valueRequired\":true,\"valueName\":\"search_term_string\"}}],\"inLanguage\":\"hr\"},{\"@type\":\"Organization\",\"@id\":\"https:\/\/talenti.si\/hr\/#organization\",\"name\":\"Talenti.si\",\"url\":\"https:\/\/talenti.si\/hr\/\",\"logo\":{\"@type\":\"ImageObject\",\"inLanguage\":\"hr\",\"@id\":\"https:\/\/talenti.si\/hr\/#\/schema\/logo\/image\/\",\"url\":\"https:\/\/talenti.si\/wp-content\/uploads\/2021\/12\/logo-talent-pravi-dark.png\",\"contentUrl\":\"https:\/\/talenti.si\/wp-content\/uploads\/2021\/12\/logo-talent-pravi-dark.png\",\"width\":145,\"height\":83,\"caption\":\"Talenti.si\"},\"image\":{\"@id\":\"https:\/\/talenti.si\/hr\/#\/schema\/logo\/image\/\"}}]}<\/script>\n<!-- \/ Yoast SEO plugin. -->","yoast_head_json":{"title":"Kaloo lutka Chloe 32 cm - Talenti.si","description":"Preslatka lutka Kaloo, sa svojim prijateljskim osmijehom, brzo \u0107e postati omiljeni svakodnevni pratitelj va\u0161eg malog dragocjenosti.","robots":{"index":"index","follow":"follow","max-snippet":"max-snippet:-1","max-image-preview":"max-image-preview:large","max-video-preview":"max-video-preview:-1"},"canonical":"https:\/\/talenti.si\/hr\/igracke\/mekane-igracke-i-tjesilice\/kaloo-lutka-chloe-32-cm\/","og_locale":"hr_HR","og_type":"article","og_title":"Kaloo lutka Chloe 32 cm - Talenti.si","og_description":"Preslatka lutka Kaloo, sa svojim prijateljskim osmijehom, brzo \u0107e postati omiljeni svakodnevni pratitelj va\u0161eg malog dragocjenosti.","og_url":"https:\/\/talenti.si\/hr\/igracke\/mekane-igracke-i-tjesilice\/kaloo-lutka-chloe-32-cm\/","og_site_name":"Talenti.si","article_modified_time":"2026-02-05T14:05:19+00:00","og_image":[{"width":500,"height":500,"url":"https:\/\/talenti.si\/wp-content\/uploads\/2025\/07\/chloe-32-cm.jpg","type":"image\/jpeg"}],"twitter_card":"summary_large_image","twitter_misc":{"Procijenjeno vrijeme \u010ditanja":"1 minuta"},"schema":{"@context":"https:\/\/schema.org","@graph":[{"@type":"WebPage","@id":"https:\/\/talenti.si\/hr\/igracke\/mekane-igracke-i-tjesilice\/kaloo-lutka-chloe-32-cm\/","url":"https:\/\/talenti.si\/hr\/igracke\/mekane-igracke-i-tjesilice\/kaloo-lutka-chloe-32-cm\/","name":"Kaloo lutka Chloe 32 cm - Talenti.si","isPartOf":{"@id":"https:\/\/talenti.si\/hr\/#website"},"primaryImageOfPage":{"@id":"https:\/\/talenti.si\/hr\/igracke\/mekane-igracke-i-tjesilice\/kaloo-lutka-chloe-32-cm\/#primaryimage"},"image":{"@id":"https:\/\/talenti.si\/hr\/igracke\/mekane-igracke-i-tjesilice\/kaloo-lutka-chloe-32-cm\/#primaryimage"},"thumbnailUrl":"https:\/\/talenti.si\/wp-content\/uploads\/2025\/07\/chloe-32-cm.jpg","datePublished":"2025-07-26T16:05:05+00:00","dateModified":"2026-02-05T14:05:19+00:00","description":"Preslatka lutka Kaloo, sa svojim prijateljskim osmijehom, brzo \u0107e postati omiljeni svakodnevni pratitelj va\u0161eg malog dragocjenosti.","breadcrumb":{"@id":"https:\/\/talenti.si\/hr\/igracke\/mekane-igracke-i-tjesilice\/kaloo-lutka-chloe-32-cm\/#breadcrumb"},"inLanguage":"hr","potentialAction":[{"@type":"ReadAction","target":["https:\/\/talenti.si\/hr\/igracke\/mekane-igracke-i-tjesilice\/kaloo-lutka-chloe-32-cm\/"]}]},{"@type":"ImageObject","inLanguage":"hr","@id":"https:\/\/talenti.si\/hr\/igracke\/mekane-igracke-i-tjesilice\/kaloo-lutka-chloe-32-cm\/#primaryimage","url":"https:\/\/talenti.si\/wp-content\/uploads\/2025\/07\/chloe-32-cm.jpg","contentUrl":"https:\/\/talenti.si\/wp-content\/uploads\/2025\/07\/chloe-32-cm.jpg","width":500,"height":500},{"@type":"BreadcrumbList","@id":"https:\/\/talenti.si\/hr\/igracke\/mekane-igracke-i-tjesilice\/kaloo-lutka-chloe-32-cm\/#breadcrumb","itemListElement":[{"@type":"ListItem","position":1,"name":"Home","item":"https:\/\/talenti.si\/hr\/"},{"@type":"ListItem","position":2,"name":"Trgovina","item":"https:\/\/talenti.si\/hr\/shop\/"},{"@type":"ListItem","position":3,"name":"Kaloo lutka Chloe 32 cm"}]},{"@type":"WebSite","@id":"https:\/\/talenti.si\/hr\/#website","url":"https:\/\/talenti.si\/hr\/","name":"Talenti.si","description":"Spletna trgovina za vse \u017eonglerje in podobne talente. Vse za \u017eongliranje, yoyo, frizbi, bumerang, kite... in \u0161e in \u0161e.","publisher":{"@id":"https:\/\/talenti.si\/hr\/#organization"},"potentialAction":[{"@type":"SearchAction","target":{"@type":"EntryPoint","urlTemplate":"https:\/\/talenti.si\/hr\/?s={search_term_string}"},"query-input":{"@type":"PropertyValueSpecification","valueRequired":true,"valueName":"search_term_string"}}],"inLanguage":"hr"},{"@type":"Organization","@id":"https:\/\/talenti.si\/hr\/#organization","name":"Talenti.si","url":"https:\/\/talenti.si\/hr\/","logo":{"@type":"ImageObject","inLanguage":"hr","@id":"https:\/\/talenti.si\/hr\/#\/schema\/logo\/image\/","url":"https:\/\/talenti.si\/wp-content\/uploads\/2021\/12\/logo-talent-pravi-dark.png","contentUrl":"https:\/\/talenti.si\/wp-content\/uploads\/2021\/12\/logo-talent-pravi-dark.png","width":145,"height":83,"caption":"Talenti.si"},"image":{"@id":"https:\/\/talenti.si\/hr\/#\/schema\/logo\/image\/"}}]}},"brands":[{"id":4081,"name":"Kaloo","slug":"kaloo-hr"}],"_links":{"self":[{"href":"https:\/\/talenti.si\/hr\/wp-json\/wp\/v2\/product\/37337","targetHints":{"allow":["GET"]}}],"collection":[{"href":"https:\/\/talenti.si\/hr\/wp-json\/wp\/v2\/product"}],"about":[{"href":"https:\/\/talenti.si\/hr\/wp-json\/wp\/v2\/types\/product"}],"replies":[{"embeddable":true,"href":"https:\/\/talenti.si\/hr\/wp-json\/wp\/v2\/comments?post=37337"}],"wp:featuredmedia":[{"embeddable":true,"href":"https:\/\/talenti.si\/hr\/wp-json\/wp\/v2\/media\/37635"}],"wp:attachment":[{"href":"https:\/\/talenti.si\/hr\/wp-json\/wp\/v2\/media?parent=37337"}],"wp:term":[{"taxonomy":"pwb-brand","embeddable":true,"href":"https:\/\/talenti.si\/hr\/wp-json\/wp\/v2\/pwb-brand?post=37337"},{"taxonomy":"product_brand","embeddable":true,"href":"https:\/\/talenti.si\/hr\/wp-json\/wp\/v2\/product_brand?post=37337"},{"taxonomy":"product_cat","embeddable":true,"href":"https:\/\/talenti.si\/hr\/wp-json\/wp\/v2\/product_cat?post=37337"},{"taxonomy":"product_tag","embeddable":true,"href":"https:\/\/talenti.si\/hr\/wp-json\/wp\/v2\/product_tag?post=37337"}],"curies":[{"name":"wp","href":"https:\/\/api.w.org\/{rel}","templated":true}]}}