{"id":23766,"date":"2023-05-05T08:32:52","date_gmt":"2023-05-05T08:32:52","guid":{"rendered":"https:\/\/talenti.si\/senza-categoria\/set-creativo-giungla\/"},"modified":"2023-06-21T11:41:16","modified_gmt":"2023-06-21T11:41:16","slug":"set-creativo-giungla","status":"publish","type":"product","link":"https:\/\/talenti.si\/it\/varie\/creazione-ed-esplorazione\/set-creativo-giungla\/","title":{"rendered":"Set creativo Giungla"},"content":{"rendered":"<p>Creare non \u00e8 mai stato cos\u00ec divertente!<\/p>\n<p>Un meraviglioso set con diverse attivit\u00e0 creative per i bambini: collage, pittura, ritaglio, assemblaggio, modellazione e incollaggio. Segui le istruzioni nel libro di progetti allegato e crea una marionetta di carta a mano di un coccodrillo, crea i denti di giaguaro in gesso e scopri la misteriosa giungla e gli animali nelle profondit\u00e0 di questo habitat indomabile!<\/p>\n<p><strong>Caratteristiche:<\/strong><\/p>\n<ul>\n<li>Contiene: libro di progetti + carta da collage + gesso + pennarelli + pagine da colorare + adesivi + acquerelli + pennello.<\/li>\n<li>Dimensioni dell&#8217;imballaggio: <strong>31<\/strong> x <strong>7<\/strong> x <strong>22<\/strong> cm<\/li>\n<li>Et\u00e0 consigliata: <strong>5+<\/strong><\/li>\n<\/ul>\n<p><strong style=\"font-size: 10px;\">ATTENZIONE!<\/strong><span style=\"font-size: 10px;\"> <\/span><span style=\"font-size: 10px;\">L&#8217;articolo non \u00e8 adatto ai bambini di et\u00e0 inferiore ai 3 anni. I piccoli pezzi sono pericolosi perch\u00e9 possono essere inalati o ingeriti. Prima di consegnare l&#8217;articolo al bambino, rimuovi tutte le parti dell&#8217;imballaggio. Salva queste informazioni per un utilizzo successivo.<\/span><\/p>\n","protected":false},"excerpt":{"rendered":"<p>Creare non \u00e8 mai stato cos\u00ec divertente! Un meraviglioso set con diverse attivit\u00e0 creative per i bambini: collage, pittura, ritaglio, assemblaggio, modellazione e incollaggio. Segui le istruzioni nel libro di progetti allegato e crea una marionetta di carta a mano di un coccodrillo, crea i denti di giaguaro in gesso e scopri la misteriosa giungla [&hellip;]<\/p>\n","protected":false},"featured_media":23338,"comment_status":"open","ping_status":"closed","template":"","meta":{"_acf_changed":false},"pwb-brand":[2025],"product_brand":[],"product_cat":[1762],"product_tag":[2213,2211,2212,2210],"class_list":{"0":"post-23766","1":"product","2":"type-product","3":"status-publish","4":"has-post-thumbnail","6":"pwb-brand-galt-it","7":"product_cat-creazione-ed-esplorazione","8":"product_tag-animali","9":"product_tag-galt-it","10":"product_tag-set-it","11":"product_tag-tempo-libero","13":"first","14":"instock","15":"taxable","16":"shipping-taxable","17":"purchasable","18":"product-type-simple"},"acf":[],"yoast_head":"<!-- This site is optimized with the Yoast SEO plugin v25.8 - https:\/\/yoast.com\/wordpress\/plugins\/seo\/ -->\n<title>Set creativo Giungla - Talenti.si<\/title>\n<meta name=\"description\" content=\"La creativit\u00e0 non \u00e8 mai stata cos\u00ec divertente! Uno splendido set con diverse attivit\u00e0 creative per i bambini: collage, pittura, taglio, assemblaggio, modellazione e incollaggio. Segui le istruzioni nel libro di progetti allegato e crea una marionetta di carta a mano di un coccodrillo, crea i denti di giaguaro in gesso e scopri la misteriosa giungla e gli animali nelle profondit\u00e0 di questo habitat indomabile!\" \/>\n<meta name=\"robots\" content=\"index, follow, max-snippet:-1, max-image-preview:large, max-video-preview:-1\" \/>\n<link rel=\"canonical\" href=\"https:\/\/talenti.si\/it\/varie\/creazione-ed-esplorazione\/set-creativo-giungla\/\" \/>\n<meta property=\"og:locale\" content=\"it_IT\" \/>\n<meta property=\"og:type\" content=\"article\" \/>\n<meta property=\"og:title\" content=\"Set creativo Giungla - Talenti.si\" \/>\n<meta property=\"og:description\" content=\"La creativit\u00e0 non \u00e8 mai stata cos\u00ec divertente! Uno splendido set con diverse attivit\u00e0 creative per i bambini: collage, pittura, taglio, assemblaggio, modellazione e incollaggio. Segui le istruzioni nel libro di progetti allegato e crea una marionetta di carta a mano di un coccodrillo, crea i denti di giaguaro in gesso e scopri la misteriosa giungla e gli animali nelle profondit\u00e0 di questo habitat indomabile!\" \/>\n<meta property=\"og:url\" content=\"https:\/\/talenti.si\/it\/varie\/creazione-ed-esplorazione\/set-creativo-giungla\/\" \/>\n<meta property=\"og:site_name\" content=\"Talenti.si\" \/>\n<meta property=\"article:modified_time\" content=\"2023-06-21T11:41:16+00:00\" \/>\n<meta property=\"og:image\" content=\"https:\/\/talenti.si\/wp-content\/uploads\/2023\/05\/kreativni-set-galt-dzungla.jpg\" \/>\n\t<meta property=\"og:image:width\" content=\"500\" \/>\n\t<meta property=\"og:image:height\" content=\"368\" \/>\n\t<meta property=\"og:image:type\" content=\"image\/jpeg\" \/>\n<meta name=\"twitter:card\" content=\"summary_large_image\" \/>\n<meta name=\"twitter:label1\" content=\"Tempo di lettura stimato\" \/>\n\t<meta name=\"twitter:data1\" content=\"1 minuto\" \/>\n<script type=\"application\/ld+json\" class=\"yoast-schema-graph\">{\"@context\":\"https:\/\/schema.org\",\"@graph\":[{\"@type\":\"WebPage\",\"@id\":\"https:\/\/talenti.si\/it\/varie\/creazione-ed-esplorazione\/set-creativo-giungla\/\",\"url\":\"https:\/\/talenti.si\/it\/varie\/creazione-ed-esplorazione\/set-creativo-giungla\/\",\"name\":\"Set creativo Giungla - Talenti.si\",\"isPartOf\":{\"@id\":\"https:\/\/talenti.si\/it\/#website\"},\"primaryImageOfPage\":{\"@id\":\"https:\/\/talenti.si\/it\/varie\/creazione-ed-esplorazione\/set-creativo-giungla\/#primaryimage\"},\"image\":{\"@id\":\"https:\/\/talenti.si\/it\/varie\/creazione-ed-esplorazione\/set-creativo-giungla\/#primaryimage\"},\"thumbnailUrl\":\"https:\/\/talenti.si\/wp-content\/uploads\/2023\/05\/kreativni-set-galt-dzungla.jpg\",\"datePublished\":\"2023-05-05T08:32:52+00:00\",\"dateModified\":\"2023-06-21T11:41:16+00:00\",\"description\":\"La creativit\u00e0 non \u00e8 mai stata cos\u00ec divertente! Uno splendido set con diverse attivit\u00e0 creative per i bambini: collage, pittura, taglio, assemblaggio, modellazione e incollaggio. Segui le istruzioni nel libro di progetti allegato e crea una marionetta di carta a mano di un coccodrillo, crea i denti di giaguaro in gesso e scopri la misteriosa giungla e gli animali nelle profondit\u00e0 di questo habitat indomabile!\",\"breadcrumb\":{\"@id\":\"https:\/\/talenti.si\/it\/varie\/creazione-ed-esplorazione\/set-creativo-giungla\/#breadcrumb\"},\"inLanguage\":\"it-IT\",\"potentialAction\":[{\"@type\":\"ReadAction\",\"target\":[\"https:\/\/talenti.si\/it\/varie\/creazione-ed-esplorazione\/set-creativo-giungla\/\"]}]},{\"@type\":\"ImageObject\",\"inLanguage\":\"it-IT\",\"@id\":\"https:\/\/talenti.si\/it\/varie\/creazione-ed-esplorazione\/set-creativo-giungla\/#primaryimage\",\"url\":\"https:\/\/talenti.si\/wp-content\/uploads\/2023\/05\/kreativni-set-galt-dzungla.jpg\",\"contentUrl\":\"https:\/\/talenti.si\/wp-content\/uploads\/2023\/05\/kreativni-set-galt-dzungla.jpg\",\"width\":500,\"height\":368},{\"@type\":\"BreadcrumbList\",\"@id\":\"https:\/\/talenti.si\/it\/varie\/creazione-ed-esplorazione\/set-creativo-giungla\/#breadcrumb\",\"itemListElement\":[{\"@type\":\"ListItem\",\"position\":1,\"name\":\"Home\",\"item\":\"https:\/\/talenti.si\/it\/\"},{\"@type\":\"ListItem\",\"position\":2,\"name\":\"Negozio\",\"item\":\"https:\/\/talenti.si\/it\/negozio\/\"},{\"@type\":\"ListItem\",\"position\":3,\"name\":\"Set creativo Giungla\"}]},{\"@type\":\"WebSite\",\"@id\":\"https:\/\/talenti.si\/it\/#website\",\"url\":\"https:\/\/talenti.si\/it\/\",\"name\":\"Talenti.si\",\"description\":\"Spletna trgovina za vse \u017eonglerje in podobne talente. Vse za \u017eongliranje, yoyo, frizbi, bumerang, kite... in \u0161e in \u0161e.\",\"publisher\":{\"@id\":\"https:\/\/talenti.si\/it\/#organization\"},\"potentialAction\":[{\"@type\":\"SearchAction\",\"target\":{\"@type\":\"EntryPoint\",\"urlTemplate\":\"https:\/\/talenti.si\/it\/?s={search_term_string}\"},\"query-input\":{\"@type\":\"PropertyValueSpecification\",\"valueRequired\":true,\"valueName\":\"search_term_string\"}}],\"inLanguage\":\"it-IT\"},{\"@type\":\"Organization\",\"@id\":\"https:\/\/talenti.si\/it\/#organization\",\"name\":\"Talenti.si\",\"url\":\"https:\/\/talenti.si\/it\/\",\"logo\":{\"@type\":\"ImageObject\",\"inLanguage\":\"it-IT\",\"@id\":\"https:\/\/talenti.si\/it\/#\/schema\/logo\/image\/\",\"url\":\"https:\/\/talenti.si\/wp-content\/uploads\/2021\/12\/logo-talent-pravi-dark.png\",\"contentUrl\":\"https:\/\/talenti.si\/wp-content\/uploads\/2021\/12\/logo-talent-pravi-dark.png\",\"width\":145,\"height\":83,\"caption\":\"Talenti.si\"},\"image\":{\"@id\":\"https:\/\/talenti.si\/it\/#\/schema\/logo\/image\/\"}}]}<\/script>\n<!-- \/ Yoast SEO plugin. -->","yoast_head_json":{"title":"Set creativo Giungla - Talenti.si","description":"La creativit\u00e0 non \u00e8 mai stata cos\u00ec divertente! Uno splendido set con diverse attivit\u00e0 creative per i bambini: collage, pittura, taglio, assemblaggio, modellazione e incollaggio. Segui le istruzioni nel libro di progetti allegato e crea una marionetta di carta a mano di un coccodrillo, crea i denti di giaguaro in gesso e scopri la misteriosa giungla e gli animali nelle profondit\u00e0 di questo habitat indomabile!","robots":{"index":"index","follow":"follow","max-snippet":"max-snippet:-1","max-image-preview":"max-image-preview:large","max-video-preview":"max-video-preview:-1"},"canonical":"https:\/\/talenti.si\/it\/varie\/creazione-ed-esplorazione\/set-creativo-giungla\/","og_locale":"it_IT","og_type":"article","og_title":"Set creativo Giungla - Talenti.si","og_description":"La creativit\u00e0 non \u00e8 mai stata cos\u00ec divertente! Uno splendido set con diverse attivit\u00e0 creative per i bambini: collage, pittura, taglio, assemblaggio, modellazione e incollaggio. Segui le istruzioni nel libro di progetti allegato e crea una marionetta di carta a mano di un coccodrillo, crea i denti di giaguaro in gesso e scopri la misteriosa giungla e gli animali nelle profondit\u00e0 di questo habitat indomabile!","og_url":"https:\/\/talenti.si\/it\/varie\/creazione-ed-esplorazione\/set-creativo-giungla\/","og_site_name":"Talenti.si","article_modified_time":"2023-06-21T11:41:16+00:00","og_image":[{"width":500,"height":368,"url":"https:\/\/talenti.si\/wp-content\/uploads\/2023\/05\/kreativni-set-galt-dzungla.jpg","type":"image\/jpeg"}],"twitter_card":"summary_large_image","twitter_misc":{"Tempo di lettura stimato":"1 minuto"},"schema":{"@context":"https:\/\/schema.org","@graph":[{"@type":"WebPage","@id":"https:\/\/talenti.si\/it\/varie\/creazione-ed-esplorazione\/set-creativo-giungla\/","url":"https:\/\/talenti.si\/it\/varie\/creazione-ed-esplorazione\/set-creativo-giungla\/","name":"Set creativo Giungla - Talenti.si","isPartOf":{"@id":"https:\/\/talenti.si\/it\/#website"},"primaryImageOfPage":{"@id":"https:\/\/talenti.si\/it\/varie\/creazione-ed-esplorazione\/set-creativo-giungla\/#primaryimage"},"image":{"@id":"https:\/\/talenti.si\/it\/varie\/creazione-ed-esplorazione\/set-creativo-giungla\/#primaryimage"},"thumbnailUrl":"https:\/\/talenti.si\/wp-content\/uploads\/2023\/05\/kreativni-set-galt-dzungla.jpg","datePublished":"2023-05-05T08:32:52+00:00","dateModified":"2023-06-21T11:41:16+00:00","description":"La creativit\u00e0 non \u00e8 mai stata cos\u00ec divertente! Uno splendido set con diverse attivit\u00e0 creative per i bambini: collage, pittura, taglio, assemblaggio, modellazione e incollaggio. Segui le istruzioni nel libro di progetti allegato e crea una marionetta di carta a mano di un coccodrillo, crea i denti di giaguaro in gesso e scopri la misteriosa giungla e gli animali nelle profondit\u00e0 di questo habitat indomabile!","breadcrumb":{"@id":"https:\/\/talenti.si\/it\/varie\/creazione-ed-esplorazione\/set-creativo-giungla\/#breadcrumb"},"inLanguage":"it-IT","potentialAction":[{"@type":"ReadAction","target":["https:\/\/talenti.si\/it\/varie\/creazione-ed-esplorazione\/set-creativo-giungla\/"]}]},{"@type":"ImageObject","inLanguage":"it-IT","@id":"https:\/\/talenti.si\/it\/varie\/creazione-ed-esplorazione\/set-creativo-giungla\/#primaryimage","url":"https:\/\/talenti.si\/wp-content\/uploads\/2023\/05\/kreativni-set-galt-dzungla.jpg","contentUrl":"https:\/\/talenti.si\/wp-content\/uploads\/2023\/05\/kreativni-set-galt-dzungla.jpg","width":500,"height":368},{"@type":"BreadcrumbList","@id":"https:\/\/talenti.si\/it\/varie\/creazione-ed-esplorazione\/set-creativo-giungla\/#breadcrumb","itemListElement":[{"@type":"ListItem","position":1,"name":"Home","item":"https:\/\/talenti.si\/it\/"},{"@type":"ListItem","position":2,"name":"Negozio","item":"https:\/\/talenti.si\/it\/negozio\/"},{"@type":"ListItem","position":3,"name":"Set creativo Giungla"}]},{"@type":"WebSite","@id":"https:\/\/talenti.si\/it\/#website","url":"https:\/\/talenti.si\/it\/","name":"Talenti.si","description":"Spletna trgovina za vse \u017eonglerje in podobne talente. Vse za \u017eongliranje, yoyo, frizbi, bumerang, kite... in \u0161e in \u0161e.","publisher":{"@id":"https:\/\/talenti.si\/it\/#organization"},"potentialAction":[{"@type":"SearchAction","target":{"@type":"EntryPoint","urlTemplate":"https:\/\/talenti.si\/it\/?s={search_term_string}"},"query-input":{"@type":"PropertyValueSpecification","valueRequired":true,"valueName":"search_term_string"}}],"inLanguage":"it-IT"},{"@type":"Organization","@id":"https:\/\/talenti.si\/it\/#organization","name":"Talenti.si","url":"https:\/\/talenti.si\/it\/","logo":{"@type":"ImageObject","inLanguage":"it-IT","@id":"https:\/\/talenti.si\/it\/#\/schema\/logo\/image\/","url":"https:\/\/talenti.si\/wp-content\/uploads\/2021\/12\/logo-talent-pravi-dark.png","contentUrl":"https:\/\/talenti.si\/wp-content\/uploads\/2021\/12\/logo-talent-pravi-dark.png","width":145,"height":83,"caption":"Talenti.si"},"image":{"@id":"https:\/\/talenti.si\/it\/#\/schema\/logo\/image\/"}}]}},"brands":[{"id":2025,"name":"Galt","slug":"galt-it"}],"_links":{"self":[{"href":"https:\/\/talenti.si\/it\/wp-json\/wp\/v2\/product\/23766","targetHints":{"allow":["GET"]}}],"collection":[{"href":"https:\/\/talenti.si\/it\/wp-json\/wp\/v2\/product"}],"about":[{"href":"https:\/\/talenti.si\/it\/wp-json\/wp\/v2\/types\/product"}],"replies":[{"embeddable":true,"href":"https:\/\/talenti.si\/it\/wp-json\/wp\/v2\/comments?post=23766"}],"wp:featuredmedia":[{"embeddable":true,"href":"https:\/\/talenti.si\/it\/wp-json\/wp\/v2\/media\/23338"}],"wp:attachment":[{"href":"https:\/\/talenti.si\/it\/wp-json\/wp\/v2\/media?parent=23766"}],"wp:term":[{"taxonomy":"pwb-brand","embeddable":true,"href":"https:\/\/talenti.si\/it\/wp-json\/wp\/v2\/pwb-brand?post=23766"},{"taxonomy":"product_brand","embeddable":true,"href":"https:\/\/talenti.si\/it\/wp-json\/wp\/v2\/product_brand?post=23766"},{"taxonomy":"product_cat","embeddable":true,"href":"https:\/\/talenti.si\/it\/wp-json\/wp\/v2\/product_cat?post=23766"},{"taxonomy":"product_tag","embeddable":true,"href":"https:\/\/talenti.si\/it\/wp-json\/wp\/v2\/product_tag?post=23766"}],"curies":[{"name":"wp","href":"https:\/\/api.w.org\/{rel}","templated":true}]}}