{"id":23954,"date":"2023-05-03T12:21:39","date_gmt":"2023-05-03T12:21:39","guid":{"rendered":"https:\/\/talenti.si\/senza-categoria\/lente-dingrandimento-60-mm\/"},"modified":"2024-05-14T12:50:35","modified_gmt":"2024-05-14T12:50:35","slug":"lente-d-ingrandimento-60-mm","status":"publish","type":"product","link":"https:\/\/talenti.si\/it\/varie\/creazione-ed-esplorazione\/lente-d-ingrandimento-60-mm\/","title":{"rendered":"Lente d&#8217;ingrandimento 60 mm"},"content":{"rendered":"<p>La lente d&#8217;ingrandimento \u00e8 adatta per osservare la natura, gli insetti e tutto ci\u00f2 che interessa i piccoli.<\/p>\n<p>Uno strumento indispensabile per esplorare il mondo in miniatura sotto i piedi del bambino, si apre da un lato, nascondendo una pinzetta che permette di maneggiare facilmente piccoli oggetti che il bambino potrebbe trovare durante l&#8217;esplorazione.<\/p>\n<p>L&#8217;articolo \u00e8 disponibile in cinque diverse colorazioni.<\/p>\n<p><strong>Caratteristiche:<\/strong><\/p>\n<ul>\n<li>Dimensioni: <strong>14<\/strong> x <strong>5,8<\/strong> x <strong>0,9 <\/strong>cm<\/li>\n<li>Diametro della lente: <strong>60<\/strong> mm<\/li>\n<li>Diametro della lente pi\u00f9 piccola: <strong>13<\/strong> mm<\/li>\n<li>Ingrandimento: <strong>7x<\/strong> e <strong>3x<\/strong>\n<li>Materiali: <strong>ABS plastica<\/strong><\/li>\n<li>Et\u00e0 consigliata: <strong>6+<\/strong><\/li>\n<\/ul>\n<p><strong style=\"font-size: 10px;\">ATTENZIONE!<\/strong><span style=\"font-size: 10px;\"> L&#8217;articolo non \u00e8 adatto ai bambini di et\u00e0 inferiore ai 3 anni. I piccoli pezzi sono pericolosi perch\u00e9 possono essere inalati o ingeriti. L&#8217;articolo pu\u00f2 essere utilizzato solo sotto la supervisione diretta di un adulto. Prima dell&#8217;uso, leggere attentamente le istruzioni.<\/span><\/p>\n","protected":false},"excerpt":{"rendered":"<p>La lente d&#8217;ingrandimento \u00e8 adatta per osservare la natura, gli insetti e tutto ci\u00f2 che interessa i piccoli. Uno strumento indispensabile per esplorare il mondo in miniatura sotto i piedi del bambino, si apre da un lato, nascondendo una pinzetta che permette di maneggiare facilmente piccoli oggetti che il bambino potrebbe trovare durante l&#8217;esplorazione. L&#8217;articolo [&hellip;]<\/p>\n","protected":false},"featured_media":23179,"comment_status":"open","ping_status":"closed","template":"","meta":{"_acf_changed":false},"pwb-brand":[2092],"product_brand":[],"product_cat":[1762],"product_tag":[2264,2265,2295],"class_list":{"0":"post-23954","1":"product","2":"type-product","3":"status-publish","4":"has-post-thumbnail","6":"pwb-brand-navir-it","7":"product_cat-creazione-ed-esplorazione","8":"product_tag-bambini","9":"product_tag-esplorazione","10":"product_tag-lente-dingrandimento","12":"first","13":"instock","14":"taxable","15":"shipping-taxable","16":"purchasable","17":"product-type-variable"},"acf":[],"yoast_head":"<!-- This site is optimized with the Yoast SEO plugin v25.8 - https:\/\/yoast.com\/wordpress\/plugins\/seo\/ -->\n<title>Lente d&#039;ingrandimento 60 mm - Talenti.si<\/title>\n<meta name=\"description\" content=\"La lente d&#039;ingrandimento \u00e8 adatta per osservare la natura, gli insetti e tutto ci\u00f2 che interessa i piccoli. Uno strumento indispensabile per esplorare il mondo in miniatura sotto i piedi del bambino, si apre da un lato, nascondendo una pinzetta che permette di maneggiare facilmente piccoli oggetti che il bambino potrebbe trovare durante l&#039;esplorazione. L&#039;articolo \u00e8 disponibile in cinque colori diversi.\" \/>\n<meta name=\"robots\" content=\"index, follow, max-snippet:-1, max-image-preview:large, max-video-preview:-1\" \/>\n<link rel=\"canonical\" href=\"https:\/\/talenti.si\/it\/varie\/creazione-ed-esplorazione\/lente-d-ingrandimento-60-mm\/\" \/>\n<meta property=\"og:locale\" content=\"it_IT\" \/>\n<meta property=\"og:type\" content=\"article\" \/>\n<meta property=\"og:title\" content=\"Lente d&#039;ingrandimento 60 mm - Talenti.si\" \/>\n<meta property=\"og:description\" content=\"La lente d&#039;ingrandimento \u00e8 adatta per osservare la natura, gli insetti e tutto ci\u00f2 che interessa i piccoli. Uno strumento indispensabile per esplorare il mondo in miniatura sotto i piedi del bambino, si apre da un lato, nascondendo una pinzetta che permette di maneggiare facilmente piccoli oggetti che il bambino potrebbe trovare durante l&#039;esplorazione. L&#039;articolo \u00e8 disponibile in cinque colori diversi.\" \/>\n<meta property=\"og:url\" content=\"https:\/\/talenti.si\/it\/varie\/creazione-ed-esplorazione\/lente-d-ingrandimento-60-mm\/\" \/>\n<meta property=\"og:site_name\" content=\"Talenti.si\" \/>\n<meta property=\"article:modified_time\" content=\"2024-05-14T12:50:35+00:00\" \/>\n<meta property=\"og:image\" content=\"https:\/\/talenti.si\/wp-content\/uploads\/2023\/05\/povecevalo-navir.webp\" \/>\n\t<meta property=\"og:image:width\" content=\"1000\" \/>\n\t<meta property=\"og:image:height\" content=\"1000\" \/>\n\t<meta property=\"og:image:type\" content=\"image\/webp\" \/>\n<meta name=\"twitter:card\" content=\"summary_large_image\" \/>\n<meta name=\"twitter:label1\" content=\"Tempo di lettura stimato\" \/>\n\t<meta name=\"twitter:data1\" content=\"1 minuto\" \/>\n<script type=\"application\/ld+json\" class=\"yoast-schema-graph\">{\"@context\":\"https:\/\/schema.org\",\"@graph\":[{\"@type\":\"WebPage\",\"@id\":\"https:\/\/talenti.si\/it\/varie\/creazione-ed-esplorazione\/lente-d-ingrandimento-60-mm\/\",\"url\":\"https:\/\/talenti.si\/it\/varie\/creazione-ed-esplorazione\/lente-d-ingrandimento-60-mm\/\",\"name\":\"Lente d'ingrandimento 60 mm - Talenti.si\",\"isPartOf\":{\"@id\":\"https:\/\/talenti.si\/it\/#website\"},\"primaryImageOfPage\":{\"@id\":\"https:\/\/talenti.si\/it\/varie\/creazione-ed-esplorazione\/lente-d-ingrandimento-60-mm\/#primaryimage\"},\"image\":{\"@id\":\"https:\/\/talenti.si\/it\/varie\/creazione-ed-esplorazione\/lente-d-ingrandimento-60-mm\/#primaryimage\"},\"thumbnailUrl\":\"https:\/\/talenti.si\/wp-content\/uploads\/2023\/05\/povecevalo-navir.webp\",\"datePublished\":\"2023-05-03T12:21:39+00:00\",\"dateModified\":\"2024-05-14T12:50:35+00:00\",\"description\":\"La lente d'ingrandimento \u00e8 adatta per osservare la natura, gli insetti e tutto ci\u00f2 che interessa i piccoli. Uno strumento indispensabile per esplorare il mondo in miniatura sotto i piedi del bambino, si apre da un lato, nascondendo una pinzetta che permette di maneggiare facilmente piccoli oggetti che il bambino potrebbe trovare durante l'esplorazione. L'articolo \u00e8 disponibile in cinque colori diversi.\",\"breadcrumb\":{\"@id\":\"https:\/\/talenti.si\/it\/varie\/creazione-ed-esplorazione\/lente-d-ingrandimento-60-mm\/#breadcrumb\"},\"inLanguage\":\"it-IT\",\"potentialAction\":[{\"@type\":\"ReadAction\",\"target\":[\"https:\/\/talenti.si\/it\/varie\/creazione-ed-esplorazione\/lente-d-ingrandimento-60-mm\/\"]}]},{\"@type\":\"ImageObject\",\"inLanguage\":\"it-IT\",\"@id\":\"https:\/\/talenti.si\/it\/varie\/creazione-ed-esplorazione\/lente-d-ingrandimento-60-mm\/#primaryimage\",\"url\":\"https:\/\/talenti.si\/wp-content\/uploads\/2023\/05\/povecevalo-navir.webp\",\"contentUrl\":\"https:\/\/talenti.si\/wp-content\/uploads\/2023\/05\/povecevalo-navir.webp\",\"width\":1000,\"height\":1000},{\"@type\":\"BreadcrumbList\",\"@id\":\"https:\/\/talenti.si\/it\/varie\/creazione-ed-esplorazione\/lente-d-ingrandimento-60-mm\/#breadcrumb\",\"itemListElement\":[{\"@type\":\"ListItem\",\"position\":1,\"name\":\"Home\",\"item\":\"https:\/\/talenti.si\/it\/\"},{\"@type\":\"ListItem\",\"position\":2,\"name\":\"Negozio\",\"item\":\"https:\/\/talenti.si\/it\/negozio\/\"},{\"@type\":\"ListItem\",\"position\":3,\"name\":\"Lente d&#8217;ingrandimento 60 mm\"}]},{\"@type\":\"WebSite\",\"@id\":\"https:\/\/talenti.si\/it\/#website\",\"url\":\"https:\/\/talenti.si\/it\/\",\"name\":\"Talenti.si\",\"description\":\"Spletna trgovina za vse \u017eonglerje in podobne talente. Vse za \u017eongliranje, yoyo, frizbi, bumerang, kite... in \u0161e in \u0161e.\",\"publisher\":{\"@id\":\"https:\/\/talenti.si\/it\/#organization\"},\"potentialAction\":[{\"@type\":\"SearchAction\",\"target\":{\"@type\":\"EntryPoint\",\"urlTemplate\":\"https:\/\/talenti.si\/it\/?s={search_term_string}\"},\"query-input\":{\"@type\":\"PropertyValueSpecification\",\"valueRequired\":true,\"valueName\":\"search_term_string\"}}],\"inLanguage\":\"it-IT\"},{\"@type\":\"Organization\",\"@id\":\"https:\/\/talenti.si\/it\/#organization\",\"name\":\"Talenti.si\",\"url\":\"https:\/\/talenti.si\/it\/\",\"logo\":{\"@type\":\"ImageObject\",\"inLanguage\":\"it-IT\",\"@id\":\"https:\/\/talenti.si\/it\/#\/schema\/logo\/image\/\",\"url\":\"https:\/\/talenti.si\/wp-content\/uploads\/2021\/12\/logo-talent-pravi-dark.png\",\"contentUrl\":\"https:\/\/talenti.si\/wp-content\/uploads\/2021\/12\/logo-talent-pravi-dark.png\",\"width\":145,\"height\":83,\"caption\":\"Talenti.si\"},\"image\":{\"@id\":\"https:\/\/talenti.si\/it\/#\/schema\/logo\/image\/\"}}]}<\/script>\n<!-- \/ Yoast SEO plugin. -->","yoast_head_json":{"title":"Lente d'ingrandimento 60 mm - Talenti.si","description":"La lente d'ingrandimento \u00e8 adatta per osservare la natura, gli insetti e tutto ci\u00f2 che interessa i piccoli. Uno strumento indispensabile per esplorare il mondo in miniatura sotto i piedi del bambino, si apre da un lato, nascondendo una pinzetta che permette di maneggiare facilmente piccoli oggetti che il bambino potrebbe trovare durante l'esplorazione. L'articolo \u00e8 disponibile in cinque colori diversi.","robots":{"index":"index","follow":"follow","max-snippet":"max-snippet:-1","max-image-preview":"max-image-preview:large","max-video-preview":"max-video-preview:-1"},"canonical":"https:\/\/talenti.si\/it\/varie\/creazione-ed-esplorazione\/lente-d-ingrandimento-60-mm\/","og_locale":"it_IT","og_type":"article","og_title":"Lente d'ingrandimento 60 mm - Talenti.si","og_description":"La lente d'ingrandimento \u00e8 adatta per osservare la natura, gli insetti e tutto ci\u00f2 che interessa i piccoli. Uno strumento indispensabile per esplorare il mondo in miniatura sotto i piedi del bambino, si apre da un lato, nascondendo una pinzetta che permette di maneggiare facilmente piccoli oggetti che il bambino potrebbe trovare durante l'esplorazione. L'articolo \u00e8 disponibile in cinque colori diversi.","og_url":"https:\/\/talenti.si\/it\/varie\/creazione-ed-esplorazione\/lente-d-ingrandimento-60-mm\/","og_site_name":"Talenti.si","article_modified_time":"2024-05-14T12:50:35+00:00","og_image":[{"width":1000,"height":1000,"url":"https:\/\/talenti.si\/wp-content\/uploads\/2023\/05\/povecevalo-navir.webp","type":"image\/webp"}],"twitter_card":"summary_large_image","twitter_misc":{"Tempo di lettura stimato":"1 minuto"},"schema":{"@context":"https:\/\/schema.org","@graph":[{"@type":"WebPage","@id":"https:\/\/talenti.si\/it\/varie\/creazione-ed-esplorazione\/lente-d-ingrandimento-60-mm\/","url":"https:\/\/talenti.si\/it\/varie\/creazione-ed-esplorazione\/lente-d-ingrandimento-60-mm\/","name":"Lente d'ingrandimento 60 mm - Talenti.si","isPartOf":{"@id":"https:\/\/talenti.si\/it\/#website"},"primaryImageOfPage":{"@id":"https:\/\/talenti.si\/it\/varie\/creazione-ed-esplorazione\/lente-d-ingrandimento-60-mm\/#primaryimage"},"image":{"@id":"https:\/\/talenti.si\/it\/varie\/creazione-ed-esplorazione\/lente-d-ingrandimento-60-mm\/#primaryimage"},"thumbnailUrl":"https:\/\/talenti.si\/wp-content\/uploads\/2023\/05\/povecevalo-navir.webp","datePublished":"2023-05-03T12:21:39+00:00","dateModified":"2024-05-14T12:50:35+00:00","description":"La lente d'ingrandimento \u00e8 adatta per osservare la natura, gli insetti e tutto ci\u00f2 che interessa i piccoli. Uno strumento indispensabile per esplorare il mondo in miniatura sotto i piedi del bambino, si apre da un lato, nascondendo una pinzetta che permette di maneggiare facilmente piccoli oggetti che il bambino potrebbe trovare durante l'esplorazione. L'articolo \u00e8 disponibile in cinque colori diversi.","breadcrumb":{"@id":"https:\/\/talenti.si\/it\/varie\/creazione-ed-esplorazione\/lente-d-ingrandimento-60-mm\/#breadcrumb"},"inLanguage":"it-IT","potentialAction":[{"@type":"ReadAction","target":["https:\/\/talenti.si\/it\/varie\/creazione-ed-esplorazione\/lente-d-ingrandimento-60-mm\/"]}]},{"@type":"ImageObject","inLanguage":"it-IT","@id":"https:\/\/talenti.si\/it\/varie\/creazione-ed-esplorazione\/lente-d-ingrandimento-60-mm\/#primaryimage","url":"https:\/\/talenti.si\/wp-content\/uploads\/2023\/05\/povecevalo-navir.webp","contentUrl":"https:\/\/talenti.si\/wp-content\/uploads\/2023\/05\/povecevalo-navir.webp","width":1000,"height":1000},{"@type":"BreadcrumbList","@id":"https:\/\/talenti.si\/it\/varie\/creazione-ed-esplorazione\/lente-d-ingrandimento-60-mm\/#breadcrumb","itemListElement":[{"@type":"ListItem","position":1,"name":"Home","item":"https:\/\/talenti.si\/it\/"},{"@type":"ListItem","position":2,"name":"Negozio","item":"https:\/\/talenti.si\/it\/negozio\/"},{"@type":"ListItem","position":3,"name":"Lente d&#8217;ingrandimento 60 mm"}]},{"@type":"WebSite","@id":"https:\/\/talenti.si\/it\/#website","url":"https:\/\/talenti.si\/it\/","name":"Talenti.si","description":"Spletna trgovina za vse \u017eonglerje in podobne talente. Vse za \u017eongliranje, yoyo, frizbi, bumerang, kite... in \u0161e in \u0161e.","publisher":{"@id":"https:\/\/talenti.si\/it\/#organization"},"potentialAction":[{"@type":"SearchAction","target":{"@type":"EntryPoint","urlTemplate":"https:\/\/talenti.si\/it\/?s={search_term_string}"},"query-input":{"@type":"PropertyValueSpecification","valueRequired":true,"valueName":"search_term_string"}}],"inLanguage":"it-IT"},{"@type":"Organization","@id":"https:\/\/talenti.si\/it\/#organization","name":"Talenti.si","url":"https:\/\/talenti.si\/it\/","logo":{"@type":"ImageObject","inLanguage":"it-IT","@id":"https:\/\/talenti.si\/it\/#\/schema\/logo\/image\/","url":"https:\/\/talenti.si\/wp-content\/uploads\/2021\/12\/logo-talent-pravi-dark.png","contentUrl":"https:\/\/talenti.si\/wp-content\/uploads\/2021\/12\/logo-talent-pravi-dark.png","width":145,"height":83,"caption":"Talenti.si"},"image":{"@id":"https:\/\/talenti.si\/it\/#\/schema\/logo\/image\/"}}]}},"brands":[{"id":2092,"name":"Navir","slug":"navir-it"}],"_links":{"self":[{"href":"https:\/\/talenti.si\/it\/wp-json\/wp\/v2\/product\/23954","targetHints":{"allow":["GET"]}}],"collection":[{"href":"https:\/\/talenti.si\/it\/wp-json\/wp\/v2\/product"}],"about":[{"href":"https:\/\/talenti.si\/it\/wp-json\/wp\/v2\/types\/product"}],"replies":[{"embeddable":true,"href":"https:\/\/talenti.si\/it\/wp-json\/wp\/v2\/comments?post=23954"}],"wp:featuredmedia":[{"embeddable":true,"href":"https:\/\/talenti.si\/it\/wp-json\/wp\/v2\/media\/23179"}],"wp:attachment":[{"href":"https:\/\/talenti.si\/it\/wp-json\/wp\/v2\/media?parent=23954"}],"wp:term":[{"taxonomy":"pwb-brand","embeddable":true,"href":"https:\/\/talenti.si\/it\/wp-json\/wp\/v2\/pwb-brand?post=23954"},{"taxonomy":"product_brand","embeddable":true,"href":"https:\/\/talenti.si\/it\/wp-json\/wp\/v2\/product_brand?post=23954"},{"taxonomy":"product_cat","embeddable":true,"href":"https:\/\/talenti.si\/it\/wp-json\/wp\/v2\/product_cat?post=23954"},{"taxonomy":"product_tag","embeddable":true,"href":"https:\/\/talenti.si\/it\/wp-json\/wp\/v2\/product_tag?post=23954"}],"curies":[{"name":"wp","href":"https:\/\/api.w.org\/{rel}","templated":true}]}}