{"id":24819,"date":"2023-06-20T10:46:09","date_gmt":"2023-06-20T10:46:09","guid":{"rendered":"https:\/\/talenti.si\/senza-categoria\/guanto-da-bagno-pesce-conny-grande\/"},"modified":"2023-06-21T11:36:12","modified_gmt":"2023-06-21T11:36:12","slug":"guanto-da-bagno-pesce-conny-grande","status":"publish","type":"product","link":"https:\/\/talenti.si\/it\/varie\/accessori-bagno-e-giochi-d-acqua\/guanto-da-bagno-pesce-conny-grande\/","title":{"rendered":"Guanto da bagno Pesce Conny grande"},"content":{"rendered":"<p>Guanti morbidi per il lavaggio dei bambini sono realizzate con cura in cotone biologico di alta qualit\u00e0 e non contengono sostanze dannose per la pelle. Il loro compito principale \u00e8 quello di rendere divertente il bagno! Quando si indossa il guanto, l&#8217;animale prende immediatamente vita e il tempo in acqua passa improvvisamente troppo velocemente!<\/p>\n<p><strong>Caratteristiche:<\/strong><\/p>\n<ul>\n<li>Dimensioni: <strong>12<\/strong> x <strong>21,5<\/strong> cm<\/li>\n<li>Materiali &#8211; <strong>cotone<\/strong> <strong>biologico<\/strong><\/li>\n<li>Istruzioni per la cura: lavare a 60\u00b0 C, non stirare<\/li>\n<li>Et\u00e0 consigliata: <strong>0+<\/strong><\/li>\n<li>Made <strong>in EU<\/strong><\/li>\n<li>Il prezzo si riferisce a <strong>1<\/strong> pezzo.<\/li>\n<\/ul>\n<p><strong style=\"font-size: 10px;\">ATTENZIONE!<\/strong><span style=\"font-size: 10px;\"> Prima di consegnare l&#8217;articolo al bambino, rimuovi tutte le parti dell&#8217;imballaggio. Salva queste informazioni per un utilizzo successivo.<\/span><\/p>\n","protected":false},"excerpt":{"rendered":"<p>Guanti morbidi per il lavaggio dei bambini sono realizzate con cura in cotone biologico di alta qualit\u00e0 e non contengono sostanze dannose per la pelle. Il loro compito principale \u00e8 quello di rendere divertente il bagno! Quando si indossa il guanto, l&#8217;animale prende immediatamente vita e il tempo in acqua passa improvvisamente troppo velocemente! Caratteristiche: [&hellip;]<\/p>\n","protected":false},"featured_media":31887,"comment_status":"open","ping_status":"closed","template":"","meta":{"_acf_changed":false},"pwb-brand":[2426],"product_brand":[],"product_cat":[2422],"product_tag":[2310,2213,2431,2432],"class_list":{"0":"post-24819","1":"product","2":"type-product","3":"status-publish","4":"has-post-thumbnail","6":"pwb-brand-furnis-it","7":"product_cat-accessori-bagno-e-giochi-d-acqua","8":"product_tag-acqua","9":"product_tag-animali","10":"product_tag-neonati","11":"product_tag-nuotare","13":"first","14":"instock","15":"taxable","16":"shipping-taxable","17":"purchasable","18":"product-type-simple"},"acf":[],"yoast_head":"<!-- This site is optimized with the Yoast SEO plugin v25.8 - https:\/\/yoast.com\/wordpress\/plugins\/seo\/ -->\n<title>Guanto da bagno Pesce Conny grande - Talenti.si<\/title>\n<meta name=\"description\" content=\"Guanti morbidi per il lavaggio dei bambini sono realizzate con cura in cotone biologico di alta qualit\u00e0 e non contengono sostanze dannose per la pelle. Il loro compito principale \u00e8 quello di rendere divertente il bagno! Quando si indossa il guanto, l&#039;animale prende immediatamente vita e il tempo in acqua passa improvvisamente troppo velocemente!\" \/>\n<meta name=\"robots\" content=\"index, follow, max-snippet:-1, max-image-preview:large, max-video-preview:-1\" \/>\n<link rel=\"canonical\" href=\"https:\/\/talenti.si\/it\/varie\/accessori-bagno-e-giochi-d-acqua\/guanto-da-bagno-pesce-conny-grande\/\" \/>\n<meta property=\"og:locale\" content=\"it_IT\" \/>\n<meta property=\"og:type\" content=\"article\" \/>\n<meta property=\"og:title\" content=\"Guanto da bagno Pesce Conny grande - Talenti.si\" \/>\n<meta property=\"og:description\" content=\"Guanti morbidi per il lavaggio dei bambini sono realizzate con cura in cotone biologico di alta qualit\u00e0 e non contengono sostanze dannose per la pelle. Il loro compito principale \u00e8 quello di rendere divertente il bagno! Quando si indossa il guanto, l&#039;animale prende immediatamente vita e il tempo in acqua passa improvvisamente troppo velocemente!\" \/>\n<meta property=\"og:url\" content=\"https:\/\/talenti.si\/it\/varie\/accessori-bagno-e-giochi-d-acqua\/guanto-da-bagno-pesce-conny-grande\/\" \/>\n<meta property=\"og:site_name\" content=\"Talenti.si\" \/>\n<meta property=\"article:modified_time\" content=\"2023-06-21T11:36:12+00:00\" \/>\n<meta property=\"og:image\" content=\"https:\/\/talenti.si\/wp-content\/uploads\/2023\/06\/ribica-596.jpg\" \/>\n\t<meta property=\"og:image:width\" content=\"1000\" \/>\n\t<meta property=\"og:image:height\" content=\"1000\" \/>\n\t<meta property=\"og:image:type\" content=\"image\/jpeg\" \/>\n<meta name=\"twitter:card\" content=\"summary_large_image\" \/>\n<meta name=\"twitter:label1\" content=\"Tempo di lettura stimato\" \/>\n\t<meta name=\"twitter:data1\" content=\"1 minuto\" \/>\n<script type=\"application\/ld+json\" class=\"yoast-schema-graph\">{\"@context\":\"https:\/\/schema.org\",\"@graph\":[{\"@type\":\"WebPage\",\"@id\":\"https:\/\/talenti.si\/it\/varie\/accessori-bagno-e-giochi-d-acqua\/guanto-da-bagno-pesce-conny-grande\/\",\"url\":\"https:\/\/talenti.si\/it\/varie\/accessori-bagno-e-giochi-d-acqua\/guanto-da-bagno-pesce-conny-grande\/\",\"name\":\"Guanto da bagno Pesce Conny grande - Talenti.si\",\"isPartOf\":{\"@id\":\"https:\/\/talenti.si\/it\/#website\"},\"primaryImageOfPage\":{\"@id\":\"https:\/\/talenti.si\/it\/varie\/accessori-bagno-e-giochi-d-acqua\/guanto-da-bagno-pesce-conny-grande\/#primaryimage\"},\"image\":{\"@id\":\"https:\/\/talenti.si\/it\/varie\/accessori-bagno-e-giochi-d-acqua\/guanto-da-bagno-pesce-conny-grande\/#primaryimage\"},\"thumbnailUrl\":\"https:\/\/talenti.si\/wp-content\/uploads\/2023\/06\/IMG_3594.jpeg\",\"datePublished\":\"2023-06-20T10:46:09+00:00\",\"dateModified\":\"2023-06-21T11:36:12+00:00\",\"description\":\"Guanti morbidi per il lavaggio dei bambini sono realizzate con cura in cotone biologico di alta qualit\u00e0 e non contengono sostanze dannose per la pelle. Il loro compito principale \u00e8 quello di rendere divertente il bagno! Quando si indossa il guanto, l'animale prende immediatamente vita e il tempo in acqua passa improvvisamente troppo velocemente!\",\"breadcrumb\":{\"@id\":\"https:\/\/talenti.si\/it\/varie\/accessori-bagno-e-giochi-d-acqua\/guanto-da-bagno-pesce-conny-grande\/#breadcrumb\"},\"inLanguage\":\"it-IT\",\"potentialAction\":[{\"@type\":\"ReadAction\",\"target\":[\"https:\/\/talenti.si\/it\/varie\/accessori-bagno-e-giochi-d-acqua\/guanto-da-bagno-pesce-conny-grande\/\"]}]},{\"@type\":\"ImageObject\",\"inLanguage\":\"it-IT\",\"@id\":\"https:\/\/talenti.si\/it\/varie\/accessori-bagno-e-giochi-d-acqua\/guanto-da-bagno-pesce-conny-grande\/#primaryimage\",\"url\":\"https:\/\/talenti.si\/wp-content\/uploads\/2023\/06\/IMG_3594.jpeg\",\"contentUrl\":\"https:\/\/talenti.si\/wp-content\/uploads\/2023\/06\/IMG_3594.jpeg\",\"width\":1000,\"height\":1000},{\"@type\":\"BreadcrumbList\",\"@id\":\"https:\/\/talenti.si\/it\/varie\/accessori-bagno-e-giochi-d-acqua\/guanto-da-bagno-pesce-conny-grande\/#breadcrumb\",\"itemListElement\":[{\"@type\":\"ListItem\",\"position\":1,\"name\":\"Home\",\"item\":\"https:\/\/talenti.si\/it\/\"},{\"@type\":\"ListItem\",\"position\":2,\"name\":\"Negozio\",\"item\":\"https:\/\/talenti.si\/it\/negozio\/\"},{\"@type\":\"ListItem\",\"position\":3,\"name\":\"Guanto da bagno Pesce Conny grande\"}]},{\"@type\":\"WebSite\",\"@id\":\"https:\/\/talenti.si\/it\/#website\",\"url\":\"https:\/\/talenti.si\/it\/\",\"name\":\"Talenti.si\",\"description\":\"Spletna trgovina za vse \u017eonglerje in podobne talente. Vse za \u017eongliranje, yoyo, frizbi, bumerang, kite... in \u0161e in \u0161e.\",\"publisher\":{\"@id\":\"https:\/\/talenti.si\/it\/#organization\"},\"potentialAction\":[{\"@type\":\"SearchAction\",\"target\":{\"@type\":\"EntryPoint\",\"urlTemplate\":\"https:\/\/talenti.si\/it\/?s={search_term_string}\"},\"query-input\":{\"@type\":\"PropertyValueSpecification\",\"valueRequired\":true,\"valueName\":\"search_term_string\"}}],\"inLanguage\":\"it-IT\"},{\"@type\":\"Organization\",\"@id\":\"https:\/\/talenti.si\/it\/#organization\",\"name\":\"Talenti.si\",\"url\":\"https:\/\/talenti.si\/it\/\",\"logo\":{\"@type\":\"ImageObject\",\"inLanguage\":\"it-IT\",\"@id\":\"https:\/\/talenti.si\/it\/#\/schema\/logo\/image\/\",\"url\":\"https:\/\/talenti.si\/wp-content\/uploads\/2021\/12\/logo-talent-pravi-dark.png\",\"contentUrl\":\"https:\/\/talenti.si\/wp-content\/uploads\/2021\/12\/logo-talent-pravi-dark.png\",\"width\":145,\"height\":83,\"caption\":\"Talenti.si\"},\"image\":{\"@id\":\"https:\/\/talenti.si\/it\/#\/schema\/logo\/image\/\"}}]}<\/script>\n<!-- \/ Yoast SEO plugin. -->","yoast_head_json":{"title":"Guanto da bagno Pesce Conny grande - Talenti.si","description":"Guanti morbidi per il lavaggio dei bambini sono realizzate con cura in cotone biologico di alta qualit\u00e0 e non contengono sostanze dannose per la pelle. Il loro compito principale \u00e8 quello di rendere divertente il bagno! Quando si indossa il guanto, l'animale prende immediatamente vita e il tempo in acqua passa improvvisamente troppo velocemente!","robots":{"index":"index","follow":"follow","max-snippet":"max-snippet:-1","max-image-preview":"max-image-preview:large","max-video-preview":"max-video-preview:-1"},"canonical":"https:\/\/talenti.si\/it\/varie\/accessori-bagno-e-giochi-d-acqua\/guanto-da-bagno-pesce-conny-grande\/","og_locale":"it_IT","og_type":"article","og_title":"Guanto da bagno Pesce Conny grande - Talenti.si","og_description":"Guanti morbidi per il lavaggio dei bambini sono realizzate con cura in cotone biologico di alta qualit\u00e0 e non contengono sostanze dannose per la pelle. Il loro compito principale \u00e8 quello di rendere divertente il bagno! Quando si indossa il guanto, l'animale prende immediatamente vita e il tempo in acqua passa improvvisamente troppo velocemente!","og_url":"https:\/\/talenti.si\/it\/varie\/accessori-bagno-e-giochi-d-acqua\/guanto-da-bagno-pesce-conny-grande\/","og_site_name":"Talenti.si","article_modified_time":"2023-06-21T11:36:12+00:00","og_image":[{"width":1000,"height":1000,"url":"https:\/\/talenti.si\/wp-content\/uploads\/2023\/06\/ribica-596.jpg","type":"image\/jpeg"}],"twitter_card":"summary_large_image","twitter_misc":{"Tempo di lettura stimato":"1 minuto"},"schema":{"@context":"https:\/\/schema.org","@graph":[{"@type":"WebPage","@id":"https:\/\/talenti.si\/it\/varie\/accessori-bagno-e-giochi-d-acqua\/guanto-da-bagno-pesce-conny-grande\/","url":"https:\/\/talenti.si\/it\/varie\/accessori-bagno-e-giochi-d-acqua\/guanto-da-bagno-pesce-conny-grande\/","name":"Guanto da bagno Pesce Conny grande - Talenti.si","isPartOf":{"@id":"https:\/\/talenti.si\/it\/#website"},"primaryImageOfPage":{"@id":"https:\/\/talenti.si\/it\/varie\/accessori-bagno-e-giochi-d-acqua\/guanto-da-bagno-pesce-conny-grande\/#primaryimage"},"image":{"@id":"https:\/\/talenti.si\/it\/varie\/accessori-bagno-e-giochi-d-acqua\/guanto-da-bagno-pesce-conny-grande\/#primaryimage"},"thumbnailUrl":"https:\/\/talenti.si\/wp-content\/uploads\/2023\/06\/IMG_3594.jpeg","datePublished":"2023-06-20T10:46:09+00:00","dateModified":"2023-06-21T11:36:12+00:00","description":"Guanti morbidi per il lavaggio dei bambini sono realizzate con cura in cotone biologico di alta qualit\u00e0 e non contengono sostanze dannose per la pelle. Il loro compito principale \u00e8 quello di rendere divertente il bagno! Quando si indossa il guanto, l'animale prende immediatamente vita e il tempo in acqua passa improvvisamente troppo velocemente!","breadcrumb":{"@id":"https:\/\/talenti.si\/it\/varie\/accessori-bagno-e-giochi-d-acqua\/guanto-da-bagno-pesce-conny-grande\/#breadcrumb"},"inLanguage":"it-IT","potentialAction":[{"@type":"ReadAction","target":["https:\/\/talenti.si\/it\/varie\/accessori-bagno-e-giochi-d-acqua\/guanto-da-bagno-pesce-conny-grande\/"]}]},{"@type":"ImageObject","inLanguage":"it-IT","@id":"https:\/\/talenti.si\/it\/varie\/accessori-bagno-e-giochi-d-acqua\/guanto-da-bagno-pesce-conny-grande\/#primaryimage","url":"https:\/\/talenti.si\/wp-content\/uploads\/2023\/06\/IMG_3594.jpeg","contentUrl":"https:\/\/talenti.si\/wp-content\/uploads\/2023\/06\/IMG_3594.jpeg","width":1000,"height":1000},{"@type":"BreadcrumbList","@id":"https:\/\/talenti.si\/it\/varie\/accessori-bagno-e-giochi-d-acqua\/guanto-da-bagno-pesce-conny-grande\/#breadcrumb","itemListElement":[{"@type":"ListItem","position":1,"name":"Home","item":"https:\/\/talenti.si\/it\/"},{"@type":"ListItem","position":2,"name":"Negozio","item":"https:\/\/talenti.si\/it\/negozio\/"},{"@type":"ListItem","position":3,"name":"Guanto da bagno Pesce Conny grande"}]},{"@type":"WebSite","@id":"https:\/\/talenti.si\/it\/#website","url":"https:\/\/talenti.si\/it\/","name":"Talenti.si","description":"Spletna trgovina za vse \u017eonglerje in podobne talente. Vse za \u017eongliranje, yoyo, frizbi, bumerang, kite... in \u0161e in \u0161e.","publisher":{"@id":"https:\/\/talenti.si\/it\/#organization"},"potentialAction":[{"@type":"SearchAction","target":{"@type":"EntryPoint","urlTemplate":"https:\/\/talenti.si\/it\/?s={search_term_string}"},"query-input":{"@type":"PropertyValueSpecification","valueRequired":true,"valueName":"search_term_string"}}],"inLanguage":"it-IT"},{"@type":"Organization","@id":"https:\/\/talenti.si\/it\/#organization","name":"Talenti.si","url":"https:\/\/talenti.si\/it\/","logo":{"@type":"ImageObject","inLanguage":"it-IT","@id":"https:\/\/talenti.si\/it\/#\/schema\/logo\/image\/","url":"https:\/\/talenti.si\/wp-content\/uploads\/2021\/12\/logo-talent-pravi-dark.png","contentUrl":"https:\/\/talenti.si\/wp-content\/uploads\/2021\/12\/logo-talent-pravi-dark.png","width":145,"height":83,"caption":"Talenti.si"},"image":{"@id":"https:\/\/talenti.si\/it\/#\/schema\/logo\/image\/"}}]}},"brands":[{"id":2426,"name":"F\u00fcrnis","slug":"furnis-it"}],"_links":{"self":[{"href":"https:\/\/talenti.si\/it\/wp-json\/wp\/v2\/product\/24819","targetHints":{"allow":["GET"]}}],"collection":[{"href":"https:\/\/talenti.si\/it\/wp-json\/wp\/v2\/product"}],"about":[{"href":"https:\/\/talenti.si\/it\/wp-json\/wp\/v2\/types\/product"}],"replies":[{"embeddable":true,"href":"https:\/\/talenti.si\/it\/wp-json\/wp\/v2\/comments?post=24819"}],"wp:featuredmedia":[{"embeddable":true,"href":"https:\/\/talenti.si\/it\/wp-json\/wp\/v2\/media\/31887"}],"wp:attachment":[{"href":"https:\/\/talenti.si\/it\/wp-json\/wp\/v2\/media?parent=24819"}],"wp:term":[{"taxonomy":"pwb-brand","embeddable":true,"href":"https:\/\/talenti.si\/it\/wp-json\/wp\/v2\/pwb-brand?post=24819"},{"taxonomy":"product_brand","embeddable":true,"href":"https:\/\/talenti.si\/it\/wp-json\/wp\/v2\/product_brand?post=24819"},{"taxonomy":"product_cat","embeddable":true,"href":"https:\/\/talenti.si\/it\/wp-json\/wp\/v2\/product_cat?post=24819"},{"taxonomy":"product_tag","embeddable":true,"href":"https:\/\/talenti.si\/it\/wp-json\/wp\/v2\/product_tag?post=24819"}],"curies":[{"name":"wp","href":"https:\/\/api.w.org\/{rel}","templated":true}]}}