{"id":25038,"date":"2012-05-13T21:59:54","date_gmt":"2012-05-13T21:59:54","guid":{"rendered":"https:\/\/talenti.si\/senza-categoria\/aquilone-acrobatico-quickstep-ii-chroma\/"},"modified":"2012-05-13T21:59:54","modified_gmt":"2012-05-13T21:59:54","slug":"aquilone-acrobatico-quickstep-chroma","status":"publish","type":"product","link":"https:\/\/talenti.si\/it\/sport-it\/aquiloni-acrobatici\/aquilone-acrobatico-quickstep-chroma\/","title":{"rendered":"Aquilone acrobatico Quickstep II Chroma"},"content":{"rendered":"<div id=\"product_description\" class=\"ui-tabs-panel ui-widget-content ui-corner-bottom\">\n<p>Un eccellente aquilone acrobatico per i principianti. \u00c8 consigliato per venti da 2 a 5 bft (medi). \u00c8 costruito in fibra di vetro (vetroresina) di 4 mm di diametro e la vela \u00e8 in Ripstop (il materiale utilizzato per la vela della barca).<\/p>\n<p><strong>Caratteristiche:<\/strong><\/p>\n<ul>\n<li>Dimensioni: <strong>135<\/strong> x <strong>60<\/strong> cm<\/li>\n<li>Materiali &#8211; <strong>Ripstop<\/strong> &#8211; <strong>Poliestere <\/strong><\/li>\n<li>Corda (lunghezza e forza): <strong>2<\/strong> x <strong>20<\/strong> m &#8211; Poliestere &#8211; <strong>20<\/strong> kg<\/li>\n<li>Gamma di vento: <strong>2<\/strong> &#8211; <strong>5<\/strong> bft (<strong>6<\/strong>&#8211;<strong>38<\/strong> km\/h)<\/li>\n<\/ul>\n<p><strong style=\"font-size: 10px;\">ATTENZIONE!<\/strong> <span style=\"font-size: 10px;\">L&#8217;articolo non \u00e8 adatto ai bambini di et\u00e0 inferiore ai 3 anni. I piccoli pezzi sono pericolosi perch\u00e9 possono essere inalati o ingeriti. Il prodotto contiene una lunga corda che pu\u00f2 rappresentare un pericolo di soffocamento per i bambini. Prima di consegnare l\u2019articolo al bambino, rimuovi tutte le parti dell\u2019imballaggio. Salva queste informazioni per un utilizzo successivo.<\/span><\/p>\n<\/div>\n","protected":false},"excerpt":{"rendered":"<p>Un eccellente aquilone acrobatico per i principianti. \u00c8 consigliato per venti da 2 a 5 bft (medi). \u00c8 costruito in fibra di vetro (vetroresina) di 4 mm di diametro e la vela \u00e8 in Ripstop (il materiale utilizzato per la vela della barca). Caratteristiche: Dimensioni: 135 x 60 cm Materiali &#8211; Ripstop &#8211; Poliestere Corda [&hellip;]<\/p>\n","protected":false},"featured_media":13972,"comment_status":"open","ping_status":"closed","template":"","meta":{"_acf_changed":false},"pwb-brand":[2073],"product_brand":[],"product_cat":[1771],"product_tag":[2453,2512,2490],"class_list":{"0":"post-25038","1":"product","2":"type-product","3":"status-publish","4":"has-post-thumbnail","6":"pwb-brand-invento-hq-it","7":"product_cat-aquiloni-acrobatici","8":"product_tag-aquilone","9":"product_tag-chroma-it","10":"product_tag-quickstep-it","12":"first","13":"instock","14":"taxable","15":"shipping-taxable","16":"purchasable","17":"product-type-simple"},"acf":[],"yoast_head":"<!-- This site is optimized with the Yoast SEO plugin v25.8 - https:\/\/yoast.com\/wordpress\/plugins\/seo\/ -->\n<title>Aquilone acrobatico Quickstep II Chroma - Talenti.si<\/title>\n<meta name=\"description\" content=\"Un eccellente aquilone acrobatico per i principianti. \u00c8 consigliato per venti da 2 a 5 bft (medi). \u00c8 costruito in fibra di vetro (vetroresina) di 4 mm di diametro e la vela \u00e8 in Ripstop (il materiale utilizzato per la vela della barca).\" \/>\n<meta name=\"robots\" content=\"index, follow, max-snippet:-1, max-image-preview:large, max-video-preview:-1\" \/>\n<link rel=\"canonical\" href=\"https:\/\/talenti.si\/it\/sport-it\/aquiloni-acrobatici\/aquilone-acrobatico-quickstep-chroma\/\" \/>\n<meta property=\"og:locale\" content=\"it_IT\" \/>\n<meta property=\"og:type\" content=\"article\" \/>\n<meta property=\"og:title\" content=\"Aquilone acrobatico Quickstep II Chroma - Talenti.si\" \/>\n<meta property=\"og:description\" content=\"Un eccellente aquilone acrobatico per i principianti. \u00c8 consigliato per venti da 2 a 5 bft (medi). \u00c8 costruito in fibra di vetro (vetroresina) di 4 mm di diametro e la vela \u00e8 in Ripstop (il materiale utilizzato per la vela della barca).\" \/>\n<meta property=\"og:url\" content=\"https:\/\/talenti.si\/it\/sport-it\/aquiloni-acrobatici\/aquilone-acrobatico-quickstep-chroma\/\" \/>\n<meta property=\"og:site_name\" content=\"Talenti.si\" \/>\n<meta property=\"og:image\" content=\"https:\/\/talenti.si\/wp-content\/uploads\/2022\/01\/Quickstep-II-Chroma.jpg\" \/>\n\t<meta property=\"og:image:width\" content=\"500\" \/>\n\t<meta property=\"og:image:height\" content=\"223\" \/>\n\t<meta property=\"og:image:type\" content=\"image\/jpeg\" \/>\n<meta name=\"twitter:card\" content=\"summary_large_image\" \/>\n<meta name=\"twitter:label1\" content=\"Tempo di lettura stimato\" \/>\n\t<meta name=\"twitter:data1\" content=\"1 minuto\" \/>\n<script type=\"application\/ld+json\" class=\"yoast-schema-graph\">{\"@context\":\"https:\/\/schema.org\",\"@graph\":[{\"@type\":\"WebPage\",\"@id\":\"https:\/\/talenti.si\/it\/sport-it\/aquiloni-acrobatici\/aquilone-acrobatico-quickstep-chroma\/\",\"url\":\"https:\/\/talenti.si\/it\/sport-it\/aquiloni-acrobatici\/aquilone-acrobatico-quickstep-chroma\/\",\"name\":\"Aquilone acrobatico Quickstep II Chroma - Talenti.si\",\"isPartOf\":{\"@id\":\"https:\/\/talenti.si\/it\/#website\"},\"primaryImageOfPage\":{\"@id\":\"https:\/\/talenti.si\/it\/sport-it\/aquiloni-acrobatici\/aquilone-acrobatico-quickstep-chroma\/#primaryimage\"},\"image\":{\"@id\":\"https:\/\/talenti.si\/it\/sport-it\/aquiloni-acrobatici\/aquilone-acrobatico-quickstep-chroma\/#primaryimage\"},\"thumbnailUrl\":\"https:\/\/talenti.si\/wp-content\/uploads\/2022\/01\/Quickstep-II-Chroma.jpg\",\"datePublished\":\"2012-05-13T21:59:54+00:00\",\"description\":\"Un eccellente aquilone acrobatico per i principianti. \u00c8 consigliato per venti da 2 a 5 bft (medi). \u00c8 costruito in fibra di vetro (vetroresina) di 4 mm di diametro e la vela \u00e8 in Ripstop (il materiale utilizzato per la vela della barca).\",\"breadcrumb\":{\"@id\":\"https:\/\/talenti.si\/it\/sport-it\/aquiloni-acrobatici\/aquilone-acrobatico-quickstep-chroma\/#breadcrumb\"},\"inLanguage\":\"it-IT\",\"potentialAction\":[{\"@type\":\"ReadAction\",\"target\":[\"https:\/\/talenti.si\/it\/sport-it\/aquiloni-acrobatici\/aquilone-acrobatico-quickstep-chroma\/\"]}]},{\"@type\":\"ImageObject\",\"inLanguage\":\"it-IT\",\"@id\":\"https:\/\/talenti.si\/it\/sport-it\/aquiloni-acrobatici\/aquilone-acrobatico-quickstep-chroma\/#primaryimage\",\"url\":\"https:\/\/talenti.si\/wp-content\/uploads\/2022\/01\/Quickstep-II-Chroma.jpg\",\"contentUrl\":\"https:\/\/talenti.si\/wp-content\/uploads\/2022\/01\/Quickstep-II-Chroma.jpg\",\"width\":500,\"height\":223},{\"@type\":\"BreadcrumbList\",\"@id\":\"https:\/\/talenti.si\/it\/sport-it\/aquiloni-acrobatici\/aquilone-acrobatico-quickstep-chroma\/#breadcrumb\",\"itemListElement\":[{\"@type\":\"ListItem\",\"position\":1,\"name\":\"Home\",\"item\":\"https:\/\/talenti.si\/it\/\"},{\"@type\":\"ListItem\",\"position\":2,\"name\":\"Negozio\",\"item\":\"https:\/\/talenti.si\/it\/negozio\/\"},{\"@type\":\"ListItem\",\"position\":3,\"name\":\"Aquilone acrobatico Quickstep II Chroma\"}]},{\"@type\":\"WebSite\",\"@id\":\"https:\/\/talenti.si\/it\/#website\",\"url\":\"https:\/\/talenti.si\/it\/\",\"name\":\"Talenti.si\",\"description\":\"Spletna trgovina za vse \u017eonglerje in podobne talente. Vse za \u017eongliranje, yoyo, frizbi, bumerang, kite... in \u0161e in \u0161e.\",\"publisher\":{\"@id\":\"https:\/\/talenti.si\/it\/#organization\"},\"potentialAction\":[{\"@type\":\"SearchAction\",\"target\":{\"@type\":\"EntryPoint\",\"urlTemplate\":\"https:\/\/talenti.si\/it\/?s={search_term_string}\"},\"query-input\":{\"@type\":\"PropertyValueSpecification\",\"valueRequired\":true,\"valueName\":\"search_term_string\"}}],\"inLanguage\":\"it-IT\"},{\"@type\":\"Organization\",\"@id\":\"https:\/\/talenti.si\/it\/#organization\",\"name\":\"Talenti.si\",\"url\":\"https:\/\/talenti.si\/it\/\",\"logo\":{\"@type\":\"ImageObject\",\"inLanguage\":\"it-IT\",\"@id\":\"https:\/\/talenti.si\/it\/#\/schema\/logo\/image\/\",\"url\":\"https:\/\/talenti.si\/wp-content\/uploads\/2021\/12\/logo-talent-pravi-dark.png\",\"contentUrl\":\"https:\/\/talenti.si\/wp-content\/uploads\/2021\/12\/logo-talent-pravi-dark.png\",\"width\":145,\"height\":83,\"caption\":\"Talenti.si\"},\"image\":{\"@id\":\"https:\/\/talenti.si\/it\/#\/schema\/logo\/image\/\"}}]}<\/script>\n<!-- \/ Yoast SEO plugin. -->","yoast_head_json":{"title":"Aquilone acrobatico Quickstep II Chroma - Talenti.si","description":"Un eccellente aquilone acrobatico per i principianti. \u00c8 consigliato per venti da 2 a 5 bft (medi). \u00c8 costruito in fibra di vetro (vetroresina) di 4 mm di diametro e la vela \u00e8 in Ripstop (il materiale utilizzato per la vela della barca).","robots":{"index":"index","follow":"follow","max-snippet":"max-snippet:-1","max-image-preview":"max-image-preview:large","max-video-preview":"max-video-preview:-1"},"canonical":"https:\/\/talenti.si\/it\/sport-it\/aquiloni-acrobatici\/aquilone-acrobatico-quickstep-chroma\/","og_locale":"it_IT","og_type":"article","og_title":"Aquilone acrobatico Quickstep II Chroma - Talenti.si","og_description":"Un eccellente aquilone acrobatico per i principianti. \u00c8 consigliato per venti da 2 a 5 bft (medi). \u00c8 costruito in fibra di vetro (vetroresina) di 4 mm di diametro e la vela \u00e8 in Ripstop (il materiale utilizzato per la vela della barca).","og_url":"https:\/\/talenti.si\/it\/sport-it\/aquiloni-acrobatici\/aquilone-acrobatico-quickstep-chroma\/","og_site_name":"Talenti.si","og_image":[{"width":500,"height":223,"url":"https:\/\/talenti.si\/wp-content\/uploads\/2022\/01\/Quickstep-II-Chroma.jpg","type":"image\/jpeg"}],"twitter_card":"summary_large_image","twitter_misc":{"Tempo di lettura stimato":"1 minuto"},"schema":{"@context":"https:\/\/schema.org","@graph":[{"@type":"WebPage","@id":"https:\/\/talenti.si\/it\/sport-it\/aquiloni-acrobatici\/aquilone-acrobatico-quickstep-chroma\/","url":"https:\/\/talenti.si\/it\/sport-it\/aquiloni-acrobatici\/aquilone-acrobatico-quickstep-chroma\/","name":"Aquilone acrobatico Quickstep II Chroma - Talenti.si","isPartOf":{"@id":"https:\/\/talenti.si\/it\/#website"},"primaryImageOfPage":{"@id":"https:\/\/talenti.si\/it\/sport-it\/aquiloni-acrobatici\/aquilone-acrobatico-quickstep-chroma\/#primaryimage"},"image":{"@id":"https:\/\/talenti.si\/it\/sport-it\/aquiloni-acrobatici\/aquilone-acrobatico-quickstep-chroma\/#primaryimage"},"thumbnailUrl":"https:\/\/talenti.si\/wp-content\/uploads\/2022\/01\/Quickstep-II-Chroma.jpg","datePublished":"2012-05-13T21:59:54+00:00","description":"Un eccellente aquilone acrobatico per i principianti. \u00c8 consigliato per venti da 2 a 5 bft (medi). \u00c8 costruito in fibra di vetro (vetroresina) di 4 mm di diametro e la vela \u00e8 in Ripstop (il materiale utilizzato per la vela della barca).","breadcrumb":{"@id":"https:\/\/talenti.si\/it\/sport-it\/aquiloni-acrobatici\/aquilone-acrobatico-quickstep-chroma\/#breadcrumb"},"inLanguage":"it-IT","potentialAction":[{"@type":"ReadAction","target":["https:\/\/talenti.si\/it\/sport-it\/aquiloni-acrobatici\/aquilone-acrobatico-quickstep-chroma\/"]}]},{"@type":"ImageObject","inLanguage":"it-IT","@id":"https:\/\/talenti.si\/it\/sport-it\/aquiloni-acrobatici\/aquilone-acrobatico-quickstep-chroma\/#primaryimage","url":"https:\/\/talenti.si\/wp-content\/uploads\/2022\/01\/Quickstep-II-Chroma.jpg","contentUrl":"https:\/\/talenti.si\/wp-content\/uploads\/2022\/01\/Quickstep-II-Chroma.jpg","width":500,"height":223},{"@type":"BreadcrumbList","@id":"https:\/\/talenti.si\/it\/sport-it\/aquiloni-acrobatici\/aquilone-acrobatico-quickstep-chroma\/#breadcrumb","itemListElement":[{"@type":"ListItem","position":1,"name":"Home","item":"https:\/\/talenti.si\/it\/"},{"@type":"ListItem","position":2,"name":"Negozio","item":"https:\/\/talenti.si\/it\/negozio\/"},{"@type":"ListItem","position":3,"name":"Aquilone acrobatico Quickstep II Chroma"}]},{"@type":"WebSite","@id":"https:\/\/talenti.si\/it\/#website","url":"https:\/\/talenti.si\/it\/","name":"Talenti.si","description":"Spletna trgovina za vse \u017eonglerje in podobne talente. Vse za \u017eongliranje, yoyo, frizbi, bumerang, kite... in \u0161e in \u0161e.","publisher":{"@id":"https:\/\/talenti.si\/it\/#organization"},"potentialAction":[{"@type":"SearchAction","target":{"@type":"EntryPoint","urlTemplate":"https:\/\/talenti.si\/it\/?s={search_term_string}"},"query-input":{"@type":"PropertyValueSpecification","valueRequired":true,"valueName":"search_term_string"}}],"inLanguage":"it-IT"},{"@type":"Organization","@id":"https:\/\/talenti.si\/it\/#organization","name":"Talenti.si","url":"https:\/\/talenti.si\/it\/","logo":{"@type":"ImageObject","inLanguage":"it-IT","@id":"https:\/\/talenti.si\/it\/#\/schema\/logo\/image\/","url":"https:\/\/talenti.si\/wp-content\/uploads\/2021\/12\/logo-talent-pravi-dark.png","contentUrl":"https:\/\/talenti.si\/wp-content\/uploads\/2021\/12\/logo-talent-pravi-dark.png","width":145,"height":83,"caption":"Talenti.si"},"image":{"@id":"https:\/\/talenti.si\/it\/#\/schema\/logo\/image\/"}}]}},"brands":[{"id":2073,"name":"Invento HQ","slug":"invento-hq-it"}],"_links":{"self":[{"href":"https:\/\/talenti.si\/it\/wp-json\/wp\/v2\/product\/25038","targetHints":{"allow":["GET"]}}],"collection":[{"href":"https:\/\/talenti.si\/it\/wp-json\/wp\/v2\/product"}],"about":[{"href":"https:\/\/talenti.si\/it\/wp-json\/wp\/v2\/types\/product"}],"replies":[{"embeddable":true,"href":"https:\/\/talenti.si\/it\/wp-json\/wp\/v2\/comments?post=25038"}],"wp:featuredmedia":[{"embeddable":true,"href":"https:\/\/talenti.si\/it\/wp-json\/wp\/v2\/media\/13972"}],"wp:attachment":[{"href":"https:\/\/talenti.si\/it\/wp-json\/wp\/v2\/media?parent=25038"}],"wp:term":[{"taxonomy":"pwb-brand","embeddable":true,"href":"https:\/\/talenti.si\/it\/wp-json\/wp\/v2\/pwb-brand?post=25038"},{"taxonomy":"product_brand","embeddable":true,"href":"https:\/\/talenti.si\/it\/wp-json\/wp\/v2\/product_brand?post=25038"},{"taxonomy":"product_cat","embeddable":true,"href":"https:\/\/talenti.si\/it\/wp-json\/wp\/v2\/product_cat?post=25038"},{"taxonomy":"product_tag","embeddable":true,"href":"https:\/\/talenti.si\/it\/wp-json\/wp\/v2\/product_tag?post=25038"}],"curies":[{"name":"wp","href":"https:\/\/api.w.org\/{rel}","templated":true}]}}