{"id":25250,"date":"2012-05-07T19:18:49","date_gmt":"2012-05-07T19:18:49","guid":{"rendered":"https:\/\/talenti.si\/senza-categoria\/sil-x-67\/"},"modified":"2012-05-07T19:18:49","modified_gmt":"2012-05-07T19:18:49","slug":"sil-x","status":"publish","type":"product","link":"https:\/\/talenti.si\/it\/giocoleria\/beanbags-e-palline\/sil-x\/","title":{"rendered":"Sil-X 67"},"content":{"rendered":"<p>Infine, una delle migliori e pi\u00f9 ricercate palline da giocoleria professionali SIL-X. Sono ottime per la giocoleria classica e imbattibili per la giocoleria CONTACT, soprattutto nella versione da 100 mm. Le palline sono riempite di silicone liquido, che le conferisce un peso maggiore e una maggiore stabilit\u00e0 in volo oppure sul corpo. Durante il contacto, si sentir\u00e0 la pallina aderire letteralmente al corpo.<\/p>\n<p><strong>Caratteristiche:<\/strong><\/p>\n<ul>\n<li>Peso: <strong>110<\/strong> g<\/li>\n<li>Diametro: <strong>67<\/strong> mm<\/li>\n<li>Il prezzo si riferisce a <strong>1<\/strong> pezzo.<\/li>\n<\/ul>\n<p style=\"margin-top: 10px; margin-bottom: 15px; color: #333333; font-family: Arial, Helvetica, sans-serif; font-style: italic; line-height: 16px;\">\n","protected":false},"excerpt":{"rendered":"<p>Infine, una delle migliori e pi\u00f9 ricercate palline da giocoleria professionali SIL-X. Sono ottime per la giocoleria classica e imbattibili per la giocoleria CONTACT, soprattutto nella versione da 100 mm. Le palline sono riempite di silicone liquido, che le conferisce un peso maggiore e una maggiore stabilit\u00e0 in volo oppure sul corpo. Durante il contacto, [&hellip;]<\/p>\n","protected":false},"featured_media":13300,"comment_status":"open","ping_status":"closed","template":"","meta":{"_acf_changed":false},"pwb-brand":[2095],"product_brand":[],"product_cat":[1810],"product_tag":[2590],"class_list":{"0":"post-25250","1":"product","2":"type-product","3":"status-publish","4":"has-post-thumbnail","6":"pwb-brand-play-it","7":"product_cat-beanbags-e-palline","8":"product_tag-sil-x-it","10":"first","11":"instock","12":"taxable","13":"shipping-taxable","14":"purchasable","15":"product-type-variable"},"acf":[],"yoast_head":"<!-- This site is optimized with the Yoast SEO plugin v25.8 - https:\/\/yoast.com\/wordpress\/plugins\/seo\/ -->\n<title>Sil-X<\/title>\n<meta name=\"description\" content=\"Infine, una delle migliori e pi\u00f9 ricercate palline da giocoleria professionali SIL-X. Sono ottime per la giocoleria classica e imbattibili per la giocoleria CONTACT, soprattutto nella versione da 100 mm. La pallina \u00e8 riempita di silicone liquido,\" \/>\n<meta name=\"robots\" content=\"index, follow, max-snippet:-1, max-image-preview:large, max-video-preview:-1\" \/>\n<link rel=\"canonical\" href=\"https:\/\/talenti.si\/it\/giocoleria\/beanbags-e-palline\/sil-x\/\" \/>\n<meta property=\"og:locale\" content=\"it_IT\" \/>\n<meta property=\"og:type\" content=\"article\" \/>\n<meta property=\"og:title\" content=\"Sil-X\" \/>\n<meta property=\"og:description\" content=\"Infine, una delle migliori e pi\u00f9 ricercate palline da giocoleria professionali SIL-X. Sono ottime per la giocoleria classica e imbattibili per la giocoleria CONTACT, soprattutto nella versione da 100 mm. La pallina \u00e8 riempita di silicone liquido,\" \/>\n<meta property=\"og:url\" content=\"https:\/\/talenti.si\/it\/giocoleria\/beanbags-e-palline\/sil-x\/\" \/>\n<meta property=\"og:site_name\" content=\"Talenti.si\" \/>\n<meta property=\"og:image\" content=\"https:\/\/talenti.si\/wp-content\/uploads\/2022\/01\/sil_x.jpg\" \/>\n\t<meta property=\"og:image:width\" content=\"800\" \/>\n\t<meta property=\"og:image:height\" content=\"800\" \/>\n\t<meta property=\"og:image:type\" content=\"image\/jpeg\" \/>\n<meta name=\"twitter:card\" content=\"summary_large_image\" \/>\n<script type=\"application\/ld+json\" class=\"yoast-schema-graph\">{\"@context\":\"https:\/\/schema.org\",\"@graph\":[{\"@type\":\"WebPage\",\"@id\":\"https:\/\/talenti.si\/it\/giocoleria\/beanbags-e-palline\/sil-x\/\",\"url\":\"https:\/\/talenti.si\/it\/giocoleria\/beanbags-e-palline\/sil-x\/\",\"name\":\"Sil-X\",\"isPartOf\":{\"@id\":\"https:\/\/talenti.si\/it\/#website\"},\"primaryImageOfPage\":{\"@id\":\"https:\/\/talenti.si\/it\/giocoleria\/beanbags-e-palline\/sil-x\/#primaryimage\"},\"image\":{\"@id\":\"https:\/\/talenti.si\/it\/giocoleria\/beanbags-e-palline\/sil-x\/#primaryimage\"},\"thumbnailUrl\":\"https:\/\/talenti.si\/wp-content\/uploads\/2022\/01\/sil_x.jpg\",\"datePublished\":\"2012-05-07T19:18:49+00:00\",\"description\":\"Infine, una delle migliori e pi\u00f9 ricercate palline da giocoleria professionali SIL-X. Sono ottime per la giocoleria classica e imbattibili per la giocoleria CONTACT, soprattutto nella versione da 100 mm. La pallina \u00e8 riempita di silicone liquido,\",\"breadcrumb\":{\"@id\":\"https:\/\/talenti.si\/it\/giocoleria\/beanbags-e-palline\/sil-x\/#breadcrumb\"},\"inLanguage\":\"it-IT\",\"potentialAction\":[{\"@type\":\"ReadAction\",\"target\":[\"https:\/\/talenti.si\/it\/giocoleria\/beanbags-e-palline\/sil-x\/\"]}]},{\"@type\":\"ImageObject\",\"inLanguage\":\"it-IT\",\"@id\":\"https:\/\/talenti.si\/it\/giocoleria\/beanbags-e-palline\/sil-x\/#primaryimage\",\"url\":\"https:\/\/talenti.si\/wp-content\/uploads\/2022\/01\/sil_x.jpg\",\"contentUrl\":\"https:\/\/talenti.si\/wp-content\/uploads\/2022\/01\/sil_x.jpg\",\"width\":800,\"height\":800},{\"@type\":\"BreadcrumbList\",\"@id\":\"https:\/\/talenti.si\/it\/giocoleria\/beanbags-e-palline\/sil-x\/#breadcrumb\",\"itemListElement\":[{\"@type\":\"ListItem\",\"position\":1,\"name\":\"Home\",\"item\":\"https:\/\/talenti.si\/it\/\"},{\"@type\":\"ListItem\",\"position\":2,\"name\":\"Negozio\",\"item\":\"https:\/\/talenti.si\/it\/negozio\/\"},{\"@type\":\"ListItem\",\"position\":3,\"name\":\"Sil-X 67\"}]},{\"@type\":\"WebSite\",\"@id\":\"https:\/\/talenti.si\/it\/#website\",\"url\":\"https:\/\/talenti.si\/it\/\",\"name\":\"Talenti.si\",\"description\":\"Spletna trgovina za vse \u017eonglerje in podobne talente. Vse za \u017eongliranje, yoyo, frizbi, bumerang, kite... in \u0161e in \u0161e.\",\"publisher\":{\"@id\":\"https:\/\/talenti.si\/it\/#organization\"},\"potentialAction\":[{\"@type\":\"SearchAction\",\"target\":{\"@type\":\"EntryPoint\",\"urlTemplate\":\"https:\/\/talenti.si\/it\/?s={search_term_string}\"},\"query-input\":{\"@type\":\"PropertyValueSpecification\",\"valueRequired\":true,\"valueName\":\"search_term_string\"}}],\"inLanguage\":\"it-IT\"},{\"@type\":\"Organization\",\"@id\":\"https:\/\/talenti.si\/it\/#organization\",\"name\":\"Talenti.si\",\"url\":\"https:\/\/talenti.si\/it\/\",\"logo\":{\"@type\":\"ImageObject\",\"inLanguage\":\"it-IT\",\"@id\":\"https:\/\/talenti.si\/it\/#\/schema\/logo\/image\/\",\"url\":\"https:\/\/talenti.si\/wp-content\/uploads\/2021\/12\/logo-talent-pravi-dark.png\",\"contentUrl\":\"https:\/\/talenti.si\/wp-content\/uploads\/2021\/12\/logo-talent-pravi-dark.png\",\"width\":145,\"height\":83,\"caption\":\"Talenti.si\"},\"image\":{\"@id\":\"https:\/\/talenti.si\/it\/#\/schema\/logo\/image\/\"}}]}<\/script>\n<!-- \/ Yoast SEO plugin. -->","yoast_head_json":{"title":"Sil-X","description":"Infine, una delle migliori e pi\u00f9 ricercate palline da giocoleria professionali SIL-X. Sono ottime per la giocoleria classica e imbattibili per la giocoleria CONTACT, soprattutto nella versione da 100 mm. La pallina \u00e8 riempita di silicone liquido,","robots":{"index":"index","follow":"follow","max-snippet":"max-snippet:-1","max-image-preview":"max-image-preview:large","max-video-preview":"max-video-preview:-1"},"canonical":"https:\/\/talenti.si\/it\/giocoleria\/beanbags-e-palline\/sil-x\/","og_locale":"it_IT","og_type":"article","og_title":"Sil-X","og_description":"Infine, una delle migliori e pi\u00f9 ricercate palline da giocoleria professionali SIL-X. Sono ottime per la giocoleria classica e imbattibili per la giocoleria CONTACT, soprattutto nella versione da 100 mm. La pallina \u00e8 riempita di silicone liquido,","og_url":"https:\/\/talenti.si\/it\/giocoleria\/beanbags-e-palline\/sil-x\/","og_site_name":"Talenti.si","og_image":[{"width":800,"height":800,"url":"https:\/\/talenti.si\/wp-content\/uploads\/2022\/01\/sil_x.jpg","type":"image\/jpeg"}],"twitter_card":"summary_large_image","schema":{"@context":"https:\/\/schema.org","@graph":[{"@type":"WebPage","@id":"https:\/\/talenti.si\/it\/giocoleria\/beanbags-e-palline\/sil-x\/","url":"https:\/\/talenti.si\/it\/giocoleria\/beanbags-e-palline\/sil-x\/","name":"Sil-X","isPartOf":{"@id":"https:\/\/talenti.si\/it\/#website"},"primaryImageOfPage":{"@id":"https:\/\/talenti.si\/it\/giocoleria\/beanbags-e-palline\/sil-x\/#primaryimage"},"image":{"@id":"https:\/\/talenti.si\/it\/giocoleria\/beanbags-e-palline\/sil-x\/#primaryimage"},"thumbnailUrl":"https:\/\/talenti.si\/wp-content\/uploads\/2022\/01\/sil_x.jpg","datePublished":"2012-05-07T19:18:49+00:00","description":"Infine, una delle migliori e pi\u00f9 ricercate palline da giocoleria professionali SIL-X. Sono ottime per la giocoleria classica e imbattibili per la giocoleria CONTACT, soprattutto nella versione da 100 mm. La pallina \u00e8 riempita di silicone liquido,","breadcrumb":{"@id":"https:\/\/talenti.si\/it\/giocoleria\/beanbags-e-palline\/sil-x\/#breadcrumb"},"inLanguage":"it-IT","potentialAction":[{"@type":"ReadAction","target":["https:\/\/talenti.si\/it\/giocoleria\/beanbags-e-palline\/sil-x\/"]}]},{"@type":"ImageObject","inLanguage":"it-IT","@id":"https:\/\/talenti.si\/it\/giocoleria\/beanbags-e-palline\/sil-x\/#primaryimage","url":"https:\/\/talenti.si\/wp-content\/uploads\/2022\/01\/sil_x.jpg","contentUrl":"https:\/\/talenti.si\/wp-content\/uploads\/2022\/01\/sil_x.jpg","width":800,"height":800},{"@type":"BreadcrumbList","@id":"https:\/\/talenti.si\/it\/giocoleria\/beanbags-e-palline\/sil-x\/#breadcrumb","itemListElement":[{"@type":"ListItem","position":1,"name":"Home","item":"https:\/\/talenti.si\/it\/"},{"@type":"ListItem","position":2,"name":"Negozio","item":"https:\/\/talenti.si\/it\/negozio\/"},{"@type":"ListItem","position":3,"name":"Sil-X 67"}]},{"@type":"WebSite","@id":"https:\/\/talenti.si\/it\/#website","url":"https:\/\/talenti.si\/it\/","name":"Talenti.si","description":"Spletna trgovina za vse \u017eonglerje in podobne talente. Vse za \u017eongliranje, yoyo, frizbi, bumerang, kite... in \u0161e in \u0161e.","publisher":{"@id":"https:\/\/talenti.si\/it\/#organization"},"potentialAction":[{"@type":"SearchAction","target":{"@type":"EntryPoint","urlTemplate":"https:\/\/talenti.si\/it\/?s={search_term_string}"},"query-input":{"@type":"PropertyValueSpecification","valueRequired":true,"valueName":"search_term_string"}}],"inLanguage":"it-IT"},{"@type":"Organization","@id":"https:\/\/talenti.si\/it\/#organization","name":"Talenti.si","url":"https:\/\/talenti.si\/it\/","logo":{"@type":"ImageObject","inLanguage":"it-IT","@id":"https:\/\/talenti.si\/it\/#\/schema\/logo\/image\/","url":"https:\/\/talenti.si\/wp-content\/uploads\/2021\/12\/logo-talent-pravi-dark.png","contentUrl":"https:\/\/talenti.si\/wp-content\/uploads\/2021\/12\/logo-talent-pravi-dark.png","width":145,"height":83,"caption":"Talenti.si"},"image":{"@id":"https:\/\/talenti.si\/it\/#\/schema\/logo\/image\/"}}]}},"brands":[{"id":2095,"name":"Play","slug":"play-it"}],"_links":{"self":[{"href":"https:\/\/talenti.si\/it\/wp-json\/wp\/v2\/product\/25250","targetHints":{"allow":["GET"]}}],"collection":[{"href":"https:\/\/talenti.si\/it\/wp-json\/wp\/v2\/product"}],"about":[{"href":"https:\/\/talenti.si\/it\/wp-json\/wp\/v2\/types\/product"}],"replies":[{"embeddable":true,"href":"https:\/\/talenti.si\/it\/wp-json\/wp\/v2\/comments?post=25250"}],"wp:featuredmedia":[{"embeddable":true,"href":"https:\/\/talenti.si\/it\/wp-json\/wp\/v2\/media\/13300"}],"wp:attachment":[{"href":"https:\/\/talenti.si\/it\/wp-json\/wp\/v2\/media?parent=25250"}],"wp:term":[{"taxonomy":"pwb-brand","embeddable":true,"href":"https:\/\/talenti.si\/it\/wp-json\/wp\/v2\/pwb-brand?post=25250"},{"taxonomy":"product_brand","embeddable":true,"href":"https:\/\/talenti.si\/it\/wp-json\/wp\/v2\/product_brand?post=25250"},{"taxonomy":"product_cat","embeddable":true,"href":"https:\/\/talenti.si\/it\/wp-json\/wp\/v2\/product_cat?post=25250"},{"taxonomy":"product_tag","embeddable":true,"href":"https:\/\/talenti.si\/it\/wp-json\/wp\/v2\/product_tag?post=25250"}],"curies":[{"name":"wp","href":"https:\/\/api.w.org\/{rel}","templated":true}]}}