{"id":25666,"date":"2012-05-08T11:49:36","date_gmt":"2012-05-08T11:49:36","guid":{"rendered":"https:\/\/talenti.si\/senza-categoria\/one-dekor\/"},"modified":"2023-07-02T14:45:45","modified_gmt":"2023-07-02T14:45:45","slug":"one-dekor","status":"publish","type":"product","link":"https:\/\/talenti.si\/it\/giocoleria\/clave\/one-dekor\/","title":{"rendered":"One Dekor"},"content":{"rendered":"<p>Come dice il nome, clave One Dekor sono fatte tutte in un pezzo. Adatto per i principianti. Disponibile in diversi colori.<\/p>\n<p><strong>Caratteristiche:<\/strong><\/p>\n<ul>\n<li>Peso: <strong>200<\/strong> g<\/li>\n<li>Lunghezza: <strong>50<\/strong> cm<\/li>\n<li>Il prezzo si riferisce a <strong>1<\/strong> pezzo.<\/li>\n<\/ul>\n","protected":false},"excerpt":{"rendered":"<p>Come dice il nome, clave One Dekor sono fatte tutte in un pezzo. Adatto per i principianti. Disponibile in diversi colori. Caratteristiche: Peso: 200 g Lunghezza: 50 cm Il prezzo si riferisce a 1 pezzo.<\/p>\n","protected":false},"featured_media":38803,"comment_status":"open","ping_status":"closed","template":"","meta":{"_acf_changed":false},"pwb-brand":[2077],"product_brand":[],"product_cat":[1819],"product_tag":[2705,2732,2729],"class_list":{"0":"post-25666","1":"product","2":"type-product","3":"status-publish","4":"has-post-thumbnail","6":"pwb-brand-juggle-dream-it","7":"product_cat-clave","8":"product_tag-clave-it","9":"product_tag-dekor-it","10":"product_tag-one-it","12":"first","13":"instock","14":"taxable","15":"shipping-taxable","16":"purchasable","17":"product-type-variable"},"acf":[],"yoast_head":"<!-- This site is optimized with the Yoast SEO plugin v25.8 - https:\/\/yoast.com\/wordpress\/plugins\/seo\/ -->\n<title>One Dekor<\/title>\n<meta name=\"description\" content=\"Come dice il nome, clave One Dekor sono fatte tutte in un pezzo Adatto per i principianti. Disponibile in diversi colori.\" \/>\n<meta name=\"robots\" content=\"index, follow, max-snippet:-1, max-image-preview:large, max-video-preview:-1\" \/>\n<link rel=\"canonical\" href=\"https:\/\/talenti.si\/it\/giocoleria\/clave\/one-dekor\/\" \/>\n<meta property=\"og:locale\" content=\"it_IT\" \/>\n<meta property=\"og:type\" content=\"article\" \/>\n<meta property=\"og:title\" content=\"One Dekor\" \/>\n<meta property=\"og:description\" content=\"Come dice il nome, clave One Dekor sono fatte tutte in un pezzo Adatto per i principianti. Disponibile in diversi colori.\" \/>\n<meta property=\"og:url\" content=\"https:\/\/talenti.si\/it\/giocoleria\/clave\/one-dekor\/\" \/>\n<meta property=\"og:site_name\" content=\"Talenti.si\" \/>\n<meta property=\"article:modified_time\" content=\"2023-07-02T14:45:45+00:00\" \/>\n<meta property=\"og:image\" content=\"https:\/\/talenti.si\/wp-content\/uploads\/2022\/01\/clubs.jpg\" \/>\n\t<meta property=\"og:image:width\" content=\"225\" \/>\n\t<meta property=\"og:image:height\" content=\"225\" \/>\n\t<meta property=\"og:image:type\" content=\"image\/jpeg\" \/>\n<meta name=\"twitter:card\" content=\"summary_large_image\" \/>\n<meta name=\"twitter:label1\" content=\"Tempo di lettura stimato\" \/>\n\t<meta name=\"twitter:data1\" content=\"1 minuto\" \/>\n<script type=\"application\/ld+json\" class=\"yoast-schema-graph\">{\"@context\":\"https:\/\/schema.org\",\"@graph\":[{\"@type\":\"WebPage\",\"@id\":\"https:\/\/talenti.si\/it\/giocoleria\/clave\/one-dekor\/\",\"url\":\"https:\/\/talenti.si\/it\/giocoleria\/clave\/one-dekor\/\",\"name\":\"One Dekor\",\"isPartOf\":{\"@id\":\"https:\/\/talenti.si\/it\/#website\"},\"primaryImageOfPage\":{\"@id\":\"https:\/\/talenti.si\/it\/giocoleria\/clave\/one-dekor\/#primaryimage\"},\"image\":{\"@id\":\"https:\/\/talenti.si\/it\/giocoleria\/clave\/one-dekor\/#primaryimage\"},\"thumbnailUrl\":\"https:\/\/talenti.si\/wp-content\/uploads\/2012\/05\/keglji-one-dekor.jpg\",\"datePublished\":\"2012-05-08T11:49:36+00:00\",\"dateModified\":\"2023-07-02T14:45:45+00:00\",\"description\":\"Come dice il nome, clave One Dekor sono fatte tutte in un pezzo Adatto per i principianti. Disponibile in diversi colori.\",\"breadcrumb\":{\"@id\":\"https:\/\/talenti.si\/it\/giocoleria\/clave\/one-dekor\/#breadcrumb\"},\"inLanguage\":\"it-IT\",\"potentialAction\":[{\"@type\":\"ReadAction\",\"target\":[\"https:\/\/talenti.si\/it\/giocoleria\/clave\/one-dekor\/\"]}]},{\"@type\":\"ImageObject\",\"inLanguage\":\"it-IT\",\"@id\":\"https:\/\/talenti.si\/it\/giocoleria\/clave\/one-dekor\/#primaryimage\",\"url\":\"https:\/\/talenti.si\/wp-content\/uploads\/2012\/05\/keglji-one-dekor.jpg\",\"contentUrl\":\"https:\/\/talenti.si\/wp-content\/uploads\/2012\/05\/keglji-one-dekor.jpg\",\"width\":1000,\"height\":1000},{\"@type\":\"BreadcrumbList\",\"@id\":\"https:\/\/talenti.si\/it\/giocoleria\/clave\/one-dekor\/#breadcrumb\",\"itemListElement\":[{\"@type\":\"ListItem\",\"position\":1,\"name\":\"Home\",\"item\":\"https:\/\/talenti.si\/it\/\"},{\"@type\":\"ListItem\",\"position\":2,\"name\":\"Negozio\",\"item\":\"https:\/\/talenti.si\/it\/negozio\/\"},{\"@type\":\"ListItem\",\"position\":3,\"name\":\"One Dekor\"}]},{\"@type\":\"WebSite\",\"@id\":\"https:\/\/talenti.si\/it\/#website\",\"url\":\"https:\/\/talenti.si\/it\/\",\"name\":\"Talenti.si\",\"description\":\"Spletna trgovina za vse \u017eonglerje in podobne talente. Vse za \u017eongliranje, yoyo, frizbi, bumerang, kite... in \u0161e in \u0161e.\",\"publisher\":{\"@id\":\"https:\/\/talenti.si\/it\/#organization\"},\"potentialAction\":[{\"@type\":\"SearchAction\",\"target\":{\"@type\":\"EntryPoint\",\"urlTemplate\":\"https:\/\/talenti.si\/it\/?s={search_term_string}\"},\"query-input\":{\"@type\":\"PropertyValueSpecification\",\"valueRequired\":true,\"valueName\":\"search_term_string\"}}],\"inLanguage\":\"it-IT\"},{\"@type\":\"Organization\",\"@id\":\"https:\/\/talenti.si\/it\/#organization\",\"name\":\"Talenti.si\",\"url\":\"https:\/\/talenti.si\/it\/\",\"logo\":{\"@type\":\"ImageObject\",\"inLanguage\":\"it-IT\",\"@id\":\"https:\/\/talenti.si\/it\/#\/schema\/logo\/image\/\",\"url\":\"https:\/\/talenti.si\/wp-content\/uploads\/2021\/12\/logo-talent-pravi-dark.png\",\"contentUrl\":\"https:\/\/talenti.si\/wp-content\/uploads\/2021\/12\/logo-talent-pravi-dark.png\",\"width\":145,\"height\":83,\"caption\":\"Talenti.si\"},\"image\":{\"@id\":\"https:\/\/talenti.si\/it\/#\/schema\/logo\/image\/\"}}]}<\/script>\n<!-- \/ Yoast SEO plugin. -->","yoast_head_json":{"title":"One Dekor","description":"Come dice il nome, clave One Dekor sono fatte tutte in un pezzo Adatto per i principianti. Disponibile in diversi colori.","robots":{"index":"index","follow":"follow","max-snippet":"max-snippet:-1","max-image-preview":"max-image-preview:large","max-video-preview":"max-video-preview:-1"},"canonical":"https:\/\/talenti.si\/it\/giocoleria\/clave\/one-dekor\/","og_locale":"it_IT","og_type":"article","og_title":"One Dekor","og_description":"Come dice il nome, clave One Dekor sono fatte tutte in un pezzo Adatto per i principianti. Disponibile in diversi colori.","og_url":"https:\/\/talenti.si\/it\/giocoleria\/clave\/one-dekor\/","og_site_name":"Talenti.si","article_modified_time":"2023-07-02T14:45:45+00:00","og_image":[{"width":225,"height":225,"url":"https:\/\/talenti.si\/wp-content\/uploads\/2022\/01\/clubs.jpg","type":"image\/jpeg"}],"twitter_card":"summary_large_image","twitter_misc":{"Tempo di lettura stimato":"1 minuto"},"schema":{"@context":"https:\/\/schema.org","@graph":[{"@type":"WebPage","@id":"https:\/\/talenti.si\/it\/giocoleria\/clave\/one-dekor\/","url":"https:\/\/talenti.si\/it\/giocoleria\/clave\/one-dekor\/","name":"One Dekor","isPartOf":{"@id":"https:\/\/talenti.si\/it\/#website"},"primaryImageOfPage":{"@id":"https:\/\/talenti.si\/it\/giocoleria\/clave\/one-dekor\/#primaryimage"},"image":{"@id":"https:\/\/talenti.si\/it\/giocoleria\/clave\/one-dekor\/#primaryimage"},"thumbnailUrl":"https:\/\/talenti.si\/wp-content\/uploads\/2012\/05\/keglji-one-dekor.jpg","datePublished":"2012-05-08T11:49:36+00:00","dateModified":"2023-07-02T14:45:45+00:00","description":"Come dice il nome, clave One Dekor sono fatte tutte in un pezzo Adatto per i principianti. Disponibile in diversi colori.","breadcrumb":{"@id":"https:\/\/talenti.si\/it\/giocoleria\/clave\/one-dekor\/#breadcrumb"},"inLanguage":"it-IT","potentialAction":[{"@type":"ReadAction","target":["https:\/\/talenti.si\/it\/giocoleria\/clave\/one-dekor\/"]}]},{"@type":"ImageObject","inLanguage":"it-IT","@id":"https:\/\/talenti.si\/it\/giocoleria\/clave\/one-dekor\/#primaryimage","url":"https:\/\/talenti.si\/wp-content\/uploads\/2012\/05\/keglji-one-dekor.jpg","contentUrl":"https:\/\/talenti.si\/wp-content\/uploads\/2012\/05\/keglji-one-dekor.jpg","width":1000,"height":1000},{"@type":"BreadcrumbList","@id":"https:\/\/talenti.si\/it\/giocoleria\/clave\/one-dekor\/#breadcrumb","itemListElement":[{"@type":"ListItem","position":1,"name":"Home","item":"https:\/\/talenti.si\/it\/"},{"@type":"ListItem","position":2,"name":"Negozio","item":"https:\/\/talenti.si\/it\/negozio\/"},{"@type":"ListItem","position":3,"name":"One Dekor"}]},{"@type":"WebSite","@id":"https:\/\/talenti.si\/it\/#website","url":"https:\/\/talenti.si\/it\/","name":"Talenti.si","description":"Spletna trgovina za vse \u017eonglerje in podobne talente. Vse za \u017eongliranje, yoyo, frizbi, bumerang, kite... in \u0161e in \u0161e.","publisher":{"@id":"https:\/\/talenti.si\/it\/#organization"},"potentialAction":[{"@type":"SearchAction","target":{"@type":"EntryPoint","urlTemplate":"https:\/\/talenti.si\/it\/?s={search_term_string}"},"query-input":{"@type":"PropertyValueSpecification","valueRequired":true,"valueName":"search_term_string"}}],"inLanguage":"it-IT"},{"@type":"Organization","@id":"https:\/\/talenti.si\/it\/#organization","name":"Talenti.si","url":"https:\/\/talenti.si\/it\/","logo":{"@type":"ImageObject","inLanguage":"it-IT","@id":"https:\/\/talenti.si\/it\/#\/schema\/logo\/image\/","url":"https:\/\/talenti.si\/wp-content\/uploads\/2021\/12\/logo-talent-pravi-dark.png","contentUrl":"https:\/\/talenti.si\/wp-content\/uploads\/2021\/12\/logo-talent-pravi-dark.png","width":145,"height":83,"caption":"Talenti.si"},"image":{"@id":"https:\/\/talenti.si\/it\/#\/schema\/logo\/image\/"}}]}},"brands":[{"id":2077,"name":"Juggle Dream","slug":"juggle-dream-it"}],"_links":{"self":[{"href":"https:\/\/talenti.si\/it\/wp-json\/wp\/v2\/product\/25666","targetHints":{"allow":["GET"]}}],"collection":[{"href":"https:\/\/talenti.si\/it\/wp-json\/wp\/v2\/product"}],"about":[{"href":"https:\/\/talenti.si\/it\/wp-json\/wp\/v2\/types\/product"}],"replies":[{"embeddable":true,"href":"https:\/\/talenti.si\/it\/wp-json\/wp\/v2\/comments?post=25666"}],"wp:featuredmedia":[{"embeddable":true,"href":"https:\/\/talenti.si\/it\/wp-json\/wp\/v2\/media\/38803"}],"wp:attachment":[{"href":"https:\/\/talenti.si\/it\/wp-json\/wp\/v2\/media?parent=25666"}],"wp:term":[{"taxonomy":"pwb-brand","embeddable":true,"href":"https:\/\/talenti.si\/it\/wp-json\/wp\/v2\/pwb-brand?post=25666"},{"taxonomy":"product_brand","embeddable":true,"href":"https:\/\/talenti.si\/it\/wp-json\/wp\/v2\/product_brand?post=25666"},{"taxonomy":"product_cat","embeddable":true,"href":"https:\/\/talenti.si\/it\/wp-json\/wp\/v2\/product_cat?post=25666"},{"taxonomy":"product_tag","embeddable":true,"href":"https:\/\/talenti.si\/it\/wp-json\/wp\/v2\/product_tag?post=25666"}],"curies":[{"name":"wp","href":"https:\/\/api.w.org\/{rel}","templated":true}]}}